{"id":53064,"date":"2025-11-05T10:13:58","date_gmt":"2025-11-05T09:13:58","guid":{"rendered":"https:\/\/muchogusto.nl\/product\/mucho-gusto-scarf-genova-soft-weave\/"},"modified":"2026-03-02T12:02:38","modified_gmt":"2026-03-02T11:02:38","slug":"mucho-gusto-schal-genova-soft-weave","status":"publish","type":"product","link":"https:\/\/muchogusto.nl\/nl\/product\/mucho-gusto-schal-genova-soft-weave\/","title":{"rendered":"MUCHO GUSTO\u00ae Schal Genova Soft Weave"},"content":{"rendered":"<h3 data-start=\"3548\" data-end=\"3573\">DETAILS ZUM PRODUKT<\/h3>\n<p data-start=\"3574\" data-end=\"3614\"><strong data-start=\"3574\" data-end=\"3614\">MUCHO GUSTO\u00ae Schal Genova Soft Weave<\/strong><\/p>\n<p data-start=\"3616\" data-end=\"3845\">Der <strong data-start=\"3620\" data-end=\"3659\">MUCHO GUSTO Schal Genova Soft Weave<\/strong> vereint Gem\u00fctlichkeit mit stilvoller Eleganz. Gefertigt aus 100 % Polyester, besticht dieser gro\u00dfe, dreieckige Schal durch ein gedrucktes Strickmuster in sanften Ros\u00e9- und Cremet\u00f6nen.<\/p>\n<p data-start=\"3847\" data-end=\"4131\">Dar\u00fcber hinaus f\u00fchlt sich der <strong data-start=\"3877\" data-end=\"3916\">MUCHO GUSTO Schal Genova Soft Weave<\/strong> besonders weich an und f\u00e4llt geschmeidig. Das feine Muster vermittelt W\u00e4rme und Struktur, w\u00e4hrend die Farben f\u00fcr feminine Raffinesse sorgen. Au\u00dferdem passt er ideal zu legeren und eleganten Outfits gleicherma\u00dfen.<\/p>\n<p data-start=\"4133\" data-end=\"4203\">Ein Dutch Design Accessoire, das Komfort und Stil perfekt verbindet.<\/p>\n<p data-start=\"4205\" data-end=\"4423\"><strong data-start=\"4205\" data-end=\"4221\">Dutch Design<\/strong><br data-start=\"4221\" data-end=\"4224\" \/><strong data-start=\"4224\" data-end=\"4237\">Material:<\/strong> 100 % Polyester<br data-start=\"4253\" data-end=\"4256\" \/><strong data-start=\"4256\" data-end=\"4265\">Ma\u00dfe:<\/strong> 220 \u00d7 140 \u00d7 140 cm<br data-start=\"4284\" data-end=\"4287\" \/><strong data-start=\"4287\" data-end=\"4296\">Form:<\/strong> Dreieckig<br data-start=\"4306\" data-end=\"4309\" \/><strong data-start=\"4309\" data-end=\"4320\">Design:<\/strong> Gedruckte Strickoptik mit sanften Kontrasten<br data-start=\"4365\" data-end=\"4368\" \/><strong data-start=\"4368\" data-end=\"4384\">Farbpalette:<\/strong> Ros\u00e9, Creme, Taupe, Schokoladenbraun<\/p>\n<h3 data-start=\"4425\" data-end=\"4447\">PASSENDE ARTIKEL<\/h3>\n<p data-start=\"4448\" data-end=\"4740\">Kombinieren Sie Ihr Outfit mit einem unserer passenden <a class=\"decorated-link\" href=\"https:\/\/muchogusto.nl\/clothing\/\" target=\"_new\" rel=\"noopener\" data-start=\"4503\" data-end=\"4548\">Bekleidung<\/a>.<br data-start=\"4549\" data-end=\"4552\" \/>M\u00f6chten Sie weitere <a class=\"decorated-link cursor-pointer\" target=\"_new\" rel=\"noopener\" data-start=\"4572\" data-end=\"4610\">Schals<\/a> entdecken?<br data-start=\"4621\" data-end=\"4624\" \/>Oder suchen Sie nach mehr Inspiration? Besuchen Sie uns auf <a class=\"decorated-link\" href=\"https:\/\/www.instagram.com\/muchogusto.nl\/\" target=\"_new\" rel=\"noopener\" data-start=\"4684\" data-end=\"4737\">Instagram<\/a>.<\/p>\n<h3 data-start=\"4742\" data-end=\"4767\">BRAUCHEN SIE HILFE?<\/h3>\n<p data-start=\"4768\" data-end=\"4900\">Wenn Sie Fragen zu diesem Artikel oder zur Gr\u00f6\u00dfe haben, wenden Sie sich bitte an unser Customer Care Team unter <a class=\"decorated-link cursor-pointer\" rel=\"noopener\" data-start=\"4880\" data-end=\"4897\">web@muchogusto.nl<\/a>.<\/p>\n","protected":false},"excerpt":{"rendered":"<p>DETAILS ZUM PRODUKT MUCHO GUSTO\u00ae Schal Genova Soft Weave Der MUCHO GUSTO Schal Genova Soft Weave vereint Gem\u00fctlichkeit mit stilvoller Eleganz. Gefertigt aus 100 % Polyester, besticht dieser gro\u00dfe, dreieckige Schal durch ein gedrucktes Strickmuster in sanften Ros\u00e9- und Cremet\u00f6nen. Dar\u00fcber hinaus f\u00fchlt sich der MUCHO GUSTO Schal Genova Soft Weave besonders weich an und [&hellip;]<\/p>\n","protected":false},"featured_media":53061,"comment_status":"open","ping_status":"closed","template":"","meta":{"_acf_changed":false,"inline_featured_image":false,"navigation_state":false,"_genesis_hide_title":false,"_genesis_hide_breadcrumbs":false,"_genesis_hide_singular_image":false,"_genesis_hide_footer_widgets":false,"_genesis_custom_body_class":"","_genesis_custom_post_class":"","_genesis_layout":""},"product_brand":[],"product_cat":[86],"product_tag":[],"class_list":{"0":"post-53064","1":"product","2":"type-product","3":"status-publish","4":"has-post-thumbnail","6":"product_cat-sjaals","7":"entry","9":"first","10":"instock","11":"sale","12":"taxable","13":"shipping-taxable","14":"purchasable","15":"product-type-simple"},"acf":[],"yoast_head":"<!-- This site is optimized with the Yoast SEO Premium plugin v27.2 (Yoast SEO v27.2) - https:\/\/yoast.com\/product\/yoast-seo-premium-wordpress\/ -->\n<title>MUCHO GUSTO\u00ae Schal Genova Soft Weave - Mucho Gusto<\/title>\n<meta name=\"description\" content=\"MUCHO GUSTO Schal Genova \u2013 ein dreieckiger Schal mit Strickmuster-Print in Ros\u00e9 und Creme. Dutch Design trifft auf kuschelige Eleganz.\" \/>\n<meta name=\"robots\" content=\"index, follow, max-snippet:-1, max-image-preview:large, max-video-preview:-1\" \/>\n<link rel=\"canonical\" href=\"https:\/\/muchogusto.nl\/nl\/product\/mucho-gusto-schal-genova-soft-weave\/\" \/>\n<meta property=\"og:locale\" content=\"nl_NL\" \/>\n<meta property=\"og:type\" content=\"article\" \/>\n<meta property=\"og:title\" content=\"MUCHO GUSTO\u00ae Schal Genova Soft Weave\" \/>\n<meta property=\"og:description\" content=\"MUCHO GUSTO Schal Genova \u2013 ein dreieckiger Schal mit Strickmuster-Print in Ros\u00e9 und Creme. Dutch Design trifft auf kuschelige Eleganz.\" \/>\n<meta property=\"og:url\" content=\"https:\/\/muchogusto.nl\/nl\/product\/mucho-gusto-schal-genova-soft-weave\/\" \/>\n<meta property=\"og:site_name\" content=\"Mucho Gusto\" \/>\n<meta property=\"article:publisher\" content=\"https:\/\/www.facebook.com\/muchogusto.nl\/\" \/>\n<meta property=\"article:modified_time\" content=\"2026-03-02T11:02:38+00:00\" \/>\n<meta property=\"og:image\" content=\"https:\/\/muchogusto.nl\/wp-content\/uploads\/2025\/11\/S52GEN040-scaled.jpg\" \/>\n\t<meta property=\"og:image:width\" content=\"1920\" \/>\n\t<meta property=\"og:image:height\" content=\"2560\" \/>\n\t<meta property=\"og:image:type\" content=\"image\/jpeg\" \/>\n<meta name=\"twitter:card\" content=\"summary_large_image\" \/>\n<meta name=\"twitter:label1\" content=\"Est. reading time\" \/>\n\t<meta name=\"twitter:data1\" content=\"1 minute\" \/>\n<script type=\"application\/ld+json\" class=\"yoast-schema-graph\">{\"@context\":\"https:\/\/schema.org\",\"@graph\":[{\"@type\":\"WebPage\",\"@id\":\"https:\/\/muchogusto.nl\/nl\/product\/mucho-gusto-schal-genova-soft-weave\/\",\"url\":\"https:\/\/muchogusto.nl\/nl\/product\/mucho-gusto-schal-genova-soft-weave\/\",\"name\":\"MUCHO GUSTO\u00ae Schal Genova Soft Weave - Mucho Gusto\",\"isPartOf\":{\"@id\":\"https:\/\/muchogusto.nl\/#website\"},\"primaryImageOfPage\":{\"@id\":\"https:\/\/muchogusto.nl\/nl\/product\/mucho-gusto-schal-genova-soft-weave\/#primaryimage\"},\"image\":{\"@id\":\"https:\/\/muchogusto.nl\/nl\/product\/mucho-gusto-schal-genova-soft-weave\/#primaryimage\"},\"thumbnailUrl\":\"https:\/\/muchogusto.nl\/wp-content\/uploads\/2025\/11\/S52GEN040-scaled.jpg\",\"datePublished\":\"2025-11-05T09:13:58+00:00\",\"dateModified\":\"2026-03-02T11:02:38+00:00\",\"description\":\"MUCHO GUSTO Schal Genova \u2013 ein dreieckiger Schal mit Strickmuster-Print in Ros\u00e9 und Creme. Dutch Design trifft auf kuschelige Eleganz.\",\"breadcrumb\":{\"@id\":\"https:\/\/muchogusto.nl\/nl\/product\/mucho-gusto-schal-genova-soft-weave\/#breadcrumb\"},\"inLanguage\":\"nl-NL\",\"potentialAction\":[{\"@type\":\"ReadAction\",\"target\":[\"https:\/\/muchogusto.nl\/nl\/product\/mucho-gusto-schal-genova-soft-weave\/\"]}]},{\"@type\":\"ImageObject\",\"inLanguage\":\"nl-NL\",\"@id\":\"https:\/\/muchogusto.nl\/nl\/product\/mucho-gusto-schal-genova-soft-weave\/#primaryimage\",\"url\":\"https:\/\/muchogusto.nl\/wp-content\/uploads\/2025\/11\/S52GEN040-scaled.jpg\",\"contentUrl\":\"https:\/\/muchogusto.nl\/wp-content\/uploads\/2025\/11\/S52GEN040-scaled.jpg\",\"width\":1920,\"height\":2560},{\"@type\":\"BreadcrumbList\",\"@id\":\"https:\/\/muchogusto.nl\/nl\/product\/mucho-gusto-schal-genova-soft-weave\/#breadcrumb\",\"itemListElement\":[{\"@type\":\"ListItem\",\"position\":1,\"name\":\"Home\",\"item\":\"https:\/\/muchogusto.nl\/nl\/\"},{\"@type\":\"ListItem\",\"position\":2,\"name\":\"Winkel\",\"item\":\"https:\/\/muchogusto.nl\/nl\/winkel\/\"},{\"@type\":\"ListItem\",\"position\":3,\"name\":\"MUCHO GUSTO\u00ae Schal Genova Soft Weave\"}]},{\"@type\":\"WebSite\",\"@id\":\"https:\/\/muchogusto.nl\/#website\",\"url\":\"https:\/\/muchogusto.nl\/\",\"name\":\"muchogusto.nl\",\"description\":\"\",\"publisher\":{\"@id\":\"https:\/\/muchogusto.nl\/#organization\"},\"potentialAction\":[{\"@type\":\"SearchAction\",\"target\":{\"@type\":\"EntryPoint\",\"urlTemplate\":\"https:\/\/muchogusto.nl\/?s={search_term_string}\"},\"query-input\":{\"@type\":\"PropertyValueSpecification\",\"valueRequired\":true,\"valueName\":\"search_term_string\"}}],\"inLanguage\":\"nl-NL\"},{\"@type\":\"Organization\",\"@id\":\"https:\/\/muchogusto.nl\/#organization\",\"name\":\"Mucho Gusto\",\"url\":\"https:\/\/muchogusto.nl\/\",\"logo\":{\"@type\":\"ImageObject\",\"inLanguage\":\"nl-NL\",\"@id\":\"https:\/\/muchogusto.nl\/#\/schema\/logo\/image\/\",\"url\":\"https:\/\/muchogusto.nl\/wp-content\/uploads\/2022\/08\/logo_header.svg\",\"contentUrl\":\"https:\/\/muchogusto.nl\/wp-content\/uploads\/2022\/08\/logo_header.svg\",\"caption\":\"Mucho Gusto\"},\"image\":{\"@id\":\"https:\/\/muchogusto.nl\/#\/schema\/logo\/image\/\"},\"sameAs\":[\"https:\/\/www.facebook.com\/muchogusto.nl\/\",\"https:\/\/www.instagram.com\/muchogusto.nl\/\"]}]}<\/script>\n<!-- \/ Yoast SEO Premium plugin. -->","yoast_head_json":{"title":"MUCHO GUSTO\u00ae Schal Genova Soft Weave - Mucho Gusto","description":"MUCHO GUSTO Schal Genova \u2013 ein dreieckiger Schal mit Strickmuster-Print in Ros\u00e9 und Creme. Dutch Design trifft auf kuschelige Eleganz.","robots":{"index":"index","follow":"follow","max-snippet":"max-snippet:-1","max-image-preview":"max-image-preview:large","max-video-preview":"max-video-preview:-1"},"canonical":"https:\/\/muchogusto.nl\/nl\/product\/mucho-gusto-schal-genova-soft-weave\/","og_locale":"nl_NL","og_type":"article","og_title":"MUCHO GUSTO\u00ae Schal Genova Soft Weave","og_description":"MUCHO GUSTO Schal Genova \u2013 ein dreieckiger Schal mit Strickmuster-Print in Ros\u00e9 und Creme. Dutch Design trifft auf kuschelige Eleganz.","og_url":"https:\/\/muchogusto.nl\/nl\/product\/mucho-gusto-schal-genova-soft-weave\/","og_site_name":"Mucho Gusto","article_publisher":"https:\/\/www.facebook.com\/muchogusto.nl\/","article_modified_time":"2026-03-02T11:02:38+00:00","og_image":[{"width":1920,"height":2560,"url":"https:\/\/muchogusto.nl\/wp-content\/uploads\/2025\/11\/S52GEN040-scaled.jpg","type":"image\/jpeg"}],"twitter_card":"summary_large_image","twitter_misc":{"Est. reading time":"1 minute"},"schema":{"@context":"https:\/\/schema.org","@graph":[{"@type":"WebPage","@id":"https:\/\/muchogusto.nl\/nl\/product\/mucho-gusto-schal-genova-soft-weave\/","url":"https:\/\/muchogusto.nl\/nl\/product\/mucho-gusto-schal-genova-soft-weave\/","name":"MUCHO GUSTO\u00ae Schal Genova Soft Weave - Mucho Gusto","isPartOf":{"@id":"https:\/\/muchogusto.nl\/#website"},"primaryImageOfPage":{"@id":"https:\/\/muchogusto.nl\/nl\/product\/mucho-gusto-schal-genova-soft-weave\/#primaryimage"},"image":{"@id":"https:\/\/muchogusto.nl\/nl\/product\/mucho-gusto-schal-genova-soft-weave\/#primaryimage"},"thumbnailUrl":"https:\/\/muchogusto.nl\/wp-content\/uploads\/2025\/11\/S52GEN040-scaled.jpg","datePublished":"2025-11-05T09:13:58+00:00","dateModified":"2026-03-02T11:02:38+00:00","description":"MUCHO GUSTO Schal Genova \u2013 ein dreieckiger Schal mit Strickmuster-Print in Ros\u00e9 und Creme. Dutch Design trifft auf kuschelige Eleganz.","breadcrumb":{"@id":"https:\/\/muchogusto.nl\/nl\/product\/mucho-gusto-schal-genova-soft-weave\/#breadcrumb"},"inLanguage":"nl-NL","potentialAction":[{"@type":"ReadAction","target":["https:\/\/muchogusto.nl\/nl\/product\/mucho-gusto-schal-genova-soft-weave\/"]}]},{"@type":"ImageObject","inLanguage":"nl-NL","@id":"https:\/\/muchogusto.nl\/nl\/product\/mucho-gusto-schal-genova-soft-weave\/#primaryimage","url":"https:\/\/muchogusto.nl\/wp-content\/uploads\/2025\/11\/S52GEN040-scaled.jpg","contentUrl":"https:\/\/muchogusto.nl\/wp-content\/uploads\/2025\/11\/S52GEN040-scaled.jpg","width":1920,"height":2560},{"@type":"BreadcrumbList","@id":"https:\/\/muchogusto.nl\/nl\/product\/mucho-gusto-schal-genova-soft-weave\/#breadcrumb","itemListElement":[{"@type":"ListItem","position":1,"name":"Home","item":"https:\/\/muchogusto.nl\/nl\/"},{"@type":"ListItem","position":2,"name":"Winkel","item":"https:\/\/muchogusto.nl\/nl\/winkel\/"},{"@type":"ListItem","position":3,"name":"MUCHO GUSTO\u00ae Schal Genova Soft Weave"}]},{"@type":"WebSite","@id":"https:\/\/muchogusto.nl\/#website","url":"https:\/\/muchogusto.nl\/","name":"muchogusto.nl","description":"","publisher":{"@id":"https:\/\/muchogusto.nl\/#organization"},"potentialAction":[{"@type":"SearchAction","target":{"@type":"EntryPoint","urlTemplate":"https:\/\/muchogusto.nl\/?s={search_term_string}"},"query-input":{"@type":"PropertyValueSpecification","valueRequired":true,"valueName":"search_term_string"}}],"inLanguage":"nl-NL"},{"@type":"Organization","@id":"https:\/\/muchogusto.nl\/#organization","name":"Mucho Gusto","url":"https:\/\/muchogusto.nl\/","logo":{"@type":"ImageObject","inLanguage":"nl-NL","@id":"https:\/\/muchogusto.nl\/#\/schema\/logo\/image\/","url":"https:\/\/muchogusto.nl\/wp-content\/uploads\/2022\/08\/logo_header.svg","contentUrl":"https:\/\/muchogusto.nl\/wp-content\/uploads\/2022\/08\/logo_header.svg","caption":"Mucho Gusto"},"image":{"@id":"https:\/\/muchogusto.nl\/#\/schema\/logo\/image\/"},"sameAs":["https:\/\/www.facebook.com\/muchogusto.nl\/","https:\/\/www.instagram.com\/muchogusto.nl\/"]}]}},"_links":{"self":[{"href":"https:\/\/muchogusto.nl\/nl\/wp-json\/wp\/v2\/product\/53064","targetHints":{"allow":["GET"]}}],"collection":[{"href":"https:\/\/muchogusto.nl\/nl\/wp-json\/wp\/v2\/product"}],"about":[{"href":"https:\/\/muchogusto.nl\/nl\/wp-json\/wp\/v2\/types\/product"}],"replies":[{"embeddable":true,"href":"https:\/\/muchogusto.nl\/nl\/wp-json\/wp\/v2\/comments?post=53064"}],"wp:featuredmedia":[{"embeddable":true,"href":"https:\/\/muchogusto.nl\/nl\/wp-json\/wp\/v2\/media\/53061"}],"wp:attachment":[{"href":"https:\/\/muchogusto.nl\/nl\/wp-json\/wp\/v2\/media?parent=53064"}],"wp:term":[{"taxonomy":"product_brand","embeddable":true,"href":"https:\/\/muchogusto.nl\/nl\/wp-json\/wp\/v2\/product_brand?post=53064"},{"taxonomy":"product_cat","embeddable":true,"href":"https:\/\/muchogusto.nl\/nl\/wp-json\/wp\/v2\/product_cat?post=53064"},{"taxonomy":"product_tag","embeddable":true,"href":"https:\/\/muchogusto.nl\/nl\/wp-json\/wp\/v2\/product_tag?post=53064"}],"curies":[{"name":"wp","href":"https:\/\/api.w.org\/{rel}","templated":true}]}}