{"id":45467,"date":"2025-06-06T11:53:35","date_gmt":"2025-06-06T09:53:35","guid":{"rendered":"http:\/\/muchogusto.nl\/?post_type=product&#038;p=45467"},"modified":"2026-03-02T12:02:38","modified_gmt":"2026-03-02T11:02:38","slug":"mucho-gusto-sjaal-st-tropez-zachte-patchwork-mix-print","status":"publish","type":"product","link":"https:\/\/muchogusto.nl\/nl\/product\/mucho-gusto-sjaal-st-tropez-zachte-patchwork-mix-print\/","title":{"rendered":"MUCHO GUSTO\u00ae Sjaal St. Tropez Zachte Patchwork Mix Print"},"content":{"rendered":"<h3>PRODUCTDETAILS<\/h3>\n<div class=\"flex max-w-full flex-col flex-grow\">\n<div class=\"min-h-8 text-message flex w-full flex-col items-end gap-2 whitespace-normal break-words [.text-message+&amp;]:mt-5\" dir=\"auto\" data-message-author-role=\"assistant\" data-message-id=\"d20d2942-b542-4d02-952d-1098fd050c21\" data-message-model-slug=\"gpt-4o\">\n<div class=\"flex w-full flex-col gap-1 empty:hidden first:pt-[3px]\">\n<div class=\"markdown prose w-full break-words dark:prose-invert light\">\n<div class=\"flex max-w-full flex-col flex-grow\">\n<div class=\"min-h-8 text-message flex w-full flex-col items-end gap-2 whitespace-normal break-words [.text-message+&amp;]:mt-5\" dir=\"auto\" data-message-author-role=\"assistant\" data-message-id=\"a71b404f-c0b7-4a6e-8b03-c700fed3d052\" data-message-model-slug=\"gpt-4o\">\n<div class=\"flex w-full flex-col gap-1 empty:hidden first:pt-[3px]\">\n<div class=\"markdown prose w-full break-words dark:prose-invert light\">\n<p data-start=\"0\" data-end=\"56\"><strong>MUCHO GUSTO\u00ae Sjaal St. Tropez Zachte Patchwork Mix Print<\/strong><\/p>\n<p>De <strong>MUCHO GUSTO\u00ae Sjaal St. Tropez Zachte Patchwork Mix Print<\/strong> is een eerbetoon aan moeiteloze elegantie en artistieke details. Deze luxueuze driehoekige sjaal heeft een delicaat cr\u00e8mekleurig patchworkontwerp, waarbij verschillende ingewikkelde patronen worden gecombineerd tot \u00e9\u00e9n harmonieuze compositie. Aan de achterkant zorgt een opvallende luipaardprint voor een speels contrast, waardoor het stuk een dynamische en modieuze uitstraling krijgt.<\/p>\n<p>De sjaal is gemaakt van 100% pure zijde en voelt zijdezacht aan. Hij valt luchtig en straalt verfijning uit. Dankzij het royale formaat van ongeveer 220 x 140 x 140 cm is hij veelzijdig te stylen: draag hem als omslagdoek, drapeer hem over je schouders of knoop hem vast als opvallend accessoire.<\/p>\n<p>De Scarf St. Tropez is gemaakt voor vrouwen die houden van verfijnde prints en opvallende afwerkingen. De sjaal combineert cr\u00e8me-, blauw-, groen-, geel- en roze tinten in een frisse, moderne variant op het klassieke patchworkontwerp.<\/p>\n<p><strong>Nederlands ontwerp<\/strong><br \/>\n<strong>Materiaal:<\/strong> 100% zijde<br \/>\n<strong>Afmetingen:<\/strong> ca. 220 x 140 x 140 cm<br \/>\n<strong>Kleur:<\/strong> cr\u00e8me met blauw, groen, roze en geel patchwork en luipaardprintdetails<\/p>\n<h3>BIJPASSENDE ITEMS<\/h3>\n<p class=\"p1\"><span class=\"s1\">Maak je look compleet met een van onze\u00a0<a href=\"https:\/\/muchogusto.nl\/nl\/blouses\/\"><span class=\"s2\">Blouses<\/span><\/a>.<br \/>\n<\/span><span class=\"s1\">Wil je meer kleding zien? Kijk dan op onze\u00a0<a href=\"https:\/\/muchogusto.nl\/nl\/kleding\/\"><span class=\"s2\">kledingpagina<\/span><\/a>.<br \/>\n<\/span><span class=\"s1\">Wil je meer inspiratie? Bekijk dan onze\u00a0<a href=\"http:\/\/instagram.com\/muchogusto.nl\"><span class=\"s2\">Instagram<\/span><\/a>\u00a0pagina.\u00a0<\/span><\/p>\n<h3>HULP NODIG?<\/h3>\n<p>Als je vragen hebt over dit artikel of de maat, mail dan onze klantenservice op\u00a0<a href=\"mailto:web@muchogusto.nl\"><span class=\"s2\">web@muchogusto.nl<\/span><\/a>.<\/p>\n<\/div>\n","protected":false},"excerpt":{"rendered":"<p class=\"ai-optimize-27\">This is a variable product.<\/p>\n","protected":false},"featured_media":44887,"comment_status":"open","ping_status":"closed","template":"","meta":{"_acf_changed":false,"inline_featured_image":false,"navigation_state":false,"_genesis_hide_title":false,"_genesis_hide_breadcrumbs":false,"_genesis_hide_singular_image":false,"_genesis_hide_footer_widgets":false,"_genesis_custom_body_class":"","_genesis_custom_post_class":"","_genesis_layout":""},"product_brand":[],"product_cat":[86],"product_tag":[],"class_list":{"0":"post-45467","1":"product","2":"type-product","3":"status-publish","4":"has-post-thumbnail","6":"product_cat-sjaals","7":"entry","9":"first","10":"instock","11":"sale","12":"featured","13":"taxable","14":"shipping-taxable","15":"purchasable","16":"product-type-simple"},"acf":[],"yoast_head":"<!-- This site is optimized with the Yoast SEO Premium plugin v27.2 (Yoast SEO v27.2) - https:\/\/yoast.com\/product\/yoast-seo-premium-wordpress\/ -->\n<title>MUCHO GUSTO\u00ae Sjaal St. Tropez Zachte Patchwork Mix Print<\/title>\n<meta name=\"description\" content=\"MUCHO GUSTO\u00ae Sjaal St. Tropez Zachte Patchwork Mix Print. Geniet van chique elegantie met de MUCHO GUSTO\u00ae sjaal van het fijnste materiaal.\" \/>\n<meta name=\"robots\" content=\"index, follow, max-snippet:-1, max-image-preview:large, max-video-preview:-1\" \/>\n<link rel=\"canonical\" href=\"https:\/\/muchogusto.nl\/nl\/product\/mucho-gusto-sjaal-st-tropez-zachte-patchwork-mix-print\/\" \/>\n<meta property=\"og:locale\" content=\"nl_NL\" \/>\n<meta property=\"og:type\" content=\"article\" \/>\n<meta property=\"og:title\" content=\"MUCHO GUSTO\u00ae Sjaal St. Tropez Zachte Patchwork Mix Print\" \/>\n<meta property=\"og:description\" content=\"MUCHO GUSTO\u00ae Sjaal St. Tropez Zachte Patchwork Mix Print. Geniet van chique elegantie met de MUCHO GUSTO\u00ae sjaal van het fijnste materiaal.\" \/>\n<meta property=\"og:url\" content=\"https:\/\/muchogusto.nl\/nl\/product\/mucho-gusto-sjaal-st-tropez-zachte-patchwork-mix-print\/\" \/>\n<meta property=\"og:site_name\" content=\"Mucho Gusto\" \/>\n<meta property=\"article:publisher\" content=\"https:\/\/www.facebook.com\/muchogusto.nl\/\" \/>\n<meta property=\"article:modified_time\" content=\"2026-03-02T11:02:38+00:00\" \/>\n<meta property=\"og:image\" content=\"https:\/\/muchogusto.nl\/wp-content\/uploads\/2025\/05\/S51STZ027-scaled.jpg\" \/>\n\t<meta property=\"og:image:width\" content=\"1920\" \/>\n\t<meta property=\"og:image:height\" content=\"2560\" \/>\n\t<meta property=\"og:image:type\" content=\"image\/jpeg\" \/>\n<meta name=\"twitter:card\" content=\"summary_large_image\" \/>\n<meta name=\"twitter:label1\" content=\"Est. reading time\" \/>\n\t<meta name=\"twitter:data1\" content=\"2 minutes\" \/>\n<script type=\"application\/ld+json\" class=\"yoast-schema-graph\">{\"@context\":\"https:\/\/schema.org\",\"@graph\":[{\"@type\":\"WebPage\",\"@id\":\"https:\/\/muchogusto.nl\/nl\/product\/mucho-gusto-sjaal-st-tropez-zachte-patchwork-mix-print\/\",\"url\":\"https:\/\/muchogusto.nl\/nl\/product\/mucho-gusto-sjaal-st-tropez-zachte-patchwork-mix-print\/\",\"name\":\"MUCHO GUSTO\u00ae Sjaal St. Tropez Zachte Patchwork Mix Print\",\"isPartOf\":{\"@id\":\"https:\/\/muchogusto.nl\/#website\"},\"primaryImageOfPage\":{\"@id\":\"https:\/\/muchogusto.nl\/nl\/product\/mucho-gusto-sjaal-st-tropez-zachte-patchwork-mix-print\/#primaryimage\"},\"image\":{\"@id\":\"https:\/\/muchogusto.nl\/nl\/product\/mucho-gusto-sjaal-st-tropez-zachte-patchwork-mix-print\/#primaryimage\"},\"thumbnailUrl\":\"https:\/\/muchogusto.nl\/wp-content\/uploads\/2025\/05\/S51STZ027-scaled.jpg\",\"datePublished\":\"2025-06-06T09:53:35+00:00\",\"dateModified\":\"2026-03-02T11:02:38+00:00\",\"description\":\"MUCHO GUSTO\u00ae Sjaal St. Tropez Zachte Patchwork Mix Print. Geniet van chique elegantie met de MUCHO GUSTO\u00ae sjaal van het fijnste materiaal.\",\"breadcrumb\":{\"@id\":\"https:\/\/muchogusto.nl\/nl\/product\/mucho-gusto-sjaal-st-tropez-zachte-patchwork-mix-print\/#breadcrumb\"},\"inLanguage\":\"nl-NL\",\"potentialAction\":[{\"@type\":\"ReadAction\",\"target\":[\"https:\/\/muchogusto.nl\/nl\/product\/mucho-gusto-sjaal-st-tropez-zachte-patchwork-mix-print\/\"]}]},{\"@type\":\"ImageObject\",\"inLanguage\":\"nl-NL\",\"@id\":\"https:\/\/muchogusto.nl\/nl\/product\/mucho-gusto-sjaal-st-tropez-zachte-patchwork-mix-print\/#primaryimage\",\"url\":\"https:\/\/muchogusto.nl\/wp-content\/uploads\/2025\/05\/S51STZ027-scaled.jpg\",\"contentUrl\":\"https:\/\/muchogusto.nl\/wp-content\/uploads\/2025\/05\/S51STZ027-scaled.jpg\",\"width\":1920,\"height\":2560,\"caption\":\"MUCHO GUSTO\u00ae Sjaal St. Tropez Zachte Patchwork Mix Print\"},{\"@type\":\"BreadcrumbList\",\"@id\":\"https:\/\/muchogusto.nl\/nl\/product\/mucho-gusto-sjaal-st-tropez-zachte-patchwork-mix-print\/#breadcrumb\",\"itemListElement\":[{\"@type\":\"ListItem\",\"position\":1,\"name\":\"Home\",\"item\":\"https:\/\/muchogusto.nl\/nl\/\"},{\"@type\":\"ListItem\",\"position\":2,\"name\":\"Winkel\",\"item\":\"https:\/\/muchogusto.nl\/nl\/winkel\/\"},{\"@type\":\"ListItem\",\"position\":3,\"name\":\"MUCHO GUSTO\u00ae Sjaal St. Tropez Zachte Patchwork Mix Print\"}]},{\"@type\":\"WebSite\",\"@id\":\"https:\/\/muchogusto.nl\/#website\",\"url\":\"https:\/\/muchogusto.nl\/\",\"name\":\"muchogusto.nl\",\"description\":\"\",\"publisher\":{\"@id\":\"https:\/\/muchogusto.nl\/#organization\"},\"potentialAction\":[{\"@type\":\"SearchAction\",\"target\":{\"@type\":\"EntryPoint\",\"urlTemplate\":\"https:\/\/muchogusto.nl\/?s={search_term_string}\"},\"query-input\":{\"@type\":\"PropertyValueSpecification\",\"valueRequired\":true,\"valueName\":\"search_term_string\"}}],\"inLanguage\":\"nl-NL\"},{\"@type\":\"Organization\",\"@id\":\"https:\/\/muchogusto.nl\/#organization\",\"name\":\"Mucho Gusto\",\"url\":\"https:\/\/muchogusto.nl\/\",\"logo\":{\"@type\":\"ImageObject\",\"inLanguage\":\"nl-NL\",\"@id\":\"https:\/\/muchogusto.nl\/#\/schema\/logo\/image\/\",\"url\":\"https:\/\/muchogusto.nl\/wp-content\/uploads\/2022\/08\/logo_header.svg\",\"contentUrl\":\"https:\/\/muchogusto.nl\/wp-content\/uploads\/2022\/08\/logo_header.svg\",\"caption\":\"Mucho Gusto\"},\"image\":{\"@id\":\"https:\/\/muchogusto.nl\/#\/schema\/logo\/image\/\"},\"sameAs\":[\"https:\/\/www.facebook.com\/muchogusto.nl\/\",\"https:\/\/www.instagram.com\/muchogusto.nl\/\"]}]}<\/script>\n<!-- \/ Yoast SEO Premium plugin. -->","yoast_head_json":{"title":"MUCHO GUSTO\u00ae Sjaal St. Tropez Zachte Patchwork Mix Print","description":"MUCHO GUSTO\u00ae Sjaal St. Tropez Zachte Patchwork Mix Print. Geniet van chique elegantie met de MUCHO GUSTO\u00ae sjaal van het fijnste materiaal.","robots":{"index":"index","follow":"follow","max-snippet":"max-snippet:-1","max-image-preview":"max-image-preview:large","max-video-preview":"max-video-preview:-1"},"canonical":"https:\/\/muchogusto.nl\/nl\/product\/mucho-gusto-sjaal-st-tropez-zachte-patchwork-mix-print\/","og_locale":"nl_NL","og_type":"article","og_title":"MUCHO GUSTO\u00ae Sjaal St. Tropez Zachte Patchwork Mix Print","og_description":"MUCHO GUSTO\u00ae Sjaal St. Tropez Zachte Patchwork Mix Print. Geniet van chique elegantie met de MUCHO GUSTO\u00ae sjaal van het fijnste materiaal.","og_url":"https:\/\/muchogusto.nl\/nl\/product\/mucho-gusto-sjaal-st-tropez-zachte-patchwork-mix-print\/","og_site_name":"Mucho Gusto","article_publisher":"https:\/\/www.facebook.com\/muchogusto.nl\/","article_modified_time":"2026-03-02T11:02:38+00:00","og_image":[{"width":1920,"height":2560,"url":"https:\/\/muchogusto.nl\/wp-content\/uploads\/2025\/05\/S51STZ027-scaled.jpg","type":"image\/jpeg"}],"twitter_card":"summary_large_image","twitter_misc":{"Est. reading time":"2 minutes"},"schema":{"@context":"https:\/\/schema.org","@graph":[{"@type":"WebPage","@id":"https:\/\/muchogusto.nl\/nl\/product\/mucho-gusto-sjaal-st-tropez-zachte-patchwork-mix-print\/","url":"https:\/\/muchogusto.nl\/nl\/product\/mucho-gusto-sjaal-st-tropez-zachte-patchwork-mix-print\/","name":"MUCHO GUSTO\u00ae Sjaal St. Tropez Zachte Patchwork Mix Print","isPartOf":{"@id":"https:\/\/muchogusto.nl\/#website"},"primaryImageOfPage":{"@id":"https:\/\/muchogusto.nl\/nl\/product\/mucho-gusto-sjaal-st-tropez-zachte-patchwork-mix-print\/#primaryimage"},"image":{"@id":"https:\/\/muchogusto.nl\/nl\/product\/mucho-gusto-sjaal-st-tropez-zachte-patchwork-mix-print\/#primaryimage"},"thumbnailUrl":"https:\/\/muchogusto.nl\/wp-content\/uploads\/2025\/05\/S51STZ027-scaled.jpg","datePublished":"2025-06-06T09:53:35+00:00","dateModified":"2026-03-02T11:02:38+00:00","description":"MUCHO GUSTO\u00ae Sjaal St. Tropez Zachte Patchwork Mix Print. Geniet van chique elegantie met de MUCHO GUSTO\u00ae sjaal van het fijnste materiaal.","breadcrumb":{"@id":"https:\/\/muchogusto.nl\/nl\/product\/mucho-gusto-sjaal-st-tropez-zachte-patchwork-mix-print\/#breadcrumb"},"inLanguage":"nl-NL","potentialAction":[{"@type":"ReadAction","target":["https:\/\/muchogusto.nl\/nl\/product\/mucho-gusto-sjaal-st-tropez-zachte-patchwork-mix-print\/"]}]},{"@type":"ImageObject","inLanguage":"nl-NL","@id":"https:\/\/muchogusto.nl\/nl\/product\/mucho-gusto-sjaal-st-tropez-zachte-patchwork-mix-print\/#primaryimage","url":"https:\/\/muchogusto.nl\/wp-content\/uploads\/2025\/05\/S51STZ027-scaled.jpg","contentUrl":"https:\/\/muchogusto.nl\/wp-content\/uploads\/2025\/05\/S51STZ027-scaled.jpg","width":1920,"height":2560,"caption":"MUCHO GUSTO\u00ae Sjaal St. Tropez Zachte Patchwork Mix Print"},{"@type":"BreadcrumbList","@id":"https:\/\/muchogusto.nl\/nl\/product\/mucho-gusto-sjaal-st-tropez-zachte-patchwork-mix-print\/#breadcrumb","itemListElement":[{"@type":"ListItem","position":1,"name":"Home","item":"https:\/\/muchogusto.nl\/nl\/"},{"@type":"ListItem","position":2,"name":"Winkel","item":"https:\/\/muchogusto.nl\/nl\/winkel\/"},{"@type":"ListItem","position":3,"name":"MUCHO GUSTO\u00ae Sjaal St. Tropez Zachte Patchwork Mix Print"}]},{"@type":"WebSite","@id":"https:\/\/muchogusto.nl\/#website","url":"https:\/\/muchogusto.nl\/","name":"muchogusto.nl","description":"","publisher":{"@id":"https:\/\/muchogusto.nl\/#organization"},"potentialAction":[{"@type":"SearchAction","target":{"@type":"EntryPoint","urlTemplate":"https:\/\/muchogusto.nl\/?s={search_term_string}"},"query-input":{"@type":"PropertyValueSpecification","valueRequired":true,"valueName":"search_term_string"}}],"inLanguage":"nl-NL"},{"@type":"Organization","@id":"https:\/\/muchogusto.nl\/#organization","name":"Mucho Gusto","url":"https:\/\/muchogusto.nl\/","logo":{"@type":"ImageObject","inLanguage":"nl-NL","@id":"https:\/\/muchogusto.nl\/#\/schema\/logo\/image\/","url":"https:\/\/muchogusto.nl\/wp-content\/uploads\/2022\/08\/logo_header.svg","contentUrl":"https:\/\/muchogusto.nl\/wp-content\/uploads\/2022\/08\/logo_header.svg","caption":"Mucho Gusto"},"image":{"@id":"https:\/\/muchogusto.nl\/#\/schema\/logo\/image\/"},"sameAs":["https:\/\/www.facebook.com\/muchogusto.nl\/","https:\/\/www.instagram.com\/muchogusto.nl\/"]}]}},"_links":{"self":[{"href":"https:\/\/muchogusto.nl\/nl\/wp-json\/wp\/v2\/product\/45467","targetHints":{"allow":["GET"]}}],"collection":[{"href":"https:\/\/muchogusto.nl\/nl\/wp-json\/wp\/v2\/product"}],"about":[{"href":"https:\/\/muchogusto.nl\/nl\/wp-json\/wp\/v2\/types\/product"}],"replies":[{"embeddable":true,"href":"https:\/\/muchogusto.nl\/nl\/wp-json\/wp\/v2\/comments?post=45467"}],"wp:featuredmedia":[{"embeddable":true,"href":"https:\/\/muchogusto.nl\/nl\/wp-json\/wp\/v2\/media\/44887"}],"wp:attachment":[{"href":"https:\/\/muchogusto.nl\/nl\/wp-json\/wp\/v2\/media?parent=45467"}],"wp:term":[{"taxonomy":"product_brand","embeddable":true,"href":"https:\/\/muchogusto.nl\/nl\/wp-json\/wp\/v2\/product_brand?post=45467"},{"taxonomy":"product_cat","embeddable":true,"href":"https:\/\/muchogusto.nl\/nl\/wp-json\/wp\/v2\/product_cat?post=45467"},{"taxonomy":"product_tag","embeddable":true,"href":"https:\/\/muchogusto.nl\/nl\/wp-json\/wp\/v2\/product_tag?post=45467"}],"curies":[{"name":"wp","href":"https:\/\/api.w.org\/{rel}","templated":true}]}}