{"id":5489,"date":"2022-08-18T10:42:55","date_gmt":"2022-08-18T08:42:55","guid":{"rendered":"http:\/\/muchogusto.nl\/shipping-and-returns\/"},"modified":"2026-04-01T16:29:14","modified_gmt":"2026-04-01T14:29:14","slug":"verzending-en-retourzendingen","status":"publish","type":"page","link":"https:\/\/muchogusto.nl\/nl\/verzending-en-retourzendingen\/","title":{"rendered":"Verzending en retourzendingen"},"content":{"rendered":"\n<p><strong>VERZENDING &amp; LEVERING<\/strong><\/p>\n\n\n\n<p>Uw bestelling wordt verzonden via UPS. Zodra uw pakket ons magazijn heeft verlaten, ontvangt u een e-mail met uw trackingcode, zodat u de status van de zending op elk moment kunt volgen.<\/p>\n\n\n\n<p>We leveren momenteel naar de volgende landen: Nederland, Belgi\u00eb, Duitsland, Oostenrijk, Bulgarije, Tsjechi\u00eb, Kroati\u00eb, Denemarken, Estland, Finland, Frankrijk, Griekenland, Hongarije, Ierland, Itali\u00eb, Litouwen, Luxemburg, Malta, Polen, Portugal, Roemeni\u00eb, Slowakije, Sloveni\u00eb, Spanje, Zweden, Zwitserland, de VS en Letland.<\/p>\n\n\n\n<p>De levertijden kunnen per land verschillen. Leveringen naar Nederland, Duitsland en Belgi\u00eb duren doorgaans 1-3 werkdagen na het plaatsen van je bestelling. Leveringen naar andere EU-landen kunnen 3-4 werkdagen duren. Leveringen naar Zwitserland en de VS kunnen 4-8 werkdagen duren.<\/p>\n\n\n\n<p>MUCHO GUSTO verzendt GRATIS binnen Europa. Voor goederen die buiten Europa worden verzonden, worden extra verzend- en administratiekosten in rekening gebracht. Bij het afrekenen worden deze kosten aan je winkelwagen toegevoegd.<\/p>\n\n\n\n<p><br><strong>RETOURZENDINGEN<\/strong><\/p>\n\n\n\n<p><strong><br>HOE EEN ARTIKEL OF VOLLEDIGE BESTELLING RETOURNEREN<br><\/strong>We hopen dat u tevreden bent met uw bestelling. Als u om welke reden dan ook niet volledig tevreden bent,<br>kunt u binnen 14 dagen na ontvangst alle aankopen (inclusief afgeprijsde artikelen) retourneren.<\/p>\n\n\n\n<p><strong>Stap 1:<\/strong> Gebruik het bijgevoegde retourformulier om aan te geven welk(e) item(s) u wilt retourneren en de reden daarvoor.<\/p>\n\n\n\n<p><strong>Stap 2:<\/strong> Voeg het formulier voor omruiling en retournering samen met de item(s) die u wilt retourneren in de originele verpakking. De artikelen moeten in dezelfde staat worden geretourneerd als waarin ze zijn ontvangen: ongedragen,<br>ongewassen, zonder enige wijzigingen en samen met alle labels en accessoires. Kleding gekocht op www.muchogusto.nl kan niet worden geretourneerd in een winkel.<\/p>\n\n\n\n<p><strong>Stap 3:<\/strong> Plak uw eigen retourlabel op het pakket en zorg ervoor dat de artikelen goed verpakt zijn. De kosten en verantwoordelijkheid voor de retourzending zijn volledig voor rekening van de klant.<br><br>U kunt een vervoerder naar keuze selecteren en het pakket afgeven bij een servicepunt bij u in de buurt.<\/p>\n\n\n\n<p>We raden altijd aan om een verzending met track &amp; trace te gebruiken en uw verzendbewijs te bewaren totdat de retourzending volledig is verwerkt.<\/p>\n\n\n\n<p><strong>Stap 4:<\/strong> Zodra we het pakket hebben ontvangen, bevestigen we de ontvangst. Alle goedgekeurde retourzendingen worden zo snel mogelijk terugbetaald via<br>dezelfde betaalmethode als bij de oorspronkelijke aankoop.<\/p>\n\n\n\n<p><strong>Gratis omruilbeleid<br><\/strong>Bij MUCHO GUSTO\u00ae begrijpen we dat een aankoop soms niet helemaal aan je verwachtingen voldoet.<\/p>\n\n\n\n<p>Wilt u liever een andere maat, kleur of een ander artikel? Wij helpen u graag.<\/p>\n\n\n\n<p><strong>Ruil uw artikel gratis om<br><\/strong>Als u uw aankoop wilt ruilen voor een andere maat, kleur of een ander artikel van onze website, bieden wij een<br>gratis omruilservice zonder extra kosten.<\/p>\n\n\n\n<p>Neem contact op met onze klantenservice via <a href=\"mailto:web@muchogusto.nl\">web@muchogusto.nl<\/a><\/p>\n\n\n\n<p><\/p>\n\n\n\n<p><\/p>\n\n\n\n<figure class=\"wp-block-image size-full\"><a href=\"http:\/\/muchogusto.nl\/wp-content\/uploads\/2026\/04\/Returnform2023_NL.pdf\"><img decoding=\"async\" width=\"500\" height=\"100\" src=\"http:\/\/muchogusto.nl\/wp-content\/uploads\/2023\/10\/Download_retour_form.jpg\" alt=\"\" class=\"wp-image-13075\" srcset=\"https:\/\/muchogusto.nl\/wp-content\/uploads\/2023\/10\/Download_retour_form.jpg 500w, https:\/\/muchogusto.nl\/wp-content\/uploads\/2023\/10\/Download_retour_form-300x60.jpg 300w\" sizes=\"(max-width: 500px) 100vw, 500px\" \/><\/a><\/figure>\n\n\n\n<p><\/p>\n\n\n\n<p><\/p>\n","protected":false},"excerpt":{"rendered":"<p>VERZENDING &amp; LEVERING Uw bestelling wordt verzonden via UPS. Zodra uw pakket ons magazijn heeft verlaten, ontvangt u een e-mail met uw trackingcode, zodat u de status van de zending op elk moment kunt volgen. We leveren momenteel naar de volgende landen: Nederland, Belgi\u00eb, Duitsland, Oostenrijk, Bulgarije, Tsjechi\u00eb, Kroati\u00eb, Denemarken, Estland, Finland, Frankrijk, Griekenland, Hongarije, [&hellip;]<\/p>\n","protected":false},"author":1,"featured_media":0,"parent":0,"menu_order":0,"comment_status":"closed","ping_status":"closed","template":"","meta":{"_acf_changed":false,"inline_featured_image":false,"navigation_state":false,"_genesis_hide_title":false,"_genesis_hide_breadcrumbs":false,"_genesis_hide_singular_image":false,"_genesis_hide_footer_widgets":false,"_genesis_custom_body_class":"","_genesis_custom_post_class":"","_genesis_layout":"","footnotes":""},"class_list":{"0":"post-5489","1":"page","2":"type-page","3":"status-publish","5":"entry"},"acf":[],"yoast_head":"<!-- This site is optimized with the Yoast SEO Premium plugin v27.2 (Yoast SEO v27.2) - https:\/\/yoast.com\/product\/yoast-seo-premium-wordpress\/ -->\n<title>MUCHO GUSTO\u00ae | Verzending en retourzendingen<\/title>\n<meta name=\"robots\" content=\"index, follow, max-snippet:-1, max-image-preview:large, max-video-preview:-1\" \/>\n<link rel=\"canonical\" href=\"https:\/\/muchogusto.nl\/nl\/verzending-en-retourzendingen\/\" \/>\n<meta property=\"og:locale\" content=\"nl_NL\" \/>\n<meta property=\"og:type\" content=\"article\" \/>\n<meta property=\"og:title\" content=\"Verzending en retourzendingen\" \/>\n<meta property=\"og:description\" content=\"VERZENDING &amp; LEVERING Uw bestelling wordt verzonden via UPS. Zodra uw pakket ons magazijn heeft verlaten, ontvangt u een e-mail met uw trackingcode, zodat u de status van de zending op elk moment kunt volgen. We leveren momenteel naar de volgende landen: Nederland, Belgi\u00eb, Duitsland, Oostenrijk, Bulgarije, Tsjechi\u00eb, Kroati\u00eb, Denemarken, Estland, Finland, Frankrijk, Griekenland, Hongarije, [&hellip;]\" \/>\n<meta property=\"og:url\" content=\"https:\/\/muchogusto.nl\/nl\/verzending-en-retourzendingen\/\" \/>\n<meta property=\"og:site_name\" content=\"Mucho Gusto\" \/>\n<meta property=\"article:publisher\" content=\"https:\/\/www.facebook.com\/muchogusto.nl\/\" \/>\n<meta property=\"article:modified_time\" content=\"2026-04-01T14:29:14+00:00\" \/>\n<meta property=\"og:image\" content=\"https:\/\/muchogusto.nl\/wp-content\/uploads\/2023\/10\/Download_retour_form.jpg\" \/>\n\t<meta property=\"og:image:width\" content=\"500\" \/>\n\t<meta property=\"og:image:height\" content=\"100\" \/>\n\t<meta property=\"og:image:type\" content=\"image\/jpeg\" \/>\n<meta name=\"twitter:card\" content=\"summary_large_image\" \/>\n<meta name=\"twitter:label1\" content=\"Est. reading time\" \/>\n\t<meta name=\"twitter:data1\" content=\"3 minutes\" \/>\n<script type=\"application\/ld+json\" class=\"yoast-schema-graph\">{\"@context\":\"https:\/\/schema.org\",\"@graph\":[{\"@type\":\"WebPage\",\"@id\":\"https:\/\/muchogusto.nl\/nl\/verzending-en-retourzendingen\/\",\"url\":\"https:\/\/muchogusto.nl\/nl\/verzending-en-retourzendingen\/\",\"name\":\"MUCHO GUSTO\u00ae | Verzending en retourzendingen\",\"isPartOf\":{\"@id\":\"https:\/\/muchogusto.nl\/#website\"},\"primaryImageOfPage\":{\"@id\":\"https:\/\/muchogusto.nl\/nl\/verzending-en-retourzendingen\/#primaryimage\"},\"image\":{\"@id\":\"https:\/\/muchogusto.nl\/nl\/verzending-en-retourzendingen\/#primaryimage\"},\"thumbnailUrl\":\"http:\/\/muchogusto.nl\/wp-content\/uploads\/2023\/10\/Download_retour_form.jpg\",\"datePublished\":\"2022-08-18T08:42:55+00:00\",\"dateModified\":\"2026-04-01T14:29:14+00:00\",\"breadcrumb\":{\"@id\":\"https:\/\/muchogusto.nl\/nl\/verzending-en-retourzendingen\/#breadcrumb\"},\"inLanguage\":\"nl-NL\",\"potentialAction\":[{\"@type\":\"ReadAction\",\"target\":[\"https:\/\/muchogusto.nl\/nl\/verzending-en-retourzendingen\/\"]}]},{\"@type\":\"ImageObject\",\"inLanguage\":\"nl-NL\",\"@id\":\"https:\/\/muchogusto.nl\/nl\/verzending-en-retourzendingen\/#primaryimage\",\"url\":\"http:\/\/muchogusto.nl\/wp-content\/uploads\/2023\/10\/Download_retour_form.jpg\",\"contentUrl\":\"http:\/\/muchogusto.nl\/wp-content\/uploads\/2023\/10\/Download_retour_form.jpg\"},{\"@type\":\"BreadcrumbList\",\"@id\":\"https:\/\/muchogusto.nl\/nl\/verzending-en-retourzendingen\/#breadcrumb\",\"itemListElement\":[{\"@type\":\"ListItem\",\"position\":1,\"name\":\"Home\",\"item\":\"https:\/\/muchogusto.nl\/nl\/\"},{\"@type\":\"ListItem\",\"position\":2,\"name\":\"Verzending en retourzendingen\"}]},{\"@type\":\"WebSite\",\"@id\":\"https:\/\/muchogusto.nl\/#website\",\"url\":\"https:\/\/muchogusto.nl\/\",\"name\":\"muchogusto.nl\",\"description\":\"\",\"publisher\":{\"@id\":\"https:\/\/muchogusto.nl\/#organization\"},\"potentialAction\":[{\"@type\":\"SearchAction\",\"target\":{\"@type\":\"EntryPoint\",\"urlTemplate\":\"https:\/\/muchogusto.nl\/?s={search_term_string}\"},\"query-input\":{\"@type\":\"PropertyValueSpecification\",\"valueRequired\":true,\"valueName\":\"search_term_string\"}}],\"inLanguage\":\"nl-NL\"},{\"@type\":\"Organization\",\"@id\":\"https:\/\/muchogusto.nl\/#organization\",\"name\":\"Mucho Gusto\",\"url\":\"https:\/\/muchogusto.nl\/\",\"logo\":{\"@type\":\"ImageObject\",\"inLanguage\":\"nl-NL\",\"@id\":\"https:\/\/muchogusto.nl\/#\/schema\/logo\/image\/\",\"url\":\"https:\/\/muchogusto.nl\/wp-content\/uploads\/2022\/08\/logo_header.svg\",\"contentUrl\":\"https:\/\/muchogusto.nl\/wp-content\/uploads\/2022\/08\/logo_header.svg\",\"caption\":\"Mucho Gusto\"},\"image\":{\"@id\":\"https:\/\/muchogusto.nl\/#\/schema\/logo\/image\/\"},\"sameAs\":[\"https:\/\/www.facebook.com\/muchogusto.nl\/\",\"https:\/\/www.instagram.com\/muchogusto.nl\/\"]}]}<\/script>\n<!-- \/ Yoast SEO Premium plugin. -->","yoast_head_json":{"title":"MUCHO GUSTO\u00ae | Verzending en retourzendingen","robots":{"index":"index","follow":"follow","max-snippet":"max-snippet:-1","max-image-preview":"max-image-preview:large","max-video-preview":"max-video-preview:-1"},"canonical":"https:\/\/muchogusto.nl\/nl\/verzending-en-retourzendingen\/","og_locale":"nl_NL","og_type":"article","og_title":"Verzending en retourzendingen","og_description":"VERZENDING &amp; LEVERING Uw bestelling wordt verzonden via UPS. Zodra uw pakket ons magazijn heeft verlaten, ontvangt u een e-mail met uw trackingcode, zodat u de status van de zending op elk moment kunt volgen. We leveren momenteel naar de volgende landen: Nederland, Belgi\u00eb, Duitsland, Oostenrijk, Bulgarije, Tsjechi\u00eb, Kroati\u00eb, Denemarken, Estland, Finland, Frankrijk, Griekenland, Hongarije, [&hellip;]","og_url":"https:\/\/muchogusto.nl\/nl\/verzending-en-retourzendingen\/","og_site_name":"Mucho Gusto","article_publisher":"https:\/\/www.facebook.com\/muchogusto.nl\/","article_modified_time":"2026-04-01T14:29:14+00:00","og_image":[{"width":500,"height":100,"url":"https:\/\/muchogusto.nl\/wp-content\/uploads\/2023\/10\/Download_retour_form.jpg","type":"image\/jpeg"}],"twitter_card":"summary_large_image","twitter_misc":{"Est. reading time":"3 minutes"},"schema":{"@context":"https:\/\/schema.org","@graph":[{"@type":"WebPage","@id":"https:\/\/muchogusto.nl\/nl\/verzending-en-retourzendingen\/","url":"https:\/\/muchogusto.nl\/nl\/verzending-en-retourzendingen\/","name":"MUCHO GUSTO\u00ae | Verzending en retourzendingen","isPartOf":{"@id":"https:\/\/muchogusto.nl\/#website"},"primaryImageOfPage":{"@id":"https:\/\/muchogusto.nl\/nl\/verzending-en-retourzendingen\/#primaryimage"},"image":{"@id":"https:\/\/muchogusto.nl\/nl\/verzending-en-retourzendingen\/#primaryimage"},"thumbnailUrl":"http:\/\/muchogusto.nl\/wp-content\/uploads\/2023\/10\/Download_retour_form.jpg","datePublished":"2022-08-18T08:42:55+00:00","dateModified":"2026-04-01T14:29:14+00:00","breadcrumb":{"@id":"https:\/\/muchogusto.nl\/nl\/verzending-en-retourzendingen\/#breadcrumb"},"inLanguage":"nl-NL","potentialAction":[{"@type":"ReadAction","target":["https:\/\/muchogusto.nl\/nl\/verzending-en-retourzendingen\/"]}]},{"@type":"ImageObject","inLanguage":"nl-NL","@id":"https:\/\/muchogusto.nl\/nl\/verzending-en-retourzendingen\/#primaryimage","url":"http:\/\/muchogusto.nl\/wp-content\/uploads\/2023\/10\/Download_retour_form.jpg","contentUrl":"http:\/\/muchogusto.nl\/wp-content\/uploads\/2023\/10\/Download_retour_form.jpg"},{"@type":"BreadcrumbList","@id":"https:\/\/muchogusto.nl\/nl\/verzending-en-retourzendingen\/#breadcrumb","itemListElement":[{"@type":"ListItem","position":1,"name":"Home","item":"https:\/\/muchogusto.nl\/nl\/"},{"@type":"ListItem","position":2,"name":"Verzending en retourzendingen"}]},{"@type":"WebSite","@id":"https:\/\/muchogusto.nl\/#website","url":"https:\/\/muchogusto.nl\/","name":"muchogusto.nl","description":"","publisher":{"@id":"https:\/\/muchogusto.nl\/#organization"},"potentialAction":[{"@type":"SearchAction","target":{"@type":"EntryPoint","urlTemplate":"https:\/\/muchogusto.nl\/?s={search_term_string}"},"query-input":{"@type":"PropertyValueSpecification","valueRequired":true,"valueName":"search_term_string"}}],"inLanguage":"nl-NL"},{"@type":"Organization","@id":"https:\/\/muchogusto.nl\/#organization","name":"Mucho Gusto","url":"https:\/\/muchogusto.nl\/","logo":{"@type":"ImageObject","inLanguage":"nl-NL","@id":"https:\/\/muchogusto.nl\/#\/schema\/logo\/image\/","url":"https:\/\/muchogusto.nl\/wp-content\/uploads\/2022\/08\/logo_header.svg","contentUrl":"https:\/\/muchogusto.nl\/wp-content\/uploads\/2022\/08\/logo_header.svg","caption":"Mucho Gusto"},"image":{"@id":"https:\/\/muchogusto.nl\/#\/schema\/logo\/image\/"},"sameAs":["https:\/\/www.facebook.com\/muchogusto.nl\/","https:\/\/www.instagram.com\/muchogusto.nl\/"]}]}},"_links":{"self":[{"href":"https:\/\/muchogusto.nl\/nl\/wp-json\/wp\/v2\/pages\/5489","targetHints":{"allow":["GET"]}}],"collection":[{"href":"https:\/\/muchogusto.nl\/nl\/wp-json\/wp\/v2\/pages"}],"about":[{"href":"https:\/\/muchogusto.nl\/nl\/wp-json\/wp\/v2\/types\/page"}],"author":[{"embeddable":true,"href":"https:\/\/muchogusto.nl\/nl\/wp-json\/wp\/v2\/users\/1"}],"replies":[{"embeddable":true,"href":"https:\/\/muchogusto.nl\/nl\/wp-json\/wp\/v2\/comments?post=5489"}],"version-history":[{"count":2,"href":"https:\/\/muchogusto.nl\/nl\/wp-json\/wp\/v2\/pages\/5489\/revisions"}],"predecessor-version":[{"id":58250,"href":"https:\/\/muchogusto.nl\/nl\/wp-json\/wp\/v2\/pages\/5489\/revisions\/58250"}],"wp:attachment":[{"href":"https:\/\/muchogusto.nl\/nl\/wp-json\/wp\/v2\/media?parent=5489"}],"curies":[{"name":"wp","href":"https:\/\/api.w.org\/{rel}","templated":true}]}}