{"id":8810,"date":"2023-06-29T12:52:33","date_gmt":"2023-06-29T10:52:33","guid":{"rendered":"http:\/\/muchogusto.nl\/?post_type=product&#038;p=8810"},"modified":"2026-03-02T12:02:38","modified_gmt":"2026-03-02T11:02:38","slug":"bluse-giuliani-orange-pferdegebiss","status":"publish","type":"product","link":"https:\/\/muchogusto.nl\/de\/produkt\/bluse-giuliani-orange-pferdegebiss\/","title":{"rendered":"Bluse Giuliani Orange Pferdegebiss"},"content":{"rendered":"<h3>DETAILS ZUM PRODUKT<\/h3>\n<p>MUCHO GUSTO\u00ae Bluse Giuliani Orange Pferdegebiss. Diese Giuliani Orange Pferdegebiss Bluse ist eine charmante Wahl f\u00fcr die Arbeit oder das Wochenende. Die weiche und luftige Seide und die lockere Passform machen diese Bluse von MUCHO GUSTO\u00ae zur perfekten Wahl f\u00fcr ganzt\u00e4gigen Komfort. Diese zeitlose\u00a0Giuliani Bluse hat eine normale Passform.<\/p>\n<ul>\n<li>Dutch handmade<\/li>\n<li>Material: 97% Seide 3% EL<\/li>\n<li>Normale Passform<\/li>\n<li>Orange Pferdegebiss<\/li>\n<\/ul>\n<h3>PASSENDE ARTIKEL<\/h3>\n<p class=\"p1\"><span class=\"s1\">Vervollst\u00e4ndigen Sie Ihren Look mit einem passenden <a href=\"https:\/\/muchogusto.nl\/de\/schals\/\"><span class=\"s2\">Schal<\/span><\/a>.<\/span><\/p>\n<p class=\"p1\"><span class=\"s1\">M\u00f6chten Sie mehr Blusen sehen? Dann schauen Sie sich unsere <a href=\"https:\/\/muchogusto.nl\/de\/blusen\/\"><span class=\"s2\">Bekleidungsseite<\/span><\/a> an.\u00a0<\/span><\/p>\n<p class=\"p1\"><span class=\"s1\">M\u00f6chten Sie mehr Inspiration? Besuchen Sie unsere <a href=\"https:\/\/www.instagram.com\/muchogusto.nl\/\"><span class=\"s2\">Instagram<\/span><\/a>-Seite.\u00a0<\/span><\/p>\n<h3>BRAUCHEN SIE HILFE?<\/h3>\n<p>Wenn Sie Fragen zu diesem Artikel oder der Gr\u00f6\u00dfe haben, senden Sie eine E-Mail an unseren Kundenservice unter <a href=\"mailto:web@muchogusto.nl\"><span class=\"s2\">web@muchogusto.nl<\/span><\/a>.<\/p>\n<h3>GR\u00d6SSENTABELLEN<\/h3>\n<p>Unsere Gr\u00f6\u00dfen sind in europ\u00e4ischen Gr\u00f6\u00dfen angegeben. Sie k\u00f6nnen diese Gr\u00f6\u00dfen anhand der Tabellen <a href=\"https:\/\/muchogusto.nl\/de\/grossentabellen\/\">auf dieser Seite<\/a> leicht umrechnen. Die Passform kann je nach Stil oder pers\u00f6nlicher Vorliebe variieren.<\/p>\n","protected":false},"excerpt":{"rendered":"<p>This is a variable product.<\/p>\n","protected":false},"featured_media":8620,"comment_status":"open","ping_status":"closed","template":"","meta":{"_acf_changed":false,"inline_featured_image":false,"navigation_state":false,"_genesis_hide_title":false,"_genesis_hide_breadcrumbs":false,"_genesis_hide_singular_image":false,"_genesis_hide_footer_widgets":false,"_genesis_custom_body_class":"","_genesis_custom_post_class":"","_genesis_layout":""},"product_brand":[],"product_cat":[105],"product_tag":[],"class_list":{"0":"post-8810","1":"product","2":"type-product","3":"status-publish","4":"has-post-thumbnail","6":"product_cat-unkategorisiert","7":"entry","9":"first","10":"outofstock","11":"sale","12":"featured","13":"taxable","14":"shipping-taxable","15":"product-type-variable","16":"has-default-attributes"},"acf":[],"yoast_head":"<!-- This site is optimized with the Yoast SEO Premium plugin v27.2 (Yoast SEO v27.2) - https:\/\/yoast.com\/product\/yoast-seo-premium-wordpress\/ -->\n<title>MUCHO GUSTO\u00ae | Bluse Giuliani Orange Pferdegebiss<\/title>\n<meta name=\"description\" content=\"MUCHO GUSTO\u00ae Bluse Giuliani Orange Pferdegebiss. Diese Giuliani Bluse ist eine charmante Wahl f\u00fcr die Arbeit oder das Wochenende.\" \/>\n<meta name=\"robots\" content=\"index, follow, max-snippet:-1, max-image-preview:large, max-video-preview:-1\" \/>\n<link rel=\"canonical\" href=\"https:\/\/muchogusto.nl\/?post_type=product&p=8802\" \/>\n<meta property=\"og:locale\" content=\"de_DE\" \/>\n<meta property=\"og:type\" content=\"article\" \/>\n<meta property=\"og:title\" content=\"Bluse Giuliani Orange Pferdegebiss\" \/>\n<meta property=\"og:description\" content=\"MUCHO GUSTO\u00ae Bluse Giuliani Orange Pferdegebiss. Diese Giuliani Bluse ist eine charmante Wahl f\u00fcr die Arbeit oder das Wochenende.\" \/>\n<meta property=\"og:url\" content=\"https:\/\/muchogusto.nl\/?post_type=product&amp;p=8802\" \/>\n<meta property=\"og:site_name\" content=\"Mucho Gusto\" \/>\n<meta property=\"article:publisher\" content=\"https:\/\/www.facebook.com\/muchogusto.nl\/\" \/>\n<meta property=\"article:modified_time\" content=\"2026-03-02T11:02:38+00:00\" \/>\n<meta property=\"og:image\" content=\"https:\/\/muchogusto.nl\/wp-content\/uploads\/2023\/06\/C31GIU091-scaled.jpg\" \/>\n\t<meta property=\"og:image:width\" content=\"2560\" \/>\n\t<meta property=\"og:image:height\" content=\"2560\" \/>\n\t<meta property=\"og:image:type\" content=\"image\/jpeg\" \/>\n<meta name=\"twitter:card\" content=\"summary_large_image\" \/>\n<meta name=\"twitter:label1\" content=\"Est. reading time\" \/>\n\t<meta name=\"twitter:data1\" content=\"2 minutes\" \/>\n<script type=\"application\/ld+json\" class=\"yoast-schema-graph\">{\"@context\":\"https:\/\/schema.org\",\"@graph\":[{\"@type\":\"WebPage\",\"@id\":\"https:\/\/muchogusto.nl\/?post_type=product&p=8802\",\"url\":\"https:\/\/muchogusto.nl\/?post_type=product&p=8802\",\"name\":\"MUCHO GUSTO\u00ae | Bluse Giuliani Orange Pferdegebiss\",\"isPartOf\":{\"@id\":\"https:\/\/muchogusto.nl\/#website\"},\"primaryImageOfPage\":{\"@id\":\"https:\/\/muchogusto.nl\/?post_type=product&p=8802#primaryimage\"},\"image\":{\"@id\":\"https:\/\/muchogusto.nl\/?post_type=product&p=8802#primaryimage\"},\"thumbnailUrl\":\"https:\/\/muchogusto.nl\/wp-content\/uploads\/2023\/06\/C31GIU091-scaled.jpg\",\"datePublished\":\"2023-06-29T10:52:33+00:00\",\"dateModified\":\"2026-03-02T11:02:38+00:00\",\"description\":\"MUCHO GUSTO\u00ae Bluse Giuliani Orange Pferdegebiss. Diese Giuliani Bluse ist eine charmante Wahl f\u00fcr die Arbeit oder das Wochenende.\",\"breadcrumb\":{\"@id\":\"https:\/\/muchogusto.nl\/?post_type=product&p=8802#breadcrumb\"},\"inLanguage\":\"de-DE\",\"potentialAction\":[{\"@type\":\"ReadAction\",\"target\":[\"https:\/\/muchogusto.nl\/?post_type=product&p=8802\"]}]},{\"@type\":\"ImageObject\",\"inLanguage\":\"de-DE\",\"@id\":\"https:\/\/muchogusto.nl\/?post_type=product&p=8802#primaryimage\",\"url\":\"https:\/\/muchogusto.nl\/wp-content\/uploads\/2023\/06\/C31GIU091-scaled.jpg\",\"contentUrl\":\"https:\/\/muchogusto.nl\/wp-content\/uploads\/2023\/06\/C31GIU091-scaled.jpg\",\"width\":2560,\"height\":2560,\"caption\":\"MUCHO GUSTO\u00ae Bluse Giuliani Orange Pferdegebiss\"},{\"@type\":\"BreadcrumbList\",\"@id\":\"https:\/\/muchogusto.nl\/?post_type=product&p=8802#breadcrumb\",\"itemListElement\":[{\"@type\":\"ListItem\",\"position\":1,\"name\":\"Home\",\"item\":\"https:\/\/muchogusto.nl\/de\/\"},{\"@type\":\"ListItem\",\"position\":2,\"name\":\"Shop\",\"item\":\"https:\/\/muchogusto.nl\/de\/shop-2\/\"},{\"@type\":\"ListItem\",\"position\":3,\"name\":\"Bluse Giuliani Orange Pferdegebiss\"}]},{\"@type\":\"WebSite\",\"@id\":\"https:\/\/muchogusto.nl\/#website\",\"url\":\"https:\/\/muchogusto.nl\/\",\"name\":\"muchogusto.nl\",\"description\":\"\",\"publisher\":{\"@id\":\"https:\/\/muchogusto.nl\/#organization\"},\"potentialAction\":[{\"@type\":\"SearchAction\",\"target\":{\"@type\":\"EntryPoint\",\"urlTemplate\":\"https:\/\/muchogusto.nl\/?s={search_term_string}\"},\"query-input\":{\"@type\":\"PropertyValueSpecification\",\"valueRequired\":true,\"valueName\":\"search_term_string\"}}],\"inLanguage\":\"de-DE\"},{\"@type\":\"Organization\",\"@id\":\"https:\/\/muchogusto.nl\/#organization\",\"name\":\"Mucho Gusto\",\"url\":\"https:\/\/muchogusto.nl\/\",\"logo\":{\"@type\":\"ImageObject\",\"inLanguage\":\"de-DE\",\"@id\":\"https:\/\/muchogusto.nl\/#\/schema\/logo\/image\/\",\"url\":\"https:\/\/muchogusto.nl\/wp-content\/uploads\/2022\/08\/logo_header.svg\",\"contentUrl\":\"https:\/\/muchogusto.nl\/wp-content\/uploads\/2022\/08\/logo_header.svg\",\"caption\":\"Mucho Gusto\"},\"image\":{\"@id\":\"https:\/\/muchogusto.nl\/#\/schema\/logo\/image\/\"},\"sameAs\":[\"https:\/\/www.facebook.com\/muchogusto.nl\/\",\"https:\/\/www.instagram.com\/muchogusto.nl\/\"]}]}<\/script>\n<!-- \/ Yoast SEO Premium plugin. -->","yoast_head_json":{"title":"MUCHO GUSTO\u00ae | Bluse Giuliani Orange Pferdegebiss","description":"MUCHO GUSTO\u00ae Bluse Giuliani Orange Pferdegebiss. Diese Giuliani Bluse ist eine charmante Wahl f\u00fcr die Arbeit oder das Wochenende.","robots":{"index":"index","follow":"follow","max-snippet":"max-snippet:-1","max-image-preview":"max-image-preview:large","max-video-preview":"max-video-preview:-1"},"canonical":"https:\/\/muchogusto.nl\/?post_type=product&p=8802","og_locale":"de_DE","og_type":"article","og_title":"Bluse Giuliani Orange Pferdegebiss","og_description":"MUCHO GUSTO\u00ae Bluse Giuliani Orange Pferdegebiss. Diese Giuliani Bluse ist eine charmante Wahl f\u00fcr die Arbeit oder das Wochenende.","og_url":"https:\/\/muchogusto.nl\/?post_type=product&p=8802","og_site_name":"Mucho Gusto","article_publisher":"https:\/\/www.facebook.com\/muchogusto.nl\/","article_modified_time":"2026-03-02T11:02:38+00:00","og_image":[{"width":2560,"height":2560,"url":"https:\/\/muchogusto.nl\/wp-content\/uploads\/2023\/06\/C31GIU091-scaled.jpg","type":"image\/jpeg"}],"twitter_card":"summary_large_image","twitter_misc":{"Est. reading time":"2 minutes"},"schema":{"@context":"https:\/\/schema.org","@graph":[{"@type":"WebPage","@id":"https:\/\/muchogusto.nl\/?post_type=product&p=8802","url":"https:\/\/muchogusto.nl\/?post_type=product&p=8802","name":"MUCHO GUSTO\u00ae | Bluse Giuliani Orange Pferdegebiss","isPartOf":{"@id":"https:\/\/muchogusto.nl\/#website"},"primaryImageOfPage":{"@id":"https:\/\/muchogusto.nl\/?post_type=product&p=8802#primaryimage"},"image":{"@id":"https:\/\/muchogusto.nl\/?post_type=product&p=8802#primaryimage"},"thumbnailUrl":"https:\/\/muchogusto.nl\/wp-content\/uploads\/2023\/06\/C31GIU091-scaled.jpg","datePublished":"2023-06-29T10:52:33+00:00","dateModified":"2026-03-02T11:02:38+00:00","description":"MUCHO GUSTO\u00ae Bluse Giuliani Orange Pferdegebiss. Diese Giuliani Bluse ist eine charmante Wahl f\u00fcr die Arbeit oder das Wochenende.","breadcrumb":{"@id":"https:\/\/muchogusto.nl\/?post_type=product&p=8802#breadcrumb"},"inLanguage":"de-DE","potentialAction":[{"@type":"ReadAction","target":["https:\/\/muchogusto.nl\/?post_type=product&p=8802"]}]},{"@type":"ImageObject","inLanguage":"de-DE","@id":"https:\/\/muchogusto.nl\/?post_type=product&p=8802#primaryimage","url":"https:\/\/muchogusto.nl\/wp-content\/uploads\/2023\/06\/C31GIU091-scaled.jpg","contentUrl":"https:\/\/muchogusto.nl\/wp-content\/uploads\/2023\/06\/C31GIU091-scaled.jpg","width":2560,"height":2560,"caption":"MUCHO GUSTO\u00ae Bluse Giuliani Orange Pferdegebiss"},{"@type":"BreadcrumbList","@id":"https:\/\/muchogusto.nl\/?post_type=product&p=8802#breadcrumb","itemListElement":[{"@type":"ListItem","position":1,"name":"Home","item":"https:\/\/muchogusto.nl\/de\/"},{"@type":"ListItem","position":2,"name":"Shop","item":"https:\/\/muchogusto.nl\/de\/shop-2\/"},{"@type":"ListItem","position":3,"name":"Bluse Giuliani Orange Pferdegebiss"}]},{"@type":"WebSite","@id":"https:\/\/muchogusto.nl\/#website","url":"https:\/\/muchogusto.nl\/","name":"muchogusto.nl","description":"","publisher":{"@id":"https:\/\/muchogusto.nl\/#organization"},"potentialAction":[{"@type":"SearchAction","target":{"@type":"EntryPoint","urlTemplate":"https:\/\/muchogusto.nl\/?s={search_term_string}"},"query-input":{"@type":"PropertyValueSpecification","valueRequired":true,"valueName":"search_term_string"}}],"inLanguage":"de-DE"},{"@type":"Organization","@id":"https:\/\/muchogusto.nl\/#organization","name":"Mucho Gusto","url":"https:\/\/muchogusto.nl\/","logo":{"@type":"ImageObject","inLanguage":"de-DE","@id":"https:\/\/muchogusto.nl\/#\/schema\/logo\/image\/","url":"https:\/\/muchogusto.nl\/wp-content\/uploads\/2022\/08\/logo_header.svg","contentUrl":"https:\/\/muchogusto.nl\/wp-content\/uploads\/2022\/08\/logo_header.svg","caption":"Mucho Gusto"},"image":{"@id":"https:\/\/muchogusto.nl\/#\/schema\/logo\/image\/"},"sameAs":["https:\/\/www.facebook.com\/muchogusto.nl\/","https:\/\/www.instagram.com\/muchogusto.nl\/"]}]}},"_links":{"self":[{"href":"https:\/\/muchogusto.nl\/de\/wp-json\/wp\/v2\/product\/8810","targetHints":{"allow":["GET"]}}],"collection":[{"href":"https:\/\/muchogusto.nl\/de\/wp-json\/wp\/v2\/product"}],"about":[{"href":"https:\/\/muchogusto.nl\/de\/wp-json\/wp\/v2\/types\/product"}],"replies":[{"embeddable":true,"href":"https:\/\/muchogusto.nl\/de\/wp-json\/wp\/v2\/comments?post=8810"}],"wp:featuredmedia":[{"embeddable":true,"href":"https:\/\/muchogusto.nl\/de\/wp-json\/wp\/v2\/media\/8620"}],"wp:attachment":[{"href":"https:\/\/muchogusto.nl\/de\/wp-json\/wp\/v2\/media?parent=8810"}],"wp:term":[{"taxonomy":"product_brand","embeddable":true,"href":"https:\/\/muchogusto.nl\/de\/wp-json\/wp\/v2\/product_brand?post=8810"},{"taxonomy":"product_cat","embeddable":true,"href":"https:\/\/muchogusto.nl\/de\/wp-json\/wp\/v2\/product_cat?post=8810"},{"taxonomy":"product_tag","embeddable":true,"href":"https:\/\/muchogusto.nl\/de\/wp-json\/wp\/v2\/product_tag?post=8810"}],"curies":[{"name":"wp","href":"https:\/\/api.w.org\/{rel}","templated":true}]}}