{"id":58666,"date":"2026-05-12T15:36:49","date_gmt":"2026-05-12T13:36:49","guid":{"rendered":"https:\/\/muchogusto.nl\/?post_type=product&#038;p=58666"},"modified":"2026-05-13T10:38:51","modified_gmt":"2026-05-13T08:38:51","slug":"mucho-gusto-poncho-benirras-mosaic-bloom","status":"publish","type":"product","link":"https:\/\/muchogusto.nl\/de\/produkt\/mucho-gusto-poncho-benirras-mosaic-bloom\/","title":{"rendered":"MUCHO GUSTO\u00ae Poncho Benirras Mosaic Bloom"},"content":{"rendered":"<h3>DETAILS ZUM PRODUKT<\/h3>\n<p data-start=\"0\" data-end=\"51\"><strong>MUCHO GUSTO\u00ae Poncho Benirras Mosaic Bloom<\/strong><\/p>\n<p>Der <strong>MUCHO GUSTO\u00ae Poncho Benirras Mosaic Bloom<\/strong>\u00a0ist ein luxuri\u00f6ses Statement-St\u00fcck aus 100 % Seide. Er besticht durch einen leichten, flie\u00dfenden Fall und einen weichen, eleganten Griff. Dieser Poncho wurde f\u00fcr die moderne Frau entworfen, die Farbe, Eleganz und Individualit\u00e4t liebt, und vereint auf lebendige Weise niederl\u00e4ndisches Design mit raffinierter Handwerkskunst.<\/p>\n<p>Der Druck ist eine wundersch\u00f6ne Verschmelzung von mosaikinspirierten Details, strahlenden floralen Elementen und \u00fcppigen ornamentalen Akzenten. In der Mitte bildet ein zartes Design in Lavendel- und Violettt\u00f6nen mit Sonnenstrahlen einen auff\u00e4lligen Blickfang. Um ihn herum sorgen zarte Blumenmotive, goldene Zierdetails und grafische Formen f\u00fcr Tiefe und Bewegung. Die lebendige Farbpalette vereint Rosa-, Magenta-, T\u00fcrkis-, K\u00f6nigsblau-, Gelb-, Flieder- und warme Goldt\u00f6ne. Zusammen ergeben diese Farben einen fr\u00f6hlichen und zugleich raffinierten Look.<\/p>\n<p>Die Bord\u00fcren verleihen dem Poncho seinen starken visuellen Charakter. Ein leuchtend pinkfarbener Rand umrahmt das Design wundersch\u00f6n, w\u00e4hrend kontrastierende blaue und gelbe Seiteneins\u00e4tze ein verspieltes mediterranes Flair verleihen. Die Mischung aus Mosaikmustern, floralen Details und kr\u00e4ftigen Farbbl\u00f6cken macht diesen Poncho sowohl k\u00fcnstlerisch als auch feminin.<\/p>\n<p>Der MUCHO GUSTO\u00ae Poncho Benirras Mosaic Bloom Print ist in Einheitsgr\u00f6\u00dfe erh\u00e4ltlich und l\u00e4sst sich leicht stylen. Tragen Sie ihn \u00fcber Jeans f\u00fcr einen entspannten Tageslook oder kombinieren Sie ihn mit einer eleganten Hose f\u00fcr ein raffiniertes Sommeroutfit. Dank des leichten Seidenstoffs und der gro\u00dfz\u00fcgigen Form f\u00e4llt er wundersch\u00f6n \u00fcber den K\u00f6rper und schafft eine m\u00fchelose Silhouette.<\/p>\n<p data-start=\"1506\" data-end=\"1731\" data-is-last-node=\"\" data-is-only-node=\"\"><strong>Niederl\u00e4ndisches Design<\/strong><br \/>\n<strong>Material:<\/strong> 100 % Seide<br \/>\n<strong>Ma\u00dfe:<\/strong> ca. 70 x 140 cm<br \/>\n<strong>Passform:<\/strong> locker und flie\u00dfend, Einheitsgr\u00f6\u00dfe<br \/>\n<strong>Muster:<\/strong> von Mosaiken inspiriert, blumig, farbenfroh und ornamental<br \/>\n<strong>Detail:<\/strong> leuchtend rosa Rand mit kontrastierenden Eins\u00e4tzen in Blau und Gelb<\/p>\n<div class=\"summary\">\n<div class=\"tccContent\">\n<h3>PASSENDE ARTIKEL<\/h3>\n<p class=\"p2\"><span class=\"s1\">Vervollst\u00e4ndigen Sie Ihren Look mit einem passenden\u00a0<a href=\"https:\/\/muchogusto.nl\/de\/schals\/\"><span class=\"s2\">Schal<\/span><\/a>.<br \/>\n<\/span><span class=\"s1\">M\u00f6chten Sie mehr Blusen sehen? Dann schauen Sie sich unsere\u00a0<a href=\"https:\/\/muchogusto.nl\/de\/blusen\/\"><span class=\"s2\">Bekleidungsseite<\/span><\/a>\u00a0an.<br \/>\n<\/span><span class=\"s1\">M\u00f6chten Sie mehr Inspiration? Besuchen Sie unsere\u00a0<a href=\"https:\/\/www.instagram.com\/muchogusto.nl\/\"><span class=\"s2\">Instagram<\/span><\/a>-Seite.\u00a0<\/span><\/p>\n<h3>BRAUCHEN SIE HILFE?<\/h3>\n<p>Wenn Sie Fragen zu diesem Artikel oder der Gr\u00f6\u00dfe haben, senden Sie eine E-Mail an unseren Kundenservice unter<a href=\"http:\/\/muchogusto.nl\/de\/\"><span class=\"s2\">web@muchogusto.nl.<\/span><\/a><\/p>\n<h3>GR\u00d6SSENTABELLEN<\/h3>\n<p>Unsere Gr\u00f6\u00dfen sind in europ\u00e4ischen Gr\u00f6\u00dfen angegeben. Sie k\u00f6nnen diese Gr\u00f6\u00dfen anhand der Tabellen\u00a0<a href=\"https:\/\/muchogusto.nl\/de\/grossentabellen\/\">auf dieser Seite<\/a> leicht umrechnen. Die Passform kann je nach Stil oder pers\u00f6nlicher Vorliebe variieren.<\/p>\n<\/div>\n<\/div>\n<section class=\"related products\"><\/section>\n","protected":false},"excerpt":{"rendered":"<p>DETAILS ZUM PRODUKT MUCHO GUSTO\u00ae Poncho Benirras Mosaic Bloom Der MUCHO GUSTO\u00ae Poncho Benirras Mosaic Bloom\u00a0ist ein luxuri\u00f6ses Statement-St\u00fcck aus 100 % Seide. Er besticht durch einen leichten, flie\u00dfenden Fall und einen weichen, eleganten Griff. Dieser Poncho wurde f\u00fcr die moderne Frau entworfen, die Farbe, Eleganz und Individualit\u00e4t liebt, und vereint auf lebendige Weise niederl\u00e4ndisches [&hellip;]<\/p>\n","protected":false},"featured_media":58670,"comment_status":"open","ping_status":"closed","template":"","meta":{"_acf_changed":false,"inline_featured_image":false,"navigation_state":false,"_genesis_hide_title":false,"_genesis_hide_breadcrumbs":false,"_genesis_hide_singular_image":false,"_genesis_hide_footer_widgets":false,"_genesis_custom_body_class":"","_genesis_custom_post_class":"","_genesis_layout":""},"product_brand":[],"product_cat":[69,85,3296],"product_tag":[],"class_list":{"0":"post-58666","1":"product","2":"type-product","3":"status-publish","4":"has-post-thumbnail","6":"product_cat-kleidung","7":"product_cat-neu","8":"product_cat-ponchos-de","9":"entry","11":"first","12":"instock","13":"taxable","14":"shipping-taxable","15":"purchasable","16":"product-type-simple"},"acf":[],"yoast_head":"<!-- This site is optimized with the Yoast SEO Premium plugin v27.2 (Yoast SEO v27.2) - https:\/\/yoast.com\/product\/yoast-seo-premium-wordpress\/ -->\n<title>MUCHO GUSTO\u00ae Poncho Benirras Mosaic Bloom Print<\/title>\n<meta name=\"description\" content=\"MUCHO GUSTO\u00ae Poncho Benirras Mosaic Bloom Print \u2013 ein Poncho aus 100% Seide mit farbenfrohem Mosaik-Blumendruck. Dutch Design.\" \/>\n<meta name=\"robots\" content=\"index, follow, max-snippet:-1, max-image-preview:large, max-video-preview:-1\" \/>\n<link rel=\"canonical\" href=\"https:\/\/muchogusto.nl\/de\/produkt\/mucho-gusto-poncho-benirras-mosaic-bloom\/\" \/>\n<meta property=\"og:locale\" content=\"de_DE\" \/>\n<meta property=\"og:type\" content=\"article\" \/>\n<meta property=\"og:title\" content=\"MUCHO GUSTO\u00ae Poncho Benirras Mosaic Bloom\" \/>\n<meta property=\"og:description\" content=\"MUCHO GUSTO\u00ae Poncho Benirras Mosaic Bloom Print \u2013 ein Poncho aus 100% Seide mit farbenfrohem Mosaik-Blumendruck. Dutch Design.\" \/>\n<meta property=\"og:url\" content=\"https:\/\/muchogusto.nl\/de\/produkt\/mucho-gusto-poncho-benirras-mosaic-bloom\/\" \/>\n<meta property=\"og:site_name\" content=\"Mucho Gusto\" \/>\n<meta property=\"article:publisher\" content=\"https:\/\/www.facebook.com\/muchogusto.nl\/\" \/>\n<meta property=\"article:modified_time\" content=\"2026-05-13T08:38:51+00:00\" \/>\n<meta property=\"og:image\" content=\"http:\/\/muchogusto.nl\/wp-content\/uploads\/2026\/05\/C61BEN102-1-scaled.jpg\" \/>\n\t<meta property=\"og:image:width\" content=\"1920\" \/>\n\t<meta property=\"og:image:height\" content=\"2560\" \/>\n\t<meta property=\"og:image:type\" content=\"image\/jpeg\" \/>\n<meta name=\"twitter:card\" content=\"summary_large_image\" \/>\n<meta name=\"twitter:label1\" content=\"Est. reading time\" \/>\n\t<meta name=\"twitter:data1\" content=\"2 minutes\" \/>\n<script type=\"application\/ld+json\" class=\"yoast-schema-graph\">{\"@context\":\"https:\/\/schema.org\",\"@graph\":[{\"@type\":\"WebPage\",\"@id\":\"https:\/\/muchogusto.nl\/de\/produkt\/mucho-gusto-poncho-benirras-mosaic-bloom\/\",\"url\":\"https:\/\/muchogusto.nl\/de\/produkt\/mucho-gusto-poncho-benirras-mosaic-bloom\/\",\"name\":\"MUCHO GUSTO\u00ae Poncho Benirras Mosaic Bloom Print\",\"isPartOf\":{\"@id\":\"https:\/\/muchogusto.nl\/#website\"},\"primaryImageOfPage\":{\"@id\":\"https:\/\/muchogusto.nl\/de\/produkt\/mucho-gusto-poncho-benirras-mosaic-bloom\/#primaryimage\"},\"image\":{\"@id\":\"https:\/\/muchogusto.nl\/de\/produkt\/mucho-gusto-poncho-benirras-mosaic-bloom\/#primaryimage\"},\"thumbnailUrl\":\"https:\/\/muchogusto.nl\/wp-content\/uploads\/2026\/05\/C61BEN102-1-scaled.jpg\",\"datePublished\":\"2026-05-12T13:36:49+00:00\",\"dateModified\":\"2026-05-13T08:38:51+00:00\",\"description\":\"MUCHO GUSTO\u00ae Poncho Benirras Mosaic Bloom Print \u2013 ein Poncho aus 100% Seide mit farbenfrohem Mosaik-Blumendruck. Dutch Design.\",\"breadcrumb\":{\"@id\":\"https:\/\/muchogusto.nl\/de\/produkt\/mucho-gusto-poncho-benirras-mosaic-bloom\/#breadcrumb\"},\"inLanguage\":\"de-DE\",\"potentialAction\":[{\"@type\":\"ReadAction\",\"target\":[\"https:\/\/muchogusto.nl\/de\/produkt\/mucho-gusto-poncho-benirras-mosaic-bloom\/\"]}]},{\"@type\":\"ImageObject\",\"inLanguage\":\"de-DE\",\"@id\":\"https:\/\/muchogusto.nl\/de\/produkt\/mucho-gusto-poncho-benirras-mosaic-bloom\/#primaryimage\",\"url\":\"https:\/\/muchogusto.nl\/wp-content\/uploads\/2026\/05\/C61BEN102-1-scaled.jpg\",\"contentUrl\":\"https:\/\/muchogusto.nl\/wp-content\/uploads\/2026\/05\/C61BEN102-1-scaled.jpg\",\"width\":1920,\"height\":2560,\"caption\":\"MUCHO GUSTO\u00ae Poncho Benirras Mosaic Bloom Print\"},{\"@type\":\"BreadcrumbList\",\"@id\":\"https:\/\/muchogusto.nl\/de\/produkt\/mucho-gusto-poncho-benirras-mosaic-bloom\/#breadcrumb\",\"itemListElement\":[{\"@type\":\"ListItem\",\"position\":1,\"name\":\"Home\",\"item\":\"https:\/\/muchogusto.nl\/de\/\"},{\"@type\":\"ListItem\",\"position\":2,\"name\":\"Shop\",\"item\":\"https:\/\/muchogusto.nl\/de\/shop-2\/\"},{\"@type\":\"ListItem\",\"position\":3,\"name\":\"MUCHO GUSTO\u00ae Poncho Benirras Mosaic Bloom\"}]},{\"@type\":\"WebSite\",\"@id\":\"https:\/\/muchogusto.nl\/#website\",\"url\":\"https:\/\/muchogusto.nl\/\",\"name\":\"muchogusto.nl\",\"description\":\"\",\"publisher\":{\"@id\":\"https:\/\/muchogusto.nl\/#organization\"},\"potentialAction\":[{\"@type\":\"SearchAction\",\"target\":{\"@type\":\"EntryPoint\",\"urlTemplate\":\"https:\/\/muchogusto.nl\/?s={search_term_string}\"},\"query-input\":{\"@type\":\"PropertyValueSpecification\",\"valueRequired\":true,\"valueName\":\"search_term_string\"}}],\"inLanguage\":\"de-DE\"},{\"@type\":\"Organization\",\"@id\":\"https:\/\/muchogusto.nl\/#organization\",\"name\":\"Mucho Gusto\",\"url\":\"https:\/\/muchogusto.nl\/\",\"logo\":{\"@type\":\"ImageObject\",\"inLanguage\":\"de-DE\",\"@id\":\"https:\/\/muchogusto.nl\/#\/schema\/logo\/image\/\",\"url\":\"https:\/\/muchogusto.nl\/wp-content\/uploads\/2022\/08\/logo_header.svg\",\"contentUrl\":\"https:\/\/muchogusto.nl\/wp-content\/uploads\/2022\/08\/logo_header.svg\",\"caption\":\"Mucho Gusto\"},\"image\":{\"@id\":\"https:\/\/muchogusto.nl\/#\/schema\/logo\/image\/\"},\"sameAs\":[\"https:\/\/www.facebook.com\/muchogusto.nl\/\",\"https:\/\/www.instagram.com\/muchogusto.nl\/\"]}]}<\/script>\n<!-- \/ Yoast SEO Premium plugin. -->","yoast_head_json":{"title":"MUCHO GUSTO\u00ae Poncho Benirras Mosaic Bloom Print","description":"MUCHO GUSTO\u00ae Poncho Benirras Mosaic Bloom Print \u2013 ein Poncho aus 100% Seide mit farbenfrohem Mosaik-Blumendruck. Dutch Design.","robots":{"index":"index","follow":"follow","max-snippet":"max-snippet:-1","max-image-preview":"max-image-preview:large","max-video-preview":"max-video-preview:-1"},"canonical":"https:\/\/muchogusto.nl\/de\/produkt\/mucho-gusto-poncho-benirras-mosaic-bloom\/","og_locale":"de_DE","og_type":"article","og_title":"MUCHO GUSTO\u00ae Poncho Benirras Mosaic Bloom","og_description":"MUCHO GUSTO\u00ae Poncho Benirras Mosaic Bloom Print \u2013 ein Poncho aus 100% Seide mit farbenfrohem Mosaik-Blumendruck. Dutch Design.","og_url":"https:\/\/muchogusto.nl\/de\/produkt\/mucho-gusto-poncho-benirras-mosaic-bloom\/","og_site_name":"Mucho Gusto","article_publisher":"https:\/\/www.facebook.com\/muchogusto.nl\/","article_modified_time":"2026-05-13T08:38:51+00:00","og_image":[{"width":1920,"height":2560,"url":"http:\/\/muchogusto.nl\/wp-content\/uploads\/2026\/05\/C61BEN102-1-scaled.jpg","type":"image\/jpeg"}],"twitter_card":"summary_large_image","twitter_misc":{"Est. reading time":"2 minutes"},"schema":{"@context":"https:\/\/schema.org","@graph":[{"@type":"WebPage","@id":"https:\/\/muchogusto.nl\/de\/produkt\/mucho-gusto-poncho-benirras-mosaic-bloom\/","url":"https:\/\/muchogusto.nl\/de\/produkt\/mucho-gusto-poncho-benirras-mosaic-bloom\/","name":"MUCHO GUSTO\u00ae Poncho Benirras Mosaic Bloom Print","isPartOf":{"@id":"https:\/\/muchogusto.nl\/#website"},"primaryImageOfPage":{"@id":"https:\/\/muchogusto.nl\/de\/produkt\/mucho-gusto-poncho-benirras-mosaic-bloom\/#primaryimage"},"image":{"@id":"https:\/\/muchogusto.nl\/de\/produkt\/mucho-gusto-poncho-benirras-mosaic-bloom\/#primaryimage"},"thumbnailUrl":"https:\/\/muchogusto.nl\/wp-content\/uploads\/2026\/05\/C61BEN102-1-scaled.jpg","datePublished":"2026-05-12T13:36:49+00:00","dateModified":"2026-05-13T08:38:51+00:00","description":"MUCHO GUSTO\u00ae Poncho Benirras Mosaic Bloom Print \u2013 ein Poncho aus 100% Seide mit farbenfrohem Mosaik-Blumendruck. Dutch Design.","breadcrumb":{"@id":"https:\/\/muchogusto.nl\/de\/produkt\/mucho-gusto-poncho-benirras-mosaic-bloom\/#breadcrumb"},"inLanguage":"de-DE","potentialAction":[{"@type":"ReadAction","target":["https:\/\/muchogusto.nl\/de\/produkt\/mucho-gusto-poncho-benirras-mosaic-bloom\/"]}]},{"@type":"ImageObject","inLanguage":"de-DE","@id":"https:\/\/muchogusto.nl\/de\/produkt\/mucho-gusto-poncho-benirras-mosaic-bloom\/#primaryimage","url":"https:\/\/muchogusto.nl\/wp-content\/uploads\/2026\/05\/C61BEN102-1-scaled.jpg","contentUrl":"https:\/\/muchogusto.nl\/wp-content\/uploads\/2026\/05\/C61BEN102-1-scaled.jpg","width":1920,"height":2560,"caption":"MUCHO GUSTO\u00ae Poncho Benirras Mosaic Bloom Print"},{"@type":"BreadcrumbList","@id":"https:\/\/muchogusto.nl\/de\/produkt\/mucho-gusto-poncho-benirras-mosaic-bloom\/#breadcrumb","itemListElement":[{"@type":"ListItem","position":1,"name":"Home","item":"https:\/\/muchogusto.nl\/de\/"},{"@type":"ListItem","position":2,"name":"Shop","item":"https:\/\/muchogusto.nl\/de\/shop-2\/"},{"@type":"ListItem","position":3,"name":"MUCHO GUSTO\u00ae Poncho Benirras Mosaic Bloom"}]},{"@type":"WebSite","@id":"https:\/\/muchogusto.nl\/#website","url":"https:\/\/muchogusto.nl\/","name":"muchogusto.nl","description":"","publisher":{"@id":"https:\/\/muchogusto.nl\/#organization"},"potentialAction":[{"@type":"SearchAction","target":{"@type":"EntryPoint","urlTemplate":"https:\/\/muchogusto.nl\/?s={search_term_string}"},"query-input":{"@type":"PropertyValueSpecification","valueRequired":true,"valueName":"search_term_string"}}],"inLanguage":"de-DE"},{"@type":"Organization","@id":"https:\/\/muchogusto.nl\/#organization","name":"Mucho Gusto","url":"https:\/\/muchogusto.nl\/","logo":{"@type":"ImageObject","inLanguage":"de-DE","@id":"https:\/\/muchogusto.nl\/#\/schema\/logo\/image\/","url":"https:\/\/muchogusto.nl\/wp-content\/uploads\/2022\/08\/logo_header.svg","contentUrl":"https:\/\/muchogusto.nl\/wp-content\/uploads\/2022\/08\/logo_header.svg","caption":"Mucho Gusto"},"image":{"@id":"https:\/\/muchogusto.nl\/#\/schema\/logo\/image\/"},"sameAs":["https:\/\/www.facebook.com\/muchogusto.nl\/","https:\/\/www.instagram.com\/muchogusto.nl\/"]}]}},"_links":{"self":[{"href":"https:\/\/muchogusto.nl\/de\/wp-json\/wp\/v2\/product\/58666","targetHints":{"allow":["GET"]}}],"collection":[{"href":"https:\/\/muchogusto.nl\/de\/wp-json\/wp\/v2\/product"}],"about":[{"href":"https:\/\/muchogusto.nl\/de\/wp-json\/wp\/v2\/types\/product"}],"replies":[{"embeddable":true,"href":"https:\/\/muchogusto.nl\/de\/wp-json\/wp\/v2\/comments?post=58666"}],"wp:featuredmedia":[{"embeddable":true,"href":"https:\/\/muchogusto.nl\/de\/wp-json\/wp\/v2\/media\/58670"}],"wp:attachment":[{"href":"https:\/\/muchogusto.nl\/de\/wp-json\/wp\/v2\/media?parent=58666"}],"wp:term":[{"taxonomy":"product_brand","embeddable":true,"href":"https:\/\/muchogusto.nl\/de\/wp-json\/wp\/v2\/product_brand?post=58666"},{"taxonomy":"product_cat","embeddable":true,"href":"https:\/\/muchogusto.nl\/de\/wp-json\/wp\/v2\/product_cat?post=58666"},{"taxonomy":"product_tag","embeddable":true,"href":"https:\/\/muchogusto.nl\/de\/wp-json\/wp\/v2\/product_tag?post=58666"}],"curies":[{"name":"wp","href":"https:\/\/api.w.org\/{rel}","templated":true}]}}