{"id":58486,"date":"2026-04-10T14:05:43","date_gmt":"2026-04-10T12:05:43","guid":{"rendered":"https:\/\/muchogusto.nl\/product\/mucho-gusto-scarf-st-tropez-viscose-star-breeze\/"},"modified":"2026-04-10T14:14:41","modified_gmt":"2026-04-10T12:14:41","slug":"mucho-gusto-schal-st-tropez-viskose-sternenbrise","status":"publish","type":"product","link":"https:\/\/muchogusto.nl\/de\/produkt\/mucho-gusto-schal-st-tropez-viskose-sternenbrise\/","title":{"rendered":"MUCHO GUSTO\u00ae Schal St. Tropez Viskose Sternenbrise"},"content":{"rendered":"<h3>DETAILS ZUM PRODUKT<\/h3>\n<p data-start=\"2087\" data-end=\"2162\"><strong data-start=\"2108\" data-end=\"2162\">MUCHO GUSTO\u00ae Schal St. Tropez Viskose Sternenbrise<\/strong><\/p>\n<p data-start=\"2164\" data-end=\"2605\">Der MUCHO GUSTO\u00ae Schal St. Tropez Viskose Sternenbrise ist eine frische und elegante Interpretation des Riviera-Stils, die Leichtigkeit mit verspielten Details verbindet. Dieser raffinierte dreieckige Schal verf\u00fcgt \u00fcber eine hellblaue und wei\u00dfe Streifenbasis, die eine klassische maritime Ausstrahlung mit modernem Charakter vereint. Feine Sternmotive in warmen Rott\u00f6nen sind \u00fcber das Design verteilt und setzen stilvolle, lebendige Akzente.<\/p>\n<p data-start=\"2607\" data-end=\"2948\">Das Sternenbrise-Design erinnert an eine sanfte Meeresbrise und sonnige Sommertage. Die diagonalen Streifen verleihen Struktur und Dynamik, w\u00e4hrend die Sterne eine leichte und spielerische Note hinzuf\u00fcgen. Inspiriert von der entspannten Eleganz von St. Tropez verbindet dieses Design maritime Einfl\u00fcsse mit zeitgem\u00e4\u00dfer, femininer Raffinesse.<\/p>\n<p data-start=\"2950\" data-end=\"3325\">Gefertigt aus 100% Viskose bietet dieser gro\u00dfz\u00fcgige Schal (220 x 140 x 140 cm) h\u00f6chsten Tragekomfort und vielseitige Stylingm\u00f6glichkeiten. Das leichte Material f\u00fchlt sich weich auf der Haut an und f\u00e4llt flie\u00dfend, wodurch sich der Schal m\u00fchelos stylen l\u00e4sst. Tragen Sie ihn locker \u00fcber den Schultern, elegant um den Hals oder als luftiges Statement-Accessoire an warmen Tagen.<\/p>\n<p data-start=\"3327\" data-end=\"3593\">Mit seiner frischen Farbpalette und dem eleganten Design verleiht der MUCHO GUSTO\u00ae Schal St. Tropez Viskose Sternenbrise jedem Outfit eine stilvolle und sommerliche Note. Perfekt f\u00fcr alle, die dezente Muster, maritime Eleganz und einzigartiges Dutch Design sch\u00e4tzen.<\/p>\n<p data-start=\"3595\" data-end=\"3782\"><strong data-start=\"3595\" data-end=\"3611\">Dutch Design<\/strong><br data-start=\"3611\" data-end=\"3614\" \/><strong>Material:<\/strong> 100% Viskose<br data-start=\"3636\" data-end=\"3639\" \/><strong>Ma\u00dfe:<\/strong> 220 x 140 x 140 cm<br data-start=\"3663\" data-end=\"3666\" \/><strong>Form:<\/strong> Dreieckig<br data-start=\"3681\" data-end=\"3684\" \/><strong>Design:<\/strong> Gestreiftes nautisches Muster mit Sternen<br data-start=\"3733\" data-end=\"3736\" \/><strong>Farbpalette:<\/strong> Hellblau, Wei\u00df und rote Akzente<\/p>\n<h3>PASSENDE ARTIKEL<\/h3>\n<div class=\"summary\">\n<div class=\"tccContent\">\n<p class=\"p2\"><span class=\"s1\">Vervollst\u00e4ndigen Sie Ihren Look mit einem passenden\u00a0<a href=\"https:\/\/muchogusto.nl\/de\/schals\/\"><span class=\"s2\">Schal<\/span><\/a>.<br \/>\n<\/span><span class=\"s1\">M\u00f6chten Sie mehr Blusen sehen? Dann schauen Sie sich unsere\u00a0<a href=\"https:\/\/muchogusto.nl\/de\/blusen\/\"><span class=\"s2\">Bekleidungsseite<\/span><\/a>\u00a0an.<br \/>\n<\/span><span class=\"s1\">M\u00f6chten Sie mehr Inspiration? Besuchen Sie unsere\u00a0<a href=\"https:\/\/www.instagram.com\/muchogusto.nl\/\"><span class=\"s2\">Instagram<\/span><\/a>-Seite.\u00a0<\/span><\/p>\n<h3>BRAUCHEN SIE HILFE?<\/h3>\n<p>Wenn Sie Fragen zu diesem Artikel oder der Gr\u00f6\u00dfe haben, senden Sie eine E-Mail an unseren Kundenservice unter\u00a0<a href=\"mailto:web@muchogusto.nl\"><span class=\"s2\">web@muchogusto.nl.<\/span><\/a><\/p>\n<\/div>\n<\/div>\n","protected":false},"excerpt":{"rendered":"<p>DETAILS ZUM PRODUKT MUCHO GUSTO\u00ae Schal St. Tropez Viskose Sternenbrise Der MUCHO GUSTO\u00ae Schal St. Tropez Viskose Sternenbrise ist eine frische und elegante Interpretation des Riviera-Stils, die Leichtigkeit mit verspielten Details verbindet. Dieser raffinierte dreieckige Schal verf\u00fcgt \u00fcber eine hellblaue und wei\u00dfe Streifenbasis, die eine klassische maritime Ausstrahlung mit modernem Charakter vereint. Feine Sternmotive in [&hellip;]<\/p>\n","protected":false},"featured_media":58445,"comment_status":"open","ping_status":"closed","template":"","meta":{"_acf_changed":false,"inline_featured_image":false,"navigation_state":false,"_genesis_hide_title":false,"_genesis_hide_breadcrumbs":false,"_genesis_hide_singular_image":false,"_genesis_hide_footer_widgets":false,"_genesis_custom_body_class":"","_genesis_custom_post_class":"","_genesis_layout":""},"product_brand":[],"product_cat":[87],"product_tag":[],"class_list":{"0":"post-58486","1":"product","2":"type-product","3":"status-publish","4":"has-post-thumbnail","6":"product_cat-schals","7":"entry","9":"first","10":"instock","11":"sale","12":"taxable","13":"shipping-taxable","14":"purchasable","15":"product-type-simple"},"acf":[],"yoast_head":"<!-- This site is optimized with the Yoast SEO Premium plugin v27.2 (Yoast SEO v27.2) - https:\/\/yoast.com\/product\/yoast-seo-premium-wordpress\/ -->\n<title>MUCHO GUSTO\u00ae Schal St. Tropez Viskose Sternenbrise<\/title>\n<meta name=\"description\" content=\"Entdecken Sie den MUCHO GUSTO\u00ae Sternenbrise Schal. Hellblauer Viskoseschal mit Streifen und Sternen f\u00fcr einen frischen und eleganten Sommerlook.\" \/>\n<meta name=\"robots\" content=\"index, follow, max-snippet:-1, max-image-preview:large, max-video-preview:-1\" \/>\n<link rel=\"canonical\" href=\"https:\/\/muchogusto.nl\/de\/produkt\/mucho-gusto-schal-st-tropez-viskose-sternenbrise\/\" \/>\n<meta property=\"og:locale\" content=\"de_DE\" \/>\n<meta property=\"og:type\" content=\"article\" \/>\n<meta property=\"og:title\" content=\"MUCHO GUSTO\u00ae Schal St. Tropez Viskose Sternenbrise\" \/>\n<meta property=\"og:description\" content=\"Entdecken Sie den MUCHO GUSTO\u00ae Sternenbrise Schal. Hellblauer Viskoseschal mit Streifen und Sternen f\u00fcr einen frischen und eleganten Sommerlook.\" \/>\n<meta property=\"og:url\" content=\"https:\/\/muchogusto.nl\/de\/produkt\/mucho-gusto-schal-st-tropez-viskose-sternenbrise\/\" \/>\n<meta property=\"og:site_name\" content=\"Mucho Gusto\" \/>\n<meta property=\"article:publisher\" content=\"https:\/\/www.facebook.com\/muchogusto.nl\/\" \/>\n<meta property=\"article:modified_time\" content=\"2026-04-10T12:14:41+00:00\" \/>\n<meta property=\"og:image\" content=\"http:\/\/muchogusto.nl\/wp-content\/uploads\/2026\/04\/Untitled-design-2-scaled.jpg\" \/>\n\t<meta property=\"og:image:width\" content=\"1920\" \/>\n\t<meta property=\"og:image:height\" content=\"2560\" \/>\n\t<meta property=\"og:image:type\" content=\"image\/jpeg\" \/>\n<meta name=\"twitter:card\" content=\"summary_large_image\" \/>\n<meta name=\"twitter:label1\" content=\"Est. reading time\" \/>\n\t<meta name=\"twitter:data1\" content=\"2 minutes\" \/>\n<script type=\"application\/ld+json\" class=\"yoast-schema-graph\">{\"@context\":\"https:\/\/schema.org\",\"@graph\":[{\"@type\":\"WebPage\",\"@id\":\"https:\/\/muchogusto.nl\/de\/produkt\/mucho-gusto-schal-st-tropez-viskose-sternenbrise\/\",\"url\":\"https:\/\/muchogusto.nl\/de\/produkt\/mucho-gusto-schal-st-tropez-viskose-sternenbrise\/\",\"name\":\"MUCHO GUSTO\u00ae Schal St. Tropez Viskose Sternenbrise\",\"isPartOf\":{\"@id\":\"https:\/\/muchogusto.nl\/#website\"},\"primaryImageOfPage\":{\"@id\":\"https:\/\/muchogusto.nl\/de\/produkt\/mucho-gusto-schal-st-tropez-viskose-sternenbrise\/#primaryimage\"},\"image\":{\"@id\":\"https:\/\/muchogusto.nl\/de\/produkt\/mucho-gusto-schal-st-tropez-viskose-sternenbrise\/#primaryimage\"},\"thumbnailUrl\":\"https:\/\/muchogusto.nl\/wp-content\/uploads\/2026\/04\/Untitled-design-2-scaled.jpg\",\"datePublished\":\"2026-04-10T12:05:43+00:00\",\"dateModified\":\"2026-04-10T12:14:41+00:00\",\"description\":\"Entdecken Sie den MUCHO GUSTO\u00ae Sternenbrise Schal. Hellblauer Viskoseschal mit Streifen und Sternen f\u00fcr einen frischen und eleganten Sommerlook.\",\"breadcrumb\":{\"@id\":\"https:\/\/muchogusto.nl\/de\/produkt\/mucho-gusto-schal-st-tropez-viskose-sternenbrise\/#breadcrumb\"},\"inLanguage\":\"de-DE\",\"potentialAction\":[{\"@type\":\"ReadAction\",\"target\":[\"https:\/\/muchogusto.nl\/de\/produkt\/mucho-gusto-schal-st-tropez-viskose-sternenbrise\/\"]}]},{\"@type\":\"ImageObject\",\"inLanguage\":\"de-DE\",\"@id\":\"https:\/\/muchogusto.nl\/de\/produkt\/mucho-gusto-schal-st-tropez-viskose-sternenbrise\/#primaryimage\",\"url\":\"https:\/\/muchogusto.nl\/wp-content\/uploads\/2026\/04\/Untitled-design-2-scaled.jpg\",\"contentUrl\":\"https:\/\/muchogusto.nl\/wp-content\/uploads\/2026\/04\/Untitled-design-2-scaled.jpg\",\"width\":1920,\"height\":2560,\"caption\":\"MUCHO GUSTO\u00ae Schal St. Tropez Viskose Sternenbrise\"},{\"@type\":\"BreadcrumbList\",\"@id\":\"https:\/\/muchogusto.nl\/de\/produkt\/mucho-gusto-schal-st-tropez-viskose-sternenbrise\/#breadcrumb\",\"itemListElement\":[{\"@type\":\"ListItem\",\"position\":1,\"name\":\"Home\",\"item\":\"https:\/\/muchogusto.nl\/de\/\"},{\"@type\":\"ListItem\",\"position\":2,\"name\":\"Shop\",\"item\":\"https:\/\/muchogusto.nl\/de\/shop-2\/\"},{\"@type\":\"ListItem\",\"position\":3,\"name\":\"MUCHO GUSTO\u00ae Schal St. Tropez Viskose Sternenbrise\"}]},{\"@type\":\"WebSite\",\"@id\":\"https:\/\/muchogusto.nl\/#website\",\"url\":\"https:\/\/muchogusto.nl\/\",\"name\":\"muchogusto.nl\",\"description\":\"\",\"publisher\":{\"@id\":\"https:\/\/muchogusto.nl\/#organization\"},\"potentialAction\":[{\"@type\":\"SearchAction\",\"target\":{\"@type\":\"EntryPoint\",\"urlTemplate\":\"https:\/\/muchogusto.nl\/?s={search_term_string}\"},\"query-input\":{\"@type\":\"PropertyValueSpecification\",\"valueRequired\":true,\"valueName\":\"search_term_string\"}}],\"inLanguage\":\"de-DE\"},{\"@type\":\"Organization\",\"@id\":\"https:\/\/muchogusto.nl\/#organization\",\"name\":\"Mucho Gusto\",\"url\":\"https:\/\/muchogusto.nl\/\",\"logo\":{\"@type\":\"ImageObject\",\"inLanguage\":\"de-DE\",\"@id\":\"https:\/\/muchogusto.nl\/#\/schema\/logo\/image\/\",\"url\":\"https:\/\/muchogusto.nl\/wp-content\/uploads\/2022\/08\/logo_header.svg\",\"contentUrl\":\"https:\/\/muchogusto.nl\/wp-content\/uploads\/2022\/08\/logo_header.svg\",\"caption\":\"Mucho Gusto\"},\"image\":{\"@id\":\"https:\/\/muchogusto.nl\/#\/schema\/logo\/image\/\"},\"sameAs\":[\"https:\/\/www.facebook.com\/muchogusto.nl\/\",\"https:\/\/www.instagram.com\/muchogusto.nl\/\"]}]}<\/script>\n<!-- \/ Yoast SEO Premium plugin. -->","yoast_head_json":{"title":"MUCHO GUSTO\u00ae Schal St. Tropez Viskose Sternenbrise","description":"Entdecken Sie den MUCHO GUSTO\u00ae Sternenbrise Schal. Hellblauer Viskoseschal mit Streifen und Sternen f\u00fcr einen frischen und eleganten Sommerlook.","robots":{"index":"index","follow":"follow","max-snippet":"max-snippet:-1","max-image-preview":"max-image-preview:large","max-video-preview":"max-video-preview:-1"},"canonical":"https:\/\/muchogusto.nl\/de\/produkt\/mucho-gusto-schal-st-tropez-viskose-sternenbrise\/","og_locale":"de_DE","og_type":"article","og_title":"MUCHO GUSTO\u00ae Schal St. Tropez Viskose Sternenbrise","og_description":"Entdecken Sie den MUCHO GUSTO\u00ae Sternenbrise Schal. Hellblauer Viskoseschal mit Streifen und Sternen f\u00fcr einen frischen und eleganten Sommerlook.","og_url":"https:\/\/muchogusto.nl\/de\/produkt\/mucho-gusto-schal-st-tropez-viskose-sternenbrise\/","og_site_name":"Mucho Gusto","article_publisher":"https:\/\/www.facebook.com\/muchogusto.nl\/","article_modified_time":"2026-04-10T12:14:41+00:00","og_image":[{"width":1920,"height":2560,"url":"http:\/\/muchogusto.nl\/wp-content\/uploads\/2026\/04\/Untitled-design-2-scaled.jpg","type":"image\/jpeg"}],"twitter_card":"summary_large_image","twitter_misc":{"Est. reading time":"2 minutes"},"schema":{"@context":"https:\/\/schema.org","@graph":[{"@type":"WebPage","@id":"https:\/\/muchogusto.nl\/de\/produkt\/mucho-gusto-schal-st-tropez-viskose-sternenbrise\/","url":"https:\/\/muchogusto.nl\/de\/produkt\/mucho-gusto-schal-st-tropez-viskose-sternenbrise\/","name":"MUCHO GUSTO\u00ae Schal St. Tropez Viskose Sternenbrise","isPartOf":{"@id":"https:\/\/muchogusto.nl\/#website"},"primaryImageOfPage":{"@id":"https:\/\/muchogusto.nl\/de\/produkt\/mucho-gusto-schal-st-tropez-viskose-sternenbrise\/#primaryimage"},"image":{"@id":"https:\/\/muchogusto.nl\/de\/produkt\/mucho-gusto-schal-st-tropez-viskose-sternenbrise\/#primaryimage"},"thumbnailUrl":"https:\/\/muchogusto.nl\/wp-content\/uploads\/2026\/04\/Untitled-design-2-scaled.jpg","datePublished":"2026-04-10T12:05:43+00:00","dateModified":"2026-04-10T12:14:41+00:00","description":"Entdecken Sie den MUCHO GUSTO\u00ae Sternenbrise Schal. Hellblauer Viskoseschal mit Streifen und Sternen f\u00fcr einen frischen und eleganten Sommerlook.","breadcrumb":{"@id":"https:\/\/muchogusto.nl\/de\/produkt\/mucho-gusto-schal-st-tropez-viskose-sternenbrise\/#breadcrumb"},"inLanguage":"de-DE","potentialAction":[{"@type":"ReadAction","target":["https:\/\/muchogusto.nl\/de\/produkt\/mucho-gusto-schal-st-tropez-viskose-sternenbrise\/"]}]},{"@type":"ImageObject","inLanguage":"de-DE","@id":"https:\/\/muchogusto.nl\/de\/produkt\/mucho-gusto-schal-st-tropez-viskose-sternenbrise\/#primaryimage","url":"https:\/\/muchogusto.nl\/wp-content\/uploads\/2026\/04\/Untitled-design-2-scaled.jpg","contentUrl":"https:\/\/muchogusto.nl\/wp-content\/uploads\/2026\/04\/Untitled-design-2-scaled.jpg","width":1920,"height":2560,"caption":"MUCHO GUSTO\u00ae Schal St. Tropez Viskose Sternenbrise"},{"@type":"BreadcrumbList","@id":"https:\/\/muchogusto.nl\/de\/produkt\/mucho-gusto-schal-st-tropez-viskose-sternenbrise\/#breadcrumb","itemListElement":[{"@type":"ListItem","position":1,"name":"Home","item":"https:\/\/muchogusto.nl\/de\/"},{"@type":"ListItem","position":2,"name":"Shop","item":"https:\/\/muchogusto.nl\/de\/shop-2\/"},{"@type":"ListItem","position":3,"name":"MUCHO GUSTO\u00ae Schal St. Tropez Viskose Sternenbrise"}]},{"@type":"WebSite","@id":"https:\/\/muchogusto.nl\/#website","url":"https:\/\/muchogusto.nl\/","name":"muchogusto.nl","description":"","publisher":{"@id":"https:\/\/muchogusto.nl\/#organization"},"potentialAction":[{"@type":"SearchAction","target":{"@type":"EntryPoint","urlTemplate":"https:\/\/muchogusto.nl\/?s={search_term_string}"},"query-input":{"@type":"PropertyValueSpecification","valueRequired":true,"valueName":"search_term_string"}}],"inLanguage":"de-DE"},{"@type":"Organization","@id":"https:\/\/muchogusto.nl\/#organization","name":"Mucho Gusto","url":"https:\/\/muchogusto.nl\/","logo":{"@type":"ImageObject","inLanguage":"de-DE","@id":"https:\/\/muchogusto.nl\/#\/schema\/logo\/image\/","url":"https:\/\/muchogusto.nl\/wp-content\/uploads\/2022\/08\/logo_header.svg","contentUrl":"https:\/\/muchogusto.nl\/wp-content\/uploads\/2022\/08\/logo_header.svg","caption":"Mucho Gusto"},"image":{"@id":"https:\/\/muchogusto.nl\/#\/schema\/logo\/image\/"},"sameAs":["https:\/\/www.facebook.com\/muchogusto.nl\/","https:\/\/www.instagram.com\/muchogusto.nl\/"]}]}},"_links":{"self":[{"href":"https:\/\/muchogusto.nl\/de\/wp-json\/wp\/v2\/product\/58486","targetHints":{"allow":["GET"]}}],"collection":[{"href":"https:\/\/muchogusto.nl\/de\/wp-json\/wp\/v2\/product"}],"about":[{"href":"https:\/\/muchogusto.nl\/de\/wp-json\/wp\/v2\/types\/product"}],"replies":[{"embeddable":true,"href":"https:\/\/muchogusto.nl\/de\/wp-json\/wp\/v2\/comments?post=58486"}],"wp:featuredmedia":[{"embeddable":true,"href":"https:\/\/muchogusto.nl\/de\/wp-json\/wp\/v2\/media\/58445"}],"wp:attachment":[{"href":"https:\/\/muchogusto.nl\/de\/wp-json\/wp\/v2\/media?parent=58486"}],"wp:term":[{"taxonomy":"product_brand","embeddable":true,"href":"https:\/\/muchogusto.nl\/de\/wp-json\/wp\/v2\/product_brand?post=58486"},{"taxonomy":"product_cat","embeddable":true,"href":"https:\/\/muchogusto.nl\/de\/wp-json\/wp\/v2\/product_cat?post=58486"},{"taxonomy":"product_tag","embeddable":true,"href":"https:\/\/muchogusto.nl\/de\/wp-json\/wp\/v2\/product_tag?post=58486"}],"curies":[{"name":"wp","href":"https:\/\/api.w.org\/{rel}","templated":true}]}}