{"id":58334,"date":"2026-04-03T10:55:09","date_gmt":"2026-04-03T08:55:09","guid":{"rendered":"https:\/\/muchogusto.nl\/product\/mucho-gusto-sjaal-amsterdam-kleurrijke-patchwork-print\/"},"modified":"2026-04-03T11:06:51","modified_gmt":"2026-04-03T09:06:51","slug":"mucho-gusto-schal-amsterdam-bunter-patchwork-print","status":"publish","type":"product","link":"https:\/\/muchogusto.nl\/de\/produkt\/mucho-gusto-schal-amsterdam-bunter-patchwork-print\/","title":{"rendered":"MUCHO GUSTO\u00ae Schal Amsterdam Bunter Patchwork Print"},"content":{"rendered":"<h3 data-start=\"3498\" data-end=\"3523\">DETAILS ZUM PRODUKT<\/h3>\n<p data-start=\"0\" data-end=\"55\"><strong data-start=\"0\" data-end=\"55\">MUCHO GUSTO\u00ae Schal Amsterdam Bunter Patchwork Print<\/strong><\/p>\n<p data-start=\"57\" data-end=\"708\">Erleben Sie lebendige Eleganz mit dem MUCHO GUSTO\u00ae Schal Amsterdam Bunter Patchwork Print \u2014 ein raffiniertes Accessoire, das Farbe, Muster und m\u00fchelose Stil vereint. Gefertigt aus 100% Seide, besticht dieser dreieckige Schal durch eine verspielte Patchwork-Komposition aus geometrischen und ornamentalen Elementen in einer harmonischen Mischung aus warmen und frischen Farbt\u00f6nen. Die sanfte elfenbeinfarbene Basis wird durch Akzente in Rot, Blau, Sand sowie feine mehrfarbige Details erg\u00e4nzt, wodurch ein dynamischer und zugleich ausgewogener Look entsteht. Die verspielten Quasten an den R\u00e4ndern verleihen dem Schal eine besondere und stilvolle Note.<\/p>\n<p data-start=\"710\" data-end=\"1141\">Dieses Modell verk\u00f6rpert moderne Eleganz mit einer kreativen Note \u2014 ausdrucksstark, vielseitig und angenehm zu tragen. Dar\u00fcber hinaus verleiht das bunte Patchwork-Design Charakter, ohne aufdringlich zu wirken, und macht den Schal zum perfekten Accessoire f\u00fcr sowohl l\u00e4ssige als auch elegante Outfits. Ein zeitgem\u00e4\u00dfes Dutch Design, das die charakteristische Verbindung von Kreativit\u00e4t und Tragbarkeit von MUCHO GUSTO\u00ae widerspiegelt.<\/p>\n<p data-start=\"1143\" data-end=\"1324\"><strong>Dutch Design<\/strong><br data-start=\"1155\" data-end=\"1158\" \/><strong>Material:<\/strong> 100% Seide<br data-start=\"1178\" data-end=\"1181\" \/><strong>Ma\u00dfe:<\/strong> 160 x 100 x 100 cm<br data-start=\"1205\" data-end=\"1208\" \/><strong>Form:<\/strong> Dreieckig<br data-start=\"1223\" data-end=\"1226\" data-is-only-node=\"\" \/><strong>Design:<\/strong> Bunter Patchwork-Print mit Quasten<br data-start=\"1268\" data-end=\"1271\" \/><strong>Farbpalette:<\/strong> Elfenbein, Rot, Blau, Sand, Mehrfarbig<\/p>\n<h3 data-start=\"4304\" data-end=\"4326\">PASSENDE ARTIKEL<\/h3>\n<p data-start=\"4327\" data-end=\"4639\">Kombinieren Sie Ihr Outfit mit unserer <a class=\"decorated-link\" href=\"https:\/\/muchogusto.nl\/clothing\/\" target=\"_new\" rel=\"noopener\" data-start=\"4366\" data-end=\"4411\">Bekleidung<\/a>.<br data-start=\"4412\" data-end=\"4415\" \/>M\u00f6chten Sie weitere Schals entdecken? Besuchen Sie unsere <a class=\"decorated-link\" href=\"https:\/\/muchogusto.nl\/scarfs\/#\" target=\"_new\" rel=\"noopener\" data-start=\"4473\" data-end=\"4519\">Schals Seite<\/a>.<br data-start=\"4520\" data-end=\"4523\" \/>Oder suchen Sie nach mehr Inspiration? Besuchen Sie uns auf <a class=\"decorated-link\" href=\"https:\/\/www.instagram.com\/muchogusto.nl\/\" target=\"_new\" rel=\"noopener\" data-start=\"4583\" data-end=\"4636\">Instagram<\/a>.<\/p>\n<h3 data-start=\"4641\" data-end=\"4666\">BRAUCHEN SIE HILFE?<\/h3>\n<p data-start=\"4667\" data-end=\"4799\">Wenn Sie Fragen zu diesem Artikel oder zur Gr\u00f6\u00dfe haben, wenden Sie sich bitte an unser Customer Care Team unter <a class=\"decorated-link cursor-pointer\" rel=\"noopener\" data-start=\"4779\" data-end=\"4796\">web@muchogusto.nl<\/a>.<\/p>\n","protected":false},"excerpt":{"rendered":"<p>DETAILS ZUM PRODUKT MUCHO GUSTO\u00ae Schal Amsterdam Bunter Patchwork Print Erleben Sie lebendige Eleganz mit dem MUCHO GUSTO\u00ae Schal Amsterdam Bunter Patchwork Print \u2014 ein raffiniertes Accessoire, das Farbe, Muster und m\u00fchelose Stil vereint. Gefertigt aus 100% Seide, besticht dieser dreieckige Schal durch eine verspielte Patchwork-Komposition aus geometrischen und ornamentalen Elementen in einer harmonischen Mischung [&hellip;]<\/p>\n","protected":false},"featured_media":58317,"comment_status":"open","ping_status":"closed","template":"","meta":{"_acf_changed":false,"inline_featured_image":false,"navigation_state":false,"_genesis_hide_title":false,"_genesis_hide_breadcrumbs":false,"_genesis_hide_singular_image":false,"_genesis_hide_footer_widgets":false,"_genesis_custom_body_class":"","_genesis_custom_post_class":"","_genesis_layout":""},"product_brand":[],"product_cat":[87],"product_tag":[],"class_list":{"0":"post-58334","1":"product","2":"type-product","3":"status-publish","4":"has-post-thumbnail","6":"product_cat-schals","7":"entry","9":"first","10":"instock","11":"sale","12":"taxable","13":"shipping-taxable","14":"purchasable","15":"product-type-simple"},"acf":[],"yoast_head":"<!-- This site is optimized with the Yoast SEO Premium plugin v27.2 (Yoast SEO v27.2) - https:\/\/yoast.com\/product\/yoast-seo-premium-wordpress\/ -->\n<title>MUCHO GUSTO\u00ae Schal Amsterdam Bunter Patchwork Print<\/title>\n<meta name=\"description\" content=\"MUCHO GUSTO\u00ae Schal Amsterdam \u2013 ein dreieckiger Schal aus 100% Seide mit buntem Patchwork-Print und Quasten. Dutch Design. Jetzt shoppen!\" \/>\n<meta name=\"robots\" content=\"index, follow, max-snippet:-1, max-image-preview:large, max-video-preview:-1\" \/>\n<link rel=\"canonical\" href=\"https:\/\/muchogusto.nl\/de\/produkt\/mucho-gusto-schal-amsterdam-bunter-patchwork-print\/\" \/>\n<meta property=\"og:locale\" content=\"de_DE\" \/>\n<meta property=\"og:type\" content=\"article\" \/>\n<meta property=\"og:title\" content=\"MUCHO GUSTO\u00ae Schal Amsterdam Bunter Patchwork Print\" \/>\n<meta property=\"og:description\" content=\"MUCHO GUSTO\u00ae Schal Amsterdam \u2013 ein dreieckiger Schal aus 100% Seide mit buntem Patchwork-Print und Quasten. Dutch Design. Jetzt shoppen!\" \/>\n<meta property=\"og:url\" content=\"https:\/\/muchogusto.nl\/de\/produkt\/mucho-gusto-schal-amsterdam-bunter-patchwork-print\/\" \/>\n<meta property=\"og:site_name\" content=\"Mucho Gusto\" \/>\n<meta property=\"article:publisher\" content=\"https:\/\/www.facebook.com\/muchogusto.nl\/\" \/>\n<meta property=\"article:modified_time\" content=\"2026-04-03T09:06:51+00:00\" \/>\n<meta property=\"og:image\" content=\"http:\/\/muchogusto.nl\/wp-content\/uploads\/2026\/04\/S31AMS001-scaled.jpg\" \/>\n\t<meta property=\"og:image:width\" content=\"1920\" \/>\n\t<meta property=\"og:image:height\" content=\"2560\" \/>\n\t<meta property=\"og:image:type\" content=\"image\/jpeg\" \/>\n<meta name=\"twitter:card\" content=\"summary_large_image\" \/>\n<meta name=\"twitter:label1\" content=\"Est. reading time\" \/>\n\t<meta name=\"twitter:data1\" content=\"2 minutes\" \/>\n<script type=\"application\/ld+json\" class=\"yoast-schema-graph\">{\"@context\":\"https:\/\/schema.org\",\"@graph\":[{\"@type\":\"WebPage\",\"@id\":\"https:\/\/muchogusto.nl\/de\/produkt\/mucho-gusto-schal-amsterdam-bunter-patchwork-print\/\",\"url\":\"https:\/\/muchogusto.nl\/de\/produkt\/mucho-gusto-schal-amsterdam-bunter-patchwork-print\/\",\"name\":\"MUCHO GUSTO\u00ae Schal Amsterdam Bunter Patchwork Print\",\"isPartOf\":{\"@id\":\"https:\/\/muchogusto.nl\/#website\"},\"primaryImageOfPage\":{\"@id\":\"https:\/\/muchogusto.nl\/de\/produkt\/mucho-gusto-schal-amsterdam-bunter-patchwork-print\/#primaryimage\"},\"image\":{\"@id\":\"https:\/\/muchogusto.nl\/de\/produkt\/mucho-gusto-schal-amsterdam-bunter-patchwork-print\/#primaryimage\"},\"thumbnailUrl\":\"https:\/\/muchogusto.nl\/wp-content\/uploads\/2026\/04\/S31AMS001-scaled.jpg\",\"datePublished\":\"2026-04-03T08:55:09+00:00\",\"dateModified\":\"2026-04-03T09:06:51+00:00\",\"description\":\"MUCHO GUSTO\u00ae Schal Amsterdam \u2013 ein dreieckiger Schal aus 100% Seide mit buntem Patchwork-Print und Quasten. Dutch Design. Jetzt shoppen!\",\"breadcrumb\":{\"@id\":\"https:\/\/muchogusto.nl\/de\/produkt\/mucho-gusto-schal-amsterdam-bunter-patchwork-print\/#breadcrumb\"},\"inLanguage\":\"de-DE\",\"potentialAction\":[{\"@type\":\"ReadAction\",\"target\":[\"https:\/\/muchogusto.nl\/de\/produkt\/mucho-gusto-schal-amsterdam-bunter-patchwork-print\/\"]}]},{\"@type\":\"ImageObject\",\"inLanguage\":\"de-DE\",\"@id\":\"https:\/\/muchogusto.nl\/de\/produkt\/mucho-gusto-schal-amsterdam-bunter-patchwork-print\/#primaryimage\",\"url\":\"https:\/\/muchogusto.nl\/wp-content\/uploads\/2026\/04\/S31AMS001-scaled.jpg\",\"contentUrl\":\"https:\/\/muchogusto.nl\/wp-content\/uploads\/2026\/04\/S31AMS001-scaled.jpg\",\"width\":1920,\"height\":2560,\"caption\":\"MUCHO GUSTO\u00ae Schal Amsterdam Bunter Patchwork Print\"},{\"@type\":\"BreadcrumbList\",\"@id\":\"https:\/\/muchogusto.nl\/de\/produkt\/mucho-gusto-schal-amsterdam-bunter-patchwork-print\/#breadcrumb\",\"itemListElement\":[{\"@type\":\"ListItem\",\"position\":1,\"name\":\"Home\",\"item\":\"https:\/\/muchogusto.nl\/de\/\"},{\"@type\":\"ListItem\",\"position\":2,\"name\":\"Shop\",\"item\":\"https:\/\/muchogusto.nl\/de\/shop-2\/\"},{\"@type\":\"ListItem\",\"position\":3,\"name\":\"MUCHO GUSTO\u00ae Schal Amsterdam Bunter Patchwork Print\"}]},{\"@type\":\"WebSite\",\"@id\":\"https:\/\/muchogusto.nl\/#website\",\"url\":\"https:\/\/muchogusto.nl\/\",\"name\":\"muchogusto.nl\",\"description\":\"\",\"publisher\":{\"@id\":\"https:\/\/muchogusto.nl\/#organization\"},\"potentialAction\":[{\"@type\":\"SearchAction\",\"target\":{\"@type\":\"EntryPoint\",\"urlTemplate\":\"https:\/\/muchogusto.nl\/?s={search_term_string}\"},\"query-input\":{\"@type\":\"PropertyValueSpecification\",\"valueRequired\":true,\"valueName\":\"search_term_string\"}}],\"inLanguage\":\"de-DE\"},{\"@type\":\"Organization\",\"@id\":\"https:\/\/muchogusto.nl\/#organization\",\"name\":\"Mucho Gusto\",\"url\":\"https:\/\/muchogusto.nl\/\",\"logo\":{\"@type\":\"ImageObject\",\"inLanguage\":\"de-DE\",\"@id\":\"https:\/\/muchogusto.nl\/#\/schema\/logo\/image\/\",\"url\":\"https:\/\/muchogusto.nl\/wp-content\/uploads\/2022\/08\/logo_header.svg\",\"contentUrl\":\"https:\/\/muchogusto.nl\/wp-content\/uploads\/2022\/08\/logo_header.svg\",\"caption\":\"Mucho Gusto\"},\"image\":{\"@id\":\"https:\/\/muchogusto.nl\/#\/schema\/logo\/image\/\"},\"sameAs\":[\"https:\/\/www.facebook.com\/muchogusto.nl\/\",\"https:\/\/www.instagram.com\/muchogusto.nl\/\"]}]}<\/script>\n<!-- \/ Yoast SEO Premium plugin. -->","yoast_head_json":{"title":"MUCHO GUSTO\u00ae Schal Amsterdam Bunter Patchwork Print","description":"MUCHO GUSTO\u00ae Schal Amsterdam \u2013 ein dreieckiger Schal aus 100% Seide mit buntem Patchwork-Print und Quasten. Dutch Design. Jetzt shoppen!","robots":{"index":"index","follow":"follow","max-snippet":"max-snippet:-1","max-image-preview":"max-image-preview:large","max-video-preview":"max-video-preview:-1"},"canonical":"https:\/\/muchogusto.nl\/de\/produkt\/mucho-gusto-schal-amsterdam-bunter-patchwork-print\/","og_locale":"de_DE","og_type":"article","og_title":"MUCHO GUSTO\u00ae Schal Amsterdam Bunter Patchwork Print","og_description":"MUCHO GUSTO\u00ae Schal Amsterdam \u2013 ein dreieckiger Schal aus 100% Seide mit buntem Patchwork-Print und Quasten. Dutch Design. Jetzt shoppen!","og_url":"https:\/\/muchogusto.nl\/de\/produkt\/mucho-gusto-schal-amsterdam-bunter-patchwork-print\/","og_site_name":"Mucho Gusto","article_publisher":"https:\/\/www.facebook.com\/muchogusto.nl\/","article_modified_time":"2026-04-03T09:06:51+00:00","og_image":[{"width":1920,"height":2560,"url":"http:\/\/muchogusto.nl\/wp-content\/uploads\/2026\/04\/S31AMS001-scaled.jpg","type":"image\/jpeg"}],"twitter_card":"summary_large_image","twitter_misc":{"Est. reading time":"2 minutes"},"schema":{"@context":"https:\/\/schema.org","@graph":[{"@type":"WebPage","@id":"https:\/\/muchogusto.nl\/de\/produkt\/mucho-gusto-schal-amsterdam-bunter-patchwork-print\/","url":"https:\/\/muchogusto.nl\/de\/produkt\/mucho-gusto-schal-amsterdam-bunter-patchwork-print\/","name":"MUCHO GUSTO\u00ae Schal Amsterdam Bunter Patchwork Print","isPartOf":{"@id":"https:\/\/muchogusto.nl\/#website"},"primaryImageOfPage":{"@id":"https:\/\/muchogusto.nl\/de\/produkt\/mucho-gusto-schal-amsterdam-bunter-patchwork-print\/#primaryimage"},"image":{"@id":"https:\/\/muchogusto.nl\/de\/produkt\/mucho-gusto-schal-amsterdam-bunter-patchwork-print\/#primaryimage"},"thumbnailUrl":"https:\/\/muchogusto.nl\/wp-content\/uploads\/2026\/04\/S31AMS001-scaled.jpg","datePublished":"2026-04-03T08:55:09+00:00","dateModified":"2026-04-03T09:06:51+00:00","description":"MUCHO GUSTO\u00ae Schal Amsterdam \u2013 ein dreieckiger Schal aus 100% Seide mit buntem Patchwork-Print und Quasten. Dutch Design. Jetzt shoppen!","breadcrumb":{"@id":"https:\/\/muchogusto.nl\/de\/produkt\/mucho-gusto-schal-amsterdam-bunter-patchwork-print\/#breadcrumb"},"inLanguage":"de-DE","potentialAction":[{"@type":"ReadAction","target":["https:\/\/muchogusto.nl\/de\/produkt\/mucho-gusto-schal-amsterdam-bunter-patchwork-print\/"]}]},{"@type":"ImageObject","inLanguage":"de-DE","@id":"https:\/\/muchogusto.nl\/de\/produkt\/mucho-gusto-schal-amsterdam-bunter-patchwork-print\/#primaryimage","url":"https:\/\/muchogusto.nl\/wp-content\/uploads\/2026\/04\/S31AMS001-scaled.jpg","contentUrl":"https:\/\/muchogusto.nl\/wp-content\/uploads\/2026\/04\/S31AMS001-scaled.jpg","width":1920,"height":2560,"caption":"MUCHO GUSTO\u00ae Schal Amsterdam Bunter Patchwork Print"},{"@type":"BreadcrumbList","@id":"https:\/\/muchogusto.nl\/de\/produkt\/mucho-gusto-schal-amsterdam-bunter-patchwork-print\/#breadcrumb","itemListElement":[{"@type":"ListItem","position":1,"name":"Home","item":"https:\/\/muchogusto.nl\/de\/"},{"@type":"ListItem","position":2,"name":"Shop","item":"https:\/\/muchogusto.nl\/de\/shop-2\/"},{"@type":"ListItem","position":3,"name":"MUCHO GUSTO\u00ae Schal Amsterdam Bunter Patchwork Print"}]},{"@type":"WebSite","@id":"https:\/\/muchogusto.nl\/#website","url":"https:\/\/muchogusto.nl\/","name":"muchogusto.nl","description":"","publisher":{"@id":"https:\/\/muchogusto.nl\/#organization"},"potentialAction":[{"@type":"SearchAction","target":{"@type":"EntryPoint","urlTemplate":"https:\/\/muchogusto.nl\/?s={search_term_string}"},"query-input":{"@type":"PropertyValueSpecification","valueRequired":true,"valueName":"search_term_string"}}],"inLanguage":"de-DE"},{"@type":"Organization","@id":"https:\/\/muchogusto.nl\/#organization","name":"Mucho Gusto","url":"https:\/\/muchogusto.nl\/","logo":{"@type":"ImageObject","inLanguage":"de-DE","@id":"https:\/\/muchogusto.nl\/#\/schema\/logo\/image\/","url":"https:\/\/muchogusto.nl\/wp-content\/uploads\/2022\/08\/logo_header.svg","contentUrl":"https:\/\/muchogusto.nl\/wp-content\/uploads\/2022\/08\/logo_header.svg","caption":"Mucho Gusto"},"image":{"@id":"https:\/\/muchogusto.nl\/#\/schema\/logo\/image\/"},"sameAs":["https:\/\/www.facebook.com\/muchogusto.nl\/","https:\/\/www.instagram.com\/muchogusto.nl\/"]}]}},"_links":{"self":[{"href":"https:\/\/muchogusto.nl\/de\/wp-json\/wp\/v2\/product\/58334","targetHints":{"allow":["GET"]}}],"collection":[{"href":"https:\/\/muchogusto.nl\/de\/wp-json\/wp\/v2\/product"}],"about":[{"href":"https:\/\/muchogusto.nl\/de\/wp-json\/wp\/v2\/types\/product"}],"replies":[{"embeddable":true,"href":"https:\/\/muchogusto.nl\/de\/wp-json\/wp\/v2\/comments?post=58334"}],"wp:featuredmedia":[{"embeddable":true,"href":"https:\/\/muchogusto.nl\/de\/wp-json\/wp\/v2\/media\/58317"}],"wp:attachment":[{"href":"https:\/\/muchogusto.nl\/de\/wp-json\/wp\/v2\/media?parent=58334"}],"wp:term":[{"taxonomy":"product_brand","embeddable":true,"href":"https:\/\/muchogusto.nl\/de\/wp-json\/wp\/v2\/product_brand?post=58334"},{"taxonomy":"product_cat","embeddable":true,"href":"https:\/\/muchogusto.nl\/de\/wp-json\/wp\/v2\/product_cat?post=58334"},{"taxonomy":"product_tag","embeddable":true,"href":"https:\/\/muchogusto.nl\/de\/wp-json\/wp\/v2\/product_tag?post=58334"}],"curies":[{"name":"wp","href":"https:\/\/api.w.org\/{rel}","templated":true}]}}