{"id":57767,"date":"2026-03-02T12:18:08","date_gmt":"2026-03-02T11:18:08","guid":{"rendered":"https:\/\/muchogusto.nl\/product\/mucho-gusto-t-shirt-palm-mozaiek\/"},"modified":"2026-03-02T12:37:16","modified_gmt":"2026-03-02T11:37:16","slug":"mucho-gusto-t-shirt-palmen-mosaik","status":"publish","type":"product","link":"https:\/\/muchogusto.nl\/de\/produkt\/mucho-gusto-t-shirt-palmen-mosaik\/","title":{"rendered":"MUCHO GUSTO\u00ae T-Shirt Palmen Mosaik"},"content":{"rendered":"<h3>DETAILS ZUM PRODUKT<\/h3>\n<p><strong data-start=\"21\" data-end=\"59\">MUCHO GUSTO\u00ae T-Shirt Palmen Mosaik<\/strong><\/p>\n<p data-start=\"0\" data-end=\"353\">Das MUCHO GUSTO\u00ae T-Shirt Palmen Mosaik ist ein raffiniertes und zugleich verspieltes Statement-Piece, das mediterrane Eleganz mit modernem Dutch Design verbindet. Inspiriert von dekorativen Mosaikfliesen und sonnenverw\u00f6hnten Destinationen verk\u00f6rpert dieses ausdrucksstarke T-Shirt Farbe, Kreativit\u00e4t und m\u00fchelose Sommerleichtigkeit.<\/p>\n<p data-start=\"355\" data-end=\"1004\">Das Design besteht aus vier ornamentalen, kachelartigen Panels in sanften und zugleich lebendigen Farbt\u00f6nen. Nuancen wie Rosa, warmes Gelb, T\u00fcrkis und Sand werden von eleganten barocken Rahmen eingefasst. Innerhalb der Mosaik-Komposition sorgen Palmenmotive und dezente tierische Elemente f\u00fcr zus\u00e4tzliche Tiefe und Charakter. Dadurch wirkt der Print verspielt und dennoch harmonisch ausbalanciert. Die symmetrische Anordnung verleiht dem Design Struktur, w\u00e4hrend die warme Riviera-Farbpalette eine entspannte, sonnige Ausstrahlung schafft. Zudem sorgen die feinen Details f\u00fcr ein stilvolles Finish, das weit \u00fcber einen rein l\u00e4ssigen Look hinausgeht.<\/p>\n<p data-start=\"1006\" data-end=\"1387\">Gefertigt aus 100% Baumwolle bietet das T-Shirt eine weiche, atmungsaktive und angenehme Passform. Der nat\u00fcrliche Stoff f\u00fchlt sich leicht auf der Haut an und ist ideal f\u00fcr warme Tage. Au\u00dferdem bleibt der Mosaik-Print auch nach h\u00e4ufigem Tragen klar und farbintensiv. Die entspannte Silhouette sorgt f\u00fcr m\u00fchelose Eleganz und eine schmeichelhafte Passform in allen verf\u00fcgbaren Gr\u00f6\u00dfen.<\/p>\n<p data-start=\"1389\" data-end=\"1873\">Mit seinem klassischen Rundhalsausschnitt und dem vielseitigen Schnitt l\u00e4sst sich das MUCHO GUSTO\u00ae T-Shirt Palmen Mosaik perfekt mit einer wei\u00dfen Hose, heller Denim oder einem sommerlichen Rock kombinieren. Tragen Sie es leger mit Sandalen f\u00fcr einen stilvollen Alltagslook oder werten Sie es mit Accessoires f\u00fcr ein elegantes Resort-Outfit auf. Dieses T-Shirt steht f\u00fcr k\u00fcnstlerische Prints, feminine Selbstsicherheit und zeitgem\u00e4\u00dfe Sommermode im unverkennbaren MUCHO GUSTO\u00ae Stil.<\/p>\n<p data-start=\"1875\" data-end=\"1977\"><strong>Dutch Design<\/strong><br data-start=\"1887\" data-end=\"1890\" \/><strong>Material:<\/strong> 100% Baumwolle<br data-start=\"1914\" data-end=\"1917\" \/><strong>Verf\u00fcgbare Gr\u00f6\u00dfen:<\/strong> XS, S, M, L, XL, XXL, 3XL<br data-start=\"1961\" data-end=\"1964\" \/><strong>Farbe:<\/strong> Wei\u00df<\/p>\n<div class=\"summary\">\n<div class=\"tccContent\">\n<h3>PASSENDE ARTIKEL<\/h3>\n<p class=\"p2\"><span class=\"s1\">Vervollst\u00e4ndigen Sie Ihren Look mit einem passenden\u00a0<a href=\"https:\/\/muchogusto.nl\/de\/schals\/\"><span class=\"s2\">Schal<\/span><\/a>.<br \/>\n<\/span><span class=\"s1\">M\u00f6chten Sie mehr Blusen sehen? Dann schauen Sie sich unsere\u00a0<a href=\"https:\/\/muchogusto.nl\/de\/blusen\/\"><span class=\"s2\">Bekleidungsseite<\/span><\/a>\u00a0an.<br \/>\n<\/span><span class=\"s1\">M\u00f6chten Sie mehr Inspiration? Besuchen Sie unsere\u00a0<a href=\"https:\/\/www.instagram.com\/muchogusto.nl\/\"><span class=\"s2\">Instagram<\/span><\/a>-Seite.\u00a0<\/span><\/p>\n<h3>BRAUCHEN SIE HILFE?<\/h3>\n<p>Wenn Sie Fragen zu diesem Artikel oder der Gr\u00f6\u00dfe haben, senden Sie eine E-Mail an unseren Kundenservice unter<a href=\"http:\/\/muchogusto.nl\/de\/\"><span class=\"s2\">web@muchogusto.nl.<\/span><\/a><\/p>\n<h3>GR\u00d6SSENTABELLEN<\/h3>\n<p>Unsere Gr\u00f6\u00dfen sind in europ\u00e4ischen Gr\u00f6\u00dfen angegeben. Sie k\u00f6nnen diese Gr\u00f6\u00dfen anhand der Tabellen\u00a0<a href=\"https:\/\/muchogusto.nl\/de\/grossentabellen\/\">auf dieser Seite<\/a>\u00a0leicht umrechnen. Die Passform kann je nach Stil oder pers\u00f6nlicher Vorliebe variieren.<\/p>\n<\/div>\n<\/div>\n","protected":false},"excerpt":{"rendered":"<p>DETAILS ZUM PRODUKT MUCHO GUSTO\u00ae T-Shirt Palmen Mosaik Das MUCHO GUSTO\u00ae T-Shirt Palmen Mosaik ist ein raffiniertes und zugleich verspieltes Statement-Piece, das mediterrane Eleganz mit modernem Dutch Design verbindet. Inspiriert von dekorativen Mosaikfliesen und sonnenverw\u00f6hnten Destinationen verk\u00f6rpert dieses ausdrucksstarke T-Shirt Farbe, Kreativit\u00e4t und m\u00fchelose Sommerleichtigkeit. Das Design besteht aus vier ornamentalen, kachelartigen Panels in sanften [&hellip;]<\/p>\n","protected":false},"featured_media":57688,"comment_status":"open","ping_status":"closed","template":"","meta":{"_acf_changed":false,"inline_featured_image":false,"navigation_state":false,"_genesis_hide_title":false,"_genesis_hide_breadcrumbs":false,"_genesis_hide_singular_image":false,"_genesis_hide_footer_widgets":false,"_genesis_custom_body_class":"","_genesis_custom_post_class":"","_genesis_layout":""},"product_brand":[],"product_cat":[85,7201],"product_tag":[],"class_list":{"0":"post-57767","1":"product","2":"type-product","3":"status-publish","4":"has-post-thumbnail","6":"product_cat-neu","7":"product_cat-t-shirt-de-2","8":"entry","10":"first","11":"instock","12":"taxable","13":"shipping-taxable","14":"purchasable","15":"product-type-variable"},"acf":[],"yoast_head":"<!-- This site is optimized with the Yoast SEO Premium plugin v27.2 (Yoast SEO v27.2) - https:\/\/yoast.com\/product\/yoast-seo-premium-wordpress\/ -->\n<title>MUCHO GUSTO\u00ae T-Shirt Palmen Mosaik<\/title>\n<meta name=\"description\" content=\"MUCHO GUSTO\u00ae T-Shirt Palmen Mosaik \u2013 wei\u00dfes T-Shirt aus 100% Baumwolle mit farbigem Mosaik-Palmenprint. Gr\u00f6\u00dfen XS\u20133XL. Dutch Design.\" \/>\n<meta name=\"robots\" content=\"index, follow, max-snippet:-1, max-image-preview:large, max-video-preview:-1\" \/>\n<link rel=\"canonical\" href=\"https:\/\/muchogusto.nl\/de\/produkt\/mucho-gusto-t-shirt-palmen-mosaik\/\" \/>\n<meta property=\"og:locale\" content=\"de_DE\" \/>\n<meta property=\"og:type\" content=\"article\" \/>\n<meta property=\"og:title\" content=\"MUCHO GUSTO\u00ae T-Shirt Palmen Mosaik\" \/>\n<meta property=\"og:description\" content=\"MUCHO GUSTO\u00ae T-Shirt Palmen Mosaik \u2013 wei\u00dfes T-Shirt aus 100% Baumwolle mit farbigem Mosaik-Palmenprint. Gr\u00f6\u00dfen XS\u20133XL. Dutch Design.\" \/>\n<meta property=\"og:url\" content=\"https:\/\/muchogusto.nl\/de\/produkt\/mucho-gusto-t-shirt-palmen-mosaik\/\" \/>\n<meta property=\"og:site_name\" content=\"Mucho Gusto\" \/>\n<meta property=\"article:publisher\" content=\"https:\/\/www.facebook.com\/muchogusto.nl\/\" \/>\n<meta property=\"article:modified_time\" content=\"2026-03-02T11:37:16+00:00\" \/>\n<meta property=\"og:image\" content=\"http:\/\/muchogusto.nl\/wp-content\/uploads\/2026\/03\/C61TSH076-scaled.jpg\" \/>\n\t<meta property=\"og:image:width\" content=\"1920\" \/>\n\t<meta property=\"og:image:height\" content=\"2560\" \/>\n\t<meta property=\"og:image:type\" content=\"image\/jpeg\" \/>\n<meta name=\"twitter:card\" content=\"summary_large_image\" \/>\n<meta name=\"twitter:label1\" content=\"Est. reading time\" \/>\n\t<meta name=\"twitter:data1\" content=\"2 minutes\" \/>\n<script type=\"application\/ld+json\" class=\"yoast-schema-graph\">{\"@context\":\"https:\/\/schema.org\",\"@graph\":[{\"@type\":\"WebPage\",\"@id\":\"https:\/\/muchogusto.nl\/de\/produkt\/mucho-gusto-t-shirt-palmen-mosaik\/\",\"url\":\"https:\/\/muchogusto.nl\/de\/produkt\/mucho-gusto-t-shirt-palmen-mosaik\/\",\"name\":\"MUCHO GUSTO\u00ae T-Shirt Palmen Mosaik\",\"isPartOf\":{\"@id\":\"https:\/\/muchogusto.nl\/#website\"},\"primaryImageOfPage\":{\"@id\":\"https:\/\/muchogusto.nl\/de\/produkt\/mucho-gusto-t-shirt-palmen-mosaik\/#primaryimage\"},\"image\":{\"@id\":\"https:\/\/muchogusto.nl\/de\/produkt\/mucho-gusto-t-shirt-palmen-mosaik\/#primaryimage\"},\"thumbnailUrl\":\"https:\/\/muchogusto.nl\/wp-content\/uploads\/2026\/03\/C61TSH076-scaled.jpg\",\"datePublished\":\"2026-03-02T11:18:08+00:00\",\"dateModified\":\"2026-03-02T11:37:16+00:00\",\"description\":\"MUCHO GUSTO\u00ae T-Shirt Palmen Mosaik \u2013 wei\u00dfes T-Shirt aus 100% Baumwolle mit farbigem Mosaik-Palmenprint. Gr\u00f6\u00dfen XS\u20133XL. Dutch Design.\",\"breadcrumb\":{\"@id\":\"https:\/\/muchogusto.nl\/de\/produkt\/mucho-gusto-t-shirt-palmen-mosaik\/#breadcrumb\"},\"inLanguage\":\"de-DE\",\"potentialAction\":[{\"@type\":\"ReadAction\",\"target\":[\"https:\/\/muchogusto.nl\/de\/produkt\/mucho-gusto-t-shirt-palmen-mosaik\/\"]}]},{\"@type\":\"ImageObject\",\"inLanguage\":\"de-DE\",\"@id\":\"https:\/\/muchogusto.nl\/de\/produkt\/mucho-gusto-t-shirt-palmen-mosaik\/#primaryimage\",\"url\":\"https:\/\/muchogusto.nl\/wp-content\/uploads\/2026\/03\/C61TSH076-scaled.jpg\",\"contentUrl\":\"https:\/\/muchogusto.nl\/wp-content\/uploads\/2026\/03\/C61TSH076-scaled.jpg\",\"width\":1920,\"height\":2560,\"caption\":\"MUCHO GUSTO\u00ae T-Shirt Palmen Mosaik\"},{\"@type\":\"BreadcrumbList\",\"@id\":\"https:\/\/muchogusto.nl\/de\/produkt\/mucho-gusto-t-shirt-palmen-mosaik\/#breadcrumb\",\"itemListElement\":[{\"@type\":\"ListItem\",\"position\":1,\"name\":\"Home\",\"item\":\"https:\/\/muchogusto.nl\/de\/\"},{\"@type\":\"ListItem\",\"position\":2,\"name\":\"Shop\",\"item\":\"https:\/\/muchogusto.nl\/de\/shop-2\/\"},{\"@type\":\"ListItem\",\"position\":3,\"name\":\"MUCHO GUSTO\u00ae T-Shirt Palmen Mosaik\"}]},{\"@type\":\"WebSite\",\"@id\":\"https:\/\/muchogusto.nl\/#website\",\"url\":\"https:\/\/muchogusto.nl\/\",\"name\":\"muchogusto.nl\",\"description\":\"\",\"publisher\":{\"@id\":\"https:\/\/muchogusto.nl\/#organization\"},\"potentialAction\":[{\"@type\":\"SearchAction\",\"target\":{\"@type\":\"EntryPoint\",\"urlTemplate\":\"https:\/\/muchogusto.nl\/?s={search_term_string}\"},\"query-input\":{\"@type\":\"PropertyValueSpecification\",\"valueRequired\":true,\"valueName\":\"search_term_string\"}}],\"inLanguage\":\"de-DE\"},{\"@type\":\"Organization\",\"@id\":\"https:\/\/muchogusto.nl\/#organization\",\"name\":\"Mucho Gusto\",\"url\":\"https:\/\/muchogusto.nl\/\",\"logo\":{\"@type\":\"ImageObject\",\"inLanguage\":\"de-DE\",\"@id\":\"https:\/\/muchogusto.nl\/#\/schema\/logo\/image\/\",\"url\":\"https:\/\/muchogusto.nl\/wp-content\/uploads\/2022\/08\/logo_header.svg\",\"contentUrl\":\"https:\/\/muchogusto.nl\/wp-content\/uploads\/2022\/08\/logo_header.svg\",\"caption\":\"Mucho Gusto\"},\"image\":{\"@id\":\"https:\/\/muchogusto.nl\/#\/schema\/logo\/image\/\"},\"sameAs\":[\"https:\/\/www.facebook.com\/muchogusto.nl\/\",\"https:\/\/www.instagram.com\/muchogusto.nl\/\"]}]}<\/script>\n<!-- \/ Yoast SEO Premium plugin. -->","yoast_head_json":{"title":"MUCHO GUSTO\u00ae T-Shirt Palmen Mosaik","description":"MUCHO GUSTO\u00ae T-Shirt Palmen Mosaik \u2013 wei\u00dfes T-Shirt aus 100% Baumwolle mit farbigem Mosaik-Palmenprint. Gr\u00f6\u00dfen XS\u20133XL. Dutch Design.","robots":{"index":"index","follow":"follow","max-snippet":"max-snippet:-1","max-image-preview":"max-image-preview:large","max-video-preview":"max-video-preview:-1"},"canonical":"https:\/\/muchogusto.nl\/de\/produkt\/mucho-gusto-t-shirt-palmen-mosaik\/","og_locale":"de_DE","og_type":"article","og_title":"MUCHO GUSTO\u00ae T-Shirt Palmen Mosaik","og_description":"MUCHO GUSTO\u00ae T-Shirt Palmen Mosaik \u2013 wei\u00dfes T-Shirt aus 100% Baumwolle mit farbigem Mosaik-Palmenprint. Gr\u00f6\u00dfen XS\u20133XL. Dutch Design.","og_url":"https:\/\/muchogusto.nl\/de\/produkt\/mucho-gusto-t-shirt-palmen-mosaik\/","og_site_name":"Mucho Gusto","article_publisher":"https:\/\/www.facebook.com\/muchogusto.nl\/","article_modified_time":"2026-03-02T11:37:16+00:00","og_image":[{"width":1920,"height":2560,"url":"http:\/\/muchogusto.nl\/wp-content\/uploads\/2026\/03\/C61TSH076-scaled.jpg","type":"image\/jpeg"}],"twitter_card":"summary_large_image","twitter_misc":{"Est. reading time":"2 minutes"},"schema":{"@context":"https:\/\/schema.org","@graph":[{"@type":"WebPage","@id":"https:\/\/muchogusto.nl\/de\/produkt\/mucho-gusto-t-shirt-palmen-mosaik\/","url":"https:\/\/muchogusto.nl\/de\/produkt\/mucho-gusto-t-shirt-palmen-mosaik\/","name":"MUCHO GUSTO\u00ae T-Shirt Palmen Mosaik","isPartOf":{"@id":"https:\/\/muchogusto.nl\/#website"},"primaryImageOfPage":{"@id":"https:\/\/muchogusto.nl\/de\/produkt\/mucho-gusto-t-shirt-palmen-mosaik\/#primaryimage"},"image":{"@id":"https:\/\/muchogusto.nl\/de\/produkt\/mucho-gusto-t-shirt-palmen-mosaik\/#primaryimage"},"thumbnailUrl":"https:\/\/muchogusto.nl\/wp-content\/uploads\/2026\/03\/C61TSH076-scaled.jpg","datePublished":"2026-03-02T11:18:08+00:00","dateModified":"2026-03-02T11:37:16+00:00","description":"MUCHO GUSTO\u00ae T-Shirt Palmen Mosaik \u2013 wei\u00dfes T-Shirt aus 100% Baumwolle mit farbigem Mosaik-Palmenprint. Gr\u00f6\u00dfen XS\u20133XL. Dutch Design.","breadcrumb":{"@id":"https:\/\/muchogusto.nl\/de\/produkt\/mucho-gusto-t-shirt-palmen-mosaik\/#breadcrumb"},"inLanguage":"de-DE","potentialAction":[{"@type":"ReadAction","target":["https:\/\/muchogusto.nl\/de\/produkt\/mucho-gusto-t-shirt-palmen-mosaik\/"]}]},{"@type":"ImageObject","inLanguage":"de-DE","@id":"https:\/\/muchogusto.nl\/de\/produkt\/mucho-gusto-t-shirt-palmen-mosaik\/#primaryimage","url":"https:\/\/muchogusto.nl\/wp-content\/uploads\/2026\/03\/C61TSH076-scaled.jpg","contentUrl":"https:\/\/muchogusto.nl\/wp-content\/uploads\/2026\/03\/C61TSH076-scaled.jpg","width":1920,"height":2560,"caption":"MUCHO GUSTO\u00ae T-Shirt Palmen Mosaik"},{"@type":"BreadcrumbList","@id":"https:\/\/muchogusto.nl\/de\/produkt\/mucho-gusto-t-shirt-palmen-mosaik\/#breadcrumb","itemListElement":[{"@type":"ListItem","position":1,"name":"Home","item":"https:\/\/muchogusto.nl\/de\/"},{"@type":"ListItem","position":2,"name":"Shop","item":"https:\/\/muchogusto.nl\/de\/shop-2\/"},{"@type":"ListItem","position":3,"name":"MUCHO GUSTO\u00ae T-Shirt Palmen Mosaik"}]},{"@type":"WebSite","@id":"https:\/\/muchogusto.nl\/#website","url":"https:\/\/muchogusto.nl\/","name":"muchogusto.nl","description":"","publisher":{"@id":"https:\/\/muchogusto.nl\/#organization"},"potentialAction":[{"@type":"SearchAction","target":{"@type":"EntryPoint","urlTemplate":"https:\/\/muchogusto.nl\/?s={search_term_string}"},"query-input":{"@type":"PropertyValueSpecification","valueRequired":true,"valueName":"search_term_string"}}],"inLanguage":"de-DE"},{"@type":"Organization","@id":"https:\/\/muchogusto.nl\/#organization","name":"Mucho Gusto","url":"https:\/\/muchogusto.nl\/","logo":{"@type":"ImageObject","inLanguage":"de-DE","@id":"https:\/\/muchogusto.nl\/#\/schema\/logo\/image\/","url":"https:\/\/muchogusto.nl\/wp-content\/uploads\/2022\/08\/logo_header.svg","contentUrl":"https:\/\/muchogusto.nl\/wp-content\/uploads\/2022\/08\/logo_header.svg","caption":"Mucho Gusto"},"image":{"@id":"https:\/\/muchogusto.nl\/#\/schema\/logo\/image\/"},"sameAs":["https:\/\/www.facebook.com\/muchogusto.nl\/","https:\/\/www.instagram.com\/muchogusto.nl\/"]}]}},"_links":{"self":[{"href":"https:\/\/muchogusto.nl\/de\/wp-json\/wp\/v2\/product\/57767","targetHints":{"allow":["GET"]}}],"collection":[{"href":"https:\/\/muchogusto.nl\/de\/wp-json\/wp\/v2\/product"}],"about":[{"href":"https:\/\/muchogusto.nl\/de\/wp-json\/wp\/v2\/types\/product"}],"replies":[{"embeddable":true,"href":"https:\/\/muchogusto.nl\/de\/wp-json\/wp\/v2\/comments?post=57767"}],"wp:featuredmedia":[{"embeddable":true,"href":"https:\/\/muchogusto.nl\/de\/wp-json\/wp\/v2\/media\/57688"}],"wp:attachment":[{"href":"https:\/\/muchogusto.nl\/de\/wp-json\/wp\/v2\/media?parent=57767"}],"wp:term":[{"taxonomy":"product_brand","embeddable":true,"href":"https:\/\/muchogusto.nl\/de\/wp-json\/wp\/v2\/product_brand?post=57767"},{"taxonomy":"product_cat","embeddable":true,"href":"https:\/\/muchogusto.nl\/de\/wp-json\/wp\/v2\/product_cat?post=57767"},{"taxonomy":"product_tag","embeddable":true,"href":"https:\/\/muchogusto.nl\/de\/wp-json\/wp\/v2\/product_tag?post=57767"}],"curies":[{"name":"wp","href":"https:\/\/api.w.org\/{rel}","templated":true}]}}