{"id":57734,"date":"2026-03-02T12:02:34","date_gmt":"2026-03-02T11:02:34","guid":{"rendered":"https:\/\/muchogusto.nl\/?post_type=product&#038;p=57734"},"modified":"2026-03-02T14:41:26","modified_gmt":"2026-03-02T13:41:26","slug":"mucho-gusto-t-shirt-mucho-tuerkisfarbener-leopard-eleganz","status":"publish","type":"product","link":"https:\/\/muchogusto.nl\/de\/produkt\/mucho-gusto-t-shirt-mucho-tuerkisfarbener-leopard-eleganz\/","title":{"rendered":"MUCHO GUSTO\u00ae T-Shirt Mucho T\u00fcrkisfarbener Leopard Eleganz"},"content":{"rendered":"<h3>DETAILS ZUM PRODUKT<\/h3>\n<p><strong>MUCHO GUSTO\u00ae T-Shirt Mucho T\u00fcrkisfarbener Leopard Eleganz<\/strong><\/p>\n<div class=\"flex flex-col text-sm pb-25\">\n<article class=\"text-token-text-primary w-full focus:outline-none [--shadow-height:45px] has-data-writing-block:pointer-events-none has-data-writing-block:-mt-(--shadow-height) has-data-writing-block:pt-(--shadow-height) [&amp;:has([data-writing-block])&gt;*]:pointer-events-auto scroll-mt-[calc(var(--header-height)+min(200px,max(70px,20svh)))]\" dir=\"auto\" tabindex=\"-1\" data-turn-id=\"request-WEB:9501fe60-a1a5-4029-aa53-edadaed80c06-2\" data-testid=\"conversation-turn-2\" data-scroll-anchor=\"true\" data-turn=\"assistant\">\n<div class=\"text-base my-auto mx-auto pb-10 [--thread-content-margin:--spacing(4)] @w-sm\/main:[--thread-content-margin:--spacing(6)] @w-lg\/main:[--thread-content-margin:--spacing(16)] px-(--thread-content-margin)\">\n<div class=\"[--thread-content-max-width:40rem] @w-lg\/main:[--thread-content-max-width:48rem] mx-auto max-w-(--thread-content-max-width) flex-1 group\/turn-messages focus-visible:outline-hidden relative flex w-full min-w-0 flex-col agent-turn\" tabindex=\"-1\">\n<div class=\"flex max-w-full flex-col grow\">\n<div class=\"min-h-8 text-message relative flex w-full flex-col items-end gap-2 text-start break-words whitespace-normal [.text-message+&amp;]:mt-1\" dir=\"auto\" data-message-author-role=\"assistant\" data-message-id=\"8e6c25d6-9be6-4131-8ae4-24c08893e623\" data-message-model-slug=\"gpt-5-2\">\n<div class=\"flex w-full flex-col gap-1 empty:hidden first:pt-[1px]\">\n<div class=\"markdown prose dark:prose-invert w-full wrap-break-word light markdown-new-styling\">\n<p>Das MUCHO GUSTO\u00ae T-Shirt Mucho T\u00fcrkisfarbener Leopard Eleganz ist ein kraftvolles und dennoch raffiniertes Statement-St\u00fcck, das St\u00e4rke, Selbstbewusstsein und zeitgem\u00e4\u00dfen Sommerstil verk\u00f6rpert. Dieses ausdrucksstarke Design zeichnet sich durch eine auff\u00e4llige Leopardenillustration in leuchtendem T\u00fcrkis, sanftem Sand und dezenten Pastellt\u00f6nen aus. Das k\u00fchne Tiermotiv wirkt intensiv und symbolisiert Mut und Eleganz in perfekter Harmonie.<\/p>\n<p>Vor einem klaren wei\u00dfen Hintergrund kommt der farbenfrohe Druck wundersch\u00f6n zur Geltung und sorgt gleichzeitig f\u00fcr einen ausgewogenen und raffinierten Look. Der k\u00fcnstlerische Hintergrund verbindet abstrakte Formen und flie\u00dfende Akzente in T\u00fcrkis, Beige, Rosa und warmen Neutralt\u00f6nen. Das Ergebnis ist ein modernes, frisches Design, das unverkennbar MUCHO GUSTO\u00ae ist.<\/p>\n<p>Dieses T-Shirt aus 100 % Baumwolle f\u00fchlt sich weich und atmungsaktiv an und ist ideal f\u00fcr w\u00e4rmere Tage. Dar\u00fcber hinaus sorgt der nat\u00fcrliche Stoff f\u00fcr dauerhaften Komfort und beh\u00e4lt den ganzen Tag \u00fcber seine Form. Die lockere Silhouette erm\u00f6glicht ein m\u00fcheloses Styling und macht es sowohl praktisch als auch stilvoll.<\/p>\n<p>Dank seines klassischen Rundhalsausschnitts und seiner vielseitigen Passform passt das Mucho Turquoise Leopard Elegance T-Shirt perfekt zu heller Jeans, eleganten wei\u00dfen Hosen oder einem passenden Statement-St\u00fcck f\u00fcr einen abgestimmten Look. Tragen Sie es l\u00e4ssig mit Sandalen f\u00fcr einen schicken Tageslook oder kombinieren Sie es mit Accessoires f\u00fcr ein raffiniertes, vom Resort inspiriertes Outfit. So l\u00e4sst sich dieses Design nahtlos von entspannten Stadtbummeln zu eleganten Sommerabenden \u00fcbertragen.<\/p>\n<p>Letztendlich zelebriert das T-Shirt Mucho k\u00fchne Weiblichkeit, k\u00fcnstlerischen Ausdruck und m\u00fchelose Eleganz \u2013 ein getreues Spiegelbild des niederl\u00e4ndischen Designs mit selbstbewusstem Geist.<\/p>\n<p><strong>Niederl\u00e4ndisches Design<\/strong><br \/>\n<strong>Material:<\/strong> 100 % Baumwolle<br \/>\n<strong>Verf\u00fcgbare Gr\u00f6\u00dfen<\/strong>: XS, S, M, L, XL, XXL, 3XL<br \/>\n<strong>Farbe:<\/strong> Wei\u00df<\/p>\n<p><strong>Achtung:<\/strong> Lieferzeit ca. 7 Tage.<\/p>\n<div class=\"summary\">\n<div class=\"tccContent\">\n<div class=\"summary\">\n<div class=\"tccContent\">\n<h3>PASSENDE ARTIKEL<\/h3>\n<p class=\"p2\"><span class=\"s1\">Vervollst\u00e4ndigen Sie Ihren Look mit einem passenden\u00a0<a href=\"https:\/\/muchogusto.nl\/de\/schals\/\"><span class=\"s2\">Schal<\/span><\/a>.<br \/>\n<\/span><span class=\"s1\">M\u00f6chten Sie mehr Blusen sehen? Dann schauen Sie sich unsere\u00a0<a href=\"https:\/\/muchogusto.nl\/de\/blusen\/\"><span class=\"s2\">Bekleidungsseite<\/span><\/a>\u00a0an.<br \/>\n<\/span><span class=\"s1\">M\u00f6chten Sie mehr Inspiration? Besuchen Sie unsere\u00a0<a href=\"https:\/\/www.instagram.com\/muchogusto.nl\/\"><span class=\"s2\">Instagram<\/span><\/a>-Seite.\u00a0<\/span><\/p>\n<h3>BRAUCHEN SIE HILFE?<\/h3>\n<p>Wenn Sie Fragen zu diesem Artikel oder der Gr\u00f6\u00dfe haben, senden Sie eine E-Mail an unseren Kundenservice unter<a href=\"http:\/\/muchogusto.nl\/de\/\"><span class=\"s2\">web@muchogusto.nl.<\/span><\/a><\/p>\n<h3>GR\u00d6SSENTABELLEN<\/h3>\n<p>Unsere Gr\u00f6\u00dfen sind in europ\u00e4ischen Gr\u00f6\u00dfen angegeben. Sie k\u00f6nnen diese Gr\u00f6\u00dfen anhand der Tabellen\u00a0<a href=\"https:\/\/muchogusto.nl\/de\/grossentabellen\/\">auf dieser Seite<\/a> leicht umrechnen. Die Passform kann je nach Stil oder pers\u00f6nlicher Vorliebe variieren.<\/p>\n<\/div>\n<\/div>\n<\/div>\n<\/div>\n<\/div>\n<\/div>\n<\/div>\n<\/div>\n<\/div>\n<\/div>\n<\/article>\n<\/div>\n","protected":false},"excerpt":{"rendered":"<p>DETAILS ZUM PRODUKT MUCHO GUSTO\u00ae T-Shirt Mucho T\u00fcrkisfarbener Leopard Eleganz Das MUCHO GUSTO\u00ae T-Shirt Mucho T\u00fcrkisfarbener Leopard Eleganz ist ein kraftvolles und dennoch raffiniertes Statement-St\u00fcck, das St\u00e4rke, Selbstbewusstsein und zeitgem\u00e4\u00dfen Sommerstil verk\u00f6rpert. Dieses ausdrucksstarke Design zeichnet sich durch eine auff\u00e4llige Leopardenillustration in leuchtendem T\u00fcrkis, sanftem Sand und dezenten Pastellt\u00f6nen aus. Das k\u00fchne Tiermotiv wirkt intensiv [&hellip;]<\/p>\n","protected":false},"featured_media":57694,"comment_status":"open","ping_status":"closed","template":"","meta":{"_acf_changed":false,"inline_featured_image":false,"navigation_state":false,"_genesis_hide_title":false,"_genesis_hide_breadcrumbs":false,"_genesis_hide_singular_image":false,"_genesis_hide_footer_widgets":false,"_genesis_custom_body_class":"","_genesis_custom_post_class":"","_genesis_layout":""},"product_brand":[],"product_cat":[69,85,7201],"product_tag":[],"class_list":{"0":"post-57734","1":"product","2":"type-product","3":"status-publish","4":"has-post-thumbnail","6":"product_cat-kleidung","7":"product_cat-neu","8":"product_cat-t-shirt-de-2","9":"entry","11":"first","12":"instock","13":"taxable","14":"shipping-taxable","15":"purchasable","16":"product-type-variable"},"acf":[],"yoast_head":"<!-- This site is optimized with the Yoast SEO Premium plugin v27.2 (Yoast SEO v27.2) - https:\/\/yoast.com\/product\/yoast-seo-premium-wordpress\/ -->\n<title>MUCHO GUSTO\u00ae T-Shirt Mucho T\u00fcrkisfarbener Leopard Eleganz<\/title>\n<meta name=\"description\" content=\"MUCHO GUSTO\u00ae T-Shirt Mucho T\u00fcrkisfarbener Leopard Eleganz \u2013 stilvolles Shirt mit markantem Leo-Print. Dutch Design trifft moderne Klasse.\" \/>\n<meta name=\"robots\" content=\"index, follow, max-snippet:-1, max-image-preview:large, max-video-preview:-1\" \/>\n<link rel=\"canonical\" href=\"https:\/\/muchogusto.nl\/de\/produkt\/mucho-gusto-t-shirt-mucho-tuerkisfarbener-leopard-eleganz\/\" \/>\n<meta property=\"og:locale\" content=\"de_DE\" \/>\n<meta property=\"og:type\" content=\"article\" \/>\n<meta property=\"og:title\" content=\"MUCHO GUSTO\u00ae T-Shirt Mucho T\u00fcrkisfarbener Leopard Eleganz\" \/>\n<meta property=\"og:description\" content=\"MUCHO GUSTO\u00ae T-Shirt Mucho T\u00fcrkisfarbener Leopard Eleganz \u2013 stilvolles Shirt mit markantem Leo-Print. Dutch Design trifft moderne Klasse.\" \/>\n<meta property=\"og:url\" content=\"https:\/\/muchogusto.nl\/de\/produkt\/mucho-gusto-t-shirt-mucho-tuerkisfarbener-leopard-eleganz\/\" \/>\n<meta property=\"og:site_name\" content=\"Mucho Gusto\" \/>\n<meta property=\"article:publisher\" content=\"https:\/\/www.facebook.com\/muchogusto.nl\/\" \/>\n<meta property=\"article:modified_time\" content=\"2026-03-02T13:41:26+00:00\" \/>\n<meta property=\"og:image\" content=\"http:\/\/muchogusto.nl\/wp-content\/uploads\/2026\/03\/C61TSH082-scaled.jpg\" \/>\n\t<meta property=\"og:image:width\" content=\"1920\" \/>\n\t<meta property=\"og:image:height\" content=\"2560\" \/>\n\t<meta property=\"og:image:type\" content=\"image\/jpeg\" \/>\n<meta name=\"twitter:card\" content=\"summary_large_image\" \/>\n<meta name=\"twitter:label1\" content=\"Est. reading time\" \/>\n\t<meta name=\"twitter:data1\" content=\"2 minutes\" \/>\n<script type=\"application\/ld+json\" class=\"yoast-schema-graph\">{\"@context\":\"https:\/\/schema.org\",\"@graph\":[{\"@type\":\"WebPage\",\"@id\":\"https:\/\/muchogusto.nl\/de\/produkt\/mucho-gusto-t-shirt-mucho-tuerkisfarbener-leopard-eleganz\/\",\"url\":\"https:\/\/muchogusto.nl\/de\/produkt\/mucho-gusto-t-shirt-mucho-tuerkisfarbener-leopard-eleganz\/\",\"name\":\"MUCHO GUSTO\u00ae T-Shirt Mucho T\u00fcrkisfarbener Leopard Eleganz\",\"isPartOf\":{\"@id\":\"https:\/\/muchogusto.nl\/#website\"},\"primaryImageOfPage\":{\"@id\":\"https:\/\/muchogusto.nl\/de\/produkt\/mucho-gusto-t-shirt-mucho-tuerkisfarbener-leopard-eleganz\/#primaryimage\"},\"image\":{\"@id\":\"https:\/\/muchogusto.nl\/de\/produkt\/mucho-gusto-t-shirt-mucho-tuerkisfarbener-leopard-eleganz\/#primaryimage\"},\"thumbnailUrl\":\"https:\/\/muchogusto.nl\/wp-content\/uploads\/2026\/03\/C61TSH082-scaled.jpg\",\"datePublished\":\"2026-03-02T11:02:34+00:00\",\"dateModified\":\"2026-03-02T13:41:26+00:00\",\"description\":\"MUCHO GUSTO\u00ae T-Shirt Mucho T\u00fcrkisfarbener Leopard Eleganz \u2013 stilvolles Shirt mit markantem Leo-Print. Dutch Design trifft moderne Klasse.\",\"breadcrumb\":{\"@id\":\"https:\/\/muchogusto.nl\/de\/produkt\/mucho-gusto-t-shirt-mucho-tuerkisfarbener-leopard-eleganz\/#breadcrumb\"},\"inLanguage\":\"de-DE\",\"potentialAction\":[{\"@type\":\"ReadAction\",\"target\":[\"https:\/\/muchogusto.nl\/de\/produkt\/mucho-gusto-t-shirt-mucho-tuerkisfarbener-leopard-eleganz\/\"]}]},{\"@type\":\"ImageObject\",\"inLanguage\":\"de-DE\",\"@id\":\"https:\/\/muchogusto.nl\/de\/produkt\/mucho-gusto-t-shirt-mucho-tuerkisfarbener-leopard-eleganz\/#primaryimage\",\"url\":\"https:\/\/muchogusto.nl\/wp-content\/uploads\/2026\/03\/C61TSH082-scaled.jpg\",\"contentUrl\":\"https:\/\/muchogusto.nl\/wp-content\/uploads\/2026\/03\/C61TSH082-scaled.jpg\",\"width\":1920,\"height\":2560,\"caption\":\"MUCHO GUSTO\u00ae T-Shirt Mucho T\u00fcrkisfarbener Leopard Eleganz\"},{\"@type\":\"BreadcrumbList\",\"@id\":\"https:\/\/muchogusto.nl\/de\/produkt\/mucho-gusto-t-shirt-mucho-tuerkisfarbener-leopard-eleganz\/#breadcrumb\",\"itemListElement\":[{\"@type\":\"ListItem\",\"position\":1,\"name\":\"Home\",\"item\":\"https:\/\/muchogusto.nl\/de\/\"},{\"@type\":\"ListItem\",\"position\":2,\"name\":\"Shop\",\"item\":\"https:\/\/muchogusto.nl\/de\/shop-2\/\"},{\"@type\":\"ListItem\",\"position\":3,\"name\":\"MUCHO GUSTO\u00ae T-Shirt Mucho T\u00fcrkisfarbener Leopard Eleganz\"}]},{\"@type\":\"WebSite\",\"@id\":\"https:\/\/muchogusto.nl\/#website\",\"url\":\"https:\/\/muchogusto.nl\/\",\"name\":\"muchogusto.nl\",\"description\":\"\",\"publisher\":{\"@id\":\"https:\/\/muchogusto.nl\/#organization\"},\"potentialAction\":[{\"@type\":\"SearchAction\",\"target\":{\"@type\":\"EntryPoint\",\"urlTemplate\":\"https:\/\/muchogusto.nl\/?s={search_term_string}\"},\"query-input\":{\"@type\":\"PropertyValueSpecification\",\"valueRequired\":true,\"valueName\":\"search_term_string\"}}],\"inLanguage\":\"de-DE\"},{\"@type\":\"Organization\",\"@id\":\"https:\/\/muchogusto.nl\/#organization\",\"name\":\"Mucho Gusto\",\"url\":\"https:\/\/muchogusto.nl\/\",\"logo\":{\"@type\":\"ImageObject\",\"inLanguage\":\"de-DE\",\"@id\":\"https:\/\/muchogusto.nl\/#\/schema\/logo\/image\/\",\"url\":\"https:\/\/muchogusto.nl\/wp-content\/uploads\/2022\/08\/logo_header.svg\",\"contentUrl\":\"https:\/\/muchogusto.nl\/wp-content\/uploads\/2022\/08\/logo_header.svg\",\"caption\":\"Mucho Gusto\"},\"image\":{\"@id\":\"https:\/\/muchogusto.nl\/#\/schema\/logo\/image\/\"},\"sameAs\":[\"https:\/\/www.facebook.com\/muchogusto.nl\/\",\"https:\/\/www.instagram.com\/muchogusto.nl\/\"]}]}<\/script>\n<!-- \/ Yoast SEO Premium plugin. -->","yoast_head_json":{"title":"MUCHO GUSTO\u00ae T-Shirt Mucho T\u00fcrkisfarbener Leopard Eleganz","description":"MUCHO GUSTO\u00ae T-Shirt Mucho T\u00fcrkisfarbener Leopard Eleganz \u2013 stilvolles Shirt mit markantem Leo-Print. Dutch Design trifft moderne Klasse.","robots":{"index":"index","follow":"follow","max-snippet":"max-snippet:-1","max-image-preview":"max-image-preview:large","max-video-preview":"max-video-preview:-1"},"canonical":"https:\/\/muchogusto.nl\/de\/produkt\/mucho-gusto-t-shirt-mucho-tuerkisfarbener-leopard-eleganz\/","og_locale":"de_DE","og_type":"article","og_title":"MUCHO GUSTO\u00ae T-Shirt Mucho T\u00fcrkisfarbener Leopard Eleganz","og_description":"MUCHO GUSTO\u00ae T-Shirt Mucho T\u00fcrkisfarbener Leopard Eleganz \u2013 stilvolles Shirt mit markantem Leo-Print. Dutch Design trifft moderne Klasse.","og_url":"https:\/\/muchogusto.nl\/de\/produkt\/mucho-gusto-t-shirt-mucho-tuerkisfarbener-leopard-eleganz\/","og_site_name":"Mucho Gusto","article_publisher":"https:\/\/www.facebook.com\/muchogusto.nl\/","article_modified_time":"2026-03-02T13:41:26+00:00","og_image":[{"width":1920,"height":2560,"url":"http:\/\/muchogusto.nl\/wp-content\/uploads\/2026\/03\/C61TSH082-scaled.jpg","type":"image\/jpeg"}],"twitter_card":"summary_large_image","twitter_misc":{"Est. reading time":"2 minutes"},"schema":{"@context":"https:\/\/schema.org","@graph":[{"@type":"WebPage","@id":"https:\/\/muchogusto.nl\/de\/produkt\/mucho-gusto-t-shirt-mucho-tuerkisfarbener-leopard-eleganz\/","url":"https:\/\/muchogusto.nl\/de\/produkt\/mucho-gusto-t-shirt-mucho-tuerkisfarbener-leopard-eleganz\/","name":"MUCHO GUSTO\u00ae T-Shirt Mucho T\u00fcrkisfarbener Leopard Eleganz","isPartOf":{"@id":"https:\/\/muchogusto.nl\/#website"},"primaryImageOfPage":{"@id":"https:\/\/muchogusto.nl\/de\/produkt\/mucho-gusto-t-shirt-mucho-tuerkisfarbener-leopard-eleganz\/#primaryimage"},"image":{"@id":"https:\/\/muchogusto.nl\/de\/produkt\/mucho-gusto-t-shirt-mucho-tuerkisfarbener-leopard-eleganz\/#primaryimage"},"thumbnailUrl":"https:\/\/muchogusto.nl\/wp-content\/uploads\/2026\/03\/C61TSH082-scaled.jpg","datePublished":"2026-03-02T11:02:34+00:00","dateModified":"2026-03-02T13:41:26+00:00","description":"MUCHO GUSTO\u00ae T-Shirt Mucho T\u00fcrkisfarbener Leopard Eleganz \u2013 stilvolles Shirt mit markantem Leo-Print. Dutch Design trifft moderne Klasse.","breadcrumb":{"@id":"https:\/\/muchogusto.nl\/de\/produkt\/mucho-gusto-t-shirt-mucho-tuerkisfarbener-leopard-eleganz\/#breadcrumb"},"inLanguage":"de-DE","potentialAction":[{"@type":"ReadAction","target":["https:\/\/muchogusto.nl\/de\/produkt\/mucho-gusto-t-shirt-mucho-tuerkisfarbener-leopard-eleganz\/"]}]},{"@type":"ImageObject","inLanguage":"de-DE","@id":"https:\/\/muchogusto.nl\/de\/produkt\/mucho-gusto-t-shirt-mucho-tuerkisfarbener-leopard-eleganz\/#primaryimage","url":"https:\/\/muchogusto.nl\/wp-content\/uploads\/2026\/03\/C61TSH082-scaled.jpg","contentUrl":"https:\/\/muchogusto.nl\/wp-content\/uploads\/2026\/03\/C61TSH082-scaled.jpg","width":1920,"height":2560,"caption":"MUCHO GUSTO\u00ae T-Shirt Mucho T\u00fcrkisfarbener Leopard Eleganz"},{"@type":"BreadcrumbList","@id":"https:\/\/muchogusto.nl\/de\/produkt\/mucho-gusto-t-shirt-mucho-tuerkisfarbener-leopard-eleganz\/#breadcrumb","itemListElement":[{"@type":"ListItem","position":1,"name":"Home","item":"https:\/\/muchogusto.nl\/de\/"},{"@type":"ListItem","position":2,"name":"Shop","item":"https:\/\/muchogusto.nl\/de\/shop-2\/"},{"@type":"ListItem","position":3,"name":"MUCHO GUSTO\u00ae T-Shirt Mucho T\u00fcrkisfarbener Leopard Eleganz"}]},{"@type":"WebSite","@id":"https:\/\/muchogusto.nl\/#website","url":"https:\/\/muchogusto.nl\/","name":"muchogusto.nl","description":"","publisher":{"@id":"https:\/\/muchogusto.nl\/#organization"},"potentialAction":[{"@type":"SearchAction","target":{"@type":"EntryPoint","urlTemplate":"https:\/\/muchogusto.nl\/?s={search_term_string}"},"query-input":{"@type":"PropertyValueSpecification","valueRequired":true,"valueName":"search_term_string"}}],"inLanguage":"de-DE"},{"@type":"Organization","@id":"https:\/\/muchogusto.nl\/#organization","name":"Mucho Gusto","url":"https:\/\/muchogusto.nl\/","logo":{"@type":"ImageObject","inLanguage":"de-DE","@id":"https:\/\/muchogusto.nl\/#\/schema\/logo\/image\/","url":"https:\/\/muchogusto.nl\/wp-content\/uploads\/2022\/08\/logo_header.svg","contentUrl":"https:\/\/muchogusto.nl\/wp-content\/uploads\/2022\/08\/logo_header.svg","caption":"Mucho Gusto"},"image":{"@id":"https:\/\/muchogusto.nl\/#\/schema\/logo\/image\/"},"sameAs":["https:\/\/www.facebook.com\/muchogusto.nl\/","https:\/\/www.instagram.com\/muchogusto.nl\/"]}]}},"_links":{"self":[{"href":"https:\/\/muchogusto.nl\/de\/wp-json\/wp\/v2\/product\/57734","targetHints":{"allow":["GET"]}}],"collection":[{"href":"https:\/\/muchogusto.nl\/de\/wp-json\/wp\/v2\/product"}],"about":[{"href":"https:\/\/muchogusto.nl\/de\/wp-json\/wp\/v2\/types\/product"}],"replies":[{"embeddable":true,"href":"https:\/\/muchogusto.nl\/de\/wp-json\/wp\/v2\/comments?post=57734"}],"wp:featuredmedia":[{"embeddable":true,"href":"https:\/\/muchogusto.nl\/de\/wp-json\/wp\/v2\/media\/57694"}],"wp:attachment":[{"href":"https:\/\/muchogusto.nl\/de\/wp-json\/wp\/v2\/media?parent=57734"}],"wp:term":[{"taxonomy":"product_brand","embeddable":true,"href":"https:\/\/muchogusto.nl\/de\/wp-json\/wp\/v2\/product_brand?post=57734"},{"taxonomy":"product_cat","embeddable":true,"href":"https:\/\/muchogusto.nl\/de\/wp-json\/wp\/v2\/product_cat?post=57734"},{"taxonomy":"product_tag","embeddable":true,"href":"https:\/\/muchogusto.nl\/de\/wp-json\/wp\/v2\/product_tag?post=57734"}],"curies":[{"name":"wp","href":"https:\/\/api.w.org\/{rel}","templated":true}]}}