{"id":57577,"date":"2026-02-27T11:46:50","date_gmt":"2026-02-27T10:46:50","guid":{"rendered":"https:\/\/muchogusto.nl\/product\/mucho-gusto-bag-mucho-summer-tropical-palm-patchwork\/"},"modified":"2026-03-02T12:02:38","modified_gmt":"2026-03-02T11:02:38","slug":"mucho-gusto-bag-mucho-summer-tropisches-palmen-patchwork","status":"publish","type":"product","link":"https:\/\/muchogusto.nl\/de\/produkt\/mucho-gusto-bag-mucho-summer-tropisches-palmen-patchwork\/","title":{"rendered":"MUCHO GUSTO\u00ae Bag Mucho Summer Tropisches Palmen-Patchwork"},"content":{"rendered":"<h3>DETAILS ZUM PRODUKT<\/h3>\n<p data-start=\"0\" data-end=\"57\"><strong data-start=\"0\" data-end=\"57\">MUCHO GUSTO\u00ae Bag Mucho Summer Tropical Palm Patchwork<\/strong><\/p>\n<p>Veredeln Sie Ihren Sommerlook mit der farbenfrohen MUCHO GUSTO\u00ae Bag Mucho Summer Tropical Palm Patchwork \u2013 einer ger\u00e4umigen Baumwolltasche, die verspielte Patchwork-Elemente mit tropischer Eleganz verbindet. Dieses Design wirkt ausdrucksstark, k\u00fcnstlerisch und sonnig und tr\u00e4gt dennoch die unverkennbare Handschrift des Dutch Design.<\/p>\n<p>Das dekorative Patchwork-Layout schafft eine reichhaltige und vielschichtige Komposition. Gleichzeitig verleihen die ornamentalen, von Palmen inspirierten Motive und die zarten Details einen raffinierten Bohemian-Touch. Dar\u00fcber hinaus werden die warmen Sandt\u00f6ne wundersch\u00f6n mit frischem T\u00fcrkis, zartem Himmelblau, leuchtendem Orange und einem Hauch von Rosa kombiniert. Das Ergebnis ist eine Tasche, die gleichzeitig lebhaft, feminin und m\u00fchelos schick wirkt.<\/p>\n<p>Dank ihrer gro\u00dfz\u00fcgigen Form ist die MUCHO GUSTO\u00ae Tasche Mucho Summer Tropical Palm Patchwork perfekt f\u00fcr den t\u00e4glichen Gebrauch geeignet. Sie k\u00f6nnen sie bequem in der Hand oder \u00fcber dem Arm tragen und erzielen so einen entspannten und dennoch eleganten Look. Ob Sie nun an den Strand, in die Stadt oder in den Sommerurlaub fahren, diese Tasche verleiht Ihrem Outfit Charakter und Farbe, ohne es zu \u00fcberladen.<\/p>\n<p>Die Tasche besteht aus 100 % Baumwolle und f\u00fchlt sich leicht und dennoch strapazierf\u00e4hig an. Dar\u00fcber hinaus unterstreicht der nat\u00fcrliche Stoff die Weichheit der Farben und die aufwendigen Druckdetails. Daher ist sie ideal f\u00fcr warme Tage, an denen Komfort und Stil Hand in Hand gehen.<\/p>\n<p>Diese Sommertasche aus Baumwolle steht f\u00fcr Freiheit, Kreativit\u00e4t und tropische Raffinesse.<\/p>\n<p><strong>Dutch Design<\/strong><br \/>\n<strong>Material:<\/strong> 100 % Baumwolle<br \/>\n<strong>Form:<\/strong> Ger\u00e4umige rechteckige Tragetasche<br \/>\n<strong>Design:<\/strong> Tropisches Patchwork mit Palmenmotiv und ornamentalen Details<br \/>\n<strong>Farbpalette:<\/strong> Sandbeige, T\u00fcrkis, Himmelblau, leuchtendes Orange, zartes Rosa, warmes Braun<\/p>\n<div class=\"summary\">\n<div class=\"tccContent\">\n<div class=\"flex max-w-full flex-col flex-grow\">\n<h3>PASSENDE ARTIKEL<\/h3>\n<div class=\"summary\">\n<div class=\"tccContent\">\n<p class=\"p1\"><span class=\"s1\">Vervollst\u00e4ndigen Sie Ihren Look mit einer passenden\u00a0<a href=\"https:\/\/muchogusto.nl\/de\/blusen\/\"><span class=\"s2\">Bluse.<\/span><\/a><br \/>\n<\/span><span class=\"s1\">M\u00f6chten Sie mehr Schals sehen? Dann schauen Sie sich unsere\u00a0<\/span><a href=\"https:\/\/muchogusto.nl\/de\/schals\/\">Schals und Seidentucher<\/a>\u00a0<span class=\"s1\">an.<br \/>\n<\/span><span class=\"s1\">M\u00f6chten Sie mehr Inspiration? Dann besuchen Sie unsere\u00a0<a href=\"http:\/\/instagram.com\/muchogusto.nl\"><span class=\"s2\">Instagram-Seite<\/span><\/a>.\u00a0<\/span><\/p>\n<h3>BRAUCHEN SIE HILFE?<\/h3>\n<p>Wenn Sie Fragen zu diesem Artikel oder der Gr\u00f6\u00dfe haben, senden Sie eine E-Mail an unseren Kundenservice unter\u00a0<a href=\"mailto:web@muchogusto.nl\"><span class=\"s2\">web@muchogusto.nl<\/span><\/a>.<\/p>\n<\/div>\n<\/div>\n<\/div>\n<\/div>\n<\/div>\n","protected":false},"excerpt":{"rendered":"<p>DETAILS ZUM PRODUKT MUCHO GUSTO\u00ae Bag Mucho Summer Tropical Palm Patchwork Veredeln Sie Ihren Sommerlook mit der farbenfrohen MUCHO GUSTO\u00ae Bag Mucho Summer Tropical Palm Patchwork \u2013 einer ger\u00e4umigen Baumwolltasche, die verspielte Patchwork-Elemente mit tropischer Eleganz verbindet. Dieses Design wirkt ausdrucksstark, k\u00fcnstlerisch und sonnig und tr\u00e4gt dennoch die unverkennbare Handschrift des Dutch Design. Das dekorative [&hellip;]<\/p>\n","protected":false},"featured_media":57522,"comment_status":"open","ping_status":"closed","template":"","meta":{"_acf_changed":false,"inline_featured_image":false,"navigation_state":false,"_genesis_hide_title":false,"_genesis_hide_breadcrumbs":false,"_genesis_hide_singular_image":false,"_genesis_hide_footer_widgets":false,"_genesis_custom_body_class":"","_genesis_custom_post_class":"","_genesis_layout":""},"product_brand":[],"product_cat":[5177,85],"product_tag":[],"class_list":{"0":"post-57577","1":"product","2":"type-product","3":"status-publish","4":"has-post-thumbnail","6":"product_cat-accessories-2-de","7":"product_cat-neu","8":"entry","10":"first","11":"instock","12":"taxable","13":"shipping-taxable","14":"purchasable","15":"product-type-simple"},"acf":[],"yoast_head":"<!-- This site is optimized with the Yoast SEO Premium plugin v27.2 (Yoast SEO v27.2) - https:\/\/yoast.com\/product\/yoast-seo-premium-wordpress\/ -->\n<title>MUCHO GUSTO\u00ae Bag Mucho Summer Tropisches Palmen-Patchwork<\/title>\n<meta name=\"description\" content=\"Farbenfrohe Baumwoll-Sommertasche mit tropischem Patchwork-Print. Leicht, ger\u00e4umig und perfekt f\u00fcr sonnige Tage. Entdecke MUCHO GUSTO\u00ae. Shop now!\" \/>\n<meta name=\"robots\" content=\"index, follow, max-snippet:-1, max-image-preview:large, max-video-preview:-1\" \/>\n<link rel=\"canonical\" href=\"https:\/\/muchogusto.nl\/de\/produkt\/mucho-gusto-bag-mucho-summer-tropisches-palmen-patchwork\/\" \/>\n<meta property=\"og:locale\" content=\"de_DE\" \/>\n<meta property=\"og:type\" content=\"article\" \/>\n<meta property=\"og:title\" content=\"MUCHO GUSTO\u00ae Bag Mucho Summer Tropisches Palmen-Patchwork\" \/>\n<meta property=\"og:description\" content=\"Farbenfrohe Baumwoll-Sommertasche mit tropischem Patchwork-Print. Leicht, ger\u00e4umig und perfekt f\u00fcr sonnige Tage. Entdecke MUCHO GUSTO\u00ae. Shop now!\" \/>\n<meta property=\"og:url\" content=\"https:\/\/muchogusto.nl\/de\/produkt\/mucho-gusto-bag-mucho-summer-tropisches-palmen-patchwork\/\" \/>\n<meta property=\"og:site_name\" content=\"Mucho Gusto\" \/>\n<meta property=\"article:publisher\" content=\"https:\/\/www.facebook.com\/muchogusto.nl\/\" \/>\n<meta property=\"article:modified_time\" content=\"2026-03-02T11:02:38+00:00\" \/>\n<meta property=\"og:image\" content=\"http:\/\/muchogusto.nl\/wp-content\/uploads\/2026\/02\/A61BAG051-scaled.jpg\" \/>\n\t<meta property=\"og:image:width\" content=\"1920\" \/>\n\t<meta property=\"og:image:height\" content=\"2560\" \/>\n\t<meta property=\"og:image:type\" content=\"image\/jpeg\" \/>\n<meta name=\"twitter:card\" content=\"summary_large_image\" \/>\n<meta name=\"twitter:label1\" content=\"Est. reading time\" \/>\n\t<meta name=\"twitter:data1\" content=\"2 minutes\" \/>\n<script type=\"application\/ld+json\" class=\"yoast-schema-graph\">{\"@context\":\"https:\/\/schema.org\",\"@graph\":[{\"@type\":\"WebPage\",\"@id\":\"https:\/\/muchogusto.nl\/de\/produkt\/mucho-gusto-bag-mucho-summer-tropisches-palmen-patchwork\/\",\"url\":\"https:\/\/muchogusto.nl\/de\/produkt\/mucho-gusto-bag-mucho-summer-tropisches-palmen-patchwork\/\",\"name\":\"MUCHO GUSTO\u00ae Bag Mucho Summer Tropisches Palmen-Patchwork\",\"isPartOf\":{\"@id\":\"https:\/\/muchogusto.nl\/#website\"},\"primaryImageOfPage\":{\"@id\":\"https:\/\/muchogusto.nl\/de\/produkt\/mucho-gusto-bag-mucho-summer-tropisches-palmen-patchwork\/#primaryimage\"},\"image\":{\"@id\":\"https:\/\/muchogusto.nl\/de\/produkt\/mucho-gusto-bag-mucho-summer-tropisches-palmen-patchwork\/#primaryimage\"},\"thumbnailUrl\":\"https:\/\/muchogusto.nl\/wp-content\/uploads\/2026\/02\/A61BAG051-scaled.jpg\",\"datePublished\":\"2026-02-27T10:46:50+00:00\",\"dateModified\":\"2026-03-02T11:02:38+00:00\",\"description\":\"Farbenfrohe Baumwoll-Sommertasche mit tropischem Patchwork-Print. Leicht, ger\u00e4umig und perfekt f\u00fcr sonnige Tage. Entdecke MUCHO GUSTO\u00ae. Shop now!\",\"breadcrumb\":{\"@id\":\"https:\/\/muchogusto.nl\/de\/produkt\/mucho-gusto-bag-mucho-summer-tropisches-palmen-patchwork\/#breadcrumb\"},\"inLanguage\":\"de-DE\",\"potentialAction\":[{\"@type\":\"ReadAction\",\"target\":[\"https:\/\/muchogusto.nl\/de\/produkt\/mucho-gusto-bag-mucho-summer-tropisches-palmen-patchwork\/\"]}]},{\"@type\":\"ImageObject\",\"inLanguage\":\"de-DE\",\"@id\":\"https:\/\/muchogusto.nl\/de\/produkt\/mucho-gusto-bag-mucho-summer-tropisches-palmen-patchwork\/#primaryimage\",\"url\":\"https:\/\/muchogusto.nl\/wp-content\/uploads\/2026\/02\/A61BAG051-scaled.jpg\",\"contentUrl\":\"https:\/\/muchogusto.nl\/wp-content\/uploads\/2026\/02\/A61BAG051-scaled.jpg\",\"width\":1920,\"height\":2560,\"caption\":\"MUCHO GUSTO\u00ae Bag Mucho Summer Tropisches Palmen-Patchwork\"},{\"@type\":\"BreadcrumbList\",\"@id\":\"https:\/\/muchogusto.nl\/de\/produkt\/mucho-gusto-bag-mucho-summer-tropisches-palmen-patchwork\/#breadcrumb\",\"itemListElement\":[{\"@type\":\"ListItem\",\"position\":1,\"name\":\"Home\",\"item\":\"https:\/\/muchogusto.nl\/de\/\"},{\"@type\":\"ListItem\",\"position\":2,\"name\":\"Shop\",\"item\":\"https:\/\/muchogusto.nl\/de\/shop-2\/\"},{\"@type\":\"ListItem\",\"position\":3,\"name\":\"MUCHO GUSTO\u00ae Bag Mucho Summer Tropisches Palmen-Patchwork\"}]},{\"@type\":\"WebSite\",\"@id\":\"https:\/\/muchogusto.nl\/#website\",\"url\":\"https:\/\/muchogusto.nl\/\",\"name\":\"muchogusto.nl\",\"description\":\"\",\"publisher\":{\"@id\":\"https:\/\/muchogusto.nl\/#organization\"},\"potentialAction\":[{\"@type\":\"SearchAction\",\"target\":{\"@type\":\"EntryPoint\",\"urlTemplate\":\"https:\/\/muchogusto.nl\/?s={search_term_string}\"},\"query-input\":{\"@type\":\"PropertyValueSpecification\",\"valueRequired\":true,\"valueName\":\"search_term_string\"}}],\"inLanguage\":\"de-DE\"},{\"@type\":\"Organization\",\"@id\":\"https:\/\/muchogusto.nl\/#organization\",\"name\":\"Mucho Gusto\",\"url\":\"https:\/\/muchogusto.nl\/\",\"logo\":{\"@type\":\"ImageObject\",\"inLanguage\":\"de-DE\",\"@id\":\"https:\/\/muchogusto.nl\/#\/schema\/logo\/image\/\",\"url\":\"https:\/\/muchogusto.nl\/wp-content\/uploads\/2022\/08\/logo_header.svg\",\"contentUrl\":\"https:\/\/muchogusto.nl\/wp-content\/uploads\/2022\/08\/logo_header.svg\",\"caption\":\"Mucho Gusto\"},\"image\":{\"@id\":\"https:\/\/muchogusto.nl\/#\/schema\/logo\/image\/\"},\"sameAs\":[\"https:\/\/www.facebook.com\/muchogusto.nl\/\",\"https:\/\/www.instagram.com\/muchogusto.nl\/\"]}]}<\/script>\n<!-- \/ Yoast SEO Premium plugin. -->","yoast_head_json":{"title":"MUCHO GUSTO\u00ae Bag Mucho Summer Tropisches Palmen-Patchwork","description":"Farbenfrohe Baumwoll-Sommertasche mit tropischem Patchwork-Print. Leicht, ger\u00e4umig und perfekt f\u00fcr sonnige Tage. Entdecke MUCHO GUSTO\u00ae. Shop now!","robots":{"index":"index","follow":"follow","max-snippet":"max-snippet:-1","max-image-preview":"max-image-preview:large","max-video-preview":"max-video-preview:-1"},"canonical":"https:\/\/muchogusto.nl\/de\/produkt\/mucho-gusto-bag-mucho-summer-tropisches-palmen-patchwork\/","og_locale":"de_DE","og_type":"article","og_title":"MUCHO GUSTO\u00ae Bag Mucho Summer Tropisches Palmen-Patchwork","og_description":"Farbenfrohe Baumwoll-Sommertasche mit tropischem Patchwork-Print. Leicht, ger\u00e4umig und perfekt f\u00fcr sonnige Tage. Entdecke MUCHO GUSTO\u00ae. Shop now!","og_url":"https:\/\/muchogusto.nl\/de\/produkt\/mucho-gusto-bag-mucho-summer-tropisches-palmen-patchwork\/","og_site_name":"Mucho Gusto","article_publisher":"https:\/\/www.facebook.com\/muchogusto.nl\/","article_modified_time":"2026-03-02T11:02:38+00:00","og_image":[{"width":1920,"height":2560,"url":"http:\/\/muchogusto.nl\/wp-content\/uploads\/2026\/02\/A61BAG051-scaled.jpg","type":"image\/jpeg"}],"twitter_card":"summary_large_image","twitter_misc":{"Est. reading time":"2 minutes"},"schema":{"@context":"https:\/\/schema.org","@graph":[{"@type":"WebPage","@id":"https:\/\/muchogusto.nl\/de\/produkt\/mucho-gusto-bag-mucho-summer-tropisches-palmen-patchwork\/","url":"https:\/\/muchogusto.nl\/de\/produkt\/mucho-gusto-bag-mucho-summer-tropisches-palmen-patchwork\/","name":"MUCHO GUSTO\u00ae Bag Mucho Summer Tropisches Palmen-Patchwork","isPartOf":{"@id":"https:\/\/muchogusto.nl\/#website"},"primaryImageOfPage":{"@id":"https:\/\/muchogusto.nl\/de\/produkt\/mucho-gusto-bag-mucho-summer-tropisches-palmen-patchwork\/#primaryimage"},"image":{"@id":"https:\/\/muchogusto.nl\/de\/produkt\/mucho-gusto-bag-mucho-summer-tropisches-palmen-patchwork\/#primaryimage"},"thumbnailUrl":"https:\/\/muchogusto.nl\/wp-content\/uploads\/2026\/02\/A61BAG051-scaled.jpg","datePublished":"2026-02-27T10:46:50+00:00","dateModified":"2026-03-02T11:02:38+00:00","description":"Farbenfrohe Baumwoll-Sommertasche mit tropischem Patchwork-Print. Leicht, ger\u00e4umig und perfekt f\u00fcr sonnige Tage. Entdecke MUCHO GUSTO\u00ae. Shop now!","breadcrumb":{"@id":"https:\/\/muchogusto.nl\/de\/produkt\/mucho-gusto-bag-mucho-summer-tropisches-palmen-patchwork\/#breadcrumb"},"inLanguage":"de-DE","potentialAction":[{"@type":"ReadAction","target":["https:\/\/muchogusto.nl\/de\/produkt\/mucho-gusto-bag-mucho-summer-tropisches-palmen-patchwork\/"]}]},{"@type":"ImageObject","inLanguage":"de-DE","@id":"https:\/\/muchogusto.nl\/de\/produkt\/mucho-gusto-bag-mucho-summer-tropisches-palmen-patchwork\/#primaryimage","url":"https:\/\/muchogusto.nl\/wp-content\/uploads\/2026\/02\/A61BAG051-scaled.jpg","contentUrl":"https:\/\/muchogusto.nl\/wp-content\/uploads\/2026\/02\/A61BAG051-scaled.jpg","width":1920,"height":2560,"caption":"MUCHO GUSTO\u00ae Bag Mucho Summer Tropisches Palmen-Patchwork"},{"@type":"BreadcrumbList","@id":"https:\/\/muchogusto.nl\/de\/produkt\/mucho-gusto-bag-mucho-summer-tropisches-palmen-patchwork\/#breadcrumb","itemListElement":[{"@type":"ListItem","position":1,"name":"Home","item":"https:\/\/muchogusto.nl\/de\/"},{"@type":"ListItem","position":2,"name":"Shop","item":"https:\/\/muchogusto.nl\/de\/shop-2\/"},{"@type":"ListItem","position":3,"name":"MUCHO GUSTO\u00ae Bag Mucho Summer Tropisches Palmen-Patchwork"}]},{"@type":"WebSite","@id":"https:\/\/muchogusto.nl\/#website","url":"https:\/\/muchogusto.nl\/","name":"muchogusto.nl","description":"","publisher":{"@id":"https:\/\/muchogusto.nl\/#organization"},"potentialAction":[{"@type":"SearchAction","target":{"@type":"EntryPoint","urlTemplate":"https:\/\/muchogusto.nl\/?s={search_term_string}"},"query-input":{"@type":"PropertyValueSpecification","valueRequired":true,"valueName":"search_term_string"}}],"inLanguage":"de-DE"},{"@type":"Organization","@id":"https:\/\/muchogusto.nl\/#organization","name":"Mucho Gusto","url":"https:\/\/muchogusto.nl\/","logo":{"@type":"ImageObject","inLanguage":"de-DE","@id":"https:\/\/muchogusto.nl\/#\/schema\/logo\/image\/","url":"https:\/\/muchogusto.nl\/wp-content\/uploads\/2022\/08\/logo_header.svg","contentUrl":"https:\/\/muchogusto.nl\/wp-content\/uploads\/2022\/08\/logo_header.svg","caption":"Mucho Gusto"},"image":{"@id":"https:\/\/muchogusto.nl\/#\/schema\/logo\/image\/"},"sameAs":["https:\/\/www.facebook.com\/muchogusto.nl\/","https:\/\/www.instagram.com\/muchogusto.nl\/"]}]}},"_links":{"self":[{"href":"https:\/\/muchogusto.nl\/de\/wp-json\/wp\/v2\/product\/57577","targetHints":{"allow":["GET"]}}],"collection":[{"href":"https:\/\/muchogusto.nl\/de\/wp-json\/wp\/v2\/product"}],"about":[{"href":"https:\/\/muchogusto.nl\/de\/wp-json\/wp\/v2\/types\/product"}],"replies":[{"embeddable":true,"href":"https:\/\/muchogusto.nl\/de\/wp-json\/wp\/v2\/comments?post=57577"}],"wp:featuredmedia":[{"embeddable":true,"href":"https:\/\/muchogusto.nl\/de\/wp-json\/wp\/v2\/media\/57522"}],"wp:attachment":[{"href":"https:\/\/muchogusto.nl\/de\/wp-json\/wp\/v2\/media?parent=57577"}],"wp:term":[{"taxonomy":"product_brand","embeddable":true,"href":"https:\/\/muchogusto.nl\/de\/wp-json\/wp\/v2\/product_brand?post=57577"},{"taxonomy":"product_cat","embeddable":true,"href":"https:\/\/muchogusto.nl\/de\/wp-json\/wp\/v2\/product_cat?post=57577"},{"taxonomy":"product_tag","embeddable":true,"href":"https:\/\/muchogusto.nl\/de\/wp-json\/wp\/v2\/product_tag?post=57577"}],"curies":[{"name":"wp","href":"https:\/\/api.w.org\/{rel}","templated":true}]}}