{"id":57192,"date":"2026-02-24T12:22:16","date_gmt":"2026-02-24T11:22:16","guid":{"rendered":"https:\/\/muchogusto.nl\/product\/mucho-gusto-top-fonteno-roze-paisley-elegantie-2\/"},"modified":"2026-03-02T12:02:38","modified_gmt":"2026-03-02T11:02:38","slug":"mucho-gusto-top-fonteno-rosa-paisley-eleganz-2","status":"publish","type":"product","link":"https:\/\/muchogusto.nl\/de\/produkt\/mucho-gusto-top-fonteno-rosa-paisley-eleganz-2\/","title":{"rendered":"MUCHO GUSTO\u00ae Top Fonteno Rosa Paisley Eleganz"},"content":{"rendered":"<article class=\"text-token-text-primary w-full focus:outline-none [--shadow-height:45px] has-data-writing-block:pointer-events-none has-data-writing-block:-mt-(--shadow-height) has-data-writing-block:pt-(--shadow-height) [&amp;:has([data-writing-block])&gt;*]:pointer-events-auto scroll-mt-(--header-height)\" dir=\"auto\" tabindex=\"-1\" data-turn-id=\"20404afe-a929-4899-9274-d5d8790ad13d\" data-testid=\"conversation-turn-83\" data-scroll-anchor=\"false\" data-turn=\"user\"><\/article>\n<article class=\"text-token-text-primary w-full focus:outline-none [--shadow-height:45px] has-data-writing-block:pointer-events-none has-data-writing-block:-mt-(--shadow-height) has-data-writing-block:pt-(--shadow-height) [&amp;:has([data-writing-block])&gt;*]:pointer-events-auto scroll-mt-[calc(var(--header-height)+min(200px,max(70px,20svh)))]\" dir=\"auto\" tabindex=\"-1\" data-turn-id=\"request-WEB:6858765d-59d4-488d-9c7b-f49ff3a6c1fc-53\" data-testid=\"conversation-turn-84\" data-scroll-anchor=\"true\" data-turn=\"assistant\">\n<div class=\"text-base my-auto mx-auto pb-10 [--thread-content-margin:--spacing(4)] @w-sm\/main:[--thread-content-margin:--spacing(6)] @w-lg\/main:[--thread-content-margin:--spacing(16)] px-(--thread-content-margin)\">\n<div class=\"[--thread-content-max-width:40rem] @w-lg\/main:[--thread-content-max-width:48rem] mx-auto max-w-(--thread-content-max-width) flex-1 group\/turn-messages focus-visible:outline-hidden relative flex w-full min-w-0 flex-col agent-turn\" tabindex=\"-1\">\n<div class=\"flex max-w-full flex-col grow\">\n<div class=\"min-h-8 text-message relative flex w-full flex-col items-end gap-2 text-start break-words whitespace-normal [.text-message+&amp;]:mt-1\" dir=\"auto\" data-message-author-role=\"assistant\" data-message-id=\"02cbed74-e9f9-4995-aac2-239d99bfa48a\" data-message-model-slug=\"gpt-5-2\">\n<div class=\"flex w-full flex-col gap-1 empty:hidden first:pt-[1px]\">\n<div class=\"markdown prose dark:prose-invert w-full wrap-break-word dark markdown-new-styling\">\n<h3 data-start=\"3242\" data-end=\"3265\">DETAILS ZUM PRODUKT<\/h3>\n<p data-start=\"0\" data-end=\"49\"><strong data-start=\"0\" data-end=\"49\">MUCHO GUSTO\u00ae Top Fonteno Rosa Paisley Eleganz<\/strong><\/p>\n<p data-start=\"51\" data-end=\"521\">Der MUCHO GUSTO\u00ae Top Fonteno Rosa Paisley Eleganz ist ein raffinierter Ausdruck femininer Eleganz mit einer frischen, modernen Ausstrahlung. Mit seiner schmeichelnden Silhouette und dem stilvollen Ausschnitt verbindet dieses Top eine zeitlose Basis mit einem ausdrucksstarken Paisley-Print. Das lebendige Rosa in Kombination mit cremigen Nuancen flie\u00dft harmonisch \u00fcber den Stoff und sorgt f\u00fcr einen auff\u00e4lligen, zugleich eleganten Look, der verspielt und stilvoll wirkt.<\/p>\n<p data-start=\"523\" data-end=\"898\">Die locker fallende Passform umspielt sanft die Figur und sorgt f\u00fcr eine feminine Ausstrahlung mit hohem Tragekomfort. Dezente Abschl\u00fcsse und feine Details verleihen dem Design eine luxuri\u00f6se Note, ohne aufdringlich zu wirken. Der Kontrast zwischen den kr\u00e4ftigen Rosat\u00f6nen und der hellen Basis schafft einen frischen und eleganten Look, der sich vielseitig kombinieren l\u00e4sst.<\/p>\n<p data-start=\"900\" data-end=\"1335\">Gefertigt aus 97% Baumwolle und 3% Lycra f\u00fchlt sich der Top Fonteno Rosa Paisley Eleganz angenehm weich und atmungsaktiv auf der Haut an. Die nat\u00fcrliche Baumwolle sorgt f\u00fcr ein leichtes, luftiges Tragegef\u00fchl, w\u00e4hrend der Stretch-Anteil Flexibilit\u00e4t und eine perfekte Passform garantiert. Ideal f\u00fcr warme Tage und stilvolle Casual-Outfits. Kombinieren Sie das Top mit einer leichten Hose oder einem Rock f\u00fcr einen eleganten Sommer-Look.<\/p>\n<p data-start=\"1337\" data-end=\"1549\">Perfekt f\u00fcr Frauen, die ausdrucksstarke Prints mit einer eleganten Note sch\u00e4tzen. Dieses MUCHO GUSTO\u00ae Top spiegelt die Essenz des zeitgen\u00f6ssischen Dutch Design wider \u2014 selbstbewusst, feminin und m\u00fchelos stilvoll.<\/p>\n<p data-start=\"1551\" data-end=\"1719\"><strong data-start=\"1551\" data-end=\"1567\">Dutch Design<\/strong><br data-start=\"1567\" data-end=\"1570\" \/><strong data-start=\"1570\" data-end=\"1607\">Material: <\/strong>97% Baumwolle, 3% Lycra<br data-start=\"1607\" data-end=\"1610\" \/><strong data-start=\"1610\" data-end=\"1659\">Verf\u00fcgbare Gr\u00f6\u00dfen: <\/strong>XS, S, M, L, XL, XXL, XXXL<br data-start=\"1659\" data-end=\"1662\" \/><strong data-start=\"1662\" data-end=\"1684\">Farbe: <\/strong>Rosa, Creme<br data-start=\"1684\" data-end=\"1687\" \/><strong data-start=\"1687\" data-end=\"1719\" data-is-only-node=\"\">Muster: <\/strong>Rosa Paisley Eleganz<\/p>\n<h3 data-start=\"64\" data-end=\"114\">PASSENDE ARTIKEL<\/h3>\n<div class=\"summary\">\n<div class=\"tccContent\">\n<div class=\"summary\">\n<div class=\"flex w-full flex-col gap-1 empty:hidden first:pt-[3px]\">\n<div class=\"markdown prose dark:prose-invert w-full break-words light\">\n<p class=\"p2\"><span class=\"s1\">Vervollst\u00e4ndigen Sie Ihren Look mit einem passenden\u00a0<a href=\"https:\/\/muchogusto.nl\/de\/schals\/\"><span class=\"s2\">Schal<\/span><\/a>.<br \/>\n<\/span><span class=\"s1\">M\u00f6chten Sie mehr Blusen sehen? Dann schauen Sie sich unsere\u00a0<a href=\"https:\/\/muchogusto.nl\/de\/blusen\/\"><span class=\"s2\">Bekleidungsseite<\/span><\/a>\u00a0an.<br \/>\n<\/span><span class=\"s1\">M\u00f6chten Sie mehr Inspiration? Besuchen Sie unsere\u00a0<a href=\"https:\/\/www.instagram.com\/muchogusto.nl\/\"><span class=\"s2\">Instagram<\/span><\/a>-Seite.\u00a0<\/span><\/p>\n<h3>BRAUCHEN SIE HILFE?<\/h3>\n<p>Wenn Sie Fragen zu diesem Artikel oder der Gr\u00f6\u00dfe haben, senden Sie eine E-Mail an unseren Kundenservice unter<a href=\"http:\/\/muchogusto.nl\/de\/\"><span class=\"s2\">web@muchogusto.nl.<\/span><\/a><\/p>\n<h3>GR\u00d6SSENTABELLEN<\/h3>\n<p>Unsere Gr\u00f6\u00dfen sind in europ\u00e4ischen Gr\u00f6\u00dfen angegeben. Sie k\u00f6nnen diese Gr\u00f6\u00dfen anhand der Tabellen\u00a0<a href=\"https:\/\/muchogusto.nl\/de\/grossentabellen\/\">auf dieser Seite<\/a>\u00a0leicht umrechnen. Die Passform kann je nach Stil oder pers\u00f6nlicher Vorliebe variieren.<\/p>\n<\/div>\n<\/div>\n<\/div>\n<\/div>\n<\/div>\n<\/div>\n<\/div>\n<\/div>\n<\/div>\n<\/div>\n<\/div>\n<\/article>\n","protected":false},"excerpt":{"rendered":"<p>DETAILS ZUM PRODUKT MUCHO GUSTO\u00ae Top Fonteno Rosa Paisley Eleganz Der MUCHO GUSTO\u00ae Top Fonteno Rosa Paisley Eleganz ist ein raffinierter Ausdruck femininer Eleganz mit einer frischen, modernen Ausstrahlung. Mit seiner schmeichelnden Silhouette und dem stilvollen Ausschnitt verbindet dieses Top eine zeitlose Basis mit einem ausdrucksstarken Paisley-Print. Das lebendige Rosa in Kombination mit cremigen Nuancen [&hellip;]<\/p>\n","protected":false},"featured_media":56966,"comment_status":"open","ping_status":"closed","template":"","meta":{"_acf_changed":false,"inline_featured_image":false,"navigation_state":false,"_genesis_hide_title":false,"_genesis_hide_breadcrumbs":false,"_genesis_hide_singular_image":false,"_genesis_hide_footer_widgets":false,"_genesis_custom_body_class":"","_genesis_custom_post_class":"","_genesis_layout":""},"product_brand":[],"product_cat":[73,69,76,85],"product_tag":[],"class_list":{"0":"post-57192","1":"product","2":"type-product","3":"status-publish","4":"has-post-thumbnail","6":"product_cat-kleider","7":"product_cat-kleidung","8":"product_cat-kurze-kleider","9":"product_cat-neu","10":"entry","12":"first","13":"instock","14":"taxable","15":"shipping-taxable","16":"purchasable","17":"product-type-variable"},"acf":[],"yoast_head":"<!-- This site is optimized with the Yoast SEO Premium plugin v27.2 (Yoast SEO v27.2) - https:\/\/yoast.com\/product\/yoast-seo-premium-wordpress\/ -->\n<title>MUCHO GUSTO\u00ae Top Fonteno Rosa Paisley Eleganz<\/title>\n<meta name=\"description\" content=\"MUCHO GUSTO\u00ae Top Fonteno Roze Paisley Elegantie van 97% katoen met stretch. Elegante paisleyprint in roze. XS\u2013XXXL. Shop Nu!\" \/>\n<meta name=\"robots\" content=\"index, follow, max-snippet:-1, max-image-preview:large, max-video-preview:-1\" \/>\n<link rel=\"canonical\" href=\"https:\/\/muchogusto.nl\/de\/produkt\/mucho-gusto-top-fonteno-rosa-paisley-eleganz-2\/\" \/>\n<meta property=\"og:locale\" content=\"de_DE\" \/>\n<meta property=\"og:type\" content=\"article\" \/>\n<meta property=\"og:title\" content=\"MUCHO GUSTO\u00ae Top Fonteno Rosa Paisley Eleganz\" \/>\n<meta property=\"og:description\" content=\"MUCHO GUSTO\u00ae Top Fonteno Roze Paisley Elegantie van 97% katoen met stretch. Elegante paisleyprint in roze. XS\u2013XXXL. Shop Nu!\" \/>\n<meta property=\"og:url\" content=\"https:\/\/muchogusto.nl\/de\/produkt\/mucho-gusto-top-fonteno-rosa-paisley-eleganz-2\/\" \/>\n<meta property=\"og:site_name\" content=\"Mucho Gusto\" \/>\n<meta property=\"article:publisher\" content=\"https:\/\/www.facebook.com\/muchogusto.nl\/\" \/>\n<meta property=\"article:modified_time\" content=\"2026-03-02T11:02:38+00:00\" \/>\n<meta property=\"og:image\" content=\"http:\/\/muchogusto.nl\/wp-content\/uploads\/2026\/02\/C61PIL054-scaled.jpg\" \/>\n\t<meta property=\"og:image:width\" content=\"1920\" \/>\n\t<meta property=\"og:image:height\" content=\"2560\" \/>\n\t<meta property=\"og:image:type\" content=\"image\/jpeg\" \/>\n<meta name=\"twitter:card\" content=\"summary_large_image\" \/>\n<meta name=\"twitter:label1\" content=\"Est. reading time\" \/>\n\t<meta name=\"twitter:data1\" content=\"2 minutes\" \/>\n<script type=\"application\/ld+json\" class=\"yoast-schema-graph\">{\"@context\":\"https:\/\/schema.org\",\"@graph\":[{\"@type\":\"WebPage\",\"@id\":\"https:\/\/muchogusto.nl\/de\/produkt\/mucho-gusto-top-fonteno-rosa-paisley-eleganz-2\/\",\"url\":\"https:\/\/muchogusto.nl\/de\/produkt\/mucho-gusto-top-fonteno-rosa-paisley-eleganz-2\/\",\"name\":\"MUCHO GUSTO\u00ae Top Fonteno Rosa Paisley Eleganz\",\"isPartOf\":{\"@id\":\"https:\/\/muchogusto.nl\/#website\"},\"primaryImageOfPage\":{\"@id\":\"https:\/\/muchogusto.nl\/de\/produkt\/mucho-gusto-top-fonteno-rosa-paisley-eleganz-2\/#primaryimage\"},\"image\":{\"@id\":\"https:\/\/muchogusto.nl\/de\/produkt\/mucho-gusto-top-fonteno-rosa-paisley-eleganz-2\/#primaryimage\"},\"thumbnailUrl\":\"https:\/\/muchogusto.nl\/wp-content\/uploads\/2026\/02\/C61PIL054-scaled.jpg\",\"datePublished\":\"2026-02-24T11:22:16+00:00\",\"dateModified\":\"2026-03-02T11:02:38+00:00\",\"description\":\"MUCHO GUSTO\u00ae Top Fonteno Roze Paisley Elegantie van 97% katoen met stretch. Elegante paisleyprint in roze. XS\u2013XXXL. Shop Nu!\",\"breadcrumb\":{\"@id\":\"https:\/\/muchogusto.nl\/de\/produkt\/mucho-gusto-top-fonteno-rosa-paisley-eleganz-2\/#breadcrumb\"},\"inLanguage\":\"de-DE\",\"potentialAction\":[{\"@type\":\"ReadAction\",\"target\":[\"https:\/\/muchogusto.nl\/de\/produkt\/mucho-gusto-top-fonteno-rosa-paisley-eleganz-2\/\"]}]},{\"@type\":\"ImageObject\",\"inLanguage\":\"de-DE\",\"@id\":\"https:\/\/muchogusto.nl\/de\/produkt\/mucho-gusto-top-fonteno-rosa-paisley-eleganz-2\/#primaryimage\",\"url\":\"https:\/\/muchogusto.nl\/wp-content\/uploads\/2026\/02\/C61PIL054-scaled.jpg\",\"contentUrl\":\"https:\/\/muchogusto.nl\/wp-content\/uploads\/2026\/02\/C61PIL054-scaled.jpg\",\"width\":1920,\"height\":2560,\"caption\":\"MUCHO GUSTO\u00ae Top Fonteno Rosa Paisley Eleganz\"},{\"@type\":\"BreadcrumbList\",\"@id\":\"https:\/\/muchogusto.nl\/de\/produkt\/mucho-gusto-top-fonteno-rosa-paisley-eleganz-2\/#breadcrumb\",\"itemListElement\":[{\"@type\":\"ListItem\",\"position\":1,\"name\":\"Home\",\"item\":\"https:\/\/muchogusto.nl\/de\/\"},{\"@type\":\"ListItem\",\"position\":2,\"name\":\"Shop\",\"item\":\"https:\/\/muchogusto.nl\/de\/shop-2\/\"},{\"@type\":\"ListItem\",\"position\":3,\"name\":\"MUCHO GUSTO\u00ae Top Fonteno Rosa Paisley Eleganz\"}]},{\"@type\":\"WebSite\",\"@id\":\"https:\/\/muchogusto.nl\/#website\",\"url\":\"https:\/\/muchogusto.nl\/\",\"name\":\"muchogusto.nl\",\"description\":\"\",\"publisher\":{\"@id\":\"https:\/\/muchogusto.nl\/#organization\"},\"potentialAction\":[{\"@type\":\"SearchAction\",\"target\":{\"@type\":\"EntryPoint\",\"urlTemplate\":\"https:\/\/muchogusto.nl\/?s={search_term_string}\"},\"query-input\":{\"@type\":\"PropertyValueSpecification\",\"valueRequired\":true,\"valueName\":\"search_term_string\"}}],\"inLanguage\":\"de-DE\"},{\"@type\":\"Organization\",\"@id\":\"https:\/\/muchogusto.nl\/#organization\",\"name\":\"Mucho Gusto\",\"url\":\"https:\/\/muchogusto.nl\/\",\"logo\":{\"@type\":\"ImageObject\",\"inLanguage\":\"de-DE\",\"@id\":\"https:\/\/muchogusto.nl\/#\/schema\/logo\/image\/\",\"url\":\"https:\/\/muchogusto.nl\/wp-content\/uploads\/2022\/08\/logo_header.svg\",\"contentUrl\":\"https:\/\/muchogusto.nl\/wp-content\/uploads\/2022\/08\/logo_header.svg\",\"caption\":\"Mucho Gusto\"},\"image\":{\"@id\":\"https:\/\/muchogusto.nl\/#\/schema\/logo\/image\/\"},\"sameAs\":[\"https:\/\/www.facebook.com\/muchogusto.nl\/\",\"https:\/\/www.instagram.com\/muchogusto.nl\/\"]}]}<\/script>\n<!-- \/ Yoast SEO Premium plugin. -->","yoast_head_json":{"title":"MUCHO GUSTO\u00ae Top Fonteno Rosa Paisley Eleganz","description":"MUCHO GUSTO\u00ae Top Fonteno Roze Paisley Elegantie van 97% katoen met stretch. Elegante paisleyprint in roze. XS\u2013XXXL. Shop Nu!","robots":{"index":"index","follow":"follow","max-snippet":"max-snippet:-1","max-image-preview":"max-image-preview:large","max-video-preview":"max-video-preview:-1"},"canonical":"https:\/\/muchogusto.nl\/de\/produkt\/mucho-gusto-top-fonteno-rosa-paisley-eleganz-2\/","og_locale":"de_DE","og_type":"article","og_title":"MUCHO GUSTO\u00ae Top Fonteno Rosa Paisley Eleganz","og_description":"MUCHO GUSTO\u00ae Top Fonteno Roze Paisley Elegantie van 97% katoen met stretch. Elegante paisleyprint in roze. XS\u2013XXXL. Shop Nu!","og_url":"https:\/\/muchogusto.nl\/de\/produkt\/mucho-gusto-top-fonteno-rosa-paisley-eleganz-2\/","og_site_name":"Mucho Gusto","article_publisher":"https:\/\/www.facebook.com\/muchogusto.nl\/","article_modified_time":"2026-03-02T11:02:38+00:00","og_image":[{"width":1920,"height":2560,"url":"http:\/\/muchogusto.nl\/wp-content\/uploads\/2026\/02\/C61PIL054-scaled.jpg","type":"image\/jpeg"}],"twitter_card":"summary_large_image","twitter_misc":{"Est. reading time":"2 minutes"},"schema":{"@context":"https:\/\/schema.org","@graph":[{"@type":"WebPage","@id":"https:\/\/muchogusto.nl\/de\/produkt\/mucho-gusto-top-fonteno-rosa-paisley-eleganz-2\/","url":"https:\/\/muchogusto.nl\/de\/produkt\/mucho-gusto-top-fonteno-rosa-paisley-eleganz-2\/","name":"MUCHO GUSTO\u00ae Top Fonteno Rosa Paisley Eleganz","isPartOf":{"@id":"https:\/\/muchogusto.nl\/#website"},"primaryImageOfPage":{"@id":"https:\/\/muchogusto.nl\/de\/produkt\/mucho-gusto-top-fonteno-rosa-paisley-eleganz-2\/#primaryimage"},"image":{"@id":"https:\/\/muchogusto.nl\/de\/produkt\/mucho-gusto-top-fonteno-rosa-paisley-eleganz-2\/#primaryimage"},"thumbnailUrl":"https:\/\/muchogusto.nl\/wp-content\/uploads\/2026\/02\/C61PIL054-scaled.jpg","datePublished":"2026-02-24T11:22:16+00:00","dateModified":"2026-03-02T11:02:38+00:00","description":"MUCHO GUSTO\u00ae Top Fonteno Roze Paisley Elegantie van 97% katoen met stretch. Elegante paisleyprint in roze. XS\u2013XXXL. Shop Nu!","breadcrumb":{"@id":"https:\/\/muchogusto.nl\/de\/produkt\/mucho-gusto-top-fonteno-rosa-paisley-eleganz-2\/#breadcrumb"},"inLanguage":"de-DE","potentialAction":[{"@type":"ReadAction","target":["https:\/\/muchogusto.nl\/de\/produkt\/mucho-gusto-top-fonteno-rosa-paisley-eleganz-2\/"]}]},{"@type":"ImageObject","inLanguage":"de-DE","@id":"https:\/\/muchogusto.nl\/de\/produkt\/mucho-gusto-top-fonteno-rosa-paisley-eleganz-2\/#primaryimage","url":"https:\/\/muchogusto.nl\/wp-content\/uploads\/2026\/02\/C61PIL054-scaled.jpg","contentUrl":"https:\/\/muchogusto.nl\/wp-content\/uploads\/2026\/02\/C61PIL054-scaled.jpg","width":1920,"height":2560,"caption":"MUCHO GUSTO\u00ae Top Fonteno Rosa Paisley Eleganz"},{"@type":"BreadcrumbList","@id":"https:\/\/muchogusto.nl\/de\/produkt\/mucho-gusto-top-fonteno-rosa-paisley-eleganz-2\/#breadcrumb","itemListElement":[{"@type":"ListItem","position":1,"name":"Home","item":"https:\/\/muchogusto.nl\/de\/"},{"@type":"ListItem","position":2,"name":"Shop","item":"https:\/\/muchogusto.nl\/de\/shop-2\/"},{"@type":"ListItem","position":3,"name":"MUCHO GUSTO\u00ae Top Fonteno Rosa Paisley Eleganz"}]},{"@type":"WebSite","@id":"https:\/\/muchogusto.nl\/#website","url":"https:\/\/muchogusto.nl\/","name":"muchogusto.nl","description":"","publisher":{"@id":"https:\/\/muchogusto.nl\/#organization"},"potentialAction":[{"@type":"SearchAction","target":{"@type":"EntryPoint","urlTemplate":"https:\/\/muchogusto.nl\/?s={search_term_string}"},"query-input":{"@type":"PropertyValueSpecification","valueRequired":true,"valueName":"search_term_string"}}],"inLanguage":"de-DE"},{"@type":"Organization","@id":"https:\/\/muchogusto.nl\/#organization","name":"Mucho Gusto","url":"https:\/\/muchogusto.nl\/","logo":{"@type":"ImageObject","inLanguage":"de-DE","@id":"https:\/\/muchogusto.nl\/#\/schema\/logo\/image\/","url":"https:\/\/muchogusto.nl\/wp-content\/uploads\/2022\/08\/logo_header.svg","contentUrl":"https:\/\/muchogusto.nl\/wp-content\/uploads\/2022\/08\/logo_header.svg","caption":"Mucho Gusto"},"image":{"@id":"https:\/\/muchogusto.nl\/#\/schema\/logo\/image\/"},"sameAs":["https:\/\/www.facebook.com\/muchogusto.nl\/","https:\/\/www.instagram.com\/muchogusto.nl\/"]}]}},"_links":{"self":[{"href":"https:\/\/muchogusto.nl\/de\/wp-json\/wp\/v2\/product\/57192","targetHints":{"allow":["GET"]}}],"collection":[{"href":"https:\/\/muchogusto.nl\/de\/wp-json\/wp\/v2\/product"}],"about":[{"href":"https:\/\/muchogusto.nl\/de\/wp-json\/wp\/v2\/types\/product"}],"replies":[{"embeddable":true,"href":"https:\/\/muchogusto.nl\/de\/wp-json\/wp\/v2\/comments?post=57192"}],"wp:featuredmedia":[{"embeddable":true,"href":"https:\/\/muchogusto.nl\/de\/wp-json\/wp\/v2\/media\/56966"}],"wp:attachment":[{"href":"https:\/\/muchogusto.nl\/de\/wp-json\/wp\/v2\/media?parent=57192"}],"wp:term":[{"taxonomy":"product_brand","embeddable":true,"href":"https:\/\/muchogusto.nl\/de\/wp-json\/wp\/v2\/product_brand?post=57192"},{"taxonomy":"product_cat","embeddable":true,"href":"https:\/\/muchogusto.nl\/de\/wp-json\/wp\/v2\/product_cat?post=57192"},{"taxonomy":"product_tag","embeddable":true,"href":"https:\/\/muchogusto.nl\/de\/wp-json\/wp\/v2\/product_tag?post=57192"}],"curies":[{"name":"wp","href":"https:\/\/api.w.org\/{rel}","templated":true}]}}