{"id":57172,"date":"2026-02-24T12:04:36","date_gmt":"2026-02-24T11:04:36","guid":{"rendered":"https:\/\/muchogusto.nl\/product\/mucho-gusto-top-paratico-light-blue-elegance\/"},"modified":"2026-03-02T12:02:38","modified_gmt":"2026-03-02T11:02:38","slug":"mucho-gusto-top-paratico-hellblau-eleganz","status":"publish","type":"product","link":"https:\/\/muchogusto.nl\/de\/produkt\/mucho-gusto-top-paratico-hellblau-eleganz\/","title":{"rendered":"MUCHO GUSTO\u00ae Top Paratico Hellblau Eleganz"},"content":{"rendered":"<h3>DETAILS ZUM PRODUKT<\/h3>\n<p><strong>MUCHO GUSTO\u00ae Top Paratico Hellblau Eleganz<\/strong><\/p>\n<p>Tauche ein in lebendige Raffinesse mit dem MUCHO GUSTO\u00ae Top Paratico Hellblau Eleganz \u2013 einem modernen Essential, das sanfte Farbt\u00f6ne mit ausdrucksstarken Details verbindet. Dieses Design verk\u00f6rpert die charakteristische Balance der Marke: verspielt, farbenfroh und dennoch m\u00fchelos elegant.<\/p>\n<p>Die Komposition beginnt mit einer ruhigen, hellblauen Basis, die Frische und Klarheit ausstrahlt. Im Inneren der \u00c4rmel zeigt sich ein \u00fcberraschender Kontrast: ein lebendiges Multicolor\u2011Muster mit dynamischen Formen und kr\u00e4ftigen Farbakzenten. Diese versteckten Details kommen bei jeder Bewegung subtil zum Vorschein und verleihen dem Top eine k\u00fcnstlerische, moderne Note.<\/p>\n<p>Gefertigt aus einer hochwertigen Mischung aus 97% Baumwolle und 3% Lycra f\u00fchlt sich der Stoff weich, atmungsaktiv und angenehm elastisch an. Dadurch entsteht ein komfortabler Sitz, der sich ideal f\u00fcr den Alltag eignet. Ob kombiniert mit einer hellen Hose f\u00fcr einen entspannten Look oder mit einem farbenfrohen Kimono f\u00fcr ein auff\u00e4lliges Ensemble \u2013 die Paratico\u2011Silhouette passt sich m\u00fchelos jeder Gelegenheit und jeder Saison an. Erh\u00e4ltlich in den Gr\u00f6\u00dfen XS bis 3XL bietet dieses Top eine schmeichelhafte und inklusive Passform.<\/p>\n<p>Dieses MUCHO GUSTO\u00ae Top Paratico ist ein moderner Ausdruck von Dutch Design. Dadurch verleiht es sowohl l\u00e4ssigen als auch eleganten Outfits eine frische, stilvolle Ausstrahlung.<\/p>\n<p><strong>Dutch Design<\/strong><br \/>\n<strong>Material<\/strong> 97% Baumwolle, 3% Lycra<br \/>\n<strong>Gr\u00f6\u00dfen<\/strong> XS, S, M, L, XL, XXL, 3XL<br \/>\n<strong>Schnitt<\/strong> Leichtes Kurzarm\u2011Top<br \/>\n<strong>Design<\/strong> Hellblaue Basis mit multicolor Printdetails in den \u00c4rmeln<br \/>\n<strong>Farbpalette<\/strong> Hellblau Multicolor\u2011Akzente<\/p>\n<p><span style=\"font-size: 24px; font-weight: bold;\">PASSENDE ARTIKEL<\/span><\/p>\n<div class=\"summary\">\n<p class=\"p2\"><span class=\"s1\">Vervollst\u00e4ndigen Sie Ihren Look mit einem passenden\u00a0<a href=\"https:\/\/muchogusto.nl\/de\/schals\/\"><span class=\"s2\">Schal<\/span><\/a>.<br \/>\n<\/span><span class=\"s1\">M\u00f6chten Sie mehr Blusen sehen? Dann schauen Sie sich unsere\u00a0<a href=\"https:\/\/muchogusto.nl\/de\/blusen\/\"><span class=\"s2\">Bekleidungsseite<\/span><\/a>\u00a0an.<br \/>\n<\/span><span class=\"s1\">M\u00f6chten Sie mehr Inspiration? Besuchen Sie unsere\u00a0<a href=\"https:\/\/www.instagram.com\/muchogusto.nl\/\"><span class=\"s2\">Instagram<\/span><\/a>-Seite.\u00a0<\/span><\/p>\n<h3>BRAUCHEN SIE HILFE?<\/h3>\n<p>Wenn Sie Fragen zu diesem Artikel oder der Gr\u00f6\u00dfe haben, senden Sie eine E-Mail an unseren Kundenservice unter<a href=\"http:\/\/muchogusto.nl\/de\/\"><span class=\"s2\">web@muchogusto.nl.<\/span><\/a><\/p>\n<h3>GR\u00d6SSENTABELLEN<\/h3>\n<p>Unsere Gr\u00f6\u00dfen sind in europ\u00e4ischen Gr\u00f6\u00dfen angegeben. Sie k\u00f6nnen diese Gr\u00f6\u00dfen anhand der Tabellen\u00a0<a href=\"https:\/\/muchogusto.nl\/de\/grossentabellen\/\">auf dieser Seite<\/a> leicht umrechnen. Die Passform kann je nach Stil oder pers\u00f6nlicher Vorliebe variieren.<\/p>\n<\/div>\n<section class=\"related products\"><\/section>\n","protected":false},"excerpt":{"rendered":"<p>DETAILS ZUM PRODUKT MUCHO GUSTO\u00ae Top Paratico Hellblau Eleganz Tauche ein in lebendige Raffinesse mit dem MUCHO GUSTO\u00ae Top Paratico Hellblau Eleganz \u2013 einem modernen Essential, das sanfte Farbt\u00f6ne mit ausdrucksstarken Details verbindet. Dieses Design verk\u00f6rpert die charakteristische Balance der Marke: verspielt, farbenfroh und dennoch m\u00fchelos elegant. Die Komposition beginnt mit einer ruhigen, hellblauen Basis, [&hellip;]<\/p>\n","protected":false},"featured_media":56963,"comment_status":"open","ping_status":"closed","template":"","meta":{"_acf_changed":false,"inline_featured_image":false,"navigation_state":false,"_genesis_hide_title":false,"_genesis_hide_breadcrumbs":false,"_genesis_hide_singular_image":false,"_genesis_hide_footer_widgets":false,"_genesis_custom_body_class":"","_genesis_custom_post_class":"","_genesis_layout":""},"product_brand":[],"product_cat":[69,85,3339],"product_tag":[],"class_list":{"0":"post-57172","1":"product","2":"type-product","3":"status-publish","4":"has-post-thumbnail","6":"product_cat-kleidung","7":"product_cat-neu","8":"product_cat-tops-de","9":"entry","11":"first","12":"instock","13":"taxable","14":"shipping-taxable","15":"purchasable","16":"product-type-variable"},"acf":[],"yoast_head":"<!-- This site is optimized with the Yoast SEO Premium plugin v27.2 (Yoast SEO v27.2) - https:\/\/yoast.com\/product\/yoast-seo-premium-wordpress\/ -->\n<title>MUCHO GUSTO\u00ae Top Paratico Hellblau Eleganz<\/title>\n<meta name=\"description\" content=\"MUCHO GUSTO\u00ae Top Paratico in Hellblau mit farbenfrohen Printdetails in den \u00c4rmeln. Weiche Baumwoll\u2011Lycra\u2011Mischung und perfekte Passform in XS\u20133XL. Shop Now\" \/>\n<meta name=\"robots\" content=\"index, follow, max-snippet:-1, max-image-preview:large, max-video-preview:-1\" \/>\n<link rel=\"canonical\" href=\"https:\/\/muchogusto.nl\/de\/produkt\/mucho-gusto-top-paratico-hellblau-eleganz\/\" \/>\n<meta property=\"og:locale\" content=\"de_DE\" \/>\n<meta property=\"og:type\" content=\"article\" \/>\n<meta property=\"og:title\" content=\"MUCHO GUSTO\u00ae Top Paratico Hellblau Eleganz\" \/>\n<meta property=\"og:description\" content=\"MUCHO GUSTO\u00ae Top Paratico in Hellblau mit farbenfrohen Printdetails in den \u00c4rmeln. Weiche Baumwoll\u2011Lycra\u2011Mischung und perfekte Passform in XS\u20133XL. Shop Now\" \/>\n<meta property=\"og:url\" content=\"https:\/\/muchogusto.nl\/de\/produkt\/mucho-gusto-top-paratico-hellblau-eleganz\/\" \/>\n<meta property=\"og:site_name\" content=\"Mucho Gusto\" \/>\n<meta property=\"article:publisher\" content=\"https:\/\/www.facebook.com\/muchogusto.nl\/\" \/>\n<meta property=\"article:modified_time\" content=\"2026-03-02T11:02:38+00:00\" \/>\n<meta property=\"og:image\" content=\"http:\/\/muchogusto.nl\/wp-content\/uploads\/2026\/02\/C61PAT064-scaled.jpg\" \/>\n\t<meta property=\"og:image:width\" content=\"1920\" \/>\n\t<meta property=\"og:image:height\" content=\"2560\" \/>\n\t<meta property=\"og:image:type\" content=\"image\/jpeg\" \/>\n<meta name=\"twitter:card\" content=\"summary_large_image\" \/>\n<meta name=\"twitter:label1\" content=\"Est. reading time\" \/>\n\t<meta name=\"twitter:data1\" content=\"2 minutes\" \/>\n<script type=\"application\/ld+json\" class=\"yoast-schema-graph\">{\"@context\":\"https:\/\/schema.org\",\"@graph\":[{\"@type\":\"WebPage\",\"@id\":\"https:\/\/muchogusto.nl\/de\/produkt\/mucho-gusto-top-paratico-hellblau-eleganz\/\",\"url\":\"https:\/\/muchogusto.nl\/de\/produkt\/mucho-gusto-top-paratico-hellblau-eleganz\/\",\"name\":\"MUCHO GUSTO\u00ae Top Paratico Hellblau Eleganz\",\"isPartOf\":{\"@id\":\"https:\/\/muchogusto.nl\/#website\"},\"primaryImageOfPage\":{\"@id\":\"https:\/\/muchogusto.nl\/de\/produkt\/mucho-gusto-top-paratico-hellblau-eleganz\/#primaryimage\"},\"image\":{\"@id\":\"https:\/\/muchogusto.nl\/de\/produkt\/mucho-gusto-top-paratico-hellblau-eleganz\/#primaryimage\"},\"thumbnailUrl\":\"https:\/\/muchogusto.nl\/wp-content\/uploads\/2026\/02\/C61PAT064-scaled.jpg\",\"datePublished\":\"2026-02-24T11:04:36+00:00\",\"dateModified\":\"2026-03-02T11:02:38+00:00\",\"description\":\"MUCHO GUSTO\u00ae Top Paratico in Hellblau mit farbenfrohen Printdetails in den \u00c4rmeln. Weiche Baumwoll\u2011Lycra\u2011Mischung und perfekte Passform in XS\u20133XL. Shop Now\",\"breadcrumb\":{\"@id\":\"https:\/\/muchogusto.nl\/de\/produkt\/mucho-gusto-top-paratico-hellblau-eleganz\/#breadcrumb\"},\"inLanguage\":\"de-DE\",\"potentialAction\":[{\"@type\":\"ReadAction\",\"target\":[\"https:\/\/muchogusto.nl\/de\/produkt\/mucho-gusto-top-paratico-hellblau-eleganz\/\"]}]},{\"@type\":\"ImageObject\",\"inLanguage\":\"de-DE\",\"@id\":\"https:\/\/muchogusto.nl\/de\/produkt\/mucho-gusto-top-paratico-hellblau-eleganz\/#primaryimage\",\"url\":\"https:\/\/muchogusto.nl\/wp-content\/uploads\/2026\/02\/C61PAT064-scaled.jpg\",\"contentUrl\":\"https:\/\/muchogusto.nl\/wp-content\/uploads\/2026\/02\/C61PAT064-scaled.jpg\",\"width\":1920,\"height\":2560,\"caption\":\"MUCHO GUSTO\u00ae Top Paratico Hellblau Eleganz\"},{\"@type\":\"BreadcrumbList\",\"@id\":\"https:\/\/muchogusto.nl\/de\/produkt\/mucho-gusto-top-paratico-hellblau-eleganz\/#breadcrumb\",\"itemListElement\":[{\"@type\":\"ListItem\",\"position\":1,\"name\":\"Home\",\"item\":\"https:\/\/muchogusto.nl\/de\/\"},{\"@type\":\"ListItem\",\"position\":2,\"name\":\"Shop\",\"item\":\"https:\/\/muchogusto.nl\/de\/shop-2\/\"},{\"@type\":\"ListItem\",\"position\":3,\"name\":\"MUCHO GUSTO\u00ae Top Paratico Hellblau Eleganz\"}]},{\"@type\":\"WebSite\",\"@id\":\"https:\/\/muchogusto.nl\/#website\",\"url\":\"https:\/\/muchogusto.nl\/\",\"name\":\"muchogusto.nl\",\"description\":\"\",\"publisher\":{\"@id\":\"https:\/\/muchogusto.nl\/#organization\"},\"potentialAction\":[{\"@type\":\"SearchAction\",\"target\":{\"@type\":\"EntryPoint\",\"urlTemplate\":\"https:\/\/muchogusto.nl\/?s={search_term_string}\"},\"query-input\":{\"@type\":\"PropertyValueSpecification\",\"valueRequired\":true,\"valueName\":\"search_term_string\"}}],\"inLanguage\":\"de-DE\"},{\"@type\":\"Organization\",\"@id\":\"https:\/\/muchogusto.nl\/#organization\",\"name\":\"Mucho Gusto\",\"url\":\"https:\/\/muchogusto.nl\/\",\"logo\":{\"@type\":\"ImageObject\",\"inLanguage\":\"de-DE\",\"@id\":\"https:\/\/muchogusto.nl\/#\/schema\/logo\/image\/\",\"url\":\"https:\/\/muchogusto.nl\/wp-content\/uploads\/2022\/08\/logo_header.svg\",\"contentUrl\":\"https:\/\/muchogusto.nl\/wp-content\/uploads\/2022\/08\/logo_header.svg\",\"caption\":\"Mucho Gusto\"},\"image\":{\"@id\":\"https:\/\/muchogusto.nl\/#\/schema\/logo\/image\/\"},\"sameAs\":[\"https:\/\/www.facebook.com\/muchogusto.nl\/\",\"https:\/\/www.instagram.com\/muchogusto.nl\/\"]}]}<\/script>\n<!-- \/ Yoast SEO Premium plugin. -->","yoast_head_json":{"title":"MUCHO GUSTO\u00ae Top Paratico Hellblau Eleganz","description":"MUCHO GUSTO\u00ae Top Paratico in Hellblau mit farbenfrohen Printdetails in den \u00c4rmeln. Weiche Baumwoll\u2011Lycra\u2011Mischung und perfekte Passform in XS\u20133XL. Shop Now","robots":{"index":"index","follow":"follow","max-snippet":"max-snippet:-1","max-image-preview":"max-image-preview:large","max-video-preview":"max-video-preview:-1"},"canonical":"https:\/\/muchogusto.nl\/de\/produkt\/mucho-gusto-top-paratico-hellblau-eleganz\/","og_locale":"de_DE","og_type":"article","og_title":"MUCHO GUSTO\u00ae Top Paratico Hellblau Eleganz","og_description":"MUCHO GUSTO\u00ae Top Paratico in Hellblau mit farbenfrohen Printdetails in den \u00c4rmeln. Weiche Baumwoll\u2011Lycra\u2011Mischung und perfekte Passform in XS\u20133XL. Shop Now","og_url":"https:\/\/muchogusto.nl\/de\/produkt\/mucho-gusto-top-paratico-hellblau-eleganz\/","og_site_name":"Mucho Gusto","article_publisher":"https:\/\/www.facebook.com\/muchogusto.nl\/","article_modified_time":"2026-03-02T11:02:38+00:00","og_image":[{"width":1920,"height":2560,"url":"http:\/\/muchogusto.nl\/wp-content\/uploads\/2026\/02\/C61PAT064-scaled.jpg","type":"image\/jpeg"}],"twitter_card":"summary_large_image","twitter_misc":{"Est. reading time":"2 minutes"},"schema":{"@context":"https:\/\/schema.org","@graph":[{"@type":"WebPage","@id":"https:\/\/muchogusto.nl\/de\/produkt\/mucho-gusto-top-paratico-hellblau-eleganz\/","url":"https:\/\/muchogusto.nl\/de\/produkt\/mucho-gusto-top-paratico-hellblau-eleganz\/","name":"MUCHO GUSTO\u00ae Top Paratico Hellblau Eleganz","isPartOf":{"@id":"https:\/\/muchogusto.nl\/#website"},"primaryImageOfPage":{"@id":"https:\/\/muchogusto.nl\/de\/produkt\/mucho-gusto-top-paratico-hellblau-eleganz\/#primaryimage"},"image":{"@id":"https:\/\/muchogusto.nl\/de\/produkt\/mucho-gusto-top-paratico-hellblau-eleganz\/#primaryimage"},"thumbnailUrl":"https:\/\/muchogusto.nl\/wp-content\/uploads\/2026\/02\/C61PAT064-scaled.jpg","datePublished":"2026-02-24T11:04:36+00:00","dateModified":"2026-03-02T11:02:38+00:00","description":"MUCHO GUSTO\u00ae Top Paratico in Hellblau mit farbenfrohen Printdetails in den \u00c4rmeln. Weiche Baumwoll\u2011Lycra\u2011Mischung und perfekte Passform in XS\u20133XL. Shop Now","breadcrumb":{"@id":"https:\/\/muchogusto.nl\/de\/produkt\/mucho-gusto-top-paratico-hellblau-eleganz\/#breadcrumb"},"inLanguage":"de-DE","potentialAction":[{"@type":"ReadAction","target":["https:\/\/muchogusto.nl\/de\/produkt\/mucho-gusto-top-paratico-hellblau-eleganz\/"]}]},{"@type":"ImageObject","inLanguage":"de-DE","@id":"https:\/\/muchogusto.nl\/de\/produkt\/mucho-gusto-top-paratico-hellblau-eleganz\/#primaryimage","url":"https:\/\/muchogusto.nl\/wp-content\/uploads\/2026\/02\/C61PAT064-scaled.jpg","contentUrl":"https:\/\/muchogusto.nl\/wp-content\/uploads\/2026\/02\/C61PAT064-scaled.jpg","width":1920,"height":2560,"caption":"MUCHO GUSTO\u00ae Top Paratico Hellblau Eleganz"},{"@type":"BreadcrumbList","@id":"https:\/\/muchogusto.nl\/de\/produkt\/mucho-gusto-top-paratico-hellblau-eleganz\/#breadcrumb","itemListElement":[{"@type":"ListItem","position":1,"name":"Home","item":"https:\/\/muchogusto.nl\/de\/"},{"@type":"ListItem","position":2,"name":"Shop","item":"https:\/\/muchogusto.nl\/de\/shop-2\/"},{"@type":"ListItem","position":3,"name":"MUCHO GUSTO\u00ae Top Paratico Hellblau Eleganz"}]},{"@type":"WebSite","@id":"https:\/\/muchogusto.nl\/#website","url":"https:\/\/muchogusto.nl\/","name":"muchogusto.nl","description":"","publisher":{"@id":"https:\/\/muchogusto.nl\/#organization"},"potentialAction":[{"@type":"SearchAction","target":{"@type":"EntryPoint","urlTemplate":"https:\/\/muchogusto.nl\/?s={search_term_string}"},"query-input":{"@type":"PropertyValueSpecification","valueRequired":true,"valueName":"search_term_string"}}],"inLanguage":"de-DE"},{"@type":"Organization","@id":"https:\/\/muchogusto.nl\/#organization","name":"Mucho Gusto","url":"https:\/\/muchogusto.nl\/","logo":{"@type":"ImageObject","inLanguage":"de-DE","@id":"https:\/\/muchogusto.nl\/#\/schema\/logo\/image\/","url":"https:\/\/muchogusto.nl\/wp-content\/uploads\/2022\/08\/logo_header.svg","contentUrl":"https:\/\/muchogusto.nl\/wp-content\/uploads\/2022\/08\/logo_header.svg","caption":"Mucho Gusto"},"image":{"@id":"https:\/\/muchogusto.nl\/#\/schema\/logo\/image\/"},"sameAs":["https:\/\/www.facebook.com\/muchogusto.nl\/","https:\/\/www.instagram.com\/muchogusto.nl\/"]}]}},"_links":{"self":[{"href":"https:\/\/muchogusto.nl\/de\/wp-json\/wp\/v2\/product\/57172","targetHints":{"allow":["GET"]}}],"collection":[{"href":"https:\/\/muchogusto.nl\/de\/wp-json\/wp\/v2\/product"}],"about":[{"href":"https:\/\/muchogusto.nl\/de\/wp-json\/wp\/v2\/types\/product"}],"replies":[{"embeddable":true,"href":"https:\/\/muchogusto.nl\/de\/wp-json\/wp\/v2\/comments?post=57172"}],"wp:featuredmedia":[{"embeddable":true,"href":"https:\/\/muchogusto.nl\/de\/wp-json\/wp\/v2\/media\/56963"}],"wp:attachment":[{"href":"https:\/\/muchogusto.nl\/de\/wp-json\/wp\/v2\/media?parent=57172"}],"wp:term":[{"taxonomy":"product_brand","embeddable":true,"href":"https:\/\/muchogusto.nl\/de\/wp-json\/wp\/v2\/product_brand?post=57172"},{"taxonomy":"product_cat","embeddable":true,"href":"https:\/\/muchogusto.nl\/de\/wp-json\/wp\/v2\/product_cat?post=57172"},{"taxonomy":"product_tag","embeddable":true,"href":"https:\/\/muchogusto.nl\/de\/wp-json\/wp\/v2\/product_tag?post=57172"}],"curies":[{"name":"wp","href":"https:\/\/api.w.org\/{rel}","templated":true}]}}