{"id":57096,"date":"2026-02-24T11:03:08","date_gmt":"2026-02-24T10:03:08","guid":{"rendered":"https:\/\/muchogusto.nl\/product\/mucho-gusto-skirt-cosenza-multicolor-leopard-print\/"},"modified":"2026-03-02T12:02:38","modified_gmt":"2026-03-02T11:02:38","slug":"mucho-gusto-rock-cosenza-mehrfarbiger-leopardenprint","status":"publish","type":"product","link":"https:\/\/muchogusto.nl\/de\/produkt\/mucho-gusto-rock-cosenza-mehrfarbiger-leopardenprint\/","title":{"rendered":"MUCHO GUSTO\u00ae Rock Cosenza Mehrfarbiger Leopardenprint"},"content":{"rendered":"<h3>DETAILS ZUM PRODUKT<\/h3>\n<p><strong>MUCHO GUSTO\u00ae Rock Cosenza Mehrfarbiger Leopardenprint<\/strong><\/p>\n<p>Tauche ein in lebendige Eleganz mit dem MUCHO GUSTO\u00ae Rock Cosenza Mehrfarbiger Leopardenprint \u2013 ein auff\u00e4lliges Statement\u2011Piece, das die charakteristische Mischung der Marke aus Farbe, Kontrast und moderner Raffinesse widerspiegelt. Dieser Rock kombiniert eine flie\u00dfende Silhouette mit einem expressiven Muster und schafft so einen Look, der sowohl verspielt als auch luxuri\u00f6s wirkt.<\/p>\n<p>Das Design pr\u00e4sentiert einen dynamischen, mehrfarbigen Leopardenprint, veredelt durch k\u00fcnstlerische Akzente und harmonisch abgestimmte Farbt\u00f6ne. Sanfte Gr\u00fcnt\u00f6ne treffen auf warme Ros\u00e9nuancen, lebendige Blauschattierungen und tiefes Schwarz. Diese farbenfrohe Komposition erzeugt Bewegung und Tiefe und verleiht dem klassischen Animal\u2011Print eine moderne, stilvolle Interpretation. Das Ergebnis ist ein Rock, der auff\u00e4llt, ohne seine zeitlose Balance zu verlieren.<\/p>\n<p>Gefertigt aus 100% Viskose f\u00e4llt der Rock weich und geschmeidig und f\u00fchlt sich angenehm leicht auf der Haut an. Die elegante, flie\u00dfende Form bewegt sich m\u00fchelos bei jedem Schritt und eignet sich sowohl f\u00fcr entspannte Tageslooks als auch f\u00fcr raffinierte Abendoutfits. Erh\u00e4ltlich in den Gr\u00f6\u00dfen XS bis 3XL bietet der Cosenza\u2011Schnitt eine komfortable und schmeichelhafte Passform f\u00fcr viele verschiedene K\u00f6rpertypen.<\/p>\n<p>Dieser MUCHO GUSTO\u00ae Rock Cosenza ist ein echtes Statement\u2011Piece. Dadurch verleiht er jedem Outfit selbstbewusste Farbe, k\u00fcnstlerische Ausstrahlung und unverwechselbares Dutch Design.<\/p>\n<p><strong>Dutch Design<\/strong><br \/>\n<strong>Material<\/strong> 100% Viskose<br \/>\n<strong>Gr\u00f6\u00dfen<\/strong> XS, S, M, L, XL, XXL, 3XL<br \/>\n<strong>Schnitt<\/strong> Flie\u00dfender Rock<br \/>\n<strong>Design<\/strong> Mehrfarbiger Leopardenprint mit k\u00fcnstlerischen Akzenten<br \/>\n<strong>Farbpalette<\/strong> Gr\u00fcn Rosa Blau Schwarz Multicolor<\/p>\n<div class=\"summary\">\n<div class=\"tccContent\">\n<div class=\"summary\">\n<div class=\"tccContent\">\n<h3>PASSENDE ARTIKEL<\/h3>\n<p class=\"p2\"><span class=\"s1\">Vervollst\u00e4ndigen Sie Ihren Look mit einem passenden\u00a0<a href=\"https:\/\/muchogusto.nl\/de\/schals\/\"><span class=\"s2\">Schal<\/span><\/a>.<br \/>\n<\/span><span class=\"s1\">M\u00f6chten Sie mehr Blusen sehen? Dann schauen Sie sich unsere\u00a0<a href=\"https:\/\/muchogusto.nl\/de\/blusen\/\"><span class=\"s2\">Bekleidungsseite<\/span><\/a>\u00a0an.<br \/>\n<\/span><span class=\"s1\">M\u00f6chten Sie mehr Inspiration? Besuchen Sie unsere\u00a0<a href=\"https:\/\/www.instagram.com\/muchogusto.nl\/\"><span class=\"s2\">Instagram<\/span><\/a>-Seite.\u00a0<\/span><\/p>\n<h3>BRAUCHEN SIE HILFE?<\/h3>\n<p>Wenn Sie Fragen zu diesem Artikel oder der Gr\u00f6\u00dfe haben, senden Sie eine E-Mail an unseren Kundenservice unter<a href=\"http:\/\/muchogusto.nl\/de\/\"><span class=\"s2\">web@muchogusto.nl.<\/span><\/a><\/p>\n<h3>GR\u00d6SSENTABELLEN<\/h3>\n<p>Unsere Gr\u00f6\u00dfen sind in europ\u00e4ischen Gr\u00f6\u00dfen angegeben. Sie k\u00f6nnen diese Gr\u00f6\u00dfen anhand der Tabellen\u00a0<a href=\"https:\/\/muchogusto.nl\/de\/grossentabellen\/\">auf dieser Seite<\/a> leicht umrechnen. Die Passform kann je nach Stil oder pers\u00f6nlicher Vorliebe variieren.<\/p>\n<\/div>\n<\/div>\n<\/div>\n<\/div>\n<section class=\"related products\"><\/section>\n","protected":false},"excerpt":{"rendered":"<p>DETAILS ZUM PRODUKT MUCHO GUSTO\u00ae Rock Cosenza Mehrfarbiger Leopardenprint Tauche ein in lebendige Eleganz mit dem MUCHO GUSTO\u00ae Rock Cosenza Mehrfarbiger Leopardenprint \u2013 ein auff\u00e4lliges Statement\u2011Piece, das die charakteristische Mischung der Marke aus Farbe, Kontrast und moderner Raffinesse widerspiegelt. Dieser Rock kombiniert eine flie\u00dfende Silhouette mit einem expressiven Muster und schafft so einen Look, der [&hellip;]<\/p>\n","protected":false},"featured_media":56951,"comment_status":"open","ping_status":"closed","template":"","meta":{"_acf_changed":false,"inline_featured_image":false,"navigation_state":false,"_genesis_hide_title":false,"_genesis_hide_breadcrumbs":false,"_genesis_hide_singular_image":false,"_genesis_hide_footer_widgets":false,"_genesis_custom_body_class":"","_genesis_custom_post_class":"","_genesis_layout":""},"product_brand":[],"product_cat":[69,85,81],"product_tag":[],"class_list":{"0":"post-57096","1":"product","2":"type-product","3":"status-publish","4":"has-post-thumbnail","6":"product_cat-kleidung","7":"product_cat-neu","8":"product_cat-rocke","9":"entry","11":"first","12":"instock","13":"taxable","14":"shipping-taxable","15":"purchasable","16":"product-type-variable"},"acf":[],"yoast_head":"<!-- This site is optimized with the Yoast SEO Premium plugin v27.2 (Yoast SEO v27.2) - https:\/\/yoast.com\/product\/yoast-seo-premium-wordpress\/ -->\n<title>MUCHO GUSTO\u00ae Rock Cosenza Mehrfarbiger Leopardenprint<\/title>\n<meta name=\"description\" content=\"MUCHO GUSTO\u00ae Rock Cosenza mit farbenfrohem Leopardenprint. Leichter 100% Viskose\u2011Look und perfekte Passform in XS\u20133XL. Shop Now\" \/>\n<meta name=\"robots\" content=\"index, follow, max-snippet:-1, max-image-preview:large, max-video-preview:-1\" \/>\n<link rel=\"canonical\" href=\"https:\/\/muchogusto.nl\/de\/produkt\/mucho-gusto-rock-cosenza-mehrfarbiger-leopardenprint\/\" \/>\n<meta property=\"og:locale\" content=\"de_DE\" \/>\n<meta property=\"og:type\" content=\"article\" \/>\n<meta property=\"og:title\" content=\"MUCHO GUSTO\u00ae Rock Cosenza Mehrfarbiger Leopardenprint\" \/>\n<meta property=\"og:description\" content=\"MUCHO GUSTO\u00ae Rock Cosenza mit farbenfrohem Leopardenprint. Leichter 100% Viskose\u2011Look und perfekte Passform in XS\u20133XL. Shop Now\" \/>\n<meta property=\"og:url\" content=\"https:\/\/muchogusto.nl\/de\/produkt\/mucho-gusto-rock-cosenza-mehrfarbiger-leopardenprint\/\" \/>\n<meta property=\"og:site_name\" content=\"Mucho Gusto\" \/>\n<meta property=\"article:publisher\" content=\"https:\/\/www.facebook.com\/muchogusto.nl\/\" \/>\n<meta property=\"article:modified_time\" content=\"2026-03-02T11:02:38+00:00\" \/>\n<meta property=\"og:image\" content=\"http:\/\/muchogusto.nl\/wp-content\/uploads\/2026\/02\/C61COS078-scaled.jpg\" \/>\n\t<meta property=\"og:image:width\" content=\"1920\" \/>\n\t<meta property=\"og:image:height\" content=\"2560\" \/>\n\t<meta property=\"og:image:type\" content=\"image\/jpeg\" \/>\n<meta name=\"twitter:card\" content=\"summary_large_image\" \/>\n<meta name=\"twitter:label1\" content=\"Est. reading time\" \/>\n\t<meta name=\"twitter:data1\" content=\"2 minutes\" \/>\n<script type=\"application\/ld+json\" class=\"yoast-schema-graph\">{\"@context\":\"https:\/\/schema.org\",\"@graph\":[{\"@type\":\"WebPage\",\"@id\":\"https:\/\/muchogusto.nl\/de\/produkt\/mucho-gusto-rock-cosenza-mehrfarbiger-leopardenprint\/\",\"url\":\"https:\/\/muchogusto.nl\/de\/produkt\/mucho-gusto-rock-cosenza-mehrfarbiger-leopardenprint\/\",\"name\":\"MUCHO GUSTO\u00ae Rock Cosenza Mehrfarbiger Leopardenprint\",\"isPartOf\":{\"@id\":\"https:\/\/muchogusto.nl\/#website\"},\"primaryImageOfPage\":{\"@id\":\"https:\/\/muchogusto.nl\/de\/produkt\/mucho-gusto-rock-cosenza-mehrfarbiger-leopardenprint\/#primaryimage\"},\"image\":{\"@id\":\"https:\/\/muchogusto.nl\/de\/produkt\/mucho-gusto-rock-cosenza-mehrfarbiger-leopardenprint\/#primaryimage\"},\"thumbnailUrl\":\"https:\/\/muchogusto.nl\/wp-content\/uploads\/2026\/02\/C61COS078-scaled.jpg\",\"datePublished\":\"2026-02-24T10:03:08+00:00\",\"dateModified\":\"2026-03-02T11:02:38+00:00\",\"description\":\"MUCHO GUSTO\u00ae Rock Cosenza mit farbenfrohem Leopardenprint. Leichter 100% Viskose\u2011Look und perfekte Passform in XS\u20133XL. Shop Now\",\"breadcrumb\":{\"@id\":\"https:\/\/muchogusto.nl\/de\/produkt\/mucho-gusto-rock-cosenza-mehrfarbiger-leopardenprint\/#breadcrumb\"},\"inLanguage\":\"de-DE\",\"potentialAction\":[{\"@type\":\"ReadAction\",\"target\":[\"https:\/\/muchogusto.nl\/de\/produkt\/mucho-gusto-rock-cosenza-mehrfarbiger-leopardenprint\/\"]}]},{\"@type\":\"ImageObject\",\"inLanguage\":\"de-DE\",\"@id\":\"https:\/\/muchogusto.nl\/de\/produkt\/mucho-gusto-rock-cosenza-mehrfarbiger-leopardenprint\/#primaryimage\",\"url\":\"https:\/\/muchogusto.nl\/wp-content\/uploads\/2026\/02\/C61COS078-scaled.jpg\",\"contentUrl\":\"https:\/\/muchogusto.nl\/wp-content\/uploads\/2026\/02\/C61COS078-scaled.jpg\",\"width\":1920,\"height\":2560,\"caption\":\"MUCHO GUSTO\u00ae Rock Cosenza Mehrfarbiger Leopardenprint\"},{\"@type\":\"BreadcrumbList\",\"@id\":\"https:\/\/muchogusto.nl\/de\/produkt\/mucho-gusto-rock-cosenza-mehrfarbiger-leopardenprint\/#breadcrumb\",\"itemListElement\":[{\"@type\":\"ListItem\",\"position\":1,\"name\":\"Home\",\"item\":\"https:\/\/muchogusto.nl\/de\/\"},{\"@type\":\"ListItem\",\"position\":2,\"name\":\"Shop\",\"item\":\"https:\/\/muchogusto.nl\/de\/shop-2\/\"},{\"@type\":\"ListItem\",\"position\":3,\"name\":\"MUCHO GUSTO\u00ae Rock Cosenza Mehrfarbiger Leopardenprint\"}]},{\"@type\":\"WebSite\",\"@id\":\"https:\/\/muchogusto.nl\/#website\",\"url\":\"https:\/\/muchogusto.nl\/\",\"name\":\"muchogusto.nl\",\"description\":\"\",\"publisher\":{\"@id\":\"https:\/\/muchogusto.nl\/#organization\"},\"potentialAction\":[{\"@type\":\"SearchAction\",\"target\":{\"@type\":\"EntryPoint\",\"urlTemplate\":\"https:\/\/muchogusto.nl\/?s={search_term_string}\"},\"query-input\":{\"@type\":\"PropertyValueSpecification\",\"valueRequired\":true,\"valueName\":\"search_term_string\"}}],\"inLanguage\":\"de-DE\"},{\"@type\":\"Organization\",\"@id\":\"https:\/\/muchogusto.nl\/#organization\",\"name\":\"Mucho Gusto\",\"url\":\"https:\/\/muchogusto.nl\/\",\"logo\":{\"@type\":\"ImageObject\",\"inLanguage\":\"de-DE\",\"@id\":\"https:\/\/muchogusto.nl\/#\/schema\/logo\/image\/\",\"url\":\"https:\/\/muchogusto.nl\/wp-content\/uploads\/2022\/08\/logo_header.svg\",\"contentUrl\":\"https:\/\/muchogusto.nl\/wp-content\/uploads\/2022\/08\/logo_header.svg\",\"caption\":\"Mucho Gusto\"},\"image\":{\"@id\":\"https:\/\/muchogusto.nl\/#\/schema\/logo\/image\/\"},\"sameAs\":[\"https:\/\/www.facebook.com\/muchogusto.nl\/\",\"https:\/\/www.instagram.com\/muchogusto.nl\/\"]}]}<\/script>\n<!-- \/ Yoast SEO Premium plugin. -->","yoast_head_json":{"title":"MUCHO GUSTO\u00ae Rock Cosenza Mehrfarbiger Leopardenprint","description":"MUCHO GUSTO\u00ae Rock Cosenza mit farbenfrohem Leopardenprint. Leichter 100% Viskose\u2011Look und perfekte Passform in XS\u20133XL. Shop Now","robots":{"index":"index","follow":"follow","max-snippet":"max-snippet:-1","max-image-preview":"max-image-preview:large","max-video-preview":"max-video-preview:-1"},"canonical":"https:\/\/muchogusto.nl\/de\/produkt\/mucho-gusto-rock-cosenza-mehrfarbiger-leopardenprint\/","og_locale":"de_DE","og_type":"article","og_title":"MUCHO GUSTO\u00ae Rock Cosenza Mehrfarbiger Leopardenprint","og_description":"MUCHO GUSTO\u00ae Rock Cosenza mit farbenfrohem Leopardenprint. Leichter 100% Viskose\u2011Look und perfekte Passform in XS\u20133XL. Shop Now","og_url":"https:\/\/muchogusto.nl\/de\/produkt\/mucho-gusto-rock-cosenza-mehrfarbiger-leopardenprint\/","og_site_name":"Mucho Gusto","article_publisher":"https:\/\/www.facebook.com\/muchogusto.nl\/","article_modified_time":"2026-03-02T11:02:38+00:00","og_image":[{"width":1920,"height":2560,"url":"http:\/\/muchogusto.nl\/wp-content\/uploads\/2026\/02\/C61COS078-scaled.jpg","type":"image\/jpeg"}],"twitter_card":"summary_large_image","twitter_misc":{"Est. reading time":"2 minutes"},"schema":{"@context":"https:\/\/schema.org","@graph":[{"@type":"WebPage","@id":"https:\/\/muchogusto.nl\/de\/produkt\/mucho-gusto-rock-cosenza-mehrfarbiger-leopardenprint\/","url":"https:\/\/muchogusto.nl\/de\/produkt\/mucho-gusto-rock-cosenza-mehrfarbiger-leopardenprint\/","name":"MUCHO GUSTO\u00ae Rock Cosenza Mehrfarbiger Leopardenprint","isPartOf":{"@id":"https:\/\/muchogusto.nl\/#website"},"primaryImageOfPage":{"@id":"https:\/\/muchogusto.nl\/de\/produkt\/mucho-gusto-rock-cosenza-mehrfarbiger-leopardenprint\/#primaryimage"},"image":{"@id":"https:\/\/muchogusto.nl\/de\/produkt\/mucho-gusto-rock-cosenza-mehrfarbiger-leopardenprint\/#primaryimage"},"thumbnailUrl":"https:\/\/muchogusto.nl\/wp-content\/uploads\/2026\/02\/C61COS078-scaled.jpg","datePublished":"2026-02-24T10:03:08+00:00","dateModified":"2026-03-02T11:02:38+00:00","description":"MUCHO GUSTO\u00ae Rock Cosenza mit farbenfrohem Leopardenprint. Leichter 100% Viskose\u2011Look und perfekte Passform in XS\u20133XL. Shop Now","breadcrumb":{"@id":"https:\/\/muchogusto.nl\/de\/produkt\/mucho-gusto-rock-cosenza-mehrfarbiger-leopardenprint\/#breadcrumb"},"inLanguage":"de-DE","potentialAction":[{"@type":"ReadAction","target":["https:\/\/muchogusto.nl\/de\/produkt\/mucho-gusto-rock-cosenza-mehrfarbiger-leopardenprint\/"]}]},{"@type":"ImageObject","inLanguage":"de-DE","@id":"https:\/\/muchogusto.nl\/de\/produkt\/mucho-gusto-rock-cosenza-mehrfarbiger-leopardenprint\/#primaryimage","url":"https:\/\/muchogusto.nl\/wp-content\/uploads\/2026\/02\/C61COS078-scaled.jpg","contentUrl":"https:\/\/muchogusto.nl\/wp-content\/uploads\/2026\/02\/C61COS078-scaled.jpg","width":1920,"height":2560,"caption":"MUCHO GUSTO\u00ae Rock Cosenza Mehrfarbiger Leopardenprint"},{"@type":"BreadcrumbList","@id":"https:\/\/muchogusto.nl\/de\/produkt\/mucho-gusto-rock-cosenza-mehrfarbiger-leopardenprint\/#breadcrumb","itemListElement":[{"@type":"ListItem","position":1,"name":"Home","item":"https:\/\/muchogusto.nl\/de\/"},{"@type":"ListItem","position":2,"name":"Shop","item":"https:\/\/muchogusto.nl\/de\/shop-2\/"},{"@type":"ListItem","position":3,"name":"MUCHO GUSTO\u00ae Rock Cosenza Mehrfarbiger Leopardenprint"}]},{"@type":"WebSite","@id":"https:\/\/muchogusto.nl\/#website","url":"https:\/\/muchogusto.nl\/","name":"muchogusto.nl","description":"","publisher":{"@id":"https:\/\/muchogusto.nl\/#organization"},"potentialAction":[{"@type":"SearchAction","target":{"@type":"EntryPoint","urlTemplate":"https:\/\/muchogusto.nl\/?s={search_term_string}"},"query-input":{"@type":"PropertyValueSpecification","valueRequired":true,"valueName":"search_term_string"}}],"inLanguage":"de-DE"},{"@type":"Organization","@id":"https:\/\/muchogusto.nl\/#organization","name":"Mucho Gusto","url":"https:\/\/muchogusto.nl\/","logo":{"@type":"ImageObject","inLanguage":"de-DE","@id":"https:\/\/muchogusto.nl\/#\/schema\/logo\/image\/","url":"https:\/\/muchogusto.nl\/wp-content\/uploads\/2022\/08\/logo_header.svg","contentUrl":"https:\/\/muchogusto.nl\/wp-content\/uploads\/2022\/08\/logo_header.svg","caption":"Mucho Gusto"},"image":{"@id":"https:\/\/muchogusto.nl\/#\/schema\/logo\/image\/"},"sameAs":["https:\/\/www.facebook.com\/muchogusto.nl\/","https:\/\/www.instagram.com\/muchogusto.nl\/"]}]}},"_links":{"self":[{"href":"https:\/\/muchogusto.nl\/de\/wp-json\/wp\/v2\/product\/57096","targetHints":{"allow":["GET"]}}],"collection":[{"href":"https:\/\/muchogusto.nl\/de\/wp-json\/wp\/v2\/product"}],"about":[{"href":"https:\/\/muchogusto.nl\/de\/wp-json\/wp\/v2\/types\/product"}],"replies":[{"embeddable":true,"href":"https:\/\/muchogusto.nl\/de\/wp-json\/wp\/v2\/comments?post=57096"}],"wp:featuredmedia":[{"embeddable":true,"href":"https:\/\/muchogusto.nl\/de\/wp-json\/wp\/v2\/media\/56951"}],"wp:attachment":[{"href":"https:\/\/muchogusto.nl\/de\/wp-json\/wp\/v2\/media?parent=57096"}],"wp:term":[{"taxonomy":"product_brand","embeddable":true,"href":"https:\/\/muchogusto.nl\/de\/wp-json\/wp\/v2\/product_brand?post=57096"},{"taxonomy":"product_cat","embeddable":true,"href":"https:\/\/muchogusto.nl\/de\/wp-json\/wp\/v2\/product_cat?post=57096"},{"taxonomy":"product_tag","embeddable":true,"href":"https:\/\/muchogusto.nl\/de\/wp-json\/wp\/v2\/product_tag?post=57096"}],"curies":[{"name":"wp","href":"https:\/\/api.w.org\/{rel}","templated":true}]}}