{"id":56998,"date":"2026-02-24T09:48:54","date_gmt":"2026-02-24T08:48:54","guid":{"rendered":"https:\/\/muchogusto.nl\/product\/mucho-gusto-kimono-clasone-patchwork-elegance\/"},"modified":"2026-03-02T12:02:38","modified_gmt":"2026-03-02T11:02:38","slug":"mucho-gusto-kimono-clasone-patchwork-eleganz","status":"publish","type":"product","link":"https:\/\/muchogusto.nl\/de\/produkt\/mucho-gusto-kimono-clasone-patchwork-eleganz\/","title":{"rendered":"MUCHO GUSTO\u00ae Kimono Clasone Patchwork-Eleganz"},"content":{"rendered":"<h3 data-start=\"2074\" data-end=\"2097\">DETAILS ZUM PRODUKT<\/h3>\n<p><strong>MUCHO GUSTO\u00ae Kimono Clasone Patchwork-Eleganz<\/strong><\/p>\n<p>Tauche ein in ausdrucksvolle Raffinesse mit dem MUCHO GUSTO\u00ae Kimono Clasone Patchwork-Eleganz \u2013 ein lebendiges Statement\u2011Piece, das die charakteristische Liebe der Marke zu Farbe, Kontrast und eklektischer Harmonie verk\u00f6rpert. Dieser Kimono vereint ein reiches Patchwork aus Mustern und schafft so einen Look, der sowohl k\u00fcnstlerisch als auch m\u00fchelos luxuri\u00f6s wirkt.<\/p>\n<p>Das Design entfaltet sich als dynamische Patchwork\u2011Komposition. Kr\u00e4ftige Paisley\u2011Elemente treffen auf grafische Streifen, w\u00e4hrend abstrakte Motive in Gr\u00fcn, Pink, Blau, Schwarz und Gold einen lebhaften Rhythmus erzeugen. Feine Schriftakzente und strukturierte Ebenen verleihen dem Kimono zus\u00e4tzliche Tiefe und machen ihn aus jeder Perspektive zu einem einzigartigen Blickfang. Das Ergebnis ist ein energiegeladenes Design, das dennoch perfekt ausbalanciert bleibt.<\/p>\n<p>Gefertigt aus 100% Viskose f\u00e4llt der Kimono flie\u00dfend und f\u00fchlt sich angenehm weich auf der Haut an. Dank seines leichten Materials eignet er sich ideal f\u00fcr jede Saison. Offen getragen wirkt er l\u00e4ssig und entspannt, w\u00e4hrend er mit dem Tailleng\u00fcrtel eine definiertere Silhouette schafft. Die One\u2011Size\u2011Passform sorgt f\u00fcr einen komfortablen und vielseitigen Sitz f\u00fcr unterschiedliche K\u00f6rpertypen.<\/p>\n<p>Dieser MUCHO GUSTO\u00ae Kimono Clasone ist ein wahres tragbares Kunstwerk. Dadurch verleiht er jedem Outfit eine farbenfrohe, selbstbewusste und stilvolle Ausstrahlung.<\/p>\n<p><strong>Dutch Design<\/strong><br \/>\n<strong>Material<\/strong> 100% Viskose<br \/>\n<strong>Gr\u00f6\u00dfe<\/strong> One Size<br \/>\n<strong>Design<\/strong> Patchwork\u2011Print mit Paisley, Streifen, abstrakten Motiven und Schriftakzenten<br \/>\n<strong>Farbpalette<\/strong> Gr\u00fcn Pink Blau Schwarz Gold Multicolor<\/p>\n<div class=\"summary\">\n<div class=\"tccContent\">\n<div class=\"summary\">\n<div class=\"tccContent\">\n<h3>PASSENDE ARTIKEL<\/h3>\n<div class=\"summary\">\n<div class=\"tccContent\">\n<div class=\"summary\">\n<div class=\"flex w-full flex-col gap-1 empty:hidden first:pt-[3px]\">\n<div class=\"markdown prose dark:prose-invert w-full break-words light\">\n<p class=\"p2\"><span class=\"s1\">Vervollst\u00e4ndigen Sie Ihren Look mit einem passenden\u00a0<a href=\"https:\/\/muchogusto.nl\/de\/schals\/\"><span class=\"s2\">Schal<\/span><\/a>.<br \/>\n<\/span><span class=\"s1\">M\u00f6chten Sie mehr Blusen sehen? Dann schauen Sie sich unsere\u00a0<a href=\"https:\/\/muchogusto.nl\/de\/blusen\/\"><span class=\"s2\">Bekleidungsseite<\/span><\/a>\u00a0an.<br \/>\n<\/span><span class=\"s1\">M\u00f6chten Sie mehr Inspiration? Besuchen Sie unsere\u00a0<a href=\"https:\/\/www.instagram.com\/muchogusto.nl\/\"><span class=\"s2\">Instagram<\/span><\/a>-Seite.\u00a0<\/span><\/p>\n<\/div>\n<h3>BRAUCHEN SIE HILFE?<\/h3>\n<p data-start=\"3157\" data-end=\"3313\">Wenn Sie Fragen zu diesem Artikel oder der Gr\u00f6\u00dfe haben, senden Sie bitte eine E-Mail an unseren Kundenservice unter\u00a0<a class=\"decorated-link cursor-pointer\" rel=\"noopener\" data-start=\"3295\" data-end=\"3312\">web@muchogusto.nl<\/a>.<\/p>\n<\/div>\n<\/div>\n<\/div>\n<\/div>\n<\/div>\n<\/div>\n<section class=\"related products\"><\/section>\n<\/div>\n<\/div>\n","protected":false},"excerpt":{"rendered":"<p>DETAILS ZUM PRODUKT MUCHO GUSTO\u00ae Kimono Clasone Patchwork-Eleganz Tauche ein in ausdrucksvolle Raffinesse mit dem MUCHO GUSTO\u00ae Kimono Clasone Patchwork-Eleganz \u2013 ein lebendiges Statement\u2011Piece, das die charakteristische Liebe der Marke zu Farbe, Kontrast und eklektischer Harmonie verk\u00f6rpert. Dieser Kimono vereint ein reiches Patchwork aus Mustern und schafft so einen Look, der sowohl k\u00fcnstlerisch als auch [&hellip;]<\/p>\n","protected":false},"featured_media":56948,"comment_status":"open","ping_status":"closed","template":"","meta":{"_acf_changed":false,"inline_featured_image":false,"navigation_state":false,"_genesis_hide_title":false,"_genesis_hide_breadcrumbs":false,"_genesis_hide_singular_image":false,"_genesis_hide_footer_widgets":false,"_genesis_custom_body_class":"","_genesis_custom_post_class":"","_genesis_layout":""},"product_brand":[],"product_cat":[69,85,11368],"product_tag":[],"class_list":{"0":"post-56998","1":"product","2":"type-product","3":"status-publish","4":"has-post-thumbnail","6":"product_cat-kleidung","7":"product_cat-neu","8":"product_cat-vests","9":"entry","11":"first","12":"instock","13":"taxable","14":"shipping-taxable","15":"purchasable","16":"product-type-simple"},"acf":[],"yoast_head":"<!-- This site is optimized with the Yoast SEO Premium plugin v27.2 (Yoast SEO v27.2) - https:\/\/yoast.com\/product\/yoast-seo-premium-wordpress\/ -->\n<title>MUCHO GUSTO\u00ae Kimono Clasone Patchwork-Eleganz<\/title>\n<meta name=\"description\" content=\"MUCHO GUSTO\u00ae Kimono Clasone im farbenfrohen Patchwork aus 100% Viskose. Luxuri\u00f6ses Dutch Design, vielseitig kombinierbar - Shop Now!\" \/>\n<meta name=\"robots\" content=\"index, follow, max-snippet:-1, max-image-preview:large, max-video-preview:-1\" \/>\n<link rel=\"canonical\" href=\"https:\/\/muchogusto.nl\/de\/produkt\/mucho-gusto-kimono-clasone-patchwork-eleganz\/\" \/>\n<meta property=\"og:locale\" content=\"de_DE\" \/>\n<meta property=\"og:type\" content=\"article\" \/>\n<meta property=\"og:title\" content=\"MUCHO GUSTO\u00ae Kimono Clasone Patchwork-Eleganz\" \/>\n<meta property=\"og:description\" content=\"MUCHO GUSTO\u00ae Kimono Clasone im farbenfrohen Patchwork aus 100% Viskose. Luxuri\u00f6ses Dutch Design, vielseitig kombinierbar - Shop Now!\" \/>\n<meta property=\"og:url\" content=\"https:\/\/muchogusto.nl\/de\/produkt\/mucho-gusto-kimono-clasone-patchwork-eleganz\/\" \/>\n<meta property=\"og:site_name\" content=\"Mucho Gusto\" \/>\n<meta property=\"article:publisher\" content=\"https:\/\/www.facebook.com\/muchogusto.nl\/\" \/>\n<meta property=\"article:modified_time\" content=\"2026-03-02T11:02:38+00:00\" \/>\n<meta property=\"og:image\" content=\"http:\/\/muchogusto.nl\/wp-content\/uploads\/2026\/02\/C61CLU097C61FIR096-scaled.jpg\" \/>\n\t<meta property=\"og:image:width\" content=\"1920\" \/>\n\t<meta property=\"og:image:height\" content=\"2560\" \/>\n\t<meta property=\"og:image:type\" content=\"image\/jpeg\" \/>\n<meta name=\"twitter:card\" content=\"summary_large_image\" \/>\n<meta name=\"twitter:label1\" content=\"Est. reading time\" \/>\n\t<meta name=\"twitter:data1\" content=\"2 minutes\" \/>\n<script type=\"application\/ld+json\" class=\"yoast-schema-graph\">{\"@context\":\"https:\/\/schema.org\",\"@graph\":[{\"@type\":\"WebPage\",\"@id\":\"https:\/\/muchogusto.nl\/de\/produkt\/mucho-gusto-kimono-clasone-patchwork-eleganz\/\",\"url\":\"https:\/\/muchogusto.nl\/de\/produkt\/mucho-gusto-kimono-clasone-patchwork-eleganz\/\",\"name\":\"MUCHO GUSTO\u00ae Kimono Clasone Patchwork-Eleganz\",\"isPartOf\":{\"@id\":\"https:\/\/muchogusto.nl\/#website\"},\"primaryImageOfPage\":{\"@id\":\"https:\/\/muchogusto.nl\/de\/produkt\/mucho-gusto-kimono-clasone-patchwork-eleganz\/#primaryimage\"},\"image\":{\"@id\":\"https:\/\/muchogusto.nl\/de\/produkt\/mucho-gusto-kimono-clasone-patchwork-eleganz\/#primaryimage\"},\"thumbnailUrl\":\"https:\/\/muchogusto.nl\/wp-content\/uploads\/2026\/02\/C61CLU097C61FIR096-scaled.jpg\",\"datePublished\":\"2026-02-24T08:48:54+00:00\",\"dateModified\":\"2026-03-02T11:02:38+00:00\",\"description\":\"MUCHO GUSTO\u00ae Kimono Clasone im farbenfrohen Patchwork aus 100% Viskose. Luxuri\u00f6ses Dutch Design, vielseitig kombinierbar - Shop Now!\",\"breadcrumb\":{\"@id\":\"https:\/\/muchogusto.nl\/de\/produkt\/mucho-gusto-kimono-clasone-patchwork-eleganz\/#breadcrumb\"},\"inLanguage\":\"de-DE\",\"potentialAction\":[{\"@type\":\"ReadAction\",\"target\":[\"https:\/\/muchogusto.nl\/de\/produkt\/mucho-gusto-kimono-clasone-patchwork-eleganz\/\"]}]},{\"@type\":\"ImageObject\",\"inLanguage\":\"de-DE\",\"@id\":\"https:\/\/muchogusto.nl\/de\/produkt\/mucho-gusto-kimono-clasone-patchwork-eleganz\/#primaryimage\",\"url\":\"https:\/\/muchogusto.nl\/wp-content\/uploads\/2026\/02\/C61CLU097C61FIR096-scaled.jpg\",\"contentUrl\":\"https:\/\/muchogusto.nl\/wp-content\/uploads\/2026\/02\/C61CLU097C61FIR096-scaled.jpg\",\"width\":1920,\"height\":2560,\"caption\":\"MUCHO GUSTO\u00ae Kimono Clasone Patchwork-Eleganz\"},{\"@type\":\"BreadcrumbList\",\"@id\":\"https:\/\/muchogusto.nl\/de\/produkt\/mucho-gusto-kimono-clasone-patchwork-eleganz\/#breadcrumb\",\"itemListElement\":[{\"@type\":\"ListItem\",\"position\":1,\"name\":\"Home\",\"item\":\"https:\/\/muchogusto.nl\/de\/\"},{\"@type\":\"ListItem\",\"position\":2,\"name\":\"Shop\",\"item\":\"https:\/\/muchogusto.nl\/de\/shop-2\/\"},{\"@type\":\"ListItem\",\"position\":3,\"name\":\"MUCHO GUSTO\u00ae Kimono Clasone Patchwork-Eleganz\"}]},{\"@type\":\"WebSite\",\"@id\":\"https:\/\/muchogusto.nl\/#website\",\"url\":\"https:\/\/muchogusto.nl\/\",\"name\":\"muchogusto.nl\",\"description\":\"\",\"publisher\":{\"@id\":\"https:\/\/muchogusto.nl\/#organization\"},\"potentialAction\":[{\"@type\":\"SearchAction\",\"target\":{\"@type\":\"EntryPoint\",\"urlTemplate\":\"https:\/\/muchogusto.nl\/?s={search_term_string}\"},\"query-input\":{\"@type\":\"PropertyValueSpecification\",\"valueRequired\":true,\"valueName\":\"search_term_string\"}}],\"inLanguage\":\"de-DE\"},{\"@type\":\"Organization\",\"@id\":\"https:\/\/muchogusto.nl\/#organization\",\"name\":\"Mucho Gusto\",\"url\":\"https:\/\/muchogusto.nl\/\",\"logo\":{\"@type\":\"ImageObject\",\"inLanguage\":\"de-DE\",\"@id\":\"https:\/\/muchogusto.nl\/#\/schema\/logo\/image\/\",\"url\":\"https:\/\/muchogusto.nl\/wp-content\/uploads\/2022\/08\/logo_header.svg\",\"contentUrl\":\"https:\/\/muchogusto.nl\/wp-content\/uploads\/2022\/08\/logo_header.svg\",\"caption\":\"Mucho Gusto\"},\"image\":{\"@id\":\"https:\/\/muchogusto.nl\/#\/schema\/logo\/image\/\"},\"sameAs\":[\"https:\/\/www.facebook.com\/muchogusto.nl\/\",\"https:\/\/www.instagram.com\/muchogusto.nl\/\"]}]}<\/script>\n<!-- \/ Yoast SEO Premium plugin. -->","yoast_head_json":{"title":"MUCHO GUSTO\u00ae Kimono Clasone Patchwork-Eleganz","description":"MUCHO GUSTO\u00ae Kimono Clasone im farbenfrohen Patchwork aus 100% Viskose. Luxuri\u00f6ses Dutch Design, vielseitig kombinierbar - Shop Now!","robots":{"index":"index","follow":"follow","max-snippet":"max-snippet:-1","max-image-preview":"max-image-preview:large","max-video-preview":"max-video-preview:-1"},"canonical":"https:\/\/muchogusto.nl\/de\/produkt\/mucho-gusto-kimono-clasone-patchwork-eleganz\/","og_locale":"de_DE","og_type":"article","og_title":"MUCHO GUSTO\u00ae Kimono Clasone Patchwork-Eleganz","og_description":"MUCHO GUSTO\u00ae Kimono Clasone im farbenfrohen Patchwork aus 100% Viskose. Luxuri\u00f6ses Dutch Design, vielseitig kombinierbar - Shop Now!","og_url":"https:\/\/muchogusto.nl\/de\/produkt\/mucho-gusto-kimono-clasone-patchwork-eleganz\/","og_site_name":"Mucho Gusto","article_publisher":"https:\/\/www.facebook.com\/muchogusto.nl\/","article_modified_time":"2026-03-02T11:02:38+00:00","og_image":[{"width":1920,"height":2560,"url":"http:\/\/muchogusto.nl\/wp-content\/uploads\/2026\/02\/C61CLU097C61FIR096-scaled.jpg","type":"image\/jpeg"}],"twitter_card":"summary_large_image","twitter_misc":{"Est. reading time":"2 minutes"},"schema":{"@context":"https:\/\/schema.org","@graph":[{"@type":"WebPage","@id":"https:\/\/muchogusto.nl\/de\/produkt\/mucho-gusto-kimono-clasone-patchwork-eleganz\/","url":"https:\/\/muchogusto.nl\/de\/produkt\/mucho-gusto-kimono-clasone-patchwork-eleganz\/","name":"MUCHO GUSTO\u00ae Kimono Clasone Patchwork-Eleganz","isPartOf":{"@id":"https:\/\/muchogusto.nl\/#website"},"primaryImageOfPage":{"@id":"https:\/\/muchogusto.nl\/de\/produkt\/mucho-gusto-kimono-clasone-patchwork-eleganz\/#primaryimage"},"image":{"@id":"https:\/\/muchogusto.nl\/de\/produkt\/mucho-gusto-kimono-clasone-patchwork-eleganz\/#primaryimage"},"thumbnailUrl":"https:\/\/muchogusto.nl\/wp-content\/uploads\/2026\/02\/C61CLU097C61FIR096-scaled.jpg","datePublished":"2026-02-24T08:48:54+00:00","dateModified":"2026-03-02T11:02:38+00:00","description":"MUCHO GUSTO\u00ae Kimono Clasone im farbenfrohen Patchwork aus 100% Viskose. Luxuri\u00f6ses Dutch Design, vielseitig kombinierbar - Shop Now!","breadcrumb":{"@id":"https:\/\/muchogusto.nl\/de\/produkt\/mucho-gusto-kimono-clasone-patchwork-eleganz\/#breadcrumb"},"inLanguage":"de-DE","potentialAction":[{"@type":"ReadAction","target":["https:\/\/muchogusto.nl\/de\/produkt\/mucho-gusto-kimono-clasone-patchwork-eleganz\/"]}]},{"@type":"ImageObject","inLanguage":"de-DE","@id":"https:\/\/muchogusto.nl\/de\/produkt\/mucho-gusto-kimono-clasone-patchwork-eleganz\/#primaryimage","url":"https:\/\/muchogusto.nl\/wp-content\/uploads\/2026\/02\/C61CLU097C61FIR096-scaled.jpg","contentUrl":"https:\/\/muchogusto.nl\/wp-content\/uploads\/2026\/02\/C61CLU097C61FIR096-scaled.jpg","width":1920,"height":2560,"caption":"MUCHO GUSTO\u00ae Kimono Clasone Patchwork-Eleganz"},{"@type":"BreadcrumbList","@id":"https:\/\/muchogusto.nl\/de\/produkt\/mucho-gusto-kimono-clasone-patchwork-eleganz\/#breadcrumb","itemListElement":[{"@type":"ListItem","position":1,"name":"Home","item":"https:\/\/muchogusto.nl\/de\/"},{"@type":"ListItem","position":2,"name":"Shop","item":"https:\/\/muchogusto.nl\/de\/shop-2\/"},{"@type":"ListItem","position":3,"name":"MUCHO GUSTO\u00ae Kimono Clasone Patchwork-Eleganz"}]},{"@type":"WebSite","@id":"https:\/\/muchogusto.nl\/#website","url":"https:\/\/muchogusto.nl\/","name":"muchogusto.nl","description":"","publisher":{"@id":"https:\/\/muchogusto.nl\/#organization"},"potentialAction":[{"@type":"SearchAction","target":{"@type":"EntryPoint","urlTemplate":"https:\/\/muchogusto.nl\/?s={search_term_string}"},"query-input":{"@type":"PropertyValueSpecification","valueRequired":true,"valueName":"search_term_string"}}],"inLanguage":"de-DE"},{"@type":"Organization","@id":"https:\/\/muchogusto.nl\/#organization","name":"Mucho Gusto","url":"https:\/\/muchogusto.nl\/","logo":{"@type":"ImageObject","inLanguage":"de-DE","@id":"https:\/\/muchogusto.nl\/#\/schema\/logo\/image\/","url":"https:\/\/muchogusto.nl\/wp-content\/uploads\/2022\/08\/logo_header.svg","contentUrl":"https:\/\/muchogusto.nl\/wp-content\/uploads\/2022\/08\/logo_header.svg","caption":"Mucho Gusto"},"image":{"@id":"https:\/\/muchogusto.nl\/#\/schema\/logo\/image\/"},"sameAs":["https:\/\/www.facebook.com\/muchogusto.nl\/","https:\/\/www.instagram.com\/muchogusto.nl\/"]}]}},"_links":{"self":[{"href":"https:\/\/muchogusto.nl\/de\/wp-json\/wp\/v2\/product\/56998","targetHints":{"allow":["GET"]}}],"collection":[{"href":"https:\/\/muchogusto.nl\/de\/wp-json\/wp\/v2\/product"}],"about":[{"href":"https:\/\/muchogusto.nl\/de\/wp-json\/wp\/v2\/types\/product"}],"replies":[{"embeddable":true,"href":"https:\/\/muchogusto.nl\/de\/wp-json\/wp\/v2\/comments?post=56998"}],"wp:featuredmedia":[{"embeddable":true,"href":"https:\/\/muchogusto.nl\/de\/wp-json\/wp\/v2\/media\/56948"}],"wp:attachment":[{"href":"https:\/\/muchogusto.nl\/de\/wp-json\/wp\/v2\/media?parent=56998"}],"wp:term":[{"taxonomy":"product_brand","embeddable":true,"href":"https:\/\/muchogusto.nl\/de\/wp-json\/wp\/v2\/product_brand?post=56998"},{"taxonomy":"product_cat","embeddable":true,"href":"https:\/\/muchogusto.nl\/de\/wp-json\/wp\/v2\/product_cat?post=56998"},{"taxonomy":"product_tag","embeddable":true,"href":"https:\/\/muchogusto.nl\/de\/wp-json\/wp\/v2\/product_tag?post=56998"}],"curies":[{"name":"wp","href":"https:\/\/api.w.org\/{rel}","templated":true}]}}