{"id":56923,"date":"2026-02-23T11:53:30","date_gmt":"2026-02-23T10:53:30","guid":{"rendered":"https:\/\/muchogusto.nl\/product\/mucho-gusto-sjaal-genova-leopard-flower-print\/"},"modified":"2026-03-02T12:02:38","modified_gmt":"2026-03-02T11:02:38","slug":"mucho-gusto-schal-genova-leopard-flower-print","status":"publish","type":"product","link":"https:\/\/muchogusto.nl\/de\/produkt\/mucho-gusto-schal-genova-leopard-flower-print\/","title":{"rendered":"MUCHO GUSTO\u00ae Schal Genova Leopard Flower Print"},"content":{"rendered":"<h3 data-start=\"4503\" data-end=\"4526\">DETAILS ZUM PRODUKT<\/h3>\n<p data-start=\"4559\" data-end=\"4612\"><strong data-start=\"4562\" data-end=\"4612\">MUCHO GUSTO\u00ae Schal Genova Leopard Flower Print<\/strong><\/p>\n<p data-start=\"4614\" data-end=\"4860\">Setzen Sie ein starkes Statement mit dem MUCHO GUSTO\u00ae Schal Genova Leopard Flower Print \u2013 ein ausdrucksstarker Dreiecksschal, der Leopardenmuster mit farbenfrohen Blumen kombiniert. Dieses Design ist lebendig, modern und typisch MUCHO GUSTO\u00ae.<\/p>\n<p data-start=\"4862\" data-end=\"5257\">Der neonfarbene Lime-Rand rahmt den Schal und sorgt sofort f\u00fcr Aufmerksamkeit. Dadurch wirkt das Design kraftvoll und dynamisch. Gro\u00dfe Leopardenfl\u00e4chen schaffen Kontrast und Tiefe. Gleichzeitig bringen leuchtende Blumen in T\u00fcrkis, Rosa, Orange und Gr\u00fcn Bewegung in das Muster. Zudem verleiht das grafische Dreieck mit den farbigen MUCHO GUSTO Buchstaben dem Schal einen k\u00fcnstlerischen Charakter.<\/p>\n<p data-start=\"5259\" data-end=\"5537\">Dank der gro\u00dfz\u00fcgigen Dreiecksform l\u00e4sst sich der MUCHO GUSTO\u00ae Schal Genova Leopard Flower Print vielseitig stylen. Sie k\u00f6nnen ihn elegant \u00fcber die Schultern legen oder um den Hals tragen, um die Farben zu betonen. Au\u00dferdem eignet sich das Format perfekt als Statement-Schal.<\/p>\n<p data-start=\"5539\" data-end=\"5752\">Das Material aus 100% Polyester f\u00fchlt sich leicht und angenehm an. Gleichzeitig bleibt es formstabil und pflegeleicht. Deshalb ist dieser Schal ideal, um schlichte Outfits mit Farbe und Pers\u00f6nlichkeit zu erg\u00e4nzen.<\/p>\n<p data-start=\"5754\" data-end=\"5834\">Dieses Design steht f\u00fcr Kontrast, Kreativit\u00e4t und zeitlose Dutch Design Eleganz.<\/p>\n<p data-start=\"5836\" data-end=\"6090\"><strong data-start=\"5836\" data-end=\"5852\">Dutch Design<\/strong><br data-start=\"5852\" data-end=\"5855\" \/><strong data-start=\"5855\" data-end=\"5868\">Material:<\/strong> 100% Polyester<br data-start=\"5883\" data-end=\"5886\" \/><strong data-start=\"5886\" data-end=\"5895\">Ma\u00dfe:<\/strong> 220 x 140 x 140 cm<br data-start=\"5914\" data-end=\"5917\" \/><strong data-start=\"5917\" data-end=\"5926\">Form:<\/strong> Dreieckig<br data-start=\"5936\" data-end=\"5939\" \/><strong data-start=\"5939\" data-end=\"5950\">Design:<\/strong> Auff\u00e4lliges Leopardenmuster mit farbigen Blumen und grafischen Elementen<br data-start=\"6023\" data-end=\"6026\" \/><strong data-start=\"6026\" data-end=\"6042\">Farbpalette:<\/strong> Neon Lime, Beige, Braun, T\u00fcrkis, Rosa, Orange<br \/>\n<strong data-start=\"0\" data-end=\"15\" data-is-only-node=\"\">Ausf\u00fchrung:<\/strong>\u00a0Fransen an den Kanten<\/p>\n<p data-start=\"5836\" data-end=\"6090\">\n<h3 data-start=\"5888\" data-end=\"5908\">PASSENDE ARTIKEL<\/h3>\n<p data-start=\"5910\" data-end=\"6234\">Vervollst\u00e4ndigen Sie Ihren Look mit unserer farbenfrohen\u00a0<a class=\"decorated-link\" href=\"https:\/\/muchogusto.nl\/clothing\/\" target=\"_new\" rel=\"noopener\" data-start=\"5967\" data-end=\"6012\">Bekleidung<\/a>.<br data-start=\"6013\" data-end=\"6016\" \/>M\u00f6chten Sie mehr Schals entdecken? Besuchen Sie unsere\u00a0<a class=\"decorated-link\" href=\"https:\/\/muchogusto.nl\/de\/schals\/\" target=\"_new\" rel=\"noopener\" data-start=\"6071\" data-end=\"6115\">Schals Seite<\/a>.<br data-start=\"6116\" data-end=\"6119\" \/>Suchen Sie nach mehr Inspiration? Entdecken Sie unsere\u00a0<a class=\"decorated-link\" href=\"https:\/\/www.instagram.com\/muchogusto.nl\/\" target=\"_new\" rel=\"noopener\" data-start=\"6174\" data-end=\"6233\">Instagram Seite<\/a>.<\/p>\n<h3 data-start=\"6236\" data-end=\"6259\">BRAUCHEN SIE HILFE?<\/h3>\n<p data-start=\"6261\" data-end=\"6391\">Wenn Sie Fragen zu diesem Artikel oder zur Gr\u00f6\u00dfe haben, wenden Sie sich bitte an unser Customer Care Team unter\u00a0<a class=\"decorated-link cursor-pointer\" rel=\"noopener\" data-start=\"6373\" data-end=\"6390\">web@muchogusto.nl<\/a>.<\/p>\n","protected":false},"excerpt":{"rendered":"<p>DETAILS ZUM PRODUKT MUCHO GUSTO\u00ae Schal Genova Leopard Flower Print Setzen Sie ein starkes Statement mit dem MUCHO GUSTO\u00ae Schal Genova Leopard Flower Print \u2013 ein ausdrucksstarker Dreiecksschal, der Leopardenmuster mit farbenfrohen Blumen kombiniert. Dieses Design ist lebendig, modern und typisch MUCHO GUSTO\u00ae. Der neonfarbene Lime-Rand rahmt den Schal und sorgt sofort f\u00fcr Aufmerksamkeit. Dadurch [&hellip;]<\/p>\n","protected":false},"featured_media":56858,"comment_status":"open","ping_status":"closed","template":"","meta":{"_acf_changed":false,"inline_featured_image":false,"navigation_state":false,"_genesis_hide_title":false,"_genesis_hide_breadcrumbs":false,"_genesis_hide_singular_image":false,"_genesis_hide_footer_widgets":false,"_genesis_custom_body_class":"","_genesis_custom_post_class":"","_genesis_layout":""},"product_brand":[],"product_cat":[85,87],"product_tag":[],"class_list":{"0":"post-56923","1":"product","2":"type-product","3":"status-publish","4":"has-post-thumbnail","6":"product_cat-neu","7":"product_cat-schals","8":"entry","10":"first","11":"instock","12":"taxable","13":"shipping-taxable","14":"purchasable","15":"product-type-simple"},"acf":[],"yoast_head":"<!-- This site is optimized with the Yoast SEO Premium plugin v27.2 (Yoast SEO v27.2) - https:\/\/yoast.com\/product\/yoast-seo-premium-wordpress\/ -->\n<title>MUCHO GUSTO\u00ae Schal Genova Leopard Flower Print - Mucho Gusto<\/title>\n<meta name=\"description\" content=\"MUCHO GUSTO\u00ae Schal Genova Leopard Flower Print \u2013 ausdrucksstarker Dreiecksschal mit Leopard und Blumen. 100% Polyester. Dutch Design.\" \/>\n<meta name=\"robots\" content=\"index, follow, max-snippet:-1, max-image-preview:large, max-video-preview:-1\" \/>\n<link rel=\"canonical\" href=\"https:\/\/muchogusto.nl\/de\/produkt\/mucho-gusto-schal-genova-leopard-flower-print\/\" \/>\n<meta property=\"og:locale\" content=\"de_DE\" \/>\n<meta property=\"og:type\" content=\"article\" \/>\n<meta property=\"og:title\" content=\"MUCHO GUSTO\u00ae Schal Genova Leopard Flower Print\" \/>\n<meta property=\"og:description\" content=\"MUCHO GUSTO\u00ae Schal Genova Leopard Flower Print \u2013 ausdrucksstarker Dreiecksschal mit Leopard und Blumen. 100% Polyester. Dutch Design.\" \/>\n<meta property=\"og:url\" content=\"https:\/\/muchogusto.nl\/de\/produkt\/mucho-gusto-schal-genova-leopard-flower-print\/\" \/>\n<meta property=\"og:site_name\" content=\"Mucho Gusto\" \/>\n<meta property=\"article:publisher\" content=\"https:\/\/www.facebook.com\/muchogusto.nl\/\" \/>\n<meta property=\"article:modified_time\" content=\"2026-03-02T11:02:38+00:00\" \/>\n<meta property=\"og:image\" content=\"http:\/\/muchogusto.nl\/wp-content\/uploads\/2026\/01\/S61BUS039-3-scaled.jpg\" \/>\n\t<meta property=\"og:image:width\" content=\"1920\" \/>\n\t<meta property=\"og:image:height\" content=\"2560\" \/>\n\t<meta property=\"og:image:type\" content=\"image\/jpeg\" \/>\n<meta name=\"twitter:card\" content=\"summary_large_image\" \/>\n<meta name=\"twitter:label1\" content=\"Est. reading time\" \/>\n\t<meta name=\"twitter:data1\" content=\"2 minutes\" \/>\n<script type=\"application\/ld+json\" class=\"yoast-schema-graph\">{\"@context\":\"https:\/\/schema.org\",\"@graph\":[{\"@type\":\"WebPage\",\"@id\":\"https:\/\/muchogusto.nl\/de\/produkt\/mucho-gusto-schal-genova-leopard-flower-print\/\",\"url\":\"https:\/\/muchogusto.nl\/de\/produkt\/mucho-gusto-schal-genova-leopard-flower-print\/\",\"name\":\"MUCHO GUSTO\u00ae Schal Genova Leopard Flower Print - Mucho Gusto\",\"isPartOf\":{\"@id\":\"https:\/\/muchogusto.nl\/#website\"},\"primaryImageOfPage\":{\"@id\":\"https:\/\/muchogusto.nl\/de\/produkt\/mucho-gusto-schal-genova-leopard-flower-print\/#primaryimage\"},\"image\":{\"@id\":\"https:\/\/muchogusto.nl\/de\/produkt\/mucho-gusto-schal-genova-leopard-flower-print\/#primaryimage\"},\"thumbnailUrl\":\"https:\/\/muchogusto.nl\/wp-content\/uploads\/2026\/01\/S61BUS039-3-scaled.jpg\",\"datePublished\":\"2026-02-23T10:53:30+00:00\",\"dateModified\":\"2026-03-02T11:02:38+00:00\",\"description\":\"MUCHO GUSTO\u00ae Schal Genova Leopard Flower Print \u2013 ausdrucksstarker Dreiecksschal mit Leopard und Blumen. 100% Polyester. Dutch Design.\",\"breadcrumb\":{\"@id\":\"https:\/\/muchogusto.nl\/de\/produkt\/mucho-gusto-schal-genova-leopard-flower-print\/#breadcrumb\"},\"inLanguage\":\"de-DE\",\"potentialAction\":[{\"@type\":\"ReadAction\",\"target\":[\"https:\/\/muchogusto.nl\/de\/produkt\/mucho-gusto-schal-genova-leopard-flower-print\/\"]}]},{\"@type\":\"ImageObject\",\"inLanguage\":\"de-DE\",\"@id\":\"https:\/\/muchogusto.nl\/de\/produkt\/mucho-gusto-schal-genova-leopard-flower-print\/#primaryimage\",\"url\":\"https:\/\/muchogusto.nl\/wp-content\/uploads\/2026\/01\/S61BUS039-3-scaled.jpg\",\"contentUrl\":\"https:\/\/muchogusto.nl\/wp-content\/uploads\/2026\/01\/S61BUS039-3-scaled.jpg\",\"width\":1920,\"height\":2560,\"caption\":\"MUCHO GUSTO\u00ae Scarf Burano Small Leopard Flower Print\"},{\"@type\":\"BreadcrumbList\",\"@id\":\"https:\/\/muchogusto.nl\/de\/produkt\/mucho-gusto-schal-genova-leopard-flower-print\/#breadcrumb\",\"itemListElement\":[{\"@type\":\"ListItem\",\"position\":1,\"name\":\"Home\",\"item\":\"https:\/\/muchogusto.nl\/de\/\"},{\"@type\":\"ListItem\",\"position\":2,\"name\":\"Shop\",\"item\":\"https:\/\/muchogusto.nl\/de\/shop-2\/\"},{\"@type\":\"ListItem\",\"position\":3,\"name\":\"MUCHO GUSTO\u00ae Schal Genova Leopard Flower Print\"}]},{\"@type\":\"WebSite\",\"@id\":\"https:\/\/muchogusto.nl\/#website\",\"url\":\"https:\/\/muchogusto.nl\/\",\"name\":\"muchogusto.nl\",\"description\":\"\",\"publisher\":{\"@id\":\"https:\/\/muchogusto.nl\/#organization\"},\"potentialAction\":[{\"@type\":\"SearchAction\",\"target\":{\"@type\":\"EntryPoint\",\"urlTemplate\":\"https:\/\/muchogusto.nl\/?s={search_term_string}\"},\"query-input\":{\"@type\":\"PropertyValueSpecification\",\"valueRequired\":true,\"valueName\":\"search_term_string\"}}],\"inLanguage\":\"de-DE\"},{\"@type\":\"Organization\",\"@id\":\"https:\/\/muchogusto.nl\/#organization\",\"name\":\"Mucho Gusto\",\"url\":\"https:\/\/muchogusto.nl\/\",\"logo\":{\"@type\":\"ImageObject\",\"inLanguage\":\"de-DE\",\"@id\":\"https:\/\/muchogusto.nl\/#\/schema\/logo\/image\/\",\"url\":\"https:\/\/muchogusto.nl\/wp-content\/uploads\/2022\/08\/logo_header.svg\",\"contentUrl\":\"https:\/\/muchogusto.nl\/wp-content\/uploads\/2022\/08\/logo_header.svg\",\"caption\":\"Mucho Gusto\"},\"image\":{\"@id\":\"https:\/\/muchogusto.nl\/#\/schema\/logo\/image\/\"},\"sameAs\":[\"https:\/\/www.facebook.com\/muchogusto.nl\/\",\"https:\/\/www.instagram.com\/muchogusto.nl\/\"]}]}<\/script>\n<!-- \/ Yoast SEO Premium plugin. -->","yoast_head_json":{"title":"MUCHO GUSTO\u00ae Schal Genova Leopard Flower Print - Mucho Gusto","description":"MUCHO GUSTO\u00ae Schal Genova Leopard Flower Print \u2013 ausdrucksstarker Dreiecksschal mit Leopard und Blumen. 100% Polyester. Dutch Design.","robots":{"index":"index","follow":"follow","max-snippet":"max-snippet:-1","max-image-preview":"max-image-preview:large","max-video-preview":"max-video-preview:-1"},"canonical":"https:\/\/muchogusto.nl\/de\/produkt\/mucho-gusto-schal-genova-leopard-flower-print\/","og_locale":"de_DE","og_type":"article","og_title":"MUCHO GUSTO\u00ae Schal Genova Leopard Flower Print","og_description":"MUCHO GUSTO\u00ae Schal Genova Leopard Flower Print \u2013 ausdrucksstarker Dreiecksschal mit Leopard und Blumen. 100% Polyester. Dutch Design.","og_url":"https:\/\/muchogusto.nl\/de\/produkt\/mucho-gusto-schal-genova-leopard-flower-print\/","og_site_name":"Mucho Gusto","article_publisher":"https:\/\/www.facebook.com\/muchogusto.nl\/","article_modified_time":"2026-03-02T11:02:38+00:00","og_image":[{"width":1920,"height":2560,"url":"http:\/\/muchogusto.nl\/wp-content\/uploads\/2026\/01\/S61BUS039-3-scaled.jpg","type":"image\/jpeg"}],"twitter_card":"summary_large_image","twitter_misc":{"Est. reading time":"2 minutes"},"schema":{"@context":"https:\/\/schema.org","@graph":[{"@type":"WebPage","@id":"https:\/\/muchogusto.nl\/de\/produkt\/mucho-gusto-schal-genova-leopard-flower-print\/","url":"https:\/\/muchogusto.nl\/de\/produkt\/mucho-gusto-schal-genova-leopard-flower-print\/","name":"MUCHO GUSTO\u00ae Schal Genova Leopard Flower Print - Mucho Gusto","isPartOf":{"@id":"https:\/\/muchogusto.nl\/#website"},"primaryImageOfPage":{"@id":"https:\/\/muchogusto.nl\/de\/produkt\/mucho-gusto-schal-genova-leopard-flower-print\/#primaryimage"},"image":{"@id":"https:\/\/muchogusto.nl\/de\/produkt\/mucho-gusto-schal-genova-leopard-flower-print\/#primaryimage"},"thumbnailUrl":"https:\/\/muchogusto.nl\/wp-content\/uploads\/2026\/01\/S61BUS039-3-scaled.jpg","datePublished":"2026-02-23T10:53:30+00:00","dateModified":"2026-03-02T11:02:38+00:00","description":"MUCHO GUSTO\u00ae Schal Genova Leopard Flower Print \u2013 ausdrucksstarker Dreiecksschal mit Leopard und Blumen. 100% Polyester. Dutch Design.","breadcrumb":{"@id":"https:\/\/muchogusto.nl\/de\/produkt\/mucho-gusto-schal-genova-leopard-flower-print\/#breadcrumb"},"inLanguage":"de-DE","potentialAction":[{"@type":"ReadAction","target":["https:\/\/muchogusto.nl\/de\/produkt\/mucho-gusto-schal-genova-leopard-flower-print\/"]}]},{"@type":"ImageObject","inLanguage":"de-DE","@id":"https:\/\/muchogusto.nl\/de\/produkt\/mucho-gusto-schal-genova-leopard-flower-print\/#primaryimage","url":"https:\/\/muchogusto.nl\/wp-content\/uploads\/2026\/01\/S61BUS039-3-scaled.jpg","contentUrl":"https:\/\/muchogusto.nl\/wp-content\/uploads\/2026\/01\/S61BUS039-3-scaled.jpg","width":1920,"height":2560,"caption":"MUCHO GUSTO\u00ae Scarf Burano Small Leopard Flower Print"},{"@type":"BreadcrumbList","@id":"https:\/\/muchogusto.nl\/de\/produkt\/mucho-gusto-schal-genova-leopard-flower-print\/#breadcrumb","itemListElement":[{"@type":"ListItem","position":1,"name":"Home","item":"https:\/\/muchogusto.nl\/de\/"},{"@type":"ListItem","position":2,"name":"Shop","item":"https:\/\/muchogusto.nl\/de\/shop-2\/"},{"@type":"ListItem","position":3,"name":"MUCHO GUSTO\u00ae Schal Genova Leopard Flower Print"}]},{"@type":"WebSite","@id":"https:\/\/muchogusto.nl\/#website","url":"https:\/\/muchogusto.nl\/","name":"muchogusto.nl","description":"","publisher":{"@id":"https:\/\/muchogusto.nl\/#organization"},"potentialAction":[{"@type":"SearchAction","target":{"@type":"EntryPoint","urlTemplate":"https:\/\/muchogusto.nl\/?s={search_term_string}"},"query-input":{"@type":"PropertyValueSpecification","valueRequired":true,"valueName":"search_term_string"}}],"inLanguage":"de-DE"},{"@type":"Organization","@id":"https:\/\/muchogusto.nl\/#organization","name":"Mucho Gusto","url":"https:\/\/muchogusto.nl\/","logo":{"@type":"ImageObject","inLanguage":"de-DE","@id":"https:\/\/muchogusto.nl\/#\/schema\/logo\/image\/","url":"https:\/\/muchogusto.nl\/wp-content\/uploads\/2022\/08\/logo_header.svg","contentUrl":"https:\/\/muchogusto.nl\/wp-content\/uploads\/2022\/08\/logo_header.svg","caption":"Mucho Gusto"},"image":{"@id":"https:\/\/muchogusto.nl\/#\/schema\/logo\/image\/"},"sameAs":["https:\/\/www.facebook.com\/muchogusto.nl\/","https:\/\/www.instagram.com\/muchogusto.nl\/"]}]}},"_links":{"self":[{"href":"https:\/\/muchogusto.nl\/de\/wp-json\/wp\/v2\/product\/56923","targetHints":{"allow":["GET"]}}],"collection":[{"href":"https:\/\/muchogusto.nl\/de\/wp-json\/wp\/v2\/product"}],"about":[{"href":"https:\/\/muchogusto.nl\/de\/wp-json\/wp\/v2\/types\/product"}],"replies":[{"embeddable":true,"href":"https:\/\/muchogusto.nl\/de\/wp-json\/wp\/v2\/comments?post=56923"}],"wp:featuredmedia":[{"embeddable":true,"href":"https:\/\/muchogusto.nl\/de\/wp-json\/wp\/v2\/media\/56858"}],"wp:attachment":[{"href":"https:\/\/muchogusto.nl\/de\/wp-json\/wp\/v2\/media?parent=56923"}],"wp:term":[{"taxonomy":"product_brand","embeddable":true,"href":"https:\/\/muchogusto.nl\/de\/wp-json\/wp\/v2\/product_brand?post=56923"},{"taxonomy":"product_cat","embeddable":true,"href":"https:\/\/muchogusto.nl\/de\/wp-json\/wp\/v2\/product_cat?post=56923"},{"taxonomy":"product_tag","embeddable":true,"href":"https:\/\/muchogusto.nl\/de\/wp-json\/wp\/v2\/product_tag?post=56923"}],"curies":[{"name":"wp","href":"https:\/\/api.w.org\/{rel}","templated":true}]}}