{"id":56735,"date":"2026-02-12T11:39:45","date_gmt":"2026-02-12T10:39:45","guid":{"rendered":"https:\/\/muchogusto.nl\/product\/mucho-gusto-dress-sarnico-red-paisley-bloom\/"},"modified":"2026-03-21T16:30:57","modified_gmt":"2026-03-21T15:30:57","slug":"mucho-gusto-kleid-sarnico-rote-paisleybluete","status":"publish","type":"product","link":"https:\/\/muchogusto.nl\/de\/produkt\/mucho-gusto-kleid-sarnico-rote-paisleybluete\/","title":{"rendered":"MUCHO GUSTO\u00ae Kleid Sarnico Rote Paisleybl\u00fcte"},"content":{"rendered":"<h3>DETAILS ZUM PRODUKT<\/h3>\n<p data-start=\"257\" data-end=\"305\"><strong>MUCHO GUSTO\u00ae Kleid Sarnico Rote Paisleybl\u00fcte<\/strong><\/p>\n<p data-start=\"307\" data-end=\"647\">Das MUCHO GUSTO\u00ae Kleid Sarnico Rote Paisleybl\u00fcte\u00a0vereint lebendige Farben mit femininer Eleganz. Dieses Kleid besteht aus 100% Viskose und f\u00fchlt sich angenehm leicht auf der Haut an. Zudem sorgt der flie\u00dfende Stoff f\u00fcr nat\u00fcrliche Bewegung und hohen Tragekomfort. Dadurch eignet sich das Kleid ideal f\u00fcr warme Tage und besondere Anl\u00e4sse.<\/p>\n<p data-start=\"649\" data-end=\"954\">Das Paisley-Patchwork-Design kombiniert warme Rott\u00f6ne mit Koralle, Beige und feinen t\u00fcrkisen Akzenten. Dadurch entsteht ein harmonisches Farbspiel mit moderner Ausstrahlung. Gleichzeitig wirkt das Muster lebendig, jedoch nicht \u00fcberladen. Dar\u00fcber hinaus verleiht das Patchwork dem Kleid Tiefe und Struktur.<\/p>\n<p data-start=\"956\" data-end=\"1356\">Die lockere, flie\u00dfende Silhouette unterstreicht eine feminine Linie. Au\u00dferdem sorgt das leichte Material daf\u00fcr, dass sich das Kleid angenehm tr\u00e4gt. Ob im Alltag oder am Abend, das MUCHO GUSTO\u00ae Dress Sarnico Red Paisley Bloom passt sich verschiedenen Situationen m\u00fchelos an. In Kombination mit Sandalen entsteht ein entspannter Sommerlook. Mit Absatzschuhen wirkt das Kleid hingegen besonders elegant.<\/p>\n<p data-start=\"1358\" data-end=\"1542\">Somit verbindet dieses Design k\u00fcnstlerische Inspiration mit zeitloser Raffinesse. Vor allem steht das Kleid f\u00fcr die kreative Handschrift von MUCHO GUSTO\u00ae und hochwertiges Dutch Design.<\/p>\n<p data-start=\"1544\" data-end=\"1701\"><strong>Dutch Design<\/strong><br data-start=\"1556\" data-end=\"1559\" \/><strong>Material:<\/strong> 100% Viskose<br data-start=\"1581\" data-end=\"1584\" \/><strong>Verf\u00fcgbare Gr\u00f6\u00dfen:<\/strong> XS, S, M, L, XL, XXL, 3XL<br data-start=\"1628\" data-end=\"1631\" \/><strong>Farbe:<\/strong> Rot, Koralle, Beige, T\u00fcrkis<br data-start=\"1665\" data-end=\"1668\" \/><strong>Design:<\/strong> Paisley Patchwork Print<\/p>\n<div class=\"summary\">\n<div class=\"tccContent\">\n<h3 data-start=\"64\" data-end=\"114\">PASSENDE ARTIKEL<\/h3>\n<div class=\"summary\">\n<div class=\"tccContent\">\n<div class=\"summary\">\n<div class=\"flex w-full flex-col gap-1 empty:hidden first:pt-[3px]\">\n<div class=\"markdown prose dark:prose-invert w-full break-words light\">\n<p class=\"p2\"><span class=\"s1\">Vervollst\u00e4ndigen Sie Ihren Look mit einem passenden\u00a0<a href=\"https:\/\/muchogusto.nl\/de\/schals\/\"><span class=\"s2\">Schal<\/span><\/a>.<br \/>\n<\/span><span class=\"s1\">M\u00f6chten Sie mehr Blusen sehen? Dann schauen Sie sich unsere\u00a0<a href=\"https:\/\/muchogusto.nl\/de\/blusen\/\"><span class=\"s2\">Bekleidungsseite<\/span><\/a>\u00a0an.<br \/>\n<\/span><span class=\"s1\">M\u00f6chten Sie mehr Inspiration? Besuchen Sie unsere\u00a0<a href=\"https:\/\/www.instagram.com\/muchogusto.nl\/\"><span class=\"s2\">Instagram<\/span><\/a>-Seite.\u00a0<\/span><\/p>\n<h3>BRAUCHEN SIE HILFE?<\/h3>\n<p>Wenn Sie Fragen zu diesem Artikel oder der Gr\u00f6\u00dfe haben, senden Sie eine E-Mail an unseren Kundenservice unter<a href=\"http:\/\/muchogusto.nl\/de\/\"><span class=\"s2\">web@muchogusto.nl.<\/span><\/a><\/p>\n<h3>GR\u00d6SSENTABELLEN<\/h3>\n<p>Unsere Gr\u00f6\u00dfen sind in europ\u00e4ischen Gr\u00f6\u00dfen angegeben. Sie k\u00f6nnen diese Gr\u00f6\u00dfen anhand der Tabellen\u00a0<a href=\"https:\/\/muchogusto.nl\/de\/grossentabellen\/\">auf dieser Seite<\/a>\u00a0leicht umrechnen. Die Passform kann je nach Stil oder pers\u00f6nlicher Vorliebe variieren.<\/p>\n<\/div>\n<\/div>\n<\/div>\n<\/div>\n<\/div>\n<\/div>\n<\/div>\n","protected":false},"excerpt":{"rendered":"<p>DETAILS ZUM PRODUKT MUCHO GUSTO\u00ae Kleid Sarnico Rote Paisleybl\u00fcte Das MUCHO GUSTO\u00ae Kleid Sarnico Rote Paisleybl\u00fcte\u00a0vereint lebendige Farben mit femininer Eleganz. Dieses Kleid besteht aus 100% Viskose und f\u00fchlt sich angenehm leicht auf der Haut an. Zudem sorgt der flie\u00dfende Stoff f\u00fcr nat\u00fcrliche Bewegung und hohen Tragekomfort. Dadurch eignet sich das Kleid ideal f\u00fcr warme [&hellip;]<\/p>\n","protected":false},"featured_media":56717,"comment_status":"open","ping_status":"closed","template":"","meta":{"_acf_changed":false,"inline_featured_image":false,"navigation_state":false,"_genesis_hide_title":false,"_genesis_hide_breadcrumbs":false,"_genesis_hide_singular_image":false,"_genesis_hide_footer_widgets":false,"_genesis_custom_body_class":"","_genesis_custom_post_class":"","_genesis_layout":""},"product_brand":[],"product_cat":[73,74,85],"product_tag":[],"class_list":{"0":"post-56735","1":"product","2":"type-product","3":"status-publish","4":"has-post-thumbnail","6":"product_cat-kleider","7":"product_cat-lange-kleider","8":"product_cat-neu","9":"entry","11":"first","12":"instock","13":"taxable","14":"shipping-taxable","15":"purchasable","16":"product-type-variable"},"acf":[],"yoast_head":"<!-- This site is optimized with the Yoast SEO Premium plugin v27.2 (Yoast SEO v27.2) - https:\/\/yoast.com\/product\/yoast-seo-premium-wordpress\/ -->\n<title>MUCHO GUSTO\u00ae Kleid Sarnico Rote Paisleybl\u00fcte<\/title>\n<meta name=\"description\" content=\"MUCHO GUSTO\u00ae Kleid Sarnico Rote Paisleybl\u00fcte \u2013 Kleid aus 100% Viskose mit Paisley Patchwork Design. Dutch Design.\" \/>\n<meta name=\"robots\" content=\"index, follow, max-snippet:-1, max-image-preview:large, max-video-preview:-1\" \/>\n<link rel=\"canonical\" href=\"https:\/\/muchogusto.nl\/de\/produkt\/mucho-gusto-kleid-sarnico-rote-paisleybluete\/\" \/>\n<meta property=\"og:locale\" content=\"de_DE\" \/>\n<meta property=\"og:type\" content=\"article\" \/>\n<meta property=\"og:title\" content=\"MUCHO GUSTO\u00ae Kleid Sarnico Rote Paisleybl\u00fcte\" \/>\n<meta property=\"og:description\" content=\"MUCHO GUSTO\u00ae Kleid Sarnico Rote Paisleybl\u00fcte \u2013 Kleid aus 100% Viskose mit Paisley Patchwork Design. Dutch Design.\" \/>\n<meta property=\"og:url\" content=\"https:\/\/muchogusto.nl\/de\/produkt\/mucho-gusto-kleid-sarnico-rote-paisleybluete\/\" \/>\n<meta property=\"og:site_name\" content=\"Mucho Gusto\" \/>\n<meta property=\"article:publisher\" content=\"https:\/\/www.facebook.com\/muchogusto.nl\/\" \/>\n<meta property=\"article:modified_time\" content=\"2026-03-21T15:30:57+00:00\" \/>\n<meta property=\"og:image\" content=\"http:\/\/muchogusto.nl\/wp-content\/uploads\/2026\/02\/C61SAR053-scaled.jpg\" \/>\n\t<meta property=\"og:image:width\" content=\"1920\" \/>\n\t<meta property=\"og:image:height\" content=\"2560\" \/>\n\t<meta property=\"og:image:type\" content=\"image\/jpeg\" \/>\n<meta name=\"twitter:card\" content=\"summary_large_image\" \/>\n<meta name=\"twitter:label1\" content=\"Est. reading time\" \/>\n\t<meta name=\"twitter:data1\" content=\"2 minutes\" \/>\n<script type=\"application\/ld+json\" class=\"yoast-schema-graph\">{\"@context\":\"https:\/\/schema.org\",\"@graph\":[{\"@type\":\"WebPage\",\"@id\":\"https:\/\/muchogusto.nl\/de\/produkt\/mucho-gusto-kleid-sarnico-rote-paisleybluete\/\",\"url\":\"https:\/\/muchogusto.nl\/de\/produkt\/mucho-gusto-kleid-sarnico-rote-paisleybluete\/\",\"name\":\"MUCHO GUSTO\u00ae Kleid Sarnico Rote Paisleybl\u00fcte\",\"isPartOf\":{\"@id\":\"https:\/\/muchogusto.nl\/#website\"},\"primaryImageOfPage\":{\"@id\":\"https:\/\/muchogusto.nl\/de\/produkt\/mucho-gusto-kleid-sarnico-rote-paisleybluete\/#primaryimage\"},\"image\":{\"@id\":\"https:\/\/muchogusto.nl\/de\/produkt\/mucho-gusto-kleid-sarnico-rote-paisleybluete\/#primaryimage\"},\"thumbnailUrl\":\"https:\/\/muchogusto.nl\/wp-content\/uploads\/2026\/02\/C61SAR053-scaled.jpg\",\"datePublished\":\"2026-02-12T10:39:45+00:00\",\"dateModified\":\"2026-03-21T15:30:57+00:00\",\"description\":\"MUCHO GUSTO\u00ae Kleid Sarnico Rote Paisleybl\u00fcte \u2013 Kleid aus 100% Viskose mit Paisley Patchwork Design. Dutch Design.\",\"breadcrumb\":{\"@id\":\"https:\/\/muchogusto.nl\/de\/produkt\/mucho-gusto-kleid-sarnico-rote-paisleybluete\/#breadcrumb\"},\"inLanguage\":\"de-DE\",\"potentialAction\":[{\"@type\":\"ReadAction\",\"target\":[\"https:\/\/muchogusto.nl\/de\/produkt\/mucho-gusto-kleid-sarnico-rote-paisleybluete\/\"]}]},{\"@type\":\"ImageObject\",\"inLanguage\":\"de-DE\",\"@id\":\"https:\/\/muchogusto.nl\/de\/produkt\/mucho-gusto-kleid-sarnico-rote-paisleybluete\/#primaryimage\",\"url\":\"https:\/\/muchogusto.nl\/wp-content\/uploads\/2026\/02\/C61SAR053-scaled.jpg\",\"contentUrl\":\"https:\/\/muchogusto.nl\/wp-content\/uploads\/2026\/02\/C61SAR053-scaled.jpg\",\"width\":1920,\"height\":2560,\"caption\":\"MUCHO GUSTO\u00ae Kleid Sarnico Rote Paisleybl\u00fcte\"},{\"@type\":\"BreadcrumbList\",\"@id\":\"https:\/\/muchogusto.nl\/de\/produkt\/mucho-gusto-kleid-sarnico-rote-paisleybluete\/#breadcrumb\",\"itemListElement\":[{\"@type\":\"ListItem\",\"position\":1,\"name\":\"Home\",\"item\":\"https:\/\/muchogusto.nl\/de\/\"},{\"@type\":\"ListItem\",\"position\":2,\"name\":\"Shop\",\"item\":\"https:\/\/muchogusto.nl\/de\/shop-2\/\"},{\"@type\":\"ListItem\",\"position\":3,\"name\":\"MUCHO GUSTO\u00ae Kleid Sarnico Rote Paisleybl\u00fcte\"}]},{\"@type\":\"WebSite\",\"@id\":\"https:\/\/muchogusto.nl\/#website\",\"url\":\"https:\/\/muchogusto.nl\/\",\"name\":\"muchogusto.nl\",\"description\":\"\",\"publisher\":{\"@id\":\"https:\/\/muchogusto.nl\/#organization\"},\"potentialAction\":[{\"@type\":\"SearchAction\",\"target\":{\"@type\":\"EntryPoint\",\"urlTemplate\":\"https:\/\/muchogusto.nl\/?s={search_term_string}\"},\"query-input\":{\"@type\":\"PropertyValueSpecification\",\"valueRequired\":true,\"valueName\":\"search_term_string\"}}],\"inLanguage\":\"de-DE\"},{\"@type\":\"Organization\",\"@id\":\"https:\/\/muchogusto.nl\/#organization\",\"name\":\"Mucho Gusto\",\"url\":\"https:\/\/muchogusto.nl\/\",\"logo\":{\"@type\":\"ImageObject\",\"inLanguage\":\"de-DE\",\"@id\":\"https:\/\/muchogusto.nl\/#\/schema\/logo\/image\/\",\"url\":\"https:\/\/muchogusto.nl\/wp-content\/uploads\/2022\/08\/logo_header.svg\",\"contentUrl\":\"https:\/\/muchogusto.nl\/wp-content\/uploads\/2022\/08\/logo_header.svg\",\"caption\":\"Mucho Gusto\"},\"image\":{\"@id\":\"https:\/\/muchogusto.nl\/#\/schema\/logo\/image\/\"},\"sameAs\":[\"https:\/\/www.facebook.com\/muchogusto.nl\/\",\"https:\/\/www.instagram.com\/muchogusto.nl\/\"]}]}<\/script>\n<!-- \/ Yoast SEO Premium plugin. -->","yoast_head_json":{"title":"MUCHO GUSTO\u00ae Kleid Sarnico Rote Paisleybl\u00fcte","description":"MUCHO GUSTO\u00ae Kleid Sarnico Rote Paisleybl\u00fcte \u2013 Kleid aus 100% Viskose mit Paisley Patchwork Design. Dutch Design.","robots":{"index":"index","follow":"follow","max-snippet":"max-snippet:-1","max-image-preview":"max-image-preview:large","max-video-preview":"max-video-preview:-1"},"canonical":"https:\/\/muchogusto.nl\/de\/produkt\/mucho-gusto-kleid-sarnico-rote-paisleybluete\/","og_locale":"de_DE","og_type":"article","og_title":"MUCHO GUSTO\u00ae Kleid Sarnico Rote Paisleybl\u00fcte","og_description":"MUCHO GUSTO\u00ae Kleid Sarnico Rote Paisleybl\u00fcte \u2013 Kleid aus 100% Viskose mit Paisley Patchwork Design. Dutch Design.","og_url":"https:\/\/muchogusto.nl\/de\/produkt\/mucho-gusto-kleid-sarnico-rote-paisleybluete\/","og_site_name":"Mucho Gusto","article_publisher":"https:\/\/www.facebook.com\/muchogusto.nl\/","article_modified_time":"2026-03-21T15:30:57+00:00","og_image":[{"width":1920,"height":2560,"url":"http:\/\/muchogusto.nl\/wp-content\/uploads\/2026\/02\/C61SAR053-scaled.jpg","type":"image\/jpeg"}],"twitter_card":"summary_large_image","twitter_misc":{"Est. reading time":"2 minutes"},"schema":{"@context":"https:\/\/schema.org","@graph":[{"@type":"WebPage","@id":"https:\/\/muchogusto.nl\/de\/produkt\/mucho-gusto-kleid-sarnico-rote-paisleybluete\/","url":"https:\/\/muchogusto.nl\/de\/produkt\/mucho-gusto-kleid-sarnico-rote-paisleybluete\/","name":"MUCHO GUSTO\u00ae Kleid Sarnico Rote Paisleybl\u00fcte","isPartOf":{"@id":"https:\/\/muchogusto.nl\/#website"},"primaryImageOfPage":{"@id":"https:\/\/muchogusto.nl\/de\/produkt\/mucho-gusto-kleid-sarnico-rote-paisleybluete\/#primaryimage"},"image":{"@id":"https:\/\/muchogusto.nl\/de\/produkt\/mucho-gusto-kleid-sarnico-rote-paisleybluete\/#primaryimage"},"thumbnailUrl":"https:\/\/muchogusto.nl\/wp-content\/uploads\/2026\/02\/C61SAR053-scaled.jpg","datePublished":"2026-02-12T10:39:45+00:00","dateModified":"2026-03-21T15:30:57+00:00","description":"MUCHO GUSTO\u00ae Kleid Sarnico Rote Paisleybl\u00fcte \u2013 Kleid aus 100% Viskose mit Paisley Patchwork Design. Dutch Design.","breadcrumb":{"@id":"https:\/\/muchogusto.nl\/de\/produkt\/mucho-gusto-kleid-sarnico-rote-paisleybluete\/#breadcrumb"},"inLanguage":"de-DE","potentialAction":[{"@type":"ReadAction","target":["https:\/\/muchogusto.nl\/de\/produkt\/mucho-gusto-kleid-sarnico-rote-paisleybluete\/"]}]},{"@type":"ImageObject","inLanguage":"de-DE","@id":"https:\/\/muchogusto.nl\/de\/produkt\/mucho-gusto-kleid-sarnico-rote-paisleybluete\/#primaryimage","url":"https:\/\/muchogusto.nl\/wp-content\/uploads\/2026\/02\/C61SAR053-scaled.jpg","contentUrl":"https:\/\/muchogusto.nl\/wp-content\/uploads\/2026\/02\/C61SAR053-scaled.jpg","width":1920,"height":2560,"caption":"MUCHO GUSTO\u00ae Kleid Sarnico Rote Paisleybl\u00fcte"},{"@type":"BreadcrumbList","@id":"https:\/\/muchogusto.nl\/de\/produkt\/mucho-gusto-kleid-sarnico-rote-paisleybluete\/#breadcrumb","itemListElement":[{"@type":"ListItem","position":1,"name":"Home","item":"https:\/\/muchogusto.nl\/de\/"},{"@type":"ListItem","position":2,"name":"Shop","item":"https:\/\/muchogusto.nl\/de\/shop-2\/"},{"@type":"ListItem","position":3,"name":"MUCHO GUSTO\u00ae Kleid Sarnico Rote Paisleybl\u00fcte"}]},{"@type":"WebSite","@id":"https:\/\/muchogusto.nl\/#website","url":"https:\/\/muchogusto.nl\/","name":"muchogusto.nl","description":"","publisher":{"@id":"https:\/\/muchogusto.nl\/#organization"},"potentialAction":[{"@type":"SearchAction","target":{"@type":"EntryPoint","urlTemplate":"https:\/\/muchogusto.nl\/?s={search_term_string}"},"query-input":{"@type":"PropertyValueSpecification","valueRequired":true,"valueName":"search_term_string"}}],"inLanguage":"de-DE"},{"@type":"Organization","@id":"https:\/\/muchogusto.nl\/#organization","name":"Mucho Gusto","url":"https:\/\/muchogusto.nl\/","logo":{"@type":"ImageObject","inLanguage":"de-DE","@id":"https:\/\/muchogusto.nl\/#\/schema\/logo\/image\/","url":"https:\/\/muchogusto.nl\/wp-content\/uploads\/2022\/08\/logo_header.svg","contentUrl":"https:\/\/muchogusto.nl\/wp-content\/uploads\/2022\/08\/logo_header.svg","caption":"Mucho Gusto"},"image":{"@id":"https:\/\/muchogusto.nl\/#\/schema\/logo\/image\/"},"sameAs":["https:\/\/www.facebook.com\/muchogusto.nl\/","https:\/\/www.instagram.com\/muchogusto.nl\/"]}]}},"_links":{"self":[{"href":"https:\/\/muchogusto.nl\/de\/wp-json\/wp\/v2\/product\/56735","targetHints":{"allow":["GET"]}}],"collection":[{"href":"https:\/\/muchogusto.nl\/de\/wp-json\/wp\/v2\/product"}],"about":[{"href":"https:\/\/muchogusto.nl\/de\/wp-json\/wp\/v2\/types\/product"}],"replies":[{"embeddable":true,"href":"https:\/\/muchogusto.nl\/de\/wp-json\/wp\/v2\/comments?post=56735"}],"wp:featuredmedia":[{"embeddable":true,"href":"https:\/\/muchogusto.nl\/de\/wp-json\/wp\/v2\/media\/56717"}],"wp:attachment":[{"href":"https:\/\/muchogusto.nl\/de\/wp-json\/wp\/v2\/media?parent=56735"}],"wp:term":[{"taxonomy":"product_brand","embeddable":true,"href":"https:\/\/muchogusto.nl\/de\/wp-json\/wp\/v2\/product_brand?post=56735"},{"taxonomy":"product_cat","embeddable":true,"href":"https:\/\/muchogusto.nl\/de\/wp-json\/wp\/v2\/product_cat?post=56735"},{"taxonomy":"product_tag","embeddable":true,"href":"https:\/\/muchogusto.nl\/de\/wp-json\/wp\/v2\/product_tag?post=56735"}],"curies":[{"name":"wp","href":"https:\/\/api.w.org\/{rel}","templated":true}]}}