{"id":56400,"date":"2026-02-06T10:12:36","date_gmt":"2026-02-06T09:12:36","guid":{"rendered":"https:\/\/muchogusto.nl\/product\/mucho-gusto-dress-poggia-leopard-flower-elegance\/"},"modified":"2026-03-02T12:02:38","modified_gmt":"2026-03-02T11:02:38","slug":"mucho-gusto-kleid-poggia-leopard-blume-eleganz","status":"publish","type":"product","link":"https:\/\/muchogusto.nl\/de\/produkt\/mucho-gusto-kleid-poggia-leopard-blume-eleganz\/","title":{"rendered":"MUCHO GUSTO\u00ae Kleid Poggia Leopard Blume Eleganz"},"content":{"rendered":"<h3>DETAILS ZUM PRODUKT<\/h3>\n<p data-start=\"284\" data-end=\"337\"><strong>MUCHO GUSTO\u00ae Kleid Poggia Leopard Blume Eleganz<\/strong><\/p>\n<p>Das <strong>MUCHO GUSTO\u00ae Kleid Poggia Leopard Blume Eleganz<\/strong> ist eine raffinierte Mischung aus femininer Anmut und k\u00fchner Ausdruckskraft. Dieses Kleid mit seiner weichen, schulterfreien Silhouette kombiniert ein zeitloses Leopardenmuster mit verspielten, bestickten Blumenakzenten. Der warme beigefarbene Grundton wird durch organische schwarze und braune Leopardenflecken bereichert, w\u00e4hrend lebhafte Blumen in T\u00fcrkis, Gr\u00fcn, Orange, Rosa und Gelb einen fr\u00f6hlichen und k\u00fcnstlerischen Kontrast bilden. Diese harmonische Mischung schafft eine auff\u00e4llige und dennoch elegante visuelle Balance, die das Kleid sowohl auff\u00e4llig als auch m\u00fchelos schick macht.<\/p>\n<p>Der lockere, gerade Schnitt bietet eine schmeichelhafte Passform, die sich wundersch\u00f6n um den K\u00f6rper legt. Der elastische Ausschnitt erm\u00f6glicht es, das Kleid schulterfrei zu tragen, was seinen femininen Reiz unterstreicht, w\u00e4hrend die Dreiviertel\u00e4rmel einen Hauch von l\u00e4ssiger Raffinesse verleihen. Die Blumenmotive sind wie zarte, handgestickte Details \u00fcber das Kleid verteilt und verleihen dem Design einen lebendigen, handgefertigten Charakter, der gleichzeitig modern und ausdrucksstark wirkt.<\/p>\n<p>Das aus 100 % Viskose gefertigte Kleid Poggia Leopard Flower Elegance f\u00fchlt sich leicht, atmungsaktiv und wunderbar weich auf der Haut an. Der Stoff bewegt sich flie\u00dfend bei jedem Schritt und ist somit ideal f\u00fcr warme Tage, Urlaub und entspannte Sommerabende. Ob mit Sandalen f\u00fcr einen Tageslook oder mit Accessoires f\u00fcr einen Abendausflug \u2013 dieses Kleid bietet vielseitige Eleganz mit einer verspielten Note.<\/p>\n<p>Dieses Kleid von MUCHO GUSTO\u00ae ist die perfekte Wahl f\u00fcr Frauen, die Drucke mit Charakter lieben. Es verk\u00f6rpert die Essenz des zeitgen\u00f6ssischen niederl\u00e4ndischen Designs \u2013 k\u00fcnstlerisch, selbstbewusst und m\u00fchelos stilvoll.<\/p>\n<p><strong>Niederl\u00e4ndisches<\/strong>\u00a0<strong>Design<\/strong><br \/>\n<strong>Material:<\/strong> 100 % Viskose<br \/>\n<strong>Verf\u00fcgbare Gr\u00f6\u00dfen:<\/strong> XS, S, M, L, XL, XXL, 3XL<br \/>\n<strong>Farben:<\/strong> Beige, Braun, Schwarz, T\u00fcrkis, Gr\u00fcn, Orange, Rosa, Gelb<\/p>\n<div class=\"summary\">\n<div class=\"tccContent\">\n<div class=\"tccContent\">\n<div class=\"markdown prose w-full break-words dark:prose-invert light\">\n<div class=\"summary\">\n<div class=\"tccContent\">\n<h3>PASSENDE ARTIKEL<\/h3>\n<p class=\"p2\"><span class=\"s1\">Vervollst\u00e4ndigen Sie Ihren Look mit einem passenden\u00a0<a href=\"https:\/\/muchogusto.nl\/de\/schals\/\"><span class=\"s2\">Schal<\/span><\/a>.<br \/>\n<\/span><span class=\"s1\">M\u00f6chten Sie mehr Blusen sehen? Dann schauen Sie sich unsere\u00a0<a href=\"https:\/\/muchogusto.nl\/de\/blusen\/\"><span class=\"s2\">Bekleidungsseite<\/span><\/a>\u00a0an.<br \/>\n<\/span><span class=\"s1\">M\u00f6chten Sie mehr Inspiration? Besuchen Sie unsere\u00a0<a href=\"https:\/\/www.instagram.com\/muchogusto.nl\/\"><span class=\"s2\">Instagram<\/span><\/a>-Seite.\u00a0<\/span><\/p>\n<h3>BRAUCHEN SIE HILFE?<\/h3>\n<p>Wenn Sie Fragen zu diesem Artikel oder der Gr\u00f6\u00dfe haben, senden Sie eine E-Mail an unseren Kundenservice unter<a href=\"http:\/\/muchogusto.nl\/de\/\"><span class=\"s2\">web@muchogusto.nl.<\/span><\/a><\/p>\n<h3>GR\u00d6SSENTABELLEN<\/h3>\n<p>Unsere Gr\u00f6\u00dfen sind in europ\u00e4ischen Gr\u00f6\u00dfen angegeben. Sie k\u00f6nnen diese Gr\u00f6\u00dfen anhand der Tabellen\u00a0<a href=\"https:\/\/muchogusto.nl\/de\/grossentabellen\/\">auf dieser Seite<\/a> leicht umrechnen. Die Passform kann je nach Stil oder pers\u00f6nlicher Vorliebe variieren.<\/p>\n<\/div>\n<\/div>\n<section class=\"related products\"><\/section>\n<\/div>\n<\/div>\n<\/div>\n<\/div>\n","protected":false},"excerpt":{"rendered":"<p>DETAILS ZUM PRODUKT MUCHO GUSTO\u00ae Kleid Poggia Leopard Blume Eleganz Das MUCHO GUSTO\u00ae Kleid Poggia Leopard Blume Eleganz ist eine raffinierte Mischung aus femininer Anmut und k\u00fchner Ausdruckskraft. Dieses Kleid mit seiner weichen, schulterfreien Silhouette kombiniert ein zeitloses Leopardenmuster mit verspielten, bestickten Blumenakzenten. Der warme beigefarbene Grundton wird durch organische schwarze und braune Leopardenflecken bereichert, [&hellip;]<\/p>\n","protected":false},"featured_media":56345,"comment_status":"open","ping_status":"closed","template":"","meta":{"_acf_changed":false,"inline_featured_image":false,"navigation_state":false,"_genesis_hide_title":false,"_genesis_hide_breadcrumbs":false,"_genesis_hide_singular_image":false,"_genesis_hide_footer_widgets":false,"_genesis_custom_body_class":"","_genesis_custom_post_class":"","_genesis_layout":""},"product_brand":[],"product_cat":[73,69,76,85],"product_tag":[],"class_list":{"0":"post-56400","1":"product","2":"type-product","3":"status-publish","4":"has-post-thumbnail","6":"product_cat-kleider","7":"product_cat-kleidung","8":"product_cat-kurze-kleider","9":"product_cat-neu","10":"entry","12":"first","13":"instock","14":"taxable","15":"shipping-taxable","16":"purchasable","17":"product-type-variable"},"acf":[],"yoast_head":"<!-- This site is optimized with the Yoast SEO Premium plugin v27.2 (Yoast SEO v27.2) - https:\/\/yoast.com\/product\/yoast-seo-premium-wordpress\/ -->\n<title>MUCHO GUSTO\u00ae Kleid Poggia Leopard Blume Eleganz<\/title>\n<meta name=\"description\" content=\"Entdecken Sie das MUCHO GUSTO\u00ae Poggia-Kleid mit Leopardenblumenprint: pure Eleganz, Luxus und zeitloser Stil. Dutch Design \u2013 Jetzt kaufe\" \/>\n<meta name=\"robots\" content=\"index, follow, max-snippet:-1, max-image-preview:large, max-video-preview:-1\" \/>\n<link rel=\"canonical\" href=\"https:\/\/muchogusto.nl\/de\/produkt\/mucho-gusto-kleid-poggia-leopard-blume-eleganz\/\" \/>\n<meta property=\"og:locale\" content=\"de_DE\" \/>\n<meta property=\"og:type\" content=\"article\" \/>\n<meta property=\"og:title\" content=\"MUCHO GUSTO\u00ae Kleid Poggia Leopard Blume Eleganz\" \/>\n<meta property=\"og:description\" content=\"Entdecken Sie das MUCHO GUSTO\u00ae Poggia-Kleid mit Leopardenblumenprint: pure Eleganz, Luxus und zeitloser Stil. Dutch Design \u2013 Jetzt kaufe\" \/>\n<meta property=\"og:url\" content=\"https:\/\/muchogusto.nl\/de\/produkt\/mucho-gusto-kleid-poggia-leopard-blume-eleganz\/\" \/>\n<meta property=\"og:site_name\" content=\"Mucho Gusto\" \/>\n<meta property=\"article:publisher\" content=\"https:\/\/www.facebook.com\/muchogusto.nl\/\" \/>\n<meta property=\"article:modified_time\" content=\"2026-03-02T11:02:38+00:00\" \/>\n<meta property=\"og:image\" content=\"http:\/\/muchogusto.nl\/wp-content\/uploads\/2026\/02\/C61POG052-scaled.jpg\" \/>\n\t<meta property=\"og:image:width\" content=\"1920\" \/>\n\t<meta property=\"og:image:height\" content=\"2560\" \/>\n\t<meta property=\"og:image:type\" content=\"image\/jpeg\" \/>\n<meta name=\"twitter:card\" content=\"summary_large_image\" \/>\n<meta name=\"twitter:label1\" content=\"Est. reading time\" \/>\n\t<meta name=\"twitter:data1\" content=\"2 minutes\" \/>\n<script type=\"application\/ld+json\" class=\"yoast-schema-graph\">{\"@context\":\"https:\/\/schema.org\",\"@graph\":[{\"@type\":\"WebPage\",\"@id\":\"https:\/\/muchogusto.nl\/de\/produkt\/mucho-gusto-kleid-poggia-leopard-blume-eleganz\/\",\"url\":\"https:\/\/muchogusto.nl\/de\/produkt\/mucho-gusto-kleid-poggia-leopard-blume-eleganz\/\",\"name\":\"MUCHO GUSTO\u00ae Kleid Poggia Leopard Blume Eleganz\",\"isPartOf\":{\"@id\":\"https:\/\/muchogusto.nl\/#website\"},\"primaryImageOfPage\":{\"@id\":\"https:\/\/muchogusto.nl\/de\/produkt\/mucho-gusto-kleid-poggia-leopard-blume-eleganz\/#primaryimage\"},\"image\":{\"@id\":\"https:\/\/muchogusto.nl\/de\/produkt\/mucho-gusto-kleid-poggia-leopard-blume-eleganz\/#primaryimage\"},\"thumbnailUrl\":\"https:\/\/muchogusto.nl\/wp-content\/uploads\/2026\/02\/C61POG052-scaled.jpg\",\"datePublished\":\"2026-02-06T09:12:36+00:00\",\"dateModified\":\"2026-03-02T11:02:38+00:00\",\"description\":\"Entdecken Sie das MUCHO GUSTO\u00ae Poggia-Kleid mit Leopardenblumenprint: pure Eleganz, Luxus und zeitloser Stil. Dutch Design \u2013 Jetzt kaufe\",\"breadcrumb\":{\"@id\":\"https:\/\/muchogusto.nl\/de\/produkt\/mucho-gusto-kleid-poggia-leopard-blume-eleganz\/#breadcrumb\"},\"inLanguage\":\"de-DE\",\"potentialAction\":[{\"@type\":\"ReadAction\",\"target\":[\"https:\/\/muchogusto.nl\/de\/produkt\/mucho-gusto-kleid-poggia-leopard-blume-eleganz\/\"]}]},{\"@type\":\"ImageObject\",\"inLanguage\":\"de-DE\",\"@id\":\"https:\/\/muchogusto.nl\/de\/produkt\/mucho-gusto-kleid-poggia-leopard-blume-eleganz\/#primaryimage\",\"url\":\"https:\/\/muchogusto.nl\/wp-content\/uploads\/2026\/02\/C61POG052-scaled.jpg\",\"contentUrl\":\"https:\/\/muchogusto.nl\/wp-content\/uploads\/2026\/02\/C61POG052-scaled.jpg\",\"width\":1920,\"height\":2560,\"caption\":\"MUCHO GUSTO\u00ae Kleid Poggia Leopard Blume Eleganz\"},{\"@type\":\"BreadcrumbList\",\"@id\":\"https:\/\/muchogusto.nl\/de\/produkt\/mucho-gusto-kleid-poggia-leopard-blume-eleganz\/#breadcrumb\",\"itemListElement\":[{\"@type\":\"ListItem\",\"position\":1,\"name\":\"Home\",\"item\":\"https:\/\/muchogusto.nl\/de\/\"},{\"@type\":\"ListItem\",\"position\":2,\"name\":\"Shop\",\"item\":\"https:\/\/muchogusto.nl\/de\/shop-2\/\"},{\"@type\":\"ListItem\",\"position\":3,\"name\":\"MUCHO GUSTO\u00ae Kleid Poggia Leopard Blume Eleganz\"}]},{\"@type\":\"WebSite\",\"@id\":\"https:\/\/muchogusto.nl\/#website\",\"url\":\"https:\/\/muchogusto.nl\/\",\"name\":\"muchogusto.nl\",\"description\":\"\",\"publisher\":{\"@id\":\"https:\/\/muchogusto.nl\/#organization\"},\"potentialAction\":[{\"@type\":\"SearchAction\",\"target\":{\"@type\":\"EntryPoint\",\"urlTemplate\":\"https:\/\/muchogusto.nl\/?s={search_term_string}\"},\"query-input\":{\"@type\":\"PropertyValueSpecification\",\"valueRequired\":true,\"valueName\":\"search_term_string\"}}],\"inLanguage\":\"de-DE\"},{\"@type\":\"Organization\",\"@id\":\"https:\/\/muchogusto.nl\/#organization\",\"name\":\"Mucho Gusto\",\"url\":\"https:\/\/muchogusto.nl\/\",\"logo\":{\"@type\":\"ImageObject\",\"inLanguage\":\"de-DE\",\"@id\":\"https:\/\/muchogusto.nl\/#\/schema\/logo\/image\/\",\"url\":\"https:\/\/muchogusto.nl\/wp-content\/uploads\/2022\/08\/logo_header.svg\",\"contentUrl\":\"https:\/\/muchogusto.nl\/wp-content\/uploads\/2022\/08\/logo_header.svg\",\"caption\":\"Mucho Gusto\"},\"image\":{\"@id\":\"https:\/\/muchogusto.nl\/#\/schema\/logo\/image\/\"},\"sameAs\":[\"https:\/\/www.facebook.com\/muchogusto.nl\/\",\"https:\/\/www.instagram.com\/muchogusto.nl\/\"]}]}<\/script>\n<!-- \/ Yoast SEO Premium plugin. -->","yoast_head_json":{"title":"MUCHO GUSTO\u00ae Kleid Poggia Leopard Blume Eleganz","description":"Entdecken Sie das MUCHO GUSTO\u00ae Poggia-Kleid mit Leopardenblumenprint: pure Eleganz, Luxus und zeitloser Stil. Dutch Design \u2013 Jetzt kaufe","robots":{"index":"index","follow":"follow","max-snippet":"max-snippet:-1","max-image-preview":"max-image-preview:large","max-video-preview":"max-video-preview:-1"},"canonical":"https:\/\/muchogusto.nl\/de\/produkt\/mucho-gusto-kleid-poggia-leopard-blume-eleganz\/","og_locale":"de_DE","og_type":"article","og_title":"MUCHO GUSTO\u00ae Kleid Poggia Leopard Blume Eleganz","og_description":"Entdecken Sie das MUCHO GUSTO\u00ae Poggia-Kleid mit Leopardenblumenprint: pure Eleganz, Luxus und zeitloser Stil. Dutch Design \u2013 Jetzt kaufe","og_url":"https:\/\/muchogusto.nl\/de\/produkt\/mucho-gusto-kleid-poggia-leopard-blume-eleganz\/","og_site_name":"Mucho Gusto","article_publisher":"https:\/\/www.facebook.com\/muchogusto.nl\/","article_modified_time":"2026-03-02T11:02:38+00:00","og_image":[{"width":1920,"height":2560,"url":"http:\/\/muchogusto.nl\/wp-content\/uploads\/2026\/02\/C61POG052-scaled.jpg","type":"image\/jpeg"}],"twitter_card":"summary_large_image","twitter_misc":{"Est. reading time":"2 minutes"},"schema":{"@context":"https:\/\/schema.org","@graph":[{"@type":"WebPage","@id":"https:\/\/muchogusto.nl\/de\/produkt\/mucho-gusto-kleid-poggia-leopard-blume-eleganz\/","url":"https:\/\/muchogusto.nl\/de\/produkt\/mucho-gusto-kleid-poggia-leopard-blume-eleganz\/","name":"MUCHO GUSTO\u00ae Kleid Poggia Leopard Blume Eleganz","isPartOf":{"@id":"https:\/\/muchogusto.nl\/#website"},"primaryImageOfPage":{"@id":"https:\/\/muchogusto.nl\/de\/produkt\/mucho-gusto-kleid-poggia-leopard-blume-eleganz\/#primaryimage"},"image":{"@id":"https:\/\/muchogusto.nl\/de\/produkt\/mucho-gusto-kleid-poggia-leopard-blume-eleganz\/#primaryimage"},"thumbnailUrl":"https:\/\/muchogusto.nl\/wp-content\/uploads\/2026\/02\/C61POG052-scaled.jpg","datePublished":"2026-02-06T09:12:36+00:00","dateModified":"2026-03-02T11:02:38+00:00","description":"Entdecken Sie das MUCHO GUSTO\u00ae Poggia-Kleid mit Leopardenblumenprint: pure Eleganz, Luxus und zeitloser Stil. Dutch Design \u2013 Jetzt kaufe","breadcrumb":{"@id":"https:\/\/muchogusto.nl\/de\/produkt\/mucho-gusto-kleid-poggia-leopard-blume-eleganz\/#breadcrumb"},"inLanguage":"de-DE","potentialAction":[{"@type":"ReadAction","target":["https:\/\/muchogusto.nl\/de\/produkt\/mucho-gusto-kleid-poggia-leopard-blume-eleganz\/"]}]},{"@type":"ImageObject","inLanguage":"de-DE","@id":"https:\/\/muchogusto.nl\/de\/produkt\/mucho-gusto-kleid-poggia-leopard-blume-eleganz\/#primaryimage","url":"https:\/\/muchogusto.nl\/wp-content\/uploads\/2026\/02\/C61POG052-scaled.jpg","contentUrl":"https:\/\/muchogusto.nl\/wp-content\/uploads\/2026\/02\/C61POG052-scaled.jpg","width":1920,"height":2560,"caption":"MUCHO GUSTO\u00ae Kleid Poggia Leopard Blume Eleganz"},{"@type":"BreadcrumbList","@id":"https:\/\/muchogusto.nl\/de\/produkt\/mucho-gusto-kleid-poggia-leopard-blume-eleganz\/#breadcrumb","itemListElement":[{"@type":"ListItem","position":1,"name":"Home","item":"https:\/\/muchogusto.nl\/de\/"},{"@type":"ListItem","position":2,"name":"Shop","item":"https:\/\/muchogusto.nl\/de\/shop-2\/"},{"@type":"ListItem","position":3,"name":"MUCHO GUSTO\u00ae Kleid Poggia Leopard Blume Eleganz"}]},{"@type":"WebSite","@id":"https:\/\/muchogusto.nl\/#website","url":"https:\/\/muchogusto.nl\/","name":"muchogusto.nl","description":"","publisher":{"@id":"https:\/\/muchogusto.nl\/#organization"},"potentialAction":[{"@type":"SearchAction","target":{"@type":"EntryPoint","urlTemplate":"https:\/\/muchogusto.nl\/?s={search_term_string}"},"query-input":{"@type":"PropertyValueSpecification","valueRequired":true,"valueName":"search_term_string"}}],"inLanguage":"de-DE"},{"@type":"Organization","@id":"https:\/\/muchogusto.nl\/#organization","name":"Mucho Gusto","url":"https:\/\/muchogusto.nl\/","logo":{"@type":"ImageObject","inLanguage":"de-DE","@id":"https:\/\/muchogusto.nl\/#\/schema\/logo\/image\/","url":"https:\/\/muchogusto.nl\/wp-content\/uploads\/2022\/08\/logo_header.svg","contentUrl":"https:\/\/muchogusto.nl\/wp-content\/uploads\/2022\/08\/logo_header.svg","caption":"Mucho Gusto"},"image":{"@id":"https:\/\/muchogusto.nl\/#\/schema\/logo\/image\/"},"sameAs":["https:\/\/www.facebook.com\/muchogusto.nl\/","https:\/\/www.instagram.com\/muchogusto.nl\/"]}]}},"_links":{"self":[{"href":"https:\/\/muchogusto.nl\/de\/wp-json\/wp\/v2\/product\/56400","targetHints":{"allow":["GET"]}}],"collection":[{"href":"https:\/\/muchogusto.nl\/de\/wp-json\/wp\/v2\/product"}],"about":[{"href":"https:\/\/muchogusto.nl\/de\/wp-json\/wp\/v2\/types\/product"}],"replies":[{"embeddable":true,"href":"https:\/\/muchogusto.nl\/de\/wp-json\/wp\/v2\/comments?post=56400"}],"wp:featuredmedia":[{"embeddable":true,"href":"https:\/\/muchogusto.nl\/de\/wp-json\/wp\/v2\/media\/56345"}],"wp:attachment":[{"href":"https:\/\/muchogusto.nl\/de\/wp-json\/wp\/v2\/media?parent=56400"}],"wp:term":[{"taxonomy":"product_brand","embeddable":true,"href":"https:\/\/muchogusto.nl\/de\/wp-json\/wp\/v2\/product_brand?post=56400"},{"taxonomy":"product_cat","embeddable":true,"href":"https:\/\/muchogusto.nl\/de\/wp-json\/wp\/v2\/product_cat?post=56400"},{"taxonomy":"product_tag","embeddable":true,"href":"https:\/\/muchogusto.nl\/de\/wp-json\/wp\/v2\/product_tag?post=56400"}],"curies":[{"name":"wp","href":"https:\/\/api.w.org\/{rel}","templated":true}]}}