{"id":56366,"date":"2026-02-05T16:15:59","date_gmt":"2026-02-05T15:15:59","guid":{"rendered":"https:\/\/muchogusto.nl\/product\/mucho-gusto-blouse-grazie-cannes-alpine-spirit\/"},"modified":"2026-03-02T12:02:38","modified_gmt":"2026-03-02T11:02:38","slug":"mucho-gusto-bluse-grazie-cannes-alpine-spirit","status":"publish","type":"product","link":"https:\/\/muchogusto.nl\/de\/produkt\/mucho-gusto-bluse-grazie-cannes-alpine-spirit\/","title":{"rendered":"MUCHO GUSTO\u00ae Bluse Grazie Cannes Alpine Spirit"},"content":{"rendered":"<h3>DETAILS ZUM PRODUKT<\/h3>\n<p><strong data-start=\"281\" data-end=\"331\">MUCHO GUSTO\u00ae Bluse Grazie Cannes Alpine Spirit<\/strong><\/p>\n<p data-start=\"277\" data-end=\"664\">Die MUCHO GUSTO\u00ae Bluse Grazie Cannes Alpine Spirit vereint kreative Ausdruckskraft mit zeitloser Eleganz. Das kunstvolle Design ist inspiriert von alpinen Landschaften und dem stilvollen Flair von Cannes. Verspielte Linienzeichnungen und feine illustrative Details verschmelzen zu einem harmonischen Gesamtbild, das modern wirkt und zugleich eine raffinierte Leichtigkeit ausstrahlt.<\/p>\n<p data-start=\"666\" data-end=\"1101\">Gefertigt aus einer luxuri\u00f6sen Mischung aus <strong data-start=\"710\" data-end=\"740\">97 % Seide und 3 % Elastan<\/strong>, f\u00fchlt sich die Bluse weich, leicht und angenehm auf der Haut an. Der flie\u00dfende Stoff mit dezentem Stretch sorgt f\u00fcr hohen Tragekomfort und unterstreicht die feminine, elegante Silhouette. Die Grazie Cannes Alpine Spirit Bluse ist in den Gr\u00f6\u00dfen <strong data-start=\"986\" data-end=\"1015\">XS bis einschlie\u00dflich 3XL<\/strong> erh\u00e4ltlich und wurde so entworfen, dass sie unterschiedlichen Figurtypen schmeichelt.<\/p>\n<p data-start=\"1103\" data-end=\"1543\">Diese Bluse ist ideal f\u00fcr Frauen, die ausdrucksstarke Designs mit einer hochwertigen Verarbeitung sch\u00e4tzen. Kombinieren Sie sie mit einer eleganten Hose f\u00fcr einen stilvollen Tageslook oder tragen Sie sie mit Denim oder einem flie\u00dfenden Rock f\u00fcr ein entspanntes, dennoch gepflegtes Outfit. Mit ihrem k\u00fcnstlerischen Print und dem edlen Material bringt diese Bluse Charakter, Selbstbewusstsein und <strong data-start=\"1498\" data-end=\"1524\">zeitloses Dutch Design<\/strong> in jede Garderobe.<\/p>\n<p data-start=\"1545\" data-end=\"1703\"><strong data-start=\"1545\" data-end=\"1561\">Dutch Design<\/strong><br data-start=\"1561\" data-end=\"1564\" \/><strong data-start=\"1564\" data-end=\"1577\">Material:<\/strong> 97 % Seide, 3 % Elastan<br data-start=\"1601\" data-end=\"1604\" \/><strong data-start=\"1604\" data-end=\"1626\">Verf\u00fcgbare Gr\u00f6\u00dfen:<\/strong> XS, S, M, L, XL, XXL, 3XL<br data-start=\"1652\" data-end=\"1655\" \/><strong data-start=\"1655\" data-end=\"1665\">Farbe:<\/strong> Elfenbein, Aqua, Mintgr\u00fcn, Hellblau<\/p>\n<div class=\"summary\">\n<div class=\"tccContent\">\n<h3>PASSENDE ARTIKEL<\/h3>\n<p class=\"p2\"><span class=\"s1\">Vervollst\u00e4ndigen Sie Ihren Look mit einem passenden\u00a0<a href=\"https:\/\/muchogusto.nl\/de\/schals\/\"><span class=\"s2\">Schal<\/span><\/a>.<br \/>\n<\/span><span class=\"s1\">M\u00f6chten Sie mehr Blusen sehen? Dann schauen Sie sich unsere\u00a0<a href=\"https:\/\/muchogusto.nl\/de\/blusen\/\"><span class=\"s2\">Bekleidungsseite<\/span><\/a>\u00a0an.<br \/>\n<\/span><span class=\"s1\">M\u00f6chten Sie mehr Inspiration? Besuchen Sie unsere\u00a0<a href=\"https:\/\/www.instagram.com\/muchogusto.nl\/\"><span class=\"s2\">Instagram<\/span><\/a>-Seite.\u00a0<\/span><\/p>\n<h3>BRAUCHEN SIE HILFE?<\/h3>\n<p>Wenn Sie Fragen zu diesem Artikel oder der Gr\u00f6\u00dfe haben, senden Sie eine E-Mail an unseren Kundenservice unter<a href=\"http:\/\/muchogusto.nl\/de\/\"><span class=\"s2\">web@muchogusto.nl.<\/span><\/a><\/p>\n<h3>GR\u00d6SSENTABELLEN<\/h3>\n<p>Unsere Gr\u00f6\u00dfen sind in europ\u00e4ischen Gr\u00f6\u00dfen angegeben. Sie k\u00f6nnen diese Gr\u00f6\u00dfen anhand der Tabellen\u00a0<a href=\"https:\/\/muchogusto.nl\/de\/grossentabellen\/\">auf dieser Seite<\/a>\u00a0leicht umrechnen. Die Passform kann je nach Stil oder pers\u00f6nlicher Vorliebe variieren.<\/p>\n<\/div>\n<\/div>\n","protected":false},"excerpt":{"rendered":"<p>DETAILS ZUM PRODUKT MUCHO GUSTO\u00ae Bluse Grazie Cannes Alpine Spirit Die MUCHO GUSTO\u00ae Bluse Grazie Cannes Alpine Spirit vereint kreative Ausdruckskraft mit zeitloser Eleganz. Das kunstvolle Design ist inspiriert von alpinen Landschaften und dem stilvollen Flair von Cannes. Verspielte Linienzeichnungen und feine illustrative Details verschmelzen zu einem harmonischen Gesamtbild, das modern wirkt und zugleich eine [&hellip;]<\/p>\n","protected":false},"featured_media":56331,"comment_status":"open","ping_status":"closed","template":"","meta":{"_acf_changed":false,"inline_featured_image":false,"navigation_state":false,"_genesis_hide_title":false,"_genesis_hide_breadcrumbs":false,"_genesis_hide_singular_image":false,"_genesis_hide_footer_widgets":false,"_genesis_custom_body_class":"","_genesis_custom_post_class":"","_genesis_layout":""},"product_brand":[],"product_cat":[71,69],"product_tag":[],"class_list":{"0":"post-56366","1":"product","2":"type-product","3":"status-publish","4":"has-post-thumbnail","6":"product_cat-blusen","7":"product_cat-kleidung","8":"entry","10":"first","11":"instock","12":"taxable","13":"shipping-taxable","14":"purchasable","15":"product-type-variable"},"acf":[],"yoast_head":"<!-- This site is optimized with the Yoast SEO Premium plugin v27.2 (Yoast SEO v27.2) - https:\/\/yoast.com\/product\/yoast-seo-premium-wordpress\/ -->\n<title>MUCHO GUSTO\u00ae Bluse Grazie Cannes Alpine Spirit<\/title>\n<meta name=\"description\" content=\"Entdecken Sie die MUCHO GUSTO\u00ae Bluse Grazie Cannes Alpine Spirit \u2013 eine luxuri\u00f6se Seidenbluse mit k\u00fcnstlerischem Alpenprint. Dutch Design.\" \/>\n<meta name=\"robots\" content=\"index, follow, max-snippet:-1, max-image-preview:large, max-video-preview:-1\" \/>\n<link rel=\"canonical\" href=\"https:\/\/muchogusto.nl\/de\/produkt\/mucho-gusto-bluse-grazie-cannes-alpine-spirit\/\" \/>\n<meta property=\"og:locale\" content=\"de_DE\" \/>\n<meta property=\"og:type\" content=\"article\" \/>\n<meta property=\"og:title\" content=\"MUCHO GUSTO\u00ae Bluse Grazie Cannes Alpine Spirit\" \/>\n<meta property=\"og:description\" content=\"Entdecken Sie die MUCHO GUSTO\u00ae Bluse Grazie Cannes Alpine Spirit \u2013 eine luxuri\u00f6se Seidenbluse mit k\u00fcnstlerischem Alpenprint. Dutch Design.\" \/>\n<meta property=\"og:url\" content=\"https:\/\/muchogusto.nl\/de\/produkt\/mucho-gusto-bluse-grazie-cannes-alpine-spirit\/\" \/>\n<meta property=\"og:site_name\" content=\"Mucho Gusto\" \/>\n<meta property=\"article:publisher\" content=\"https:\/\/www.facebook.com\/muchogusto.nl\/\" \/>\n<meta property=\"article:modified_time\" content=\"2026-03-02T11:02:38+00:00\" \/>\n<meta property=\"og:image\" content=\"http:\/\/muchogusto.nl\/wp-content\/uploads\/2026\/02\/C52GRA036-scaled.jpg\" \/>\n\t<meta property=\"og:image:width\" content=\"1920\" \/>\n\t<meta property=\"og:image:height\" content=\"2560\" \/>\n\t<meta property=\"og:image:type\" content=\"image\/jpeg\" \/>\n<meta name=\"twitter:card\" content=\"summary_large_image\" \/>\n<meta name=\"twitter:label1\" content=\"Est. reading time\" \/>\n\t<meta name=\"twitter:data1\" content=\"2 minutes\" \/>\n<script type=\"application\/ld+json\" class=\"yoast-schema-graph\">{\"@context\":\"https:\/\/schema.org\",\"@graph\":[{\"@type\":\"WebPage\",\"@id\":\"https:\/\/muchogusto.nl\/de\/produkt\/mucho-gusto-bluse-grazie-cannes-alpine-spirit\/\",\"url\":\"https:\/\/muchogusto.nl\/de\/produkt\/mucho-gusto-bluse-grazie-cannes-alpine-spirit\/\",\"name\":\"MUCHO GUSTO\u00ae Bluse Grazie Cannes Alpine Spirit\",\"isPartOf\":{\"@id\":\"https:\/\/muchogusto.nl\/#website\"},\"primaryImageOfPage\":{\"@id\":\"https:\/\/muchogusto.nl\/de\/produkt\/mucho-gusto-bluse-grazie-cannes-alpine-spirit\/#primaryimage\"},\"image\":{\"@id\":\"https:\/\/muchogusto.nl\/de\/produkt\/mucho-gusto-bluse-grazie-cannes-alpine-spirit\/#primaryimage\"},\"thumbnailUrl\":\"https:\/\/muchogusto.nl\/wp-content\/uploads\/2026\/02\/C52GRA036-scaled.jpg\",\"datePublished\":\"2026-02-05T15:15:59+00:00\",\"dateModified\":\"2026-03-02T11:02:38+00:00\",\"description\":\"Entdecken Sie die MUCHO GUSTO\u00ae Bluse Grazie Cannes Alpine Spirit \u2013 eine luxuri\u00f6se Seidenbluse mit k\u00fcnstlerischem Alpenprint. Dutch Design.\",\"breadcrumb\":{\"@id\":\"https:\/\/muchogusto.nl\/de\/produkt\/mucho-gusto-bluse-grazie-cannes-alpine-spirit\/#breadcrumb\"},\"inLanguage\":\"de-DE\",\"potentialAction\":[{\"@type\":\"ReadAction\",\"target\":[\"https:\/\/muchogusto.nl\/de\/produkt\/mucho-gusto-bluse-grazie-cannes-alpine-spirit\/\"]}]},{\"@type\":\"ImageObject\",\"inLanguage\":\"de-DE\",\"@id\":\"https:\/\/muchogusto.nl\/de\/produkt\/mucho-gusto-bluse-grazie-cannes-alpine-spirit\/#primaryimage\",\"url\":\"https:\/\/muchogusto.nl\/wp-content\/uploads\/2026\/02\/C52GRA036-scaled.jpg\",\"contentUrl\":\"https:\/\/muchogusto.nl\/wp-content\/uploads\/2026\/02\/C52GRA036-scaled.jpg\",\"width\":1920,\"height\":2560,\"caption\":\"MUCHO GUSTO\u00ae Bluse Grazie Cannes Alpine Spirit\"},{\"@type\":\"BreadcrumbList\",\"@id\":\"https:\/\/muchogusto.nl\/de\/produkt\/mucho-gusto-bluse-grazie-cannes-alpine-spirit\/#breadcrumb\",\"itemListElement\":[{\"@type\":\"ListItem\",\"position\":1,\"name\":\"Home\",\"item\":\"https:\/\/muchogusto.nl\/de\/\"},{\"@type\":\"ListItem\",\"position\":2,\"name\":\"Shop\",\"item\":\"https:\/\/muchogusto.nl\/de\/shop-2\/\"},{\"@type\":\"ListItem\",\"position\":3,\"name\":\"MUCHO GUSTO\u00ae Bluse Grazie Cannes Alpine Spirit\"}]},{\"@type\":\"WebSite\",\"@id\":\"https:\/\/muchogusto.nl\/#website\",\"url\":\"https:\/\/muchogusto.nl\/\",\"name\":\"muchogusto.nl\",\"description\":\"\",\"publisher\":{\"@id\":\"https:\/\/muchogusto.nl\/#organization\"},\"potentialAction\":[{\"@type\":\"SearchAction\",\"target\":{\"@type\":\"EntryPoint\",\"urlTemplate\":\"https:\/\/muchogusto.nl\/?s={search_term_string}\"},\"query-input\":{\"@type\":\"PropertyValueSpecification\",\"valueRequired\":true,\"valueName\":\"search_term_string\"}}],\"inLanguage\":\"de-DE\"},{\"@type\":\"Organization\",\"@id\":\"https:\/\/muchogusto.nl\/#organization\",\"name\":\"Mucho Gusto\",\"url\":\"https:\/\/muchogusto.nl\/\",\"logo\":{\"@type\":\"ImageObject\",\"inLanguage\":\"de-DE\",\"@id\":\"https:\/\/muchogusto.nl\/#\/schema\/logo\/image\/\",\"url\":\"https:\/\/muchogusto.nl\/wp-content\/uploads\/2022\/08\/logo_header.svg\",\"contentUrl\":\"https:\/\/muchogusto.nl\/wp-content\/uploads\/2022\/08\/logo_header.svg\",\"caption\":\"Mucho Gusto\"},\"image\":{\"@id\":\"https:\/\/muchogusto.nl\/#\/schema\/logo\/image\/\"},\"sameAs\":[\"https:\/\/www.facebook.com\/muchogusto.nl\/\",\"https:\/\/www.instagram.com\/muchogusto.nl\/\"]}]}<\/script>\n<!-- \/ Yoast SEO Premium plugin. -->","yoast_head_json":{"title":"MUCHO GUSTO\u00ae Bluse Grazie Cannes Alpine Spirit","description":"Entdecken Sie die MUCHO GUSTO\u00ae Bluse Grazie Cannes Alpine Spirit \u2013 eine luxuri\u00f6se Seidenbluse mit k\u00fcnstlerischem Alpenprint. Dutch Design.","robots":{"index":"index","follow":"follow","max-snippet":"max-snippet:-1","max-image-preview":"max-image-preview:large","max-video-preview":"max-video-preview:-1"},"canonical":"https:\/\/muchogusto.nl\/de\/produkt\/mucho-gusto-bluse-grazie-cannes-alpine-spirit\/","og_locale":"de_DE","og_type":"article","og_title":"MUCHO GUSTO\u00ae Bluse Grazie Cannes Alpine Spirit","og_description":"Entdecken Sie die MUCHO GUSTO\u00ae Bluse Grazie Cannes Alpine Spirit \u2013 eine luxuri\u00f6se Seidenbluse mit k\u00fcnstlerischem Alpenprint. Dutch Design.","og_url":"https:\/\/muchogusto.nl\/de\/produkt\/mucho-gusto-bluse-grazie-cannes-alpine-spirit\/","og_site_name":"Mucho Gusto","article_publisher":"https:\/\/www.facebook.com\/muchogusto.nl\/","article_modified_time":"2026-03-02T11:02:38+00:00","og_image":[{"width":1920,"height":2560,"url":"http:\/\/muchogusto.nl\/wp-content\/uploads\/2026\/02\/C52GRA036-scaled.jpg","type":"image\/jpeg"}],"twitter_card":"summary_large_image","twitter_misc":{"Est. reading time":"2 minutes"},"schema":{"@context":"https:\/\/schema.org","@graph":[{"@type":"WebPage","@id":"https:\/\/muchogusto.nl\/de\/produkt\/mucho-gusto-bluse-grazie-cannes-alpine-spirit\/","url":"https:\/\/muchogusto.nl\/de\/produkt\/mucho-gusto-bluse-grazie-cannes-alpine-spirit\/","name":"MUCHO GUSTO\u00ae Bluse Grazie Cannes Alpine Spirit","isPartOf":{"@id":"https:\/\/muchogusto.nl\/#website"},"primaryImageOfPage":{"@id":"https:\/\/muchogusto.nl\/de\/produkt\/mucho-gusto-bluse-grazie-cannes-alpine-spirit\/#primaryimage"},"image":{"@id":"https:\/\/muchogusto.nl\/de\/produkt\/mucho-gusto-bluse-grazie-cannes-alpine-spirit\/#primaryimage"},"thumbnailUrl":"https:\/\/muchogusto.nl\/wp-content\/uploads\/2026\/02\/C52GRA036-scaled.jpg","datePublished":"2026-02-05T15:15:59+00:00","dateModified":"2026-03-02T11:02:38+00:00","description":"Entdecken Sie die MUCHO GUSTO\u00ae Bluse Grazie Cannes Alpine Spirit \u2013 eine luxuri\u00f6se Seidenbluse mit k\u00fcnstlerischem Alpenprint. Dutch Design.","breadcrumb":{"@id":"https:\/\/muchogusto.nl\/de\/produkt\/mucho-gusto-bluse-grazie-cannes-alpine-spirit\/#breadcrumb"},"inLanguage":"de-DE","potentialAction":[{"@type":"ReadAction","target":["https:\/\/muchogusto.nl\/de\/produkt\/mucho-gusto-bluse-grazie-cannes-alpine-spirit\/"]}]},{"@type":"ImageObject","inLanguage":"de-DE","@id":"https:\/\/muchogusto.nl\/de\/produkt\/mucho-gusto-bluse-grazie-cannes-alpine-spirit\/#primaryimage","url":"https:\/\/muchogusto.nl\/wp-content\/uploads\/2026\/02\/C52GRA036-scaled.jpg","contentUrl":"https:\/\/muchogusto.nl\/wp-content\/uploads\/2026\/02\/C52GRA036-scaled.jpg","width":1920,"height":2560,"caption":"MUCHO GUSTO\u00ae Bluse Grazie Cannes Alpine Spirit"},{"@type":"BreadcrumbList","@id":"https:\/\/muchogusto.nl\/de\/produkt\/mucho-gusto-bluse-grazie-cannes-alpine-spirit\/#breadcrumb","itemListElement":[{"@type":"ListItem","position":1,"name":"Home","item":"https:\/\/muchogusto.nl\/de\/"},{"@type":"ListItem","position":2,"name":"Shop","item":"https:\/\/muchogusto.nl\/de\/shop-2\/"},{"@type":"ListItem","position":3,"name":"MUCHO GUSTO\u00ae Bluse Grazie Cannes Alpine Spirit"}]},{"@type":"WebSite","@id":"https:\/\/muchogusto.nl\/#website","url":"https:\/\/muchogusto.nl\/","name":"muchogusto.nl","description":"","publisher":{"@id":"https:\/\/muchogusto.nl\/#organization"},"potentialAction":[{"@type":"SearchAction","target":{"@type":"EntryPoint","urlTemplate":"https:\/\/muchogusto.nl\/?s={search_term_string}"},"query-input":{"@type":"PropertyValueSpecification","valueRequired":true,"valueName":"search_term_string"}}],"inLanguage":"de-DE"},{"@type":"Organization","@id":"https:\/\/muchogusto.nl\/#organization","name":"Mucho Gusto","url":"https:\/\/muchogusto.nl\/","logo":{"@type":"ImageObject","inLanguage":"de-DE","@id":"https:\/\/muchogusto.nl\/#\/schema\/logo\/image\/","url":"https:\/\/muchogusto.nl\/wp-content\/uploads\/2022\/08\/logo_header.svg","contentUrl":"https:\/\/muchogusto.nl\/wp-content\/uploads\/2022\/08\/logo_header.svg","caption":"Mucho Gusto"},"image":{"@id":"https:\/\/muchogusto.nl\/#\/schema\/logo\/image\/"},"sameAs":["https:\/\/www.facebook.com\/muchogusto.nl\/","https:\/\/www.instagram.com\/muchogusto.nl\/"]}]}},"_links":{"self":[{"href":"https:\/\/muchogusto.nl\/de\/wp-json\/wp\/v2\/product\/56366","targetHints":{"allow":["GET"]}}],"collection":[{"href":"https:\/\/muchogusto.nl\/de\/wp-json\/wp\/v2\/product"}],"about":[{"href":"https:\/\/muchogusto.nl\/de\/wp-json\/wp\/v2\/types\/product"}],"replies":[{"embeddable":true,"href":"https:\/\/muchogusto.nl\/de\/wp-json\/wp\/v2\/comments?post=56366"}],"wp:featuredmedia":[{"embeddable":true,"href":"https:\/\/muchogusto.nl\/de\/wp-json\/wp\/v2\/media\/56331"}],"wp:attachment":[{"href":"https:\/\/muchogusto.nl\/de\/wp-json\/wp\/v2\/media?parent=56366"}],"wp:term":[{"taxonomy":"product_brand","embeddable":true,"href":"https:\/\/muchogusto.nl\/de\/wp-json\/wp\/v2\/product_brand?post=56366"},{"taxonomy":"product_cat","embeddable":true,"href":"https:\/\/muchogusto.nl\/de\/wp-json\/wp\/v2\/product_cat?post=56366"},{"taxonomy":"product_tag","embeddable":true,"href":"https:\/\/muchogusto.nl\/de\/wp-json\/wp\/v2\/product_tag?post=56366"}],"curies":[{"name":"wp","href":"https:\/\/api.w.org\/{rel}","templated":true}]}}