{"id":56234,"date":"2026-02-05T10:14:23","date_gmt":"2026-02-05T09:14:23","guid":{"rendered":"https:\/\/muchogusto.nl\/product\/mucho-gusto-sjaal-st-tropez-mozaiek-patchwork\/"},"modified":"2026-03-02T12:02:38","modified_gmt":"2026-03-02T11:02:38","slug":"mucho-gusto-schal-st-tropez-mosaik-patchwork","status":"publish","type":"product","link":"https:\/\/muchogusto.nl\/de\/produkt\/mucho-gusto-schal-st-tropez-mosaik-patchwork\/","title":{"rendered":"MUCHO GUSTO\u00ae Schal St. Tropez Mosaik Patchwork"},"content":{"rendered":"<h3 data-start=\"2288\" data-end=\"2311\">DETAILS ZUM PRODUKT<\/h3>\n<p data-start=\"3923\" data-end=\"3977\"><strong data-start=\"3927\" data-end=\"3977\">MUCHO GUSTO\u00ae Schal St. Tropez Mosaik Patchwork<\/strong><\/p>\n<p data-start=\"3979\" data-end=\"4294\">Erleben Sie ausdrucksstarke Eleganz mit dem MUCHO GUSTO\u00ae Schal St. Tropez Mosaik Patchwork \u2014 einem luxuri\u00f6sen dreieckigen Seidenschal, inspiriert von der k\u00fcnstlerischen Vielfalt der Riviera. Dieses Design wirkt lebendig, ausdrucksstark und zugleich raffiniert und ist ein stilvolles Statement f\u00fcr Tag und Abend.<\/p>\n<p data-start=\"4296\" data-end=\"4680\">Der Mosaik-Patchwork-Print vereint ornamentale Muster, florale Motive und grafische Elemente zu einer harmonischen Gesamtkomposition. Unterschiedliche Fl\u00e4chen verschmelzen zu einem vielschichtigen Design mit k\u00fcnstlerischem Charakter. Nuancen von Gr\u00fcn, T\u00fcrkis, Koralle und zartem Rosa werden durch frische Akzente erg\u00e4nzt und verleihen dem Schal eine dynamische, elegante Ausstrahlung.<\/p>\n<p data-start=\"4682\" data-end=\"5020\">Gefertigt aus 100 % Seide bietet dieser Schal ein besonders weiches und leichtes Tragegef\u00fchl. Der Stoff f\u00e4llt flie\u00dfend und schimmert dezent im Licht. Dank der gro\u00dfz\u00fcgigen dreieckigen Form l\u00e4sst sich der Schal vielseitig stylen \u2014 locker um den Hals, elegant \u00fcber den Schultern oder als stilvoller Akzent zu Blazer, Kleid oder Sommermantel.<\/p>\n<p data-start=\"5022\" data-end=\"5368\">Dar\u00fcber hinaus l\u00e4sst sich der Mosaik-Patchwork-Print m\u00fchelos mit neutralen wie auch farbigen Outfits kombinieren. Ideal, um schlichte Looks aufzuwerten oder farbenfrohe Ensembles zu unterstreichen. Geeignet f\u00fcr mehrere Jahreszeiten und ein authentischer Ausdruck der kreativen Designsprache von MUCHO GUSTO\u00ae, mit einem Hauch von St.-Tropez-Flair.<\/p>\n<p data-start=\"5370\" data-end=\"5540\"><strong data-start=\"5370\" data-end=\"5386\">Dutch Design<\/strong><br data-start=\"5386\" data-end=\"5389\" \/><strong data-start=\"5389\" data-end=\"5401\">Material<\/strong> 100 % Seide<br data-start=\"5413\" data-end=\"5416\" \/><strong data-start=\"5416\" data-end=\"5424\">Ma\u00dfe<\/strong> 220 x 140 x 140 cm<br data-start=\"5443\" data-end=\"5446\" \/><strong data-start=\"5446\" data-end=\"5454\">Form<\/strong> Dreieck<br data-start=\"5462\" data-end=\"5465\" \/><strong data-start=\"5465\" data-end=\"5475\">Design<\/strong> Mosaik Patchwork<br data-start=\"5492\" data-end=\"5495\" \/><strong data-start=\"5495\" data-end=\"5510\">Farbpalette<\/strong> Gr\u00fcn, T\u00fcrkis, Koralle, Rosa<\/p>\n<div class=\"summary\">\n<div class=\"tccContent\">\n<div class=\"summary\">\n<div class=\"tccContent\">\n<div class=\"summary\">\n<div class=\"summary\">\n<div class=\"tccContent\">\n<div class=\"summary\">\n<div class=\"tccContent\">\n<div class=\"summary\">\n<h3>PASSENDE ARTIKEL<\/h3>\n<div class=\"summary\">\n<div class=\"tccContent\">\n<div class=\"summary\">\n<div class=\"flex w-full flex-col gap-1 empty:hidden first:pt-[3px]\">\n<div class=\"markdown prose dark:prose-invert w-full break-words light\">\n<p class=\"p2\"><span class=\"s1\">Vervollst\u00e4ndigen Sie Ihren Look mit einem passenden\u00a0<a href=\"https:\/\/muchogusto.nl\/de\/schals\/\"><span class=\"s2\">Schal<\/span><\/a>.<br \/>\n<\/span><span class=\"s1\">M\u00f6chten Sie mehr Blusen sehen? Dann schauen Sie sich unsere\u00a0<a href=\"https:\/\/muchogusto.nl\/de\/blusen\/\"><span class=\"s2\">Bekleidungsseite<\/span><\/a>\u00a0an.<br \/>\n<\/span><span class=\"s1\">M\u00f6chten Sie mehr Inspiration? Besuchen Sie unsere\u00a0<a href=\"https:\/\/www.instagram.com\/muchogusto.nl\/\"><span class=\"s2\">Instagram<\/span><\/a>-Seite.\u00a0<\/span><\/p>\n<h3>BRAUCHEN SIE HILFE?<\/h3>\n<p>Wenn Sie Fragen zu diesem Artikel oder der Gr\u00f6\u00dfe haben, senden Sie eine E-Mail an unseren Kundenservice unter<a href=\"http:\/\/muchogusto.nl\/de\/\"><span class=\"s2\">web@muchogusto.nl.<\/span><\/a><\/p>\n<\/div>\n<\/div>\n<\/div>\n<\/div>\n<\/div>\n<\/div>\n<\/div>\n<\/div>\n<\/div>\n<\/div>\n<\/div>\n<\/div>\n<\/div>\n<\/div>\n<\/div>\n","protected":false},"excerpt":{"rendered":"<p>DETAILS ZUM PRODUKT MUCHO GUSTO\u00ae Schal St. Tropez Mosaik Patchwork Erleben Sie ausdrucksstarke Eleganz mit dem MUCHO GUSTO\u00ae Schal St. Tropez Mosaik Patchwork \u2014 einem luxuri\u00f6sen dreieckigen Seidenschal, inspiriert von der k\u00fcnstlerischen Vielfalt der Riviera. Dieses Design wirkt lebendig, ausdrucksstark und zugleich raffiniert und ist ein stilvolles Statement f\u00fcr Tag und Abend. Der Mosaik-Patchwork-Print vereint [&hellip;]<\/p>\n","protected":false},"featured_media":55948,"comment_status":"open","ping_status":"closed","template":"","meta":{"_acf_changed":false,"inline_featured_image":false,"navigation_state":false,"_genesis_hide_title":false,"_genesis_hide_breadcrumbs":false,"_genesis_hide_singular_image":false,"_genesis_hide_footer_widgets":false,"_genesis_custom_body_class":"","_genesis_custom_post_class":"","_genesis_layout":""},"product_brand":[],"product_cat":[85,87],"product_tag":[],"class_list":{"0":"post-56234","1":"product","2":"type-product","3":"status-publish","4":"has-post-thumbnail","6":"product_cat-neu","7":"product_cat-schals","8":"entry","10":"first","11":"outofstock","12":"taxable","13":"shipping-taxable","14":"purchasable","15":"product-type-simple"},"acf":[],"yoast_head":"<!-- This site is optimized with the Yoast SEO Premium plugin v27.2 (Yoast SEO v27.2) - https:\/\/yoast.com\/product\/yoast-seo-premium-wordpress\/ -->\n<title>MUCHO GUSTO\u00ae Schal St. Tropez Mosaik Patchwork<\/title>\n<meta name=\"description\" content=\"Entdecken Sie den MUCHO GUSTO\u00ae Schal St. Tropez Mosaik Patchwork \u2014 ein luxuri\u00f6ser dreieckiger Seidenschal mit farbigem Mosaikdesign. Dutch Design.\" \/>\n<meta name=\"robots\" content=\"index, follow, max-snippet:-1, max-image-preview:large, max-video-preview:-1\" \/>\n<link rel=\"canonical\" href=\"https:\/\/muchogusto.nl\/produkt\/mucho-gusto-scarf-st-tropez-mosaic-patchwork\/\" \/>\n<meta property=\"og:locale\" content=\"de_DE\" \/>\n<meta property=\"og:type\" content=\"article\" \/>\n<meta property=\"og:title\" content=\"MUCHO GUSTO\u00ae Schal St. Tropez Mosaik Patchwork\" \/>\n<meta property=\"og:description\" content=\"Entdecken Sie den MUCHO GUSTO\u00ae Schal St. Tropez Mosaik Patchwork \u2014 ein luxuri\u00f6ser dreieckiger Seidenschal mit farbigem Mosaikdesign. Dutch Design.\" \/>\n<meta property=\"og:url\" content=\"https:\/\/muchogusto.nl\/produkt\/mucho-gusto-scarf-st-tropez-mosaic-patchwork\/\" \/>\n<meta property=\"og:site_name\" content=\"Mucho Gusto\" \/>\n<meta property=\"article:publisher\" content=\"https:\/\/www.facebook.com\/muchogusto.nl\/\" \/>\n<meta property=\"article:modified_time\" content=\"2026-03-02T11:02:38+00:00\" \/>\n<meta property=\"og:image\" content=\"http:\/\/muchogusto.nl\/wp-content\/uploads\/2026\/02\/S61STZ025-scaled.jpg\" \/>\n\t<meta property=\"og:image:width\" content=\"1920\" \/>\n\t<meta property=\"og:image:height\" content=\"2560\" \/>\n\t<meta property=\"og:image:type\" content=\"image\/jpeg\" \/>\n<meta name=\"twitter:card\" content=\"summary_large_image\" \/>\n<meta name=\"twitter:label1\" content=\"Est. reading time\" \/>\n\t<meta name=\"twitter:data1\" content=\"2 minutes\" \/>\n<script type=\"application\/ld+json\" class=\"yoast-schema-graph\">{\"@context\":\"https:\/\/schema.org\",\"@graph\":[{\"@type\":\"WebPage\",\"@id\":\"https:\/\/muchogusto.nl\/produkt\/mucho-gusto-scarf-st-tropez-mosaic-patchwork\/\",\"url\":\"https:\/\/muchogusto.nl\/produkt\/mucho-gusto-scarf-st-tropez-mosaic-patchwork\/\",\"name\":\"MUCHO GUSTO\u00ae Schal St. Tropez Mosaik Patchwork\",\"isPartOf\":{\"@id\":\"https:\/\/muchogusto.nl\/#website\"},\"primaryImageOfPage\":{\"@id\":\"https:\/\/muchogusto.nl\/produkt\/mucho-gusto-scarf-st-tropez-mosaic-patchwork\/#primaryimage\"},\"image\":{\"@id\":\"https:\/\/muchogusto.nl\/produkt\/mucho-gusto-scarf-st-tropez-mosaic-patchwork\/#primaryimage\"},\"thumbnailUrl\":\"https:\/\/muchogusto.nl\/wp-content\/uploads\/2026\/02\/S61STZ025-scaled.jpg\",\"datePublished\":\"2026-02-05T09:14:23+00:00\",\"dateModified\":\"2026-03-02T11:02:38+00:00\",\"description\":\"Entdecken Sie den MUCHO GUSTO\u00ae Schal St. Tropez Mosaik Patchwork \u2014 ein luxuri\u00f6ser dreieckiger Seidenschal mit farbigem Mosaikdesign. Dutch Design.\",\"breadcrumb\":{\"@id\":\"https:\/\/muchogusto.nl\/produkt\/mucho-gusto-scarf-st-tropez-mosaic-patchwork\/#breadcrumb\"},\"inLanguage\":\"de-DE\",\"potentialAction\":[{\"@type\":\"ReadAction\",\"target\":[\"https:\/\/muchogusto.nl\/produkt\/mucho-gusto-scarf-st-tropez-mosaic-patchwork\/\"]}]},{\"@type\":\"ImageObject\",\"inLanguage\":\"de-DE\",\"@id\":\"https:\/\/muchogusto.nl\/produkt\/mucho-gusto-scarf-st-tropez-mosaic-patchwork\/#primaryimage\",\"url\":\"https:\/\/muchogusto.nl\/wp-content\/uploads\/2026\/02\/S61STZ025-scaled.jpg\",\"contentUrl\":\"https:\/\/muchogusto.nl\/wp-content\/uploads\/2026\/02\/S61STZ025-scaled.jpg\",\"width\":1920,\"height\":2560,\"caption\":\"MUCHO GUSTO\u00ae Schal St. Tropez Mosaik Patchwork\"},{\"@type\":\"BreadcrumbList\",\"@id\":\"https:\/\/muchogusto.nl\/produkt\/mucho-gusto-scarf-st-tropez-mosaic-patchwork\/#breadcrumb\",\"itemListElement\":[{\"@type\":\"ListItem\",\"position\":1,\"name\":\"Home\",\"item\":\"https:\/\/muchogusto.nl\/de\/\"},{\"@type\":\"ListItem\",\"position\":2,\"name\":\"Shop\",\"item\":\"https:\/\/muchogusto.nl\/de\/shop-2\/\"},{\"@type\":\"ListItem\",\"position\":3,\"name\":\"MUCHO GUSTO\u00ae Schal St. Tropez Mosaik Patchwork\"}]},{\"@type\":\"WebSite\",\"@id\":\"https:\/\/muchogusto.nl\/#website\",\"url\":\"https:\/\/muchogusto.nl\/\",\"name\":\"muchogusto.nl\",\"description\":\"\",\"publisher\":{\"@id\":\"https:\/\/muchogusto.nl\/#organization\"},\"potentialAction\":[{\"@type\":\"SearchAction\",\"target\":{\"@type\":\"EntryPoint\",\"urlTemplate\":\"https:\/\/muchogusto.nl\/?s={search_term_string}\"},\"query-input\":{\"@type\":\"PropertyValueSpecification\",\"valueRequired\":true,\"valueName\":\"search_term_string\"}}],\"inLanguage\":\"de-DE\"},{\"@type\":\"Organization\",\"@id\":\"https:\/\/muchogusto.nl\/#organization\",\"name\":\"Mucho Gusto\",\"url\":\"https:\/\/muchogusto.nl\/\",\"logo\":{\"@type\":\"ImageObject\",\"inLanguage\":\"de-DE\",\"@id\":\"https:\/\/muchogusto.nl\/#\/schema\/logo\/image\/\",\"url\":\"https:\/\/muchogusto.nl\/wp-content\/uploads\/2022\/08\/logo_header.svg\",\"contentUrl\":\"https:\/\/muchogusto.nl\/wp-content\/uploads\/2022\/08\/logo_header.svg\",\"caption\":\"Mucho Gusto\"},\"image\":{\"@id\":\"https:\/\/muchogusto.nl\/#\/schema\/logo\/image\/\"},\"sameAs\":[\"https:\/\/www.facebook.com\/muchogusto.nl\/\",\"https:\/\/www.instagram.com\/muchogusto.nl\/\"]}]}<\/script>\n<!-- \/ Yoast SEO Premium plugin. -->","yoast_head_json":{"title":"MUCHO GUSTO\u00ae Schal St. Tropez Mosaik Patchwork","description":"Entdecken Sie den MUCHO GUSTO\u00ae Schal St. Tropez Mosaik Patchwork \u2014 ein luxuri\u00f6ser dreieckiger Seidenschal mit farbigem Mosaikdesign. Dutch Design.","robots":{"index":"index","follow":"follow","max-snippet":"max-snippet:-1","max-image-preview":"max-image-preview:large","max-video-preview":"max-video-preview:-1"},"canonical":"https:\/\/muchogusto.nl\/produkt\/mucho-gusto-scarf-st-tropez-mosaic-patchwork\/","og_locale":"de_DE","og_type":"article","og_title":"MUCHO GUSTO\u00ae Schal St. Tropez Mosaik Patchwork","og_description":"Entdecken Sie den MUCHO GUSTO\u00ae Schal St. Tropez Mosaik Patchwork \u2014 ein luxuri\u00f6ser dreieckiger Seidenschal mit farbigem Mosaikdesign. Dutch Design.","og_url":"https:\/\/muchogusto.nl\/produkt\/mucho-gusto-scarf-st-tropez-mosaic-patchwork\/","og_site_name":"Mucho Gusto","article_publisher":"https:\/\/www.facebook.com\/muchogusto.nl\/","article_modified_time":"2026-03-02T11:02:38+00:00","og_image":[{"width":1920,"height":2560,"url":"http:\/\/muchogusto.nl\/wp-content\/uploads\/2026\/02\/S61STZ025-scaled.jpg","type":"image\/jpeg"}],"twitter_card":"summary_large_image","twitter_misc":{"Est. reading time":"2 minutes"},"schema":{"@context":"https:\/\/schema.org","@graph":[{"@type":"WebPage","@id":"https:\/\/muchogusto.nl\/produkt\/mucho-gusto-scarf-st-tropez-mosaic-patchwork\/","url":"https:\/\/muchogusto.nl\/produkt\/mucho-gusto-scarf-st-tropez-mosaic-patchwork\/","name":"MUCHO GUSTO\u00ae Schal St. Tropez Mosaik Patchwork","isPartOf":{"@id":"https:\/\/muchogusto.nl\/#website"},"primaryImageOfPage":{"@id":"https:\/\/muchogusto.nl\/produkt\/mucho-gusto-scarf-st-tropez-mosaic-patchwork\/#primaryimage"},"image":{"@id":"https:\/\/muchogusto.nl\/produkt\/mucho-gusto-scarf-st-tropez-mosaic-patchwork\/#primaryimage"},"thumbnailUrl":"https:\/\/muchogusto.nl\/wp-content\/uploads\/2026\/02\/S61STZ025-scaled.jpg","datePublished":"2026-02-05T09:14:23+00:00","dateModified":"2026-03-02T11:02:38+00:00","description":"Entdecken Sie den MUCHO GUSTO\u00ae Schal St. Tropez Mosaik Patchwork \u2014 ein luxuri\u00f6ser dreieckiger Seidenschal mit farbigem Mosaikdesign. Dutch Design.","breadcrumb":{"@id":"https:\/\/muchogusto.nl\/produkt\/mucho-gusto-scarf-st-tropez-mosaic-patchwork\/#breadcrumb"},"inLanguage":"de-DE","potentialAction":[{"@type":"ReadAction","target":["https:\/\/muchogusto.nl\/produkt\/mucho-gusto-scarf-st-tropez-mosaic-patchwork\/"]}]},{"@type":"ImageObject","inLanguage":"de-DE","@id":"https:\/\/muchogusto.nl\/produkt\/mucho-gusto-scarf-st-tropez-mosaic-patchwork\/#primaryimage","url":"https:\/\/muchogusto.nl\/wp-content\/uploads\/2026\/02\/S61STZ025-scaled.jpg","contentUrl":"https:\/\/muchogusto.nl\/wp-content\/uploads\/2026\/02\/S61STZ025-scaled.jpg","width":1920,"height":2560,"caption":"MUCHO GUSTO\u00ae Schal St. Tropez Mosaik Patchwork"},{"@type":"BreadcrumbList","@id":"https:\/\/muchogusto.nl\/produkt\/mucho-gusto-scarf-st-tropez-mosaic-patchwork\/#breadcrumb","itemListElement":[{"@type":"ListItem","position":1,"name":"Home","item":"https:\/\/muchogusto.nl\/de\/"},{"@type":"ListItem","position":2,"name":"Shop","item":"https:\/\/muchogusto.nl\/de\/shop-2\/"},{"@type":"ListItem","position":3,"name":"MUCHO GUSTO\u00ae Schal St. Tropez Mosaik Patchwork"}]},{"@type":"WebSite","@id":"https:\/\/muchogusto.nl\/#website","url":"https:\/\/muchogusto.nl\/","name":"muchogusto.nl","description":"","publisher":{"@id":"https:\/\/muchogusto.nl\/#organization"},"potentialAction":[{"@type":"SearchAction","target":{"@type":"EntryPoint","urlTemplate":"https:\/\/muchogusto.nl\/?s={search_term_string}"},"query-input":{"@type":"PropertyValueSpecification","valueRequired":true,"valueName":"search_term_string"}}],"inLanguage":"de-DE"},{"@type":"Organization","@id":"https:\/\/muchogusto.nl\/#organization","name":"Mucho Gusto","url":"https:\/\/muchogusto.nl\/","logo":{"@type":"ImageObject","inLanguage":"de-DE","@id":"https:\/\/muchogusto.nl\/#\/schema\/logo\/image\/","url":"https:\/\/muchogusto.nl\/wp-content\/uploads\/2022\/08\/logo_header.svg","contentUrl":"https:\/\/muchogusto.nl\/wp-content\/uploads\/2022\/08\/logo_header.svg","caption":"Mucho Gusto"},"image":{"@id":"https:\/\/muchogusto.nl\/#\/schema\/logo\/image\/"},"sameAs":["https:\/\/www.facebook.com\/muchogusto.nl\/","https:\/\/www.instagram.com\/muchogusto.nl\/"]}]}},"_links":{"self":[{"href":"https:\/\/muchogusto.nl\/de\/wp-json\/wp\/v2\/product\/56234","targetHints":{"allow":["GET"]}}],"collection":[{"href":"https:\/\/muchogusto.nl\/de\/wp-json\/wp\/v2\/product"}],"about":[{"href":"https:\/\/muchogusto.nl\/de\/wp-json\/wp\/v2\/types\/product"}],"replies":[{"embeddable":true,"href":"https:\/\/muchogusto.nl\/de\/wp-json\/wp\/v2\/comments?post=56234"}],"wp:featuredmedia":[{"embeddable":true,"href":"https:\/\/muchogusto.nl\/de\/wp-json\/wp\/v2\/media\/55948"}],"wp:attachment":[{"href":"https:\/\/muchogusto.nl\/de\/wp-json\/wp\/v2\/media?parent=56234"}],"wp:term":[{"taxonomy":"product_brand","embeddable":true,"href":"https:\/\/muchogusto.nl\/de\/wp-json\/wp\/v2\/product_brand?post=56234"},{"taxonomy":"product_cat","embeddable":true,"href":"https:\/\/muchogusto.nl\/de\/wp-json\/wp\/v2\/product_cat?post=56234"},{"taxonomy":"product_tag","embeddable":true,"href":"https:\/\/muchogusto.nl\/de\/wp-json\/wp\/v2\/product_tag?post=56234"}],"curies":[{"name":"wp","href":"https:\/\/api.w.org\/{rel}","templated":true}]}}