{"id":56031,"date":"2026-02-04T10:04:35","date_gmt":"2026-02-04T09:04:35","guid":{"rendered":"https:\/\/muchogusto.nl\/product\/mucho-gusto-scarf-cannes-muticolor-waves-print\/"},"modified":"2026-03-02T12:02:38","modified_gmt":"2026-03-02T11:02:38","slug":"mucho-gusto-schal-cannes-mehrfarbiger-wellen-print","status":"publish","type":"product","link":"https:\/\/muchogusto.nl\/de\/produkt\/mucho-gusto-schal-cannes-mehrfarbiger-wellen-print\/","title":{"rendered":"MUCHO GUSTO\u00ae Schal Cannes Mehrfarbiger Wellen-Print"},"content":{"rendered":"<div class=\"flex flex-col text-sm pb-25\">\n<article class=\"text-token-text-primary w-full focus:outline-none [--shadow-height:45px] has-data-writing-block:pointer-events-none has-data-writing-block:-mt-(--shadow-height) has-data-writing-block:pt-(--shadow-height) [&amp;:has([data-writing-block])&gt;*]:pointer-events-auto [content-visibility:auto] supports-[content-visibility:auto]:[contain-intrinsic-size:auto_100lvh] scroll-mt-[calc(var(--header-height)+min(200px,max(70px,20svh)))]\" dir=\"auto\" tabindex=\"-1\" data-turn-id=\"e07e06f0-e5de-4e5b-ba61-b119ba452f2b\" data-testid=\"conversation-turn-2\" data-scroll-anchor=\"true\" data-turn=\"assistant\">\n<div class=\"text-base my-auto mx-auto pb-10 [--thread-content-margin:--spacing(4)] @w-sm\/main:[--thread-content-margin:--spacing(6)] @w-lg\/main:[--thread-content-margin:--spacing(16)] px-(--thread-content-margin)\">\n<div class=\"[--thread-content-max-width:40rem] @w-lg\/main:[--thread-content-max-width:48rem] mx-auto max-w-(--thread-content-max-width) flex-1 group\/turn-messages focus-visible:outline-hidden relative flex w-full min-w-0 flex-col agent-turn\" tabindex=\"-1\">\n<div class=\"flex max-w-full flex-col grow\">\n<div class=\"min-h-8 text-message relative flex w-full flex-col items-end gap-2 text-start break-words whitespace-normal [.text-message+&amp;]:mt-1\" dir=\"auto\" data-message-author-role=\"assistant\" data-message-id=\"983d08bc-995f-4950-89c9-5abca81f3f7b\" data-message-model-slug=\"gpt-5-2\">\n<div class=\"flex w-full flex-col gap-1 empty:hidden first:pt-[1px]\">\n<div class=\"markdown prose dark:prose-invert w-full wrap-break-word light markdown-new-styling\">\n<h3 data-start=\"2288\" data-end=\"2311\">DETAILS ZUM PRODUKT<\/h3>\n<p><strong>MUCHO GUSTO\u00ae Schal Cannes Mehrfarbiger Wellen-Print<\/strong><\/p>\n<p data-start=\"54\" data-end=\"454\">Der <strong>MUCHO GUSTO\u00ae Schal Cannes Mehrfarbiger Wellen-Print<\/strong>\u00a0ist ein lebendiger, dreieckiger Seidenschal, der Freude, Kreativit\u00e4t und Eleganz ausstrahlt. Flie\u00dfende Wellenmuster in ausdrucksstarken Multicolor-T\u00f6nen erzeugen einen verspielten Rhythmus im Design, w\u00e4hrend charmante Details wie Herzen, Blumen, Sterne und feine Kettenakzente dem Schal eine elegante und zugleich fantasievolle Note verleihen.<\/p>\n<p data-start=\"456\" data-end=\"876\">Da dieser Schal aus 100 % Seide gefertigt ist, f\u00fchlt er sich besonders leicht, weich und luxuri\u00f6s auf der Haut an. Zudem erm\u00f6glicht die gro\u00dfz\u00fcgige dreieckige Form vielseitige Styling-Optionen. Tragen Sie ihn locker um den Hals, elegant \u00fcber die Schultern gelegt oder als auff\u00e4lliges Statement-Piece, um Ihr Outfit aufzuwerten. Dadurch eignet sich dieser Schal perfekt f\u00fcr den Alltag ebenso wie f\u00fcr besondere Anl\u00e4sse.<\/p>\n<p data-start=\"878\" data-end=\"1335\">Dar\u00fcber hinaus sorgt die reiche Farbmischung \u2013 darunter Rosa, T\u00fcrkis, Orange, Gr\u00fcn, Lila und sanftes Creme \u2013 f\u00fcr einen ausdrucksstarken und zugleich harmonischen Look. Dadurch l\u00e4sst sich der Schal sowohl mit minimalistischen Outfits als auch mit farbenfrohen Ensembles wunderbar kombinieren. In den Niederlanden entworfen, spiegelt dieser Schal die charakteristische MUCHO GUSTO\u00ae-Verbindung aus k\u00fcnstlerischem Ausdruck und hochwertiger Handwerkskunst wider.<\/p>\n<p data-start=\"1337\" data-end=\"1548\" data-is-last-node=\"\" data-is-only-node=\"\"><strong>Dutch Design<\/strong><br data-start=\"1349\" data-end=\"1352\" \/><strong>Material:<\/strong> 100 % Seide<br data-start=\"1373\" data-end=\"1376\" \/><strong>Ma\u00dfe:<\/strong> 220 x 140 x 140 cm<br data-start=\"1400\" data-end=\"1403\" \/><strong>Form:<\/strong> Dreieckig<br data-start=\"1418\" data-end=\"1421\" \/><strong>Design:<\/strong> Multicolores Wellenmuster mit Herzen, Blumen, Sternen und Kettendetails<br data-start=\"1500\" data-end=\"1503\" \/><strong>Farbpalette:<\/strong> Rosa, T\u00fcrkis, Orange, Gr\u00fcn, Lila<\/p>\n<div class=\"summary\">\n<h3>PASSENDE ARTIKEL<\/h3>\n<div class=\"summary\">\n<div class=\"tccContent\">\n<p class=\"p2\"><span class=\"s1\">Vervollst\u00e4ndigen Sie Ihren Look mit einem passenden\u00a0<a href=\"https:\/\/muchogusto.nl\/de\/schals\/\"><span class=\"s2\">Schal<\/span><\/a>.<br \/>\n<\/span><span class=\"s1\">M\u00f6chten Sie mehr Blusen sehen? Dann schauen Sie sich unsere\u00a0<a href=\"https:\/\/muchogusto.nl\/de\/blusen\/\"><span class=\"s2\">Bekleidungsseite<\/span><\/a>\u00a0an.<br \/>\n<\/span><span class=\"s1\">M\u00f6chten Sie mehr Inspiration? Besuchen Sie unsere\u00a0<a href=\"https:\/\/www.instagram.com\/muchogusto.nl\/\"><span class=\"s2\">Instagram<\/span><\/a>-Seite.\u00a0<\/span><\/p>\n<h3>BRAUCHEN SIE HILFE?<\/h3>\n<p>Wenn Sie Fragen zu diesem Artikel oder der Gr\u00f6\u00dfe haben, senden Sie eine E-Mail an unseren Kundenservice unter<a href=\"http:\/\/muchogusto.nl\/de\/\"><span class=\"s2\">web@muchogusto.nl.<\/span><\/a><\/p>\n<\/div>\n<section class=\"related products\"><\/section>\n<\/div>\n<\/div>\n<\/div>\n<\/div>\n<\/div>\n<\/div>\n<\/div>\n<\/div>\n<\/article>\n<\/div>\n","protected":false},"excerpt":{"rendered":"<p>DETAILS ZUM PRODUKT MUCHO GUSTO\u00ae Schal Cannes Mehrfarbiger Wellen-Print Der MUCHO GUSTO\u00ae Schal Cannes Mehrfarbiger Wellen-Print\u00a0ist ein lebendiger, dreieckiger Seidenschal, der Freude, Kreativit\u00e4t und Eleganz ausstrahlt. Flie\u00dfende Wellenmuster in ausdrucksstarken Multicolor-T\u00f6nen erzeugen einen verspielten Rhythmus im Design, w\u00e4hrend charmante Details wie Herzen, Blumen, Sterne und feine Kettenakzente dem Schal eine elegante und zugleich fantasievolle Note [&hellip;]<\/p>\n","protected":false},"featured_media":55921,"comment_status":"open","ping_status":"closed","template":"","meta":{"_acf_changed":false,"inline_featured_image":false,"navigation_state":false,"_genesis_hide_title":false,"_genesis_hide_breadcrumbs":false,"_genesis_hide_singular_image":false,"_genesis_hide_footer_widgets":false,"_genesis_custom_body_class":"","_genesis_custom_post_class":"","_genesis_layout":""},"product_brand":[],"product_cat":[85,87],"product_tag":[],"class_list":{"0":"post-56031","1":"product","2":"type-product","3":"status-publish","4":"has-post-thumbnail","6":"product_cat-neu","7":"product_cat-schals","8":"entry","10":"first","11":"instock","12":"taxable","13":"shipping-taxable","14":"purchasable","15":"product-type-simple"},"acf":[],"yoast_head":"<!-- This site is optimized with the Yoast SEO Premium plugin v27.2 (Yoast SEO v27.2) - https:\/\/yoast.com\/product\/yoast-seo-premium-wordpress\/ -->\n<title>MUCHO GUSTO\u00ae Schal Cannes Mehrfarbiger Wellen-Print<\/title>\n<meta name=\"description\" content=\"MUCHO GUSTO\u00ae Schal Cannes: Luxuri\u00f6ser dreieckiger Seidenschal mit lebendigem Wellen-Print und elegantem Stil. Dutch Design - Shop Now!\" \/>\n<meta name=\"robots\" content=\"index, follow, max-snippet:-1, max-image-preview:large, max-video-preview:-1\" \/>\n<link rel=\"canonical\" href=\"https:\/\/muchogusto.nl\/de\/produkt\/mucho-gusto-schal-cannes-mehrfarbiger-wellen-print\/\" \/>\n<meta property=\"og:locale\" content=\"de_DE\" \/>\n<meta property=\"og:type\" content=\"article\" \/>\n<meta property=\"og:title\" content=\"MUCHO GUSTO\u00ae Schal Cannes Mehrfarbiger Wellen-Print\" \/>\n<meta property=\"og:description\" content=\"MUCHO GUSTO\u00ae Schal Cannes: Luxuri\u00f6ser dreieckiger Seidenschal mit lebendigem Wellen-Print und elegantem Stil. Dutch Design - Shop Now!\" \/>\n<meta property=\"og:url\" content=\"https:\/\/muchogusto.nl\/de\/produkt\/mucho-gusto-schal-cannes-mehrfarbiger-wellen-print\/\" \/>\n<meta property=\"og:site_name\" content=\"Mucho Gusto\" \/>\n<meta property=\"article:publisher\" content=\"https:\/\/www.facebook.com\/muchogusto.nl\/\" \/>\n<meta property=\"article:modified_time\" content=\"2026-03-02T11:02:38+00:00\" \/>\n<meta property=\"og:image\" content=\"http:\/\/muchogusto.nl\/wp-content\/uploads\/2026\/02\/S61CAN014-scaled.jpg\" \/>\n\t<meta property=\"og:image:width\" content=\"1920\" \/>\n\t<meta property=\"og:image:height\" content=\"2560\" \/>\n\t<meta property=\"og:image:type\" content=\"image\/jpeg\" \/>\n<meta name=\"twitter:card\" content=\"summary_large_image\" \/>\n<meta name=\"twitter:label1\" content=\"Est. reading time\" \/>\n\t<meta name=\"twitter:data1\" content=\"2 minutes\" \/>\n<script type=\"application\/ld+json\" class=\"yoast-schema-graph\">{\"@context\":\"https:\/\/schema.org\",\"@graph\":[{\"@type\":\"WebPage\",\"@id\":\"https:\/\/muchogusto.nl\/de\/produkt\/mucho-gusto-schal-cannes-mehrfarbiger-wellen-print\/\",\"url\":\"https:\/\/muchogusto.nl\/de\/produkt\/mucho-gusto-schal-cannes-mehrfarbiger-wellen-print\/\",\"name\":\"MUCHO GUSTO\u00ae Schal Cannes Mehrfarbiger Wellen-Print\",\"isPartOf\":{\"@id\":\"https:\/\/muchogusto.nl\/#website\"},\"primaryImageOfPage\":{\"@id\":\"https:\/\/muchogusto.nl\/de\/produkt\/mucho-gusto-schal-cannes-mehrfarbiger-wellen-print\/#primaryimage\"},\"image\":{\"@id\":\"https:\/\/muchogusto.nl\/de\/produkt\/mucho-gusto-schal-cannes-mehrfarbiger-wellen-print\/#primaryimage\"},\"thumbnailUrl\":\"https:\/\/muchogusto.nl\/wp-content\/uploads\/2026\/02\/S61CAN014-scaled.jpg\",\"datePublished\":\"2026-02-04T09:04:35+00:00\",\"dateModified\":\"2026-03-02T11:02:38+00:00\",\"description\":\"MUCHO GUSTO\u00ae Schal Cannes: Luxuri\u00f6ser dreieckiger Seidenschal mit lebendigem Wellen-Print und elegantem Stil. Dutch Design - Shop Now!\",\"breadcrumb\":{\"@id\":\"https:\/\/muchogusto.nl\/de\/produkt\/mucho-gusto-schal-cannes-mehrfarbiger-wellen-print\/#breadcrumb\"},\"inLanguage\":\"de-DE\",\"potentialAction\":[{\"@type\":\"ReadAction\",\"target\":[\"https:\/\/muchogusto.nl\/de\/produkt\/mucho-gusto-schal-cannes-mehrfarbiger-wellen-print\/\"]}]},{\"@type\":\"ImageObject\",\"inLanguage\":\"de-DE\",\"@id\":\"https:\/\/muchogusto.nl\/de\/produkt\/mucho-gusto-schal-cannes-mehrfarbiger-wellen-print\/#primaryimage\",\"url\":\"https:\/\/muchogusto.nl\/wp-content\/uploads\/2026\/02\/S61CAN014-scaled.jpg\",\"contentUrl\":\"https:\/\/muchogusto.nl\/wp-content\/uploads\/2026\/02\/S61CAN014-scaled.jpg\",\"width\":1920,\"height\":2560,\"caption\":\"MUCHO GUSTO\u00ae Schal Cannes Mehrfarbiger Wellen-Print\"},{\"@type\":\"BreadcrumbList\",\"@id\":\"https:\/\/muchogusto.nl\/de\/produkt\/mucho-gusto-schal-cannes-mehrfarbiger-wellen-print\/#breadcrumb\",\"itemListElement\":[{\"@type\":\"ListItem\",\"position\":1,\"name\":\"Home\",\"item\":\"https:\/\/muchogusto.nl\/de\/\"},{\"@type\":\"ListItem\",\"position\":2,\"name\":\"Shop\",\"item\":\"https:\/\/muchogusto.nl\/de\/shop-2\/\"},{\"@type\":\"ListItem\",\"position\":3,\"name\":\"MUCHO GUSTO\u00ae Schal Cannes Mehrfarbiger Wellen-Print\"}]},{\"@type\":\"WebSite\",\"@id\":\"https:\/\/muchogusto.nl\/#website\",\"url\":\"https:\/\/muchogusto.nl\/\",\"name\":\"muchogusto.nl\",\"description\":\"\",\"publisher\":{\"@id\":\"https:\/\/muchogusto.nl\/#organization\"},\"potentialAction\":[{\"@type\":\"SearchAction\",\"target\":{\"@type\":\"EntryPoint\",\"urlTemplate\":\"https:\/\/muchogusto.nl\/?s={search_term_string}\"},\"query-input\":{\"@type\":\"PropertyValueSpecification\",\"valueRequired\":true,\"valueName\":\"search_term_string\"}}],\"inLanguage\":\"de-DE\"},{\"@type\":\"Organization\",\"@id\":\"https:\/\/muchogusto.nl\/#organization\",\"name\":\"Mucho Gusto\",\"url\":\"https:\/\/muchogusto.nl\/\",\"logo\":{\"@type\":\"ImageObject\",\"inLanguage\":\"de-DE\",\"@id\":\"https:\/\/muchogusto.nl\/#\/schema\/logo\/image\/\",\"url\":\"https:\/\/muchogusto.nl\/wp-content\/uploads\/2022\/08\/logo_header.svg\",\"contentUrl\":\"https:\/\/muchogusto.nl\/wp-content\/uploads\/2022\/08\/logo_header.svg\",\"caption\":\"Mucho Gusto\"},\"image\":{\"@id\":\"https:\/\/muchogusto.nl\/#\/schema\/logo\/image\/\"},\"sameAs\":[\"https:\/\/www.facebook.com\/muchogusto.nl\/\",\"https:\/\/www.instagram.com\/muchogusto.nl\/\"]}]}<\/script>\n<!-- \/ Yoast SEO Premium plugin. -->","yoast_head_json":{"title":"MUCHO GUSTO\u00ae Schal Cannes Mehrfarbiger Wellen-Print","description":"MUCHO GUSTO\u00ae Schal Cannes: Luxuri\u00f6ser dreieckiger Seidenschal mit lebendigem Wellen-Print und elegantem Stil. Dutch Design - Shop Now!","robots":{"index":"index","follow":"follow","max-snippet":"max-snippet:-1","max-image-preview":"max-image-preview:large","max-video-preview":"max-video-preview:-1"},"canonical":"https:\/\/muchogusto.nl\/de\/produkt\/mucho-gusto-schal-cannes-mehrfarbiger-wellen-print\/","og_locale":"de_DE","og_type":"article","og_title":"MUCHO GUSTO\u00ae Schal Cannes Mehrfarbiger Wellen-Print","og_description":"MUCHO GUSTO\u00ae Schal Cannes: Luxuri\u00f6ser dreieckiger Seidenschal mit lebendigem Wellen-Print und elegantem Stil. Dutch Design - Shop Now!","og_url":"https:\/\/muchogusto.nl\/de\/produkt\/mucho-gusto-schal-cannes-mehrfarbiger-wellen-print\/","og_site_name":"Mucho Gusto","article_publisher":"https:\/\/www.facebook.com\/muchogusto.nl\/","article_modified_time":"2026-03-02T11:02:38+00:00","og_image":[{"width":1920,"height":2560,"url":"http:\/\/muchogusto.nl\/wp-content\/uploads\/2026\/02\/S61CAN014-scaled.jpg","type":"image\/jpeg"}],"twitter_card":"summary_large_image","twitter_misc":{"Est. reading time":"2 minutes"},"schema":{"@context":"https:\/\/schema.org","@graph":[{"@type":"WebPage","@id":"https:\/\/muchogusto.nl\/de\/produkt\/mucho-gusto-schal-cannes-mehrfarbiger-wellen-print\/","url":"https:\/\/muchogusto.nl\/de\/produkt\/mucho-gusto-schal-cannes-mehrfarbiger-wellen-print\/","name":"MUCHO GUSTO\u00ae Schal Cannes Mehrfarbiger Wellen-Print","isPartOf":{"@id":"https:\/\/muchogusto.nl\/#website"},"primaryImageOfPage":{"@id":"https:\/\/muchogusto.nl\/de\/produkt\/mucho-gusto-schal-cannes-mehrfarbiger-wellen-print\/#primaryimage"},"image":{"@id":"https:\/\/muchogusto.nl\/de\/produkt\/mucho-gusto-schal-cannes-mehrfarbiger-wellen-print\/#primaryimage"},"thumbnailUrl":"https:\/\/muchogusto.nl\/wp-content\/uploads\/2026\/02\/S61CAN014-scaled.jpg","datePublished":"2026-02-04T09:04:35+00:00","dateModified":"2026-03-02T11:02:38+00:00","description":"MUCHO GUSTO\u00ae Schal Cannes: Luxuri\u00f6ser dreieckiger Seidenschal mit lebendigem Wellen-Print und elegantem Stil. Dutch Design - Shop Now!","breadcrumb":{"@id":"https:\/\/muchogusto.nl\/de\/produkt\/mucho-gusto-schal-cannes-mehrfarbiger-wellen-print\/#breadcrumb"},"inLanguage":"de-DE","potentialAction":[{"@type":"ReadAction","target":["https:\/\/muchogusto.nl\/de\/produkt\/mucho-gusto-schal-cannes-mehrfarbiger-wellen-print\/"]}]},{"@type":"ImageObject","inLanguage":"de-DE","@id":"https:\/\/muchogusto.nl\/de\/produkt\/mucho-gusto-schal-cannes-mehrfarbiger-wellen-print\/#primaryimage","url":"https:\/\/muchogusto.nl\/wp-content\/uploads\/2026\/02\/S61CAN014-scaled.jpg","contentUrl":"https:\/\/muchogusto.nl\/wp-content\/uploads\/2026\/02\/S61CAN014-scaled.jpg","width":1920,"height":2560,"caption":"MUCHO GUSTO\u00ae Schal Cannes Mehrfarbiger Wellen-Print"},{"@type":"BreadcrumbList","@id":"https:\/\/muchogusto.nl\/de\/produkt\/mucho-gusto-schal-cannes-mehrfarbiger-wellen-print\/#breadcrumb","itemListElement":[{"@type":"ListItem","position":1,"name":"Home","item":"https:\/\/muchogusto.nl\/de\/"},{"@type":"ListItem","position":2,"name":"Shop","item":"https:\/\/muchogusto.nl\/de\/shop-2\/"},{"@type":"ListItem","position":3,"name":"MUCHO GUSTO\u00ae Schal Cannes Mehrfarbiger Wellen-Print"}]},{"@type":"WebSite","@id":"https:\/\/muchogusto.nl\/#website","url":"https:\/\/muchogusto.nl\/","name":"muchogusto.nl","description":"","publisher":{"@id":"https:\/\/muchogusto.nl\/#organization"},"potentialAction":[{"@type":"SearchAction","target":{"@type":"EntryPoint","urlTemplate":"https:\/\/muchogusto.nl\/?s={search_term_string}"},"query-input":{"@type":"PropertyValueSpecification","valueRequired":true,"valueName":"search_term_string"}}],"inLanguage":"de-DE"},{"@type":"Organization","@id":"https:\/\/muchogusto.nl\/#organization","name":"Mucho Gusto","url":"https:\/\/muchogusto.nl\/","logo":{"@type":"ImageObject","inLanguage":"de-DE","@id":"https:\/\/muchogusto.nl\/#\/schema\/logo\/image\/","url":"https:\/\/muchogusto.nl\/wp-content\/uploads\/2022\/08\/logo_header.svg","contentUrl":"https:\/\/muchogusto.nl\/wp-content\/uploads\/2022\/08\/logo_header.svg","caption":"Mucho Gusto"},"image":{"@id":"https:\/\/muchogusto.nl\/#\/schema\/logo\/image\/"},"sameAs":["https:\/\/www.facebook.com\/muchogusto.nl\/","https:\/\/www.instagram.com\/muchogusto.nl\/"]}]}},"_links":{"self":[{"href":"https:\/\/muchogusto.nl\/de\/wp-json\/wp\/v2\/product\/56031","targetHints":{"allow":["GET"]}}],"collection":[{"href":"https:\/\/muchogusto.nl\/de\/wp-json\/wp\/v2\/product"}],"about":[{"href":"https:\/\/muchogusto.nl\/de\/wp-json\/wp\/v2\/types\/product"}],"replies":[{"embeddable":true,"href":"https:\/\/muchogusto.nl\/de\/wp-json\/wp\/v2\/comments?post=56031"}],"wp:featuredmedia":[{"embeddable":true,"href":"https:\/\/muchogusto.nl\/de\/wp-json\/wp\/v2\/media\/55921"}],"wp:attachment":[{"href":"https:\/\/muchogusto.nl\/de\/wp-json\/wp\/v2\/media?parent=56031"}],"wp:term":[{"taxonomy":"product_brand","embeddable":true,"href":"https:\/\/muchogusto.nl\/de\/wp-json\/wp\/v2\/product_brand?post=56031"},{"taxonomy":"product_cat","embeddable":true,"href":"https:\/\/muchogusto.nl\/de\/wp-json\/wp\/v2\/product_cat?post=56031"},{"taxonomy":"product_tag","embeddable":true,"href":"https:\/\/muchogusto.nl\/de\/wp-json\/wp\/v2\/product_tag?post=56031"}],"curies":[{"name":"wp","href":"https:\/\/api.w.org\/{rel}","templated":true}]}}