{"id":55832,"date":"2026-02-03T11:30:05","date_gmt":"2026-02-03T10:30:05","guid":{"rendered":"https:\/\/muchogusto.nl\/product\/mucho-gusto-genova-multicolor-icon-print\/"},"modified":"2026-03-02T12:02:38","modified_gmt":"2026-03-02T11:02:38","slug":"mucho-gusto-genova-multicolor-icon-print","status":"publish","type":"product","link":"https:\/\/muchogusto.nl\/de\/produkt\/mucho-gusto-genova-multicolor-icon-print\/","title":{"rendered":"MUCHO GUSTO\u00ae Genova Multicolor Icon Print"},"content":{"rendered":"<h3 data-start=\"2288\" data-end=\"2311\">DETAILS ZUM PRODUKT<\/h3>\n<div class=\"summary\">\n<div class=\"tccContent\">\n<div class=\"summary\">\n<div class=\"tccContent\">\n<p data-start=\"0\" data-end=\"45\"><strong data-start=\"0\" data-end=\"45\">MUCHO GUSTO\u00ae Genova Multicolor Icon Print<\/strong><\/p>\n<p data-start=\"47\" data-end=\"383\">Tauche ein in ausdrucksstarke Eleganz mit dem <strong data-start=\"93\" data-end=\"138\">MUCHO GUSTO\u00ae Genova Multicolor Icon Print<\/strong> \u2013 einem auff\u00e4lligen, dreieckigen Schal, der grafische Symbole mit spielerischen Farbbl\u00f6cken in einem unverwechselbaren Design vereint. Dieser Schal strahlt Kreativit\u00e4t aus und verleiht jedem Outfit sofort eine moderne, modisch-progressive Note.<\/p>\n<p data-start=\"385\" data-end=\"785\">Das Design kombiniert lebendige Gr\u00fcnt\u00f6ne mit sanftem Beige und setzt markante Akzente durch schwarz-wei\u00dfe Streifen sowie \u00fcberraschende Farbtupfer in Pink und T\u00fcrkis. Von Symbolen inspirierte Illustrationen erzeugen einen lebendigen Rhythmus, w\u00e4hrend der schwarze Rand dem Gesamtbild eine elegante Kontur verleiht. Das Ergebnis ist ein Schal, der dynamisch wirkt und dennoch perfekt ausbalanciert ist.<\/p>\n<p data-start=\"787\" data-end=\"1196\">Gefertigt aus 100 % Polyester, f\u00fchlt sich dieser Schal leicht und geschmeidig an und bleibt dabei praktisch und angenehm zu tragen. Der Stoff beh\u00e4lt selbst bei h\u00e4ufigem Tragen seine Form und Farbintensit\u00e4t. Durch die gro\u00dfz\u00fcgige dreieckige Form ergeben sich vielseitige Tragem\u00f6glichkeiten \u2013 locker um den Hals, elegant \u00fcber die Schultern gelegt oder l\u00e4ssig als Statement-Piece zu Mantel oder Blazer kombiniert.<\/p>\n<p data-start=\"1198\" data-end=\"1584\">Das mehrfarbige Farbschema macht es zudem einfach, den Schal mit neutralen ebenso wie mit kr\u00e4ftigen Looks zu kombinieren. Ob l\u00e4ssiges Tagesoutfit oder elegantes Ensemble \u2013 der <strong data-start=\"1374\" data-end=\"1406\">Genova Multicolor Icon Print<\/strong> verleiht jedem Stil Charakter und Flair. F\u00fcr alle Jahreszeiten geeignet, ist dieser Schal ein vielseitiges Accessoire, das sich m\u00fchelos verschiedenen Looks und Anl\u00e4ssen anpasst.<\/p>\n<p data-start=\"1198\" data-end=\"1584\"><strong data-start=\"1591\" data-end=\"1618\">Niederl\u00e4ndisches Design<\/strong><br data-start=\"1618\" data-end=\"1621\" \/><strong data-start=\"1621\" data-end=\"1634\">Material:<\/strong> 100% Polyester<br data-start=\"1650\" data-end=\"1653\" \/><strong data-start=\"1653\" data-end=\"1662\">Ma\u00dfe:<\/strong> 220 x 140 x 140 cm<br data-start=\"1681\" data-end=\"1684\" \/><strong data-start=\"1684\" data-end=\"1693\">Form:<\/strong> Dreieckig<br data-start=\"1703\" data-end=\"1706\" \/><strong data-start=\"1706\" data-end=\"1717\">Design:<\/strong> Icon Print<br data-start=\"1730\" data-end=\"1733\" \/><strong data-start=\"1733\" data-end=\"1749\">Farbpalette:<\/strong> Gr\u00fcn, Beige<\/p>\n<div class=\"summary\">\n<div class=\"tccContent\">\n<h3>PASSENDE ARTIKEL<\/h3>\n<div class=\"summary\">\n<div class=\"tccContent\">\n<div class=\"summary\">\n<div class=\"flex w-full flex-col gap-1 empty:hidden first:pt-[3px]\">\n<div class=\"markdown prose dark:prose-invert w-full break-words light\">\n<p class=\"p2\"><span class=\"s1\">Vervollst\u00e4ndigen Sie Ihren Look mit einem passenden\u00a0<a href=\"https:\/\/muchogusto.nl\/de\/schals\/\"><span class=\"s2\">Schal<\/span><\/a>.<br \/>\n<\/span><span class=\"s1\">M\u00f6chten Sie mehr Blusen sehen? Dann schauen Sie sich unsere\u00a0<a href=\"https:\/\/muchogusto.nl\/de\/blusen\/\"><span class=\"s2\">Bekleidungsseite<\/span><\/a>\u00a0an.<br \/>\n<\/span><span class=\"s1\">M\u00f6chten Sie mehr Inspiration? Besuchen Sie unsere\u00a0<a href=\"https:\/\/www.instagram.com\/muchogusto.nl\/\"><span class=\"s2\">Instagram<\/span><\/a>-Seite.\u00a0<\/span><\/p>\n<h3>BRAUCHEN SIE HILFE?<\/h3>\n<p>Wenn Sie Fragen zu diesem Artikel oder der Gr\u00f6\u00dfe haben, senden Sie eine E-Mail an unseren Kundenservice unter<a href=\"http:\/\/muchogusto.nl\/de\/\"><span class=\"s2\">web@muchogusto.nl.<\/span><\/a><\/p>\n<\/div>\n<\/div>\n<\/div>\n<\/div>\n<\/div>\n<\/div>\n<\/div>\n<\/div>\n<\/div>\n<\/div>\n<\/div>\n","protected":false},"excerpt":{"rendered":"<p>DETAILS ZUM PRODUKT MUCHO GUSTO\u00ae Genova Multicolor Icon Print Tauche ein in ausdrucksstarke Eleganz mit dem MUCHO GUSTO\u00ae Genova Multicolor Icon Print \u2013 einem auff\u00e4lligen, dreieckigen Schal, der grafische Symbole mit spielerischen Farbbl\u00f6cken in einem unverwechselbaren Design vereint. Dieser Schal strahlt Kreativit\u00e4t aus und verleiht jedem Outfit sofort eine moderne, modisch-progressive Note. Das Design kombiniert [&hellip;]<\/p>\n","protected":false},"featured_media":47793,"comment_status":"open","ping_status":"closed","template":"","meta":{"_acf_changed":false,"inline_featured_image":false,"navigation_state":false,"_genesis_hide_title":false,"_genesis_hide_breadcrumbs":false,"_genesis_hide_singular_image":false,"_genesis_hide_footer_widgets":false,"_genesis_custom_body_class":"","_genesis_custom_post_class":"","_genesis_layout":""},"product_brand":[],"product_cat":[87],"product_tag":[],"class_list":{"0":"post-55832","1":"product","2":"type-product","3":"status-publish","4":"has-post-thumbnail","6":"product_cat-schals","7":"entry","9":"first","10":"instock","11":"sale","12":"taxable","13":"shipping-taxable","14":"purchasable","15":"product-type-simple"},"acf":[],"yoast_head":"<!-- This site is optimized with the Yoast SEO Premium plugin v27.2 (Yoast SEO v27.2) - https:\/\/yoast.com\/product\/yoast-seo-premium-wordpress\/ -->\n<title>MUCHO GUSTO\u00ae Genova Multicolor Icon Print<\/title>\n<meta name=\"description\" content=\"Entdecke den MUCHO GUSTO\u00ae Genova Multicolor Icon Print \u2013 ein dreieckiger Schal mit grafischen Symbolen und lebendigen Farben. Niederl\u00e4ndisches Design.\" \/>\n<meta name=\"robots\" content=\"index, follow, max-snippet:-1, max-image-preview:large, max-video-preview:-1\" \/>\n<link rel=\"canonical\" href=\"https:\/\/muchogusto.nl\/de\/produkt\/mucho-gusto-genova-multicolor-icon-print\/\" \/>\n<meta property=\"og:locale\" content=\"de_DE\" \/>\n<meta property=\"og:type\" content=\"article\" \/>\n<meta property=\"og:title\" content=\"MUCHO GUSTO\u00ae Genova Multicolor Icon Print\" \/>\n<meta property=\"og:description\" content=\"Entdecke den MUCHO GUSTO\u00ae Genova Multicolor Icon Print \u2013 ein dreieckiger Schal mit grafischen Symbolen und lebendigen Farben. Niederl\u00e4ndisches Design.\" \/>\n<meta property=\"og:url\" content=\"https:\/\/muchogusto.nl\/de\/produkt\/mucho-gusto-genova-multicolor-icon-print\/\" \/>\n<meta property=\"og:site_name\" content=\"Mucho Gusto\" \/>\n<meta property=\"article:publisher\" content=\"https:\/\/www.facebook.com\/muchogusto.nl\/\" \/>\n<meta property=\"article:modified_time\" content=\"2026-03-02T11:02:38+00:00\" \/>\n<meta property=\"og:image\" content=\"http:\/\/muchogusto.nl\/wp-content\/uploads\/2025\/09\/S52GEN090-scaled.jpg\" \/>\n\t<meta property=\"og:image:width\" content=\"1920\" \/>\n\t<meta property=\"og:image:height\" content=\"2560\" \/>\n\t<meta property=\"og:image:type\" content=\"image\/jpeg\" \/>\n<meta name=\"twitter:card\" content=\"summary_large_image\" \/>\n<meta name=\"twitter:label1\" content=\"Est. reading time\" \/>\n\t<meta name=\"twitter:data1\" content=\"2 minutes\" \/>\n<script type=\"application\/ld+json\" class=\"yoast-schema-graph\">{\"@context\":\"https:\/\/schema.org\",\"@graph\":[{\"@type\":\"WebPage\",\"@id\":\"https:\/\/muchogusto.nl\/de\/produkt\/mucho-gusto-genova-multicolor-icon-print\/\",\"url\":\"https:\/\/muchogusto.nl\/de\/produkt\/mucho-gusto-genova-multicolor-icon-print\/\",\"name\":\"MUCHO GUSTO\u00ae Genova Multicolor Icon Print\",\"isPartOf\":{\"@id\":\"https:\/\/muchogusto.nl\/#website\"},\"primaryImageOfPage\":{\"@id\":\"https:\/\/muchogusto.nl\/de\/produkt\/mucho-gusto-genova-multicolor-icon-print\/#primaryimage\"},\"image\":{\"@id\":\"https:\/\/muchogusto.nl\/de\/produkt\/mucho-gusto-genova-multicolor-icon-print\/#primaryimage\"},\"thumbnailUrl\":\"https:\/\/muchogusto.nl\/wp-content\/uploads\/2025\/09\/S52GEN090-scaled.jpg\",\"datePublished\":\"2026-02-03T10:30:05+00:00\",\"dateModified\":\"2026-03-02T11:02:38+00:00\",\"description\":\"Entdecke den MUCHO GUSTO\u00ae Genova Multicolor Icon Print \u2013 ein dreieckiger Schal mit grafischen Symbolen und lebendigen Farben. Niederl\u00e4ndisches Design.\",\"breadcrumb\":{\"@id\":\"https:\/\/muchogusto.nl\/de\/produkt\/mucho-gusto-genova-multicolor-icon-print\/#breadcrumb\"},\"inLanguage\":\"de-DE\",\"potentialAction\":[{\"@type\":\"ReadAction\",\"target\":[\"https:\/\/muchogusto.nl\/de\/produkt\/mucho-gusto-genova-multicolor-icon-print\/\"]}]},{\"@type\":\"ImageObject\",\"inLanguage\":\"de-DE\",\"@id\":\"https:\/\/muchogusto.nl\/de\/produkt\/mucho-gusto-genova-multicolor-icon-print\/#primaryimage\",\"url\":\"https:\/\/muchogusto.nl\/wp-content\/uploads\/2025\/09\/S52GEN090-scaled.jpg\",\"contentUrl\":\"https:\/\/muchogusto.nl\/wp-content\/uploads\/2025\/09\/S52GEN090-scaled.jpg\",\"width\":1920,\"height\":2560,\"caption\":\"MUCHO GUSTO\u00ae Genova Multicolor Icon Print\"},{\"@type\":\"BreadcrumbList\",\"@id\":\"https:\/\/muchogusto.nl\/de\/produkt\/mucho-gusto-genova-multicolor-icon-print\/#breadcrumb\",\"itemListElement\":[{\"@type\":\"ListItem\",\"position\":1,\"name\":\"Home\",\"item\":\"https:\/\/muchogusto.nl\/de\/\"},{\"@type\":\"ListItem\",\"position\":2,\"name\":\"Shop\",\"item\":\"https:\/\/muchogusto.nl\/de\/shop-2\/\"},{\"@type\":\"ListItem\",\"position\":3,\"name\":\"MUCHO GUSTO\u00ae Genova Multicolor Icon Print\"}]},{\"@type\":\"WebSite\",\"@id\":\"https:\/\/muchogusto.nl\/#website\",\"url\":\"https:\/\/muchogusto.nl\/\",\"name\":\"muchogusto.nl\",\"description\":\"\",\"publisher\":{\"@id\":\"https:\/\/muchogusto.nl\/#organization\"},\"potentialAction\":[{\"@type\":\"SearchAction\",\"target\":{\"@type\":\"EntryPoint\",\"urlTemplate\":\"https:\/\/muchogusto.nl\/?s={search_term_string}\"},\"query-input\":{\"@type\":\"PropertyValueSpecification\",\"valueRequired\":true,\"valueName\":\"search_term_string\"}}],\"inLanguage\":\"de-DE\"},{\"@type\":\"Organization\",\"@id\":\"https:\/\/muchogusto.nl\/#organization\",\"name\":\"Mucho Gusto\",\"url\":\"https:\/\/muchogusto.nl\/\",\"logo\":{\"@type\":\"ImageObject\",\"inLanguage\":\"de-DE\",\"@id\":\"https:\/\/muchogusto.nl\/#\/schema\/logo\/image\/\",\"url\":\"https:\/\/muchogusto.nl\/wp-content\/uploads\/2022\/08\/logo_header.svg\",\"contentUrl\":\"https:\/\/muchogusto.nl\/wp-content\/uploads\/2022\/08\/logo_header.svg\",\"caption\":\"Mucho Gusto\"},\"image\":{\"@id\":\"https:\/\/muchogusto.nl\/#\/schema\/logo\/image\/\"},\"sameAs\":[\"https:\/\/www.facebook.com\/muchogusto.nl\/\",\"https:\/\/www.instagram.com\/muchogusto.nl\/\"]}]}<\/script>\n<!-- \/ Yoast SEO Premium plugin. -->","yoast_head_json":{"title":"MUCHO GUSTO\u00ae Genova Multicolor Icon Print","description":"Entdecke den MUCHO GUSTO\u00ae Genova Multicolor Icon Print \u2013 ein dreieckiger Schal mit grafischen Symbolen und lebendigen Farben. Niederl\u00e4ndisches Design.","robots":{"index":"index","follow":"follow","max-snippet":"max-snippet:-1","max-image-preview":"max-image-preview:large","max-video-preview":"max-video-preview:-1"},"canonical":"https:\/\/muchogusto.nl\/de\/produkt\/mucho-gusto-genova-multicolor-icon-print\/","og_locale":"de_DE","og_type":"article","og_title":"MUCHO GUSTO\u00ae Genova Multicolor Icon Print","og_description":"Entdecke den MUCHO GUSTO\u00ae Genova Multicolor Icon Print \u2013 ein dreieckiger Schal mit grafischen Symbolen und lebendigen Farben. Niederl\u00e4ndisches Design.","og_url":"https:\/\/muchogusto.nl\/de\/produkt\/mucho-gusto-genova-multicolor-icon-print\/","og_site_name":"Mucho Gusto","article_publisher":"https:\/\/www.facebook.com\/muchogusto.nl\/","article_modified_time":"2026-03-02T11:02:38+00:00","og_image":[{"width":1920,"height":2560,"url":"http:\/\/muchogusto.nl\/wp-content\/uploads\/2025\/09\/S52GEN090-scaled.jpg","type":"image\/jpeg"}],"twitter_card":"summary_large_image","twitter_misc":{"Est. reading time":"2 minutes"},"schema":{"@context":"https:\/\/schema.org","@graph":[{"@type":"WebPage","@id":"https:\/\/muchogusto.nl\/de\/produkt\/mucho-gusto-genova-multicolor-icon-print\/","url":"https:\/\/muchogusto.nl\/de\/produkt\/mucho-gusto-genova-multicolor-icon-print\/","name":"MUCHO GUSTO\u00ae Genova Multicolor Icon Print","isPartOf":{"@id":"https:\/\/muchogusto.nl\/#website"},"primaryImageOfPage":{"@id":"https:\/\/muchogusto.nl\/de\/produkt\/mucho-gusto-genova-multicolor-icon-print\/#primaryimage"},"image":{"@id":"https:\/\/muchogusto.nl\/de\/produkt\/mucho-gusto-genova-multicolor-icon-print\/#primaryimage"},"thumbnailUrl":"https:\/\/muchogusto.nl\/wp-content\/uploads\/2025\/09\/S52GEN090-scaled.jpg","datePublished":"2026-02-03T10:30:05+00:00","dateModified":"2026-03-02T11:02:38+00:00","description":"Entdecke den MUCHO GUSTO\u00ae Genova Multicolor Icon Print \u2013 ein dreieckiger Schal mit grafischen Symbolen und lebendigen Farben. Niederl\u00e4ndisches Design.","breadcrumb":{"@id":"https:\/\/muchogusto.nl\/de\/produkt\/mucho-gusto-genova-multicolor-icon-print\/#breadcrumb"},"inLanguage":"de-DE","potentialAction":[{"@type":"ReadAction","target":["https:\/\/muchogusto.nl\/de\/produkt\/mucho-gusto-genova-multicolor-icon-print\/"]}]},{"@type":"ImageObject","inLanguage":"de-DE","@id":"https:\/\/muchogusto.nl\/de\/produkt\/mucho-gusto-genova-multicolor-icon-print\/#primaryimage","url":"https:\/\/muchogusto.nl\/wp-content\/uploads\/2025\/09\/S52GEN090-scaled.jpg","contentUrl":"https:\/\/muchogusto.nl\/wp-content\/uploads\/2025\/09\/S52GEN090-scaled.jpg","width":1920,"height":2560,"caption":"MUCHO GUSTO\u00ae Genova Multicolor Icon Print"},{"@type":"BreadcrumbList","@id":"https:\/\/muchogusto.nl\/de\/produkt\/mucho-gusto-genova-multicolor-icon-print\/#breadcrumb","itemListElement":[{"@type":"ListItem","position":1,"name":"Home","item":"https:\/\/muchogusto.nl\/de\/"},{"@type":"ListItem","position":2,"name":"Shop","item":"https:\/\/muchogusto.nl\/de\/shop-2\/"},{"@type":"ListItem","position":3,"name":"MUCHO GUSTO\u00ae Genova Multicolor Icon Print"}]},{"@type":"WebSite","@id":"https:\/\/muchogusto.nl\/#website","url":"https:\/\/muchogusto.nl\/","name":"muchogusto.nl","description":"","publisher":{"@id":"https:\/\/muchogusto.nl\/#organization"},"potentialAction":[{"@type":"SearchAction","target":{"@type":"EntryPoint","urlTemplate":"https:\/\/muchogusto.nl\/?s={search_term_string}"},"query-input":{"@type":"PropertyValueSpecification","valueRequired":true,"valueName":"search_term_string"}}],"inLanguage":"de-DE"},{"@type":"Organization","@id":"https:\/\/muchogusto.nl\/#organization","name":"Mucho Gusto","url":"https:\/\/muchogusto.nl\/","logo":{"@type":"ImageObject","inLanguage":"de-DE","@id":"https:\/\/muchogusto.nl\/#\/schema\/logo\/image\/","url":"https:\/\/muchogusto.nl\/wp-content\/uploads\/2022\/08\/logo_header.svg","contentUrl":"https:\/\/muchogusto.nl\/wp-content\/uploads\/2022\/08\/logo_header.svg","caption":"Mucho Gusto"},"image":{"@id":"https:\/\/muchogusto.nl\/#\/schema\/logo\/image\/"},"sameAs":["https:\/\/www.facebook.com\/muchogusto.nl\/","https:\/\/www.instagram.com\/muchogusto.nl\/"]}]}},"_links":{"self":[{"href":"https:\/\/muchogusto.nl\/de\/wp-json\/wp\/v2\/product\/55832","targetHints":{"allow":["GET"]}}],"collection":[{"href":"https:\/\/muchogusto.nl\/de\/wp-json\/wp\/v2\/product"}],"about":[{"href":"https:\/\/muchogusto.nl\/de\/wp-json\/wp\/v2\/types\/product"}],"replies":[{"embeddable":true,"href":"https:\/\/muchogusto.nl\/de\/wp-json\/wp\/v2\/comments?post=55832"}],"wp:featuredmedia":[{"embeddable":true,"href":"https:\/\/muchogusto.nl\/de\/wp-json\/wp\/v2\/media\/47793"}],"wp:attachment":[{"href":"https:\/\/muchogusto.nl\/de\/wp-json\/wp\/v2\/media?parent=55832"}],"wp:term":[{"taxonomy":"product_brand","embeddable":true,"href":"https:\/\/muchogusto.nl\/de\/wp-json\/wp\/v2\/product_brand?post=55832"},{"taxonomy":"product_cat","embeddable":true,"href":"https:\/\/muchogusto.nl\/de\/wp-json\/wp\/v2\/product_cat?post=55832"},{"taxonomy":"product_tag","embeddable":true,"href":"https:\/\/muchogusto.nl\/de\/wp-json\/wp\/v2\/product_tag?post=55832"}],"curies":[{"name":"wp","href":"https:\/\/api.w.org\/{rel}","templated":true}]}}