{"id":55713,"date":"2026-01-28T13:58:03","date_gmt":"2026-01-28T12:58:03","guid":{"rendered":"https:\/\/muchogusto.nl\/product\/mucho-gusto-bag-mucho-summer\/"},"modified":"2026-03-02T12:02:38","modified_gmt":"2026-03-02T11:02:38","slug":"mucho-gusto-tasche-mucho-sommer","status":"publish","type":"product","link":"https:\/\/muchogusto.nl\/de\/produkt\/mucho-gusto-tasche-mucho-sommer\/","title":{"rendered":"MUCHO GUSTO\u00ae Tasche Mucho Summer"},"content":{"rendered":"<h3 data-start=\"4193\" data-end=\"4216\">DETAILS ZUM PRODUKT<\/h3>\n<h3 data-start=\"4193\" data-end=\"4216\"><strong style=\"font-size: 18px;\" data-start=\"226\" data-end=\"262\">MUCHO GUSTO\u00ae Tasche Mucho Sommer<\/strong><\/h3>\n<p data-start=\"4253\" data-end=\"4475\">Verleihen Sie Ihrem Look eine sommerliche Note mit der <strong data-start=\"226\" data-end=\"262\">MUCHO GUSTO\u00ae Tasche Mucho Sommer<\/strong>. Diese Tasche kombiniert entspannten Stil mit einem ausdrucksstarken Print und eignet sich ideal f\u00fcr den Alltag, Reisen und Freizeit.<\/p>\n<p data-start=\"4477\" data-end=\"4806\">Hergestellt aus <strong data-start=\"4493\" data-end=\"4511\">100% Baumwolle<\/strong>, ist die Tasche angenehm leicht und dennoch strapazierf\u00e4hig. Deshalb l\u00e4sst sie sich den ganzen Tag bequem tragen. Die weichen Henkel sorgen f\u00fcr hohen Tragekomfort, w\u00e4hrend das ger\u00e4umige Innenfach ausreichend Platz bietet. Zudem unterstreicht die flexible Form den l\u00e4ssigen Charakter der Tasche.<\/p>\n<p data-start=\"4808\" data-end=\"5085\">Das Design zeigt einen abstrakten Animal-Print mit feinen floralen Akzenten. Beiget\u00f6ne werden mit Schwarz sowie frischen Akzenten in T\u00fcrkis und Lime kombiniert. Dadurch wirkt die Tasche lebendig und harmonisch zugleich. Der Print verleiht ihr eine klare MUCHO GUSTO\u00ae Identit\u00e4t.<\/p>\n<p data-start=\"5087\" data-end=\"5257\">Kombinieren Sie die MUCHO GUSTO\u00ae Bag Mucho Summer mit Sommerkleidern, Denim oder entspannten Freizeitlooks. Dank der vielseitigen Farbpalette ist sie leicht kombinierbar.<\/p>\n<p data-start=\"5259\" data-end=\"5354\">Entworfen in den Niederlanden, steht diese Tasche f\u00fcr kreatives Design und zeitlose L\u00e4ssigkeit.<\/p>\n<p data-start=\"5356\" data-end=\"5529\"><strong data-start=\"56\" data-end=\"72\">Dutch Design<\/strong><br data-start=\"72\" data-end=\"75\" \/><strong data-start=\"75\" data-end=\"88\">Material:<\/strong> 100 % Baumwolle<br data-start=\"104\" data-end=\"107\" \/><strong data-start=\"107\" data-end=\"117\">Gr\u00f6\u00dfe:<\/strong> Einheitsgr\u00f6\u00dfe<br data-start=\"131\" data-end=\"134\" \/><strong data-start=\"134\" data-end=\"145\">Design:<\/strong> Abstrakter Animal-Print mit floralen Akzenten<br data-start=\"191\" data-end=\"194\" \/><strong data-start=\"194\" data-end=\"210\">Farbpalette:<\/strong> Beige, Schwarz, T\u00fcrkis, Limette<\/p>\n<h3 data-start=\"5531\" data-end=\"5551\">PASSENDE ARTIKEL<\/h3>\n<p data-start=\"5552\" data-end=\"5836\">Kombinieren Sie Ihr Outfit mit unserer farbenfrohen <a class=\"decorated-link\" href=\"https:\/\/muchogusto.nl\/clothing\/\" target=\"_new\" rel=\"noopener\" data-start=\"5604\" data-end=\"5649\">Bekleidung<\/a>.<br data-start=\"5650\" data-end=\"5653\" \/>M\u00f6chten Sie mehr <a class=\"decorated-link cursor-pointer\" target=\"_new\" rel=\"noopener\" data-start=\"5670\" data-end=\"5708\">Schals<\/a> entdecken?<br data-start=\"5719\" data-end=\"5722\" \/>Oder suchen Sie nach mehr Inspiration? Besuchen Sie uns auf <a class=\"decorated-link cursor-pointer\" target=\"_new\" rel=\"noopener\" data-start=\"5782\" data-end=\"5835\">Instagram<\/a>.<\/p>\n<h3 data-start=\"5838\" data-end=\"5861\">BRAUCHEN SIE HILFE?<\/h3>\n<p data-start=\"5862\" data-end=\"5977\">Wenn Sie Fragen zu diesem Artikel haben, wenden Sie sich bitte an unser Customer Care Team unter <a class=\"decorated-link cursor-pointer\" rel=\"noopener\" data-start=\"5959\" data-end=\"5976\">web@muchogusto.nl<\/a>.<\/p>\n","protected":false},"excerpt":{"rendered":"<p>DETAILS ZUM PRODUKT MUCHO GUSTO\u00ae Tasche Mucho Sommer Verleihen Sie Ihrem Look eine sommerliche Note mit der MUCHO GUSTO\u00ae Tasche Mucho Sommer. Diese Tasche kombiniert entspannten Stil mit einem ausdrucksstarken Print und eignet sich ideal f\u00fcr den Alltag, Reisen und Freizeit. Hergestellt aus 100% Baumwolle, ist die Tasche angenehm leicht und dennoch strapazierf\u00e4hig. Deshalb l\u00e4sst [&hellip;]<\/p>\n","protected":false},"featured_media":55706,"comment_status":"open","ping_status":"closed","template":"","meta":{"_acf_changed":false,"inline_featured_image":false,"navigation_state":false,"_genesis_hide_title":false,"_genesis_hide_breadcrumbs":false,"_genesis_hide_singular_image":false,"_genesis_hide_footer_widgets":false,"_genesis_custom_body_class":"","_genesis_custom_post_class":"","_genesis_layout":""},"product_brand":[],"product_cat":[5177,85],"product_tag":[],"class_list":{"0":"post-55713","1":"product","2":"type-product","3":"status-publish","4":"has-post-thumbnail","6":"product_cat-accessories-2-de","7":"product_cat-neu","8":"entry","10":"first","11":"instock","12":"taxable","13":"shipping-taxable","14":"purchasable","15":"product-type-simple"},"acf":[],"yoast_head":"<!-- This site is optimized with the Yoast SEO Premium plugin v27.2 (Yoast SEO v27.2) - https:\/\/yoast.com\/product\/yoast-seo-premium-wordpress\/ -->\n<title>MUCHO GUSTO\u00ae Tasche Mucho Sommer<\/title>\n<meta name=\"description\" content=\"MUCHO GUSTO\u00ae Tasche Mucho Sommer ist eine leichte Baumwolltasche mit modernem Animal-Print. Praktisch, stilvoll und Dutch Design\" \/>\n<meta name=\"robots\" content=\"index, follow, max-snippet:-1, max-image-preview:large, max-video-preview:-1\" \/>\n<link rel=\"canonical\" href=\"https:\/\/muchogusto.nl\/de\/produkt\/mucho-gusto-tasche-mucho-sommer\/\" \/>\n<meta property=\"og:locale\" content=\"de_DE\" \/>\n<meta property=\"og:type\" content=\"article\" \/>\n<meta property=\"og:title\" content=\"MUCHO GUSTO\u00ae Tasche Mucho Summer\" \/>\n<meta property=\"og:description\" content=\"MUCHO GUSTO\u00ae Tasche Mucho Sommer ist eine leichte Baumwolltasche mit modernem Animal-Print. Praktisch, stilvoll und Dutch Design\" \/>\n<meta property=\"og:url\" content=\"https:\/\/muchogusto.nl\/de\/produkt\/mucho-gusto-tasche-mucho-sommer\/\" \/>\n<meta property=\"og:site_name\" content=\"Mucho Gusto\" \/>\n<meta property=\"article:publisher\" content=\"https:\/\/www.facebook.com\/muchogusto.nl\/\" \/>\n<meta property=\"article:modified_time\" content=\"2026-03-02T11:02:38+00:00\" \/>\n<meta property=\"og:image\" content=\"http:\/\/muchogusto.nl\/wp-content\/uploads\/2026\/01\/S52-Gen-013-3-scaled.jpg\" \/>\n\t<meta property=\"og:image:width\" content=\"1920\" \/>\n\t<meta property=\"og:image:height\" content=\"2560\" \/>\n\t<meta property=\"og:image:type\" content=\"image\/jpeg\" \/>\n<meta name=\"twitter:card\" content=\"summary_large_image\" \/>\n<meta name=\"twitter:label1\" content=\"Est. reading time\" \/>\n\t<meta name=\"twitter:data1\" content=\"2 minutes\" \/>\n<script type=\"application\/ld+json\" class=\"yoast-schema-graph\">{\"@context\":\"https:\/\/schema.org\",\"@graph\":[{\"@type\":\"WebPage\",\"@id\":\"https:\/\/muchogusto.nl\/de\/produkt\/mucho-gusto-tasche-mucho-sommer\/\",\"url\":\"https:\/\/muchogusto.nl\/de\/produkt\/mucho-gusto-tasche-mucho-sommer\/\",\"name\":\"MUCHO GUSTO\u00ae Tasche Mucho Sommer\",\"isPartOf\":{\"@id\":\"https:\/\/muchogusto.nl\/#website\"},\"primaryImageOfPage\":{\"@id\":\"https:\/\/muchogusto.nl\/de\/produkt\/mucho-gusto-tasche-mucho-sommer\/#primaryimage\"},\"image\":{\"@id\":\"https:\/\/muchogusto.nl\/de\/produkt\/mucho-gusto-tasche-mucho-sommer\/#primaryimage\"},\"thumbnailUrl\":\"https:\/\/muchogusto.nl\/wp-content\/uploads\/2026\/01\/S52-Gen-013-3-scaled.jpg\",\"datePublished\":\"2026-01-28T12:58:03+00:00\",\"dateModified\":\"2026-03-02T11:02:38+00:00\",\"description\":\"MUCHO GUSTO\u00ae Tasche Mucho Sommer ist eine leichte Baumwolltasche mit modernem Animal-Print. Praktisch, stilvoll und Dutch Design\",\"breadcrumb\":{\"@id\":\"https:\/\/muchogusto.nl\/de\/produkt\/mucho-gusto-tasche-mucho-sommer\/#breadcrumb\"},\"inLanguage\":\"de-DE\",\"potentialAction\":[{\"@type\":\"ReadAction\",\"target\":[\"https:\/\/muchogusto.nl\/de\/produkt\/mucho-gusto-tasche-mucho-sommer\/\"]}]},{\"@type\":\"ImageObject\",\"inLanguage\":\"de-DE\",\"@id\":\"https:\/\/muchogusto.nl\/de\/produkt\/mucho-gusto-tasche-mucho-sommer\/#primaryimage\",\"url\":\"https:\/\/muchogusto.nl\/wp-content\/uploads\/2026\/01\/S52-Gen-013-3-scaled.jpg\",\"contentUrl\":\"https:\/\/muchogusto.nl\/wp-content\/uploads\/2026\/01\/S52-Gen-013-3-scaled.jpg\",\"width\":1920,\"height\":2560,\"caption\":\"MUCHO GUSTO\u00ae Tasche Mucho Sommer\"},{\"@type\":\"BreadcrumbList\",\"@id\":\"https:\/\/muchogusto.nl\/de\/produkt\/mucho-gusto-tasche-mucho-sommer\/#breadcrumb\",\"itemListElement\":[{\"@type\":\"ListItem\",\"position\":1,\"name\":\"Home\",\"item\":\"https:\/\/muchogusto.nl\/de\/\"},{\"@type\":\"ListItem\",\"position\":2,\"name\":\"Shop\",\"item\":\"https:\/\/muchogusto.nl\/de\/shop-2\/\"},{\"@type\":\"ListItem\",\"position\":3,\"name\":\"MUCHO GUSTO\u00ae Tasche Mucho Summer\"}]},{\"@type\":\"WebSite\",\"@id\":\"https:\/\/muchogusto.nl\/#website\",\"url\":\"https:\/\/muchogusto.nl\/\",\"name\":\"muchogusto.nl\",\"description\":\"\",\"publisher\":{\"@id\":\"https:\/\/muchogusto.nl\/#organization\"},\"potentialAction\":[{\"@type\":\"SearchAction\",\"target\":{\"@type\":\"EntryPoint\",\"urlTemplate\":\"https:\/\/muchogusto.nl\/?s={search_term_string}\"},\"query-input\":{\"@type\":\"PropertyValueSpecification\",\"valueRequired\":true,\"valueName\":\"search_term_string\"}}],\"inLanguage\":\"de-DE\"},{\"@type\":\"Organization\",\"@id\":\"https:\/\/muchogusto.nl\/#organization\",\"name\":\"Mucho Gusto\",\"url\":\"https:\/\/muchogusto.nl\/\",\"logo\":{\"@type\":\"ImageObject\",\"inLanguage\":\"de-DE\",\"@id\":\"https:\/\/muchogusto.nl\/#\/schema\/logo\/image\/\",\"url\":\"https:\/\/muchogusto.nl\/wp-content\/uploads\/2022\/08\/logo_header.svg\",\"contentUrl\":\"https:\/\/muchogusto.nl\/wp-content\/uploads\/2022\/08\/logo_header.svg\",\"caption\":\"Mucho Gusto\"},\"image\":{\"@id\":\"https:\/\/muchogusto.nl\/#\/schema\/logo\/image\/\"},\"sameAs\":[\"https:\/\/www.facebook.com\/muchogusto.nl\/\",\"https:\/\/www.instagram.com\/muchogusto.nl\/\"]}]}<\/script>\n<!-- \/ Yoast SEO Premium plugin. -->","yoast_head_json":{"title":"MUCHO GUSTO\u00ae Tasche Mucho Sommer","description":"MUCHO GUSTO\u00ae Tasche Mucho Sommer ist eine leichte Baumwolltasche mit modernem Animal-Print. Praktisch, stilvoll und Dutch Design","robots":{"index":"index","follow":"follow","max-snippet":"max-snippet:-1","max-image-preview":"max-image-preview:large","max-video-preview":"max-video-preview:-1"},"canonical":"https:\/\/muchogusto.nl\/de\/produkt\/mucho-gusto-tasche-mucho-sommer\/","og_locale":"de_DE","og_type":"article","og_title":"MUCHO GUSTO\u00ae Tasche Mucho Summer","og_description":"MUCHO GUSTO\u00ae Tasche Mucho Sommer ist eine leichte Baumwolltasche mit modernem Animal-Print. Praktisch, stilvoll und Dutch Design","og_url":"https:\/\/muchogusto.nl\/de\/produkt\/mucho-gusto-tasche-mucho-sommer\/","og_site_name":"Mucho Gusto","article_publisher":"https:\/\/www.facebook.com\/muchogusto.nl\/","article_modified_time":"2026-03-02T11:02:38+00:00","og_image":[{"width":1920,"height":2560,"url":"http:\/\/muchogusto.nl\/wp-content\/uploads\/2026\/01\/S52-Gen-013-3-scaled.jpg","type":"image\/jpeg"}],"twitter_card":"summary_large_image","twitter_misc":{"Est. reading time":"2 minutes"},"schema":{"@context":"https:\/\/schema.org","@graph":[{"@type":"WebPage","@id":"https:\/\/muchogusto.nl\/de\/produkt\/mucho-gusto-tasche-mucho-sommer\/","url":"https:\/\/muchogusto.nl\/de\/produkt\/mucho-gusto-tasche-mucho-sommer\/","name":"MUCHO GUSTO\u00ae Tasche Mucho Sommer","isPartOf":{"@id":"https:\/\/muchogusto.nl\/#website"},"primaryImageOfPage":{"@id":"https:\/\/muchogusto.nl\/de\/produkt\/mucho-gusto-tasche-mucho-sommer\/#primaryimage"},"image":{"@id":"https:\/\/muchogusto.nl\/de\/produkt\/mucho-gusto-tasche-mucho-sommer\/#primaryimage"},"thumbnailUrl":"https:\/\/muchogusto.nl\/wp-content\/uploads\/2026\/01\/S52-Gen-013-3-scaled.jpg","datePublished":"2026-01-28T12:58:03+00:00","dateModified":"2026-03-02T11:02:38+00:00","description":"MUCHO GUSTO\u00ae Tasche Mucho Sommer ist eine leichte Baumwolltasche mit modernem Animal-Print. Praktisch, stilvoll und Dutch Design","breadcrumb":{"@id":"https:\/\/muchogusto.nl\/de\/produkt\/mucho-gusto-tasche-mucho-sommer\/#breadcrumb"},"inLanguage":"de-DE","potentialAction":[{"@type":"ReadAction","target":["https:\/\/muchogusto.nl\/de\/produkt\/mucho-gusto-tasche-mucho-sommer\/"]}]},{"@type":"ImageObject","inLanguage":"de-DE","@id":"https:\/\/muchogusto.nl\/de\/produkt\/mucho-gusto-tasche-mucho-sommer\/#primaryimage","url":"https:\/\/muchogusto.nl\/wp-content\/uploads\/2026\/01\/S52-Gen-013-3-scaled.jpg","contentUrl":"https:\/\/muchogusto.nl\/wp-content\/uploads\/2026\/01\/S52-Gen-013-3-scaled.jpg","width":1920,"height":2560,"caption":"MUCHO GUSTO\u00ae Tasche Mucho Sommer"},{"@type":"BreadcrumbList","@id":"https:\/\/muchogusto.nl\/de\/produkt\/mucho-gusto-tasche-mucho-sommer\/#breadcrumb","itemListElement":[{"@type":"ListItem","position":1,"name":"Home","item":"https:\/\/muchogusto.nl\/de\/"},{"@type":"ListItem","position":2,"name":"Shop","item":"https:\/\/muchogusto.nl\/de\/shop-2\/"},{"@type":"ListItem","position":3,"name":"MUCHO GUSTO\u00ae Tasche Mucho Summer"}]},{"@type":"WebSite","@id":"https:\/\/muchogusto.nl\/#website","url":"https:\/\/muchogusto.nl\/","name":"muchogusto.nl","description":"","publisher":{"@id":"https:\/\/muchogusto.nl\/#organization"},"potentialAction":[{"@type":"SearchAction","target":{"@type":"EntryPoint","urlTemplate":"https:\/\/muchogusto.nl\/?s={search_term_string}"},"query-input":{"@type":"PropertyValueSpecification","valueRequired":true,"valueName":"search_term_string"}}],"inLanguage":"de-DE"},{"@type":"Organization","@id":"https:\/\/muchogusto.nl\/#organization","name":"Mucho Gusto","url":"https:\/\/muchogusto.nl\/","logo":{"@type":"ImageObject","inLanguage":"de-DE","@id":"https:\/\/muchogusto.nl\/#\/schema\/logo\/image\/","url":"https:\/\/muchogusto.nl\/wp-content\/uploads\/2022\/08\/logo_header.svg","contentUrl":"https:\/\/muchogusto.nl\/wp-content\/uploads\/2022\/08\/logo_header.svg","caption":"Mucho Gusto"},"image":{"@id":"https:\/\/muchogusto.nl\/#\/schema\/logo\/image\/"},"sameAs":["https:\/\/www.facebook.com\/muchogusto.nl\/","https:\/\/www.instagram.com\/muchogusto.nl\/"]}]}},"_links":{"self":[{"href":"https:\/\/muchogusto.nl\/de\/wp-json\/wp\/v2\/product\/55713","targetHints":{"allow":["GET"]}}],"collection":[{"href":"https:\/\/muchogusto.nl\/de\/wp-json\/wp\/v2\/product"}],"about":[{"href":"https:\/\/muchogusto.nl\/de\/wp-json\/wp\/v2\/types\/product"}],"replies":[{"embeddable":true,"href":"https:\/\/muchogusto.nl\/de\/wp-json\/wp\/v2\/comments?post=55713"}],"wp:featuredmedia":[{"embeddable":true,"href":"https:\/\/muchogusto.nl\/de\/wp-json\/wp\/v2\/media\/55706"}],"wp:attachment":[{"href":"https:\/\/muchogusto.nl\/de\/wp-json\/wp\/v2\/media?parent=55713"}],"wp:term":[{"taxonomy":"product_brand","embeddable":true,"href":"https:\/\/muchogusto.nl\/de\/wp-json\/wp\/v2\/product_brand?post=55713"},{"taxonomy":"product_cat","embeddable":true,"href":"https:\/\/muchogusto.nl\/de\/wp-json\/wp\/v2\/product_cat?post=55713"},{"taxonomy":"product_tag","embeddable":true,"href":"https:\/\/muchogusto.nl\/de\/wp-json\/wp\/v2\/product_tag?post=55713"}],"curies":[{"name":"wp","href":"https:\/\/api.w.org\/{rel}","templated":true}]}}