{"id":55298,"date":"2025-12-23T14:42:32","date_gmt":"2025-12-23T13:42:32","guid":{"rendered":"https:\/\/muchogusto.nl\/product\/mucho-gusto-bracelet-black-signature-heart\/"},"modified":"2026-03-02T12:02:38","modified_gmt":"2026-03-02T11:02:38","slug":"mucho-gusto-armband-schwarz-signature-heart","status":"publish","type":"product","link":"https:\/\/muchogusto.nl\/de\/produkt\/mucho-gusto-armband-schwarz-signature-heart\/","title":{"rendered":"MUCHO GUSTO\u00ae Armband Schwarz Signature Heart"},"content":{"rendered":"<h3>DETAILS ZUM PRODUKT<\/h3>\n<p data-start=\"2988\" data-end=\"3036\"><strong data-start=\"2988\" data-end=\"3036\">MUCHO GUSTO\u00ae Armband Schwarz Signature Heart<\/strong><\/p>\n<p data-start=\"3038\" data-end=\"3237\">Das MUCHO GUSTO\u00ae Armband Schwarz Signature Heart \u00fcberzeugt durch seine zeitlose Eleganz und klare Ausstrahlung. Die schwarze Farbe macht dieses Armband zu einem vielseitigen Begleiter f\u00fcr jeden Stil.<\/p>\n<p data-start=\"3239\" data-end=\"3466\">Das elastische Textil sorgt f\u00fcr hohen Tragekomfort, w\u00e4hrend das goldfarbene MUCHO GUSTO\u00ae Herz dem Design eine dezente, luxuri\u00f6se Note verleiht. Ideal zum einzeln Tragen oder zum Kombinieren mit weiteren MUCHO GUSTO\u00ae Armb\u00e4ndern.<\/p>\n<p data-start=\"3468\" data-end=\"3623\"><strong data-start=\"3468\" data-end=\"3484\">Dutch Design<\/strong><br data-start=\"3484\" data-end=\"3487\" \/><strong data-start=\"3487\" data-end=\"3500\">Material:<\/strong> Elastisches Textil, goldfarbener Metallanh\u00e4nger<br data-start=\"3548\" data-end=\"3551\" \/><strong data-start=\"3551\" data-end=\"3561\">Farbe:<\/strong> Schwarz, Soft Gold<br data-start=\"3580\" data-end=\"3583\" \/><strong data-start=\"3583\" data-end=\"3596\">Passform:<\/strong> Einheitsgr\u00f6\u00dfe, elastisch<\/p>\n<div class=\"summary\">\n<div class=\"tccContent\"><\/div>\n<div class=\"product_meta\">\n<div class=\"the_champ_sharing_container the_champ_horizontal_sharing\" data-heateor-ss-offset=\"0\" data-super-socializer-href=\"http:\/\/muchogusto.nl\/product\/mucho-gusto-bag-with-tied-up-scarf-baroque-mucho-print\/\">\n<div class=\"the_champ_sharing_ul\">\n<h3>PASSENDE ARTIKEL<\/h3>\n<div class=\"summary\">\n<div class=\"tccContent\">\n<div class=\"summary\">\n<div class=\"flex w-full flex-col gap-1 empty:hidden first:pt-[3px]\">\n<div class=\"markdown prose dark:prose-invert w-full break-words light\">\n<p class=\"p2\"><span class=\"s1\">Vervollst\u00e4ndigen Sie Ihren Look mit einem passenden\u00a0<a href=\"https:\/\/muchogusto.nl\/de\/schals\/\"><span class=\"s2\">Schal<\/span><\/a>.<br \/>\n<\/span><span class=\"s1\">M\u00f6chten Sie mehr Blusen sehen? Dann schauen Sie sich unsere\u00a0<a href=\"https:\/\/muchogusto.nl\/de\/blusen\/\"><span class=\"s2\">Bekleidungsseite<\/span><\/a>\u00a0an.<br \/>\n<\/span><span class=\"s1\">M\u00f6chten Sie mehr Inspiration? Besuchen Sie unsere\u00a0<a href=\"https:\/\/www.instagram.com\/muchogusto.nl\/\"><span class=\"s2\">Instagram<\/span><\/a>-Seite.\u00a0<\/span><\/p>\n<h3>BRAUCHEN SIE HILFE?<\/h3>\n<p>Wenn Sie Fragen zu diesem Artikel oder der Gr\u00f6\u00dfe haben, senden Sie eine E-Mail an unseren Kundenservice unter<a href=\"http:\/\/muchogusto.nl\/de\/\"><span class=\"s2\">web@muchogusto.nl.<\/span><\/a><\/p>\n<h3>GR\u00d6SSENTABELLEN<\/h3>\n<p>Unsere Gr\u00f6\u00dfen sind in europ\u00e4ischen Gr\u00f6\u00dfen angegeben. Sie k\u00f6nnen diese Gr\u00f6\u00dfen anhand der Tabellen\u00a0<a href=\"https:\/\/muchogusto.nl\/de\/grossentabellen\/\">auf dieser Seite<\/a>\u00a0leicht umrechnen. Die Passform kann je nach Stil oder pers\u00f6nlicher Vorliebe variieren.<\/p>\n<\/div>\n<\/div>\n<\/div>\n<\/div>\n<\/div>\n<\/div>\n<\/div>\n<\/div>\n<\/div>\n","protected":false},"excerpt":{"rendered":"<p>DETAILS ZUM PRODUKT MUCHO GUSTO\u00ae Armband Schwarz Signature Heart Das MUCHO GUSTO\u00ae Armband Schwarz Signature Heart \u00fcberzeugt durch seine zeitlose Eleganz und klare Ausstrahlung. Die schwarze Farbe macht dieses Armband zu einem vielseitigen Begleiter f\u00fcr jeden Stil. Das elastische Textil sorgt f\u00fcr hohen Tragekomfort, w\u00e4hrend das goldfarbene MUCHO GUSTO\u00ae Herz dem Design eine dezente, luxuri\u00f6se [&hellip;]<\/p>\n","protected":false},"featured_media":55305,"comment_status":"open","ping_status":"closed","template":"","meta":{"_acf_changed":false,"inline_featured_image":false,"navigation_state":false,"_genesis_hide_title":false,"_genesis_hide_breadcrumbs":false,"_genesis_hide_singular_image":false,"_genesis_hide_footer_widgets":false,"_genesis_custom_body_class":"","_genesis_custom_post_class":"","_genesis_layout":""},"product_brand":[],"product_cat":[5177],"product_tag":[],"class_list":{"0":"post-55298","1":"product","2":"type-product","3":"status-publish","4":"has-post-thumbnail","6":"product_cat-accessories-2-de","7":"entry","9":"first","10":"instock","11":"taxable","12":"shipping-taxable","13":"purchasable","14":"product-type-simple"},"acf":[],"yoast_head":"<!-- This site is optimized with the Yoast SEO Premium plugin v27.2 (Yoast SEO v27.2) - https:\/\/yoast.com\/product\/yoast-seo-premium-wordpress\/ -->\n<title>MUCHO GUSTO\u00ae Armband Schwarz Signature Heart - Mucho Gusto<\/title>\n<meta name=\"description\" content=\"Entdecken Sie das MUCHO GUSTO\u00ae Armband Schwarz Signature Heart mit elastischem Band und goldfarbenem Herz. Zeitloses Accessoire im Dutch Design.\" \/>\n<meta name=\"robots\" content=\"index, follow, max-snippet:-1, max-image-preview:large, max-video-preview:-1\" \/>\n<link rel=\"canonical\" href=\"https:\/\/muchogusto.nl\/de\/produkt\/mucho-gusto-armband-schwarz-signature-heart\/\" \/>\n<meta property=\"og:locale\" content=\"de_DE\" \/>\n<meta property=\"og:type\" content=\"article\" \/>\n<meta property=\"og:title\" content=\"MUCHO GUSTO\u00ae Armband Schwarz Signature Heart\" \/>\n<meta property=\"og:description\" content=\"Entdecken Sie das MUCHO GUSTO\u00ae Armband Schwarz Signature Heart mit elastischem Band und goldfarbenem Herz. Zeitloses Accessoire im Dutch Design.\" \/>\n<meta property=\"og:url\" content=\"https:\/\/muchogusto.nl\/de\/produkt\/mucho-gusto-armband-schwarz-signature-heart\/\" \/>\n<meta property=\"og:site_name\" content=\"Mucho Gusto\" \/>\n<meta property=\"article:publisher\" content=\"https:\/\/www.facebook.com\/muchogusto.nl\/\" \/>\n<meta property=\"article:modified_time\" content=\"2026-03-02T11:02:38+00:00\" \/>\n<meta name=\"twitter:card\" content=\"summary_large_image\" \/>\n<meta name=\"twitter:label1\" content=\"Est. reading time\" \/>\n\t<meta name=\"twitter:data1\" content=\"1 minute\" \/>\n<script type=\"application\/ld+json\" class=\"yoast-schema-graph\">{\"@context\":\"https:\/\/schema.org\",\"@graph\":[{\"@type\":\"WebPage\",\"@id\":\"https:\/\/muchogusto.nl\/de\/produkt\/mucho-gusto-armband-schwarz-signature-heart\/\",\"url\":\"https:\/\/muchogusto.nl\/de\/produkt\/mucho-gusto-armband-schwarz-signature-heart\/\",\"name\":\"MUCHO GUSTO\u00ae Armband Schwarz Signature Heart - Mucho Gusto\",\"isPartOf\":{\"@id\":\"https:\/\/muchogusto.nl\/#website\"},\"primaryImageOfPage\":{\"@id\":\"https:\/\/muchogusto.nl\/de\/produkt\/mucho-gusto-armband-schwarz-signature-heart\/#primaryimage\"},\"image\":{\"@id\":\"https:\/\/muchogusto.nl\/de\/produkt\/mucho-gusto-armband-schwarz-signature-heart\/#primaryimage\"},\"thumbnailUrl\":\"https:\/\/muchogusto.nl\/wp-content\/uploads\/2025\/12\/Sjaals-mucho-gusto-2500-x-3333-px-39-scaled.jpg\",\"datePublished\":\"2025-12-23T13:42:32+00:00\",\"dateModified\":\"2026-03-02T11:02:38+00:00\",\"description\":\"Entdecken Sie das MUCHO GUSTO\u00ae Armband Schwarz Signature Heart mit elastischem Band und goldfarbenem Herz. Zeitloses Accessoire im Dutch Design.\",\"breadcrumb\":{\"@id\":\"https:\/\/muchogusto.nl\/de\/produkt\/mucho-gusto-armband-schwarz-signature-heart\/#breadcrumb\"},\"inLanguage\":\"de-DE\",\"potentialAction\":[{\"@type\":\"ReadAction\",\"target\":[\"https:\/\/muchogusto.nl\/de\/produkt\/mucho-gusto-armband-schwarz-signature-heart\/\"]}]},{\"@type\":\"ImageObject\",\"inLanguage\":\"de-DE\",\"@id\":\"https:\/\/muchogusto.nl\/de\/produkt\/mucho-gusto-armband-schwarz-signature-heart\/#primaryimage\",\"url\":\"https:\/\/muchogusto.nl\/wp-content\/uploads\/2025\/12\/Sjaals-mucho-gusto-2500-x-3333-px-39-scaled.jpg\",\"contentUrl\":\"https:\/\/muchogusto.nl\/wp-content\/uploads\/2025\/12\/Sjaals-mucho-gusto-2500-x-3333-px-39-scaled.jpg\",\"width\":1920,\"height\":2560,\"caption\":\"MUCHO GUSTO\u00ae Bracelet Red Signature Heart\"},{\"@type\":\"BreadcrumbList\",\"@id\":\"https:\/\/muchogusto.nl\/de\/produkt\/mucho-gusto-armband-schwarz-signature-heart\/#breadcrumb\",\"itemListElement\":[{\"@type\":\"ListItem\",\"position\":1,\"name\":\"Home\",\"item\":\"https:\/\/muchogusto.nl\/de\/\"},{\"@type\":\"ListItem\",\"position\":2,\"name\":\"Shop\",\"item\":\"https:\/\/muchogusto.nl\/de\/shop-2\/\"},{\"@type\":\"ListItem\",\"position\":3,\"name\":\"MUCHO GUSTO\u00ae Armband Schwarz Signature Heart\"}]},{\"@type\":\"WebSite\",\"@id\":\"https:\/\/muchogusto.nl\/#website\",\"url\":\"https:\/\/muchogusto.nl\/\",\"name\":\"muchogusto.nl\",\"description\":\"\",\"publisher\":{\"@id\":\"https:\/\/muchogusto.nl\/#organization\"},\"potentialAction\":[{\"@type\":\"SearchAction\",\"target\":{\"@type\":\"EntryPoint\",\"urlTemplate\":\"https:\/\/muchogusto.nl\/?s={search_term_string}\"},\"query-input\":{\"@type\":\"PropertyValueSpecification\",\"valueRequired\":true,\"valueName\":\"search_term_string\"}}],\"inLanguage\":\"de-DE\"},{\"@type\":\"Organization\",\"@id\":\"https:\/\/muchogusto.nl\/#organization\",\"name\":\"Mucho Gusto\",\"url\":\"https:\/\/muchogusto.nl\/\",\"logo\":{\"@type\":\"ImageObject\",\"inLanguage\":\"de-DE\",\"@id\":\"https:\/\/muchogusto.nl\/#\/schema\/logo\/image\/\",\"url\":\"https:\/\/muchogusto.nl\/wp-content\/uploads\/2022\/08\/logo_header.svg\",\"contentUrl\":\"https:\/\/muchogusto.nl\/wp-content\/uploads\/2022\/08\/logo_header.svg\",\"caption\":\"Mucho Gusto\"},\"image\":{\"@id\":\"https:\/\/muchogusto.nl\/#\/schema\/logo\/image\/\"},\"sameAs\":[\"https:\/\/www.facebook.com\/muchogusto.nl\/\",\"https:\/\/www.instagram.com\/muchogusto.nl\/\"]}]}<\/script>\n<!-- \/ Yoast SEO Premium plugin. -->","yoast_head_json":{"title":"MUCHO GUSTO\u00ae Armband Schwarz Signature Heart - Mucho Gusto","description":"Entdecken Sie das MUCHO GUSTO\u00ae Armband Schwarz Signature Heart mit elastischem Band und goldfarbenem Herz. Zeitloses Accessoire im Dutch Design.","robots":{"index":"index","follow":"follow","max-snippet":"max-snippet:-1","max-image-preview":"max-image-preview:large","max-video-preview":"max-video-preview:-1"},"canonical":"https:\/\/muchogusto.nl\/de\/produkt\/mucho-gusto-armband-schwarz-signature-heart\/","og_locale":"de_DE","og_type":"article","og_title":"MUCHO GUSTO\u00ae Armband Schwarz Signature Heart","og_description":"Entdecken Sie das MUCHO GUSTO\u00ae Armband Schwarz Signature Heart mit elastischem Band und goldfarbenem Herz. Zeitloses Accessoire im Dutch Design.","og_url":"https:\/\/muchogusto.nl\/de\/produkt\/mucho-gusto-armband-schwarz-signature-heart\/","og_site_name":"Mucho Gusto","article_publisher":"https:\/\/www.facebook.com\/muchogusto.nl\/","article_modified_time":"2026-03-02T11:02:38+00:00","twitter_card":"summary_large_image","twitter_misc":{"Est. reading time":"1 minute"},"schema":{"@context":"https:\/\/schema.org","@graph":[{"@type":"WebPage","@id":"https:\/\/muchogusto.nl\/de\/produkt\/mucho-gusto-armband-schwarz-signature-heart\/","url":"https:\/\/muchogusto.nl\/de\/produkt\/mucho-gusto-armband-schwarz-signature-heart\/","name":"MUCHO GUSTO\u00ae Armband Schwarz Signature Heart - Mucho Gusto","isPartOf":{"@id":"https:\/\/muchogusto.nl\/#website"},"primaryImageOfPage":{"@id":"https:\/\/muchogusto.nl\/de\/produkt\/mucho-gusto-armband-schwarz-signature-heart\/#primaryimage"},"image":{"@id":"https:\/\/muchogusto.nl\/de\/produkt\/mucho-gusto-armband-schwarz-signature-heart\/#primaryimage"},"thumbnailUrl":"https:\/\/muchogusto.nl\/wp-content\/uploads\/2025\/12\/Sjaals-mucho-gusto-2500-x-3333-px-39-scaled.jpg","datePublished":"2025-12-23T13:42:32+00:00","dateModified":"2026-03-02T11:02:38+00:00","description":"Entdecken Sie das MUCHO GUSTO\u00ae Armband Schwarz Signature Heart mit elastischem Band und goldfarbenem Herz. Zeitloses Accessoire im Dutch Design.","breadcrumb":{"@id":"https:\/\/muchogusto.nl\/de\/produkt\/mucho-gusto-armband-schwarz-signature-heart\/#breadcrumb"},"inLanguage":"de-DE","potentialAction":[{"@type":"ReadAction","target":["https:\/\/muchogusto.nl\/de\/produkt\/mucho-gusto-armband-schwarz-signature-heart\/"]}]},{"@type":"ImageObject","inLanguage":"de-DE","@id":"https:\/\/muchogusto.nl\/de\/produkt\/mucho-gusto-armband-schwarz-signature-heart\/#primaryimage","url":"https:\/\/muchogusto.nl\/wp-content\/uploads\/2025\/12\/Sjaals-mucho-gusto-2500-x-3333-px-39-scaled.jpg","contentUrl":"https:\/\/muchogusto.nl\/wp-content\/uploads\/2025\/12\/Sjaals-mucho-gusto-2500-x-3333-px-39-scaled.jpg","width":1920,"height":2560,"caption":"MUCHO GUSTO\u00ae Bracelet Red Signature Heart"},{"@type":"BreadcrumbList","@id":"https:\/\/muchogusto.nl\/de\/produkt\/mucho-gusto-armband-schwarz-signature-heart\/#breadcrumb","itemListElement":[{"@type":"ListItem","position":1,"name":"Home","item":"https:\/\/muchogusto.nl\/de\/"},{"@type":"ListItem","position":2,"name":"Shop","item":"https:\/\/muchogusto.nl\/de\/shop-2\/"},{"@type":"ListItem","position":3,"name":"MUCHO GUSTO\u00ae Armband Schwarz Signature Heart"}]},{"@type":"WebSite","@id":"https:\/\/muchogusto.nl\/#website","url":"https:\/\/muchogusto.nl\/","name":"muchogusto.nl","description":"","publisher":{"@id":"https:\/\/muchogusto.nl\/#organization"},"potentialAction":[{"@type":"SearchAction","target":{"@type":"EntryPoint","urlTemplate":"https:\/\/muchogusto.nl\/?s={search_term_string}"},"query-input":{"@type":"PropertyValueSpecification","valueRequired":true,"valueName":"search_term_string"}}],"inLanguage":"de-DE"},{"@type":"Organization","@id":"https:\/\/muchogusto.nl\/#organization","name":"Mucho Gusto","url":"https:\/\/muchogusto.nl\/","logo":{"@type":"ImageObject","inLanguage":"de-DE","@id":"https:\/\/muchogusto.nl\/#\/schema\/logo\/image\/","url":"https:\/\/muchogusto.nl\/wp-content\/uploads\/2022\/08\/logo_header.svg","contentUrl":"https:\/\/muchogusto.nl\/wp-content\/uploads\/2022\/08\/logo_header.svg","caption":"Mucho Gusto"},"image":{"@id":"https:\/\/muchogusto.nl\/#\/schema\/logo\/image\/"},"sameAs":["https:\/\/www.facebook.com\/muchogusto.nl\/","https:\/\/www.instagram.com\/muchogusto.nl\/"]}]}},"_links":{"self":[{"href":"https:\/\/muchogusto.nl\/de\/wp-json\/wp\/v2\/product\/55298","targetHints":{"allow":["GET"]}}],"collection":[{"href":"https:\/\/muchogusto.nl\/de\/wp-json\/wp\/v2\/product"}],"about":[{"href":"https:\/\/muchogusto.nl\/de\/wp-json\/wp\/v2\/types\/product"}],"replies":[{"embeddable":true,"href":"https:\/\/muchogusto.nl\/de\/wp-json\/wp\/v2\/comments?post=55298"}],"wp:featuredmedia":[{"embeddable":true,"href":"https:\/\/muchogusto.nl\/de\/wp-json\/wp\/v2\/media\/55305"}],"wp:attachment":[{"href":"https:\/\/muchogusto.nl\/de\/wp-json\/wp\/v2\/media?parent=55298"}],"wp:term":[{"taxonomy":"product_brand","embeddable":true,"href":"https:\/\/muchogusto.nl\/de\/wp-json\/wp\/v2\/product_brand?post=55298"},{"taxonomy":"product_cat","embeddable":true,"href":"https:\/\/muchogusto.nl\/de\/wp-json\/wp\/v2\/product_cat?post=55298"},{"taxonomy":"product_tag","embeddable":true,"href":"https:\/\/muchogusto.nl\/de\/wp-json\/wp\/v2\/product_tag?post=55298"}],"curies":[{"name":"wp","href":"https:\/\/api.w.org\/{rel}","templated":true}]}}