{"id":54707,"date":"2025-12-01T12:17:18","date_gmt":"2025-12-01T11:17:18","guid":{"rendered":"https:\/\/muchogusto.nl\/product\/mucho-gusto-gilet-faux-fur-winter-bloom-grace\/"},"modified":"2026-03-02T12:02:38","modified_gmt":"2026-03-02T11:02:38","slug":"mucho-gusto-gilet-faux-fur-winter-bloom-grace","status":"publish","type":"product","link":"https:\/\/muchogusto.nl\/de\/produkt\/mucho-gusto-gilet-faux-fur-winter-bloom-grace\/","title":{"rendered":"MUCHO GUSTO\u00ae Gilet Faux Fur Winter Bloom Grace"},"content":{"rendered":"<h3 data-start=\"4972\" data-end=\"4999\"><strong data-start=\"4976\" data-end=\"4999\">DETAILS ZUM PRODUKT<\/strong><\/h3>\n<p data-start=\"5001\" data-end=\"5051\"><strong data-start=\"5001\" data-end=\"5051\">MUCHO GUSTO\u00ae Gilet Faux Fur Winter Bloom Grace<\/strong><\/p>\n<p data-start=\"5053\" data-end=\"5436\">Tauchen Sie ein in stilvolle Winterharmonie mit dem MUCHO GUSTO\u00ae Gilet Faux Fur Winter Bloom Grace \u2014 einem luxuri\u00f6sen Kleidungsst\u00fcck, das weiches Kunstfell mit einem eleganten floralen Satinmuster verbindet. Dieses Design verleiht jedem Look W\u00e4rme, Tiefe und feminine Raffinesse. Das MUCHO GUSTO Gilet Winter Bloom passt perfekt zu legeren Outfits sowie zu eleganten Kombinationen.<\/p>\n<p data-start=\"5438\" data-end=\"5819\">Die \u00fcppigen Kunstfellpartien sorgen f\u00fcr ein gem\u00fctliches Gef\u00fchl und machen dieses Gilet ideal f\u00fcr k\u00fchle Tage. Dar\u00fcber hinaus verleiht das blaue florale Satinmuster einen zarten Glanz, der dem Gesamtbild eine besondere Note gibt. Durch diese harmonische Mischung aus Struktur und Leichtigkeit l\u00e4sst sich das Gilet vielseitig zu Strickwaren, Blusen, Kleidern oder Denim kombinieren.<\/p>\n<p data-start=\"5821\" data-end=\"6161\">Ob Stadtbummel, Wochenendausflug oder ein stilvoller Alltagslook \u2014 dieses Kleidungsst\u00fcck f\u00fcgt sich m\u00fchelos in jede Garderobe ein. Zudem l\u00e4sst sich die sanfte Farbgebung problemlos mit kr\u00e4ftigen und neutralen T\u00f6nen kombinieren. Deshalb wird das MUCHO GUSTO Gilet Winter Bloom schnell zu einem vielseitigen Favoriten f\u00fcr die gesamte Saison.<\/p>\n<p data-start=\"6163\" data-end=\"6282\">Genie\u00dfen Sie ein Kleidungsst\u00fcck, das zeitlos, charmant und elegant wirkt \u2014 genau wie Sie es von MUCHO GUSTO erwarten.<\/p>\n<p data-start=\"6284\" data-end=\"6404\"><strong data-start=\"6284\" data-end=\"6297\">Material:<\/strong> 75% Baumwolle, 25% Viskose \/ 100% PES<br data-start=\"6335\" data-end=\"6338\" \/><strong data-start=\"6338\" data-end=\"6347\">Ma\u00dfe:<\/strong> XS, S, M, L, XL, XXL, 3XL<br data-start=\"6373\" data-end=\"6376\" \/><strong data-start=\"6376\" data-end=\"6392\">Produktcode:<\/strong> C52GIL808<\/p>\n<h3 data-start=\"6406\" data-end=\"6428\">PASSENDE ARTIKEL<\/h3>\n<p data-start=\"6429\" data-end=\"6767\">Vervollst\u00e4ndigen Sie Ihren Look mit einer passenden <a class=\"decorated-link\" href=\"https:\/\/muchogusto.nl\/clothing\/\" target=\"_new\" rel=\"noopener\" data-start=\"6481\" data-end=\"6526\">Bekleidung<\/a>.<br data-start=\"6527\" data-end=\"6530\" \/>M\u00f6chten Sie mehr Schals sehen? Dann schauen Sie sich unsere <a class=\"decorated-link\" href=\"https:\/\/muchogusto.nl\/de\/schals\/\" target=\"_new\" rel=\"noopener\" data-start=\"6590\" data-end=\"6645\">Schals und Seident\u00fccher<\/a> an.<br data-start=\"6649\" data-end=\"6652\" \/>M\u00f6chten Sie mehr Inspiration? Dann besuchen Sie unsere <a class=\"decorated-link\" href=\"https:\/\/www.instagram.com\/muchogusto.nl\/\" target=\"_new\" rel=\"noopener\" data-start=\"6707\" data-end=\"6766\">Instagram-Seite<\/a>.<\/p>\n<h3 data-start=\"6769\" data-end=\"6798\"><strong data-start=\"6773\" data-end=\"6796\">BRAUCHEN SIE HILFE?<\/strong><\/h3>\n<p data-start=\"6799\" data-end=\"6927\">Wenn Sie Fragen zu diesem Artikel oder der Gr\u00f6\u00dfe haben, senden Sie eine E-Mail an unseren Kundenservice unter <a class=\"decorated-link cursor-pointer\" rel=\"noopener\" data-start=\"6909\" data-end=\"6926\">web@muchogusto.nl<\/a>.<\/p>\n","protected":false},"excerpt":{"rendered":"<p>DETAILS ZUM PRODUKT MUCHO GUSTO\u00ae Gilet Faux Fur Winter Bloom Grace Tauchen Sie ein in stilvolle Winterharmonie mit dem MUCHO GUSTO\u00ae Gilet Faux Fur Winter Bloom Grace \u2014 einem luxuri\u00f6sen Kleidungsst\u00fcck, das weiches Kunstfell mit einem eleganten floralen Satinmuster verbindet. Dieses Design verleiht jedem Look W\u00e4rme, Tiefe und feminine Raffinesse. Das MUCHO GUSTO Gilet Winter [&hellip;]<\/p>\n","protected":false},"featured_media":54671,"comment_status":"open","ping_status":"closed","template":"","meta":{"_acf_changed":false,"inline_featured_image":false,"navigation_state":false,"_genesis_hide_title":false,"_genesis_hide_breadcrumbs":false,"_genesis_hide_singular_image":false,"_genesis_hide_footer_widgets":false,"_genesis_custom_body_class":"","_genesis_custom_post_class":"","_genesis_layout":""},"product_brand":[],"product_cat":[3326],"product_tag":[],"class_list":{"0":"post-54707","1":"product","2":"type-product","3":"status-publish","4":"has-post-thumbnail","6":"product_cat-westen","7":"entry","9":"first","10":"instock","11":"sale","12":"taxable","13":"shipping-taxable","14":"purchasable","15":"product-type-variable"},"acf":[],"yoast_head":"<!-- This site is optimized with the Yoast SEO Premium plugin v27.2 (Yoast SEO v27.2) - https:\/\/yoast.com\/product\/yoast-seo-premium-wordpress\/ -->\n<title>MUCHO GUSTO\u00ae Gilet Faux Fur Winter Bloom Grace - Mucho Gusto<\/title>\n<meta name=\"description\" content=\"Ontdek de MUCHO GUSTO\u00ae Gilet Winter Bloom Grace \u2014 een faux fur gilet met florale details en luxe contrast. Dutch Design.\" \/>\n<meta name=\"robots\" content=\"index, follow, max-snippet:-1, max-image-preview:large, max-video-preview:-1\" \/>\n<link rel=\"canonical\" href=\"https:\/\/muchogusto.nl\/de\/produkt\/mucho-gusto-gilet-faux-fur-winter-bloom-grace\/\" \/>\n<meta property=\"og:locale\" content=\"de_DE\" \/>\n<meta property=\"og:type\" content=\"article\" \/>\n<meta property=\"og:title\" content=\"MUCHO GUSTO\u00ae Gilet Faux Fur Winter Bloom Grace\" \/>\n<meta property=\"og:description\" content=\"Ontdek de MUCHO GUSTO\u00ae Gilet Winter Bloom Grace \u2014 een faux fur gilet met florale details en luxe contrast. Dutch Design.\" \/>\n<meta property=\"og:url\" content=\"https:\/\/muchogusto.nl\/de\/produkt\/mucho-gusto-gilet-faux-fur-winter-bloom-grace\/\" \/>\n<meta property=\"og:site_name\" content=\"Mucho Gusto\" \/>\n<meta property=\"article:publisher\" content=\"https:\/\/www.facebook.com\/muchogusto.nl\/\" \/>\n<meta property=\"article:modified_time\" content=\"2026-03-02T11:02:38+00:00\" \/>\n<meta property=\"og:image\" content=\"http:\/\/muchogusto.nl\/wp-content\/uploads\/2025\/12\/Sjaals-mucho-gusto-2500-x-3333-px-32-scaled.jpg\" \/>\n\t<meta property=\"og:image:width\" content=\"1920\" \/>\n\t<meta property=\"og:image:height\" content=\"2560\" \/>\n\t<meta property=\"og:image:type\" content=\"image\/jpeg\" \/>\n<meta name=\"twitter:card\" content=\"summary_large_image\" \/>\n<meta name=\"twitter:label1\" content=\"Est. reading time\" \/>\n\t<meta name=\"twitter:data1\" content=\"2 minutes\" \/>\n<script type=\"application\/ld+json\" class=\"yoast-schema-graph\">{\"@context\":\"https:\/\/schema.org\",\"@graph\":[{\"@type\":\"WebPage\",\"@id\":\"https:\/\/muchogusto.nl\/de\/produkt\/mucho-gusto-gilet-faux-fur-winter-bloom-grace\/\",\"url\":\"https:\/\/muchogusto.nl\/de\/produkt\/mucho-gusto-gilet-faux-fur-winter-bloom-grace\/\",\"name\":\"MUCHO GUSTO\u00ae Gilet Faux Fur Winter Bloom Grace - Mucho Gusto\",\"isPartOf\":{\"@id\":\"https:\/\/muchogusto.nl\/#website\"},\"primaryImageOfPage\":{\"@id\":\"https:\/\/muchogusto.nl\/de\/produkt\/mucho-gusto-gilet-faux-fur-winter-bloom-grace\/#primaryimage\"},\"image\":{\"@id\":\"https:\/\/muchogusto.nl\/de\/produkt\/mucho-gusto-gilet-faux-fur-winter-bloom-grace\/#primaryimage\"},\"thumbnailUrl\":\"https:\/\/muchogusto.nl\/wp-content\/uploads\/2025\/12\/Sjaals-mucho-gusto-2500-x-3333-px-32-scaled.jpg\",\"datePublished\":\"2025-12-01T11:17:18+00:00\",\"dateModified\":\"2026-03-02T11:02:38+00:00\",\"description\":\"Ontdek de MUCHO GUSTO\u00ae Gilet Winter Bloom Grace \u2014 een faux fur gilet met florale details en luxe contrast. Dutch Design.\",\"breadcrumb\":{\"@id\":\"https:\/\/muchogusto.nl\/de\/produkt\/mucho-gusto-gilet-faux-fur-winter-bloom-grace\/#breadcrumb\"},\"inLanguage\":\"de-DE\",\"potentialAction\":[{\"@type\":\"ReadAction\",\"target\":[\"https:\/\/muchogusto.nl\/de\/produkt\/mucho-gusto-gilet-faux-fur-winter-bloom-grace\/\"]}]},{\"@type\":\"ImageObject\",\"inLanguage\":\"de-DE\",\"@id\":\"https:\/\/muchogusto.nl\/de\/produkt\/mucho-gusto-gilet-faux-fur-winter-bloom-grace\/#primaryimage\",\"url\":\"https:\/\/muchogusto.nl\/wp-content\/uploads\/2025\/12\/Sjaals-mucho-gusto-2500-x-3333-px-32-scaled.jpg\",\"contentUrl\":\"https:\/\/muchogusto.nl\/wp-content\/uploads\/2025\/12\/Sjaals-mucho-gusto-2500-x-3333-px-32-scaled.jpg\",\"width\":1920,\"height\":2560},{\"@type\":\"BreadcrumbList\",\"@id\":\"https:\/\/muchogusto.nl\/de\/produkt\/mucho-gusto-gilet-faux-fur-winter-bloom-grace\/#breadcrumb\",\"itemListElement\":[{\"@type\":\"ListItem\",\"position\":1,\"name\":\"Home\",\"item\":\"https:\/\/muchogusto.nl\/de\/\"},{\"@type\":\"ListItem\",\"position\":2,\"name\":\"Shop\",\"item\":\"https:\/\/muchogusto.nl\/de\/shop-2\/\"},{\"@type\":\"ListItem\",\"position\":3,\"name\":\"MUCHO GUSTO\u00ae Gilet Faux Fur Winter Bloom Grace\"}]},{\"@type\":\"WebSite\",\"@id\":\"https:\/\/muchogusto.nl\/#website\",\"url\":\"https:\/\/muchogusto.nl\/\",\"name\":\"muchogusto.nl\",\"description\":\"\",\"publisher\":{\"@id\":\"https:\/\/muchogusto.nl\/#organization\"},\"potentialAction\":[{\"@type\":\"SearchAction\",\"target\":{\"@type\":\"EntryPoint\",\"urlTemplate\":\"https:\/\/muchogusto.nl\/?s={search_term_string}\"},\"query-input\":{\"@type\":\"PropertyValueSpecification\",\"valueRequired\":true,\"valueName\":\"search_term_string\"}}],\"inLanguage\":\"de-DE\"},{\"@type\":\"Organization\",\"@id\":\"https:\/\/muchogusto.nl\/#organization\",\"name\":\"Mucho Gusto\",\"url\":\"https:\/\/muchogusto.nl\/\",\"logo\":{\"@type\":\"ImageObject\",\"inLanguage\":\"de-DE\",\"@id\":\"https:\/\/muchogusto.nl\/#\/schema\/logo\/image\/\",\"url\":\"https:\/\/muchogusto.nl\/wp-content\/uploads\/2022\/08\/logo_header.svg\",\"contentUrl\":\"https:\/\/muchogusto.nl\/wp-content\/uploads\/2022\/08\/logo_header.svg\",\"caption\":\"Mucho Gusto\"},\"image\":{\"@id\":\"https:\/\/muchogusto.nl\/#\/schema\/logo\/image\/\"},\"sameAs\":[\"https:\/\/www.facebook.com\/muchogusto.nl\/\",\"https:\/\/www.instagram.com\/muchogusto.nl\/\"]}]}<\/script>\n<!-- \/ Yoast SEO Premium plugin. -->","yoast_head_json":{"title":"MUCHO GUSTO\u00ae Gilet Faux Fur Winter Bloom Grace - Mucho Gusto","description":"Ontdek de MUCHO GUSTO\u00ae Gilet Winter Bloom Grace \u2014 een faux fur gilet met florale details en luxe contrast. Dutch Design.","robots":{"index":"index","follow":"follow","max-snippet":"max-snippet:-1","max-image-preview":"max-image-preview:large","max-video-preview":"max-video-preview:-1"},"canonical":"https:\/\/muchogusto.nl\/de\/produkt\/mucho-gusto-gilet-faux-fur-winter-bloom-grace\/","og_locale":"de_DE","og_type":"article","og_title":"MUCHO GUSTO\u00ae Gilet Faux Fur Winter Bloom Grace","og_description":"Ontdek de MUCHO GUSTO\u00ae Gilet Winter Bloom Grace \u2014 een faux fur gilet met florale details en luxe contrast. Dutch Design.","og_url":"https:\/\/muchogusto.nl\/de\/produkt\/mucho-gusto-gilet-faux-fur-winter-bloom-grace\/","og_site_name":"Mucho Gusto","article_publisher":"https:\/\/www.facebook.com\/muchogusto.nl\/","article_modified_time":"2026-03-02T11:02:38+00:00","og_image":[{"width":1920,"height":2560,"url":"http:\/\/muchogusto.nl\/wp-content\/uploads\/2025\/12\/Sjaals-mucho-gusto-2500-x-3333-px-32-scaled.jpg","type":"image\/jpeg"}],"twitter_card":"summary_large_image","twitter_misc":{"Est. reading time":"2 minutes"},"schema":{"@context":"https:\/\/schema.org","@graph":[{"@type":"WebPage","@id":"https:\/\/muchogusto.nl\/de\/produkt\/mucho-gusto-gilet-faux-fur-winter-bloom-grace\/","url":"https:\/\/muchogusto.nl\/de\/produkt\/mucho-gusto-gilet-faux-fur-winter-bloom-grace\/","name":"MUCHO GUSTO\u00ae Gilet Faux Fur Winter Bloom Grace - Mucho Gusto","isPartOf":{"@id":"https:\/\/muchogusto.nl\/#website"},"primaryImageOfPage":{"@id":"https:\/\/muchogusto.nl\/de\/produkt\/mucho-gusto-gilet-faux-fur-winter-bloom-grace\/#primaryimage"},"image":{"@id":"https:\/\/muchogusto.nl\/de\/produkt\/mucho-gusto-gilet-faux-fur-winter-bloom-grace\/#primaryimage"},"thumbnailUrl":"https:\/\/muchogusto.nl\/wp-content\/uploads\/2025\/12\/Sjaals-mucho-gusto-2500-x-3333-px-32-scaled.jpg","datePublished":"2025-12-01T11:17:18+00:00","dateModified":"2026-03-02T11:02:38+00:00","description":"Ontdek de MUCHO GUSTO\u00ae Gilet Winter Bloom Grace \u2014 een faux fur gilet met florale details en luxe contrast. Dutch Design.","breadcrumb":{"@id":"https:\/\/muchogusto.nl\/de\/produkt\/mucho-gusto-gilet-faux-fur-winter-bloom-grace\/#breadcrumb"},"inLanguage":"de-DE","potentialAction":[{"@type":"ReadAction","target":["https:\/\/muchogusto.nl\/de\/produkt\/mucho-gusto-gilet-faux-fur-winter-bloom-grace\/"]}]},{"@type":"ImageObject","inLanguage":"de-DE","@id":"https:\/\/muchogusto.nl\/de\/produkt\/mucho-gusto-gilet-faux-fur-winter-bloom-grace\/#primaryimage","url":"https:\/\/muchogusto.nl\/wp-content\/uploads\/2025\/12\/Sjaals-mucho-gusto-2500-x-3333-px-32-scaled.jpg","contentUrl":"https:\/\/muchogusto.nl\/wp-content\/uploads\/2025\/12\/Sjaals-mucho-gusto-2500-x-3333-px-32-scaled.jpg","width":1920,"height":2560},{"@type":"BreadcrumbList","@id":"https:\/\/muchogusto.nl\/de\/produkt\/mucho-gusto-gilet-faux-fur-winter-bloom-grace\/#breadcrumb","itemListElement":[{"@type":"ListItem","position":1,"name":"Home","item":"https:\/\/muchogusto.nl\/de\/"},{"@type":"ListItem","position":2,"name":"Shop","item":"https:\/\/muchogusto.nl\/de\/shop-2\/"},{"@type":"ListItem","position":3,"name":"MUCHO GUSTO\u00ae Gilet Faux Fur Winter Bloom Grace"}]},{"@type":"WebSite","@id":"https:\/\/muchogusto.nl\/#website","url":"https:\/\/muchogusto.nl\/","name":"muchogusto.nl","description":"","publisher":{"@id":"https:\/\/muchogusto.nl\/#organization"},"potentialAction":[{"@type":"SearchAction","target":{"@type":"EntryPoint","urlTemplate":"https:\/\/muchogusto.nl\/?s={search_term_string}"},"query-input":{"@type":"PropertyValueSpecification","valueRequired":true,"valueName":"search_term_string"}}],"inLanguage":"de-DE"},{"@type":"Organization","@id":"https:\/\/muchogusto.nl\/#organization","name":"Mucho Gusto","url":"https:\/\/muchogusto.nl\/","logo":{"@type":"ImageObject","inLanguage":"de-DE","@id":"https:\/\/muchogusto.nl\/#\/schema\/logo\/image\/","url":"https:\/\/muchogusto.nl\/wp-content\/uploads\/2022\/08\/logo_header.svg","contentUrl":"https:\/\/muchogusto.nl\/wp-content\/uploads\/2022\/08\/logo_header.svg","caption":"Mucho Gusto"},"image":{"@id":"https:\/\/muchogusto.nl\/#\/schema\/logo\/image\/"},"sameAs":["https:\/\/www.facebook.com\/muchogusto.nl\/","https:\/\/www.instagram.com\/muchogusto.nl\/"]}]}},"_links":{"self":[{"href":"https:\/\/muchogusto.nl\/de\/wp-json\/wp\/v2\/product\/54707","targetHints":{"allow":["GET"]}}],"collection":[{"href":"https:\/\/muchogusto.nl\/de\/wp-json\/wp\/v2\/product"}],"about":[{"href":"https:\/\/muchogusto.nl\/de\/wp-json\/wp\/v2\/types\/product"}],"replies":[{"embeddable":true,"href":"https:\/\/muchogusto.nl\/de\/wp-json\/wp\/v2\/comments?post=54707"}],"wp:featuredmedia":[{"embeddable":true,"href":"https:\/\/muchogusto.nl\/de\/wp-json\/wp\/v2\/media\/54671"}],"wp:attachment":[{"href":"https:\/\/muchogusto.nl\/de\/wp-json\/wp\/v2\/media?parent=54707"}],"wp:term":[{"taxonomy":"product_brand","embeddable":true,"href":"https:\/\/muchogusto.nl\/de\/wp-json\/wp\/v2\/product_brand?post=54707"},{"taxonomy":"product_cat","embeddable":true,"href":"https:\/\/muchogusto.nl\/de\/wp-json\/wp\/v2\/product_cat?post=54707"},{"taxonomy":"product_tag","embeddable":true,"href":"https:\/\/muchogusto.nl\/de\/wp-json\/wp\/v2\/product_tag?post=54707"}],"curies":[{"name":"wp","href":"https:\/\/api.w.org\/{rel}","templated":true}]}}