{"id":54391,"date":"2025-11-21T13:24:58","date_gmt":"2025-11-21T12:24:58","guid":{"rendered":"https:\/\/muchogusto.nl\/product\/mucho-gusto-sjaal-gooische-vrouwen-fluo-groene-franjes\/"},"modified":"2026-03-02T12:02:38","modified_gmt":"2026-03-02T11:02:38","slug":"mucho-gusto-schal-gooische-vrouwen-fluo-gruene-fransen","status":"publish","type":"product","link":"https:\/\/muchogusto.nl\/de\/produkt\/mucho-gusto-schal-gooische-vrouwen-fluo-gruene-fransen\/","title":{"rendered":"MUCHO GUSTO\u00ae Schal Gooische Vrouwen Fluo Gr\u00fcne Fransen"},"content":{"rendered":"<h3 data-start=\"6363\" data-end=\"6388\">DETAILS ZUM PRODUKT<\/h3>\n<p data-start=\"6389\" data-end=\"6447\"><strong data-start=\"6389\" data-end=\"6447\">MUCHO GUSTO\u00ae Schal Gooische Vrouwen Fluo Gr\u00fcne Fransen<\/strong><\/p>\n<p data-start=\"6449\" data-end=\"7053\">Erleben Sie moderne Farbe, kreative Details und feminine Eleganz mit dem MUCHO GUSTO\u00ae Schal Gooische Vrouwen Fluo Gr\u00fcne Fransen \u2014 einem luxuri\u00f6sen dreieckigen Seidenschal, der Stil, Ausdruckskraft und Leichtigkeit vereint. Der himmelblaue Hintergrund erzeugt eine ruhige Basis, w\u00e4hrend die farbenfrohen Seepferdchen dem Design eine spielerische und k\u00fcnstlerische Note verleihen. Die kr\u00e4ftigen Pink- und fluo-gr\u00fcnen Rahmen verst\u00e4rken den Kontrast und verleihen dem Schal einen modernen Dutch Design-Charakter. Der MUCHO GUSTO Schal Gooische Vrouwen verleiht jedem Outfit Energie, Farbe und Pers\u00f6nlichkeit.<\/p>\n<p data-start=\"7055\" data-end=\"7499\">Dank seiner gro\u00dfz\u00fcgigen dreieckigen Form bietet der Schal zahlreiche Stylingm\u00f6glichkeiten. Sie k\u00f6nnen ihn locker tragen oder elegant falten \u2014 beides unterstreicht die geschmeidige Leichtigkeit der 100%igen Seide. Die fluo gr\u00fcnen Fransen verleihen dem Schal zus\u00e4tzlich Struktur, Bewegung und einen modernen Akzent. Dadurch eignet sich dieses Accessoire ideal f\u00fcr jede Jahreszeit und l\u00e4sst sich m\u00fchelos mit Blusen, Strick oder Jacken kombinieren.<\/p>\n<p data-start=\"7501\" data-end=\"7869\">Die lebendige Farbpalette \u2014 Himmelblau, Pink, Neon-Gr\u00fcn, Koralle, Gelb, Orange und Violett \u2014 schafft ein frisches, modernes und gleichzeitig zeitloses Bild. Die Seepferdchen sorgen f\u00fcr eine fantasievolle Leichtigkeit, w\u00e4hrend die klaren Farbkanten Struktur und Tiefe geben. Dieses Design ist ein typisches MUCHO GUSTO\u00ae Statement-Piece voller Kreativit\u00e4t und Charakter.<\/p>\n<p data-start=\"7871\" data-end=\"8100\">Mit seiner eleganten Bewegung, der intensiven Farbkraft und der luxuri\u00f6sen Textur wird der MUCHO GUSTO Schal Gooische Vrouwen Fluo Gr\u00fcne Fransen zu einem vielseitigen Lieblingsst\u00fcck, das Ihren Look das ganze Jahr \u00fcber bereichert.<\/p>\n<p data-start=\"8102\" data-end=\"8342\"><strong data-start=\"8102\" data-end=\"8118\">Dutch Design<\/strong><br data-start=\"8118\" data-end=\"8121\" \/><strong data-start=\"8121\" data-end=\"8134\">Material:<\/strong> 100% Seide<br data-start=\"8145\" data-end=\"8148\" \/><strong data-start=\"8148\" data-end=\"8157\">Ma\u00dfe:<\/strong> 220 x 140 x 140 cm<br data-start=\"8176\" data-end=\"8179\" \/><strong data-start=\"8179\" data-end=\"8188\">Form:<\/strong> Dreieckig<br data-start=\"8198\" data-end=\"8201\" \/><strong data-start=\"8201\" data-end=\"8212\">Design:<\/strong> Mehrfarbige Seepferdchen mit fluo gr\u00fcnen Fransen<br data-start=\"8261\" data-end=\"8264\" \/><strong data-start=\"8264\" data-end=\"8280\">Farbpalette:<\/strong> Himmelblau, Pink, Neon-Gr\u00fcn, Koralle, Gelb, Orange, Violett<\/p>\n<h3 data-start=\"8344\" data-end=\"8366\">PASSENDE ARTIKEL<\/h3>\n<p data-start=\"8367\" data-end=\"8654\">Vervollst\u00e4ndigen Sie Ihr Outfit mit einer passenden <a class=\"decorated-link\" href=\"https:\/\/muchogusto.nl\/clothing\/\" target=\"_new\" rel=\"noopener\" data-start=\"8419\" data-end=\"8464\">Bekleidung<\/a>.<br data-start=\"8465\" data-end=\"8468\" \/>M\u00f6chten Sie weitere <a class=\"decorated-link\" href=\"https:\/\/muchogusto.nl\/de\/schals\/\" target=\"_new\" rel=\"noopener\" data-start=\"8488\" data-end=\"8526\">Schals<\/a> entdecken?<br data-start=\"8537\" data-end=\"8540\" \/>Oder suchen Sie mehr Inspiration? Besuchen Sie unsere <a class=\"decorated-link\" href=\"https:\/\/www.instagram.com\/muchogusto.nl\/\" target=\"_new\" rel=\"noopener\" data-start=\"8594\" data-end=\"8653\">Instagram-Seite<\/a>.<\/p>\n<h3 data-start=\"8656\" data-end=\"8681\">BRAUCHEN SIE HILFE?<\/h3>\n<p data-start=\"8682\" data-end=\"8810\">Wenn Sie Fragen zu diesem Artikel oder der Gr\u00f6\u00dfe haben, senden Sie eine E-Mail an unseren Kundenservice unter <a class=\"decorated-link cursor-pointer\" rel=\"noopener\" data-start=\"8792\" data-end=\"8809\">web@muchogusto.nl<\/a>.<\/p>\n","protected":false},"excerpt":{"rendered":"<p>DETAILS ZUM PRODUKT MUCHO GUSTO\u00ae Schal Gooische Vrouwen Fluo Gr\u00fcne Fransen Erleben Sie moderne Farbe, kreative Details und feminine Eleganz mit dem MUCHO GUSTO\u00ae Schal Gooische Vrouwen Fluo Gr\u00fcne Fransen \u2014 einem luxuri\u00f6sen dreieckigen Seidenschal, der Stil, Ausdruckskraft und Leichtigkeit vereint. Der himmelblaue Hintergrund erzeugt eine ruhige Basis, w\u00e4hrend die farbenfrohen Seepferdchen dem Design eine [&hellip;]<\/p>\n","protected":false},"featured_media":54386,"comment_status":"open","ping_status":"closed","template":"","meta":{"_acf_changed":false,"inline_featured_image":false,"navigation_state":false,"_genesis_hide_title":false,"_genesis_hide_breadcrumbs":false,"_genesis_hide_singular_image":false,"_genesis_hide_footer_widgets":false,"_genesis_custom_body_class":"","_genesis_custom_post_class":"","_genesis_layout":""},"product_brand":[],"product_cat":[87],"product_tag":[],"class_list":{"0":"post-54391","1":"product","2":"type-product","3":"status-publish","4":"has-post-thumbnail","6":"product_cat-schals","7":"entry","9":"first","10":"instock","11":"sale","12":"taxable","13":"shipping-taxable","14":"purchasable","15":"product-type-simple"},"acf":[],"yoast_head":"<!-- This site is optimized with the Yoast SEO Premium plugin v27.2 (Yoast SEO v27.2) - https:\/\/yoast.com\/product\/yoast-seo-premium-wordpress\/ -->\n<title>MUCHO GUSTO\u00ae Schal Gooische Vrouwen Fluo Gr\u00fcne Fransen - Mucho Gusto<\/title>\n<meta name=\"description\" content=\"Entdecken Sie den MUCHO GUSTO\u00ae Schal Gooische Vrouwen Fluo Gr\u00fcne Fransen \u2014 ein dreieckiger Seidenschal mit bunten Seepferdchen und neon-gr\u00fcnen Fransen. Dutch Design.\" \/>\n<meta name=\"robots\" content=\"index, follow, max-snippet:-1, max-image-preview:large, max-video-preview:-1\" \/>\n<link rel=\"canonical\" href=\"https:\/\/muchogusto.nl\/de\/produkt\/mucho-gusto-schal-gooische-vrouwen-fluo-gruene-fransen\/\" \/>\n<meta property=\"og:locale\" content=\"de_DE\" \/>\n<meta property=\"og:type\" content=\"article\" \/>\n<meta property=\"og:title\" content=\"MUCHO GUSTO\u00ae Schal Gooische Vrouwen Fluo Gr\u00fcne Fransen\" \/>\n<meta property=\"og:description\" content=\"Entdecken Sie den MUCHO GUSTO\u00ae Schal Gooische Vrouwen Fluo Gr\u00fcne Fransen \u2014 ein dreieckiger Seidenschal mit bunten Seepferdchen und neon-gr\u00fcnen Fransen. Dutch Design.\" \/>\n<meta property=\"og:url\" content=\"https:\/\/muchogusto.nl\/de\/produkt\/mucho-gusto-schal-gooische-vrouwen-fluo-gruene-fransen\/\" \/>\n<meta property=\"og:site_name\" content=\"Mucho Gusto\" \/>\n<meta property=\"article:publisher\" content=\"https:\/\/www.facebook.com\/muchogusto.nl\/\" \/>\n<meta property=\"article:modified_time\" content=\"2026-03-02T11:02:38+00:00\" \/>\n<meta property=\"og:image\" content=\"http:\/\/muchogusto.nl\/wp-content\/uploads\/2025\/11\/S52GIV002-scaled.jpg\" \/>\n\t<meta property=\"og:image:width\" content=\"1920\" \/>\n\t<meta property=\"og:image:height\" content=\"2560\" \/>\n\t<meta property=\"og:image:type\" content=\"image\/jpeg\" \/>\n<meta name=\"twitter:card\" content=\"summary_large_image\" \/>\n<meta name=\"twitter:label1\" content=\"Est. reading time\" \/>\n\t<meta name=\"twitter:data1\" content=\"2 minutes\" \/>\n<script type=\"application\/ld+json\" class=\"yoast-schema-graph\">{\"@context\":\"https:\/\/schema.org\",\"@graph\":[{\"@type\":\"WebPage\",\"@id\":\"https:\/\/muchogusto.nl\/de\/produkt\/mucho-gusto-schal-gooische-vrouwen-fluo-gruene-fransen\/\",\"url\":\"https:\/\/muchogusto.nl\/de\/produkt\/mucho-gusto-schal-gooische-vrouwen-fluo-gruene-fransen\/\",\"name\":\"MUCHO GUSTO\u00ae Schal Gooische Vrouwen Fluo Gr\u00fcne Fransen - Mucho Gusto\",\"isPartOf\":{\"@id\":\"https:\/\/muchogusto.nl\/#website\"},\"primaryImageOfPage\":{\"@id\":\"https:\/\/muchogusto.nl\/de\/produkt\/mucho-gusto-schal-gooische-vrouwen-fluo-gruene-fransen\/#primaryimage\"},\"image\":{\"@id\":\"https:\/\/muchogusto.nl\/de\/produkt\/mucho-gusto-schal-gooische-vrouwen-fluo-gruene-fransen\/#primaryimage\"},\"thumbnailUrl\":\"https:\/\/muchogusto.nl\/wp-content\/uploads\/2025\/11\/S52GIV002-scaled.jpg\",\"datePublished\":\"2025-11-21T12:24:58+00:00\",\"dateModified\":\"2026-03-02T11:02:38+00:00\",\"description\":\"Entdecken Sie den MUCHO GUSTO\u00ae Schal Gooische Vrouwen Fluo Gr\u00fcne Fransen \u2014 ein dreieckiger Seidenschal mit bunten Seepferdchen und neon-gr\u00fcnen Fransen. Dutch Design.\",\"breadcrumb\":{\"@id\":\"https:\/\/muchogusto.nl\/de\/produkt\/mucho-gusto-schal-gooische-vrouwen-fluo-gruene-fransen\/#breadcrumb\"},\"inLanguage\":\"de-DE\",\"potentialAction\":[{\"@type\":\"ReadAction\",\"target\":[\"https:\/\/muchogusto.nl\/de\/produkt\/mucho-gusto-schal-gooische-vrouwen-fluo-gruene-fransen\/\"]}]},{\"@type\":\"ImageObject\",\"inLanguage\":\"de-DE\",\"@id\":\"https:\/\/muchogusto.nl\/de\/produkt\/mucho-gusto-schal-gooische-vrouwen-fluo-gruene-fransen\/#primaryimage\",\"url\":\"https:\/\/muchogusto.nl\/wp-content\/uploads\/2025\/11\/S52GIV002-scaled.jpg\",\"contentUrl\":\"https:\/\/muchogusto.nl\/wp-content\/uploads\/2025\/11\/S52GIV002-scaled.jpg\",\"width\":1920,\"height\":2560,\"caption\":\"MUCHO GUSTO\u00ae Scarf Gooische Vrouwen Fluo Green Fringes\"},{\"@type\":\"BreadcrumbList\",\"@id\":\"https:\/\/muchogusto.nl\/de\/produkt\/mucho-gusto-schal-gooische-vrouwen-fluo-gruene-fransen\/#breadcrumb\",\"itemListElement\":[{\"@type\":\"ListItem\",\"position\":1,\"name\":\"Home\",\"item\":\"https:\/\/muchogusto.nl\/de\/\"},{\"@type\":\"ListItem\",\"position\":2,\"name\":\"Shop\",\"item\":\"https:\/\/muchogusto.nl\/de\/shop-2\/\"},{\"@type\":\"ListItem\",\"position\":3,\"name\":\"MUCHO GUSTO\u00ae Schal Gooische Vrouwen Fluo Gr\u00fcne Fransen\"}]},{\"@type\":\"WebSite\",\"@id\":\"https:\/\/muchogusto.nl\/#website\",\"url\":\"https:\/\/muchogusto.nl\/\",\"name\":\"muchogusto.nl\",\"description\":\"\",\"publisher\":{\"@id\":\"https:\/\/muchogusto.nl\/#organization\"},\"potentialAction\":[{\"@type\":\"SearchAction\",\"target\":{\"@type\":\"EntryPoint\",\"urlTemplate\":\"https:\/\/muchogusto.nl\/?s={search_term_string}\"},\"query-input\":{\"@type\":\"PropertyValueSpecification\",\"valueRequired\":true,\"valueName\":\"search_term_string\"}}],\"inLanguage\":\"de-DE\"},{\"@type\":\"Organization\",\"@id\":\"https:\/\/muchogusto.nl\/#organization\",\"name\":\"Mucho Gusto\",\"url\":\"https:\/\/muchogusto.nl\/\",\"logo\":{\"@type\":\"ImageObject\",\"inLanguage\":\"de-DE\",\"@id\":\"https:\/\/muchogusto.nl\/#\/schema\/logo\/image\/\",\"url\":\"https:\/\/muchogusto.nl\/wp-content\/uploads\/2022\/08\/logo_header.svg\",\"contentUrl\":\"https:\/\/muchogusto.nl\/wp-content\/uploads\/2022\/08\/logo_header.svg\",\"caption\":\"Mucho Gusto\"},\"image\":{\"@id\":\"https:\/\/muchogusto.nl\/#\/schema\/logo\/image\/\"},\"sameAs\":[\"https:\/\/www.facebook.com\/muchogusto.nl\/\",\"https:\/\/www.instagram.com\/muchogusto.nl\/\"]}]}<\/script>\n<!-- \/ Yoast SEO Premium plugin. -->","yoast_head_json":{"title":"MUCHO GUSTO\u00ae Schal Gooische Vrouwen Fluo Gr\u00fcne Fransen - Mucho Gusto","description":"Entdecken Sie den MUCHO GUSTO\u00ae Schal Gooische Vrouwen Fluo Gr\u00fcne Fransen \u2014 ein dreieckiger Seidenschal mit bunten Seepferdchen und neon-gr\u00fcnen Fransen. Dutch Design.","robots":{"index":"index","follow":"follow","max-snippet":"max-snippet:-1","max-image-preview":"max-image-preview:large","max-video-preview":"max-video-preview:-1"},"canonical":"https:\/\/muchogusto.nl\/de\/produkt\/mucho-gusto-schal-gooische-vrouwen-fluo-gruene-fransen\/","og_locale":"de_DE","og_type":"article","og_title":"MUCHO GUSTO\u00ae Schal Gooische Vrouwen Fluo Gr\u00fcne Fransen","og_description":"Entdecken Sie den MUCHO GUSTO\u00ae Schal Gooische Vrouwen Fluo Gr\u00fcne Fransen \u2014 ein dreieckiger Seidenschal mit bunten Seepferdchen und neon-gr\u00fcnen Fransen. Dutch Design.","og_url":"https:\/\/muchogusto.nl\/de\/produkt\/mucho-gusto-schal-gooische-vrouwen-fluo-gruene-fransen\/","og_site_name":"Mucho Gusto","article_publisher":"https:\/\/www.facebook.com\/muchogusto.nl\/","article_modified_time":"2026-03-02T11:02:38+00:00","og_image":[{"width":1920,"height":2560,"url":"http:\/\/muchogusto.nl\/wp-content\/uploads\/2025\/11\/S52GIV002-scaled.jpg","type":"image\/jpeg"}],"twitter_card":"summary_large_image","twitter_misc":{"Est. reading time":"2 minutes"},"schema":{"@context":"https:\/\/schema.org","@graph":[{"@type":"WebPage","@id":"https:\/\/muchogusto.nl\/de\/produkt\/mucho-gusto-schal-gooische-vrouwen-fluo-gruene-fransen\/","url":"https:\/\/muchogusto.nl\/de\/produkt\/mucho-gusto-schal-gooische-vrouwen-fluo-gruene-fransen\/","name":"MUCHO GUSTO\u00ae Schal Gooische Vrouwen Fluo Gr\u00fcne Fransen - Mucho Gusto","isPartOf":{"@id":"https:\/\/muchogusto.nl\/#website"},"primaryImageOfPage":{"@id":"https:\/\/muchogusto.nl\/de\/produkt\/mucho-gusto-schal-gooische-vrouwen-fluo-gruene-fransen\/#primaryimage"},"image":{"@id":"https:\/\/muchogusto.nl\/de\/produkt\/mucho-gusto-schal-gooische-vrouwen-fluo-gruene-fransen\/#primaryimage"},"thumbnailUrl":"https:\/\/muchogusto.nl\/wp-content\/uploads\/2025\/11\/S52GIV002-scaled.jpg","datePublished":"2025-11-21T12:24:58+00:00","dateModified":"2026-03-02T11:02:38+00:00","description":"Entdecken Sie den MUCHO GUSTO\u00ae Schal Gooische Vrouwen Fluo Gr\u00fcne Fransen \u2014 ein dreieckiger Seidenschal mit bunten Seepferdchen und neon-gr\u00fcnen Fransen. Dutch Design.","breadcrumb":{"@id":"https:\/\/muchogusto.nl\/de\/produkt\/mucho-gusto-schal-gooische-vrouwen-fluo-gruene-fransen\/#breadcrumb"},"inLanguage":"de-DE","potentialAction":[{"@type":"ReadAction","target":["https:\/\/muchogusto.nl\/de\/produkt\/mucho-gusto-schal-gooische-vrouwen-fluo-gruene-fransen\/"]}]},{"@type":"ImageObject","inLanguage":"de-DE","@id":"https:\/\/muchogusto.nl\/de\/produkt\/mucho-gusto-schal-gooische-vrouwen-fluo-gruene-fransen\/#primaryimage","url":"https:\/\/muchogusto.nl\/wp-content\/uploads\/2025\/11\/S52GIV002-scaled.jpg","contentUrl":"https:\/\/muchogusto.nl\/wp-content\/uploads\/2025\/11\/S52GIV002-scaled.jpg","width":1920,"height":2560,"caption":"MUCHO GUSTO\u00ae Scarf Gooische Vrouwen Fluo Green Fringes"},{"@type":"BreadcrumbList","@id":"https:\/\/muchogusto.nl\/de\/produkt\/mucho-gusto-schal-gooische-vrouwen-fluo-gruene-fransen\/#breadcrumb","itemListElement":[{"@type":"ListItem","position":1,"name":"Home","item":"https:\/\/muchogusto.nl\/de\/"},{"@type":"ListItem","position":2,"name":"Shop","item":"https:\/\/muchogusto.nl\/de\/shop-2\/"},{"@type":"ListItem","position":3,"name":"MUCHO GUSTO\u00ae Schal Gooische Vrouwen Fluo Gr\u00fcne Fransen"}]},{"@type":"WebSite","@id":"https:\/\/muchogusto.nl\/#website","url":"https:\/\/muchogusto.nl\/","name":"muchogusto.nl","description":"","publisher":{"@id":"https:\/\/muchogusto.nl\/#organization"},"potentialAction":[{"@type":"SearchAction","target":{"@type":"EntryPoint","urlTemplate":"https:\/\/muchogusto.nl\/?s={search_term_string}"},"query-input":{"@type":"PropertyValueSpecification","valueRequired":true,"valueName":"search_term_string"}}],"inLanguage":"de-DE"},{"@type":"Organization","@id":"https:\/\/muchogusto.nl\/#organization","name":"Mucho Gusto","url":"https:\/\/muchogusto.nl\/","logo":{"@type":"ImageObject","inLanguage":"de-DE","@id":"https:\/\/muchogusto.nl\/#\/schema\/logo\/image\/","url":"https:\/\/muchogusto.nl\/wp-content\/uploads\/2022\/08\/logo_header.svg","contentUrl":"https:\/\/muchogusto.nl\/wp-content\/uploads\/2022\/08\/logo_header.svg","caption":"Mucho Gusto"},"image":{"@id":"https:\/\/muchogusto.nl\/#\/schema\/logo\/image\/"},"sameAs":["https:\/\/www.facebook.com\/muchogusto.nl\/","https:\/\/www.instagram.com\/muchogusto.nl\/"]}]}},"_links":{"self":[{"href":"https:\/\/muchogusto.nl\/de\/wp-json\/wp\/v2\/product\/54391","targetHints":{"allow":["GET"]}}],"collection":[{"href":"https:\/\/muchogusto.nl\/de\/wp-json\/wp\/v2\/product"}],"about":[{"href":"https:\/\/muchogusto.nl\/de\/wp-json\/wp\/v2\/types\/product"}],"replies":[{"embeddable":true,"href":"https:\/\/muchogusto.nl\/de\/wp-json\/wp\/v2\/comments?post=54391"}],"wp:featuredmedia":[{"embeddable":true,"href":"https:\/\/muchogusto.nl\/de\/wp-json\/wp\/v2\/media\/54386"}],"wp:attachment":[{"href":"https:\/\/muchogusto.nl\/de\/wp-json\/wp\/v2\/media?parent=54391"}],"wp:term":[{"taxonomy":"product_brand","embeddable":true,"href":"https:\/\/muchogusto.nl\/de\/wp-json\/wp\/v2\/product_brand?post=54391"},{"taxonomy":"product_cat","embeddable":true,"href":"https:\/\/muchogusto.nl\/de\/wp-json\/wp\/v2\/product_cat?post=54391"},{"taxonomy":"product_tag","embeddable":true,"href":"https:\/\/muchogusto.nl\/de\/wp-json\/wp\/v2\/product_tag?post=54391"}],"curies":[{"name":"wp","href":"https:\/\/api.w.org\/{rel}","templated":true}]}}