{"id":53999,"date":"2025-11-18T11:50:53","date_gmt":"2025-11-18T10:50:53","guid":{"rendered":"https:\/\/muchogusto.nl\/product\/mucho-gusto-sjaal-abu-dhabi-midnight-paisley\/"},"modified":"2026-03-02T12:02:38","modified_gmt":"2026-03-02T11:02:38","slug":"mucho-gusto-schal-abu-dhabi-midnight-paisley","status":"publish","type":"product","link":"https:\/\/muchogusto.nl\/de\/produkt\/mucho-gusto-schal-abu-dhabi-midnight-paisley\/","title":{"rendered":"MUCHO GUSTO\u00ae Schal Abu Dhabi Midnight Paisley"},"content":{"rendered":"<h2 data-start=\"3079\" data-end=\"3107\"><strong data-start=\"3082\" data-end=\"3105\">DETAILS ZUM PRODUKT<\/strong><\/h2>\n<p data-start=\"3108\" data-end=\"3157\"><strong data-start=\"3108\" data-end=\"3157\">MUCHO GUSTO\u00ae Schal Abu Dhabi Midnight Paisley<\/strong><\/p>\n<p data-start=\"3159\" data-end=\"3469\">Erleben Sie feine Eleganz mit dem MUCHO GUSTO\u00ae Schal Abu Dhabi Midnight Paisley \u2014 einem luxuri\u00f6sen dreieckigen Schal mit zarten Paisley-Mustern in Beige, Schwarz, Pastellrosa und sanften Gr\u00fcnt\u00f6nen. Die harmonische Mischung aus hellen und dunklen Akzenten verleiht diesem Schal eine zeitlose, stilvolle Wirkung.<\/p>\n<p data-start=\"3471\" data-end=\"3720\">Gefertigt aus 100% Seide liegt dieser kleinere Schal weich auf der Haut und f\u00e4llt geschmeidig um den Hals. Das detaillierte Muster sorgt f\u00fcr Ausdruck und Raffinesse und macht ihn zu einem vielseitigen Accessoire f\u00fcr allt\u00e4gliche und elegante Outfits.<\/p>\n<p data-start=\"3722\" data-end=\"3948\"><strong data-start=\"3722\" data-end=\"3738\">Dutch Design<\/strong><br data-start=\"3738\" data-end=\"3741\" \/><strong data-start=\"3741\" data-end=\"3754\">Material:<\/strong> 100% Silk<br data-start=\"3764\" data-end=\"3767\" \/><strong data-start=\"3767\" data-end=\"3782\">Dimensions:<\/strong> 110 \u00d7 65 \u00d7 65 cm<br data-start=\"3799\" data-end=\"3802\" \/><strong data-start=\"3802\" data-end=\"3812\">Shape:<\/strong> Triangular<br data-start=\"3823\" data-end=\"3826\" \/><strong data-start=\"3826\" data-end=\"3837\">Design:<\/strong> Feines Paisleymuster mit sanften Kontrasten<br data-start=\"3881\" data-end=\"3884\" \/><strong data-start=\"3884\" data-end=\"3902\">Color Palette:<\/strong> Schwarz, Beige, Zartrosa, Salbeigr\u00fcn, Creme<\/p>\n<h3 data-start=\"3950\" data-end=\"3972\">PASSENDE ARTIKEL<\/h3>\n<p data-start=\"3973\" data-end=\"4195\">Vervollst\u00e4ndigen Sie Ihren Look mit einer passenden Bluse.<br data-start=\"4031\" data-end=\"4034\" \/>M\u00f6chten Sie mehr Schals sehen? Dann schauen Sie sich unsere Schals und Seident\u00fccher an.<br data-start=\"4121\" data-end=\"4124\" \/>M\u00f6chten Sie mehr Inspiration? Dann besuchen Sie unsere Instagram-Seite.<\/p>\n<h3 data-start=\"4197\" data-end=\"4222\">BRAUCHEN SIE HILFE?<\/h3>\n<p data-start=\"4223\" data-end=\"4351\">Wenn Sie Fragen zu diesem Artikel oder der Gr\u00f6\u00dfe haben, senden Sie eine E-Mail an unseren Kundenservice unter <a class=\"decorated-link cursor-pointer\" rel=\"noopener\" data-start=\"4333\" data-end=\"4350\">web@muchogusto.nl<\/a>.<\/p>\n","protected":false},"excerpt":{"rendered":"<p>DETAILS ZUM PRODUKT MUCHO GUSTO\u00ae Schal Abu Dhabi Midnight Paisley Erleben Sie feine Eleganz mit dem MUCHO GUSTO\u00ae Schal Abu Dhabi Midnight Paisley \u2014 einem luxuri\u00f6sen dreieckigen Schal mit zarten Paisley-Mustern in Beige, Schwarz, Pastellrosa und sanften Gr\u00fcnt\u00f6nen. Die harmonische Mischung aus hellen und dunklen Akzenten verleiht diesem Schal eine zeitlose, stilvolle Wirkung. Gefertigt aus [&hellip;]<\/p>\n","protected":false},"featured_media":53992,"comment_status":"open","ping_status":"closed","template":"","meta":{"_acf_changed":false,"inline_featured_image":false,"navigation_state":false,"_genesis_hide_title":false,"_genesis_hide_breadcrumbs":false,"_genesis_hide_singular_image":false,"_genesis_hide_footer_widgets":false,"_genesis_custom_body_class":"","_genesis_custom_post_class":"","_genesis_layout":""},"product_brand":[],"product_cat":[],"product_tag":[],"class_list":{"0":"post-53999","1":"product","2":"type-product","3":"status-publish","4":"has-post-thumbnail","6":"entry","8":"first","9":"instock","10":"taxable","11":"shipping-taxable","12":"purchasable","13":"product-type-simple"},"acf":[],"yoast_head":"<!-- This site is optimized with the Yoast SEO Premium plugin v27.2 (Yoast SEO v27.2) - https:\/\/yoast.com\/product\/yoast-seo-premium-wordpress\/ -->\n<title>MUCHO GUSTO\u00ae Schal Abu Dhabi Midnight Paisley - Mucho Gusto<\/title>\n<meta name=\"description\" content=\"Entdecken Sie den MUCHO GUSTO\u00ae Schal Abu Dhabi Midnight Paisley \u2014 ein eleganter Seidenschal mit feinen Paisley-Details. Dutch Design.\" \/>\n<meta name=\"robots\" content=\"index, follow, max-snippet:-1, max-image-preview:large, max-video-preview:-1\" \/>\n<link rel=\"canonical\" href=\"https:\/\/muchogusto.nl\/de\/produkt\/mucho-gusto-schal-abu-dhabi-midnight-paisley\/\" \/>\n<meta property=\"og:locale\" content=\"de_DE\" \/>\n<meta property=\"og:type\" content=\"article\" \/>\n<meta property=\"og:title\" content=\"MUCHO GUSTO\u00ae Schal Abu Dhabi Midnight Paisley\" \/>\n<meta property=\"og:description\" content=\"Entdecken Sie den MUCHO GUSTO\u00ae Schal Abu Dhabi Midnight Paisley \u2014 ein eleganter Seidenschal mit feinen Paisley-Details. Dutch Design.\" \/>\n<meta property=\"og:url\" content=\"https:\/\/muchogusto.nl\/de\/produkt\/mucho-gusto-schal-abu-dhabi-midnight-paisley\/\" \/>\n<meta property=\"og:site_name\" content=\"Mucho Gusto\" \/>\n<meta property=\"article:publisher\" content=\"https:\/\/www.facebook.com\/muchogusto.nl\/\" \/>\n<meta property=\"article:modified_time\" content=\"2026-03-02T11:02:38+00:00\" \/>\n<meta property=\"og:image\" content=\"http:\/\/muchogusto.nl\/wp-content\/uploads\/2025\/11\/S52-abm-003-scaled.jpg\" \/>\n\t<meta property=\"og:image:width\" content=\"1920\" \/>\n\t<meta property=\"og:image:height\" content=\"2560\" \/>\n\t<meta property=\"og:image:type\" content=\"image\/jpeg\" \/>\n<meta name=\"twitter:card\" content=\"summary_large_image\" \/>\n<meta name=\"twitter:label1\" content=\"Est. reading time\" \/>\n\t<meta name=\"twitter:data1\" content=\"1 minute\" \/>\n<script type=\"application\/ld+json\" class=\"yoast-schema-graph\">{\"@context\":\"https:\/\/schema.org\",\"@graph\":[{\"@type\":\"WebPage\",\"@id\":\"https:\/\/muchogusto.nl\/de\/produkt\/mucho-gusto-schal-abu-dhabi-midnight-paisley\/\",\"url\":\"https:\/\/muchogusto.nl\/de\/produkt\/mucho-gusto-schal-abu-dhabi-midnight-paisley\/\",\"name\":\"MUCHO GUSTO\u00ae Schal Abu Dhabi Midnight Paisley - Mucho Gusto\",\"isPartOf\":{\"@id\":\"https:\/\/muchogusto.nl\/#website\"},\"primaryImageOfPage\":{\"@id\":\"https:\/\/muchogusto.nl\/de\/produkt\/mucho-gusto-schal-abu-dhabi-midnight-paisley\/#primaryimage\"},\"image\":{\"@id\":\"https:\/\/muchogusto.nl\/de\/produkt\/mucho-gusto-schal-abu-dhabi-midnight-paisley\/#primaryimage\"},\"thumbnailUrl\":\"https:\/\/muchogusto.nl\/wp-content\/uploads\/2025\/11\/S52-abm-003-scaled.jpg\",\"datePublished\":\"2025-11-18T10:50:53+00:00\",\"dateModified\":\"2026-03-02T11:02:38+00:00\",\"description\":\"Entdecken Sie den MUCHO GUSTO\u00ae Schal Abu Dhabi Midnight Paisley \u2014 ein eleganter Seidenschal mit feinen Paisley-Details. Dutch Design.\",\"breadcrumb\":{\"@id\":\"https:\/\/muchogusto.nl\/de\/produkt\/mucho-gusto-schal-abu-dhabi-midnight-paisley\/#breadcrumb\"},\"inLanguage\":\"de-DE\",\"potentialAction\":[{\"@type\":\"ReadAction\",\"target\":[\"https:\/\/muchogusto.nl\/de\/produkt\/mucho-gusto-schal-abu-dhabi-midnight-paisley\/\"]}]},{\"@type\":\"ImageObject\",\"inLanguage\":\"de-DE\",\"@id\":\"https:\/\/muchogusto.nl\/de\/produkt\/mucho-gusto-schal-abu-dhabi-midnight-paisley\/#primaryimage\",\"url\":\"https:\/\/muchogusto.nl\/wp-content\/uploads\/2025\/11\/S52-abm-003-scaled.jpg\",\"contentUrl\":\"https:\/\/muchogusto.nl\/wp-content\/uploads\/2025\/11\/S52-abm-003-scaled.jpg\",\"width\":1920,\"height\":2560},{\"@type\":\"BreadcrumbList\",\"@id\":\"https:\/\/muchogusto.nl\/de\/produkt\/mucho-gusto-schal-abu-dhabi-midnight-paisley\/#breadcrumb\",\"itemListElement\":[{\"@type\":\"ListItem\",\"position\":1,\"name\":\"Home\",\"item\":\"https:\/\/muchogusto.nl\/de\/\"},{\"@type\":\"ListItem\",\"position\":2,\"name\":\"Shop\",\"item\":\"https:\/\/muchogusto.nl\/de\/shop-2\/\"},{\"@type\":\"ListItem\",\"position\":3,\"name\":\"MUCHO GUSTO\u00ae Schal Abu Dhabi Midnight Paisley\"}]},{\"@type\":\"WebSite\",\"@id\":\"https:\/\/muchogusto.nl\/#website\",\"url\":\"https:\/\/muchogusto.nl\/\",\"name\":\"muchogusto.nl\",\"description\":\"\",\"publisher\":{\"@id\":\"https:\/\/muchogusto.nl\/#organization\"},\"potentialAction\":[{\"@type\":\"SearchAction\",\"target\":{\"@type\":\"EntryPoint\",\"urlTemplate\":\"https:\/\/muchogusto.nl\/?s={search_term_string}\"},\"query-input\":{\"@type\":\"PropertyValueSpecification\",\"valueRequired\":true,\"valueName\":\"search_term_string\"}}],\"inLanguage\":\"de-DE\"},{\"@type\":\"Organization\",\"@id\":\"https:\/\/muchogusto.nl\/#organization\",\"name\":\"Mucho Gusto\",\"url\":\"https:\/\/muchogusto.nl\/\",\"logo\":{\"@type\":\"ImageObject\",\"inLanguage\":\"de-DE\",\"@id\":\"https:\/\/muchogusto.nl\/#\/schema\/logo\/image\/\",\"url\":\"https:\/\/muchogusto.nl\/wp-content\/uploads\/2022\/08\/logo_header.svg\",\"contentUrl\":\"https:\/\/muchogusto.nl\/wp-content\/uploads\/2022\/08\/logo_header.svg\",\"caption\":\"Mucho Gusto\"},\"image\":{\"@id\":\"https:\/\/muchogusto.nl\/#\/schema\/logo\/image\/\"},\"sameAs\":[\"https:\/\/www.facebook.com\/muchogusto.nl\/\",\"https:\/\/www.instagram.com\/muchogusto.nl\/\"]}]}<\/script>\n<!-- \/ Yoast SEO Premium plugin. -->","yoast_head_json":{"title":"MUCHO GUSTO\u00ae Schal Abu Dhabi Midnight Paisley - Mucho Gusto","description":"Entdecken Sie den MUCHO GUSTO\u00ae Schal Abu Dhabi Midnight Paisley \u2014 ein eleganter Seidenschal mit feinen Paisley-Details. Dutch Design.","robots":{"index":"index","follow":"follow","max-snippet":"max-snippet:-1","max-image-preview":"max-image-preview:large","max-video-preview":"max-video-preview:-1"},"canonical":"https:\/\/muchogusto.nl\/de\/produkt\/mucho-gusto-schal-abu-dhabi-midnight-paisley\/","og_locale":"de_DE","og_type":"article","og_title":"MUCHO GUSTO\u00ae Schal Abu Dhabi Midnight Paisley","og_description":"Entdecken Sie den MUCHO GUSTO\u00ae Schal Abu Dhabi Midnight Paisley \u2014 ein eleganter Seidenschal mit feinen Paisley-Details. Dutch Design.","og_url":"https:\/\/muchogusto.nl\/de\/produkt\/mucho-gusto-schal-abu-dhabi-midnight-paisley\/","og_site_name":"Mucho Gusto","article_publisher":"https:\/\/www.facebook.com\/muchogusto.nl\/","article_modified_time":"2026-03-02T11:02:38+00:00","og_image":[{"width":1920,"height":2560,"url":"http:\/\/muchogusto.nl\/wp-content\/uploads\/2025\/11\/S52-abm-003-scaled.jpg","type":"image\/jpeg"}],"twitter_card":"summary_large_image","twitter_misc":{"Est. reading time":"1 minute"},"schema":{"@context":"https:\/\/schema.org","@graph":[{"@type":"WebPage","@id":"https:\/\/muchogusto.nl\/de\/produkt\/mucho-gusto-schal-abu-dhabi-midnight-paisley\/","url":"https:\/\/muchogusto.nl\/de\/produkt\/mucho-gusto-schal-abu-dhabi-midnight-paisley\/","name":"MUCHO GUSTO\u00ae Schal Abu Dhabi Midnight Paisley - Mucho Gusto","isPartOf":{"@id":"https:\/\/muchogusto.nl\/#website"},"primaryImageOfPage":{"@id":"https:\/\/muchogusto.nl\/de\/produkt\/mucho-gusto-schal-abu-dhabi-midnight-paisley\/#primaryimage"},"image":{"@id":"https:\/\/muchogusto.nl\/de\/produkt\/mucho-gusto-schal-abu-dhabi-midnight-paisley\/#primaryimage"},"thumbnailUrl":"https:\/\/muchogusto.nl\/wp-content\/uploads\/2025\/11\/S52-abm-003-scaled.jpg","datePublished":"2025-11-18T10:50:53+00:00","dateModified":"2026-03-02T11:02:38+00:00","description":"Entdecken Sie den MUCHO GUSTO\u00ae Schal Abu Dhabi Midnight Paisley \u2014 ein eleganter Seidenschal mit feinen Paisley-Details. Dutch Design.","breadcrumb":{"@id":"https:\/\/muchogusto.nl\/de\/produkt\/mucho-gusto-schal-abu-dhabi-midnight-paisley\/#breadcrumb"},"inLanguage":"de-DE","potentialAction":[{"@type":"ReadAction","target":["https:\/\/muchogusto.nl\/de\/produkt\/mucho-gusto-schal-abu-dhabi-midnight-paisley\/"]}]},{"@type":"ImageObject","inLanguage":"de-DE","@id":"https:\/\/muchogusto.nl\/de\/produkt\/mucho-gusto-schal-abu-dhabi-midnight-paisley\/#primaryimage","url":"https:\/\/muchogusto.nl\/wp-content\/uploads\/2025\/11\/S52-abm-003-scaled.jpg","contentUrl":"https:\/\/muchogusto.nl\/wp-content\/uploads\/2025\/11\/S52-abm-003-scaled.jpg","width":1920,"height":2560},{"@type":"BreadcrumbList","@id":"https:\/\/muchogusto.nl\/de\/produkt\/mucho-gusto-schal-abu-dhabi-midnight-paisley\/#breadcrumb","itemListElement":[{"@type":"ListItem","position":1,"name":"Home","item":"https:\/\/muchogusto.nl\/de\/"},{"@type":"ListItem","position":2,"name":"Shop","item":"https:\/\/muchogusto.nl\/de\/shop-2\/"},{"@type":"ListItem","position":3,"name":"MUCHO GUSTO\u00ae Schal Abu Dhabi Midnight Paisley"}]},{"@type":"WebSite","@id":"https:\/\/muchogusto.nl\/#website","url":"https:\/\/muchogusto.nl\/","name":"muchogusto.nl","description":"","publisher":{"@id":"https:\/\/muchogusto.nl\/#organization"},"potentialAction":[{"@type":"SearchAction","target":{"@type":"EntryPoint","urlTemplate":"https:\/\/muchogusto.nl\/?s={search_term_string}"},"query-input":{"@type":"PropertyValueSpecification","valueRequired":true,"valueName":"search_term_string"}}],"inLanguage":"de-DE"},{"@type":"Organization","@id":"https:\/\/muchogusto.nl\/#organization","name":"Mucho Gusto","url":"https:\/\/muchogusto.nl\/","logo":{"@type":"ImageObject","inLanguage":"de-DE","@id":"https:\/\/muchogusto.nl\/#\/schema\/logo\/image\/","url":"https:\/\/muchogusto.nl\/wp-content\/uploads\/2022\/08\/logo_header.svg","contentUrl":"https:\/\/muchogusto.nl\/wp-content\/uploads\/2022\/08\/logo_header.svg","caption":"Mucho Gusto"},"image":{"@id":"https:\/\/muchogusto.nl\/#\/schema\/logo\/image\/"},"sameAs":["https:\/\/www.facebook.com\/muchogusto.nl\/","https:\/\/www.instagram.com\/muchogusto.nl\/"]}]}},"_links":{"self":[{"href":"https:\/\/muchogusto.nl\/de\/wp-json\/wp\/v2\/product\/53999","targetHints":{"allow":["GET"]}}],"collection":[{"href":"https:\/\/muchogusto.nl\/de\/wp-json\/wp\/v2\/product"}],"about":[{"href":"https:\/\/muchogusto.nl\/de\/wp-json\/wp\/v2\/types\/product"}],"replies":[{"embeddable":true,"href":"https:\/\/muchogusto.nl\/de\/wp-json\/wp\/v2\/comments?post=53999"}],"wp:featuredmedia":[{"embeddable":true,"href":"https:\/\/muchogusto.nl\/de\/wp-json\/wp\/v2\/media\/53992"}],"wp:attachment":[{"href":"https:\/\/muchogusto.nl\/de\/wp-json\/wp\/v2\/media?parent=53999"}],"wp:term":[{"taxonomy":"product_brand","embeddable":true,"href":"https:\/\/muchogusto.nl\/de\/wp-json\/wp\/v2\/product_brand?post=53999"},{"taxonomy":"product_cat","embeddable":true,"href":"https:\/\/muchogusto.nl\/de\/wp-json\/wp\/v2\/product_cat?post=53999"},{"taxonomy":"product_tag","embeddable":true,"href":"https:\/\/muchogusto.nl\/de\/wp-json\/wp\/v2\/product_tag?post=53999"}],"curies":[{"name":"wp","href":"https:\/\/api.w.org\/{rel}","templated":true}]}}