{"id":53952,"date":"2025-11-17T15:23:25","date_gmt":"2025-11-17T14:23:25","guid":{"rendered":"https:\/\/muchogusto.nl\/product\/mucho-gusto-sjaal-abu-dhabi-taupe-symbols\/"},"modified":"2026-03-02T12:02:38","modified_gmt":"2026-03-02T11:02:38","slug":"mucho-gusto-schal-abu-dhabi-taupe-symbols","status":"publish","type":"product","link":"https:\/\/muchogusto.nl\/de\/produkt\/mucho-gusto-schal-abu-dhabi-taupe-symbols\/","title":{"rendered":"MUCHO GUSTO\u00ae Schal Abu Dhabi Taupe Symbols"},"content":{"rendered":"<h3 data-start=\"3938\" data-end=\"3967\"><strong data-start=\"3942\" data-end=\"3965\">DETAILS ZUM PRODUKT<\/strong><\/h3>\n<p data-start=\"3968\" data-end=\"4014\"><strong data-start=\"3968\" data-end=\"4014\">MUCHO GUSTO\u00ae Schal Abu Dhabi Taupe Symbols<\/strong><\/p>\n<p data-start=\"4016\" data-end=\"4327\">Tauchen Sie ein in dezente Eleganz mit dem MUCHO GUSTO\u00ae Schal Abu Dhabi Taupe Symbols \u2014 einem luxuri\u00f6sen Seidenschal, der sanfte Taupe-T\u00f6ne mit einem modernen Symbolmuster kombiniert. Die dreieckige Form f\u00e4llt besonders weich und sorgt f\u00fcr eine stilvolle Silhouette, egal ob locker getragen oder enger gebunden.<\/p>\n<p data-start=\"4329\" data-end=\"4609\">Die harmonische Farbpalette aus Taupe, Beige und Grau macht den Schal vielseitig und einfach zu kombinieren. Dar\u00fcber hinaus setzen die feinen MUCHO GUSTO Details einen eleganten Akzent, der jedes Outfit aufwertet. Ein zeitloses Accessoire, das sich perfekt f\u00fcr jede Saison eignet.<\/p>\n<p data-start=\"4611\" data-end=\"4804\"><strong data-start=\"4611\" data-end=\"4627\">Dutch Design<\/strong><br data-start=\"4627\" data-end=\"4630\" \/><strong data-start=\"4630\" data-end=\"4643\">Material:<\/strong> 100% Seide<br data-start=\"4654\" data-end=\"4657\" \/><strong data-start=\"4657\" data-end=\"4666\">Ma\u00dfe:<\/strong> 100 x 65 x 65 cm<br data-start=\"4683\" data-end=\"4686\" \/><strong data-start=\"4686\" data-end=\"4695\">Form:<\/strong> Dreieckig<br data-start=\"4705\" data-end=\"4708\" \/><strong data-start=\"4708\" data-end=\"4719\">Design:<\/strong> Abstraktes Symbolmuster<br data-start=\"4743\" data-end=\"4746\" \/><strong data-start=\"4746\" data-end=\"4762\">Farbpalette:<\/strong> Taupe, Beige, Grau, zarte Creme-Akzente<\/p>\n<h3 data-start=\"4806\" data-end=\"4832\"><strong data-start=\"4810\" data-end=\"4830\">PASSENDE ARTIKEL<\/strong><\/h3>\n<p data-start=\"4833\" data-end=\"5131\">Vervollst\u00e4ndigen Sie Ihren Look mit einer passenden Bluse.<br data-start=\"4891\" data-end=\"4894\" \/>M\u00f6chten Sie mehr Schals sehen? Dann schauen Sie sich unsere <a class=\"decorated-link\" href=\"https:\/\/muchogusto.nl\/de\/schals\/\" target=\"_new\" rel=\"noopener\" data-start=\"4954\" data-end=\"5009\">Schals und Seident\u00fccher<\/a> an.<br data-start=\"5013\" data-end=\"5016\" \/>M\u00f6chten Sie mehr Inspiration? Dann besuchen Sie unsere <a class=\"decorated-link cursor-pointer\" target=\"_new\" rel=\"noopener\" data-start=\"5071\" data-end=\"5130\">Instagram-Seite<\/a>.<\/p>\n<h3 data-start=\"5133\" data-end=\"5162\"><strong data-start=\"5137\" data-end=\"5160\">BRAUCHEN SIE HILFE?<\/strong><\/h3>\n<p data-start=\"5163\" data-end=\"5291\">Wenn Sie Fragen zu diesem Artikel oder der Gr\u00f6\u00dfe haben, senden Sie eine E-Mail an unseren Kundenservice unter <a class=\"decorated-link cursor-pointer\" rel=\"noopener\" data-start=\"5273\" data-end=\"5290\">web@muchogusto.nl<\/a>.<\/p>\n","protected":false},"excerpt":{"rendered":"<p>DETAILS ZUM PRODUKT MUCHO GUSTO\u00ae Schal Abu Dhabi Taupe Symbols Tauchen Sie ein in dezente Eleganz mit dem MUCHO GUSTO\u00ae Schal Abu Dhabi Taupe Symbols \u2014 einem luxuri\u00f6sen Seidenschal, der sanfte Taupe-T\u00f6ne mit einem modernen Symbolmuster kombiniert. Die dreieckige Form f\u00e4llt besonders weich und sorgt f\u00fcr eine stilvolle Silhouette, egal ob locker getragen oder enger [&hellip;]<\/p>\n","protected":false},"featured_media":53956,"comment_status":"open","ping_status":"closed","template":"","meta":{"_acf_changed":false,"inline_featured_image":false,"navigation_state":false,"_genesis_hide_title":false,"_genesis_hide_breadcrumbs":false,"_genesis_hide_singular_image":false,"_genesis_hide_footer_widgets":false,"_genesis_custom_body_class":"","_genesis_custom_post_class":"","_genesis_layout":""},"product_brand":[],"product_cat":[87],"product_tag":[],"class_list":{"0":"post-53952","1":"product","2":"type-product","3":"status-publish","4":"has-post-thumbnail","6":"product_cat-schals","7":"entry","9":"first","10":"instock","11":"sale","12":"taxable","13":"shipping-taxable","14":"purchasable","15":"product-type-simple"},"acf":[],"yoast_head":"<!-- This site is optimized with the Yoast SEO Premium plugin v27.2 (Yoast SEO v27.2) - https:\/\/yoast.com\/product\/yoast-seo-premium-wordpress\/ -->\n<title>MUCHO GUSTO\u00ae Schal Abu Dhabi Taupe Symbols - Mucho Gusto<\/title>\n<meta name=\"description\" content=\"Entdecken Sie den MUCHO GUSTO\u00ae Schal Abu Dhabi Taupe Symbols \u2014 ein dreieckiger Seidenschal mit taupefarbenem Symbolmuster. Dutch Design.\" \/>\n<meta name=\"robots\" content=\"index, follow, max-snippet:-1, max-image-preview:large, max-video-preview:-1\" \/>\n<link rel=\"canonical\" href=\"https:\/\/muchogusto.nl\/de\/produkt\/mucho-gusto-schal-abu-dhabi-taupe-symbols\/\" \/>\n<meta property=\"og:locale\" content=\"de_DE\" \/>\n<meta property=\"og:type\" content=\"article\" \/>\n<meta property=\"og:title\" content=\"MUCHO GUSTO\u00ae Schal Abu Dhabi Taupe Symbols\" \/>\n<meta property=\"og:description\" content=\"Entdecken Sie den MUCHO GUSTO\u00ae Schal Abu Dhabi Taupe Symbols \u2014 ein dreieckiger Seidenschal mit taupefarbenem Symbolmuster. Dutch Design.\" \/>\n<meta property=\"og:url\" content=\"https:\/\/muchogusto.nl\/de\/produkt\/mucho-gusto-schal-abu-dhabi-taupe-symbols\/\" \/>\n<meta property=\"og:site_name\" content=\"Mucho Gusto\" \/>\n<meta property=\"article:publisher\" content=\"https:\/\/www.facebook.com\/muchogusto.nl\/\" \/>\n<meta property=\"article:modified_time\" content=\"2026-03-02T11:02:38+00:00\" \/>\n<meta property=\"og:image\" content=\"http:\/\/muchogusto.nl\/wp-content\/uploads\/2025\/11\/ABM602-scaled.jpg\" \/>\n\t<meta property=\"og:image:width\" content=\"1920\" \/>\n\t<meta property=\"og:image:height\" content=\"2560\" \/>\n\t<meta property=\"og:image:type\" content=\"image\/jpeg\" \/>\n<meta name=\"twitter:card\" content=\"summary_large_image\" \/>\n<meta name=\"twitter:label1\" content=\"Est. reading time\" \/>\n\t<meta name=\"twitter:data1\" content=\"1 minute\" \/>\n<script type=\"application\/ld+json\" class=\"yoast-schema-graph\">{\"@context\":\"https:\/\/schema.org\",\"@graph\":[{\"@type\":\"WebPage\",\"@id\":\"https:\/\/muchogusto.nl\/de\/produkt\/mucho-gusto-schal-abu-dhabi-taupe-symbols\/\",\"url\":\"https:\/\/muchogusto.nl\/de\/produkt\/mucho-gusto-schal-abu-dhabi-taupe-symbols\/\",\"name\":\"MUCHO GUSTO\u00ae Schal Abu Dhabi Taupe Symbols - Mucho Gusto\",\"isPartOf\":{\"@id\":\"https:\/\/muchogusto.nl\/#website\"},\"primaryImageOfPage\":{\"@id\":\"https:\/\/muchogusto.nl\/de\/produkt\/mucho-gusto-schal-abu-dhabi-taupe-symbols\/#primaryimage\"},\"image\":{\"@id\":\"https:\/\/muchogusto.nl\/de\/produkt\/mucho-gusto-schal-abu-dhabi-taupe-symbols\/#primaryimage\"},\"thumbnailUrl\":\"https:\/\/muchogusto.nl\/wp-content\/uploads\/2025\/11\/ABM602-scaled.jpg\",\"datePublished\":\"2025-11-17T14:23:25+00:00\",\"dateModified\":\"2026-03-02T11:02:38+00:00\",\"description\":\"Entdecken Sie den MUCHO GUSTO\u00ae Schal Abu Dhabi Taupe Symbols \u2014 ein dreieckiger Seidenschal mit taupefarbenem Symbolmuster. Dutch Design.\",\"breadcrumb\":{\"@id\":\"https:\/\/muchogusto.nl\/de\/produkt\/mucho-gusto-schal-abu-dhabi-taupe-symbols\/#breadcrumb\"},\"inLanguage\":\"de-DE\",\"potentialAction\":[{\"@type\":\"ReadAction\",\"target\":[\"https:\/\/muchogusto.nl\/de\/produkt\/mucho-gusto-schal-abu-dhabi-taupe-symbols\/\"]}]},{\"@type\":\"ImageObject\",\"inLanguage\":\"de-DE\",\"@id\":\"https:\/\/muchogusto.nl\/de\/produkt\/mucho-gusto-schal-abu-dhabi-taupe-symbols\/#primaryimage\",\"url\":\"https:\/\/muchogusto.nl\/wp-content\/uploads\/2025\/11\/ABM602-scaled.jpg\",\"contentUrl\":\"https:\/\/muchogusto.nl\/wp-content\/uploads\/2025\/11\/ABM602-scaled.jpg\",\"width\":1920,\"height\":2560,\"caption\":\"MUCHO GUSTO\u00ae Scarf Abu Dhabi Taupe Symbols\"},{\"@type\":\"BreadcrumbList\",\"@id\":\"https:\/\/muchogusto.nl\/de\/produkt\/mucho-gusto-schal-abu-dhabi-taupe-symbols\/#breadcrumb\",\"itemListElement\":[{\"@type\":\"ListItem\",\"position\":1,\"name\":\"Home\",\"item\":\"https:\/\/muchogusto.nl\/de\/\"},{\"@type\":\"ListItem\",\"position\":2,\"name\":\"Shop\",\"item\":\"https:\/\/muchogusto.nl\/de\/shop-2\/\"},{\"@type\":\"ListItem\",\"position\":3,\"name\":\"MUCHO GUSTO\u00ae Schal Abu Dhabi Taupe Symbols\"}]},{\"@type\":\"WebSite\",\"@id\":\"https:\/\/muchogusto.nl\/#website\",\"url\":\"https:\/\/muchogusto.nl\/\",\"name\":\"muchogusto.nl\",\"description\":\"\",\"publisher\":{\"@id\":\"https:\/\/muchogusto.nl\/#organization\"},\"potentialAction\":[{\"@type\":\"SearchAction\",\"target\":{\"@type\":\"EntryPoint\",\"urlTemplate\":\"https:\/\/muchogusto.nl\/?s={search_term_string}\"},\"query-input\":{\"@type\":\"PropertyValueSpecification\",\"valueRequired\":true,\"valueName\":\"search_term_string\"}}],\"inLanguage\":\"de-DE\"},{\"@type\":\"Organization\",\"@id\":\"https:\/\/muchogusto.nl\/#organization\",\"name\":\"Mucho Gusto\",\"url\":\"https:\/\/muchogusto.nl\/\",\"logo\":{\"@type\":\"ImageObject\",\"inLanguage\":\"de-DE\",\"@id\":\"https:\/\/muchogusto.nl\/#\/schema\/logo\/image\/\",\"url\":\"https:\/\/muchogusto.nl\/wp-content\/uploads\/2022\/08\/logo_header.svg\",\"contentUrl\":\"https:\/\/muchogusto.nl\/wp-content\/uploads\/2022\/08\/logo_header.svg\",\"caption\":\"Mucho Gusto\"},\"image\":{\"@id\":\"https:\/\/muchogusto.nl\/#\/schema\/logo\/image\/\"},\"sameAs\":[\"https:\/\/www.facebook.com\/muchogusto.nl\/\",\"https:\/\/www.instagram.com\/muchogusto.nl\/\"]}]}<\/script>\n<!-- \/ Yoast SEO Premium plugin. -->","yoast_head_json":{"title":"MUCHO GUSTO\u00ae Schal Abu Dhabi Taupe Symbols - Mucho Gusto","description":"Entdecken Sie den MUCHO GUSTO\u00ae Schal Abu Dhabi Taupe Symbols \u2014 ein dreieckiger Seidenschal mit taupefarbenem Symbolmuster. Dutch Design.","robots":{"index":"index","follow":"follow","max-snippet":"max-snippet:-1","max-image-preview":"max-image-preview:large","max-video-preview":"max-video-preview:-1"},"canonical":"https:\/\/muchogusto.nl\/de\/produkt\/mucho-gusto-schal-abu-dhabi-taupe-symbols\/","og_locale":"de_DE","og_type":"article","og_title":"MUCHO GUSTO\u00ae Schal Abu Dhabi Taupe Symbols","og_description":"Entdecken Sie den MUCHO GUSTO\u00ae Schal Abu Dhabi Taupe Symbols \u2014 ein dreieckiger Seidenschal mit taupefarbenem Symbolmuster. Dutch Design.","og_url":"https:\/\/muchogusto.nl\/de\/produkt\/mucho-gusto-schal-abu-dhabi-taupe-symbols\/","og_site_name":"Mucho Gusto","article_publisher":"https:\/\/www.facebook.com\/muchogusto.nl\/","article_modified_time":"2026-03-02T11:02:38+00:00","og_image":[{"width":1920,"height":2560,"url":"http:\/\/muchogusto.nl\/wp-content\/uploads\/2025\/11\/ABM602-scaled.jpg","type":"image\/jpeg"}],"twitter_card":"summary_large_image","twitter_misc":{"Est. reading time":"1 minute"},"schema":{"@context":"https:\/\/schema.org","@graph":[{"@type":"WebPage","@id":"https:\/\/muchogusto.nl\/de\/produkt\/mucho-gusto-schal-abu-dhabi-taupe-symbols\/","url":"https:\/\/muchogusto.nl\/de\/produkt\/mucho-gusto-schal-abu-dhabi-taupe-symbols\/","name":"MUCHO GUSTO\u00ae Schal Abu Dhabi Taupe Symbols - Mucho Gusto","isPartOf":{"@id":"https:\/\/muchogusto.nl\/#website"},"primaryImageOfPage":{"@id":"https:\/\/muchogusto.nl\/de\/produkt\/mucho-gusto-schal-abu-dhabi-taupe-symbols\/#primaryimage"},"image":{"@id":"https:\/\/muchogusto.nl\/de\/produkt\/mucho-gusto-schal-abu-dhabi-taupe-symbols\/#primaryimage"},"thumbnailUrl":"https:\/\/muchogusto.nl\/wp-content\/uploads\/2025\/11\/ABM602-scaled.jpg","datePublished":"2025-11-17T14:23:25+00:00","dateModified":"2026-03-02T11:02:38+00:00","description":"Entdecken Sie den MUCHO GUSTO\u00ae Schal Abu Dhabi Taupe Symbols \u2014 ein dreieckiger Seidenschal mit taupefarbenem Symbolmuster. Dutch Design.","breadcrumb":{"@id":"https:\/\/muchogusto.nl\/de\/produkt\/mucho-gusto-schal-abu-dhabi-taupe-symbols\/#breadcrumb"},"inLanguage":"de-DE","potentialAction":[{"@type":"ReadAction","target":["https:\/\/muchogusto.nl\/de\/produkt\/mucho-gusto-schal-abu-dhabi-taupe-symbols\/"]}]},{"@type":"ImageObject","inLanguage":"de-DE","@id":"https:\/\/muchogusto.nl\/de\/produkt\/mucho-gusto-schal-abu-dhabi-taupe-symbols\/#primaryimage","url":"https:\/\/muchogusto.nl\/wp-content\/uploads\/2025\/11\/ABM602-scaled.jpg","contentUrl":"https:\/\/muchogusto.nl\/wp-content\/uploads\/2025\/11\/ABM602-scaled.jpg","width":1920,"height":2560,"caption":"MUCHO GUSTO\u00ae Scarf Abu Dhabi Taupe Symbols"},{"@type":"BreadcrumbList","@id":"https:\/\/muchogusto.nl\/de\/produkt\/mucho-gusto-schal-abu-dhabi-taupe-symbols\/#breadcrumb","itemListElement":[{"@type":"ListItem","position":1,"name":"Home","item":"https:\/\/muchogusto.nl\/de\/"},{"@type":"ListItem","position":2,"name":"Shop","item":"https:\/\/muchogusto.nl\/de\/shop-2\/"},{"@type":"ListItem","position":3,"name":"MUCHO GUSTO\u00ae Schal Abu Dhabi Taupe Symbols"}]},{"@type":"WebSite","@id":"https:\/\/muchogusto.nl\/#website","url":"https:\/\/muchogusto.nl\/","name":"muchogusto.nl","description":"","publisher":{"@id":"https:\/\/muchogusto.nl\/#organization"},"potentialAction":[{"@type":"SearchAction","target":{"@type":"EntryPoint","urlTemplate":"https:\/\/muchogusto.nl\/?s={search_term_string}"},"query-input":{"@type":"PropertyValueSpecification","valueRequired":true,"valueName":"search_term_string"}}],"inLanguage":"de-DE"},{"@type":"Organization","@id":"https:\/\/muchogusto.nl\/#organization","name":"Mucho Gusto","url":"https:\/\/muchogusto.nl\/","logo":{"@type":"ImageObject","inLanguage":"de-DE","@id":"https:\/\/muchogusto.nl\/#\/schema\/logo\/image\/","url":"https:\/\/muchogusto.nl\/wp-content\/uploads\/2022\/08\/logo_header.svg","contentUrl":"https:\/\/muchogusto.nl\/wp-content\/uploads\/2022\/08\/logo_header.svg","caption":"Mucho Gusto"},"image":{"@id":"https:\/\/muchogusto.nl\/#\/schema\/logo\/image\/"},"sameAs":["https:\/\/www.facebook.com\/muchogusto.nl\/","https:\/\/www.instagram.com\/muchogusto.nl\/"]}]}},"_links":{"self":[{"href":"https:\/\/muchogusto.nl\/de\/wp-json\/wp\/v2\/product\/53952","targetHints":{"allow":["GET"]}}],"collection":[{"href":"https:\/\/muchogusto.nl\/de\/wp-json\/wp\/v2\/product"}],"about":[{"href":"https:\/\/muchogusto.nl\/de\/wp-json\/wp\/v2\/types\/product"}],"replies":[{"embeddable":true,"href":"https:\/\/muchogusto.nl\/de\/wp-json\/wp\/v2\/comments?post=53952"}],"wp:featuredmedia":[{"embeddable":true,"href":"https:\/\/muchogusto.nl\/de\/wp-json\/wp\/v2\/media\/53956"}],"wp:attachment":[{"href":"https:\/\/muchogusto.nl\/de\/wp-json\/wp\/v2\/media?parent=53952"}],"wp:term":[{"taxonomy":"product_brand","embeddable":true,"href":"https:\/\/muchogusto.nl\/de\/wp-json\/wp\/v2\/product_brand?post=53952"},{"taxonomy":"product_cat","embeddable":true,"href":"https:\/\/muchogusto.nl\/de\/wp-json\/wp\/v2\/product_cat?post=53952"},{"taxonomy":"product_tag","embeddable":true,"href":"https:\/\/muchogusto.nl\/de\/wp-json\/wp\/v2\/product_tag?post=53952"}],"curies":[{"name":"wp","href":"https:\/\/api.w.org\/{rel}","templated":true}]}}