{"id":53770,"date":"2025-11-13T16:33:59","date_gmt":"2025-11-13T15:33:59","guid":{"rendered":"https:\/\/muchogusto.nl\/?post_type=product&#038;p=53770"},"modified":"2026-03-02T12:02:38","modified_gmt":"2026-03-02T11:02:38","slug":"mucho-gusto-blouse-limone-sul-garda-patchwork-copy","status":"publish","type":"product","link":"https:\/\/muchogusto.nl\/de\/produkt\/mucho-gusto-blouse-limone-sul-garda-patchwork-copy\/","title":{"rendered":"MUCHO GUSTO\u00ae Blouse Limone Sul Garda Patchwork"},"content":{"rendered":"<h3>DETAILS ZUM PRODUKT<\/h3>\n<p data-start=\"1889\" data-end=\"1944\"><strong>MUCHO GUSTO\u00ae Blouse Limone Sul Garda Patchwork<\/strong><\/p>\n<p data-start=\"1946\" data-end=\"2240\">Tauchen Sie ein in mediterrane Eleganz mit der \u00a0\u2013 einer leichten Bluse aus 100% Modal, die Komfort und Stil perfekt vereint. Das Patchwork-Design in Blau-, Creme- und Korallt\u00f6nen verleiht diesem Modell eine raffinierte, k\u00fcnstlerische Note.<strong>MUCHO GUSTO\u00ae Blouse Limone Sul Garda Patchwork<\/strong><\/p>\n<p data-start=\"2242\" data-end=\"2590\">Diese MUCHO GUSTO\u00ae Bluse bietet ein weiches Tragegef\u00fchl und eine flie\u00dfende Passform. Zudem sorgt ihr farbenfrohes Design f\u00fcr einen modernen, eleganten Look. Kombinieren Sie sie zu Jeans f\u00fcr den Alltag oder zu einer wei\u00dfen Hose f\u00fcr sommerliche Tage. Ihr einzigartiger Print macht sie zu einem echten Statement-Piece, das jede Garderobe bereichert.<\/p>\n<p data-start=\"2592\" data-end=\"2679\">Ein Dutch Design, das Leichtigkeit, Farbe und feminine Raffinesse harmonisch vereint.<\/p>\n<p data-start=\"2681\" data-end=\"2898\"><strong data-start=\"2681\" data-end=\"2697\">Dutch Design<\/strong><br data-start=\"2697\" data-end=\"2700\" \/><strong data-start=\"2700\" data-end=\"2713\">Material:<\/strong> 100% Modal<br data-start=\"2724\" data-end=\"2727\" \/><strong data-start=\"2727\" data-end=\"2737\">L\u00e4nge:<\/strong> 64 cm<br data-start=\"2743\" data-end=\"2746\" \/><strong data-start=\"2746\" data-end=\"2759\">Passform:<\/strong> Regular Fit mit flie\u00dfendem Fall<br data-start=\"2791\" data-end=\"2794\" \/><strong data-start=\"2794\" data-end=\"2805\">Design:<\/strong> Patchwork mit maritimen und Kettenmotiven<br data-start=\"2847\" data-end=\"2850\" \/><strong data-start=\"2850\" data-end=\"2866\">Farbpalette:<\/strong> Blau, Creme, Koralle und Gold<\/p>\n<div class=\"summary\">\n<h3>PASSENDE ARTIKEL<\/h3>\n<p class=\"p2\"><span class=\"s1\">Vervollst\u00e4ndigen Sie Ihren Look mit einem passenden\u00a0<a href=\"https:\/\/muchogusto.nl\/de\/schals\/\"><span class=\"s2\">Schal<\/span><\/a>.<br \/>\n<\/span><span class=\"s1\">M\u00f6chten Sie mehr Blusen sehen? Dann schauen Sie sich unsere\u00a0<a href=\"https:\/\/muchogusto.nl\/de\/blusen\/\"><span class=\"s2\">Bekleidungsseite<\/span><\/a>\u00a0an.<br \/>\n<\/span><span class=\"s1\">M\u00f6chten Sie mehr Inspiration? Besuchen Sie unsere\u00a0<a href=\"https:\/\/www.instagram.com\/muchogusto.nl\/\"><span class=\"s2\">Instagram<\/span><\/a>-Seite.\u00a0<\/span><\/p>\n<h3>BRAUCHEN SIE HILFE?<\/h3>\n<p>Wenn Sie Fragen zu diesem Artikel oder der Gr\u00f6\u00dfe haben, senden Sie eine E-Mail an unseren Kundenservice unter<a href=\"http:\/\/muchogusto.nl\/de\/\"><span class=\"s2\">web@muchogusto.nl.<\/span><\/a><\/p>\n<h3>GR\u00d6SSENTABELLEN<\/h3>\n<p>Unsere Gr\u00f6\u00dfen sind in europ\u00e4ischen Gr\u00f6\u00dfen angegeben. Sie k\u00f6nnen diese Gr\u00f6\u00dfen anhand der Tabellen\u00a0<a href=\"https:\/\/muchogusto.nl\/de\/grossentabellen\/\">auf dieser Seite<\/a> leicht umrechnen. Die Passform kann je nach Stil oder pers\u00f6nlicher Vorliebe variieren.<\/p>\n<\/div>\n","protected":false},"excerpt":{"rendered":"<p>DETAILS ZUM PRODUKT MUCHO GUSTO\u00ae Blouse Limone Sul Garda Patchwork Tauchen Sie ein in mediterrane Eleganz mit der \u00a0\u2013 einer leichten Bluse aus 100% Modal, die Komfort und Stil perfekt vereint. Das Patchwork-Design in Blau-, Creme- und Korallt\u00f6nen verleiht diesem Modell eine raffinierte, k\u00fcnstlerische Note.MUCHO GUSTO\u00ae Blouse Limone Sul Garda Patchwork Diese MUCHO GUSTO\u00ae Bluse [&hellip;]<\/p>\n","protected":false},"featured_media":53783,"comment_status":"open","ping_status":"closed","template":"","meta":{"_acf_changed":false,"inline_featured_image":false,"navigation_state":false,"_genesis_hide_title":false,"_genesis_hide_breadcrumbs":false,"_genesis_hide_singular_image":false,"_genesis_hide_footer_widgets":false,"_genesis_custom_body_class":"","_genesis_custom_post_class":"","_genesis_layout":""},"product_brand":[],"product_cat":[71,69],"product_tag":[],"class_list":{"0":"post-53770","1":"product","2":"type-product","3":"status-publish","4":"has-post-thumbnail","6":"product_cat-blusen","7":"product_cat-kleidung","8":"entry","10":"first","11":"instock","12":"sale","13":"taxable","14":"shipping-taxable","15":"purchasable","16":"product-type-variable"},"acf":[],"yoast_head":"<!-- This site is optimized with the Yoast SEO Premium plugin v27.2 (Yoast SEO v27.2) - https:\/\/yoast.com\/product\/yoast-seo-premium-wordpress\/ -->\n<title>MUCHO GUSTO\u00ae Blouse Limone Sul Garda Patchwork<\/title>\n<meta name=\"description\" content=\"Entdecken Sie das MUCHO GUSTO\u00ae Blouse Limone Sul Garda Patchwork \u2013 eine 100% Modal Patchwork-Bluse in Blau und Koralle. Dutch Design trifft Eleganz.\" \/>\n<meta name=\"robots\" content=\"index, follow, max-snippet:-1, max-image-preview:large, max-video-preview:-1\" \/>\n<link rel=\"canonical\" href=\"https:\/\/muchogusto.nl\/produkt\/mucho-gusto-blouse-limone-sul-garda-white-flower\/\" \/>\n<meta property=\"og:locale\" content=\"de_DE\" \/>\n<meta property=\"og:type\" content=\"article\" \/>\n<meta property=\"og:title\" content=\"MUCHO GUSTO\u00ae Blouse Limone Sul Garda Patchwork\" \/>\n<meta property=\"og:description\" content=\"Entdecken Sie das MUCHO GUSTO\u00ae Blouse Limone Sul Garda Patchwork \u2013 eine 100% Modal Patchwork-Bluse in Blau und Koralle. Dutch Design trifft Eleganz.\" \/>\n<meta property=\"og:url\" content=\"https:\/\/muchogusto.nl\/produkt\/mucho-gusto-blouse-limone-sul-garda-white-flower\/\" \/>\n<meta property=\"og:site_name\" content=\"Mucho Gusto\" \/>\n<meta property=\"article:publisher\" content=\"https:\/\/www.facebook.com\/muchogusto.nl\/\" \/>\n<meta property=\"article:modified_time\" content=\"2026-03-02T11:02:38+00:00\" \/>\n<meta property=\"og:image\" content=\"http:\/\/muchogusto.nl\/wp-content\/uploads\/2025\/11\/C52LIM019-scaled.jpg\" \/>\n\t<meta property=\"og:image:width\" content=\"1920\" \/>\n\t<meta property=\"og:image:height\" content=\"2560\" \/>\n\t<meta property=\"og:image:type\" content=\"image\/jpeg\" \/>\n<meta name=\"twitter:card\" content=\"summary_large_image\" \/>\n<meta name=\"twitter:label1\" content=\"Est. reading time\" \/>\n\t<meta name=\"twitter:data1\" content=\"2 minutes\" \/>\n<script type=\"application\/ld+json\" class=\"yoast-schema-graph\">{\"@context\":\"https:\/\/schema.org\",\"@graph\":[{\"@type\":\"WebPage\",\"@id\":\"https:\/\/muchogusto.nl\/produkt\/mucho-gusto-blouse-limone-sul-garda-white-flower\/\",\"url\":\"https:\/\/muchogusto.nl\/produkt\/mucho-gusto-blouse-limone-sul-garda-white-flower\/\",\"name\":\"MUCHO GUSTO\u00ae Blouse Limone Sul Garda Patchwork\",\"isPartOf\":{\"@id\":\"https:\/\/muchogusto.nl\/#website\"},\"primaryImageOfPage\":{\"@id\":\"https:\/\/muchogusto.nl\/produkt\/mucho-gusto-blouse-limone-sul-garda-white-flower\/#primaryimage\"},\"image\":{\"@id\":\"https:\/\/muchogusto.nl\/produkt\/mucho-gusto-blouse-limone-sul-garda-white-flower\/#primaryimage\"},\"thumbnailUrl\":\"https:\/\/muchogusto.nl\/wp-content\/uploads\/2025\/11\/C52LIM019-scaled.jpg\",\"datePublished\":\"2025-11-13T15:33:59+00:00\",\"dateModified\":\"2026-03-02T11:02:38+00:00\",\"description\":\"Entdecken Sie das MUCHO GUSTO\u00ae Blouse Limone Sul Garda Patchwork \u2013 eine 100% Modal Patchwork-Bluse in Blau und Koralle. Dutch Design trifft Eleganz.\",\"breadcrumb\":{\"@id\":\"https:\/\/muchogusto.nl\/produkt\/mucho-gusto-blouse-limone-sul-garda-white-flower\/#breadcrumb\"},\"inLanguage\":\"de-DE\",\"potentialAction\":[{\"@type\":\"ReadAction\",\"target\":[\"https:\/\/muchogusto.nl\/produkt\/mucho-gusto-blouse-limone-sul-garda-white-flower\/\"]}]},{\"@type\":\"ImageObject\",\"inLanguage\":\"de-DE\",\"@id\":\"https:\/\/muchogusto.nl\/produkt\/mucho-gusto-blouse-limone-sul-garda-white-flower\/#primaryimage\",\"url\":\"https:\/\/muchogusto.nl\/wp-content\/uploads\/2025\/11\/C52LIM019-scaled.jpg\",\"contentUrl\":\"https:\/\/muchogusto.nl\/wp-content\/uploads\/2025\/11\/C52LIM019-scaled.jpg\",\"width\":1920,\"height\":2560,\"caption\":\"MUCHO GUSTO\u00ae Blouse Limone Sul Garda White Flower\"},{\"@type\":\"BreadcrumbList\",\"@id\":\"https:\/\/muchogusto.nl\/produkt\/mucho-gusto-blouse-limone-sul-garda-white-flower\/#breadcrumb\",\"itemListElement\":[{\"@type\":\"ListItem\",\"position\":1,\"name\":\"Home\",\"item\":\"https:\/\/muchogusto.nl\/de\/\"},{\"@type\":\"ListItem\",\"position\":2,\"name\":\"Shop\",\"item\":\"https:\/\/muchogusto.nl\/de\/shop-2\/\"},{\"@type\":\"ListItem\",\"position\":3,\"name\":\"MUCHO GUSTO\u00ae Blouse Limone Sul Garda Patchwork\"}]},{\"@type\":\"WebSite\",\"@id\":\"https:\/\/muchogusto.nl\/#website\",\"url\":\"https:\/\/muchogusto.nl\/\",\"name\":\"muchogusto.nl\",\"description\":\"\",\"publisher\":{\"@id\":\"https:\/\/muchogusto.nl\/#organization\"},\"potentialAction\":[{\"@type\":\"SearchAction\",\"target\":{\"@type\":\"EntryPoint\",\"urlTemplate\":\"https:\/\/muchogusto.nl\/?s={search_term_string}\"},\"query-input\":{\"@type\":\"PropertyValueSpecification\",\"valueRequired\":true,\"valueName\":\"search_term_string\"}}],\"inLanguage\":\"de-DE\"},{\"@type\":\"Organization\",\"@id\":\"https:\/\/muchogusto.nl\/#organization\",\"name\":\"Mucho Gusto\",\"url\":\"https:\/\/muchogusto.nl\/\",\"logo\":{\"@type\":\"ImageObject\",\"inLanguage\":\"de-DE\",\"@id\":\"https:\/\/muchogusto.nl\/#\/schema\/logo\/image\/\",\"url\":\"https:\/\/muchogusto.nl\/wp-content\/uploads\/2022\/08\/logo_header.svg\",\"contentUrl\":\"https:\/\/muchogusto.nl\/wp-content\/uploads\/2022\/08\/logo_header.svg\",\"caption\":\"Mucho Gusto\"},\"image\":{\"@id\":\"https:\/\/muchogusto.nl\/#\/schema\/logo\/image\/\"},\"sameAs\":[\"https:\/\/www.facebook.com\/muchogusto.nl\/\",\"https:\/\/www.instagram.com\/muchogusto.nl\/\"]}]}<\/script>\n<!-- \/ Yoast SEO Premium plugin. -->","yoast_head_json":{"title":"MUCHO GUSTO\u00ae Blouse Limone Sul Garda Patchwork","description":"Entdecken Sie das MUCHO GUSTO\u00ae Blouse Limone Sul Garda Patchwork \u2013 eine 100% Modal Patchwork-Bluse in Blau und Koralle. Dutch Design trifft Eleganz.","robots":{"index":"index","follow":"follow","max-snippet":"max-snippet:-1","max-image-preview":"max-image-preview:large","max-video-preview":"max-video-preview:-1"},"canonical":"https:\/\/muchogusto.nl\/produkt\/mucho-gusto-blouse-limone-sul-garda-white-flower\/","og_locale":"de_DE","og_type":"article","og_title":"MUCHO GUSTO\u00ae Blouse Limone Sul Garda Patchwork","og_description":"Entdecken Sie das MUCHO GUSTO\u00ae Blouse Limone Sul Garda Patchwork \u2013 eine 100% Modal Patchwork-Bluse in Blau und Koralle. Dutch Design trifft Eleganz.","og_url":"https:\/\/muchogusto.nl\/produkt\/mucho-gusto-blouse-limone-sul-garda-white-flower\/","og_site_name":"Mucho Gusto","article_publisher":"https:\/\/www.facebook.com\/muchogusto.nl\/","article_modified_time":"2026-03-02T11:02:38+00:00","og_image":[{"width":1920,"height":2560,"url":"http:\/\/muchogusto.nl\/wp-content\/uploads\/2025\/11\/C52LIM019-scaled.jpg","type":"image\/jpeg"}],"twitter_card":"summary_large_image","twitter_misc":{"Est. reading time":"2 minutes"},"schema":{"@context":"https:\/\/schema.org","@graph":[{"@type":"WebPage","@id":"https:\/\/muchogusto.nl\/produkt\/mucho-gusto-blouse-limone-sul-garda-white-flower\/","url":"https:\/\/muchogusto.nl\/produkt\/mucho-gusto-blouse-limone-sul-garda-white-flower\/","name":"MUCHO GUSTO\u00ae Blouse Limone Sul Garda Patchwork","isPartOf":{"@id":"https:\/\/muchogusto.nl\/#website"},"primaryImageOfPage":{"@id":"https:\/\/muchogusto.nl\/produkt\/mucho-gusto-blouse-limone-sul-garda-white-flower\/#primaryimage"},"image":{"@id":"https:\/\/muchogusto.nl\/produkt\/mucho-gusto-blouse-limone-sul-garda-white-flower\/#primaryimage"},"thumbnailUrl":"https:\/\/muchogusto.nl\/wp-content\/uploads\/2025\/11\/C52LIM019-scaled.jpg","datePublished":"2025-11-13T15:33:59+00:00","dateModified":"2026-03-02T11:02:38+00:00","description":"Entdecken Sie das MUCHO GUSTO\u00ae Blouse Limone Sul Garda Patchwork \u2013 eine 100% Modal Patchwork-Bluse in Blau und Koralle. Dutch Design trifft Eleganz.","breadcrumb":{"@id":"https:\/\/muchogusto.nl\/produkt\/mucho-gusto-blouse-limone-sul-garda-white-flower\/#breadcrumb"},"inLanguage":"de-DE","potentialAction":[{"@type":"ReadAction","target":["https:\/\/muchogusto.nl\/produkt\/mucho-gusto-blouse-limone-sul-garda-white-flower\/"]}]},{"@type":"ImageObject","inLanguage":"de-DE","@id":"https:\/\/muchogusto.nl\/produkt\/mucho-gusto-blouse-limone-sul-garda-white-flower\/#primaryimage","url":"https:\/\/muchogusto.nl\/wp-content\/uploads\/2025\/11\/C52LIM019-scaled.jpg","contentUrl":"https:\/\/muchogusto.nl\/wp-content\/uploads\/2025\/11\/C52LIM019-scaled.jpg","width":1920,"height":2560,"caption":"MUCHO GUSTO\u00ae Blouse Limone Sul Garda White Flower"},{"@type":"BreadcrumbList","@id":"https:\/\/muchogusto.nl\/produkt\/mucho-gusto-blouse-limone-sul-garda-white-flower\/#breadcrumb","itemListElement":[{"@type":"ListItem","position":1,"name":"Home","item":"https:\/\/muchogusto.nl\/de\/"},{"@type":"ListItem","position":2,"name":"Shop","item":"https:\/\/muchogusto.nl\/de\/shop-2\/"},{"@type":"ListItem","position":3,"name":"MUCHO GUSTO\u00ae Blouse Limone Sul Garda Patchwork"}]},{"@type":"WebSite","@id":"https:\/\/muchogusto.nl\/#website","url":"https:\/\/muchogusto.nl\/","name":"muchogusto.nl","description":"","publisher":{"@id":"https:\/\/muchogusto.nl\/#organization"},"potentialAction":[{"@type":"SearchAction","target":{"@type":"EntryPoint","urlTemplate":"https:\/\/muchogusto.nl\/?s={search_term_string}"},"query-input":{"@type":"PropertyValueSpecification","valueRequired":true,"valueName":"search_term_string"}}],"inLanguage":"de-DE"},{"@type":"Organization","@id":"https:\/\/muchogusto.nl\/#organization","name":"Mucho Gusto","url":"https:\/\/muchogusto.nl\/","logo":{"@type":"ImageObject","inLanguage":"de-DE","@id":"https:\/\/muchogusto.nl\/#\/schema\/logo\/image\/","url":"https:\/\/muchogusto.nl\/wp-content\/uploads\/2022\/08\/logo_header.svg","contentUrl":"https:\/\/muchogusto.nl\/wp-content\/uploads\/2022\/08\/logo_header.svg","caption":"Mucho Gusto"},"image":{"@id":"https:\/\/muchogusto.nl\/#\/schema\/logo\/image\/"},"sameAs":["https:\/\/www.facebook.com\/muchogusto.nl\/","https:\/\/www.instagram.com\/muchogusto.nl\/"]}]}},"_links":{"self":[{"href":"https:\/\/muchogusto.nl\/de\/wp-json\/wp\/v2\/product\/53770","targetHints":{"allow":["GET"]}}],"collection":[{"href":"https:\/\/muchogusto.nl\/de\/wp-json\/wp\/v2\/product"}],"about":[{"href":"https:\/\/muchogusto.nl\/de\/wp-json\/wp\/v2\/types\/product"}],"replies":[{"embeddable":true,"href":"https:\/\/muchogusto.nl\/de\/wp-json\/wp\/v2\/comments?post=53770"}],"wp:featuredmedia":[{"embeddable":true,"href":"https:\/\/muchogusto.nl\/de\/wp-json\/wp\/v2\/media\/53783"}],"wp:attachment":[{"href":"https:\/\/muchogusto.nl\/de\/wp-json\/wp\/v2\/media?parent=53770"}],"wp:term":[{"taxonomy":"product_brand","embeddable":true,"href":"https:\/\/muchogusto.nl\/de\/wp-json\/wp\/v2\/product_brand?post=53770"},{"taxonomy":"product_cat","embeddable":true,"href":"https:\/\/muchogusto.nl\/de\/wp-json\/wp\/v2\/product_cat?post=53770"},{"taxonomy":"product_tag","embeddable":true,"href":"https:\/\/muchogusto.nl\/de\/wp-json\/wp\/v2\/product_tag?post=53770"}],"curies":[{"name":"wp","href":"https:\/\/api.w.org\/{rel}","templated":true}]}}