{"id":53709,"date":"2025-11-13T11:36:59","date_gmt":"2025-11-13T10:36:59","guid":{"rendered":"https:\/\/muchogusto.nl\/?post_type=product&#038;p=53709"},"modified":"2026-03-02T12:02:38","modified_gmt":"2026-03-02T11:02:38","slug":"mucho-gusto-weste-kunstfell-leoparden-weiss","status":"publish","type":"product","link":"https:\/\/muchogusto.nl\/de\/produkt\/mucho-gusto-weste-kunstfell-leoparden-weiss\/","title":{"rendered":"MUCHO GUSTO\u00ae Weste Kunstfell Leoparden Wei\u00df"},"content":{"rendered":"<h3 data-start=\"1852\" data-end=\"1877\">DETAILS ZUM PRODUKT<\/h3>\n<p><strong>MUCHO GUSTO\u00ae Weste Kunstfell Leoparden Wei\u00df<\/strong><\/p>\n<p data-start=\"2606\" data-end=\"3025\">Erleben Sie luxuri\u00f6se Winter-Eleganz mit dem MUCHO GUSTO\u00ae Weste Kunstfell Leoparden Wei\u00df \u2014 einem Statement-Piece, das W\u00e4rme, Struktur und stilvolle Raffinesse vereint. Das Design kombiniert weiches Kunstfell mit einem modernen wei\u00dfen Leopardmuster und schafft damit einen auff\u00e4lligen, dennoch eleganten Look. Die tiefbraunen Fellbes\u00e4tze verleihen dem Gilet zus\u00e4tzlich Tiefe und eine besonders edle Note.<\/p>\n<p data-start=\"3027\" data-end=\"3490\">Au\u00dferdem l\u00e4sst sich das \u00e4rmellose Design perfekt kombinieren: \u00fcber einem leichten Strickpullover, einer cleanen Bluse oder einem Rollkragenpullover. So entsteht ein vielseitiger Layering-Look, der sowohl casual als auch chic funktioniert. Dank der hochwertigen Materialien f\u00fchlt sich das Gilet angenehm weich an, w\u00e4hrend die strukturierte Passform die Silhouette schmeichelhaft formt. Somit wird es zu einem unverzichtbaren Lieblingsst\u00fcck f\u00fcr die k\u00e4lteren Monate.<\/p>\n<p data-start=\"3492\" data-end=\"3782\">Dieses MUCHO GUSTO\u00ae Design verbindet mutige Muster mit zeitloser Winter\u00e4sthetik \u2014 selbstbewusst, modern und stilvoll. Es spiegelt die charakteristische Dutch-Design-DNA der Marke wider und eignet sich ideal f\u00fcr modebewusste Frauen, die au\u00dfergew\u00f6hnliche, dennoch tragbare Outerwear sch\u00e4tzen.<\/p>\n<p data-start=\"3784\" data-end=\"3949\"><strong data-start=\"3784\" data-end=\"3800\">Dutch Design<\/strong><br data-start=\"3800\" data-end=\"3803\" \/><strong data-start=\"3803\" data-end=\"3816\">Material:<\/strong> 75% Baumwolle, 25% Acryl \/ 100% PES<br data-start=\"3852\" data-end=\"3855\" \/><strong data-start=\"3855\" data-end=\"3866\">Design:<\/strong> Wei\u00dfes Leopardenmuster mit Kunstfellbesatz<br data-start=\"3909\" data-end=\"3912\" \/><strong data-start=\"3912\" data-end=\"3928\">Farbpalette:<\/strong> Wei\u00df, Taupe, Braun<\/p>\n<div class=\"summary\">\n<div class=\"tccContent\">\n<div class=\"summary\">\n<h3>PASSENDE ARTIKEL<\/h3>\n<p class=\"p2\"><span class=\"s1\">Vervollst\u00e4ndigen Sie Ihren Look mit einem passenden\u00a0<a href=\"https:\/\/muchogusto.nl\/de\/schals\/\"><span class=\"s2\">Schal<\/span><\/a>.<br \/>\n<\/span><span class=\"s1\">M\u00f6chten Sie mehr Blusen sehen? Dann schauen Sie sich unsere\u00a0<a href=\"https:\/\/muchogusto.nl\/de\/blusen\/\"><span class=\"s2\">Bekleidungsseite<\/span><\/a>\u00a0an.<br \/>\n<\/span><span class=\"s1\">M\u00f6chten Sie mehr Inspiration? Besuchen Sie unsere\u00a0<a href=\"https:\/\/www.instagram.com\/muchogusto.nl\/\"><span class=\"s2\">Instagram<\/span><\/a>-Seite.\u00a0<\/span><\/p>\n<h3>BRAUCHEN SIE HILFE?<\/h3>\n<p>Wenn Sie Fragen zu diesem Artikel oder der Gr\u00f6\u00dfe haben, senden Sie eine E-Mail an unseren Kundenservice unter<a href=\"http:\/\/muchogusto.nl\/de\/\"><span class=\"s2\">web@muchogusto.nl.<\/span><\/a><\/p>\n<h3>GR\u00d6SSENTABELLEN<\/h3>\n<p>Unsere Gr\u00f6\u00dfen sind in europ\u00e4ischen Gr\u00f6\u00dfen angegeben. Sie k\u00f6nnen diese Gr\u00f6\u00dfen anhand der Tabellen\u00a0<a href=\"https:\/\/muchogusto.nl\/de\/grossentabellen\/\">auf dieser Seite<\/a> leicht umrechnen. Die Passform kann je nach Stil oder pers\u00f6nlicher Vorliebe variieren.<\/p>\n<\/div>\n<\/div>\n<\/div>\n","protected":false},"excerpt":{"rendered":"<p>DETAILS ZUM PRODUKT MUCHO GUSTO\u00ae Weste Kunstfell Leoparden Wei\u00df Erleben Sie luxuri\u00f6se Winter-Eleganz mit dem MUCHO GUSTO\u00ae Weste Kunstfell Leoparden Wei\u00df \u2014 einem Statement-Piece, das W\u00e4rme, Struktur und stilvolle Raffinesse vereint. Das Design kombiniert weiches Kunstfell mit einem modernen wei\u00dfen Leopardmuster und schafft damit einen auff\u00e4lligen, dennoch eleganten Look. Die tiefbraunen Fellbes\u00e4tze verleihen dem Gilet [&hellip;]<\/p>\n","protected":false},"featured_media":53717,"comment_status":"open","ping_status":"closed","template":"","meta":{"_acf_changed":false,"inline_featured_image":false,"navigation_state":false,"_genesis_hide_title":false,"_genesis_hide_breadcrumbs":false,"_genesis_hide_singular_image":false,"_genesis_hide_footer_widgets":false,"_genesis_custom_body_class":"","_genesis_custom_post_class":"","_genesis_layout":""},"product_brand":[],"product_cat":[3326],"product_tag":[],"class_list":{"0":"post-53709","1":"product","2":"type-product","3":"status-publish","4":"has-post-thumbnail","6":"product_cat-westen","7":"entry","9":"first","10":"instock","11":"sale","12":"taxable","13":"shipping-taxable","14":"purchasable","15":"product-type-variable"},"acf":[],"yoast_head":"<!-- This site is optimized with the Yoast SEO Premium plugin v27.2 (Yoast SEO v27.2) - https:\/\/yoast.com\/product\/yoast-seo-premium-wordpress\/ -->\n<title>MUCHO GUSTO\u00ae Weste Kunstfell Leoparden Wei\u00df<\/title>\n<meta name=\"description\" content=\"Entdecken Sie das MUCHO GUSTO\u00ae Weste Kunstfell Leoparden Wei\u00df \u2014 ein kunstfellbesetztes Leoparden-Gilet mit braunen Akzenten. Dutch Design.\" \/>\n<meta name=\"robots\" content=\"index, follow, max-snippet:-1, max-image-preview:large, max-video-preview:-1\" \/>\n<link rel=\"canonical\" href=\"https:\/\/muchogusto.nl\/produkt\/mucho-gusto-gilet-leopard-fake-fur-white\/\" \/>\n<meta property=\"og:locale\" content=\"de_DE\" \/>\n<meta property=\"og:type\" content=\"article\" \/>\n<meta property=\"og:title\" content=\"MUCHO GUSTO\u00ae Weste Kunstfell Leoparden Wei\u00df\" \/>\n<meta property=\"og:description\" content=\"Entdecken Sie das MUCHO GUSTO\u00ae Weste Kunstfell Leoparden Wei\u00df \u2014 ein kunstfellbesetztes Leoparden-Gilet mit braunen Akzenten. Dutch Design.\" \/>\n<meta property=\"og:url\" content=\"https:\/\/muchogusto.nl\/produkt\/mucho-gusto-gilet-leopard-fake-fur-white\/\" \/>\n<meta property=\"og:site_name\" content=\"Mucho Gusto\" \/>\n<meta property=\"article:publisher\" content=\"https:\/\/www.facebook.com\/muchogusto.nl\/\" \/>\n<meta property=\"article:modified_time\" content=\"2026-03-02T11:02:38+00:00\" \/>\n<meta property=\"og:image\" content=\"http:\/\/muchogusto.nl\/wp-content\/uploads\/2025\/11\/C52GIL998-1-scaled.jpg\" \/>\n\t<meta property=\"og:image:width\" content=\"1920\" \/>\n\t<meta property=\"og:image:height\" content=\"2560\" \/>\n\t<meta property=\"og:image:type\" content=\"image\/jpeg\" \/>\n<meta name=\"twitter:card\" content=\"summary_large_image\" \/>\n<meta name=\"twitter:label1\" content=\"Est. reading time\" \/>\n\t<meta name=\"twitter:data1\" content=\"2 minutes\" \/>\n<script type=\"application\/ld+json\" class=\"yoast-schema-graph\">{\"@context\":\"https:\/\/schema.org\",\"@graph\":[{\"@type\":\"WebPage\",\"@id\":\"https:\/\/muchogusto.nl\/produkt\/mucho-gusto-gilet-leopard-fake-fur-white\/\",\"url\":\"https:\/\/muchogusto.nl\/produkt\/mucho-gusto-gilet-leopard-fake-fur-white\/\",\"name\":\"MUCHO GUSTO\u00ae Weste Kunstfell Leoparden Wei\u00df\",\"isPartOf\":{\"@id\":\"https:\/\/muchogusto.nl\/#website\"},\"primaryImageOfPage\":{\"@id\":\"https:\/\/muchogusto.nl\/produkt\/mucho-gusto-gilet-leopard-fake-fur-white\/#primaryimage\"},\"image\":{\"@id\":\"https:\/\/muchogusto.nl\/produkt\/mucho-gusto-gilet-leopard-fake-fur-white\/#primaryimage\"},\"thumbnailUrl\":\"https:\/\/muchogusto.nl\/wp-content\/uploads\/2025\/11\/C52GIL998-1-scaled.jpg\",\"datePublished\":\"2025-11-13T10:36:59+00:00\",\"dateModified\":\"2026-03-02T11:02:38+00:00\",\"description\":\"Entdecken Sie das MUCHO GUSTO\u00ae Weste Kunstfell Leoparden Wei\u00df \u2014 ein kunstfellbesetztes Leoparden-Gilet mit braunen Akzenten. Dutch Design.\",\"breadcrumb\":{\"@id\":\"https:\/\/muchogusto.nl\/produkt\/mucho-gusto-gilet-leopard-fake-fur-white\/#breadcrumb\"},\"inLanguage\":\"de-DE\",\"potentialAction\":[{\"@type\":\"ReadAction\",\"target\":[\"https:\/\/muchogusto.nl\/produkt\/mucho-gusto-gilet-leopard-fake-fur-white\/\"]}]},{\"@type\":\"ImageObject\",\"inLanguage\":\"de-DE\",\"@id\":\"https:\/\/muchogusto.nl\/produkt\/mucho-gusto-gilet-leopard-fake-fur-white\/#primaryimage\",\"url\":\"https:\/\/muchogusto.nl\/wp-content\/uploads\/2025\/11\/C52GIL998-1-scaled.jpg\",\"contentUrl\":\"https:\/\/muchogusto.nl\/wp-content\/uploads\/2025\/11\/C52GIL998-1-scaled.jpg\",\"width\":1920,\"height\":2560,\"caption\":\"MUCHO GUSTO\u00ae Weste Kunstfell Leoparden Wei\u00df\"},{\"@type\":\"BreadcrumbList\",\"@id\":\"https:\/\/muchogusto.nl\/produkt\/mucho-gusto-gilet-leopard-fake-fur-white\/#breadcrumb\",\"itemListElement\":[{\"@type\":\"ListItem\",\"position\":1,\"name\":\"Home\",\"item\":\"https:\/\/muchogusto.nl\/de\/\"},{\"@type\":\"ListItem\",\"position\":2,\"name\":\"Shop\",\"item\":\"https:\/\/muchogusto.nl\/de\/shop-2\/\"},{\"@type\":\"ListItem\",\"position\":3,\"name\":\"MUCHO GUSTO\u00ae Weste Kunstfell Leoparden Wei\u00df\"}]},{\"@type\":\"WebSite\",\"@id\":\"https:\/\/muchogusto.nl\/#website\",\"url\":\"https:\/\/muchogusto.nl\/\",\"name\":\"muchogusto.nl\",\"description\":\"\",\"publisher\":{\"@id\":\"https:\/\/muchogusto.nl\/#organization\"},\"potentialAction\":[{\"@type\":\"SearchAction\",\"target\":{\"@type\":\"EntryPoint\",\"urlTemplate\":\"https:\/\/muchogusto.nl\/?s={search_term_string}\"},\"query-input\":{\"@type\":\"PropertyValueSpecification\",\"valueRequired\":true,\"valueName\":\"search_term_string\"}}],\"inLanguage\":\"de-DE\"},{\"@type\":\"Organization\",\"@id\":\"https:\/\/muchogusto.nl\/#organization\",\"name\":\"Mucho Gusto\",\"url\":\"https:\/\/muchogusto.nl\/\",\"logo\":{\"@type\":\"ImageObject\",\"inLanguage\":\"de-DE\",\"@id\":\"https:\/\/muchogusto.nl\/#\/schema\/logo\/image\/\",\"url\":\"https:\/\/muchogusto.nl\/wp-content\/uploads\/2022\/08\/logo_header.svg\",\"contentUrl\":\"https:\/\/muchogusto.nl\/wp-content\/uploads\/2022\/08\/logo_header.svg\",\"caption\":\"Mucho Gusto\"},\"image\":{\"@id\":\"https:\/\/muchogusto.nl\/#\/schema\/logo\/image\/\"},\"sameAs\":[\"https:\/\/www.facebook.com\/muchogusto.nl\/\",\"https:\/\/www.instagram.com\/muchogusto.nl\/\"]}]}<\/script>\n<!-- \/ Yoast SEO Premium plugin. -->","yoast_head_json":{"title":"MUCHO GUSTO\u00ae Weste Kunstfell Leoparden Wei\u00df","description":"Entdecken Sie das MUCHO GUSTO\u00ae Weste Kunstfell Leoparden Wei\u00df \u2014 ein kunstfellbesetztes Leoparden-Gilet mit braunen Akzenten. Dutch Design.","robots":{"index":"index","follow":"follow","max-snippet":"max-snippet:-1","max-image-preview":"max-image-preview:large","max-video-preview":"max-video-preview:-1"},"canonical":"https:\/\/muchogusto.nl\/produkt\/mucho-gusto-gilet-leopard-fake-fur-white\/","og_locale":"de_DE","og_type":"article","og_title":"MUCHO GUSTO\u00ae Weste Kunstfell Leoparden Wei\u00df","og_description":"Entdecken Sie das MUCHO GUSTO\u00ae Weste Kunstfell Leoparden Wei\u00df \u2014 ein kunstfellbesetztes Leoparden-Gilet mit braunen Akzenten. Dutch Design.","og_url":"https:\/\/muchogusto.nl\/produkt\/mucho-gusto-gilet-leopard-fake-fur-white\/","og_site_name":"Mucho Gusto","article_publisher":"https:\/\/www.facebook.com\/muchogusto.nl\/","article_modified_time":"2026-03-02T11:02:38+00:00","og_image":[{"width":1920,"height":2560,"url":"http:\/\/muchogusto.nl\/wp-content\/uploads\/2025\/11\/C52GIL998-1-scaled.jpg","type":"image\/jpeg"}],"twitter_card":"summary_large_image","twitter_misc":{"Est. reading time":"2 minutes"},"schema":{"@context":"https:\/\/schema.org","@graph":[{"@type":"WebPage","@id":"https:\/\/muchogusto.nl\/produkt\/mucho-gusto-gilet-leopard-fake-fur-white\/","url":"https:\/\/muchogusto.nl\/produkt\/mucho-gusto-gilet-leopard-fake-fur-white\/","name":"MUCHO GUSTO\u00ae Weste Kunstfell Leoparden Wei\u00df","isPartOf":{"@id":"https:\/\/muchogusto.nl\/#website"},"primaryImageOfPage":{"@id":"https:\/\/muchogusto.nl\/produkt\/mucho-gusto-gilet-leopard-fake-fur-white\/#primaryimage"},"image":{"@id":"https:\/\/muchogusto.nl\/produkt\/mucho-gusto-gilet-leopard-fake-fur-white\/#primaryimage"},"thumbnailUrl":"https:\/\/muchogusto.nl\/wp-content\/uploads\/2025\/11\/C52GIL998-1-scaled.jpg","datePublished":"2025-11-13T10:36:59+00:00","dateModified":"2026-03-02T11:02:38+00:00","description":"Entdecken Sie das MUCHO GUSTO\u00ae Weste Kunstfell Leoparden Wei\u00df \u2014 ein kunstfellbesetztes Leoparden-Gilet mit braunen Akzenten. Dutch Design.","breadcrumb":{"@id":"https:\/\/muchogusto.nl\/produkt\/mucho-gusto-gilet-leopard-fake-fur-white\/#breadcrumb"},"inLanguage":"de-DE","potentialAction":[{"@type":"ReadAction","target":["https:\/\/muchogusto.nl\/produkt\/mucho-gusto-gilet-leopard-fake-fur-white\/"]}]},{"@type":"ImageObject","inLanguage":"de-DE","@id":"https:\/\/muchogusto.nl\/produkt\/mucho-gusto-gilet-leopard-fake-fur-white\/#primaryimage","url":"https:\/\/muchogusto.nl\/wp-content\/uploads\/2025\/11\/C52GIL998-1-scaled.jpg","contentUrl":"https:\/\/muchogusto.nl\/wp-content\/uploads\/2025\/11\/C52GIL998-1-scaled.jpg","width":1920,"height":2560,"caption":"MUCHO GUSTO\u00ae Weste Kunstfell Leoparden Wei\u00df"},{"@type":"BreadcrumbList","@id":"https:\/\/muchogusto.nl\/produkt\/mucho-gusto-gilet-leopard-fake-fur-white\/#breadcrumb","itemListElement":[{"@type":"ListItem","position":1,"name":"Home","item":"https:\/\/muchogusto.nl\/de\/"},{"@type":"ListItem","position":2,"name":"Shop","item":"https:\/\/muchogusto.nl\/de\/shop-2\/"},{"@type":"ListItem","position":3,"name":"MUCHO GUSTO\u00ae Weste Kunstfell Leoparden Wei\u00df"}]},{"@type":"WebSite","@id":"https:\/\/muchogusto.nl\/#website","url":"https:\/\/muchogusto.nl\/","name":"muchogusto.nl","description":"","publisher":{"@id":"https:\/\/muchogusto.nl\/#organization"},"potentialAction":[{"@type":"SearchAction","target":{"@type":"EntryPoint","urlTemplate":"https:\/\/muchogusto.nl\/?s={search_term_string}"},"query-input":{"@type":"PropertyValueSpecification","valueRequired":true,"valueName":"search_term_string"}}],"inLanguage":"de-DE"},{"@type":"Organization","@id":"https:\/\/muchogusto.nl\/#organization","name":"Mucho Gusto","url":"https:\/\/muchogusto.nl\/","logo":{"@type":"ImageObject","inLanguage":"de-DE","@id":"https:\/\/muchogusto.nl\/#\/schema\/logo\/image\/","url":"https:\/\/muchogusto.nl\/wp-content\/uploads\/2022\/08\/logo_header.svg","contentUrl":"https:\/\/muchogusto.nl\/wp-content\/uploads\/2022\/08\/logo_header.svg","caption":"Mucho Gusto"},"image":{"@id":"https:\/\/muchogusto.nl\/#\/schema\/logo\/image\/"},"sameAs":["https:\/\/www.facebook.com\/muchogusto.nl\/","https:\/\/www.instagram.com\/muchogusto.nl\/"]}]}},"_links":{"self":[{"href":"https:\/\/muchogusto.nl\/de\/wp-json\/wp\/v2\/product\/53709","targetHints":{"allow":["GET"]}}],"collection":[{"href":"https:\/\/muchogusto.nl\/de\/wp-json\/wp\/v2\/product"}],"about":[{"href":"https:\/\/muchogusto.nl\/de\/wp-json\/wp\/v2\/types\/product"}],"replies":[{"embeddable":true,"href":"https:\/\/muchogusto.nl\/de\/wp-json\/wp\/v2\/comments?post=53709"}],"wp:featuredmedia":[{"embeddable":true,"href":"https:\/\/muchogusto.nl\/de\/wp-json\/wp\/v2\/media\/53717"}],"wp:attachment":[{"href":"https:\/\/muchogusto.nl\/de\/wp-json\/wp\/v2\/media?parent=53709"}],"wp:term":[{"taxonomy":"product_brand","embeddable":true,"href":"https:\/\/muchogusto.nl\/de\/wp-json\/wp\/v2\/product_brand?post=53709"},{"taxonomy":"product_cat","embeddable":true,"href":"https:\/\/muchogusto.nl\/de\/wp-json\/wp\/v2\/product_cat?post=53709"},{"taxonomy":"product_tag","embeddable":true,"href":"https:\/\/muchogusto.nl\/de\/wp-json\/wp\/v2\/product_tag?post=53709"}],"curies":[{"name":"wp","href":"https:\/\/api.w.org\/{rel}","templated":true}]}}