{"id":53414,"date":"2025-11-07T10:23:14","date_gmt":"2025-11-07T09:23:14","guid":{"rendered":"https:\/\/muchogusto.nl\/product\/mucho-gusto-sjaal-genova-logo-rouge\/"},"modified":"2026-03-02T12:02:38","modified_gmt":"2026-03-02T11:02:38","slug":"mucho-gusto-schal-genova-logo-rouge","status":"publish","type":"product","link":"https:\/\/muchogusto.nl\/de\/produkt\/mucho-gusto-schal-genova-logo-rouge\/","title":{"rendered":"MUCHO GUSTO\u00ae Schal Genova Logo Rouge"},"content":{"rendered":"<h3 data-start=\"3853\" data-end=\"3878\">DETAILS ZUM PRODUKT<\/h3>\n<p data-start=\"3879\" data-end=\"3921\"><strong data-start=\"3879\" data-end=\"3919\">MUCHO GUSTO\u00ae Schal Genova Logo Rouge<\/strong><\/p>\n<p data-start=\"3923\" data-end=\"4283\">Setzen Sie ein modisches Statement mit dem MUCHO GUSTO\u00ae Schal Genova Logo Rouge \u2014 ein luxuri\u00f6ses Accessoire mit modernem Charakter. Das markante Logo-Muster in Schwarz und Elfenbein wird durch rote Blumen und Streifenbord\u00fcren erg\u00e4nzt, wodurch ein stilvolles und dynamisches Design entsteht. Der weiche Polyesterstoff f\u00fchlt sich angenehm an und f\u00e4llt elegant.<\/p>\n<p data-start=\"4285\" data-end=\"4531\">Der dreieckige Schnitt bietet zahlreiche Stylingm\u00f6glichkeiten \u2013 leger um den Hals, \u00fcber die Schultern oder als modisches Accessoire. Dar\u00fcber hinaus bringt die Kombination aus Farbe und Muster einen Hauch von moderner Raffinesse in jedes Outfit.<\/p>\n<p data-start=\"4533\" data-end=\"4627\">Ein MUCHO GUSTO\u00ae Design, das niederl\u00e4ndische Kreativit\u00e4t und zeitlosen Stil perfekt vereint.<\/p>\n<p data-start=\"4629\" data-end=\"4829\"><strong data-start=\"4629\" data-end=\"4645\">Dutch Design<\/strong><br data-start=\"4645\" data-end=\"4648\" \/><strong data-start=\"4648\" data-end=\"4661\">Material:<\/strong> 100% Polyester<br data-start=\"4676\" data-end=\"4679\" \/><strong data-start=\"4679\" data-end=\"4688\">Ma\u00dfe:<\/strong> 220 x 140 x 140 cm<br data-start=\"4707\" data-end=\"4710\" \/><strong data-start=\"4710\" data-end=\"4719\">Form:<\/strong> Dreieckig<br data-start=\"4729\" data-end=\"4732\" \/><strong data-start=\"4732\" data-end=\"4743\">Design:<\/strong> Logo-Print mit roten Blumenakzenten<br data-start=\"4779\" data-end=\"4782\" \/><strong data-start=\"4782\" data-end=\"4798\">Farbpalette:<\/strong> Elfenbein Schwarz Rot Marine<\/p>\n<h3 data-start=\"4831\" data-end=\"4853\">PASSENDE ARTIKEL<\/h3>\n<p data-start=\"4854\" data-end=\"5166\">Kombinieren Sie Ihr Outfit mit unserer <a class=\"decorated-link\" href=\"https:\/\/muchogusto.nl\/clothing\/\" target=\"_new\" rel=\"noopener\" data-start=\"4893\" data-end=\"4938\">Bekleidung<\/a>.<br data-start=\"4939\" data-end=\"4942\" \/>M\u00f6chten Sie weitere Schals entdecken? Besuchen Sie unsere <a class=\"decorated-link\" href=\"https:\/\/muchogusto.nl\/scarfs\/#\" target=\"_new\" rel=\"noopener\" data-start=\"5000\" data-end=\"5046\">Schals Seite<\/a>.<br data-start=\"5047\" data-end=\"5050\" \/>Oder suchen Sie nach mehr Inspiration? Besuchen Sie uns auf <a class=\"decorated-link\" href=\"https:\/\/www.instagram.com\/muchogusto.nl\/\" target=\"_new\" rel=\"noopener\" data-start=\"5110\" data-end=\"5163\">Instagram<\/a>.<\/p>\n<h3 data-start=\"5168\" data-end=\"5193\">BRAUCHEN SIE HILFE?<\/h3>\n<p data-start=\"5194\" data-end=\"5326\">Wenn Sie Fragen zu diesem Artikel oder zur Gr\u00f6\u00dfe haben, wenden Sie sich bitte an unser Customer Care Team unter <a class=\"decorated-link cursor-pointer\" rel=\"noopener\" data-start=\"5306\" data-end=\"5323\">web@muchogusto.nl<\/a>.<\/p>\n","protected":false},"excerpt":{"rendered":"<p>DETAILS ZUM PRODUKT MUCHO GUSTO\u00ae Schal Genova Logo Rouge Setzen Sie ein modisches Statement mit dem MUCHO GUSTO\u00ae Schal Genova Logo Rouge \u2014 ein luxuri\u00f6ses Accessoire mit modernem Charakter. Das markante Logo-Muster in Schwarz und Elfenbein wird durch rote Blumen und Streifenbord\u00fcren erg\u00e4nzt, wodurch ein stilvolles und dynamisches Design entsteht. Der weiche Polyesterstoff f\u00fchlt sich [&hellip;]<\/p>\n","protected":false},"featured_media":53409,"comment_status":"open","ping_status":"closed","template":"","meta":{"_acf_changed":false,"inline_featured_image":false,"navigation_state":false,"_genesis_hide_title":false,"_genesis_hide_breadcrumbs":false,"_genesis_hide_singular_image":false,"_genesis_hide_footer_widgets":false,"_genesis_custom_body_class":"","_genesis_custom_post_class":"","_genesis_layout":""},"product_brand":[],"product_cat":[87],"product_tag":[],"class_list":{"0":"post-53414","1":"product","2":"type-product","3":"status-publish","4":"has-post-thumbnail","6":"product_cat-schals","7":"entry","9":"first","10":"instock","11":"sale","12":"taxable","13":"shipping-taxable","14":"purchasable","15":"product-type-simple"},"acf":[],"yoast_head":"<!-- This site is optimized with the Yoast SEO Premium plugin v27.2 (Yoast SEO v27.2) - https:\/\/yoast.com\/product\/yoast-seo-premium-wordpress\/ -->\n<title>MUCHO GUSTO\u00ae Schal Genova Logo Rouge - Mucho Gusto<\/title>\n<meta name=\"description\" content=\"Entdecken Sie den MUCHO GUSTO\u00ae Schal Genova Logo Rouge \u2014 ein dreieckiger Polyester-Schal mit roten Blumen und markantem Logo-Muster. Dutch Design.\" \/>\n<meta name=\"robots\" content=\"index, follow, max-snippet:-1, max-image-preview:large, max-video-preview:-1\" \/>\n<link rel=\"canonical\" href=\"https:\/\/muchogusto.nl\/de\/produkt\/mucho-gusto-schal-genova-logo-rouge\/\" \/>\n<meta property=\"og:locale\" content=\"de_DE\" \/>\n<meta property=\"og:type\" content=\"article\" \/>\n<meta property=\"og:title\" content=\"MUCHO GUSTO\u00ae Schal Genova Logo Rouge\" \/>\n<meta property=\"og:description\" content=\"Entdecken Sie den MUCHO GUSTO\u00ae Schal Genova Logo Rouge \u2014 ein dreieckiger Polyester-Schal mit roten Blumen und markantem Logo-Muster. Dutch Design.\" \/>\n<meta property=\"og:url\" content=\"https:\/\/muchogusto.nl\/de\/produkt\/mucho-gusto-schal-genova-logo-rouge\/\" \/>\n<meta property=\"og:site_name\" content=\"Mucho Gusto\" \/>\n<meta property=\"article:publisher\" content=\"https:\/\/www.facebook.com\/muchogusto.nl\/\" \/>\n<meta property=\"article:modified_time\" content=\"2026-03-02T11:02:38+00:00\" \/>\n<meta property=\"og:image\" content=\"http:\/\/muchogusto.nl\/wp-content\/uploads\/2025\/11\/Sjaals-mucho-gusto-2500-x-3333-px-16-1-scaled.jpg\" \/>\n\t<meta property=\"og:image:width\" content=\"1920\" \/>\n\t<meta property=\"og:image:height\" content=\"2560\" \/>\n\t<meta property=\"og:image:type\" content=\"image\/jpeg\" \/>\n<meta name=\"twitter:card\" content=\"summary_large_image\" \/>\n<meta name=\"twitter:label1\" content=\"Est. reading time\" \/>\n\t<meta name=\"twitter:data1\" content=\"2 minutes\" \/>\n<script type=\"application\/ld+json\" class=\"yoast-schema-graph\">{\"@context\":\"https:\/\/schema.org\",\"@graph\":[{\"@type\":\"WebPage\",\"@id\":\"https:\/\/muchogusto.nl\/de\/produkt\/mucho-gusto-schal-genova-logo-rouge\/\",\"url\":\"https:\/\/muchogusto.nl\/de\/produkt\/mucho-gusto-schal-genova-logo-rouge\/\",\"name\":\"MUCHO GUSTO\u00ae Schal Genova Logo Rouge - Mucho Gusto\",\"isPartOf\":{\"@id\":\"https:\/\/muchogusto.nl\/#website\"},\"primaryImageOfPage\":{\"@id\":\"https:\/\/muchogusto.nl\/de\/produkt\/mucho-gusto-schal-genova-logo-rouge\/#primaryimage\"},\"image\":{\"@id\":\"https:\/\/muchogusto.nl\/de\/produkt\/mucho-gusto-schal-genova-logo-rouge\/#primaryimage\"},\"thumbnailUrl\":\"https:\/\/muchogusto.nl\/wp-content\/uploads\/2025\/11\/Sjaals-mucho-gusto-2500-x-3333-px-16-1-scaled.jpg\",\"datePublished\":\"2025-11-07T09:23:14+00:00\",\"dateModified\":\"2026-03-02T11:02:38+00:00\",\"description\":\"Entdecken Sie den MUCHO GUSTO\u00ae Schal Genova Logo Rouge \u2014 ein dreieckiger Polyester-Schal mit roten Blumen und markantem Logo-Muster. Dutch Design.\",\"breadcrumb\":{\"@id\":\"https:\/\/muchogusto.nl\/de\/produkt\/mucho-gusto-schal-genova-logo-rouge\/#breadcrumb\"},\"inLanguage\":\"de-DE\",\"potentialAction\":[{\"@type\":\"ReadAction\",\"target\":[\"https:\/\/muchogusto.nl\/de\/produkt\/mucho-gusto-schal-genova-logo-rouge\/\"]}]},{\"@type\":\"ImageObject\",\"inLanguage\":\"de-DE\",\"@id\":\"https:\/\/muchogusto.nl\/de\/produkt\/mucho-gusto-schal-genova-logo-rouge\/#primaryimage\",\"url\":\"https:\/\/muchogusto.nl\/wp-content\/uploads\/2025\/11\/Sjaals-mucho-gusto-2500-x-3333-px-16-1-scaled.jpg\",\"contentUrl\":\"https:\/\/muchogusto.nl\/wp-content\/uploads\/2025\/11\/Sjaals-mucho-gusto-2500-x-3333-px-16-1-scaled.jpg\",\"width\":1920,\"height\":2560,\"caption\":\"MUCHO GUSTO\u00ae Scarf Genova Logo Rouge\"},{\"@type\":\"BreadcrumbList\",\"@id\":\"https:\/\/muchogusto.nl\/de\/produkt\/mucho-gusto-schal-genova-logo-rouge\/#breadcrumb\",\"itemListElement\":[{\"@type\":\"ListItem\",\"position\":1,\"name\":\"Home\",\"item\":\"https:\/\/muchogusto.nl\/de\/\"},{\"@type\":\"ListItem\",\"position\":2,\"name\":\"Shop\",\"item\":\"https:\/\/muchogusto.nl\/de\/shop-2\/\"},{\"@type\":\"ListItem\",\"position\":3,\"name\":\"MUCHO GUSTO\u00ae Schal Genova Logo Rouge\"}]},{\"@type\":\"WebSite\",\"@id\":\"https:\/\/muchogusto.nl\/#website\",\"url\":\"https:\/\/muchogusto.nl\/\",\"name\":\"muchogusto.nl\",\"description\":\"\",\"publisher\":{\"@id\":\"https:\/\/muchogusto.nl\/#organization\"},\"potentialAction\":[{\"@type\":\"SearchAction\",\"target\":{\"@type\":\"EntryPoint\",\"urlTemplate\":\"https:\/\/muchogusto.nl\/?s={search_term_string}\"},\"query-input\":{\"@type\":\"PropertyValueSpecification\",\"valueRequired\":true,\"valueName\":\"search_term_string\"}}],\"inLanguage\":\"de-DE\"},{\"@type\":\"Organization\",\"@id\":\"https:\/\/muchogusto.nl\/#organization\",\"name\":\"Mucho Gusto\",\"url\":\"https:\/\/muchogusto.nl\/\",\"logo\":{\"@type\":\"ImageObject\",\"inLanguage\":\"de-DE\",\"@id\":\"https:\/\/muchogusto.nl\/#\/schema\/logo\/image\/\",\"url\":\"https:\/\/muchogusto.nl\/wp-content\/uploads\/2022\/08\/logo_header.svg\",\"contentUrl\":\"https:\/\/muchogusto.nl\/wp-content\/uploads\/2022\/08\/logo_header.svg\",\"caption\":\"Mucho Gusto\"},\"image\":{\"@id\":\"https:\/\/muchogusto.nl\/#\/schema\/logo\/image\/\"},\"sameAs\":[\"https:\/\/www.facebook.com\/muchogusto.nl\/\",\"https:\/\/www.instagram.com\/muchogusto.nl\/\"]}]}<\/script>\n<!-- \/ Yoast SEO Premium plugin. -->","yoast_head_json":{"title":"MUCHO GUSTO\u00ae Schal Genova Logo Rouge - Mucho Gusto","description":"Entdecken Sie den MUCHO GUSTO\u00ae Schal Genova Logo Rouge \u2014 ein dreieckiger Polyester-Schal mit roten Blumen und markantem Logo-Muster. Dutch Design.","robots":{"index":"index","follow":"follow","max-snippet":"max-snippet:-1","max-image-preview":"max-image-preview:large","max-video-preview":"max-video-preview:-1"},"canonical":"https:\/\/muchogusto.nl\/de\/produkt\/mucho-gusto-schal-genova-logo-rouge\/","og_locale":"de_DE","og_type":"article","og_title":"MUCHO GUSTO\u00ae Schal Genova Logo Rouge","og_description":"Entdecken Sie den MUCHO GUSTO\u00ae Schal Genova Logo Rouge \u2014 ein dreieckiger Polyester-Schal mit roten Blumen und markantem Logo-Muster. Dutch Design.","og_url":"https:\/\/muchogusto.nl\/de\/produkt\/mucho-gusto-schal-genova-logo-rouge\/","og_site_name":"Mucho Gusto","article_publisher":"https:\/\/www.facebook.com\/muchogusto.nl\/","article_modified_time":"2026-03-02T11:02:38+00:00","og_image":[{"width":1920,"height":2560,"url":"http:\/\/muchogusto.nl\/wp-content\/uploads\/2025\/11\/Sjaals-mucho-gusto-2500-x-3333-px-16-1-scaled.jpg","type":"image\/jpeg"}],"twitter_card":"summary_large_image","twitter_misc":{"Est. reading time":"2 minutes"},"schema":{"@context":"https:\/\/schema.org","@graph":[{"@type":"WebPage","@id":"https:\/\/muchogusto.nl\/de\/produkt\/mucho-gusto-schal-genova-logo-rouge\/","url":"https:\/\/muchogusto.nl\/de\/produkt\/mucho-gusto-schal-genova-logo-rouge\/","name":"MUCHO GUSTO\u00ae Schal Genova Logo Rouge - Mucho Gusto","isPartOf":{"@id":"https:\/\/muchogusto.nl\/#website"},"primaryImageOfPage":{"@id":"https:\/\/muchogusto.nl\/de\/produkt\/mucho-gusto-schal-genova-logo-rouge\/#primaryimage"},"image":{"@id":"https:\/\/muchogusto.nl\/de\/produkt\/mucho-gusto-schal-genova-logo-rouge\/#primaryimage"},"thumbnailUrl":"https:\/\/muchogusto.nl\/wp-content\/uploads\/2025\/11\/Sjaals-mucho-gusto-2500-x-3333-px-16-1-scaled.jpg","datePublished":"2025-11-07T09:23:14+00:00","dateModified":"2026-03-02T11:02:38+00:00","description":"Entdecken Sie den MUCHO GUSTO\u00ae Schal Genova Logo Rouge \u2014 ein dreieckiger Polyester-Schal mit roten Blumen und markantem Logo-Muster. Dutch Design.","breadcrumb":{"@id":"https:\/\/muchogusto.nl\/de\/produkt\/mucho-gusto-schal-genova-logo-rouge\/#breadcrumb"},"inLanguage":"de-DE","potentialAction":[{"@type":"ReadAction","target":["https:\/\/muchogusto.nl\/de\/produkt\/mucho-gusto-schal-genova-logo-rouge\/"]}]},{"@type":"ImageObject","inLanguage":"de-DE","@id":"https:\/\/muchogusto.nl\/de\/produkt\/mucho-gusto-schal-genova-logo-rouge\/#primaryimage","url":"https:\/\/muchogusto.nl\/wp-content\/uploads\/2025\/11\/Sjaals-mucho-gusto-2500-x-3333-px-16-1-scaled.jpg","contentUrl":"https:\/\/muchogusto.nl\/wp-content\/uploads\/2025\/11\/Sjaals-mucho-gusto-2500-x-3333-px-16-1-scaled.jpg","width":1920,"height":2560,"caption":"MUCHO GUSTO\u00ae Scarf Genova Logo Rouge"},{"@type":"BreadcrumbList","@id":"https:\/\/muchogusto.nl\/de\/produkt\/mucho-gusto-schal-genova-logo-rouge\/#breadcrumb","itemListElement":[{"@type":"ListItem","position":1,"name":"Home","item":"https:\/\/muchogusto.nl\/de\/"},{"@type":"ListItem","position":2,"name":"Shop","item":"https:\/\/muchogusto.nl\/de\/shop-2\/"},{"@type":"ListItem","position":3,"name":"MUCHO GUSTO\u00ae Schal Genova Logo Rouge"}]},{"@type":"WebSite","@id":"https:\/\/muchogusto.nl\/#website","url":"https:\/\/muchogusto.nl\/","name":"muchogusto.nl","description":"","publisher":{"@id":"https:\/\/muchogusto.nl\/#organization"},"potentialAction":[{"@type":"SearchAction","target":{"@type":"EntryPoint","urlTemplate":"https:\/\/muchogusto.nl\/?s={search_term_string}"},"query-input":{"@type":"PropertyValueSpecification","valueRequired":true,"valueName":"search_term_string"}}],"inLanguage":"de-DE"},{"@type":"Organization","@id":"https:\/\/muchogusto.nl\/#organization","name":"Mucho Gusto","url":"https:\/\/muchogusto.nl\/","logo":{"@type":"ImageObject","inLanguage":"de-DE","@id":"https:\/\/muchogusto.nl\/#\/schema\/logo\/image\/","url":"https:\/\/muchogusto.nl\/wp-content\/uploads\/2022\/08\/logo_header.svg","contentUrl":"https:\/\/muchogusto.nl\/wp-content\/uploads\/2022\/08\/logo_header.svg","caption":"Mucho Gusto"},"image":{"@id":"https:\/\/muchogusto.nl\/#\/schema\/logo\/image\/"},"sameAs":["https:\/\/www.facebook.com\/muchogusto.nl\/","https:\/\/www.instagram.com\/muchogusto.nl\/"]}]}},"_links":{"self":[{"href":"https:\/\/muchogusto.nl\/de\/wp-json\/wp\/v2\/product\/53414","targetHints":{"allow":["GET"]}}],"collection":[{"href":"https:\/\/muchogusto.nl\/de\/wp-json\/wp\/v2\/product"}],"about":[{"href":"https:\/\/muchogusto.nl\/de\/wp-json\/wp\/v2\/types\/product"}],"replies":[{"embeddable":true,"href":"https:\/\/muchogusto.nl\/de\/wp-json\/wp\/v2\/comments?post=53414"}],"wp:featuredmedia":[{"embeddable":true,"href":"https:\/\/muchogusto.nl\/de\/wp-json\/wp\/v2\/media\/53409"}],"wp:attachment":[{"href":"https:\/\/muchogusto.nl\/de\/wp-json\/wp\/v2\/media?parent=53414"}],"wp:term":[{"taxonomy":"product_brand","embeddable":true,"href":"https:\/\/muchogusto.nl\/de\/wp-json\/wp\/v2\/product_brand?post=53414"},{"taxonomy":"product_cat","embeddable":true,"href":"https:\/\/muchogusto.nl\/de\/wp-json\/wp\/v2\/product_cat?post=53414"},{"taxonomy":"product_tag","embeddable":true,"href":"https:\/\/muchogusto.nl\/de\/wp-json\/wp\/v2\/product_tag?post=53414"}],"curies":[{"name":"wp","href":"https:\/\/api.w.org\/{rel}","templated":true}]}}