{"id":53163,"date":"2025-11-05T12:34:37","date_gmt":"2025-11-05T11:34:37","guid":{"rendered":"https:\/\/muchogusto.nl\/product\/mucho-gusto-sjaal-kiev-citrus-bloom\/"},"modified":"2026-03-02T12:02:38","modified_gmt":"2026-03-02T11:02:38","slug":"mucho-gusto-schal-kiev-citrus-bloom","status":"publish","type":"product","link":"https:\/\/muchogusto.nl\/de\/produkt\/mucho-gusto-schal-kiev-citrus-bloom\/","title":{"rendered":"MUCHO GUSTO\u00ae Schal Kiev Citrus Bloom"},"content":{"rendered":"<h3 data-start=\"3465\" data-end=\"3490\">DETAILS ZUM PRODUKT<\/h3>\n<p data-start=\"3491\" data-end=\"3531\"><strong data-start=\"3491\" data-end=\"3531\">MUCHO GUSTO\u00ae Schal Kiev Citrus Bloom<\/strong><\/p>\n<p data-start=\"3533\" data-end=\"3846\">Der MUCHO GUSTO\u00ae Schal Kiev Citrus Bloom strahlt Sommerlaune und luxuri\u00f6se Eleganz aus. Hergestellt aus 100 % Seide, pr\u00e4sentiert dieser dreieckige Schal ein leuchtendes Zusammenspiel aus Gr\u00fcn-, Gelb- und Oranget\u00f6nen. Das florale und ketteninspirierte Design verleiht jedem Outfit eine frische, feminine Note.<\/p>\n<p data-start=\"3848\" data-end=\"4131\">Dar\u00fcber hinaus f\u00fchlt sich der MUCHO GUSTO Schal Kiev Citrus Bloom angenehm weich an und f\u00e4llt flie\u00dfend. Das gl\u00e4nzende Seidenmaterial reflektiert das Licht sanft und sorgt f\u00fcr eine edle Ausstrahlung. Au\u00dferdem bringt die harmonische Farbpalette Frische und Energie in Ihren Look.<\/p>\n<p data-start=\"4133\" data-end=\"4206\">Ein Dutch Design Accessoire, das Farbe, Luxus und Stil perfekt vereint.<\/p>\n<p data-start=\"4208\" data-end=\"4421\"><strong data-start=\"4208\" data-end=\"4224\">Dutch Design<\/strong><br data-start=\"4224\" data-end=\"4227\" \/><strong data-start=\"4227\" data-end=\"4240\">Material:<\/strong> 100 % Seide<br data-start=\"4252\" data-end=\"4255\" \/><strong data-start=\"4255\" data-end=\"4264\">Ma\u00dfe:<\/strong> 130 \u00d7 80 \u00d7 80 cm<br data-start=\"4281\" data-end=\"4284\" \/><strong data-start=\"4284\" data-end=\"4293\">Form:<\/strong> Dreieckig<br data-start=\"4303\" data-end=\"4306\" \/><strong data-start=\"4306\" data-end=\"4317\">Design:<\/strong> Blumen- und Kettenmuster in sommerlichen Farben<br data-start=\"4365\" data-end=\"4368\" \/><strong data-start=\"4368\" data-end=\"4384\">Farbpalette:<\/strong> Gr\u00fcn, Gelb, Orange, Koralle, Creme<\/p>\n<h3 data-start=\"4423\" data-end=\"4445\">PASSENDE ARTIKEL<\/h3>\n<p data-start=\"4446\" data-end=\"4738\">Kombinieren Sie Ihr Outfit mit einem unserer passenden <a class=\"decorated-link\" href=\"https:\/\/muchogusto.nl\/clothing\/\" target=\"_new\" rel=\"noopener\" data-start=\"4501\" data-end=\"4546\">Bekleidung<\/a>.<br data-start=\"4547\" data-end=\"4550\" \/>M\u00f6chten Sie weitere <a class=\"decorated-link cursor-pointer\" target=\"_new\" rel=\"noopener\" data-start=\"4570\" data-end=\"4608\">Schals<\/a> entdecken?<br data-start=\"4619\" data-end=\"4622\" \/>Oder suchen Sie nach mehr Inspiration? Besuchen Sie uns auf <a class=\"decorated-link\" href=\"https:\/\/www.instagram.com\/muchogusto.nl\/\" target=\"_new\" rel=\"noopener\" data-start=\"4682\" data-end=\"4735\">Instagram<\/a>.<\/p>\n<h3 data-start=\"4740\" data-end=\"4765\">BRAUCHEN SIE HILFE?<\/h3>\n<p data-start=\"4766\" data-end=\"4898\">Wenn Sie Fragen zu diesem Artikel oder zur Gr\u00f6\u00dfe haben, wenden Sie sich bitte an unser Customer Care Team unter <a class=\"decorated-link cursor-pointer\" rel=\"noopener\" data-start=\"4878\" data-end=\"4895\">web@muchogusto.nl<\/a>.<\/p>\n","protected":false},"excerpt":{"rendered":"<p>DETAILS ZUM PRODUKT MUCHO GUSTO\u00ae Schal Kiev Citrus Bloom Der MUCHO GUSTO\u00ae Schal Kiev Citrus Bloom strahlt Sommerlaune und luxuri\u00f6se Eleganz aus. Hergestellt aus 100 % Seide, pr\u00e4sentiert dieser dreieckige Schal ein leuchtendes Zusammenspiel aus Gr\u00fcn-, Gelb- und Oranget\u00f6nen. Das florale und ketteninspirierte Design verleiht jedem Outfit eine frische, feminine Note. Dar\u00fcber hinaus f\u00fchlt sich [&hellip;]<\/p>\n","protected":false},"featured_media":53157,"comment_status":"open","ping_status":"closed","template":"","meta":{"_acf_changed":false,"inline_featured_image":false,"navigation_state":false,"_genesis_hide_title":false,"_genesis_hide_breadcrumbs":false,"_genesis_hide_singular_image":false,"_genesis_hide_footer_widgets":false,"_genesis_custom_body_class":"","_genesis_custom_post_class":"","_genesis_layout":""},"product_brand":[],"product_cat":[87],"product_tag":[],"class_list":{"0":"post-53163","1":"product","2":"type-product","3":"status-publish","4":"has-post-thumbnail","6":"product_cat-schals","7":"entry","9":"first","10":"instock","11":"sale","12":"taxable","13":"shipping-taxable","14":"purchasable","15":"product-type-simple"},"acf":[],"yoast_head":"<!-- This site is optimized with the Yoast SEO Premium plugin v27.2 (Yoast SEO v27.2) - https:\/\/yoast.com\/product\/yoast-seo-premium-wordpress\/ -->\n<title>MUCHO GUSTO\u00ae Schal Kiev Citrus Bloom<\/title>\n<meta name=\"description\" content=\"MUCHO GUSTO\u00ae Schal Kiev Citrus Bloom\u2013 ein Seidenschal mit Blumen- und Kettenmuster in frischen Citrusfarben. Dutch Design mit sommerlicher Eleganz.\" \/>\n<meta name=\"robots\" content=\"index, follow, max-snippet:-1, max-image-preview:large, max-video-preview:-1\" \/>\n<link rel=\"canonical\" href=\"https:\/\/muchogusto.nl\/de\/produkt\/mucho-gusto-schal-kiev-citrus-bloom\/\" \/>\n<meta property=\"og:locale\" content=\"de_DE\" \/>\n<meta property=\"og:type\" content=\"article\" \/>\n<meta property=\"og:title\" content=\"MUCHO GUSTO\u00ae Schal Kiev Citrus Bloom\" \/>\n<meta property=\"og:description\" content=\"MUCHO GUSTO\u00ae Schal Kiev Citrus Bloom\u2013 ein Seidenschal mit Blumen- und Kettenmuster in frischen Citrusfarben. Dutch Design mit sommerlicher Eleganz.\" \/>\n<meta property=\"og:url\" content=\"https:\/\/muchogusto.nl\/de\/produkt\/mucho-gusto-schal-kiev-citrus-bloom\/\" \/>\n<meta property=\"og:site_name\" content=\"Mucho Gusto\" \/>\n<meta property=\"article:publisher\" content=\"https:\/\/www.facebook.com\/muchogusto.nl\/\" \/>\n<meta property=\"article:modified_time\" content=\"2026-03-02T11:02:38+00:00\" \/>\n<meta property=\"og:image\" content=\"http:\/\/muchogusto.nl\/wp-content\/uploads\/2025\/11\/S52KIE048-scaled.jpg\" \/>\n\t<meta property=\"og:image:width\" content=\"1920\" \/>\n\t<meta property=\"og:image:height\" content=\"2560\" \/>\n\t<meta property=\"og:image:type\" content=\"image\/jpeg\" \/>\n<meta name=\"twitter:card\" content=\"summary_large_image\" \/>\n<meta name=\"twitter:label1\" content=\"Est. reading time\" \/>\n\t<meta name=\"twitter:data1\" content=\"1 minute\" \/>\n<script type=\"application\/ld+json\" class=\"yoast-schema-graph\">{\"@context\":\"https:\/\/schema.org\",\"@graph\":[{\"@type\":\"WebPage\",\"@id\":\"https:\/\/muchogusto.nl\/de\/produkt\/mucho-gusto-schal-kiev-citrus-bloom\/\",\"url\":\"https:\/\/muchogusto.nl\/de\/produkt\/mucho-gusto-schal-kiev-citrus-bloom\/\",\"name\":\"MUCHO GUSTO\u00ae Schal Kiev Citrus Bloom\",\"isPartOf\":{\"@id\":\"https:\/\/muchogusto.nl\/#website\"},\"primaryImageOfPage\":{\"@id\":\"https:\/\/muchogusto.nl\/de\/produkt\/mucho-gusto-schal-kiev-citrus-bloom\/#primaryimage\"},\"image\":{\"@id\":\"https:\/\/muchogusto.nl\/de\/produkt\/mucho-gusto-schal-kiev-citrus-bloom\/#primaryimage\"},\"thumbnailUrl\":\"https:\/\/muchogusto.nl\/wp-content\/uploads\/2025\/11\/S52KIE048-scaled.jpg\",\"datePublished\":\"2025-11-05T11:34:37+00:00\",\"dateModified\":\"2026-03-02T11:02:38+00:00\",\"description\":\"MUCHO GUSTO\u00ae Schal Kiev Citrus Bloom\u2013 ein Seidenschal mit Blumen- und Kettenmuster in frischen Citrusfarben. Dutch Design mit sommerlicher Eleganz.\",\"breadcrumb\":{\"@id\":\"https:\/\/muchogusto.nl\/de\/produkt\/mucho-gusto-schal-kiev-citrus-bloom\/#breadcrumb\"},\"inLanguage\":\"de-DE\",\"potentialAction\":[{\"@type\":\"ReadAction\",\"target\":[\"https:\/\/muchogusto.nl\/de\/produkt\/mucho-gusto-schal-kiev-citrus-bloom\/\"]}]},{\"@type\":\"ImageObject\",\"inLanguage\":\"de-DE\",\"@id\":\"https:\/\/muchogusto.nl\/de\/produkt\/mucho-gusto-schal-kiev-citrus-bloom\/#primaryimage\",\"url\":\"https:\/\/muchogusto.nl\/wp-content\/uploads\/2025\/11\/S52KIE048-scaled.jpg\",\"contentUrl\":\"https:\/\/muchogusto.nl\/wp-content\/uploads\/2025\/11\/S52KIE048-scaled.jpg\",\"width\":1920,\"height\":2560,\"caption\":\"MUCHO GUSTO\u00ae Schal Kiev Citrus Bloom\"},{\"@type\":\"BreadcrumbList\",\"@id\":\"https:\/\/muchogusto.nl\/de\/produkt\/mucho-gusto-schal-kiev-citrus-bloom\/#breadcrumb\",\"itemListElement\":[{\"@type\":\"ListItem\",\"position\":1,\"name\":\"Home\",\"item\":\"https:\/\/muchogusto.nl\/de\/\"},{\"@type\":\"ListItem\",\"position\":2,\"name\":\"Shop\",\"item\":\"https:\/\/muchogusto.nl\/de\/shop-2\/\"},{\"@type\":\"ListItem\",\"position\":3,\"name\":\"MUCHO GUSTO\u00ae Schal Kiev Citrus Bloom\"}]},{\"@type\":\"WebSite\",\"@id\":\"https:\/\/muchogusto.nl\/#website\",\"url\":\"https:\/\/muchogusto.nl\/\",\"name\":\"muchogusto.nl\",\"description\":\"\",\"publisher\":{\"@id\":\"https:\/\/muchogusto.nl\/#organization\"},\"potentialAction\":[{\"@type\":\"SearchAction\",\"target\":{\"@type\":\"EntryPoint\",\"urlTemplate\":\"https:\/\/muchogusto.nl\/?s={search_term_string}\"},\"query-input\":{\"@type\":\"PropertyValueSpecification\",\"valueRequired\":true,\"valueName\":\"search_term_string\"}}],\"inLanguage\":\"de-DE\"},{\"@type\":\"Organization\",\"@id\":\"https:\/\/muchogusto.nl\/#organization\",\"name\":\"Mucho Gusto\",\"url\":\"https:\/\/muchogusto.nl\/\",\"logo\":{\"@type\":\"ImageObject\",\"inLanguage\":\"de-DE\",\"@id\":\"https:\/\/muchogusto.nl\/#\/schema\/logo\/image\/\",\"url\":\"https:\/\/muchogusto.nl\/wp-content\/uploads\/2022\/08\/logo_header.svg\",\"contentUrl\":\"https:\/\/muchogusto.nl\/wp-content\/uploads\/2022\/08\/logo_header.svg\",\"caption\":\"Mucho Gusto\"},\"image\":{\"@id\":\"https:\/\/muchogusto.nl\/#\/schema\/logo\/image\/\"},\"sameAs\":[\"https:\/\/www.facebook.com\/muchogusto.nl\/\",\"https:\/\/www.instagram.com\/muchogusto.nl\/\"]}]}<\/script>\n<!-- \/ Yoast SEO Premium plugin. -->","yoast_head_json":{"title":"MUCHO GUSTO\u00ae Schal Kiev Citrus Bloom","description":"MUCHO GUSTO\u00ae Schal Kiev Citrus Bloom\u2013 ein Seidenschal mit Blumen- und Kettenmuster in frischen Citrusfarben. Dutch Design mit sommerlicher Eleganz.","robots":{"index":"index","follow":"follow","max-snippet":"max-snippet:-1","max-image-preview":"max-image-preview:large","max-video-preview":"max-video-preview:-1"},"canonical":"https:\/\/muchogusto.nl\/de\/produkt\/mucho-gusto-schal-kiev-citrus-bloom\/","og_locale":"de_DE","og_type":"article","og_title":"MUCHO GUSTO\u00ae Schal Kiev Citrus Bloom","og_description":"MUCHO GUSTO\u00ae Schal Kiev Citrus Bloom\u2013 ein Seidenschal mit Blumen- und Kettenmuster in frischen Citrusfarben. Dutch Design mit sommerlicher Eleganz.","og_url":"https:\/\/muchogusto.nl\/de\/produkt\/mucho-gusto-schal-kiev-citrus-bloom\/","og_site_name":"Mucho Gusto","article_publisher":"https:\/\/www.facebook.com\/muchogusto.nl\/","article_modified_time":"2026-03-02T11:02:38+00:00","og_image":[{"width":1920,"height":2560,"url":"http:\/\/muchogusto.nl\/wp-content\/uploads\/2025\/11\/S52KIE048-scaled.jpg","type":"image\/jpeg"}],"twitter_card":"summary_large_image","twitter_misc":{"Est. reading time":"1 minute"},"schema":{"@context":"https:\/\/schema.org","@graph":[{"@type":"WebPage","@id":"https:\/\/muchogusto.nl\/de\/produkt\/mucho-gusto-schal-kiev-citrus-bloom\/","url":"https:\/\/muchogusto.nl\/de\/produkt\/mucho-gusto-schal-kiev-citrus-bloom\/","name":"MUCHO GUSTO\u00ae Schal Kiev Citrus Bloom","isPartOf":{"@id":"https:\/\/muchogusto.nl\/#website"},"primaryImageOfPage":{"@id":"https:\/\/muchogusto.nl\/de\/produkt\/mucho-gusto-schal-kiev-citrus-bloom\/#primaryimage"},"image":{"@id":"https:\/\/muchogusto.nl\/de\/produkt\/mucho-gusto-schal-kiev-citrus-bloom\/#primaryimage"},"thumbnailUrl":"https:\/\/muchogusto.nl\/wp-content\/uploads\/2025\/11\/S52KIE048-scaled.jpg","datePublished":"2025-11-05T11:34:37+00:00","dateModified":"2026-03-02T11:02:38+00:00","description":"MUCHO GUSTO\u00ae Schal Kiev Citrus Bloom\u2013 ein Seidenschal mit Blumen- und Kettenmuster in frischen Citrusfarben. Dutch Design mit sommerlicher Eleganz.","breadcrumb":{"@id":"https:\/\/muchogusto.nl\/de\/produkt\/mucho-gusto-schal-kiev-citrus-bloom\/#breadcrumb"},"inLanguage":"de-DE","potentialAction":[{"@type":"ReadAction","target":["https:\/\/muchogusto.nl\/de\/produkt\/mucho-gusto-schal-kiev-citrus-bloom\/"]}]},{"@type":"ImageObject","inLanguage":"de-DE","@id":"https:\/\/muchogusto.nl\/de\/produkt\/mucho-gusto-schal-kiev-citrus-bloom\/#primaryimage","url":"https:\/\/muchogusto.nl\/wp-content\/uploads\/2025\/11\/S52KIE048-scaled.jpg","contentUrl":"https:\/\/muchogusto.nl\/wp-content\/uploads\/2025\/11\/S52KIE048-scaled.jpg","width":1920,"height":2560,"caption":"MUCHO GUSTO\u00ae Schal Kiev Citrus Bloom"},{"@type":"BreadcrumbList","@id":"https:\/\/muchogusto.nl\/de\/produkt\/mucho-gusto-schal-kiev-citrus-bloom\/#breadcrumb","itemListElement":[{"@type":"ListItem","position":1,"name":"Home","item":"https:\/\/muchogusto.nl\/de\/"},{"@type":"ListItem","position":2,"name":"Shop","item":"https:\/\/muchogusto.nl\/de\/shop-2\/"},{"@type":"ListItem","position":3,"name":"MUCHO GUSTO\u00ae Schal Kiev Citrus Bloom"}]},{"@type":"WebSite","@id":"https:\/\/muchogusto.nl\/#website","url":"https:\/\/muchogusto.nl\/","name":"muchogusto.nl","description":"","publisher":{"@id":"https:\/\/muchogusto.nl\/#organization"},"potentialAction":[{"@type":"SearchAction","target":{"@type":"EntryPoint","urlTemplate":"https:\/\/muchogusto.nl\/?s={search_term_string}"},"query-input":{"@type":"PropertyValueSpecification","valueRequired":true,"valueName":"search_term_string"}}],"inLanguage":"de-DE"},{"@type":"Organization","@id":"https:\/\/muchogusto.nl\/#organization","name":"Mucho Gusto","url":"https:\/\/muchogusto.nl\/","logo":{"@type":"ImageObject","inLanguage":"de-DE","@id":"https:\/\/muchogusto.nl\/#\/schema\/logo\/image\/","url":"https:\/\/muchogusto.nl\/wp-content\/uploads\/2022\/08\/logo_header.svg","contentUrl":"https:\/\/muchogusto.nl\/wp-content\/uploads\/2022\/08\/logo_header.svg","caption":"Mucho Gusto"},"image":{"@id":"https:\/\/muchogusto.nl\/#\/schema\/logo\/image\/"},"sameAs":["https:\/\/www.facebook.com\/muchogusto.nl\/","https:\/\/www.instagram.com\/muchogusto.nl\/"]}]}},"_links":{"self":[{"href":"https:\/\/muchogusto.nl\/de\/wp-json\/wp\/v2\/product\/53163","targetHints":{"allow":["GET"]}}],"collection":[{"href":"https:\/\/muchogusto.nl\/de\/wp-json\/wp\/v2\/product"}],"about":[{"href":"https:\/\/muchogusto.nl\/de\/wp-json\/wp\/v2\/types\/product"}],"replies":[{"embeddable":true,"href":"https:\/\/muchogusto.nl\/de\/wp-json\/wp\/v2\/comments?post=53163"}],"wp:featuredmedia":[{"embeddable":true,"href":"https:\/\/muchogusto.nl\/de\/wp-json\/wp\/v2\/media\/53157"}],"wp:attachment":[{"href":"https:\/\/muchogusto.nl\/de\/wp-json\/wp\/v2\/media?parent=53163"}],"wp:term":[{"taxonomy":"product_brand","embeddable":true,"href":"https:\/\/muchogusto.nl\/de\/wp-json\/wp\/v2\/product_brand?post=53163"},{"taxonomy":"product_cat","embeddable":true,"href":"https:\/\/muchogusto.nl\/de\/wp-json\/wp\/v2\/product_cat?post=53163"},{"taxonomy":"product_tag","embeddable":true,"href":"https:\/\/muchogusto.nl\/de\/wp-json\/wp\/v2\/product_tag?post=53163"}],"curies":[{"name":"wp","href":"https:\/\/api.w.org\/{rel}","templated":true}]}}