{"id":52985,"date":"2025-11-04T13:57:49","date_gmt":"2025-11-04T12:57:49","guid":{"rendered":"https:\/\/muchogusto.nl\/product\/mucho-gusto-sjaal-genova-emerald-harmony\/"},"modified":"2026-03-02T12:02:38","modified_gmt":"2026-03-02T11:02:38","slug":"mucho-gusto-schal-genova-emerald-harmony","status":"publish","type":"product","link":"https:\/\/muchogusto.nl\/de\/produkt\/mucho-gusto-schal-genova-emerald-harmony\/","title":{"rendered":"MUCHO GUSTO\u00ae Schal Genova Emerald Harmony"},"content":{"rendered":"<h3 data-start=\"3746\" data-end=\"3771\">DETAILS ZUM PRODUKT<\/h3>\n<p data-start=\"3772\" data-end=\"3817\"><strong data-start=\"3772\" data-end=\"3817\">MUCHO GUSTO\u00ae Schal Genova Emerald Harmony<\/strong><\/p>\n<p data-start=\"3819\" data-end=\"4097\">Der <strong data-start=\"3823\" data-end=\"3851\">MUCHO GUSTO Schal Genova<\/strong> bringt lebendige Eleganz in Ihren Stil. Hergestellt aus leichtem, flie\u00dfendem Polyester, f\u00fchlt sich dieser dreieckige Schal angenehm weich an. Das Muster kombiniert Smaragdgr\u00fcn mit Rosa, Schwarz und Gold \u2013 modern, luxuri\u00f6s und zeitlos zugleich.<\/p>\n<p data-start=\"4099\" data-end=\"4434\">Dar\u00fcber hinaus verleiht der <strong data-start=\"4127\" data-end=\"4171\">MUCHO GUSTO Schal Genova Emerald Harmony<\/strong> mit seinen feinen G\u00fcrtel- und Streifendetails jedem Outfit eine edle Note. Durch die gro\u00dfz\u00fcgige Form l\u00e4sst er sich vielseitig tragen \u2013 leger, elegant oder modisch kombiniert. Au\u00dferdem eignet er sich dank seines leichten Materials perfekt f\u00fcr alle Jahreszeiten.<\/p>\n<p data-start=\"4436\" data-end=\"4579\">Der <strong data-start=\"4440\" data-end=\"4468\">MUCHO GUSTO Schal Genova<\/strong> verk\u00f6rpert Dutch Design \u2013 feminin, kreativ und elegant. Ein Must-have f\u00fcr Frauen, die Farbe und Stil lieben.<\/p>\n<p data-start=\"4581\" data-end=\"4777\"><strong data-start=\"4581\" data-end=\"4597\">Dutch Design<\/strong><br data-start=\"4597\" data-end=\"4600\" \/><strong data-start=\"4600\" data-end=\"4613\">Material:<\/strong> 100 % Polyester<br data-start=\"4629\" data-end=\"4632\" \/><strong data-start=\"4632\" data-end=\"4641\">Ma\u00dfe:<\/strong> 220 \u00d7 140 \u00d7 140 cm<br data-start=\"4660\" data-end=\"4663\" \/><strong data-start=\"4663\" data-end=\"4672\">Form:<\/strong> Dreieckig<br data-start=\"4682\" data-end=\"4685\" \/><strong data-start=\"4685\" data-end=\"4696\">Design:<\/strong> G\u00fcrtel- und Streifenmuster<br data-start=\"4723\" data-end=\"4726\" \/><strong data-start=\"4726\" data-end=\"4742\">Farbpalette:<\/strong> Smaragdgr\u00fcn, Rosa, Schwarz, Gold<\/p>\n<h3 data-start=\"4779\" data-end=\"4801\">PASSENDE ARTIKEL<\/h3>\n<p data-start=\"4802\" data-end=\"5094\">Kombinieren Sie Ihr Outfit mit einem unserer passenden <a class=\"decorated-link\" href=\"https:\/\/muchogusto.nl\/clothing\/\" target=\"_new\" rel=\"noopener\" data-start=\"4857\" data-end=\"4902\">Bekleidung<\/a>.<br data-start=\"4903\" data-end=\"4906\" \/>M\u00f6chten Sie weitere <a class=\"decorated-link cursor-pointer\" target=\"_new\" rel=\"noopener\" data-start=\"4926\" data-end=\"4964\">Schals<\/a> entdecken?<br data-start=\"4975\" data-end=\"4978\" \/>Oder suchen Sie nach mehr Inspiration? Besuchen Sie uns auf <a class=\"decorated-link\" href=\"https:\/\/www.instagram.com\/muchogusto.nl\/\" target=\"_new\" rel=\"noopener\" data-start=\"5038\" data-end=\"5091\">Instagram<\/a>.<\/p>\n<h3 data-start=\"5096\" data-end=\"5121\">BRAUCHEN SIE HILFE?<\/h3>\n<p data-start=\"5122\" data-end=\"5254\">Wenn Sie Fragen zu diesem Artikel oder zur Gr\u00f6\u00dfe haben, wenden Sie sich bitte an unser Customer Care Team unter <a class=\"decorated-link cursor-pointer\" rel=\"noopener\" data-start=\"5234\" data-end=\"5251\">web@muchogusto.nl<\/a>.<\/p>\n","protected":false},"excerpt":{"rendered":"<p>DETAILS ZUM PRODUKT MUCHO GUSTO\u00ae Schal Genova Emerald Harmony Der MUCHO GUSTO Schal Genova bringt lebendige Eleganz in Ihren Stil. Hergestellt aus leichtem, flie\u00dfendem Polyester, f\u00fchlt sich dieser dreieckige Schal angenehm weich an. Das Muster kombiniert Smaragdgr\u00fcn mit Rosa, Schwarz und Gold \u2013 modern, luxuri\u00f6s und zeitlos zugleich. Dar\u00fcber hinaus verleiht der MUCHO GUSTO Schal [&hellip;]<\/p>\n","protected":false},"featured_media":52980,"comment_status":"open","ping_status":"closed","template":"","meta":{"_acf_changed":false,"inline_featured_image":false,"navigation_state":false,"_genesis_hide_title":false,"_genesis_hide_breadcrumbs":false,"_genesis_hide_singular_image":false,"_genesis_hide_footer_widgets":false,"_genesis_custom_body_class":"","_genesis_custom_post_class":"","_genesis_layout":""},"product_brand":[],"product_cat":[87],"product_tag":[],"class_list":{"0":"post-52985","1":"product","2":"type-product","3":"status-publish","4":"has-post-thumbnail","6":"product_cat-schals","7":"entry","9":"first","10":"instock","11":"sale","12":"taxable","13":"shipping-taxable","14":"purchasable","15":"product-type-simple"},"acf":[],"yoast_head":"<!-- This site is optimized with the Yoast SEO Premium plugin v27.2 (Yoast SEO v27.2) - https:\/\/yoast.com\/product\/yoast-seo-premium-wordpress\/ -->\n<title>MUCHO GUSTO\u00ae Schal Genova Emerald Harmony - Mucho Gusto<\/title>\n<meta name=\"description\" content=\"MUCHO GUSTO Schal Genova \u2013 ein dreieckiger Polyester-Schal mit G\u00fcrtel- und Streifenmuster in Gr\u00fcn und Rosa. Dutch Design Eleganz.\" \/>\n<meta name=\"robots\" content=\"index, follow, max-snippet:-1, max-image-preview:large, max-video-preview:-1\" \/>\n<link rel=\"canonical\" href=\"https:\/\/muchogusto.nl\/de\/produkt\/mucho-gusto-schal-genova-emerald-harmony\/\" \/>\n<meta property=\"og:locale\" content=\"de_DE\" \/>\n<meta property=\"og:type\" content=\"article\" \/>\n<meta property=\"og:title\" content=\"MUCHO GUSTO\u00ae Schal Genova Emerald Harmony\" \/>\n<meta property=\"og:description\" content=\"MUCHO GUSTO Schal Genova \u2013 ein dreieckiger Polyester-Schal mit G\u00fcrtel- und Streifenmuster in Gr\u00fcn und Rosa. Dutch Design Eleganz.\" \/>\n<meta property=\"og:url\" content=\"https:\/\/muchogusto.nl\/de\/produkt\/mucho-gusto-schal-genova-emerald-harmony\/\" \/>\n<meta property=\"og:site_name\" content=\"Mucho Gusto\" \/>\n<meta property=\"article:publisher\" content=\"https:\/\/www.facebook.com\/muchogusto.nl\/\" \/>\n<meta property=\"article:modified_time\" content=\"2026-03-02T11:02:38+00:00\" \/>\n<meta property=\"og:image\" content=\"https:\/\/muchogusto.nl\/wp-content\/uploads\/2025\/11\/S52GEN037-scaled.jpg\" \/>\n\t<meta property=\"og:image:width\" content=\"1920\" \/>\n\t<meta property=\"og:image:height\" content=\"2560\" \/>\n\t<meta property=\"og:image:type\" content=\"image\/jpeg\" \/>\n<meta name=\"twitter:card\" content=\"summary_large_image\" \/>\n<meta name=\"twitter:label1\" content=\"Est. reading time\" \/>\n\t<meta name=\"twitter:data1\" content=\"2 minutes\" \/>\n<script type=\"application\/ld+json\" class=\"yoast-schema-graph\">{\"@context\":\"https:\/\/schema.org\",\"@graph\":[{\"@type\":\"WebPage\",\"@id\":\"https:\/\/muchogusto.nl\/de\/produkt\/mucho-gusto-schal-genova-emerald-harmony\/\",\"url\":\"https:\/\/muchogusto.nl\/de\/produkt\/mucho-gusto-schal-genova-emerald-harmony\/\",\"name\":\"MUCHO GUSTO\u00ae Schal Genova Emerald Harmony - Mucho Gusto\",\"isPartOf\":{\"@id\":\"https:\/\/muchogusto.nl\/#website\"},\"primaryImageOfPage\":{\"@id\":\"https:\/\/muchogusto.nl\/de\/produkt\/mucho-gusto-schal-genova-emerald-harmony\/#primaryimage\"},\"image\":{\"@id\":\"https:\/\/muchogusto.nl\/de\/produkt\/mucho-gusto-schal-genova-emerald-harmony\/#primaryimage\"},\"thumbnailUrl\":\"https:\/\/muchogusto.nl\/wp-content\/uploads\/2025\/11\/S52GEN037-scaled.jpg\",\"datePublished\":\"2025-11-04T12:57:49+00:00\",\"dateModified\":\"2026-03-02T11:02:38+00:00\",\"description\":\"MUCHO GUSTO Schal Genova \u2013 ein dreieckiger Polyester-Schal mit G\u00fcrtel- und Streifenmuster in Gr\u00fcn und Rosa. Dutch Design Eleganz.\",\"breadcrumb\":{\"@id\":\"https:\/\/muchogusto.nl\/de\/produkt\/mucho-gusto-schal-genova-emerald-harmony\/#breadcrumb\"},\"inLanguage\":\"de-DE\",\"potentialAction\":[{\"@type\":\"ReadAction\",\"target\":[\"https:\/\/muchogusto.nl\/de\/produkt\/mucho-gusto-schal-genova-emerald-harmony\/\"]}]},{\"@type\":\"ImageObject\",\"inLanguage\":\"de-DE\",\"@id\":\"https:\/\/muchogusto.nl\/de\/produkt\/mucho-gusto-schal-genova-emerald-harmony\/#primaryimage\",\"url\":\"https:\/\/muchogusto.nl\/wp-content\/uploads\/2025\/11\/S52GEN037-scaled.jpg\",\"contentUrl\":\"https:\/\/muchogusto.nl\/wp-content\/uploads\/2025\/11\/S52GEN037-scaled.jpg\",\"width\":1920,\"height\":2560,\"caption\":\"MUCHO GUSTO\u00ae Scarf Genova Emerald Harmony\"},{\"@type\":\"BreadcrumbList\",\"@id\":\"https:\/\/muchogusto.nl\/de\/produkt\/mucho-gusto-schal-genova-emerald-harmony\/#breadcrumb\",\"itemListElement\":[{\"@type\":\"ListItem\",\"position\":1,\"name\":\"Home\",\"item\":\"https:\/\/muchogusto.nl\/de\/\"},{\"@type\":\"ListItem\",\"position\":2,\"name\":\"Shop\",\"item\":\"https:\/\/muchogusto.nl\/de\/shop-2\/\"},{\"@type\":\"ListItem\",\"position\":3,\"name\":\"MUCHO GUSTO\u00ae Schal Genova Emerald Harmony\"}]},{\"@type\":\"WebSite\",\"@id\":\"https:\/\/muchogusto.nl\/#website\",\"url\":\"https:\/\/muchogusto.nl\/\",\"name\":\"muchogusto.nl\",\"description\":\"\",\"publisher\":{\"@id\":\"https:\/\/muchogusto.nl\/#organization\"},\"potentialAction\":[{\"@type\":\"SearchAction\",\"target\":{\"@type\":\"EntryPoint\",\"urlTemplate\":\"https:\/\/muchogusto.nl\/?s={search_term_string}\"},\"query-input\":{\"@type\":\"PropertyValueSpecification\",\"valueRequired\":true,\"valueName\":\"search_term_string\"}}],\"inLanguage\":\"de-DE\"},{\"@type\":\"Organization\",\"@id\":\"https:\/\/muchogusto.nl\/#organization\",\"name\":\"Mucho Gusto\",\"url\":\"https:\/\/muchogusto.nl\/\",\"logo\":{\"@type\":\"ImageObject\",\"inLanguage\":\"de-DE\",\"@id\":\"https:\/\/muchogusto.nl\/#\/schema\/logo\/image\/\",\"url\":\"https:\/\/muchogusto.nl\/wp-content\/uploads\/2022\/08\/logo_header.svg\",\"contentUrl\":\"https:\/\/muchogusto.nl\/wp-content\/uploads\/2022\/08\/logo_header.svg\",\"caption\":\"Mucho Gusto\"},\"image\":{\"@id\":\"https:\/\/muchogusto.nl\/#\/schema\/logo\/image\/\"},\"sameAs\":[\"https:\/\/www.facebook.com\/muchogusto.nl\/\",\"https:\/\/www.instagram.com\/muchogusto.nl\/\"]}]}<\/script>\n<!-- \/ Yoast SEO Premium plugin. -->","yoast_head_json":{"title":"MUCHO GUSTO\u00ae Schal Genova Emerald Harmony - Mucho Gusto","description":"MUCHO GUSTO Schal Genova \u2013 ein dreieckiger Polyester-Schal mit G\u00fcrtel- und Streifenmuster in Gr\u00fcn und Rosa. Dutch Design Eleganz.","robots":{"index":"index","follow":"follow","max-snippet":"max-snippet:-1","max-image-preview":"max-image-preview:large","max-video-preview":"max-video-preview:-1"},"canonical":"https:\/\/muchogusto.nl\/de\/produkt\/mucho-gusto-schal-genova-emerald-harmony\/","og_locale":"de_DE","og_type":"article","og_title":"MUCHO GUSTO\u00ae Schal Genova Emerald Harmony","og_description":"MUCHO GUSTO Schal Genova \u2013 ein dreieckiger Polyester-Schal mit G\u00fcrtel- und Streifenmuster in Gr\u00fcn und Rosa. Dutch Design Eleganz.","og_url":"https:\/\/muchogusto.nl\/de\/produkt\/mucho-gusto-schal-genova-emerald-harmony\/","og_site_name":"Mucho Gusto","article_publisher":"https:\/\/www.facebook.com\/muchogusto.nl\/","article_modified_time":"2026-03-02T11:02:38+00:00","og_image":[{"width":1920,"height":2560,"url":"https:\/\/muchogusto.nl\/wp-content\/uploads\/2025\/11\/S52GEN037-scaled.jpg","type":"image\/jpeg"}],"twitter_card":"summary_large_image","twitter_misc":{"Est. reading time":"2 minutes"},"schema":{"@context":"https:\/\/schema.org","@graph":[{"@type":"WebPage","@id":"https:\/\/muchogusto.nl\/de\/produkt\/mucho-gusto-schal-genova-emerald-harmony\/","url":"https:\/\/muchogusto.nl\/de\/produkt\/mucho-gusto-schal-genova-emerald-harmony\/","name":"MUCHO GUSTO\u00ae Schal Genova Emerald Harmony - Mucho Gusto","isPartOf":{"@id":"https:\/\/muchogusto.nl\/#website"},"primaryImageOfPage":{"@id":"https:\/\/muchogusto.nl\/de\/produkt\/mucho-gusto-schal-genova-emerald-harmony\/#primaryimage"},"image":{"@id":"https:\/\/muchogusto.nl\/de\/produkt\/mucho-gusto-schal-genova-emerald-harmony\/#primaryimage"},"thumbnailUrl":"https:\/\/muchogusto.nl\/wp-content\/uploads\/2025\/11\/S52GEN037-scaled.jpg","datePublished":"2025-11-04T12:57:49+00:00","dateModified":"2026-03-02T11:02:38+00:00","description":"MUCHO GUSTO Schal Genova \u2013 ein dreieckiger Polyester-Schal mit G\u00fcrtel- und Streifenmuster in Gr\u00fcn und Rosa. Dutch Design Eleganz.","breadcrumb":{"@id":"https:\/\/muchogusto.nl\/de\/produkt\/mucho-gusto-schal-genova-emerald-harmony\/#breadcrumb"},"inLanguage":"de-DE","potentialAction":[{"@type":"ReadAction","target":["https:\/\/muchogusto.nl\/de\/produkt\/mucho-gusto-schal-genova-emerald-harmony\/"]}]},{"@type":"ImageObject","inLanguage":"de-DE","@id":"https:\/\/muchogusto.nl\/de\/produkt\/mucho-gusto-schal-genova-emerald-harmony\/#primaryimage","url":"https:\/\/muchogusto.nl\/wp-content\/uploads\/2025\/11\/S52GEN037-scaled.jpg","contentUrl":"https:\/\/muchogusto.nl\/wp-content\/uploads\/2025\/11\/S52GEN037-scaled.jpg","width":1920,"height":2560,"caption":"MUCHO GUSTO\u00ae Scarf Genova Emerald Harmony"},{"@type":"BreadcrumbList","@id":"https:\/\/muchogusto.nl\/de\/produkt\/mucho-gusto-schal-genova-emerald-harmony\/#breadcrumb","itemListElement":[{"@type":"ListItem","position":1,"name":"Home","item":"https:\/\/muchogusto.nl\/de\/"},{"@type":"ListItem","position":2,"name":"Shop","item":"https:\/\/muchogusto.nl\/de\/shop-2\/"},{"@type":"ListItem","position":3,"name":"MUCHO GUSTO\u00ae Schal Genova Emerald Harmony"}]},{"@type":"WebSite","@id":"https:\/\/muchogusto.nl\/#website","url":"https:\/\/muchogusto.nl\/","name":"muchogusto.nl","description":"","publisher":{"@id":"https:\/\/muchogusto.nl\/#organization"},"potentialAction":[{"@type":"SearchAction","target":{"@type":"EntryPoint","urlTemplate":"https:\/\/muchogusto.nl\/?s={search_term_string}"},"query-input":{"@type":"PropertyValueSpecification","valueRequired":true,"valueName":"search_term_string"}}],"inLanguage":"de-DE"},{"@type":"Organization","@id":"https:\/\/muchogusto.nl\/#organization","name":"Mucho Gusto","url":"https:\/\/muchogusto.nl\/","logo":{"@type":"ImageObject","inLanguage":"de-DE","@id":"https:\/\/muchogusto.nl\/#\/schema\/logo\/image\/","url":"https:\/\/muchogusto.nl\/wp-content\/uploads\/2022\/08\/logo_header.svg","contentUrl":"https:\/\/muchogusto.nl\/wp-content\/uploads\/2022\/08\/logo_header.svg","caption":"Mucho Gusto"},"image":{"@id":"https:\/\/muchogusto.nl\/#\/schema\/logo\/image\/"},"sameAs":["https:\/\/www.facebook.com\/muchogusto.nl\/","https:\/\/www.instagram.com\/muchogusto.nl\/"]}]}},"_links":{"self":[{"href":"https:\/\/muchogusto.nl\/de\/wp-json\/wp\/v2\/product\/52985","targetHints":{"allow":["GET"]}}],"collection":[{"href":"https:\/\/muchogusto.nl\/de\/wp-json\/wp\/v2\/product"}],"about":[{"href":"https:\/\/muchogusto.nl\/de\/wp-json\/wp\/v2\/types\/product"}],"replies":[{"embeddable":true,"href":"https:\/\/muchogusto.nl\/de\/wp-json\/wp\/v2\/comments?post=52985"}],"wp:featuredmedia":[{"embeddable":true,"href":"https:\/\/muchogusto.nl\/de\/wp-json\/wp\/v2\/media\/52980"}],"wp:attachment":[{"href":"https:\/\/muchogusto.nl\/de\/wp-json\/wp\/v2\/media?parent=52985"}],"wp:term":[{"taxonomy":"product_brand","embeddable":true,"href":"https:\/\/muchogusto.nl\/de\/wp-json\/wp\/v2\/product_brand?post=52985"},{"taxonomy":"product_cat","embeddable":true,"href":"https:\/\/muchogusto.nl\/de\/wp-json\/wp\/v2\/product_cat?post=52985"},{"taxonomy":"product_tag","embeddable":true,"href":"https:\/\/muchogusto.nl\/de\/wp-json\/wp\/v2\/product_tag?post=52985"}],"curies":[{"name":"wp","href":"https:\/\/api.w.org\/{rel}","templated":true}]}}