{"id":52969,"date":"2025-11-04T13:42:25","date_gmt":"2025-11-04T12:42:25","guid":{"rendered":"https:\/\/muchogusto.nl\/product\/mucho-gusto-sjaal-saint-tropez-crochet-crepe\/"},"modified":"2026-03-02T12:02:38","modified_gmt":"2026-03-02T11:02:38","slug":"mucho-gusto-schal-saint-tropez-crochet-crepe","status":"publish","type":"product","link":"https:\/\/muchogusto.nl\/de\/produkt\/mucho-gusto-schal-saint-tropez-crochet-crepe\/","title":{"rendered":"MUCHO GUSTO\u00ae Schal Saint Tropez Crochet Cr\u00eape"},"content":{"rendered":"<h3 data-start=\"2069\" data-end=\"2094\">DETAILS ZUM PRODUKT<\/h3>\n<p data-start=\"2095\" data-end=\"2144\"><strong data-start=\"2095\" data-end=\"2144\">MUCHO GUSTO\u00ae Schal Saint Tropez Crochet Cr\u00eape<\/strong><\/p>\n<p data-start=\"2146\" data-end=\"2456\">Der <strong data-start=\"2150\" data-end=\"2184\">MUCHO GUSTO Schal Saint Tropez<\/strong> vereint Farbe, Leichtigkeit und moderne Eleganz. Dieser dreieckige Schal aus einer Viskose-Seiden-Mischung f\u00fchlt sich weich und angenehm auf der Haut an. Das geometrische Muster in Blau-, Gelb-, Orange- und Gr\u00fcnt\u00f6nen verleiht ihm einen frischen, sommerlichen Charakter.<\/p>\n<p data-start=\"2458\" data-end=\"2792\">Zudem bietet der <strong data-start=\"2475\" data-end=\"2523\">MUCHO GUSTO Schal Saint Tropez Crochet Cr\u00eape<\/strong> durch seine Cr\u00eape-Struktur eine leichte Textur und flie\u00dfende Bewegung. Die H\u00e4kelkante sorgt f\u00fcr eine feine, handwerkliche Note. Dar\u00fcber hinaus l\u00e4sst sich der Schal vielseitig kombinieren \u2013 perfekt f\u00fcr Stadt, Strand oder als farbenfroher Akzent zu schlichten Outfits.<\/p>\n<p data-start=\"2794\" data-end=\"3009\">Tragen Sie ihn locker \u00fcber die Schultern oder modisch geknotet um den Hals. Daher verk\u00f6rpert der <strong data-start=\"2891\" data-end=\"2939\">MUCHO GUSTO Schal Saint Tropez Crochet Cr\u00eape<\/strong> das Beste aus Dutch Design \u2013 feminin, fr\u00f6hlich und zeitlos elegant.<\/p>\n<p data-start=\"3011\" data-end=\"3223\"><strong data-start=\"3011\" data-end=\"3027\">Dutch Design<\/strong><br data-start=\"3027\" data-end=\"3030\" \/><strong data-start=\"3030\" data-end=\"3043\">Material:<\/strong> 70 % Viskose, 30 % Seide<br data-start=\"3068\" data-end=\"3071\" \/><strong data-start=\"3071\" data-end=\"3080\">Ma\u00dfe:<\/strong> 220 \u00d7 140 \u00d7 140 cm<br data-start=\"3099\" data-end=\"3102\" \/><strong data-start=\"3102\" data-end=\"3111\">Form:<\/strong> Dreieckig<br data-start=\"3121\" data-end=\"3124\" \/><strong data-start=\"3124\" data-end=\"3135\">Design:<\/strong> Geometrisches Muster mit H\u00e4kelkante<br data-start=\"3171\" data-end=\"3174\" \/><strong data-start=\"3174\" data-end=\"3190\">Farbpalette:<\/strong> Blau, Gelb, Orange, Gr\u00fcn, Rosa<\/p>\n<h3 data-start=\"3225\" data-end=\"3247\">PASSENDE ARTIKEL<\/h3>\n<p data-start=\"3248\" data-end=\"3540\">Kombinieren Sie Ihr Outfit mit einem unserer passenden <a class=\"decorated-link\" href=\"https:\/\/muchogusto.nl\/clothing\/\" target=\"_new\" rel=\"noopener\" data-start=\"3303\" data-end=\"3348\">Bekleidung<\/a>.<br data-start=\"3349\" data-end=\"3352\" \/>M\u00f6chten Sie weitere <a class=\"decorated-link cursor-pointer\" target=\"_new\" rel=\"noopener\" data-start=\"3372\" data-end=\"3410\">Schals<\/a> entdecken?<br data-start=\"3421\" data-end=\"3424\" \/>Oder suchen Sie nach mehr Inspiration? Besuchen Sie uns auf <a class=\"decorated-link\" href=\"https:\/\/www.instagram.com\/muchogusto.nl\/\" target=\"_new\" rel=\"noopener\" data-start=\"3484\" data-end=\"3537\">Instagram<\/a>.<\/p>\n<h3 data-start=\"3542\" data-end=\"3567\">BRAUCHEN SIE HILFE?<\/h3>\n<p data-start=\"3568\" data-end=\"3700\">Wenn Sie Fragen zu diesem Artikel oder zur Gr\u00f6\u00dfe haben, wenden Sie sich bitte an unser Customer Care Team unter <a class=\"decorated-link cursor-pointer\" rel=\"noopener\" data-start=\"3680\" data-end=\"3697\">web@muchogusto.nl<\/a>.<\/p>\n<p data-start=\"3702\" data-end=\"3871\">\n","protected":false},"excerpt":{"rendered":"<p>DETAILS ZUM PRODUKT MUCHO GUSTO\u00ae Schal Saint Tropez Crochet Cr\u00eape Der MUCHO GUSTO Schal Saint Tropez vereint Farbe, Leichtigkeit und moderne Eleganz. Dieser dreieckige Schal aus einer Viskose-Seiden-Mischung f\u00fchlt sich weich und angenehm auf der Haut an. Das geometrische Muster in Blau-, Gelb-, Orange- und Gr\u00fcnt\u00f6nen verleiht ihm einen frischen, sommerlichen Charakter. Zudem bietet der [&hellip;]<\/p>\n","protected":false},"featured_media":52961,"comment_status":"open","ping_status":"closed","template":"","meta":{"_acf_changed":false,"inline_featured_image":false,"navigation_state":false,"_genesis_hide_title":false,"_genesis_hide_breadcrumbs":false,"_genesis_hide_singular_image":false,"_genesis_hide_footer_widgets":false,"_genesis_custom_body_class":"","_genesis_custom_post_class":"","_genesis_layout":""},"product_brand":[],"product_cat":[87],"product_tag":[],"class_list":{"0":"post-52969","1":"product","2":"type-product","3":"status-publish","4":"has-post-thumbnail","6":"product_cat-schals","7":"entry","9":"first","10":"instock","11":"sale","12":"taxable","13":"shipping-taxable","14":"purchasable","15":"product-type-simple"},"acf":[],"yoast_head":"<!-- This site is optimized with the Yoast SEO Premium plugin v27.2 (Yoast SEO v27.2) - https:\/\/yoast.com\/product\/yoast-seo-premium-wordpress\/ -->\n<title>MUCHO GUSTO\u00ae Schal Saint Tropez Crochet Cr\u00eape - Mucho Gusto<\/title>\n<meta name=\"description\" content=\"MUCHO GUSTO Schal Saint Tropez Crochet Cr\u00eape \u2013 ein Viskose-Seidenschal mit H\u00e4kelkante und geometrischem Muster. Dutch Design Eleganz.\" \/>\n<meta name=\"robots\" content=\"index, follow, max-snippet:-1, max-image-preview:large, max-video-preview:-1\" \/>\n<link rel=\"canonical\" href=\"https:\/\/muchogusto.nl\/de\/produkt\/mucho-gusto-schal-saint-tropez-crochet-crepe\/\" \/>\n<meta property=\"og:locale\" content=\"de_DE\" \/>\n<meta property=\"og:type\" content=\"article\" \/>\n<meta property=\"og:title\" content=\"MUCHO GUSTO\u00ae Schal Saint Tropez Crochet Cr\u00eape\" \/>\n<meta property=\"og:description\" content=\"MUCHO GUSTO Schal Saint Tropez Crochet Cr\u00eape \u2013 ein Viskose-Seidenschal mit H\u00e4kelkante und geometrischem Muster. Dutch Design Eleganz.\" \/>\n<meta property=\"og:url\" content=\"https:\/\/muchogusto.nl\/de\/produkt\/mucho-gusto-schal-saint-tropez-crochet-crepe\/\" \/>\n<meta property=\"og:site_name\" content=\"Mucho Gusto\" \/>\n<meta property=\"article:publisher\" content=\"https:\/\/www.facebook.com\/muchogusto.nl\/\" \/>\n<meta property=\"article:modified_time\" content=\"2026-03-02T11:02:38+00:00\" \/>\n<meta property=\"og:image\" content=\"http:\/\/muchogusto.nl\/wp-content\/uploads\/2025\/11\/S52SCC002-scaled.jpg\" \/>\n\t<meta property=\"og:image:width\" content=\"1920\" \/>\n\t<meta property=\"og:image:height\" content=\"2560\" \/>\n\t<meta property=\"og:image:type\" content=\"image\/jpeg\" \/>\n<meta name=\"twitter:card\" content=\"summary_large_image\" \/>\n<meta name=\"twitter:label1\" content=\"Est. reading time\" \/>\n\t<meta name=\"twitter:data1\" content=\"2 minutes\" \/>\n<script type=\"application\/ld+json\" class=\"yoast-schema-graph\">{\"@context\":\"https:\/\/schema.org\",\"@graph\":[{\"@type\":\"WebPage\",\"@id\":\"https:\/\/muchogusto.nl\/de\/produkt\/mucho-gusto-schal-saint-tropez-crochet-crepe\/\",\"url\":\"https:\/\/muchogusto.nl\/de\/produkt\/mucho-gusto-schal-saint-tropez-crochet-crepe\/\",\"name\":\"MUCHO GUSTO\u00ae Schal Saint Tropez Crochet Cr\u00eape - Mucho Gusto\",\"isPartOf\":{\"@id\":\"https:\/\/muchogusto.nl\/#website\"},\"primaryImageOfPage\":{\"@id\":\"https:\/\/muchogusto.nl\/de\/produkt\/mucho-gusto-schal-saint-tropez-crochet-crepe\/#primaryimage\"},\"image\":{\"@id\":\"https:\/\/muchogusto.nl\/de\/produkt\/mucho-gusto-schal-saint-tropez-crochet-crepe\/#primaryimage\"},\"thumbnailUrl\":\"https:\/\/muchogusto.nl\/wp-content\/uploads\/2025\/11\/S52SCC002-scaled.jpg\",\"datePublished\":\"2025-11-04T12:42:25+00:00\",\"dateModified\":\"2026-03-02T11:02:38+00:00\",\"description\":\"MUCHO GUSTO Schal Saint Tropez Crochet Cr\u00eape \u2013 ein Viskose-Seidenschal mit H\u00e4kelkante und geometrischem Muster. Dutch Design Eleganz.\",\"breadcrumb\":{\"@id\":\"https:\/\/muchogusto.nl\/de\/produkt\/mucho-gusto-schal-saint-tropez-crochet-crepe\/#breadcrumb\"},\"inLanguage\":\"de-DE\",\"potentialAction\":[{\"@type\":\"ReadAction\",\"target\":[\"https:\/\/muchogusto.nl\/de\/produkt\/mucho-gusto-schal-saint-tropez-crochet-crepe\/\"]}]},{\"@type\":\"ImageObject\",\"inLanguage\":\"de-DE\",\"@id\":\"https:\/\/muchogusto.nl\/de\/produkt\/mucho-gusto-schal-saint-tropez-crochet-crepe\/#primaryimage\",\"url\":\"https:\/\/muchogusto.nl\/wp-content\/uploads\/2025\/11\/S52SCC002-scaled.jpg\",\"contentUrl\":\"https:\/\/muchogusto.nl\/wp-content\/uploads\/2025\/11\/S52SCC002-scaled.jpg\",\"width\":1920,\"height\":2560},{\"@type\":\"BreadcrumbList\",\"@id\":\"https:\/\/muchogusto.nl\/de\/produkt\/mucho-gusto-schal-saint-tropez-crochet-crepe\/#breadcrumb\",\"itemListElement\":[{\"@type\":\"ListItem\",\"position\":1,\"name\":\"Home\",\"item\":\"https:\/\/muchogusto.nl\/de\/\"},{\"@type\":\"ListItem\",\"position\":2,\"name\":\"Shop\",\"item\":\"https:\/\/muchogusto.nl\/de\/shop-2\/\"},{\"@type\":\"ListItem\",\"position\":3,\"name\":\"MUCHO GUSTO\u00ae Schal Saint Tropez Crochet Cr\u00eape\"}]},{\"@type\":\"WebSite\",\"@id\":\"https:\/\/muchogusto.nl\/#website\",\"url\":\"https:\/\/muchogusto.nl\/\",\"name\":\"muchogusto.nl\",\"description\":\"\",\"publisher\":{\"@id\":\"https:\/\/muchogusto.nl\/#organization\"},\"potentialAction\":[{\"@type\":\"SearchAction\",\"target\":{\"@type\":\"EntryPoint\",\"urlTemplate\":\"https:\/\/muchogusto.nl\/?s={search_term_string}\"},\"query-input\":{\"@type\":\"PropertyValueSpecification\",\"valueRequired\":true,\"valueName\":\"search_term_string\"}}],\"inLanguage\":\"de-DE\"},{\"@type\":\"Organization\",\"@id\":\"https:\/\/muchogusto.nl\/#organization\",\"name\":\"Mucho Gusto\",\"url\":\"https:\/\/muchogusto.nl\/\",\"logo\":{\"@type\":\"ImageObject\",\"inLanguage\":\"de-DE\",\"@id\":\"https:\/\/muchogusto.nl\/#\/schema\/logo\/image\/\",\"url\":\"https:\/\/muchogusto.nl\/wp-content\/uploads\/2022\/08\/logo_header.svg\",\"contentUrl\":\"https:\/\/muchogusto.nl\/wp-content\/uploads\/2022\/08\/logo_header.svg\",\"caption\":\"Mucho Gusto\"},\"image\":{\"@id\":\"https:\/\/muchogusto.nl\/#\/schema\/logo\/image\/\"},\"sameAs\":[\"https:\/\/www.facebook.com\/muchogusto.nl\/\",\"https:\/\/www.instagram.com\/muchogusto.nl\/\"]}]}<\/script>\n<!-- \/ Yoast SEO Premium plugin. -->","yoast_head_json":{"title":"MUCHO GUSTO\u00ae Schal Saint Tropez Crochet Cr\u00eape - Mucho Gusto","description":"MUCHO GUSTO Schal Saint Tropez Crochet Cr\u00eape \u2013 ein Viskose-Seidenschal mit H\u00e4kelkante und geometrischem Muster. Dutch Design Eleganz.","robots":{"index":"index","follow":"follow","max-snippet":"max-snippet:-1","max-image-preview":"max-image-preview:large","max-video-preview":"max-video-preview:-1"},"canonical":"https:\/\/muchogusto.nl\/de\/produkt\/mucho-gusto-schal-saint-tropez-crochet-crepe\/","og_locale":"de_DE","og_type":"article","og_title":"MUCHO GUSTO\u00ae Schal Saint Tropez Crochet Cr\u00eape","og_description":"MUCHO GUSTO Schal Saint Tropez Crochet Cr\u00eape \u2013 ein Viskose-Seidenschal mit H\u00e4kelkante und geometrischem Muster. Dutch Design Eleganz.","og_url":"https:\/\/muchogusto.nl\/de\/produkt\/mucho-gusto-schal-saint-tropez-crochet-crepe\/","og_site_name":"Mucho Gusto","article_publisher":"https:\/\/www.facebook.com\/muchogusto.nl\/","article_modified_time":"2026-03-02T11:02:38+00:00","og_image":[{"width":1920,"height":2560,"url":"http:\/\/muchogusto.nl\/wp-content\/uploads\/2025\/11\/S52SCC002-scaled.jpg","type":"image\/jpeg"}],"twitter_card":"summary_large_image","twitter_misc":{"Est. reading time":"2 minutes"},"schema":{"@context":"https:\/\/schema.org","@graph":[{"@type":"WebPage","@id":"https:\/\/muchogusto.nl\/de\/produkt\/mucho-gusto-schal-saint-tropez-crochet-crepe\/","url":"https:\/\/muchogusto.nl\/de\/produkt\/mucho-gusto-schal-saint-tropez-crochet-crepe\/","name":"MUCHO GUSTO\u00ae Schal Saint Tropez Crochet Cr\u00eape - Mucho Gusto","isPartOf":{"@id":"https:\/\/muchogusto.nl\/#website"},"primaryImageOfPage":{"@id":"https:\/\/muchogusto.nl\/de\/produkt\/mucho-gusto-schal-saint-tropez-crochet-crepe\/#primaryimage"},"image":{"@id":"https:\/\/muchogusto.nl\/de\/produkt\/mucho-gusto-schal-saint-tropez-crochet-crepe\/#primaryimage"},"thumbnailUrl":"https:\/\/muchogusto.nl\/wp-content\/uploads\/2025\/11\/S52SCC002-scaled.jpg","datePublished":"2025-11-04T12:42:25+00:00","dateModified":"2026-03-02T11:02:38+00:00","description":"MUCHO GUSTO Schal Saint Tropez Crochet Cr\u00eape \u2013 ein Viskose-Seidenschal mit H\u00e4kelkante und geometrischem Muster. Dutch Design Eleganz.","breadcrumb":{"@id":"https:\/\/muchogusto.nl\/de\/produkt\/mucho-gusto-schal-saint-tropez-crochet-crepe\/#breadcrumb"},"inLanguage":"de-DE","potentialAction":[{"@type":"ReadAction","target":["https:\/\/muchogusto.nl\/de\/produkt\/mucho-gusto-schal-saint-tropez-crochet-crepe\/"]}]},{"@type":"ImageObject","inLanguage":"de-DE","@id":"https:\/\/muchogusto.nl\/de\/produkt\/mucho-gusto-schal-saint-tropez-crochet-crepe\/#primaryimage","url":"https:\/\/muchogusto.nl\/wp-content\/uploads\/2025\/11\/S52SCC002-scaled.jpg","contentUrl":"https:\/\/muchogusto.nl\/wp-content\/uploads\/2025\/11\/S52SCC002-scaled.jpg","width":1920,"height":2560},{"@type":"BreadcrumbList","@id":"https:\/\/muchogusto.nl\/de\/produkt\/mucho-gusto-schal-saint-tropez-crochet-crepe\/#breadcrumb","itemListElement":[{"@type":"ListItem","position":1,"name":"Home","item":"https:\/\/muchogusto.nl\/de\/"},{"@type":"ListItem","position":2,"name":"Shop","item":"https:\/\/muchogusto.nl\/de\/shop-2\/"},{"@type":"ListItem","position":3,"name":"MUCHO GUSTO\u00ae Schal Saint Tropez Crochet Cr\u00eape"}]},{"@type":"WebSite","@id":"https:\/\/muchogusto.nl\/#website","url":"https:\/\/muchogusto.nl\/","name":"muchogusto.nl","description":"","publisher":{"@id":"https:\/\/muchogusto.nl\/#organization"},"potentialAction":[{"@type":"SearchAction","target":{"@type":"EntryPoint","urlTemplate":"https:\/\/muchogusto.nl\/?s={search_term_string}"},"query-input":{"@type":"PropertyValueSpecification","valueRequired":true,"valueName":"search_term_string"}}],"inLanguage":"de-DE"},{"@type":"Organization","@id":"https:\/\/muchogusto.nl\/#organization","name":"Mucho Gusto","url":"https:\/\/muchogusto.nl\/","logo":{"@type":"ImageObject","inLanguage":"de-DE","@id":"https:\/\/muchogusto.nl\/#\/schema\/logo\/image\/","url":"https:\/\/muchogusto.nl\/wp-content\/uploads\/2022\/08\/logo_header.svg","contentUrl":"https:\/\/muchogusto.nl\/wp-content\/uploads\/2022\/08\/logo_header.svg","caption":"Mucho Gusto"},"image":{"@id":"https:\/\/muchogusto.nl\/#\/schema\/logo\/image\/"},"sameAs":["https:\/\/www.facebook.com\/muchogusto.nl\/","https:\/\/www.instagram.com\/muchogusto.nl\/"]}]}},"_links":{"self":[{"href":"https:\/\/muchogusto.nl\/de\/wp-json\/wp\/v2\/product\/52969","targetHints":{"allow":["GET"]}}],"collection":[{"href":"https:\/\/muchogusto.nl\/de\/wp-json\/wp\/v2\/product"}],"about":[{"href":"https:\/\/muchogusto.nl\/de\/wp-json\/wp\/v2\/types\/product"}],"replies":[{"embeddable":true,"href":"https:\/\/muchogusto.nl\/de\/wp-json\/wp\/v2\/comments?post=52969"}],"wp:featuredmedia":[{"embeddable":true,"href":"https:\/\/muchogusto.nl\/de\/wp-json\/wp\/v2\/media\/52961"}],"wp:attachment":[{"href":"https:\/\/muchogusto.nl\/de\/wp-json\/wp\/v2\/media?parent=52969"}],"wp:term":[{"taxonomy":"product_brand","embeddable":true,"href":"https:\/\/muchogusto.nl\/de\/wp-json\/wp\/v2\/product_brand?post=52969"},{"taxonomy":"product_cat","embeddable":true,"href":"https:\/\/muchogusto.nl\/de\/wp-json\/wp\/v2\/product_cat?post=52969"},{"taxonomy":"product_tag","embeddable":true,"href":"https:\/\/muchogusto.nl\/de\/wp-json\/wp\/v2\/product_tag?post=52969"}],"curies":[{"name":"wp","href":"https:\/\/api.w.org\/{rel}","templated":true}]}}