{"id":52944,"date":"2025-11-04T11:57:14","date_gmt":"2025-11-04T10:57:14","guid":{"rendered":"https:\/\/muchogusto.nl\/?post_type=product&#038;p=52944"},"modified":"2026-03-02T12:02:38","modified_gmt":"2026-03-02T11:02:38","slug":"mucho-gusto-schal-kiev-fringes-forest-harmony","status":"publish","type":"product","link":"https:\/\/muchogusto.nl\/de\/produkt\/mucho-gusto-schal-kiev-fringes-forest-harmony\/","title":{"rendered":"MUCHO GUSTO\u00ae Schal Kiev Fringes Forest Harmony"},"content":{"rendered":"<h3 data-start=\"3515\" data-end=\"3540\">DETAILS ZUM PRODUKT<\/h3>\n<p data-start=\"3541\" data-end=\"3591\"><strong data-start=\"3541\" data-end=\"3591\">MUCHO GUSTO\u00ae Schal Kiev Fringes Forest Harmony<\/strong><\/p>\n<p data-start=\"3593\" data-end=\"3830\">Erleben Sie nat\u00fcrliche Raffinesse mit dem <strong data-start=\"3635\" data-end=\"3662\">MUCHO GUSTO\u00ae Schal Kiev<\/strong> \u2013 einem luxuri\u00f6sen Seidenschal in warmen Erdt\u00f6nen. Die feinen Fransen verleihen Bewegung, w\u00e4hrend die Farben Oliv, Beige und Terrakotta zeitlose Eleganz ausstrahlen.<\/p>\n<p data-start=\"3832\" data-end=\"4147\">Gefertigt aus 100 % Seide, f\u00e4llt dieser dreieckige Schal flie\u00dfend und f\u00fchlt sich angenehm weich an. Zudem l\u00e4sst er sich vielseitig stylen \u2013 leger, elegant oder kreativ. Der <strong data-start=\"4005\" data-end=\"4055\">MUCHO GUSTO\u00ae Schal Kiev Fringes Forest Harmony<\/strong> passt perfekt zu neutralen Outfits und verk\u00f6rpert Dutch Design mit Leichtigkeit und Stil.<\/p>\n<p data-start=\"4149\" data-end=\"4293\">Dar\u00fcber hinaus betont das dezente geometrische Muster die handwerkliche Qualit\u00e4t und den k\u00fcnstlerischen Charakter jeder MUCHO GUSTO\u00ae Kreation.<\/p>\n<p data-start=\"4295\" data-end=\"4492\"><strong data-start=\"4295\" data-end=\"4311\">Dutch Design<\/strong><br data-start=\"4311\" data-end=\"4314\" \/><strong data-start=\"4314\" data-end=\"4327\">Material:<\/strong> 100 % Seide<br data-start=\"4339\" data-end=\"4342\" \/><strong data-start=\"4342\" data-end=\"4351\">Ma\u00dfe:<\/strong> 130 x 80 x 80 cm<br data-start=\"4368\" data-end=\"4371\" \/><strong data-start=\"4371\" data-end=\"4380\">Form:<\/strong> Dreieckig<br data-start=\"4390\" data-end=\"4393\" \/><strong data-start=\"4393\" data-end=\"4404\">Design:<\/strong> Geometrisches Muster mit Fransen<br data-start=\"4437\" data-end=\"4440\" \/><strong data-start=\"4440\" data-end=\"4456\">Farbpalette:<\/strong> Olivgr\u00fcn, Beige, Terrakotta, Gold<\/p>\n<h3 data-start=\"4494\" data-end=\"4516\">PASSENDE ARTIKEL<\/h3>\n<p data-start=\"4517\" data-end=\"4809\">Kombinieren Sie Ihr Outfit mit einem unserer passenden <a class=\"decorated-link\" href=\"https:\/\/muchogusto.nl\/clothing\/\" target=\"_new\" rel=\"noopener\" data-start=\"4572\" data-end=\"4617\">Bekleidung<\/a>.<br data-start=\"4618\" data-end=\"4621\" \/>M\u00f6chten Sie weitere <a class=\"decorated-link cursor-pointer\" target=\"_new\" rel=\"noopener\" data-start=\"4641\" data-end=\"4679\">Schals<\/a> entdecken?<br data-start=\"4690\" data-end=\"4693\" \/>Oder suchen Sie nach mehr Inspiration? Besuchen Sie uns auf <a class=\"decorated-link\" href=\"https:\/\/www.instagram.com\/muchogusto.nl\/\" target=\"_new\" rel=\"noopener\" data-start=\"4753\" data-end=\"4806\">Instagram<\/a>.<\/p>\n<h3 data-start=\"4811\" data-end=\"4836\">BRAUCHEN SIE HILFE?<\/h3>\n<p data-start=\"4837\" data-end=\"4969\">Wenn Sie Fragen zu diesem Artikel oder zur Gr\u00f6\u00dfe haben, wenden Sie sich bitte an unser Customer Care Team unter <a class=\"decorated-link cursor-pointer\" rel=\"noopener\" data-start=\"4949\" data-end=\"4966\">web@muchogusto.nl<\/a>.<\/p>\n","protected":false},"excerpt":{"rendered":"<p>DETAILS ZUM PRODUKT MUCHO GUSTO\u00ae Schal Kiev Fringes Forest Harmony Erleben Sie nat\u00fcrliche Raffinesse mit dem MUCHO GUSTO\u00ae Schal Kiev \u2013 einem luxuri\u00f6sen Seidenschal in warmen Erdt\u00f6nen. Die feinen Fransen verleihen Bewegung, w\u00e4hrend die Farben Oliv, Beige und Terrakotta zeitlose Eleganz ausstrahlen. Gefertigt aus 100 % Seide, f\u00e4llt dieser dreieckige Schal flie\u00dfend und f\u00fchlt sich [&hellip;]<\/p>\n","protected":false},"featured_media":52940,"comment_status":"open","ping_status":"closed","template":"","meta":{"_acf_changed":false,"inline_featured_image":false,"navigation_state":false,"_genesis_hide_title":false,"_genesis_hide_breadcrumbs":false,"_genesis_hide_singular_image":false,"_genesis_hide_footer_widgets":false,"_genesis_custom_body_class":"","_genesis_custom_post_class":"","_genesis_layout":""},"product_brand":[],"product_cat":[87],"product_tag":[],"class_list":{"0":"post-52944","1":"product","2":"type-product","3":"status-publish","4":"has-post-thumbnail","6":"product_cat-schals","7":"entry","9":"first","10":"instock","11":"sale","12":"taxable","13":"shipping-taxable","14":"purchasable","15":"product-type-simple"},"acf":[],"yoast_head":"<!-- This site is optimized with the Yoast SEO Premium plugin v27.2 (Yoast SEO v27.2) - https:\/\/yoast.com\/product\/yoast-seo-premium-wordpress\/ -->\n<title>MUCHO GUSTO\u00ae Schal Kiev Fringes Forest Harmony - Mucho Gusto<\/title>\n<meta name=\"description\" content=\"MUCHO GUSTO Schal Kiev \u2013 ein Seidenschal mit Fransen in warmen Erdt\u00f6nen. Dutch Design trifft nat\u00fcrliche Eleganz.\" \/>\n<meta name=\"robots\" content=\"index, follow, max-snippet:-1, max-image-preview:large, max-video-preview:-1\" \/>\n<link rel=\"canonical\" href=\"https:\/\/muchogusto.nl\/de\/produkt\/mucho-gusto-schal-kiev-fringes-forest-harmony\/\" \/>\n<meta property=\"og:locale\" content=\"de_DE\" \/>\n<meta property=\"og:type\" content=\"article\" \/>\n<meta property=\"og:title\" content=\"MUCHO GUSTO\u00ae Schal Kiev Fringes Forest Harmony\" \/>\n<meta property=\"og:description\" content=\"MUCHO GUSTO Schal Kiev \u2013 ein Seidenschal mit Fransen in warmen Erdt\u00f6nen. Dutch Design trifft nat\u00fcrliche Eleganz.\" \/>\n<meta property=\"og:url\" content=\"https:\/\/muchogusto.nl\/de\/produkt\/mucho-gusto-schal-kiev-fringes-forest-harmony\/\" \/>\n<meta property=\"og:site_name\" content=\"Mucho Gusto\" \/>\n<meta property=\"article:publisher\" content=\"https:\/\/www.facebook.com\/muchogusto.nl\/\" \/>\n<meta property=\"article:modified_time\" content=\"2026-03-02T11:02:38+00:00\" \/>\n<meta property=\"og:image\" content=\"http:\/\/muchogusto.nl\/wp-content\/uploads\/2025\/11\/S52KIV039-scaled.jpg\" \/>\n\t<meta property=\"og:image:width\" content=\"1920\" \/>\n\t<meta property=\"og:image:height\" content=\"2560\" \/>\n\t<meta property=\"og:image:type\" content=\"image\/jpeg\" \/>\n<meta name=\"twitter:card\" content=\"summary_large_image\" \/>\n<meta name=\"twitter:label1\" content=\"Est. reading time\" \/>\n\t<meta name=\"twitter:data1\" content=\"1 minute\" \/>\n<script type=\"application\/ld+json\" class=\"yoast-schema-graph\">{\"@context\":\"https:\/\/schema.org\",\"@graph\":[{\"@type\":\"WebPage\",\"@id\":\"https:\/\/muchogusto.nl\/de\/produkt\/mucho-gusto-schal-kiev-fringes-forest-harmony\/\",\"url\":\"https:\/\/muchogusto.nl\/de\/produkt\/mucho-gusto-schal-kiev-fringes-forest-harmony\/\",\"name\":\"MUCHO GUSTO\u00ae Schal Kiev Fringes Forest Harmony - Mucho Gusto\",\"isPartOf\":{\"@id\":\"https:\/\/muchogusto.nl\/#website\"},\"primaryImageOfPage\":{\"@id\":\"https:\/\/muchogusto.nl\/de\/produkt\/mucho-gusto-schal-kiev-fringes-forest-harmony\/#primaryimage\"},\"image\":{\"@id\":\"https:\/\/muchogusto.nl\/de\/produkt\/mucho-gusto-schal-kiev-fringes-forest-harmony\/#primaryimage\"},\"thumbnailUrl\":\"https:\/\/muchogusto.nl\/wp-content\/uploads\/2025\/11\/S52KIV039-scaled.jpg\",\"datePublished\":\"2025-11-04T10:57:14+00:00\",\"dateModified\":\"2026-03-02T11:02:38+00:00\",\"description\":\"MUCHO GUSTO Schal Kiev \u2013 ein Seidenschal mit Fransen in warmen Erdt\u00f6nen. Dutch Design trifft nat\u00fcrliche Eleganz.\",\"breadcrumb\":{\"@id\":\"https:\/\/muchogusto.nl\/de\/produkt\/mucho-gusto-schal-kiev-fringes-forest-harmony\/#breadcrumb\"},\"inLanguage\":\"de-DE\",\"potentialAction\":[{\"@type\":\"ReadAction\",\"target\":[\"https:\/\/muchogusto.nl\/de\/produkt\/mucho-gusto-schal-kiev-fringes-forest-harmony\/\"]}]},{\"@type\":\"ImageObject\",\"inLanguage\":\"de-DE\",\"@id\":\"https:\/\/muchogusto.nl\/de\/produkt\/mucho-gusto-schal-kiev-fringes-forest-harmony\/#primaryimage\",\"url\":\"https:\/\/muchogusto.nl\/wp-content\/uploads\/2025\/11\/S52KIV039-scaled.jpg\",\"contentUrl\":\"https:\/\/muchogusto.nl\/wp-content\/uploads\/2025\/11\/S52KIV039-scaled.jpg\",\"width\":1920,\"height\":2560,\"caption\":\"MUCHO GUSTO\u00ae Scarf Kiev Fringes Forest Harmony\"},{\"@type\":\"BreadcrumbList\",\"@id\":\"https:\/\/muchogusto.nl\/de\/produkt\/mucho-gusto-schal-kiev-fringes-forest-harmony\/#breadcrumb\",\"itemListElement\":[{\"@type\":\"ListItem\",\"position\":1,\"name\":\"Home\",\"item\":\"https:\/\/muchogusto.nl\/de\/\"},{\"@type\":\"ListItem\",\"position\":2,\"name\":\"Shop\",\"item\":\"https:\/\/muchogusto.nl\/de\/shop-2\/\"},{\"@type\":\"ListItem\",\"position\":3,\"name\":\"MUCHO GUSTO\u00ae Schal Kiev Fringes Forest Harmony\"}]},{\"@type\":\"WebSite\",\"@id\":\"https:\/\/muchogusto.nl\/#website\",\"url\":\"https:\/\/muchogusto.nl\/\",\"name\":\"muchogusto.nl\",\"description\":\"\",\"publisher\":{\"@id\":\"https:\/\/muchogusto.nl\/#organization\"},\"potentialAction\":[{\"@type\":\"SearchAction\",\"target\":{\"@type\":\"EntryPoint\",\"urlTemplate\":\"https:\/\/muchogusto.nl\/?s={search_term_string}\"},\"query-input\":{\"@type\":\"PropertyValueSpecification\",\"valueRequired\":true,\"valueName\":\"search_term_string\"}}],\"inLanguage\":\"de-DE\"},{\"@type\":\"Organization\",\"@id\":\"https:\/\/muchogusto.nl\/#organization\",\"name\":\"Mucho Gusto\",\"url\":\"https:\/\/muchogusto.nl\/\",\"logo\":{\"@type\":\"ImageObject\",\"inLanguage\":\"de-DE\",\"@id\":\"https:\/\/muchogusto.nl\/#\/schema\/logo\/image\/\",\"url\":\"https:\/\/muchogusto.nl\/wp-content\/uploads\/2022\/08\/logo_header.svg\",\"contentUrl\":\"https:\/\/muchogusto.nl\/wp-content\/uploads\/2022\/08\/logo_header.svg\",\"caption\":\"Mucho Gusto\"},\"image\":{\"@id\":\"https:\/\/muchogusto.nl\/#\/schema\/logo\/image\/\"},\"sameAs\":[\"https:\/\/www.facebook.com\/muchogusto.nl\/\",\"https:\/\/www.instagram.com\/muchogusto.nl\/\"]}]}<\/script>\n<!-- \/ Yoast SEO Premium plugin. -->","yoast_head_json":{"title":"MUCHO GUSTO\u00ae Schal Kiev Fringes Forest Harmony - Mucho Gusto","description":"MUCHO GUSTO Schal Kiev \u2013 ein Seidenschal mit Fransen in warmen Erdt\u00f6nen. Dutch Design trifft nat\u00fcrliche Eleganz.","robots":{"index":"index","follow":"follow","max-snippet":"max-snippet:-1","max-image-preview":"max-image-preview:large","max-video-preview":"max-video-preview:-1"},"canonical":"https:\/\/muchogusto.nl\/de\/produkt\/mucho-gusto-schal-kiev-fringes-forest-harmony\/","og_locale":"de_DE","og_type":"article","og_title":"MUCHO GUSTO\u00ae Schal Kiev Fringes Forest Harmony","og_description":"MUCHO GUSTO Schal Kiev \u2013 ein Seidenschal mit Fransen in warmen Erdt\u00f6nen. Dutch Design trifft nat\u00fcrliche Eleganz.","og_url":"https:\/\/muchogusto.nl\/de\/produkt\/mucho-gusto-schal-kiev-fringes-forest-harmony\/","og_site_name":"Mucho Gusto","article_publisher":"https:\/\/www.facebook.com\/muchogusto.nl\/","article_modified_time":"2026-03-02T11:02:38+00:00","og_image":[{"width":1920,"height":2560,"url":"http:\/\/muchogusto.nl\/wp-content\/uploads\/2025\/11\/S52KIV039-scaled.jpg","type":"image\/jpeg"}],"twitter_card":"summary_large_image","twitter_misc":{"Est. reading time":"1 minute"},"schema":{"@context":"https:\/\/schema.org","@graph":[{"@type":"WebPage","@id":"https:\/\/muchogusto.nl\/de\/produkt\/mucho-gusto-schal-kiev-fringes-forest-harmony\/","url":"https:\/\/muchogusto.nl\/de\/produkt\/mucho-gusto-schal-kiev-fringes-forest-harmony\/","name":"MUCHO GUSTO\u00ae Schal Kiev Fringes Forest Harmony - Mucho Gusto","isPartOf":{"@id":"https:\/\/muchogusto.nl\/#website"},"primaryImageOfPage":{"@id":"https:\/\/muchogusto.nl\/de\/produkt\/mucho-gusto-schal-kiev-fringes-forest-harmony\/#primaryimage"},"image":{"@id":"https:\/\/muchogusto.nl\/de\/produkt\/mucho-gusto-schal-kiev-fringes-forest-harmony\/#primaryimage"},"thumbnailUrl":"https:\/\/muchogusto.nl\/wp-content\/uploads\/2025\/11\/S52KIV039-scaled.jpg","datePublished":"2025-11-04T10:57:14+00:00","dateModified":"2026-03-02T11:02:38+00:00","description":"MUCHO GUSTO Schal Kiev \u2013 ein Seidenschal mit Fransen in warmen Erdt\u00f6nen. Dutch Design trifft nat\u00fcrliche Eleganz.","breadcrumb":{"@id":"https:\/\/muchogusto.nl\/de\/produkt\/mucho-gusto-schal-kiev-fringes-forest-harmony\/#breadcrumb"},"inLanguage":"de-DE","potentialAction":[{"@type":"ReadAction","target":["https:\/\/muchogusto.nl\/de\/produkt\/mucho-gusto-schal-kiev-fringes-forest-harmony\/"]}]},{"@type":"ImageObject","inLanguage":"de-DE","@id":"https:\/\/muchogusto.nl\/de\/produkt\/mucho-gusto-schal-kiev-fringes-forest-harmony\/#primaryimage","url":"https:\/\/muchogusto.nl\/wp-content\/uploads\/2025\/11\/S52KIV039-scaled.jpg","contentUrl":"https:\/\/muchogusto.nl\/wp-content\/uploads\/2025\/11\/S52KIV039-scaled.jpg","width":1920,"height":2560,"caption":"MUCHO GUSTO\u00ae Scarf Kiev Fringes Forest Harmony"},{"@type":"BreadcrumbList","@id":"https:\/\/muchogusto.nl\/de\/produkt\/mucho-gusto-schal-kiev-fringes-forest-harmony\/#breadcrumb","itemListElement":[{"@type":"ListItem","position":1,"name":"Home","item":"https:\/\/muchogusto.nl\/de\/"},{"@type":"ListItem","position":2,"name":"Shop","item":"https:\/\/muchogusto.nl\/de\/shop-2\/"},{"@type":"ListItem","position":3,"name":"MUCHO GUSTO\u00ae Schal Kiev Fringes Forest Harmony"}]},{"@type":"WebSite","@id":"https:\/\/muchogusto.nl\/#website","url":"https:\/\/muchogusto.nl\/","name":"muchogusto.nl","description":"","publisher":{"@id":"https:\/\/muchogusto.nl\/#organization"},"potentialAction":[{"@type":"SearchAction","target":{"@type":"EntryPoint","urlTemplate":"https:\/\/muchogusto.nl\/?s={search_term_string}"},"query-input":{"@type":"PropertyValueSpecification","valueRequired":true,"valueName":"search_term_string"}}],"inLanguage":"de-DE"},{"@type":"Organization","@id":"https:\/\/muchogusto.nl\/#organization","name":"Mucho Gusto","url":"https:\/\/muchogusto.nl\/","logo":{"@type":"ImageObject","inLanguage":"de-DE","@id":"https:\/\/muchogusto.nl\/#\/schema\/logo\/image\/","url":"https:\/\/muchogusto.nl\/wp-content\/uploads\/2022\/08\/logo_header.svg","contentUrl":"https:\/\/muchogusto.nl\/wp-content\/uploads\/2022\/08\/logo_header.svg","caption":"Mucho Gusto"},"image":{"@id":"https:\/\/muchogusto.nl\/#\/schema\/logo\/image\/"},"sameAs":["https:\/\/www.facebook.com\/muchogusto.nl\/","https:\/\/www.instagram.com\/muchogusto.nl\/"]}]}},"_links":{"self":[{"href":"https:\/\/muchogusto.nl\/de\/wp-json\/wp\/v2\/product\/52944","targetHints":{"allow":["GET"]}}],"collection":[{"href":"https:\/\/muchogusto.nl\/de\/wp-json\/wp\/v2\/product"}],"about":[{"href":"https:\/\/muchogusto.nl\/de\/wp-json\/wp\/v2\/types\/product"}],"replies":[{"embeddable":true,"href":"https:\/\/muchogusto.nl\/de\/wp-json\/wp\/v2\/comments?post=52944"}],"wp:featuredmedia":[{"embeddable":true,"href":"https:\/\/muchogusto.nl\/de\/wp-json\/wp\/v2\/media\/52940"}],"wp:attachment":[{"href":"https:\/\/muchogusto.nl\/de\/wp-json\/wp\/v2\/media?parent=52944"}],"wp:term":[{"taxonomy":"product_brand","embeddable":true,"href":"https:\/\/muchogusto.nl\/de\/wp-json\/wp\/v2\/product_brand?post=52944"},{"taxonomy":"product_cat","embeddable":true,"href":"https:\/\/muchogusto.nl\/de\/wp-json\/wp\/v2\/product_cat?post=52944"},{"taxonomy":"product_tag","embeddable":true,"href":"https:\/\/muchogusto.nl\/de\/wp-json\/wp\/v2\/product_tag?post=52944"}],"curies":[{"name":"wp","href":"https:\/\/api.w.org\/{rel}","templated":true}]}}