{"id":52919,"date":"2025-11-04T11:19:26","date_gmt":"2025-11-04T10:19:26","guid":{"rendered":"https:\/\/muchogusto.nl\/product\/mucho-gusto-sjaal-genova-royal-equinox\/"},"modified":"2026-03-02T12:02:38","modified_gmt":"2026-03-02T11:02:38","slug":"mucho-gusto-schal-genova-royal-equinox","status":"publish","type":"product","link":"https:\/\/muchogusto.nl\/de\/produkt\/mucho-gusto-schal-genova-royal-equinox\/","title":{"rendered":"MUCHO GUSTO\u00ae Schal Genova Royal Equinox"},"content":{"rendered":"<h3 data-start=\"1591\" data-end=\"1616\">DETAILS ZUM PRODUKT<\/h3>\n<p data-start=\"1617\" data-end=\"1662\"><strong data-start=\"1617\" data-end=\"1660\">MUCHO GUSTO\u00ae Schal Genova Royal Equinox<\/strong><\/p>\n<p data-start=\"1664\" data-end=\"1980\">Erleben Sie lebendige Eleganz mit dem <strong data-start=\"1702\" data-end=\"1745\">MUCHO GUSTO\u00ae Schal Genova Royal Equinox<\/strong> \u2013 ein modisches Accessoire voller Farbe und Charakter. Das raffinierte Muster kombiniert geometrische Linien und G\u00fcrteldetails mit tiefen Juwelt\u00f6nen in Gr\u00fcn, Violett, Orange und Pink \u2013 ein echtes Statement-Piece f\u00fcr stilvolle Looks.<\/p>\n<p data-start=\"1982\" data-end=\"2208\">Hergestellt aus 100% Polyester, f\u00fchlt sich dieser dreieckige Schal seidig glatt an und f\u00e4llt besonders sch\u00f6n. Ideal, um Ihrem Outfit Farbe, Tiefe und das gewisse Etwas zu verleihen \u2013 Dutch Design in seiner elegantesten Form.<\/p>\n<p data-start=\"2210\" data-end=\"2414\"><strong data-start=\"2210\" data-end=\"2226\">Dutch Design<\/strong><br data-start=\"2226\" data-end=\"2229\" \/><strong data-start=\"2229\" data-end=\"2242\">Material:<\/strong> 100% Polyester<br data-start=\"2257\" data-end=\"2260\" \/><strong data-start=\"2260\" data-end=\"2269\">Ma\u00dfe:<\/strong> 220 x 140 x 140 cm<br data-start=\"2288\" data-end=\"2291\" \/><strong data-start=\"2291\" data-end=\"2300\">Form:<\/strong> Dreieckig<br data-start=\"2310\" data-end=\"2313\" \/><strong data-start=\"2313\" data-end=\"2324\">Design:<\/strong> Geometrisches Gurtmuster<br data-start=\"2349\" data-end=\"2352\" \/><strong data-start=\"2352\" data-end=\"2368\">Farbpalette:<\/strong> Smaragdgr\u00fcn, Violett, Magenta, Orange, Gold<\/p>\n<div class=\"summary\">\n<div class=\"tccContent\">\n<h3 data-start=\"2345\" data-end=\"2367\">PASSENDE ARTIKEL<\/h3>\n<p data-start=\"2368\" data-end=\"2727\">Kombinieren Sie Ihren Look mit unserer farbenfrohen\u00a0<a class=\"decorated-link cursor-pointer\" target=\"_new\" rel=\"noopener\" data-start=\"2420\" data-end=\"2465\">Bekleidung<\/a>.<br data-start=\"2466\" data-end=\"2469\" \/>M\u00f6chten Sie mehr\u00a0<a class=\"decorated-link cursor-pointer\" target=\"_new\" rel=\"noopener\" data-start=\"2486\" data-end=\"2524\">Schals<\/a>\u00a0sehen? Besuchen Sie unsere\u00a0<a class=\"decorated-link cursor-pointer\" target=\"_new\" rel=\"noopener\" data-start=\"2552\" data-end=\"2596\">Schals-Seite<\/a>.<br data-start=\"2597\" data-end=\"2600\" \/>Suchen Sie nach mehr Inspiration? Schauen Sie auf unserer\u00a0<a class=\"decorated-link\" href=\"https:\/\/www.instagram.com\/muchogusto.nl\/\" target=\"_new\" rel=\"noopener\" data-start=\"2658\" data-end=\"2717\">Instagram-Seite<\/a>\u00a0vorbei.<\/p>\n<h3 data-start=\"2729\" data-end=\"2754\">BRAUCHEN SIE HILFE?<\/h3>\n<p data-start=\"2755\" data-end=\"2915\">Wenn Sie Fragen zu diesem Artikel oder zur Gr\u00f6\u00dfe haben, wenden Sie sich bitte an unser Customer Care Team unter\u00a0<a class=\"decorated-link cursor-pointer\" rel=\"noopener\" data-start=\"2867\" data-end=\"2912\">web@muchogusto.nl<\/a>.<\/p>\n<p data-start=\"2917\" data-end=\"3079\">\n<\/div>\n<div class=\"product_meta\"><\/div>\n<\/div>\n","protected":false},"excerpt":{"rendered":"<p>DETAILS ZUM PRODUKT MUCHO GUSTO\u00ae Schal Genova Royal Equinox Erleben Sie lebendige Eleganz mit dem MUCHO GUSTO\u00ae Schal Genova Royal Equinox \u2013 ein modisches Accessoire voller Farbe und Charakter. Das raffinierte Muster kombiniert geometrische Linien und G\u00fcrteldetails mit tiefen Juwelt\u00f6nen in Gr\u00fcn, Violett, Orange und Pink \u2013 ein echtes Statement-Piece f\u00fcr stilvolle Looks. Hergestellt aus [&hellip;]<\/p>\n","protected":false},"featured_media":52914,"comment_status":"open","ping_status":"closed","template":"","meta":{"_acf_changed":false,"inline_featured_image":false,"navigation_state":false,"_genesis_hide_title":false,"_genesis_hide_breadcrumbs":false,"_genesis_hide_singular_image":false,"_genesis_hide_footer_widgets":false,"_genesis_custom_body_class":"","_genesis_custom_post_class":"","_genesis_layout":""},"product_brand":[],"product_cat":[87],"product_tag":[],"class_list":{"0":"post-52919","1":"product","2":"type-product","3":"status-publish","4":"has-post-thumbnail","6":"product_cat-schals","7":"entry","9":"first","10":"instock","11":"sale","12":"taxable","13":"shipping-taxable","14":"purchasable","15":"product-type-simple"},"acf":[],"yoast_head":"<!-- This site is optimized with the Yoast SEO Premium plugin v27.2 (Yoast SEO v27.2) - https:\/\/yoast.com\/product\/yoast-seo-premium-wordpress\/ -->\n<title>MUCHO GUSTO\u00ae Schal Genova Royal Equinox - Mucho Gusto<\/title>\n<meta name=\"description\" content=\"Entdecken Sie den MUCHO GUSTO\u00ae Schal Genova Royal Equinox \u2013 ein 100% Polyester-Dreiecksschal mit Gurt- und Linienmuster. Dutch Design.\" \/>\n<meta name=\"robots\" content=\"index, follow, max-snippet:-1, max-image-preview:large, max-video-preview:-1\" \/>\n<link rel=\"canonical\" href=\"https:\/\/muchogusto.nl\/de\/produkt\/mucho-gusto-schal-genova-royal-equinox\/\" \/>\n<meta property=\"og:locale\" content=\"de_DE\" \/>\n<meta property=\"og:type\" content=\"article\" \/>\n<meta property=\"og:title\" content=\"MUCHO GUSTO\u00ae Schal Genova Royal Equinox\" \/>\n<meta property=\"og:description\" content=\"Entdecken Sie den MUCHO GUSTO\u00ae Schal Genova Royal Equinox \u2013 ein 100% Polyester-Dreiecksschal mit Gurt- und Linienmuster. Dutch Design.\" \/>\n<meta property=\"og:url\" content=\"https:\/\/muchogusto.nl\/de\/produkt\/mucho-gusto-schal-genova-royal-equinox\/\" \/>\n<meta property=\"og:site_name\" content=\"Mucho Gusto\" \/>\n<meta property=\"article:publisher\" content=\"https:\/\/www.facebook.com\/muchogusto.nl\/\" \/>\n<meta property=\"article:modified_time\" content=\"2026-03-02T11:02:38+00:00\" \/>\n<meta property=\"og:image\" content=\"https:\/\/muchogusto.nl\/wp-content\/uploads\/2025\/11\/S52-Gen-032-scaled.png\" \/>\n\t<meta property=\"og:image:width\" content=\"1920\" \/>\n\t<meta property=\"og:image:height\" content=\"2560\" \/>\n\t<meta property=\"og:image:type\" content=\"image\/png\" \/>\n<meta name=\"twitter:card\" content=\"summary_large_image\" \/>\n<meta name=\"twitter:label1\" content=\"Est. reading time\" \/>\n\t<meta name=\"twitter:data1\" content=\"1 minute\" \/>\n<script type=\"application\/ld+json\" class=\"yoast-schema-graph\">{\"@context\":\"https:\/\/schema.org\",\"@graph\":[{\"@type\":\"WebPage\",\"@id\":\"https:\/\/muchogusto.nl\/de\/produkt\/mucho-gusto-schal-genova-royal-equinox\/\",\"url\":\"https:\/\/muchogusto.nl\/de\/produkt\/mucho-gusto-schal-genova-royal-equinox\/\",\"name\":\"MUCHO GUSTO\u00ae Schal Genova Royal Equinox - Mucho Gusto\",\"isPartOf\":{\"@id\":\"https:\/\/muchogusto.nl\/#website\"},\"primaryImageOfPage\":{\"@id\":\"https:\/\/muchogusto.nl\/de\/produkt\/mucho-gusto-schal-genova-royal-equinox\/#primaryimage\"},\"image\":{\"@id\":\"https:\/\/muchogusto.nl\/de\/produkt\/mucho-gusto-schal-genova-royal-equinox\/#primaryimage\"},\"thumbnailUrl\":\"https:\/\/muchogusto.nl\/wp-content\/uploads\/2025\/11\/S52-Gen-032-scaled.png\",\"datePublished\":\"2025-11-04T10:19:26+00:00\",\"dateModified\":\"2026-03-02T11:02:38+00:00\",\"description\":\"Entdecken Sie den MUCHO GUSTO\u00ae Schal Genova Royal Equinox \u2013 ein 100% Polyester-Dreiecksschal mit Gurt- und Linienmuster. Dutch Design.\",\"breadcrumb\":{\"@id\":\"https:\/\/muchogusto.nl\/de\/produkt\/mucho-gusto-schal-genova-royal-equinox\/#breadcrumb\"},\"inLanguage\":\"de-DE\",\"potentialAction\":[{\"@type\":\"ReadAction\",\"target\":[\"https:\/\/muchogusto.nl\/de\/produkt\/mucho-gusto-schal-genova-royal-equinox\/\"]}]},{\"@type\":\"ImageObject\",\"inLanguage\":\"de-DE\",\"@id\":\"https:\/\/muchogusto.nl\/de\/produkt\/mucho-gusto-schal-genova-royal-equinox\/#primaryimage\",\"url\":\"https:\/\/muchogusto.nl\/wp-content\/uploads\/2025\/11\/S52-Gen-032-scaled.png\",\"contentUrl\":\"https:\/\/muchogusto.nl\/wp-content\/uploads\/2025\/11\/S52-Gen-032-scaled.png\",\"width\":1920,\"height\":2560,\"caption\":\"MUCHO GUSTO\u00ae Scarf Genova Royal Equinox\"},{\"@type\":\"BreadcrumbList\",\"@id\":\"https:\/\/muchogusto.nl\/de\/produkt\/mucho-gusto-schal-genova-royal-equinox\/#breadcrumb\",\"itemListElement\":[{\"@type\":\"ListItem\",\"position\":1,\"name\":\"Home\",\"item\":\"https:\/\/muchogusto.nl\/de\/\"},{\"@type\":\"ListItem\",\"position\":2,\"name\":\"Shop\",\"item\":\"https:\/\/muchogusto.nl\/de\/shop-2\/\"},{\"@type\":\"ListItem\",\"position\":3,\"name\":\"MUCHO GUSTO\u00ae Schal Genova Royal Equinox\"}]},{\"@type\":\"WebSite\",\"@id\":\"https:\/\/muchogusto.nl\/#website\",\"url\":\"https:\/\/muchogusto.nl\/\",\"name\":\"muchogusto.nl\",\"description\":\"\",\"publisher\":{\"@id\":\"https:\/\/muchogusto.nl\/#organization\"},\"potentialAction\":[{\"@type\":\"SearchAction\",\"target\":{\"@type\":\"EntryPoint\",\"urlTemplate\":\"https:\/\/muchogusto.nl\/?s={search_term_string}\"},\"query-input\":{\"@type\":\"PropertyValueSpecification\",\"valueRequired\":true,\"valueName\":\"search_term_string\"}}],\"inLanguage\":\"de-DE\"},{\"@type\":\"Organization\",\"@id\":\"https:\/\/muchogusto.nl\/#organization\",\"name\":\"Mucho Gusto\",\"url\":\"https:\/\/muchogusto.nl\/\",\"logo\":{\"@type\":\"ImageObject\",\"inLanguage\":\"de-DE\",\"@id\":\"https:\/\/muchogusto.nl\/#\/schema\/logo\/image\/\",\"url\":\"https:\/\/muchogusto.nl\/wp-content\/uploads\/2022\/08\/logo_header.svg\",\"contentUrl\":\"https:\/\/muchogusto.nl\/wp-content\/uploads\/2022\/08\/logo_header.svg\",\"caption\":\"Mucho Gusto\"},\"image\":{\"@id\":\"https:\/\/muchogusto.nl\/#\/schema\/logo\/image\/\"},\"sameAs\":[\"https:\/\/www.facebook.com\/muchogusto.nl\/\",\"https:\/\/www.instagram.com\/muchogusto.nl\/\"]}]}<\/script>\n<!-- \/ Yoast SEO Premium plugin. -->","yoast_head_json":{"title":"MUCHO GUSTO\u00ae Schal Genova Royal Equinox - Mucho Gusto","description":"Entdecken Sie den MUCHO GUSTO\u00ae Schal Genova Royal Equinox \u2013 ein 100% Polyester-Dreiecksschal mit Gurt- und Linienmuster. Dutch Design.","robots":{"index":"index","follow":"follow","max-snippet":"max-snippet:-1","max-image-preview":"max-image-preview:large","max-video-preview":"max-video-preview:-1"},"canonical":"https:\/\/muchogusto.nl\/de\/produkt\/mucho-gusto-schal-genova-royal-equinox\/","og_locale":"de_DE","og_type":"article","og_title":"MUCHO GUSTO\u00ae Schal Genova Royal Equinox","og_description":"Entdecken Sie den MUCHO GUSTO\u00ae Schal Genova Royal Equinox \u2013 ein 100% Polyester-Dreiecksschal mit Gurt- und Linienmuster. Dutch Design.","og_url":"https:\/\/muchogusto.nl\/de\/produkt\/mucho-gusto-schal-genova-royal-equinox\/","og_site_name":"Mucho Gusto","article_publisher":"https:\/\/www.facebook.com\/muchogusto.nl\/","article_modified_time":"2026-03-02T11:02:38+00:00","og_image":[{"width":1920,"height":2560,"url":"https:\/\/muchogusto.nl\/wp-content\/uploads\/2025\/11\/S52-Gen-032-scaled.png","type":"image\/png"}],"twitter_card":"summary_large_image","twitter_misc":{"Est. reading time":"1 minute"},"schema":{"@context":"https:\/\/schema.org","@graph":[{"@type":"WebPage","@id":"https:\/\/muchogusto.nl\/de\/produkt\/mucho-gusto-schal-genova-royal-equinox\/","url":"https:\/\/muchogusto.nl\/de\/produkt\/mucho-gusto-schal-genova-royal-equinox\/","name":"MUCHO GUSTO\u00ae Schal Genova Royal Equinox - Mucho Gusto","isPartOf":{"@id":"https:\/\/muchogusto.nl\/#website"},"primaryImageOfPage":{"@id":"https:\/\/muchogusto.nl\/de\/produkt\/mucho-gusto-schal-genova-royal-equinox\/#primaryimage"},"image":{"@id":"https:\/\/muchogusto.nl\/de\/produkt\/mucho-gusto-schal-genova-royal-equinox\/#primaryimage"},"thumbnailUrl":"https:\/\/muchogusto.nl\/wp-content\/uploads\/2025\/11\/S52-Gen-032-scaled.png","datePublished":"2025-11-04T10:19:26+00:00","dateModified":"2026-03-02T11:02:38+00:00","description":"Entdecken Sie den MUCHO GUSTO\u00ae Schal Genova Royal Equinox \u2013 ein 100% Polyester-Dreiecksschal mit Gurt- und Linienmuster. Dutch Design.","breadcrumb":{"@id":"https:\/\/muchogusto.nl\/de\/produkt\/mucho-gusto-schal-genova-royal-equinox\/#breadcrumb"},"inLanguage":"de-DE","potentialAction":[{"@type":"ReadAction","target":["https:\/\/muchogusto.nl\/de\/produkt\/mucho-gusto-schal-genova-royal-equinox\/"]}]},{"@type":"ImageObject","inLanguage":"de-DE","@id":"https:\/\/muchogusto.nl\/de\/produkt\/mucho-gusto-schal-genova-royal-equinox\/#primaryimage","url":"https:\/\/muchogusto.nl\/wp-content\/uploads\/2025\/11\/S52-Gen-032-scaled.png","contentUrl":"https:\/\/muchogusto.nl\/wp-content\/uploads\/2025\/11\/S52-Gen-032-scaled.png","width":1920,"height":2560,"caption":"MUCHO GUSTO\u00ae Scarf Genova Royal Equinox"},{"@type":"BreadcrumbList","@id":"https:\/\/muchogusto.nl\/de\/produkt\/mucho-gusto-schal-genova-royal-equinox\/#breadcrumb","itemListElement":[{"@type":"ListItem","position":1,"name":"Home","item":"https:\/\/muchogusto.nl\/de\/"},{"@type":"ListItem","position":2,"name":"Shop","item":"https:\/\/muchogusto.nl\/de\/shop-2\/"},{"@type":"ListItem","position":3,"name":"MUCHO GUSTO\u00ae Schal Genova Royal Equinox"}]},{"@type":"WebSite","@id":"https:\/\/muchogusto.nl\/#website","url":"https:\/\/muchogusto.nl\/","name":"muchogusto.nl","description":"","publisher":{"@id":"https:\/\/muchogusto.nl\/#organization"},"potentialAction":[{"@type":"SearchAction","target":{"@type":"EntryPoint","urlTemplate":"https:\/\/muchogusto.nl\/?s={search_term_string}"},"query-input":{"@type":"PropertyValueSpecification","valueRequired":true,"valueName":"search_term_string"}}],"inLanguage":"de-DE"},{"@type":"Organization","@id":"https:\/\/muchogusto.nl\/#organization","name":"Mucho Gusto","url":"https:\/\/muchogusto.nl\/","logo":{"@type":"ImageObject","inLanguage":"de-DE","@id":"https:\/\/muchogusto.nl\/#\/schema\/logo\/image\/","url":"https:\/\/muchogusto.nl\/wp-content\/uploads\/2022\/08\/logo_header.svg","contentUrl":"https:\/\/muchogusto.nl\/wp-content\/uploads\/2022\/08\/logo_header.svg","caption":"Mucho Gusto"},"image":{"@id":"https:\/\/muchogusto.nl\/#\/schema\/logo\/image\/"},"sameAs":["https:\/\/www.facebook.com\/muchogusto.nl\/","https:\/\/www.instagram.com\/muchogusto.nl\/"]}]}},"_links":{"self":[{"href":"https:\/\/muchogusto.nl\/de\/wp-json\/wp\/v2\/product\/52919","targetHints":{"allow":["GET"]}}],"collection":[{"href":"https:\/\/muchogusto.nl\/de\/wp-json\/wp\/v2\/product"}],"about":[{"href":"https:\/\/muchogusto.nl\/de\/wp-json\/wp\/v2\/types\/product"}],"replies":[{"embeddable":true,"href":"https:\/\/muchogusto.nl\/de\/wp-json\/wp\/v2\/comments?post=52919"}],"wp:featuredmedia":[{"embeddable":true,"href":"https:\/\/muchogusto.nl\/de\/wp-json\/wp\/v2\/media\/52914"}],"wp:attachment":[{"href":"https:\/\/muchogusto.nl\/de\/wp-json\/wp\/v2\/media?parent=52919"}],"wp:term":[{"taxonomy":"product_brand","embeddable":true,"href":"https:\/\/muchogusto.nl\/de\/wp-json\/wp\/v2\/product_brand?post=52919"},{"taxonomy":"product_cat","embeddable":true,"href":"https:\/\/muchogusto.nl\/de\/wp-json\/wp\/v2\/product_cat?post=52919"},{"taxonomy":"product_tag","embeddable":true,"href":"https:\/\/muchogusto.nl\/de\/wp-json\/wp\/v2\/product_tag?post=52919"}],"curies":[{"name":"wp","href":"https:\/\/api.w.org\/{rel}","templated":true}]}}