{"id":52909,"date":"2025-11-04T10:26:41","date_gmt":"2025-11-04T09:26:41","guid":{"rendered":"https:\/\/muchogusto.nl\/product\/mucho-gusto-sjaal-st-tropez-retro-voyage\/"},"modified":"2026-03-02T12:02:38","modified_gmt":"2026-03-02T11:02:38","slug":"mucho-gusto-schal-st-tropez-retro-voyage","status":"publish","type":"product","link":"https:\/\/muchogusto.nl\/de\/produkt\/mucho-gusto-schal-st-tropez-retro-voyage\/","title":{"rendered":"MUCHO GUSTO\u00ae Schal St. Tropez Retro Voyage"},"content":{"rendered":"<h3 data-start=\"1568\" data-end=\"1593\">DETAILS ZUM PRODUKT<\/h3>\n<p data-start=\"1594\" data-end=\"1642\"><strong data-start=\"1594\" data-end=\"1640\">MUCHO GUSTO\u00ae Schal St. Tropez Retro Voyage<\/strong><\/p>\n<p data-start=\"1644\" data-end=\"1940\">Erleben Sie verspielte Eleganz mit dem <strong data-start=\"1683\" data-end=\"1729\">MUCHO GUSTO\u00ae Schal St. Tropez Retro Voyage<\/strong> \u2013 ein luxuri\u00f6ses Seidentuch, das Reisefieber und Retro-Charme vereint. Das farbenfrohe Collage-Muster zeigt Vintage-Stempel, Route-66-Motive und k\u00fcnstlerische Details, die f\u00fcr einen einzigartigen Look sorgen.<\/p>\n<p data-start=\"1942\" data-end=\"2167\">Gefertigt aus 100% Seide, f\u00e4llt dieser dreieckige Schal geschmeidig und f\u00fchlt sich wunderbar weich auf der Haut an. Ideal f\u00fcr stilbewusste Abenteurerinnen, die Mode mit Pers\u00f6nlichkeit lieben \u2013 Dutch Design von MUCHO GUSTO\u00ae.<\/p>\n<p data-start=\"2169\" data-end=\"2376\"><strong data-start=\"2169\" data-end=\"2185\">Dutch Design<\/strong><br data-start=\"2185\" data-end=\"2188\" \/><strong data-start=\"2188\" data-end=\"2201\">Material:<\/strong> 100% Seide<br data-start=\"2212\" data-end=\"2215\" \/><strong data-start=\"2215\" data-end=\"2224\">Ma\u00dfe:<\/strong> 220 x 140 x 140 cm<br data-start=\"2243\" data-end=\"2246\" \/><strong data-start=\"2246\" data-end=\"2255\">Form:<\/strong> Dreieckig<br data-start=\"2265\" data-end=\"2268\" \/><strong data-start=\"2268\" data-end=\"2279\">Design:<\/strong> Vintage-Reisecollage mit Retro-Details<br data-start=\"2318\" data-end=\"2321\" \/><strong data-start=\"2321\" data-end=\"2337\">Farbpalette:<\/strong> Beige, Blau, Koralle, Taupe, Schwarz<\/p>\n<div class=\"summary\">\n<div class=\"tccContent\"><\/div>\n<div class=\"product_meta\">\n<div class=\"summary\">\n<div class=\"tccContent\">\n<h3 data-start=\"2345\" data-end=\"2367\">PASSENDE ARTIKEL<\/h3>\n<p data-start=\"2368\" data-end=\"2727\">Kombinieren Sie Ihren Look mit unserer farbenfrohen\u00a0<a class=\"decorated-link cursor-pointer\" target=\"_new\" rel=\"noopener\" data-start=\"2420\" data-end=\"2465\">Bekleidung<\/a>.<br data-start=\"2466\" data-end=\"2469\" \/>M\u00f6chten Sie mehr\u00a0<a class=\"decorated-link cursor-pointer\" target=\"_new\" rel=\"noopener\" data-start=\"2486\" data-end=\"2524\">Schals<\/a>\u00a0sehen? Besuchen Sie unsere\u00a0<a class=\"decorated-link cursor-pointer\" target=\"_new\" rel=\"noopener\" data-start=\"2552\" data-end=\"2596\">Schals-Seite<\/a>.<br data-start=\"2597\" data-end=\"2600\" \/>Suchen Sie nach mehr Inspiration? Schauen Sie auf unserer\u00a0<a class=\"decorated-link\" href=\"https:\/\/www.instagram.com\/muchogusto.nl\/\" target=\"_new\" rel=\"noopener\" data-start=\"2658\" data-end=\"2717\">Instagram-Seite<\/a>\u00a0vorbei.<\/p>\n<h3 data-start=\"2729\" data-end=\"2754\">BRAUCHEN SIE HILFE?<\/h3>\n<p data-start=\"2755\" data-end=\"2915\">Wenn Sie Fragen zu diesem Artikel oder zur Gr\u00f6\u00dfe haben, wenden Sie sich bitte an unser Customer Care Team unter\u00a0<a class=\"decorated-link cursor-pointer\" rel=\"noopener\" data-start=\"2867\" data-end=\"2912\">web@muchogusto.nl<\/a>.<\/p>\n<p data-start=\"2917\" data-end=\"3079\">\n<\/div>\n<div class=\"product_meta\"><\/div>\n<\/div>\n<section class=\"related products\"><\/section>\n<\/div>\n<\/div>\n","protected":false},"excerpt":{"rendered":"<p>DETAILS ZUM PRODUKT MUCHO GUSTO\u00ae Schal St. Tropez Retro Voyage Erleben Sie verspielte Eleganz mit dem MUCHO GUSTO\u00ae Schal St. Tropez Retro Voyage \u2013 ein luxuri\u00f6ses Seidentuch, das Reisefieber und Retro-Charme vereint. Das farbenfrohe Collage-Muster zeigt Vintage-Stempel, Route-66-Motive und k\u00fcnstlerische Details, die f\u00fcr einen einzigartigen Look sorgen. Gefertigt aus 100% Seide, f\u00e4llt dieser dreieckige Schal [&hellip;]<\/p>\n","protected":false},"featured_media":52904,"comment_status":"open","ping_status":"closed","template":"","meta":{"_acf_changed":false,"inline_featured_image":false,"navigation_state":false,"_genesis_hide_title":false,"_genesis_hide_breadcrumbs":false,"_genesis_hide_singular_image":false,"_genesis_hide_footer_widgets":false,"_genesis_custom_body_class":"","_genesis_custom_post_class":"","_genesis_layout":""},"product_brand":[],"product_cat":[87],"product_tag":[],"class_list":{"0":"post-52909","1":"product","2":"type-product","3":"status-publish","4":"has-post-thumbnail","6":"product_cat-schals","7":"entry","9":"first","10":"instock","11":"sale","12":"taxable","13":"shipping-taxable","14":"purchasable","15":"product-type-simple"},"acf":[],"yoast_head":"<!-- This site is optimized with the Yoast SEO Premium plugin v27.2 (Yoast SEO v27.2) - https:\/\/yoast.com\/product\/yoast-seo-premium-wordpress\/ -->\n<title>MUCHO GUSTO\u00ae Schal St. Tropez Retro Voyage - Mucho Gusto<\/title>\n<meta name=\"description\" content=\"Entdecken Sie den MUCHO GUSTO\u00ae Schal St. Tropez Retro Voyage \u2013 ein 100% Seiden-Dreiecksschal mit farbenfrohem Retro-Collagenmuster. Dutch Design.\" \/>\n<meta name=\"robots\" content=\"index, follow, max-snippet:-1, max-image-preview:large, max-video-preview:-1\" \/>\n<link rel=\"canonical\" href=\"https:\/\/muchogusto.nl\/de\/produkt\/mucho-gusto-schal-st-tropez-retro-voyage\/\" \/>\n<meta property=\"og:locale\" content=\"de_DE\" \/>\n<meta property=\"og:type\" content=\"article\" \/>\n<meta property=\"og:title\" content=\"MUCHO GUSTO\u00ae Schal St. Tropez Retro Voyage\" \/>\n<meta property=\"og:description\" content=\"Entdecken Sie den MUCHO GUSTO\u00ae Schal St. Tropez Retro Voyage \u2013 ein 100% Seiden-Dreiecksschal mit farbenfrohem Retro-Collagenmuster. Dutch Design.\" \/>\n<meta property=\"og:url\" content=\"https:\/\/muchogusto.nl\/de\/produkt\/mucho-gusto-schal-st-tropez-retro-voyage\/\" \/>\n<meta property=\"og:site_name\" content=\"Mucho Gusto\" \/>\n<meta property=\"article:publisher\" content=\"https:\/\/www.facebook.com\/muchogusto.nl\/\" \/>\n<meta property=\"article:modified_time\" content=\"2026-03-02T11:02:38+00:00\" \/>\n<meta property=\"og:image\" content=\"https:\/\/muchogusto.nl\/wp-content\/uploads\/2025\/11\/S52-stz-118-scaled.jpg\" \/>\n\t<meta property=\"og:image:width\" content=\"1920\" \/>\n\t<meta property=\"og:image:height\" content=\"2560\" \/>\n\t<meta property=\"og:image:type\" content=\"image\/jpeg\" \/>\n<meta name=\"twitter:card\" content=\"summary_large_image\" \/>\n<meta name=\"twitter:label1\" content=\"Est. reading time\" \/>\n\t<meta name=\"twitter:data1\" content=\"1 minute\" \/>\n<script type=\"application\/ld+json\" class=\"yoast-schema-graph\">{\"@context\":\"https:\/\/schema.org\",\"@graph\":[{\"@type\":\"WebPage\",\"@id\":\"https:\/\/muchogusto.nl\/de\/produkt\/mucho-gusto-schal-st-tropez-retro-voyage\/\",\"url\":\"https:\/\/muchogusto.nl\/de\/produkt\/mucho-gusto-schal-st-tropez-retro-voyage\/\",\"name\":\"MUCHO GUSTO\u00ae Schal St. Tropez Retro Voyage - Mucho Gusto\",\"isPartOf\":{\"@id\":\"https:\/\/muchogusto.nl\/#website\"},\"primaryImageOfPage\":{\"@id\":\"https:\/\/muchogusto.nl\/de\/produkt\/mucho-gusto-schal-st-tropez-retro-voyage\/#primaryimage\"},\"image\":{\"@id\":\"https:\/\/muchogusto.nl\/de\/produkt\/mucho-gusto-schal-st-tropez-retro-voyage\/#primaryimage\"},\"thumbnailUrl\":\"https:\/\/muchogusto.nl\/wp-content\/uploads\/2025\/11\/S52-stz-118-scaled.jpg\",\"datePublished\":\"2025-11-04T09:26:41+00:00\",\"dateModified\":\"2026-03-02T11:02:38+00:00\",\"description\":\"Entdecken Sie den MUCHO GUSTO\u00ae Schal St. Tropez Retro Voyage \u2013 ein 100% Seiden-Dreiecksschal mit farbenfrohem Retro-Collagenmuster. Dutch Design.\",\"breadcrumb\":{\"@id\":\"https:\/\/muchogusto.nl\/de\/produkt\/mucho-gusto-schal-st-tropez-retro-voyage\/#breadcrumb\"},\"inLanguage\":\"de-DE\",\"potentialAction\":[{\"@type\":\"ReadAction\",\"target\":[\"https:\/\/muchogusto.nl\/de\/produkt\/mucho-gusto-schal-st-tropez-retro-voyage\/\"]}]},{\"@type\":\"ImageObject\",\"inLanguage\":\"de-DE\",\"@id\":\"https:\/\/muchogusto.nl\/de\/produkt\/mucho-gusto-schal-st-tropez-retro-voyage\/#primaryimage\",\"url\":\"https:\/\/muchogusto.nl\/wp-content\/uploads\/2025\/11\/S52-stz-118-scaled.jpg\",\"contentUrl\":\"https:\/\/muchogusto.nl\/wp-content\/uploads\/2025\/11\/S52-stz-118-scaled.jpg\",\"width\":1920,\"height\":2560,\"caption\":\"MUCHO GUSTO\u00ae Scarf St. Tropez Retro Voyage\"},{\"@type\":\"BreadcrumbList\",\"@id\":\"https:\/\/muchogusto.nl\/de\/produkt\/mucho-gusto-schal-st-tropez-retro-voyage\/#breadcrumb\",\"itemListElement\":[{\"@type\":\"ListItem\",\"position\":1,\"name\":\"Home\",\"item\":\"https:\/\/muchogusto.nl\/de\/\"},{\"@type\":\"ListItem\",\"position\":2,\"name\":\"Shop\",\"item\":\"https:\/\/muchogusto.nl\/de\/shop-2\/\"},{\"@type\":\"ListItem\",\"position\":3,\"name\":\"MUCHO GUSTO\u00ae Schal St. Tropez Retro Voyage\"}]},{\"@type\":\"WebSite\",\"@id\":\"https:\/\/muchogusto.nl\/#website\",\"url\":\"https:\/\/muchogusto.nl\/\",\"name\":\"muchogusto.nl\",\"description\":\"\",\"publisher\":{\"@id\":\"https:\/\/muchogusto.nl\/#organization\"},\"potentialAction\":[{\"@type\":\"SearchAction\",\"target\":{\"@type\":\"EntryPoint\",\"urlTemplate\":\"https:\/\/muchogusto.nl\/?s={search_term_string}\"},\"query-input\":{\"@type\":\"PropertyValueSpecification\",\"valueRequired\":true,\"valueName\":\"search_term_string\"}}],\"inLanguage\":\"de-DE\"},{\"@type\":\"Organization\",\"@id\":\"https:\/\/muchogusto.nl\/#organization\",\"name\":\"Mucho Gusto\",\"url\":\"https:\/\/muchogusto.nl\/\",\"logo\":{\"@type\":\"ImageObject\",\"inLanguage\":\"de-DE\",\"@id\":\"https:\/\/muchogusto.nl\/#\/schema\/logo\/image\/\",\"url\":\"https:\/\/muchogusto.nl\/wp-content\/uploads\/2022\/08\/logo_header.svg\",\"contentUrl\":\"https:\/\/muchogusto.nl\/wp-content\/uploads\/2022\/08\/logo_header.svg\",\"caption\":\"Mucho Gusto\"},\"image\":{\"@id\":\"https:\/\/muchogusto.nl\/#\/schema\/logo\/image\/\"},\"sameAs\":[\"https:\/\/www.facebook.com\/muchogusto.nl\/\",\"https:\/\/www.instagram.com\/muchogusto.nl\/\"]}]}<\/script>\n<!-- \/ Yoast SEO Premium plugin. -->","yoast_head_json":{"title":"MUCHO GUSTO\u00ae Schal St. Tropez Retro Voyage - Mucho Gusto","description":"Entdecken Sie den MUCHO GUSTO\u00ae Schal St. Tropez Retro Voyage \u2013 ein 100% Seiden-Dreiecksschal mit farbenfrohem Retro-Collagenmuster. Dutch Design.","robots":{"index":"index","follow":"follow","max-snippet":"max-snippet:-1","max-image-preview":"max-image-preview:large","max-video-preview":"max-video-preview:-1"},"canonical":"https:\/\/muchogusto.nl\/de\/produkt\/mucho-gusto-schal-st-tropez-retro-voyage\/","og_locale":"de_DE","og_type":"article","og_title":"MUCHO GUSTO\u00ae Schal St. Tropez Retro Voyage","og_description":"Entdecken Sie den MUCHO GUSTO\u00ae Schal St. Tropez Retro Voyage \u2013 ein 100% Seiden-Dreiecksschal mit farbenfrohem Retro-Collagenmuster. Dutch Design.","og_url":"https:\/\/muchogusto.nl\/de\/produkt\/mucho-gusto-schal-st-tropez-retro-voyage\/","og_site_name":"Mucho Gusto","article_publisher":"https:\/\/www.facebook.com\/muchogusto.nl\/","article_modified_time":"2026-03-02T11:02:38+00:00","og_image":[{"width":1920,"height":2560,"url":"https:\/\/muchogusto.nl\/wp-content\/uploads\/2025\/11\/S52-stz-118-scaled.jpg","type":"image\/jpeg"}],"twitter_card":"summary_large_image","twitter_misc":{"Est. reading time":"1 minute"},"schema":{"@context":"https:\/\/schema.org","@graph":[{"@type":"WebPage","@id":"https:\/\/muchogusto.nl\/de\/produkt\/mucho-gusto-schal-st-tropez-retro-voyage\/","url":"https:\/\/muchogusto.nl\/de\/produkt\/mucho-gusto-schal-st-tropez-retro-voyage\/","name":"MUCHO GUSTO\u00ae Schal St. Tropez Retro Voyage - Mucho Gusto","isPartOf":{"@id":"https:\/\/muchogusto.nl\/#website"},"primaryImageOfPage":{"@id":"https:\/\/muchogusto.nl\/de\/produkt\/mucho-gusto-schal-st-tropez-retro-voyage\/#primaryimage"},"image":{"@id":"https:\/\/muchogusto.nl\/de\/produkt\/mucho-gusto-schal-st-tropez-retro-voyage\/#primaryimage"},"thumbnailUrl":"https:\/\/muchogusto.nl\/wp-content\/uploads\/2025\/11\/S52-stz-118-scaled.jpg","datePublished":"2025-11-04T09:26:41+00:00","dateModified":"2026-03-02T11:02:38+00:00","description":"Entdecken Sie den MUCHO GUSTO\u00ae Schal St. Tropez Retro Voyage \u2013 ein 100% Seiden-Dreiecksschal mit farbenfrohem Retro-Collagenmuster. Dutch Design.","breadcrumb":{"@id":"https:\/\/muchogusto.nl\/de\/produkt\/mucho-gusto-schal-st-tropez-retro-voyage\/#breadcrumb"},"inLanguage":"de-DE","potentialAction":[{"@type":"ReadAction","target":["https:\/\/muchogusto.nl\/de\/produkt\/mucho-gusto-schal-st-tropez-retro-voyage\/"]}]},{"@type":"ImageObject","inLanguage":"de-DE","@id":"https:\/\/muchogusto.nl\/de\/produkt\/mucho-gusto-schal-st-tropez-retro-voyage\/#primaryimage","url":"https:\/\/muchogusto.nl\/wp-content\/uploads\/2025\/11\/S52-stz-118-scaled.jpg","contentUrl":"https:\/\/muchogusto.nl\/wp-content\/uploads\/2025\/11\/S52-stz-118-scaled.jpg","width":1920,"height":2560,"caption":"MUCHO GUSTO\u00ae Scarf St. Tropez Retro Voyage"},{"@type":"BreadcrumbList","@id":"https:\/\/muchogusto.nl\/de\/produkt\/mucho-gusto-schal-st-tropez-retro-voyage\/#breadcrumb","itemListElement":[{"@type":"ListItem","position":1,"name":"Home","item":"https:\/\/muchogusto.nl\/de\/"},{"@type":"ListItem","position":2,"name":"Shop","item":"https:\/\/muchogusto.nl\/de\/shop-2\/"},{"@type":"ListItem","position":3,"name":"MUCHO GUSTO\u00ae Schal St. Tropez Retro Voyage"}]},{"@type":"WebSite","@id":"https:\/\/muchogusto.nl\/#website","url":"https:\/\/muchogusto.nl\/","name":"muchogusto.nl","description":"","publisher":{"@id":"https:\/\/muchogusto.nl\/#organization"},"potentialAction":[{"@type":"SearchAction","target":{"@type":"EntryPoint","urlTemplate":"https:\/\/muchogusto.nl\/?s={search_term_string}"},"query-input":{"@type":"PropertyValueSpecification","valueRequired":true,"valueName":"search_term_string"}}],"inLanguage":"de-DE"},{"@type":"Organization","@id":"https:\/\/muchogusto.nl\/#organization","name":"Mucho Gusto","url":"https:\/\/muchogusto.nl\/","logo":{"@type":"ImageObject","inLanguage":"de-DE","@id":"https:\/\/muchogusto.nl\/#\/schema\/logo\/image\/","url":"https:\/\/muchogusto.nl\/wp-content\/uploads\/2022\/08\/logo_header.svg","contentUrl":"https:\/\/muchogusto.nl\/wp-content\/uploads\/2022\/08\/logo_header.svg","caption":"Mucho Gusto"},"image":{"@id":"https:\/\/muchogusto.nl\/#\/schema\/logo\/image\/"},"sameAs":["https:\/\/www.facebook.com\/muchogusto.nl\/","https:\/\/www.instagram.com\/muchogusto.nl\/"]}]}},"_links":{"self":[{"href":"https:\/\/muchogusto.nl\/de\/wp-json\/wp\/v2\/product\/52909","targetHints":{"allow":["GET"]}}],"collection":[{"href":"https:\/\/muchogusto.nl\/de\/wp-json\/wp\/v2\/product"}],"about":[{"href":"https:\/\/muchogusto.nl\/de\/wp-json\/wp\/v2\/types\/product"}],"replies":[{"embeddable":true,"href":"https:\/\/muchogusto.nl\/de\/wp-json\/wp\/v2\/comments?post=52909"}],"wp:featuredmedia":[{"embeddable":true,"href":"https:\/\/muchogusto.nl\/de\/wp-json\/wp\/v2\/media\/52904"}],"wp:attachment":[{"href":"https:\/\/muchogusto.nl\/de\/wp-json\/wp\/v2\/media?parent=52909"}],"wp:term":[{"taxonomy":"product_brand","embeddable":true,"href":"https:\/\/muchogusto.nl\/de\/wp-json\/wp\/v2\/product_brand?post=52909"},{"taxonomy":"product_cat","embeddable":true,"href":"https:\/\/muchogusto.nl\/de\/wp-json\/wp\/v2\/product_cat?post=52909"},{"taxonomy":"product_tag","embeddable":true,"href":"https:\/\/muchogusto.nl\/de\/wp-json\/wp\/v2\/product_tag?post=52909"}],"curies":[{"name":"wp","href":"https:\/\/api.w.org\/{rel}","templated":true}]}}