{"id":52827,"date":"2025-11-03T14:43:17","date_gmt":"2025-11-03T13:43:17","guid":{"rendered":"https:\/\/muchogusto.nl\/product\/mucho-gusto-sjaal-kiev-golden-maze\/"},"modified":"2026-03-02T12:02:38","modified_gmt":"2026-03-02T11:02:38","slug":"mucho-gusto-schal-kiev-golden-maze","status":"publish","type":"product","link":"https:\/\/muchogusto.nl\/de\/produkt\/mucho-gusto-schal-kiev-golden-maze\/","title":{"rendered":"MUCHO GUSTO\u00ae Schal Kiev Golden Maze"},"content":{"rendered":"<h3 data-start=\"3568\" data-end=\"3593\">DETAILS ZUM PRODUKT<\/h3>\n<p data-start=\"3594\" data-end=\"3633\"><strong data-start=\"3594\" data-end=\"3633\">MUCHO GUSTO\u00ae Schal Kiev Golden Maze<\/strong><\/p>\n<p data-start=\"3635\" data-end=\"3945\">Erleben Sie warme Eleganz mit dem <strong data-start=\"3669\" data-end=\"3708\">MUCHO GUSTO\u00ae Schal Kiev Golden Maze<\/strong> \u2013 einem luxuri\u00f6sen Wollschal, der klassische Raffinesse mit modernem Boho-Stil verbindet. Das Ketten- und Geometriemuster in Karamell-, Schokoladen- und Goldt\u00f6nen wird durch weiche Fransen vollendet, die f\u00fcr flie\u00dfende Bewegung sorgen.<\/p>\n<p data-start=\"3947\" data-end=\"4239\">Gefertigt aus 100 % Wolle, f\u00fchlt sich dieser dreieckige Schal weich und angenehm warm an. Zudem l\u00e4sst sich seine Gr\u00f6\u00dfe m\u00fchelos stylen \u2013 elegant \u00fcber die Schultern oder locker um den Hals. Der <strong data-start=\"4139\" data-end=\"4166\">MUCHO GUSTO\u00ae Schal Kiev<\/strong> verk\u00f6rpert Dutch Design \u2013 luxuri\u00f6s, k\u00fcnstlerisch und voller Charakter.<\/p>\n<p data-start=\"4241\" data-end=\"4450\"><strong data-start=\"4241\" data-end=\"4257\">Dutch Design<\/strong><br data-start=\"4257\" data-end=\"4260\" \/><strong data-start=\"4260\" data-end=\"4273\">Material:<\/strong> 100 % Wolle<br data-start=\"4285\" data-end=\"4288\" \/><strong data-start=\"4288\" data-end=\"4297\">Ma\u00dfe:<\/strong> 139 x 80 x 80 cm<br data-start=\"4314\" data-end=\"4317\" \/><strong data-start=\"4317\" data-end=\"4326\">Form:<\/strong> Dreieckig<br data-start=\"4336\" data-end=\"4339\" \/><strong data-start=\"4339\" data-end=\"4350\">Design:<\/strong> Ketten- und geometrisches Muster mit Fransen<br data-start=\"4395\" data-end=\"4398\" \/><strong data-start=\"4398\" data-end=\"4414\">Farbpalette:<\/strong> Karamell, Schokolade, Beige, Gold<\/p>\n<h3 data-start=\"4452\" data-end=\"4474\">PASSENDE ARTIKEL<\/h3>\n<p data-start=\"4475\" data-end=\"4767\">Kombinieren Sie Ihr Outfit mit einem unserer passenden <a class=\"decorated-link\" href=\"https:\/\/muchogusto.nl\/clothing\/\" target=\"_new\" rel=\"noopener\" data-start=\"4530\" data-end=\"4575\">Bekleidung<\/a>.<br data-start=\"4576\" data-end=\"4579\" \/>M\u00f6chten Sie weitere <a class=\"decorated-link cursor-pointer\" target=\"_new\" rel=\"noopener\" data-start=\"4599\" data-end=\"4637\">Schals<\/a> entdecken?<br data-start=\"4648\" data-end=\"4651\" \/>Oder suchen Sie nach mehr Inspiration? Besuchen Sie uns auf <a class=\"decorated-link\" href=\"https:\/\/www.instagram.com\/muchogusto.nl\/\" target=\"_new\" rel=\"noopener\" data-start=\"4711\" data-end=\"4764\">Instagram<\/a>.<\/p>\n<h3 data-start=\"4769\" data-end=\"4794\">BRAUCHEN SIE HILFE?<\/h3>\n<p data-start=\"4795\" data-end=\"4927\">Wenn Sie Fragen zu diesem Artikel oder zur Gr\u00f6\u00dfe haben, wenden Sie sich bitte an unser Customer Care Team unter <a class=\"decorated-link cursor-pointer\" rel=\"noopener\" data-start=\"4907\" data-end=\"4924\">web@muchogusto.nl<\/a>.<\/p>\n","protected":false},"excerpt":{"rendered":"<p>DETAILS ZUM PRODUKT MUCHO GUSTO\u00ae Schal Kiev Golden Maze Erleben Sie warme Eleganz mit dem MUCHO GUSTO\u00ae Schal Kiev Golden Maze \u2013 einem luxuri\u00f6sen Wollschal, der klassische Raffinesse mit modernem Boho-Stil verbindet. Das Ketten- und Geometriemuster in Karamell-, Schokoladen- und Goldt\u00f6nen wird durch weiche Fransen vollendet, die f\u00fcr flie\u00dfende Bewegung sorgen. Gefertigt aus 100 % [&hellip;]<\/p>\n","protected":false},"featured_media":52820,"comment_status":"open","ping_status":"closed","template":"","meta":{"_acf_changed":false,"inline_featured_image":false,"navigation_state":false,"_genesis_hide_title":false,"_genesis_hide_breadcrumbs":false,"_genesis_hide_singular_image":false,"_genesis_hide_footer_widgets":false,"_genesis_custom_body_class":"","_genesis_custom_post_class":"","_genesis_layout":""},"product_brand":[],"product_cat":[87],"product_tag":[],"class_list":{"0":"post-52827","1":"product","2":"type-product","3":"status-publish","4":"has-post-thumbnail","6":"product_cat-schals","7":"entry","9":"first","10":"outofstock","11":"sale","12":"taxable","13":"shipping-taxable","14":"purchasable","15":"product-type-simple"},"acf":[],"yoast_head":"<!-- This site is optimized with the Yoast SEO Premium plugin v27.2 (Yoast SEO v27.2) - https:\/\/yoast.com\/product\/yoast-seo-premium-wordpress\/ -->\n<title>MUCHO GUSTO\u00ae Schal Kiev Golden Maze - Mucho Gusto<\/title>\n<meta name=\"description\" content=\"Entdecken Sie den MUCHO GUSTO\u00ae Schal Kiev Golden Maze \u2013 ein Wollschal mit Kettenmuster und Fransen. Dutch Design trifft zeitlose Eleganz.\" \/>\n<meta name=\"robots\" content=\"index, follow, max-snippet:-1, max-image-preview:large, max-video-preview:-1\" \/>\n<link rel=\"canonical\" href=\"https:\/\/muchogusto.nl\/de\/produkt\/mucho-gusto-schal-kiev-golden-maze\/\" \/>\n<meta property=\"og:locale\" content=\"de_DE\" \/>\n<meta property=\"og:type\" content=\"article\" \/>\n<meta property=\"og:title\" content=\"MUCHO GUSTO\u00ae Schal Kiev Golden Maze\" \/>\n<meta property=\"og:description\" content=\"Entdecken Sie den MUCHO GUSTO\u00ae Schal Kiev Golden Maze \u2013 ein Wollschal mit Kettenmuster und Fransen. Dutch Design trifft zeitlose Eleganz.\" \/>\n<meta property=\"og:url\" content=\"https:\/\/muchogusto.nl\/de\/produkt\/mucho-gusto-schal-kiev-golden-maze\/\" \/>\n<meta property=\"og:site_name\" content=\"Mucho Gusto\" \/>\n<meta property=\"article:publisher\" content=\"https:\/\/www.facebook.com\/muchogusto.nl\/\" \/>\n<meta property=\"article:modified_time\" content=\"2026-03-02T11:02:38+00:00\" \/>\n<meta property=\"og:image\" content=\"https:\/\/muchogusto.nl\/wp-content\/uploads\/2025\/11\/S52KIV043-scaled.jpg\" \/>\n\t<meta property=\"og:image:width\" content=\"1920\" \/>\n\t<meta property=\"og:image:height\" content=\"2560\" \/>\n\t<meta property=\"og:image:type\" content=\"image\/jpeg\" \/>\n<meta name=\"twitter:card\" content=\"summary_large_image\" \/>\n<meta name=\"twitter:label1\" content=\"Est. reading time\" \/>\n\t<meta name=\"twitter:data1\" content=\"1 minute\" \/>\n<script type=\"application\/ld+json\" class=\"yoast-schema-graph\">{\"@context\":\"https:\/\/schema.org\",\"@graph\":[{\"@type\":\"WebPage\",\"@id\":\"https:\/\/muchogusto.nl\/de\/produkt\/mucho-gusto-schal-kiev-golden-maze\/\",\"url\":\"https:\/\/muchogusto.nl\/de\/produkt\/mucho-gusto-schal-kiev-golden-maze\/\",\"name\":\"MUCHO GUSTO\u00ae Schal Kiev Golden Maze - Mucho Gusto\",\"isPartOf\":{\"@id\":\"https:\/\/muchogusto.nl\/#website\"},\"primaryImageOfPage\":{\"@id\":\"https:\/\/muchogusto.nl\/de\/produkt\/mucho-gusto-schal-kiev-golden-maze\/#primaryimage\"},\"image\":{\"@id\":\"https:\/\/muchogusto.nl\/de\/produkt\/mucho-gusto-schal-kiev-golden-maze\/#primaryimage\"},\"thumbnailUrl\":\"https:\/\/muchogusto.nl\/wp-content\/uploads\/2025\/11\/S52KIV043-scaled.jpg\",\"datePublished\":\"2025-11-03T13:43:17+00:00\",\"dateModified\":\"2026-03-02T11:02:38+00:00\",\"description\":\"Entdecken Sie den MUCHO GUSTO\u00ae Schal Kiev Golden Maze \u2013 ein Wollschal mit Kettenmuster und Fransen. Dutch Design trifft zeitlose Eleganz.\",\"breadcrumb\":{\"@id\":\"https:\/\/muchogusto.nl\/de\/produkt\/mucho-gusto-schal-kiev-golden-maze\/#breadcrumb\"},\"inLanguage\":\"de-DE\",\"potentialAction\":[{\"@type\":\"ReadAction\",\"target\":[\"https:\/\/muchogusto.nl\/de\/produkt\/mucho-gusto-schal-kiev-golden-maze\/\"]}]},{\"@type\":\"ImageObject\",\"inLanguage\":\"de-DE\",\"@id\":\"https:\/\/muchogusto.nl\/de\/produkt\/mucho-gusto-schal-kiev-golden-maze\/#primaryimage\",\"url\":\"https:\/\/muchogusto.nl\/wp-content\/uploads\/2025\/11\/S52KIV043-scaled.jpg\",\"contentUrl\":\"https:\/\/muchogusto.nl\/wp-content\/uploads\/2025\/11\/S52KIV043-scaled.jpg\",\"width\":1920,\"height\":2560},{\"@type\":\"BreadcrumbList\",\"@id\":\"https:\/\/muchogusto.nl\/de\/produkt\/mucho-gusto-schal-kiev-golden-maze\/#breadcrumb\",\"itemListElement\":[{\"@type\":\"ListItem\",\"position\":1,\"name\":\"Home\",\"item\":\"https:\/\/muchogusto.nl\/de\/\"},{\"@type\":\"ListItem\",\"position\":2,\"name\":\"Shop\",\"item\":\"https:\/\/muchogusto.nl\/de\/shop-2\/\"},{\"@type\":\"ListItem\",\"position\":3,\"name\":\"MUCHO GUSTO\u00ae Schal Kiev Golden Maze\"}]},{\"@type\":\"WebSite\",\"@id\":\"https:\/\/muchogusto.nl\/#website\",\"url\":\"https:\/\/muchogusto.nl\/\",\"name\":\"muchogusto.nl\",\"description\":\"\",\"publisher\":{\"@id\":\"https:\/\/muchogusto.nl\/#organization\"},\"potentialAction\":[{\"@type\":\"SearchAction\",\"target\":{\"@type\":\"EntryPoint\",\"urlTemplate\":\"https:\/\/muchogusto.nl\/?s={search_term_string}\"},\"query-input\":{\"@type\":\"PropertyValueSpecification\",\"valueRequired\":true,\"valueName\":\"search_term_string\"}}],\"inLanguage\":\"de-DE\"},{\"@type\":\"Organization\",\"@id\":\"https:\/\/muchogusto.nl\/#organization\",\"name\":\"Mucho Gusto\",\"url\":\"https:\/\/muchogusto.nl\/\",\"logo\":{\"@type\":\"ImageObject\",\"inLanguage\":\"de-DE\",\"@id\":\"https:\/\/muchogusto.nl\/#\/schema\/logo\/image\/\",\"url\":\"https:\/\/muchogusto.nl\/wp-content\/uploads\/2022\/08\/logo_header.svg\",\"contentUrl\":\"https:\/\/muchogusto.nl\/wp-content\/uploads\/2022\/08\/logo_header.svg\",\"caption\":\"Mucho Gusto\"},\"image\":{\"@id\":\"https:\/\/muchogusto.nl\/#\/schema\/logo\/image\/\"},\"sameAs\":[\"https:\/\/www.facebook.com\/muchogusto.nl\/\",\"https:\/\/www.instagram.com\/muchogusto.nl\/\"]}]}<\/script>\n<!-- \/ Yoast SEO Premium plugin. -->","yoast_head_json":{"title":"MUCHO GUSTO\u00ae Schal Kiev Golden Maze - Mucho Gusto","description":"Entdecken Sie den MUCHO GUSTO\u00ae Schal Kiev Golden Maze \u2013 ein Wollschal mit Kettenmuster und Fransen. Dutch Design trifft zeitlose Eleganz.","robots":{"index":"index","follow":"follow","max-snippet":"max-snippet:-1","max-image-preview":"max-image-preview:large","max-video-preview":"max-video-preview:-1"},"canonical":"https:\/\/muchogusto.nl\/de\/produkt\/mucho-gusto-schal-kiev-golden-maze\/","og_locale":"de_DE","og_type":"article","og_title":"MUCHO GUSTO\u00ae Schal Kiev Golden Maze","og_description":"Entdecken Sie den MUCHO GUSTO\u00ae Schal Kiev Golden Maze \u2013 ein Wollschal mit Kettenmuster und Fransen. Dutch Design trifft zeitlose Eleganz.","og_url":"https:\/\/muchogusto.nl\/de\/produkt\/mucho-gusto-schal-kiev-golden-maze\/","og_site_name":"Mucho Gusto","article_publisher":"https:\/\/www.facebook.com\/muchogusto.nl\/","article_modified_time":"2026-03-02T11:02:38+00:00","og_image":[{"width":1920,"height":2560,"url":"https:\/\/muchogusto.nl\/wp-content\/uploads\/2025\/11\/S52KIV043-scaled.jpg","type":"image\/jpeg"}],"twitter_card":"summary_large_image","twitter_misc":{"Est. reading time":"1 minute"},"schema":{"@context":"https:\/\/schema.org","@graph":[{"@type":"WebPage","@id":"https:\/\/muchogusto.nl\/de\/produkt\/mucho-gusto-schal-kiev-golden-maze\/","url":"https:\/\/muchogusto.nl\/de\/produkt\/mucho-gusto-schal-kiev-golden-maze\/","name":"MUCHO GUSTO\u00ae Schal Kiev Golden Maze - Mucho Gusto","isPartOf":{"@id":"https:\/\/muchogusto.nl\/#website"},"primaryImageOfPage":{"@id":"https:\/\/muchogusto.nl\/de\/produkt\/mucho-gusto-schal-kiev-golden-maze\/#primaryimage"},"image":{"@id":"https:\/\/muchogusto.nl\/de\/produkt\/mucho-gusto-schal-kiev-golden-maze\/#primaryimage"},"thumbnailUrl":"https:\/\/muchogusto.nl\/wp-content\/uploads\/2025\/11\/S52KIV043-scaled.jpg","datePublished":"2025-11-03T13:43:17+00:00","dateModified":"2026-03-02T11:02:38+00:00","description":"Entdecken Sie den MUCHO GUSTO\u00ae Schal Kiev Golden Maze \u2013 ein Wollschal mit Kettenmuster und Fransen. Dutch Design trifft zeitlose Eleganz.","breadcrumb":{"@id":"https:\/\/muchogusto.nl\/de\/produkt\/mucho-gusto-schal-kiev-golden-maze\/#breadcrumb"},"inLanguage":"de-DE","potentialAction":[{"@type":"ReadAction","target":["https:\/\/muchogusto.nl\/de\/produkt\/mucho-gusto-schal-kiev-golden-maze\/"]}]},{"@type":"ImageObject","inLanguage":"de-DE","@id":"https:\/\/muchogusto.nl\/de\/produkt\/mucho-gusto-schal-kiev-golden-maze\/#primaryimage","url":"https:\/\/muchogusto.nl\/wp-content\/uploads\/2025\/11\/S52KIV043-scaled.jpg","contentUrl":"https:\/\/muchogusto.nl\/wp-content\/uploads\/2025\/11\/S52KIV043-scaled.jpg","width":1920,"height":2560},{"@type":"BreadcrumbList","@id":"https:\/\/muchogusto.nl\/de\/produkt\/mucho-gusto-schal-kiev-golden-maze\/#breadcrumb","itemListElement":[{"@type":"ListItem","position":1,"name":"Home","item":"https:\/\/muchogusto.nl\/de\/"},{"@type":"ListItem","position":2,"name":"Shop","item":"https:\/\/muchogusto.nl\/de\/shop-2\/"},{"@type":"ListItem","position":3,"name":"MUCHO GUSTO\u00ae Schal Kiev Golden Maze"}]},{"@type":"WebSite","@id":"https:\/\/muchogusto.nl\/#website","url":"https:\/\/muchogusto.nl\/","name":"muchogusto.nl","description":"","publisher":{"@id":"https:\/\/muchogusto.nl\/#organization"},"potentialAction":[{"@type":"SearchAction","target":{"@type":"EntryPoint","urlTemplate":"https:\/\/muchogusto.nl\/?s={search_term_string}"},"query-input":{"@type":"PropertyValueSpecification","valueRequired":true,"valueName":"search_term_string"}}],"inLanguage":"de-DE"},{"@type":"Organization","@id":"https:\/\/muchogusto.nl\/#organization","name":"Mucho Gusto","url":"https:\/\/muchogusto.nl\/","logo":{"@type":"ImageObject","inLanguage":"de-DE","@id":"https:\/\/muchogusto.nl\/#\/schema\/logo\/image\/","url":"https:\/\/muchogusto.nl\/wp-content\/uploads\/2022\/08\/logo_header.svg","contentUrl":"https:\/\/muchogusto.nl\/wp-content\/uploads\/2022\/08\/logo_header.svg","caption":"Mucho Gusto"},"image":{"@id":"https:\/\/muchogusto.nl\/#\/schema\/logo\/image\/"},"sameAs":["https:\/\/www.facebook.com\/muchogusto.nl\/","https:\/\/www.instagram.com\/muchogusto.nl\/"]}]}},"_links":{"self":[{"href":"https:\/\/muchogusto.nl\/de\/wp-json\/wp\/v2\/product\/52827","targetHints":{"allow":["GET"]}}],"collection":[{"href":"https:\/\/muchogusto.nl\/de\/wp-json\/wp\/v2\/product"}],"about":[{"href":"https:\/\/muchogusto.nl\/de\/wp-json\/wp\/v2\/types\/product"}],"replies":[{"embeddable":true,"href":"https:\/\/muchogusto.nl\/de\/wp-json\/wp\/v2\/comments?post=52827"}],"wp:featuredmedia":[{"embeddable":true,"href":"https:\/\/muchogusto.nl\/de\/wp-json\/wp\/v2\/media\/52820"}],"wp:attachment":[{"href":"https:\/\/muchogusto.nl\/de\/wp-json\/wp\/v2\/media?parent=52827"}],"wp:term":[{"taxonomy":"product_brand","embeddable":true,"href":"https:\/\/muchogusto.nl\/de\/wp-json\/wp\/v2\/product_brand?post=52827"},{"taxonomy":"product_cat","embeddable":true,"href":"https:\/\/muchogusto.nl\/de\/wp-json\/wp\/v2\/product_cat?post=52827"},{"taxonomy":"product_tag","embeddable":true,"href":"https:\/\/muchogusto.nl\/de\/wp-json\/wp\/v2\/product_tag?post=52827"}],"curies":[{"name":"wp","href":"https:\/\/api.w.org\/{rel}","templated":true}]}}