{"id":52459,"date":"2025-10-30T11:28:51","date_gmt":"2025-10-30T10:28:51","guid":{"rendered":"https:\/\/muchogusto.nl\/product\/mucho-gusto-sjaal-kiev-fringes-riviera-spirit\/"},"modified":"2026-03-02T12:02:38","modified_gmt":"2026-03-02T11:02:38","slug":"ucho-gusto-schal-kiev-fringes-riviera-spirit","status":"publish","type":"product","link":"https:\/\/muchogusto.nl\/de\/produkt\/ucho-gusto-schal-kiev-fringes-riviera-spirit\/","title":{"rendered":"MUCHO GUSTO\u00ae Schal Kiev Fringes Riviera Spirit"},"content":{"rendered":"<h3 data-start=\"1578\" data-end=\"1603\">Details zum Produkt<\/h3>\n<p data-start=\"1604\" data-end=\"1656\"><strong data-start=\"1604\" data-end=\"1654\">MUCHO GUSTO\u00ae Schal Kiev Fringes Riviera Spirit<\/strong><\/p>\n<p data-start=\"1658\" data-end=\"1973\">Erleben Sie sommerliche Raffinesse mit dem <strong data-start=\"1701\" data-end=\"1751\">MUCHO GUSTO\u00ae Schal Kiev Fringes Riviera Spirit<\/strong> \u2013 ein luxuri\u00f6ses Seidenaccessoire voller Farbe und Bewegung. Das helle Beige wird durch lebendige Akzente in T\u00fcrkis, Fuchsia und Limettengr\u00fcn belebt, w\u00e4hrend goldene Fransen dem Design einen Hauch von Eleganz verleihen.<\/p>\n<p data-start=\"1975\" data-end=\"2166\">Gefertigt aus 100% Seide bietet dieser dreieckige Schal ein glattes, leichtes Tragegef\u00fchl. Ideal f\u00fcr jeden Anlass \u2013 ob leger oder chic \u2013 ein echtes Statement moderner Dutch Design-\u00c4sthetik.<\/p>\n<p data-start=\"2168\" data-end=\"2385\"><strong data-start=\"2168\" data-end=\"2184\">Dutch Design<\/strong><br data-start=\"2184\" data-end=\"2187\" \/><strong data-start=\"2187\" data-end=\"2200\">Material:<\/strong> 100% Seide<br data-start=\"2211\" data-end=\"2214\" \/><strong data-start=\"2214\" data-end=\"2223\">Ma\u00dfe:<\/strong> 130 x 80 x 80 cm<br data-start=\"2240\" data-end=\"2243\" \/><strong data-start=\"2243\" data-end=\"2252\">Form:<\/strong> Dreieckig<br data-start=\"2262\" data-end=\"2265\" \/><strong data-start=\"2265\" data-end=\"2276\">Design:<\/strong> Farbintensiver Print mit goldenen Fransen<br data-start=\"2318\" data-end=\"2321\" \/><strong data-start=\"2321\" data-end=\"2337\">Farbpalette:<\/strong> Beige, Fuchsia, T\u00fcrkis, Limettengr\u00fcn und Gold<\/p>\n<h3>PASSENDE ARTIKEL<\/h3>\n<div class=\"summary\">\n<p class=\"p1\"><span class=\"s1\">Vervollst\u00e4ndigen Sie Ihren Look mit einer passenden\u00a0<a href=\"https:\/\/muchogusto.nl\/de\/blusen\/\"><span class=\"s2\">Bluse.<\/span><\/a><br \/>\n<\/span><span class=\"s1\">M\u00f6chten Sie mehr Schals sehen? Dann schauen Sie sich unsere\u00a0<\/span><a href=\"https:\/\/muchogusto.nl\/de\/schals\/\">Schals und Seidentucher<\/a>\u00a0<span class=\"s1\">an.<br \/>\n<\/span><span class=\"s1\">M\u00f6chten Sie mehr Inspiration? Dann besuchen Sie unsere\u00a0<a href=\"http:\/\/instagram.com\/muchogusto.nl\"><span class=\"s2\">Instagram-Seite<\/span><\/a>.\u00a0<\/span><\/p>\n<h3>BRAUCHEN SIE HILFE?<\/h3>\n<p>Wenn Sie Fragen zu diesem Artikel oder der Gr\u00f6\u00dfe haben, senden Sie eine E-Mail an unseren Kundenservice unter\u00a0<a href=\"mailto:web@muchogusto.nl\"><span class=\"s2\">web@muchogusto.nl<\/span><\/a><\/p>\n<\/div>\n","protected":false},"excerpt":{"rendered":"<p>Details zum Produkt MUCHO GUSTO\u00ae Schal Kiev Fringes Riviera Spirit Erleben Sie sommerliche Raffinesse mit dem MUCHO GUSTO\u00ae Schal Kiev Fringes Riviera Spirit \u2013 ein luxuri\u00f6ses Seidenaccessoire voller Farbe und Bewegung. Das helle Beige wird durch lebendige Akzente in T\u00fcrkis, Fuchsia und Limettengr\u00fcn belebt, w\u00e4hrend goldene Fransen dem Design einen Hauch von Eleganz verleihen. Gefertigt [&hellip;]<\/p>\n","protected":false},"featured_media":52430,"comment_status":"open","ping_status":"closed","template":"","meta":{"_acf_changed":false,"inline_featured_image":false,"navigation_state":false,"_genesis_hide_title":false,"_genesis_hide_breadcrumbs":false,"_genesis_hide_singular_image":false,"_genesis_hide_footer_widgets":false,"_genesis_custom_body_class":"","_genesis_custom_post_class":"","_genesis_layout":""},"product_brand":[],"product_cat":[87],"product_tag":[],"class_list":{"0":"post-52459","1":"product","2":"type-product","3":"status-publish","4":"has-post-thumbnail","6":"product_cat-schals","7":"entry","9":"first","10":"instock","11":"sale","12":"taxable","13":"shipping-taxable","14":"purchasable","15":"product-type-simple"},"acf":[],"yoast_head":"<!-- This site is optimized with the Yoast SEO Premium plugin v27.2 (Yoast SEO v27.2) - https:\/\/yoast.com\/product\/yoast-seo-premium-wordpress\/ -->\n<title>MUCHO GUSTO\u00ae Schal Kiev Fringes Riviera Spirit - Mucho Gusto<\/title>\n<meta name=\"description\" content=\"Entdecken Sie den MUCHO GUSTO\u00ae Schal Kiev Fringes Riviera Spirit \u2013 ein 100% Seiden-Dreiecksschal mit goldenen Fransen und farbenfrohem Print. Dutch Design.\" \/>\n<meta name=\"robots\" content=\"index, follow, max-snippet:-1, max-image-preview:large, max-video-preview:-1\" \/>\n<link rel=\"canonical\" href=\"https:\/\/muchogusto.nl\/de\/produkt\/ucho-gusto-schal-kiev-fringes-riviera-spirit\/\" \/>\n<meta property=\"og:locale\" content=\"de_DE\" \/>\n<meta property=\"og:type\" content=\"article\" \/>\n<meta property=\"og:title\" content=\"MUCHO GUSTO\u00ae Schal Kiev Fringes Riviera Spirit\" \/>\n<meta property=\"og:description\" content=\"Entdecken Sie den MUCHO GUSTO\u00ae Schal Kiev Fringes Riviera Spirit \u2013 ein 100% Seiden-Dreiecksschal mit goldenen Fransen und farbenfrohem Print. Dutch Design.\" \/>\n<meta property=\"og:url\" content=\"https:\/\/muchogusto.nl\/de\/produkt\/ucho-gusto-schal-kiev-fringes-riviera-spirit\/\" \/>\n<meta property=\"og:site_name\" content=\"Mucho Gusto\" \/>\n<meta property=\"article:publisher\" content=\"https:\/\/www.facebook.com\/muchogusto.nl\/\" \/>\n<meta property=\"article:modified_time\" content=\"2026-03-02T11:02:38+00:00\" \/>\n<meta property=\"og:image\" content=\"https:\/\/muchogusto.nl\/wp-content\/uploads\/2025\/10\/S52-kiv-002-1-scaled.jpg\" \/>\n\t<meta property=\"og:image:width\" content=\"1920\" \/>\n\t<meta property=\"og:image:height\" content=\"2560\" \/>\n\t<meta property=\"og:image:type\" content=\"image\/jpeg\" \/>\n<meta name=\"twitter:card\" content=\"summary_large_image\" \/>\n<meta name=\"twitter:label1\" content=\"Est. reading time\" \/>\n\t<meta name=\"twitter:data1\" content=\"1 minute\" \/>\n<script type=\"application\/ld+json\" class=\"yoast-schema-graph\">{\"@context\":\"https:\/\/schema.org\",\"@graph\":[{\"@type\":\"WebPage\",\"@id\":\"https:\/\/muchogusto.nl\/de\/produkt\/ucho-gusto-schal-kiev-fringes-riviera-spirit\/\",\"url\":\"https:\/\/muchogusto.nl\/de\/produkt\/ucho-gusto-schal-kiev-fringes-riviera-spirit\/\",\"name\":\"MUCHO GUSTO\u00ae Schal Kiev Fringes Riviera Spirit - Mucho Gusto\",\"isPartOf\":{\"@id\":\"https:\/\/muchogusto.nl\/#website\"},\"primaryImageOfPage\":{\"@id\":\"https:\/\/muchogusto.nl\/de\/produkt\/ucho-gusto-schal-kiev-fringes-riviera-spirit\/#primaryimage\"},\"image\":{\"@id\":\"https:\/\/muchogusto.nl\/de\/produkt\/ucho-gusto-schal-kiev-fringes-riviera-spirit\/#primaryimage\"},\"thumbnailUrl\":\"https:\/\/muchogusto.nl\/wp-content\/uploads\/2025\/10\/S52-kiv-002-1-scaled.jpg\",\"datePublished\":\"2025-10-30T10:28:51+00:00\",\"dateModified\":\"2026-03-02T11:02:38+00:00\",\"description\":\"Entdecken Sie den MUCHO GUSTO\u00ae Schal Kiev Fringes Riviera Spirit \u2013 ein 100% Seiden-Dreiecksschal mit goldenen Fransen und farbenfrohem Print. Dutch Design.\",\"breadcrumb\":{\"@id\":\"https:\/\/muchogusto.nl\/de\/produkt\/ucho-gusto-schal-kiev-fringes-riviera-spirit\/#breadcrumb\"},\"inLanguage\":\"de-DE\",\"potentialAction\":[{\"@type\":\"ReadAction\",\"target\":[\"https:\/\/muchogusto.nl\/de\/produkt\/ucho-gusto-schal-kiev-fringes-riviera-spirit\/\"]}]},{\"@type\":\"ImageObject\",\"inLanguage\":\"de-DE\",\"@id\":\"https:\/\/muchogusto.nl\/de\/produkt\/ucho-gusto-schal-kiev-fringes-riviera-spirit\/#primaryimage\",\"url\":\"https:\/\/muchogusto.nl\/wp-content\/uploads\/2025\/10\/S52-kiv-002-1-scaled.jpg\",\"contentUrl\":\"https:\/\/muchogusto.nl\/wp-content\/uploads\/2025\/10\/S52-kiv-002-1-scaled.jpg\",\"width\":1920,\"height\":2560,\"caption\":\"MUCHO GUSTO\u00ae Scarf Kiev Fringes Riviera Spirit\"},{\"@type\":\"BreadcrumbList\",\"@id\":\"https:\/\/muchogusto.nl\/de\/produkt\/ucho-gusto-schal-kiev-fringes-riviera-spirit\/#breadcrumb\",\"itemListElement\":[{\"@type\":\"ListItem\",\"position\":1,\"name\":\"Home\",\"item\":\"https:\/\/muchogusto.nl\/de\/\"},{\"@type\":\"ListItem\",\"position\":2,\"name\":\"Shop\",\"item\":\"https:\/\/muchogusto.nl\/de\/shop-2\/\"},{\"@type\":\"ListItem\",\"position\":3,\"name\":\"MUCHO GUSTO\u00ae Schal Kiev Fringes Riviera Spirit\"}]},{\"@type\":\"WebSite\",\"@id\":\"https:\/\/muchogusto.nl\/#website\",\"url\":\"https:\/\/muchogusto.nl\/\",\"name\":\"muchogusto.nl\",\"description\":\"\",\"publisher\":{\"@id\":\"https:\/\/muchogusto.nl\/#organization\"},\"potentialAction\":[{\"@type\":\"SearchAction\",\"target\":{\"@type\":\"EntryPoint\",\"urlTemplate\":\"https:\/\/muchogusto.nl\/?s={search_term_string}\"},\"query-input\":{\"@type\":\"PropertyValueSpecification\",\"valueRequired\":true,\"valueName\":\"search_term_string\"}}],\"inLanguage\":\"de-DE\"},{\"@type\":\"Organization\",\"@id\":\"https:\/\/muchogusto.nl\/#organization\",\"name\":\"Mucho Gusto\",\"url\":\"https:\/\/muchogusto.nl\/\",\"logo\":{\"@type\":\"ImageObject\",\"inLanguage\":\"de-DE\",\"@id\":\"https:\/\/muchogusto.nl\/#\/schema\/logo\/image\/\",\"url\":\"https:\/\/muchogusto.nl\/wp-content\/uploads\/2022\/08\/logo_header.svg\",\"contentUrl\":\"https:\/\/muchogusto.nl\/wp-content\/uploads\/2022\/08\/logo_header.svg\",\"caption\":\"Mucho Gusto\"},\"image\":{\"@id\":\"https:\/\/muchogusto.nl\/#\/schema\/logo\/image\/\"},\"sameAs\":[\"https:\/\/www.facebook.com\/muchogusto.nl\/\",\"https:\/\/www.instagram.com\/muchogusto.nl\/\"]}]}<\/script>\n<!-- \/ Yoast SEO Premium plugin. -->","yoast_head_json":{"title":"MUCHO GUSTO\u00ae Schal Kiev Fringes Riviera Spirit - Mucho Gusto","description":"Entdecken Sie den MUCHO GUSTO\u00ae Schal Kiev Fringes Riviera Spirit \u2013 ein 100% Seiden-Dreiecksschal mit goldenen Fransen und farbenfrohem Print. Dutch Design.","robots":{"index":"index","follow":"follow","max-snippet":"max-snippet:-1","max-image-preview":"max-image-preview:large","max-video-preview":"max-video-preview:-1"},"canonical":"https:\/\/muchogusto.nl\/de\/produkt\/ucho-gusto-schal-kiev-fringes-riviera-spirit\/","og_locale":"de_DE","og_type":"article","og_title":"MUCHO GUSTO\u00ae Schal Kiev Fringes Riviera Spirit","og_description":"Entdecken Sie den MUCHO GUSTO\u00ae Schal Kiev Fringes Riviera Spirit \u2013 ein 100% Seiden-Dreiecksschal mit goldenen Fransen und farbenfrohem Print. Dutch Design.","og_url":"https:\/\/muchogusto.nl\/de\/produkt\/ucho-gusto-schal-kiev-fringes-riviera-spirit\/","og_site_name":"Mucho Gusto","article_publisher":"https:\/\/www.facebook.com\/muchogusto.nl\/","article_modified_time":"2026-03-02T11:02:38+00:00","og_image":[{"width":1920,"height":2560,"url":"https:\/\/muchogusto.nl\/wp-content\/uploads\/2025\/10\/S52-kiv-002-1-scaled.jpg","type":"image\/jpeg"}],"twitter_card":"summary_large_image","twitter_misc":{"Est. reading time":"1 minute"},"schema":{"@context":"https:\/\/schema.org","@graph":[{"@type":"WebPage","@id":"https:\/\/muchogusto.nl\/de\/produkt\/ucho-gusto-schal-kiev-fringes-riviera-spirit\/","url":"https:\/\/muchogusto.nl\/de\/produkt\/ucho-gusto-schal-kiev-fringes-riviera-spirit\/","name":"MUCHO GUSTO\u00ae Schal Kiev Fringes Riviera Spirit - Mucho Gusto","isPartOf":{"@id":"https:\/\/muchogusto.nl\/#website"},"primaryImageOfPage":{"@id":"https:\/\/muchogusto.nl\/de\/produkt\/ucho-gusto-schal-kiev-fringes-riviera-spirit\/#primaryimage"},"image":{"@id":"https:\/\/muchogusto.nl\/de\/produkt\/ucho-gusto-schal-kiev-fringes-riviera-spirit\/#primaryimage"},"thumbnailUrl":"https:\/\/muchogusto.nl\/wp-content\/uploads\/2025\/10\/S52-kiv-002-1-scaled.jpg","datePublished":"2025-10-30T10:28:51+00:00","dateModified":"2026-03-02T11:02:38+00:00","description":"Entdecken Sie den MUCHO GUSTO\u00ae Schal Kiev Fringes Riviera Spirit \u2013 ein 100% Seiden-Dreiecksschal mit goldenen Fransen und farbenfrohem Print. Dutch Design.","breadcrumb":{"@id":"https:\/\/muchogusto.nl\/de\/produkt\/ucho-gusto-schal-kiev-fringes-riviera-spirit\/#breadcrumb"},"inLanguage":"de-DE","potentialAction":[{"@type":"ReadAction","target":["https:\/\/muchogusto.nl\/de\/produkt\/ucho-gusto-schal-kiev-fringes-riviera-spirit\/"]}]},{"@type":"ImageObject","inLanguage":"de-DE","@id":"https:\/\/muchogusto.nl\/de\/produkt\/ucho-gusto-schal-kiev-fringes-riviera-spirit\/#primaryimage","url":"https:\/\/muchogusto.nl\/wp-content\/uploads\/2025\/10\/S52-kiv-002-1-scaled.jpg","contentUrl":"https:\/\/muchogusto.nl\/wp-content\/uploads\/2025\/10\/S52-kiv-002-1-scaled.jpg","width":1920,"height":2560,"caption":"MUCHO GUSTO\u00ae Scarf Kiev Fringes Riviera Spirit"},{"@type":"BreadcrumbList","@id":"https:\/\/muchogusto.nl\/de\/produkt\/ucho-gusto-schal-kiev-fringes-riviera-spirit\/#breadcrumb","itemListElement":[{"@type":"ListItem","position":1,"name":"Home","item":"https:\/\/muchogusto.nl\/de\/"},{"@type":"ListItem","position":2,"name":"Shop","item":"https:\/\/muchogusto.nl\/de\/shop-2\/"},{"@type":"ListItem","position":3,"name":"MUCHO GUSTO\u00ae Schal Kiev Fringes Riviera Spirit"}]},{"@type":"WebSite","@id":"https:\/\/muchogusto.nl\/#website","url":"https:\/\/muchogusto.nl\/","name":"muchogusto.nl","description":"","publisher":{"@id":"https:\/\/muchogusto.nl\/#organization"},"potentialAction":[{"@type":"SearchAction","target":{"@type":"EntryPoint","urlTemplate":"https:\/\/muchogusto.nl\/?s={search_term_string}"},"query-input":{"@type":"PropertyValueSpecification","valueRequired":true,"valueName":"search_term_string"}}],"inLanguage":"de-DE"},{"@type":"Organization","@id":"https:\/\/muchogusto.nl\/#organization","name":"Mucho Gusto","url":"https:\/\/muchogusto.nl\/","logo":{"@type":"ImageObject","inLanguage":"de-DE","@id":"https:\/\/muchogusto.nl\/#\/schema\/logo\/image\/","url":"https:\/\/muchogusto.nl\/wp-content\/uploads\/2022\/08\/logo_header.svg","contentUrl":"https:\/\/muchogusto.nl\/wp-content\/uploads\/2022\/08\/logo_header.svg","caption":"Mucho Gusto"},"image":{"@id":"https:\/\/muchogusto.nl\/#\/schema\/logo\/image\/"},"sameAs":["https:\/\/www.facebook.com\/muchogusto.nl\/","https:\/\/www.instagram.com\/muchogusto.nl\/"]}]}},"_links":{"self":[{"href":"https:\/\/muchogusto.nl\/de\/wp-json\/wp\/v2\/product\/52459","targetHints":{"allow":["GET"]}}],"collection":[{"href":"https:\/\/muchogusto.nl\/de\/wp-json\/wp\/v2\/product"}],"about":[{"href":"https:\/\/muchogusto.nl\/de\/wp-json\/wp\/v2\/types\/product"}],"replies":[{"embeddable":true,"href":"https:\/\/muchogusto.nl\/de\/wp-json\/wp\/v2\/comments?post=52459"}],"wp:featuredmedia":[{"embeddable":true,"href":"https:\/\/muchogusto.nl\/de\/wp-json\/wp\/v2\/media\/52430"}],"wp:attachment":[{"href":"https:\/\/muchogusto.nl\/de\/wp-json\/wp\/v2\/media?parent=52459"}],"wp:term":[{"taxonomy":"product_brand","embeddable":true,"href":"https:\/\/muchogusto.nl\/de\/wp-json\/wp\/v2\/product_brand?post=52459"},{"taxonomy":"product_cat","embeddable":true,"href":"https:\/\/muchogusto.nl\/de\/wp-json\/wp\/v2\/product_cat?post=52459"},{"taxonomy":"product_tag","embeddable":true,"href":"https:\/\/muchogusto.nl\/de\/wp-json\/wp\/v2\/product_tag?post=52459"}],"curies":[{"name":"wp","href":"https:\/\/api.w.org\/{rel}","templated":true}]}}