{"id":51907,"date":"2025-10-27T14:53:30","date_gmt":"2025-10-27T13:53:30","guid":{"rendered":"https:\/\/muchogusto.nl\/product\/mucho-gusto-scarf-st-tropez-leopards-orange\/"},"modified":"2026-03-02T12:02:38","modified_gmt":"2026-03-02T11:02:38","slug":"mucho-gusto-scarf-st-tropez-leopards-orange","status":"publish","type":"product","link":"https:\/\/muchogusto.nl\/de\/produkt\/mucho-gusto-scarf-st-tropez-leopards-orange\/","title":{"rendered":"MUCHO GUSTO\u00ae Scarf St. Tropez Leopards Orange"},"content":{"rendered":"<h3 data-start=\"1903\" data-end=\"1923\">PRODUCTDETAILS<\/h3>\n<p data-start=\"1924\" data-end=\"1975\"><strong data-start=\"1924\" data-end=\"1973\">MUCHO GUSTO\u00ae Schal St. Tropez Leopards Orange<\/strong><\/p>\n<p data-start=\"1977\" data-end=\"2299\">Bringen Sie Farbe und Charakter in Ihren Look mit dem MUCHO GUSTO\u00ae Schal St. Tropez Leopards Orange \u2014 ein luxuri\u00f6ses Viskose-Accessoire, das Lebendigkeit und Eleganz vereint. Der kr\u00e4ftige Orangeton bildet den perfekten Hintergrund f\u00fcr das verspielte Leopardenmuster und verleiht jedem Outfit einen Hauch von Extravaganz.<\/p>\n<p data-start=\"2301\" data-end=\"2685\">Gefertigt aus 100% Viskose, f\u00e4llt dieser dreieckige Schal weich, leicht und angenehm auf der Haut. Dank seiner gro\u00dfz\u00fcgigen Gr\u00f6\u00dfe l\u00e4sst er sich vielseitig stylen \u2014 locker um die Schultern, elegant geknotet oder l\u00e4ssig \u00fcber einem Mantel getragen. Dar\u00fcber hinaus spiegelt der Schal die sonnige Atmosph\u00e4re von St. Tropez wider, kombiniert mit der zeitlosen Raffinesse des Dutch Designs.<\/p>\n<p data-start=\"2687\" data-end=\"2898\"><strong data-start=\"2687\" data-end=\"2703\">Dutch Design<\/strong><br data-start=\"2703\" data-end=\"2706\" \/><strong data-start=\"2706\" data-end=\"2719\">Material:<\/strong> 100% Viskose<br data-start=\"2732\" data-end=\"2735\" \/><strong data-start=\"2735\" data-end=\"2751\">Abmessungen:<\/strong> 220 x 140 x 140 cm<br data-start=\"2770\" data-end=\"2773\" \/><strong data-start=\"2773\" data-end=\"2782\">Form:<\/strong> Dreieckig<br data-start=\"2792\" data-end=\"2795\" \/><strong data-start=\"2795\" data-end=\"2806\">Design:<\/strong> Leopardenmuster auf lebhaftem Orangeton<br data-start=\"2846\" data-end=\"2849\" \/><strong data-start=\"2849\" data-end=\"2865\">Farbpalette:<\/strong> Orange, Beige, Braun &amp; Schwarz<\/p>\n<h3>PASSENDE ARTIKEL<\/h3>\n<div class=\"markdown prose w-full break-words dark:prose-invert light\">\n<p class=\"p1\"><span class=\"s1\">Vervollst\u00e4ndigen Sie Ihren Look mit einer passenden\u00a0<a href=\"https:\/\/muchogusto.nl\/de\/blusen\/\"><span class=\"s2\">Bluse.<\/span><\/a><br \/>\n<\/span><span class=\"s1\">M\u00f6chten Sie mehr Schals sehen? Dann schauen Sie sich unsere\u00a0<\/span><a href=\"https:\/\/muchogusto.nl\/de\/schals\/\">Schals und Seidentucher<\/a>\u00a0<span class=\"s1\">an.<br \/>\n<\/span><span class=\"s1\">M\u00f6chten Sie mehr Inspiration? Dann besuchen Sie unsere\u00a0<a href=\"http:\/\/instagram.com\/muchogusto.nl\"><span class=\"s2\">Instagram-Seite<\/span><\/a>.\u00a0<\/span><\/p>\n<\/div>\n<h3 data-start=\"3217\" data-end=\"3242\">BRAUCHEN SIE HILFE?<\/h3>\n<p data-start=\"3243\" data-end=\"3375\">Wenn Sie Fragen zu diesem Artikel oder zur Gr\u00f6\u00dfe haben, wenden Sie sich bitte an unser Customer Care Team unter <a class=\"decorated-link cursor-pointer\" rel=\"noopener\" data-start=\"3355\" data-end=\"3372\">web@muchogusto.nl<\/a>.<\/p>\n","protected":false},"excerpt":{"rendered":"<p>PRODUCTDETAILS MUCHO GUSTO\u00ae Schal St. Tropez Leopards Orange Bringen Sie Farbe und Charakter in Ihren Look mit dem MUCHO GUSTO\u00ae Schal St. Tropez Leopards Orange \u2014 ein luxuri\u00f6ses Viskose-Accessoire, das Lebendigkeit und Eleganz vereint. Der kr\u00e4ftige Orangeton bildet den perfekten Hintergrund f\u00fcr das verspielte Leopardenmuster und verleiht jedem Outfit einen Hauch von Extravaganz. Gefertigt aus [&hellip;]<\/p>\n","protected":false},"featured_media":51903,"comment_status":"open","ping_status":"closed","template":"","meta":{"_acf_changed":false,"inline_featured_image":false,"navigation_state":false,"_genesis_hide_title":false,"_genesis_hide_breadcrumbs":false,"_genesis_hide_singular_image":false,"_genesis_hide_footer_widgets":false,"_genesis_custom_body_class":"","_genesis_custom_post_class":"","_genesis_layout":""},"product_brand":[],"product_cat":[87],"product_tag":[],"class_list":{"0":"post-51907","1":"product","2":"type-product","3":"status-publish","4":"has-post-thumbnail","6":"product_cat-schals","7":"entry","9":"first","10":"instock","11":"sale","12":"taxable","13":"shipping-taxable","14":"purchasable","15":"product-type-simple"},"acf":[],"yoast_head":"<!-- This site is optimized with the Yoast SEO Premium plugin v27.2 (Yoast SEO v27.2) - https:\/\/yoast.com\/product\/yoast-seo-premium-wordpress\/ -->\n<title>MUCHO GUSTO\u00ae Scarf St. Tropez Leopards Orange - Mucho Gusto<\/title>\n<meta name=\"description\" content=\"Entdecken Sie das MUCHO GUSTO\u00ae Schal St. Tropez Leopards Orange \u2014 ein 100% Viskose Dreiecksschal mit lebhaftem Leopardenmuster. Dutch Design trifft Eleganz.\" \/>\n<meta name=\"robots\" content=\"index, follow, max-snippet:-1, max-image-preview:large, max-video-preview:-1\" \/>\n<link rel=\"canonical\" href=\"https:\/\/muchogusto.nl\/de\/produkt\/mucho-gusto-scarf-st-tropez-leopards-orange\/\" \/>\n<meta property=\"og:locale\" content=\"de_DE\" \/>\n<meta property=\"og:type\" content=\"article\" \/>\n<meta property=\"og:title\" content=\"MUCHO GUSTO\u00ae Scarf St. Tropez Leopards Orange\" \/>\n<meta property=\"og:description\" content=\"Entdecken Sie das MUCHO GUSTO\u00ae Schal St. Tropez Leopards Orange \u2014 ein 100% Viskose Dreiecksschal mit lebhaftem Leopardenmuster. Dutch Design trifft Eleganz.\" \/>\n<meta property=\"og:url\" content=\"https:\/\/muchogusto.nl\/de\/produkt\/mucho-gusto-scarf-st-tropez-leopards-orange\/\" \/>\n<meta property=\"og:site_name\" content=\"Mucho Gusto\" \/>\n<meta property=\"article:publisher\" content=\"https:\/\/www.facebook.com\/muchogusto.nl\/\" \/>\n<meta property=\"article:modified_time\" content=\"2026-03-02T11:02:38+00:00\" \/>\n<meta property=\"og:image\" content=\"https:\/\/muchogusto.nl\/wp-content\/uploads\/2025\/10\/Zonder-titel-2500-x-3333-px-26-scaled.jpg\" \/>\n\t<meta property=\"og:image:width\" content=\"1920\" \/>\n\t<meta property=\"og:image:height\" content=\"2560\" \/>\n\t<meta property=\"og:image:type\" content=\"image\/jpeg\" \/>\n<meta name=\"twitter:card\" content=\"summary_large_image\" \/>\n<meta name=\"twitter:label1\" content=\"Est. reading time\" \/>\n\t<meta name=\"twitter:data1\" content=\"2 minutes\" \/>\n<script type=\"application\/ld+json\" class=\"yoast-schema-graph\">{\"@context\":\"https:\/\/schema.org\",\"@graph\":[{\"@type\":\"WebPage\",\"@id\":\"https:\/\/muchogusto.nl\/de\/produkt\/mucho-gusto-scarf-st-tropez-leopards-orange\/\",\"url\":\"https:\/\/muchogusto.nl\/de\/produkt\/mucho-gusto-scarf-st-tropez-leopards-orange\/\",\"name\":\"MUCHO GUSTO\u00ae Scarf St. Tropez Leopards Orange - Mucho Gusto\",\"isPartOf\":{\"@id\":\"https:\/\/muchogusto.nl\/#website\"},\"primaryImageOfPage\":{\"@id\":\"https:\/\/muchogusto.nl\/de\/produkt\/mucho-gusto-scarf-st-tropez-leopards-orange\/#primaryimage\"},\"image\":{\"@id\":\"https:\/\/muchogusto.nl\/de\/produkt\/mucho-gusto-scarf-st-tropez-leopards-orange\/#primaryimage\"},\"thumbnailUrl\":\"https:\/\/muchogusto.nl\/wp-content\/uploads\/2025\/10\/Zonder-titel-2500-x-3333-px-26-scaled.jpg\",\"datePublished\":\"2025-10-27T13:53:30+00:00\",\"dateModified\":\"2026-03-02T11:02:38+00:00\",\"description\":\"Entdecken Sie das MUCHO GUSTO\u00ae Schal St. Tropez Leopards Orange \u2014 ein 100% Viskose Dreiecksschal mit lebhaftem Leopardenmuster. Dutch Design trifft Eleganz.\",\"breadcrumb\":{\"@id\":\"https:\/\/muchogusto.nl\/de\/produkt\/mucho-gusto-scarf-st-tropez-leopards-orange\/#breadcrumb\"},\"inLanguage\":\"de-DE\",\"potentialAction\":[{\"@type\":\"ReadAction\",\"target\":[\"https:\/\/muchogusto.nl\/de\/produkt\/mucho-gusto-scarf-st-tropez-leopards-orange\/\"]}]},{\"@type\":\"ImageObject\",\"inLanguage\":\"de-DE\",\"@id\":\"https:\/\/muchogusto.nl\/de\/produkt\/mucho-gusto-scarf-st-tropez-leopards-orange\/#primaryimage\",\"url\":\"https:\/\/muchogusto.nl\/wp-content\/uploads\/2025\/10\/Zonder-titel-2500-x-3333-px-26-scaled.jpg\",\"contentUrl\":\"https:\/\/muchogusto.nl\/wp-content\/uploads\/2025\/10\/Zonder-titel-2500-x-3333-px-26-scaled.jpg\",\"width\":1920,\"height\":2560,\"caption\":\"MUCHO GUSTO\u00ae Scarf St. Tropez Leopards Orange\"},{\"@type\":\"BreadcrumbList\",\"@id\":\"https:\/\/muchogusto.nl\/de\/produkt\/mucho-gusto-scarf-st-tropez-leopards-orange\/#breadcrumb\",\"itemListElement\":[{\"@type\":\"ListItem\",\"position\":1,\"name\":\"Home\",\"item\":\"https:\/\/muchogusto.nl\/de\/\"},{\"@type\":\"ListItem\",\"position\":2,\"name\":\"Shop\",\"item\":\"https:\/\/muchogusto.nl\/de\/shop-2\/\"},{\"@type\":\"ListItem\",\"position\":3,\"name\":\"MUCHO GUSTO\u00ae Scarf St. Tropez Leopards Orange\"}]},{\"@type\":\"WebSite\",\"@id\":\"https:\/\/muchogusto.nl\/#website\",\"url\":\"https:\/\/muchogusto.nl\/\",\"name\":\"muchogusto.nl\",\"description\":\"\",\"publisher\":{\"@id\":\"https:\/\/muchogusto.nl\/#organization\"},\"potentialAction\":[{\"@type\":\"SearchAction\",\"target\":{\"@type\":\"EntryPoint\",\"urlTemplate\":\"https:\/\/muchogusto.nl\/?s={search_term_string}\"},\"query-input\":{\"@type\":\"PropertyValueSpecification\",\"valueRequired\":true,\"valueName\":\"search_term_string\"}}],\"inLanguage\":\"de-DE\"},{\"@type\":\"Organization\",\"@id\":\"https:\/\/muchogusto.nl\/#organization\",\"name\":\"Mucho Gusto\",\"url\":\"https:\/\/muchogusto.nl\/\",\"logo\":{\"@type\":\"ImageObject\",\"inLanguage\":\"de-DE\",\"@id\":\"https:\/\/muchogusto.nl\/#\/schema\/logo\/image\/\",\"url\":\"https:\/\/muchogusto.nl\/wp-content\/uploads\/2022\/08\/logo_header.svg\",\"contentUrl\":\"https:\/\/muchogusto.nl\/wp-content\/uploads\/2022\/08\/logo_header.svg\",\"caption\":\"Mucho Gusto\"},\"image\":{\"@id\":\"https:\/\/muchogusto.nl\/#\/schema\/logo\/image\/\"},\"sameAs\":[\"https:\/\/www.facebook.com\/muchogusto.nl\/\",\"https:\/\/www.instagram.com\/muchogusto.nl\/\"]}]}<\/script>\n<!-- \/ Yoast SEO Premium plugin. -->","yoast_head_json":{"title":"MUCHO GUSTO\u00ae Scarf St. Tropez Leopards Orange - Mucho Gusto","description":"Entdecken Sie das MUCHO GUSTO\u00ae Schal St. Tropez Leopards Orange \u2014 ein 100% Viskose Dreiecksschal mit lebhaftem Leopardenmuster. Dutch Design trifft Eleganz.","robots":{"index":"index","follow":"follow","max-snippet":"max-snippet:-1","max-image-preview":"max-image-preview:large","max-video-preview":"max-video-preview:-1"},"canonical":"https:\/\/muchogusto.nl\/de\/produkt\/mucho-gusto-scarf-st-tropez-leopards-orange\/","og_locale":"de_DE","og_type":"article","og_title":"MUCHO GUSTO\u00ae Scarf St. Tropez Leopards Orange","og_description":"Entdecken Sie das MUCHO GUSTO\u00ae Schal St. Tropez Leopards Orange \u2014 ein 100% Viskose Dreiecksschal mit lebhaftem Leopardenmuster. Dutch Design trifft Eleganz.","og_url":"https:\/\/muchogusto.nl\/de\/produkt\/mucho-gusto-scarf-st-tropez-leopards-orange\/","og_site_name":"Mucho Gusto","article_publisher":"https:\/\/www.facebook.com\/muchogusto.nl\/","article_modified_time":"2026-03-02T11:02:38+00:00","og_image":[{"width":1920,"height":2560,"url":"https:\/\/muchogusto.nl\/wp-content\/uploads\/2025\/10\/Zonder-titel-2500-x-3333-px-26-scaled.jpg","type":"image\/jpeg"}],"twitter_card":"summary_large_image","twitter_misc":{"Est. reading time":"2 minutes"},"schema":{"@context":"https:\/\/schema.org","@graph":[{"@type":"WebPage","@id":"https:\/\/muchogusto.nl\/de\/produkt\/mucho-gusto-scarf-st-tropez-leopards-orange\/","url":"https:\/\/muchogusto.nl\/de\/produkt\/mucho-gusto-scarf-st-tropez-leopards-orange\/","name":"MUCHO GUSTO\u00ae Scarf St. Tropez Leopards Orange - Mucho Gusto","isPartOf":{"@id":"https:\/\/muchogusto.nl\/#website"},"primaryImageOfPage":{"@id":"https:\/\/muchogusto.nl\/de\/produkt\/mucho-gusto-scarf-st-tropez-leopards-orange\/#primaryimage"},"image":{"@id":"https:\/\/muchogusto.nl\/de\/produkt\/mucho-gusto-scarf-st-tropez-leopards-orange\/#primaryimage"},"thumbnailUrl":"https:\/\/muchogusto.nl\/wp-content\/uploads\/2025\/10\/Zonder-titel-2500-x-3333-px-26-scaled.jpg","datePublished":"2025-10-27T13:53:30+00:00","dateModified":"2026-03-02T11:02:38+00:00","description":"Entdecken Sie das MUCHO GUSTO\u00ae Schal St. Tropez Leopards Orange \u2014 ein 100% Viskose Dreiecksschal mit lebhaftem Leopardenmuster. Dutch Design trifft Eleganz.","breadcrumb":{"@id":"https:\/\/muchogusto.nl\/de\/produkt\/mucho-gusto-scarf-st-tropez-leopards-orange\/#breadcrumb"},"inLanguage":"de-DE","potentialAction":[{"@type":"ReadAction","target":["https:\/\/muchogusto.nl\/de\/produkt\/mucho-gusto-scarf-st-tropez-leopards-orange\/"]}]},{"@type":"ImageObject","inLanguage":"de-DE","@id":"https:\/\/muchogusto.nl\/de\/produkt\/mucho-gusto-scarf-st-tropez-leopards-orange\/#primaryimage","url":"https:\/\/muchogusto.nl\/wp-content\/uploads\/2025\/10\/Zonder-titel-2500-x-3333-px-26-scaled.jpg","contentUrl":"https:\/\/muchogusto.nl\/wp-content\/uploads\/2025\/10\/Zonder-titel-2500-x-3333-px-26-scaled.jpg","width":1920,"height":2560,"caption":"MUCHO GUSTO\u00ae Scarf St. Tropez Leopards Orange"},{"@type":"BreadcrumbList","@id":"https:\/\/muchogusto.nl\/de\/produkt\/mucho-gusto-scarf-st-tropez-leopards-orange\/#breadcrumb","itemListElement":[{"@type":"ListItem","position":1,"name":"Home","item":"https:\/\/muchogusto.nl\/de\/"},{"@type":"ListItem","position":2,"name":"Shop","item":"https:\/\/muchogusto.nl\/de\/shop-2\/"},{"@type":"ListItem","position":3,"name":"MUCHO GUSTO\u00ae Scarf St. Tropez Leopards Orange"}]},{"@type":"WebSite","@id":"https:\/\/muchogusto.nl\/#website","url":"https:\/\/muchogusto.nl\/","name":"muchogusto.nl","description":"","publisher":{"@id":"https:\/\/muchogusto.nl\/#organization"},"potentialAction":[{"@type":"SearchAction","target":{"@type":"EntryPoint","urlTemplate":"https:\/\/muchogusto.nl\/?s={search_term_string}"},"query-input":{"@type":"PropertyValueSpecification","valueRequired":true,"valueName":"search_term_string"}}],"inLanguage":"de-DE"},{"@type":"Organization","@id":"https:\/\/muchogusto.nl\/#organization","name":"Mucho Gusto","url":"https:\/\/muchogusto.nl\/","logo":{"@type":"ImageObject","inLanguage":"de-DE","@id":"https:\/\/muchogusto.nl\/#\/schema\/logo\/image\/","url":"https:\/\/muchogusto.nl\/wp-content\/uploads\/2022\/08\/logo_header.svg","contentUrl":"https:\/\/muchogusto.nl\/wp-content\/uploads\/2022\/08\/logo_header.svg","caption":"Mucho Gusto"},"image":{"@id":"https:\/\/muchogusto.nl\/#\/schema\/logo\/image\/"},"sameAs":["https:\/\/www.facebook.com\/muchogusto.nl\/","https:\/\/www.instagram.com\/muchogusto.nl\/"]}]}},"_links":{"self":[{"href":"https:\/\/muchogusto.nl\/de\/wp-json\/wp\/v2\/product\/51907","targetHints":{"allow":["GET"]}}],"collection":[{"href":"https:\/\/muchogusto.nl\/de\/wp-json\/wp\/v2\/product"}],"about":[{"href":"https:\/\/muchogusto.nl\/de\/wp-json\/wp\/v2\/types\/product"}],"replies":[{"embeddable":true,"href":"https:\/\/muchogusto.nl\/de\/wp-json\/wp\/v2\/comments?post=51907"}],"wp:featuredmedia":[{"embeddable":true,"href":"https:\/\/muchogusto.nl\/de\/wp-json\/wp\/v2\/media\/51903"}],"wp:attachment":[{"href":"https:\/\/muchogusto.nl\/de\/wp-json\/wp\/v2\/media?parent=51907"}],"wp:term":[{"taxonomy":"product_brand","embeddable":true,"href":"https:\/\/muchogusto.nl\/de\/wp-json\/wp\/v2\/product_brand?post=51907"},{"taxonomy":"product_cat","embeddable":true,"href":"https:\/\/muchogusto.nl\/de\/wp-json\/wp\/v2\/product_cat?post=51907"},{"taxonomy":"product_tag","embeddable":true,"href":"https:\/\/muchogusto.nl\/de\/wp-json\/wp\/v2\/product_tag?post=51907"}],"curies":[{"name":"wp","href":"https:\/\/api.w.org\/{rel}","templated":true}]}}