{"id":51580,"date":"2025-10-22T09:24:29","date_gmt":"2025-10-22T07:24:29","guid":{"rendered":"https:\/\/muchogusto.nl\/product\/mucho-gusto-scarf-firenze-velvet-horizon\/"},"modified":"2026-03-02T12:02:38","modified_gmt":"2026-03-02T11:02:38","slug":"mucho-gusto-schal-firenze-velvet-horizon","status":"publish","type":"product","link":"https:\/\/muchogusto.nl\/de\/produkt\/mucho-gusto-schal-firenze-velvet-horizon\/","title":{"rendered":"MUCHO GUSTO\u00ae Schal Firenze Velvet Horizon"},"content":{"rendered":"<h3>DETAILS ZUM PRODUKT<\/h3>\n<p data-start=\"211\" data-end=\"256\"><strong data-start=\"211\" data-end=\"256\">MUCHO GUSTO\u00ae Schal Firenze Velvet Horizon<\/strong><\/p>\n<p data-start=\"258\" data-end=\"694\">Tauchen Sie ein in elegante Raffinesse mit dem <strong data-start=\"305\" data-end=\"350\">MUCHO GUSTO\u00ae Schal Firenze Velvet Horizon<\/strong> \u2014 ein luxuri\u00f6ses Accessoire, das Komfort und Stil harmonisch vereint. Die feine Mischung aus Baumwolle und Modal f\u00fchlt sich angenehm weich auf der Haut an und bietet ein leichtes, geschmeidiges Tragegef\u00fchl. Dank des gro\u00dfz\u00fcgigen quadratischen Formats l\u00e4sst sich der Schal vielseitig stylen \u2014 leger \u00fcber die Schultern oder elegant um den Hals.<\/p>\n<p data-start=\"696\" data-end=\"1082\">Das Design ist inspiriert von den warmen Sonnenuntergangsfarben von Florenz. Tiefe Bronze-, Violett- und Korallt\u00f6ne verschmelzen zu einer harmonischen Komposition, die jedem Outfit Ausdruck verleiht. Zudem verleihen die feinen Fransen einen femininen und modernen Akzent. Dieser Schal ist die perfekte Wahl f\u00fcr alle, die zeitlose Klasse mit einem Hauch von italienischem Flair lieben.<\/p>\n<p data-start=\"1084\" data-end=\"1323\"><strong data-start=\"1084\" data-end=\"1100\">Dutch Design<\/strong><br data-start=\"1100\" data-end=\"1103\" \/><strong data-start=\"1103\" data-end=\"1116\">Material:<\/strong> 50% Baumwolle 50% Modal<br data-start=\"1140\" data-end=\"1143\" \/><strong data-start=\"1143\" data-end=\"1152\">Ma\u00dfe:<\/strong> 140 x 140 cm<br data-start=\"1165\" data-end=\"1168\" \/><strong data-start=\"1168\" data-end=\"1177\">Form:<\/strong> Quadratisch<br data-start=\"1189\" data-end=\"1192\" \/><strong data-start=\"1192\" data-end=\"1203\">Design:<\/strong> Mischung aus Bronze, Violett und Koralle mit feinen Fransen<br data-start=\"1263\" data-end=\"1266\" \/><strong data-start=\"1266\" data-end=\"1282\">Farbpalette:<\/strong> Warme Violett-, Bronze- und Korallt\u00f6ne<\/p>\n<h3 data-start=\"227\" data-end=\"265\">PASSENDE ARTIKEL<\/h3>\n<div class=\"markdown prose w-full break-words dark:prose-invert light\">\n<p class=\"p1\"><span class=\"s1\">Vervollst\u00e4ndigen Sie Ihren Look mit einer passenden\u00a0<a href=\"https:\/\/muchogusto.nl\/de\/blusen\/\"><span class=\"s2\">Bluse.<\/span><\/a><br \/>\n<\/span><span class=\"s1\">M\u00f6chten Sie mehr Schals sehen? Dann schauen Sie sich unsere\u00a0<\/span><a href=\"https:\/\/muchogusto.nl\/de\/schals\/\">Schals und Seidentucher<\/a>\u00a0<span class=\"s1\">an.<br \/>\n<\/span><span class=\"s1\">M\u00f6chten Sie mehr Inspiration? Dann besuchen Sie unsere\u00a0<a href=\"http:\/\/instagram.com\/muchogusto.nl\"><span class=\"s2\">Instagram-Seite<\/span><\/a>.\u00a0<\/span><\/p>\n<h3>BRAUCHEN SIE HILFE?<\/h3>\n<p>Wenn Sie Fragen zu diesem Artikel oder der Gr\u00f6\u00dfe haben, senden Sie eine E-Mail an unseren Kundenservice unter\u00a0<a href=\"mailto:web@muchogusto.nl\"><span class=\"s2\">web@muchogusto.nl<\/span><\/a><\/p>\n<\/div>\n","protected":false},"excerpt":{"rendered":"<p>DETAILS ZUM PRODUKT MUCHO GUSTO\u00ae Schal Firenze Velvet Horizon Tauchen Sie ein in elegante Raffinesse mit dem MUCHO GUSTO\u00ae Schal Firenze Velvet Horizon \u2014 ein luxuri\u00f6ses Accessoire, das Komfort und Stil harmonisch vereint. Die feine Mischung aus Baumwolle und Modal f\u00fchlt sich angenehm weich auf der Haut an und bietet ein leichtes, geschmeidiges Tragegef\u00fchl. Dank [&hellip;]<\/p>\n","protected":false},"featured_media":51575,"comment_status":"open","ping_status":"closed","template":"","meta":{"_acf_changed":false,"inline_featured_image":false,"navigation_state":false,"_genesis_hide_title":false,"_genesis_hide_breadcrumbs":false,"_genesis_hide_singular_image":false,"_genesis_hide_footer_widgets":false,"_genesis_custom_body_class":"","_genesis_custom_post_class":"","_genesis_layout":""},"product_brand":[],"product_cat":[87],"product_tag":[],"class_list":{"0":"post-51580","1":"product","2":"type-product","3":"status-publish","4":"has-post-thumbnail","6":"product_cat-schals","7":"entry","9":"first","10":"instock","11":"taxable","12":"shipping-taxable","13":"purchasable","14":"product-type-simple"},"acf":[],"yoast_head":"<!-- This site is optimized with the Yoast SEO Premium plugin v27.2 (Yoast SEO v27.2) - https:\/\/yoast.com\/product\/yoast-seo-premium-wordpress\/ -->\n<title>MUCHO GUSTO\u00ae Schal Firenze Velvet Horizon - Mucho Gusto<\/title>\n<meta name=\"description\" content=\"Discover the MUCHO GUSTO\u00ae Scarf Firenze Velvet Horizon \u2014 a cotton-modal square scarf with a bronze and violet print. Dutch Design.\" \/>\n<meta name=\"robots\" content=\"index, follow, max-snippet:-1, max-image-preview:large, max-video-preview:-1\" \/>\n<link rel=\"canonical\" href=\"https:\/\/muchogusto.nl\/de\/produkt\/mucho-gusto-schal-firenze-velvet-horizon\/\" \/>\n<meta property=\"og:locale\" content=\"de_DE\" \/>\n<meta property=\"og:type\" content=\"article\" \/>\n<meta property=\"og:title\" content=\"MUCHO GUSTO\u00ae Schal Firenze Velvet Horizon\" \/>\n<meta property=\"og:description\" content=\"Discover the MUCHO GUSTO\u00ae Scarf Firenze Velvet Horizon \u2014 a cotton-modal square scarf with a bronze and violet print. Dutch Design.\" \/>\n<meta property=\"og:url\" content=\"https:\/\/muchogusto.nl\/de\/produkt\/mucho-gusto-schal-firenze-velvet-horizon\/\" \/>\n<meta property=\"og:site_name\" content=\"Mucho Gusto\" \/>\n<meta property=\"article:publisher\" content=\"https:\/\/www.facebook.com\/muchogusto.nl\/\" \/>\n<meta property=\"article:modified_time\" content=\"2026-03-02T11:02:38+00:00\" \/>\n<meta property=\"og:image\" content=\"https:\/\/muchogusto.nl\/wp-content\/uploads\/2025\/10\/Zonder-titel-2500-x-3333-px-17-scaled.jpg\" \/>\n\t<meta property=\"og:image:width\" content=\"1920\" \/>\n\t<meta property=\"og:image:height\" content=\"2560\" \/>\n\t<meta property=\"og:image:type\" content=\"image\/jpeg\" \/>\n<meta name=\"twitter:card\" content=\"summary_large_image\" \/>\n<meta name=\"twitter:label1\" content=\"Est. reading time\" \/>\n\t<meta name=\"twitter:data1\" content=\"2 minutes\" \/>\n<script type=\"application\/ld+json\" class=\"yoast-schema-graph\">{\"@context\":\"https:\/\/schema.org\",\"@graph\":[{\"@type\":\"WebPage\",\"@id\":\"https:\/\/muchogusto.nl\/de\/produkt\/mucho-gusto-schal-firenze-velvet-horizon\/\",\"url\":\"https:\/\/muchogusto.nl\/de\/produkt\/mucho-gusto-schal-firenze-velvet-horizon\/\",\"name\":\"MUCHO GUSTO\u00ae Schal Firenze Velvet Horizon - Mucho Gusto\",\"isPartOf\":{\"@id\":\"https:\/\/muchogusto.nl\/#website\"},\"primaryImageOfPage\":{\"@id\":\"https:\/\/muchogusto.nl\/de\/produkt\/mucho-gusto-schal-firenze-velvet-horizon\/#primaryimage\"},\"image\":{\"@id\":\"https:\/\/muchogusto.nl\/de\/produkt\/mucho-gusto-schal-firenze-velvet-horizon\/#primaryimage\"},\"thumbnailUrl\":\"https:\/\/muchogusto.nl\/wp-content\/uploads\/2025\/10\/Zonder-titel-2500-x-3333-px-17-scaled.jpg\",\"datePublished\":\"2025-10-22T07:24:29+00:00\",\"dateModified\":\"2026-03-02T11:02:38+00:00\",\"description\":\"Discover the MUCHO GUSTO\u00ae Scarf Firenze Velvet Horizon \u2014 a cotton-modal square scarf with a bronze and violet print. Dutch Design.\",\"breadcrumb\":{\"@id\":\"https:\/\/muchogusto.nl\/de\/produkt\/mucho-gusto-schal-firenze-velvet-horizon\/#breadcrumb\"},\"inLanguage\":\"de-DE\",\"potentialAction\":[{\"@type\":\"ReadAction\",\"target\":[\"https:\/\/muchogusto.nl\/de\/produkt\/mucho-gusto-schal-firenze-velvet-horizon\/\"]}]},{\"@type\":\"ImageObject\",\"inLanguage\":\"de-DE\",\"@id\":\"https:\/\/muchogusto.nl\/de\/produkt\/mucho-gusto-schal-firenze-velvet-horizon\/#primaryimage\",\"url\":\"https:\/\/muchogusto.nl\/wp-content\/uploads\/2025\/10\/Zonder-titel-2500-x-3333-px-17-scaled.jpg\",\"contentUrl\":\"https:\/\/muchogusto.nl\/wp-content\/uploads\/2025\/10\/Zonder-titel-2500-x-3333-px-17-scaled.jpg\",\"width\":1920,\"height\":2560,\"caption\":\"MUCHO GUSTO\u00ae Schal Firenze Velvet Horizon\"},{\"@type\":\"BreadcrumbList\",\"@id\":\"https:\/\/muchogusto.nl\/de\/produkt\/mucho-gusto-schal-firenze-velvet-horizon\/#breadcrumb\",\"itemListElement\":[{\"@type\":\"ListItem\",\"position\":1,\"name\":\"Home\",\"item\":\"https:\/\/muchogusto.nl\/de\/\"},{\"@type\":\"ListItem\",\"position\":2,\"name\":\"Shop\",\"item\":\"https:\/\/muchogusto.nl\/de\/shop-2\/\"},{\"@type\":\"ListItem\",\"position\":3,\"name\":\"MUCHO GUSTO\u00ae Schal Firenze Velvet Horizon\"}]},{\"@type\":\"WebSite\",\"@id\":\"https:\/\/muchogusto.nl\/#website\",\"url\":\"https:\/\/muchogusto.nl\/\",\"name\":\"muchogusto.nl\",\"description\":\"\",\"publisher\":{\"@id\":\"https:\/\/muchogusto.nl\/#organization\"},\"potentialAction\":[{\"@type\":\"SearchAction\",\"target\":{\"@type\":\"EntryPoint\",\"urlTemplate\":\"https:\/\/muchogusto.nl\/?s={search_term_string}\"},\"query-input\":{\"@type\":\"PropertyValueSpecification\",\"valueRequired\":true,\"valueName\":\"search_term_string\"}}],\"inLanguage\":\"de-DE\"},{\"@type\":\"Organization\",\"@id\":\"https:\/\/muchogusto.nl\/#organization\",\"name\":\"Mucho Gusto\",\"url\":\"https:\/\/muchogusto.nl\/\",\"logo\":{\"@type\":\"ImageObject\",\"inLanguage\":\"de-DE\",\"@id\":\"https:\/\/muchogusto.nl\/#\/schema\/logo\/image\/\",\"url\":\"https:\/\/muchogusto.nl\/wp-content\/uploads\/2022\/08\/logo_header.svg\",\"contentUrl\":\"https:\/\/muchogusto.nl\/wp-content\/uploads\/2022\/08\/logo_header.svg\",\"caption\":\"Mucho Gusto\"},\"image\":{\"@id\":\"https:\/\/muchogusto.nl\/#\/schema\/logo\/image\/\"},\"sameAs\":[\"https:\/\/www.facebook.com\/muchogusto.nl\/\",\"https:\/\/www.instagram.com\/muchogusto.nl\/\"]}]}<\/script>\n<!-- \/ Yoast SEO Premium plugin. -->","yoast_head_json":{"title":"MUCHO GUSTO\u00ae Schal Firenze Velvet Horizon - Mucho Gusto","description":"Discover the MUCHO GUSTO\u00ae Scarf Firenze Velvet Horizon \u2014 a cotton-modal square scarf with a bronze and violet print. Dutch Design.","robots":{"index":"index","follow":"follow","max-snippet":"max-snippet:-1","max-image-preview":"max-image-preview:large","max-video-preview":"max-video-preview:-1"},"canonical":"https:\/\/muchogusto.nl\/de\/produkt\/mucho-gusto-schal-firenze-velvet-horizon\/","og_locale":"de_DE","og_type":"article","og_title":"MUCHO GUSTO\u00ae Schal Firenze Velvet Horizon","og_description":"Discover the MUCHO GUSTO\u00ae Scarf Firenze Velvet Horizon \u2014 a cotton-modal square scarf with a bronze and violet print. Dutch Design.","og_url":"https:\/\/muchogusto.nl\/de\/produkt\/mucho-gusto-schal-firenze-velvet-horizon\/","og_site_name":"Mucho Gusto","article_publisher":"https:\/\/www.facebook.com\/muchogusto.nl\/","article_modified_time":"2026-03-02T11:02:38+00:00","og_image":[{"width":1920,"height":2560,"url":"https:\/\/muchogusto.nl\/wp-content\/uploads\/2025\/10\/Zonder-titel-2500-x-3333-px-17-scaled.jpg","type":"image\/jpeg"}],"twitter_card":"summary_large_image","twitter_misc":{"Est. reading time":"2 minutes"},"schema":{"@context":"https:\/\/schema.org","@graph":[{"@type":"WebPage","@id":"https:\/\/muchogusto.nl\/de\/produkt\/mucho-gusto-schal-firenze-velvet-horizon\/","url":"https:\/\/muchogusto.nl\/de\/produkt\/mucho-gusto-schal-firenze-velvet-horizon\/","name":"MUCHO GUSTO\u00ae Schal Firenze Velvet Horizon - Mucho Gusto","isPartOf":{"@id":"https:\/\/muchogusto.nl\/#website"},"primaryImageOfPage":{"@id":"https:\/\/muchogusto.nl\/de\/produkt\/mucho-gusto-schal-firenze-velvet-horizon\/#primaryimage"},"image":{"@id":"https:\/\/muchogusto.nl\/de\/produkt\/mucho-gusto-schal-firenze-velvet-horizon\/#primaryimage"},"thumbnailUrl":"https:\/\/muchogusto.nl\/wp-content\/uploads\/2025\/10\/Zonder-titel-2500-x-3333-px-17-scaled.jpg","datePublished":"2025-10-22T07:24:29+00:00","dateModified":"2026-03-02T11:02:38+00:00","description":"Discover the MUCHO GUSTO\u00ae Scarf Firenze Velvet Horizon \u2014 a cotton-modal square scarf with a bronze and violet print. Dutch Design.","breadcrumb":{"@id":"https:\/\/muchogusto.nl\/de\/produkt\/mucho-gusto-schal-firenze-velvet-horizon\/#breadcrumb"},"inLanguage":"de-DE","potentialAction":[{"@type":"ReadAction","target":["https:\/\/muchogusto.nl\/de\/produkt\/mucho-gusto-schal-firenze-velvet-horizon\/"]}]},{"@type":"ImageObject","inLanguage":"de-DE","@id":"https:\/\/muchogusto.nl\/de\/produkt\/mucho-gusto-schal-firenze-velvet-horizon\/#primaryimage","url":"https:\/\/muchogusto.nl\/wp-content\/uploads\/2025\/10\/Zonder-titel-2500-x-3333-px-17-scaled.jpg","contentUrl":"https:\/\/muchogusto.nl\/wp-content\/uploads\/2025\/10\/Zonder-titel-2500-x-3333-px-17-scaled.jpg","width":1920,"height":2560,"caption":"MUCHO GUSTO\u00ae Schal Firenze Velvet Horizon"},{"@type":"BreadcrumbList","@id":"https:\/\/muchogusto.nl\/de\/produkt\/mucho-gusto-schal-firenze-velvet-horizon\/#breadcrumb","itemListElement":[{"@type":"ListItem","position":1,"name":"Home","item":"https:\/\/muchogusto.nl\/de\/"},{"@type":"ListItem","position":2,"name":"Shop","item":"https:\/\/muchogusto.nl\/de\/shop-2\/"},{"@type":"ListItem","position":3,"name":"MUCHO GUSTO\u00ae Schal Firenze Velvet Horizon"}]},{"@type":"WebSite","@id":"https:\/\/muchogusto.nl\/#website","url":"https:\/\/muchogusto.nl\/","name":"muchogusto.nl","description":"","publisher":{"@id":"https:\/\/muchogusto.nl\/#organization"},"potentialAction":[{"@type":"SearchAction","target":{"@type":"EntryPoint","urlTemplate":"https:\/\/muchogusto.nl\/?s={search_term_string}"},"query-input":{"@type":"PropertyValueSpecification","valueRequired":true,"valueName":"search_term_string"}}],"inLanguage":"de-DE"},{"@type":"Organization","@id":"https:\/\/muchogusto.nl\/#organization","name":"Mucho Gusto","url":"https:\/\/muchogusto.nl\/","logo":{"@type":"ImageObject","inLanguage":"de-DE","@id":"https:\/\/muchogusto.nl\/#\/schema\/logo\/image\/","url":"https:\/\/muchogusto.nl\/wp-content\/uploads\/2022\/08\/logo_header.svg","contentUrl":"https:\/\/muchogusto.nl\/wp-content\/uploads\/2022\/08\/logo_header.svg","caption":"Mucho Gusto"},"image":{"@id":"https:\/\/muchogusto.nl\/#\/schema\/logo\/image\/"},"sameAs":["https:\/\/www.facebook.com\/muchogusto.nl\/","https:\/\/www.instagram.com\/muchogusto.nl\/"]}]}},"_links":{"self":[{"href":"https:\/\/muchogusto.nl\/de\/wp-json\/wp\/v2\/product\/51580","targetHints":{"allow":["GET"]}}],"collection":[{"href":"https:\/\/muchogusto.nl\/de\/wp-json\/wp\/v2\/product"}],"about":[{"href":"https:\/\/muchogusto.nl\/de\/wp-json\/wp\/v2\/types\/product"}],"replies":[{"embeddable":true,"href":"https:\/\/muchogusto.nl\/de\/wp-json\/wp\/v2\/comments?post=51580"}],"wp:featuredmedia":[{"embeddable":true,"href":"https:\/\/muchogusto.nl\/de\/wp-json\/wp\/v2\/media\/51575"}],"wp:attachment":[{"href":"https:\/\/muchogusto.nl\/de\/wp-json\/wp\/v2\/media?parent=51580"}],"wp:term":[{"taxonomy":"product_brand","embeddable":true,"href":"https:\/\/muchogusto.nl\/de\/wp-json\/wp\/v2\/product_brand?post=51580"},{"taxonomy":"product_cat","embeddable":true,"href":"https:\/\/muchogusto.nl\/de\/wp-json\/wp\/v2\/product_cat?post=51580"},{"taxonomy":"product_tag","embeddable":true,"href":"https:\/\/muchogusto.nl\/de\/wp-json\/wp\/v2\/product_tag?post=51580"}],"curies":[{"name":"wp","href":"https:\/\/api.w.org\/{rel}","templated":true}]}}