{"id":51057,"date":"2025-10-13T12:07:58","date_gmt":"2025-10-13T10:07:58","guid":{"rendered":"https:\/\/muchogusto.nl\/product\/mucho-gusto-scarf-burano-small-pastel-harmony\/"},"modified":"2026-03-02T12:02:38","modified_gmt":"2026-03-02T11:02:38","slug":"mucho-gusto-schal-burano-small-pastel-harmony","status":"publish","type":"product","link":"https:\/\/muchogusto.nl\/de\/produkt\/mucho-gusto-schal-burano-small-pastel-harmony\/","title":{"rendered":"MUCHO GUSTO\u00ae Schal Burano Small Pastel Harmony"},"content":{"rendered":"<h3 data-start=\"1651\" data-end=\"1676\">DETAILS ZUM PRODUKT<\/h3>\n<p data-start=\"1677\" data-end=\"1729\"><strong data-start=\"1677\" data-end=\"1727\">MUCHO GUSTO\u00ae Schal Burano Small Pastel Harmony<\/strong><\/p>\n<p data-start=\"1731\" data-end=\"2132\">Tauchen Sie ein in sanfte Eleganz mit dem MUCHO GUSTO\u00ae Schal Burano Small Pastel Harmony \u2014 ein luxuri\u00f6ses Seidentuch, das zeitlose Raffinesse verk\u00f6rpert. Das Design vereint zarte Pastellt\u00f6ne, einen dezenten Leopardenrand und feine Kettenmotive, wodurch ein eleganter und femininer Look entsteht. Der weiche Seidenstoff f\u00e4llt geschmeidig und f\u00e4ngt das Licht wundersch\u00f6n ein, perfekt f\u00fcr jeden Anlass.<\/p>\n<p data-start=\"2134\" data-end=\"2414\">Ob klassisch um den Hals getragen, als Haar-Accessoire oder an der Tasche gebunden \u2014 dieser vielseitige Schal verleiht jedem Outfit einen Hauch von Farbe und Eleganz. Ein Must-have f\u00fcr alle, die subtile Luxusdetails und das unverwechselbare Dutch Design von MUCHO GUSTO\u00ae lieben.<\/p>\n<p data-start=\"2416\" data-end=\"2657\"><strong data-start=\"2416\" data-end=\"2432\">Dutch Design<\/strong><br data-start=\"2432\" data-end=\"2435\" \/><strong data-start=\"2435\" data-end=\"2448\">Material:<\/strong> 100% Seide<br data-start=\"2459\" data-end=\"2462\" \/><strong data-start=\"2462\" data-end=\"2471\">Ma\u00dfe:<\/strong> 70 x 70 cm<br data-start=\"2482\" data-end=\"2485\" \/><strong data-start=\"2485\" data-end=\"2494\">Form:<\/strong> Quadratisch<br data-start=\"2506\" data-end=\"2509\" \/><strong data-start=\"2509\" data-end=\"2520\">Design:<\/strong> Kombination aus Pastellt\u00f6nen, Leopardenakzenten und feinen Kettenmotiven<br data-start=\"2593\" data-end=\"2596\" \/><strong data-start=\"2596\" data-end=\"2612\">Farbpalette:<\/strong> Hellblau, Pfirsich, Beige, Olivgr\u00fcn, Creme<\/p>\n<p data-start=\"2659\" data-end=\"2974\"><strong data-start=\"2659\" data-end=\"2679\">PASSENDE ARTIKEL<\/strong><br data-start=\"2679\" data-end=\"2682\" \/>Kombinieren Sie Ihr Outfit mit einem unserer passenden <a class=\"decorated-link\" href=\"https:\/\/muchogusto.nl\/clothing\/\" target=\"_new\" rel=\"noopener\" data-start=\"2737\" data-end=\"2782\">Bekleidung<\/a>.<br data-start=\"2783\" data-end=\"2786\" \/>M\u00f6chten Sie weitere <a class=\"decorated-link\" href=\"https:\/\/muchogusto.nl\/de\/schals\/\" target=\"_new\" rel=\"noopener\" data-start=\"2806\" data-end=\"2844\">Schals<\/a> entdecken?<br data-start=\"2855\" data-end=\"2858\" \/>Oder suchen Sie nach mehr Inspiration? Besuchen Sie uns auf <a class=\"decorated-link\" href=\"https:\/\/www.instagram.com\/muchogusto.nl\/\" target=\"_new\" rel=\"noopener\" data-start=\"2918\" data-end=\"2971\">Instagram<\/a>.<\/p>\n<p data-start=\"2976\" data-end=\"3162\"><strong data-start=\"2976\" data-end=\"2999\">BRAUCHEN SIE HILFE?<\/strong><br data-start=\"2999\" data-end=\"3002\" \/>Wenn Sie Fragen zu diesem Artikel oder zur Gr\u00f6\u00dfe haben, wenden Sie sich bitte an unser Customer Care Team unter <a class=\"decorated-link cursor-pointer\" rel=\"noopener\" data-start=\"3114\" data-end=\"3159\">web@muchogusto.nl<\/a>.<\/p>\n","protected":false},"excerpt":{"rendered":"<p>DETAILS ZUM PRODUKT MUCHO GUSTO\u00ae Schal Burano Small Pastel Harmony Tauchen Sie ein in sanfte Eleganz mit dem MUCHO GUSTO\u00ae Schal Burano Small Pastel Harmony \u2014 ein luxuri\u00f6ses Seidentuch, das zeitlose Raffinesse verk\u00f6rpert. Das Design vereint zarte Pastellt\u00f6ne, einen dezenten Leopardenrand und feine Kettenmotive, wodurch ein eleganter und femininer Look entsteht. Der weiche Seidenstoff f\u00e4llt [&hellip;]<\/p>\n","protected":false},"featured_media":51047,"comment_status":"open","ping_status":"closed","template":"","meta":{"_acf_changed":false,"inline_featured_image":false,"navigation_state":false,"_genesis_hide_title":false,"_genesis_hide_breadcrumbs":false,"_genesis_hide_singular_image":false,"_genesis_hide_footer_widgets":false,"_genesis_custom_body_class":"","_genesis_custom_post_class":"","_genesis_layout":""},"product_brand":[],"product_cat":[87],"product_tag":[],"class_list":{"0":"post-51057","1":"product","2":"type-product","3":"status-publish","4":"has-post-thumbnail","6":"product_cat-schals","7":"entry","9":"first","10":"instock","11":"sale","12":"taxable","13":"shipping-taxable","14":"purchasable","15":"product-type-simple"},"acf":[],"yoast_head":"<!-- This site is optimized with the Yoast SEO Premium plugin v27.2 (Yoast SEO v27.2) - https:\/\/yoast.com\/product\/yoast-seo-premium-wordpress\/ -->\n<title>MUCHO GUSTO\u00ae Schal Burano Small Pastel Harmony - Mucho Gusto<\/title>\n<meta name=\"description\" content=\"Entdecken Sie den MUCHO GUSTO\u00ae Schal Burano Small Pastel Harmony \u2014 ein 100% Seidenschal mit Pastellt\u00f6nen und feinen Kettendetails. Dutch Design.\" \/>\n<meta name=\"robots\" content=\"index, follow, max-snippet:-1, max-image-preview:large, max-video-preview:-1\" \/>\n<link rel=\"canonical\" href=\"https:\/\/muchogusto.nl\/de\/produkt\/mucho-gusto-schal-burano-small-pastel-harmony\/\" \/>\n<meta property=\"og:locale\" content=\"de_DE\" \/>\n<meta property=\"og:type\" content=\"article\" \/>\n<meta property=\"og:title\" content=\"MUCHO GUSTO\u00ae Schal Burano Small Pastel Harmony\" \/>\n<meta property=\"og:description\" content=\"Entdecken Sie den MUCHO GUSTO\u00ae Schal Burano Small Pastel Harmony \u2014 ein 100% Seidenschal mit Pastellt\u00f6nen und feinen Kettendetails. Dutch Design.\" \/>\n<meta property=\"og:url\" content=\"https:\/\/muchogusto.nl\/de\/produkt\/mucho-gusto-schal-burano-small-pastel-harmony\/\" \/>\n<meta property=\"og:site_name\" content=\"Mucho Gusto\" \/>\n<meta property=\"article:publisher\" content=\"https:\/\/www.facebook.com\/muchogusto.nl\/\" \/>\n<meta property=\"article:modified_time\" content=\"2026-03-02T11:02:38+00:00\" \/>\n<meta property=\"og:image\" content=\"https:\/\/muchogusto.nl\/wp-content\/uploads\/2025\/10\/S52BUS056-1-scaled.jpg\" \/>\n\t<meta property=\"og:image:width\" content=\"1920\" \/>\n\t<meta property=\"og:image:height\" content=\"2560\" \/>\n\t<meta property=\"og:image:type\" content=\"image\/jpeg\" \/>\n<meta name=\"twitter:card\" content=\"summary_large_image\" \/>\n<meta name=\"twitter:label1\" content=\"Est. reading time\" \/>\n\t<meta name=\"twitter:data1\" content=\"2 minutes\" \/>\n<script type=\"application\/ld+json\" class=\"yoast-schema-graph\">{\"@context\":\"https:\/\/schema.org\",\"@graph\":[{\"@type\":\"WebPage\",\"@id\":\"https:\/\/muchogusto.nl\/de\/produkt\/mucho-gusto-schal-burano-small-pastel-harmony\/\",\"url\":\"https:\/\/muchogusto.nl\/de\/produkt\/mucho-gusto-schal-burano-small-pastel-harmony\/\",\"name\":\"MUCHO GUSTO\u00ae Schal Burano Small Pastel Harmony - Mucho Gusto\",\"isPartOf\":{\"@id\":\"https:\/\/muchogusto.nl\/#website\"},\"primaryImageOfPage\":{\"@id\":\"https:\/\/muchogusto.nl\/de\/produkt\/mucho-gusto-schal-burano-small-pastel-harmony\/#primaryimage\"},\"image\":{\"@id\":\"https:\/\/muchogusto.nl\/de\/produkt\/mucho-gusto-schal-burano-small-pastel-harmony\/#primaryimage\"},\"thumbnailUrl\":\"https:\/\/muchogusto.nl\/wp-content\/uploads\/2025\/10\/S52BUS056-1-scaled.jpg\",\"datePublished\":\"2025-10-13T10:07:58+00:00\",\"dateModified\":\"2026-03-02T11:02:38+00:00\",\"description\":\"Entdecken Sie den MUCHO GUSTO\u00ae Schal Burano Small Pastel Harmony \u2014 ein 100% Seidenschal mit Pastellt\u00f6nen und feinen Kettendetails. Dutch Design.\",\"breadcrumb\":{\"@id\":\"https:\/\/muchogusto.nl\/de\/produkt\/mucho-gusto-schal-burano-small-pastel-harmony\/#breadcrumb\"},\"inLanguage\":\"de-DE\",\"potentialAction\":[{\"@type\":\"ReadAction\",\"target\":[\"https:\/\/muchogusto.nl\/de\/produkt\/mucho-gusto-schal-burano-small-pastel-harmony\/\"]}]},{\"@type\":\"ImageObject\",\"inLanguage\":\"de-DE\",\"@id\":\"https:\/\/muchogusto.nl\/de\/produkt\/mucho-gusto-schal-burano-small-pastel-harmony\/#primaryimage\",\"url\":\"https:\/\/muchogusto.nl\/wp-content\/uploads\/2025\/10\/S52BUS056-1-scaled.jpg\",\"contentUrl\":\"https:\/\/muchogusto.nl\/wp-content\/uploads\/2025\/10\/S52BUS056-1-scaled.jpg\",\"width\":1920,\"height\":2560,\"caption\":\"MUCHO GUSTO\u00ae Scarf Burano Small Pastel Harmony\"},{\"@type\":\"BreadcrumbList\",\"@id\":\"https:\/\/muchogusto.nl\/de\/produkt\/mucho-gusto-schal-burano-small-pastel-harmony\/#breadcrumb\",\"itemListElement\":[{\"@type\":\"ListItem\",\"position\":1,\"name\":\"Home\",\"item\":\"https:\/\/muchogusto.nl\/de\/\"},{\"@type\":\"ListItem\",\"position\":2,\"name\":\"Shop\",\"item\":\"https:\/\/muchogusto.nl\/de\/shop-2\/\"},{\"@type\":\"ListItem\",\"position\":3,\"name\":\"MUCHO GUSTO\u00ae Schal Burano Small Pastel Harmony\"}]},{\"@type\":\"WebSite\",\"@id\":\"https:\/\/muchogusto.nl\/#website\",\"url\":\"https:\/\/muchogusto.nl\/\",\"name\":\"muchogusto.nl\",\"description\":\"\",\"publisher\":{\"@id\":\"https:\/\/muchogusto.nl\/#organization\"},\"potentialAction\":[{\"@type\":\"SearchAction\",\"target\":{\"@type\":\"EntryPoint\",\"urlTemplate\":\"https:\/\/muchogusto.nl\/?s={search_term_string}\"},\"query-input\":{\"@type\":\"PropertyValueSpecification\",\"valueRequired\":true,\"valueName\":\"search_term_string\"}}],\"inLanguage\":\"de-DE\"},{\"@type\":\"Organization\",\"@id\":\"https:\/\/muchogusto.nl\/#organization\",\"name\":\"Mucho Gusto\",\"url\":\"https:\/\/muchogusto.nl\/\",\"logo\":{\"@type\":\"ImageObject\",\"inLanguage\":\"de-DE\",\"@id\":\"https:\/\/muchogusto.nl\/#\/schema\/logo\/image\/\",\"url\":\"https:\/\/muchogusto.nl\/wp-content\/uploads\/2022\/08\/logo_header.svg\",\"contentUrl\":\"https:\/\/muchogusto.nl\/wp-content\/uploads\/2022\/08\/logo_header.svg\",\"caption\":\"Mucho Gusto\"},\"image\":{\"@id\":\"https:\/\/muchogusto.nl\/#\/schema\/logo\/image\/\"},\"sameAs\":[\"https:\/\/www.facebook.com\/muchogusto.nl\/\",\"https:\/\/www.instagram.com\/muchogusto.nl\/\"]}]}<\/script>\n<!-- \/ Yoast SEO Premium plugin. -->","yoast_head_json":{"title":"MUCHO GUSTO\u00ae Schal Burano Small Pastel Harmony - Mucho Gusto","description":"Entdecken Sie den MUCHO GUSTO\u00ae Schal Burano Small Pastel Harmony \u2014 ein 100% Seidenschal mit Pastellt\u00f6nen und feinen Kettendetails. Dutch Design.","robots":{"index":"index","follow":"follow","max-snippet":"max-snippet:-1","max-image-preview":"max-image-preview:large","max-video-preview":"max-video-preview:-1"},"canonical":"https:\/\/muchogusto.nl\/de\/produkt\/mucho-gusto-schal-burano-small-pastel-harmony\/","og_locale":"de_DE","og_type":"article","og_title":"MUCHO GUSTO\u00ae Schal Burano Small Pastel Harmony","og_description":"Entdecken Sie den MUCHO GUSTO\u00ae Schal Burano Small Pastel Harmony \u2014 ein 100% Seidenschal mit Pastellt\u00f6nen und feinen Kettendetails. Dutch Design.","og_url":"https:\/\/muchogusto.nl\/de\/produkt\/mucho-gusto-schal-burano-small-pastel-harmony\/","og_site_name":"Mucho Gusto","article_publisher":"https:\/\/www.facebook.com\/muchogusto.nl\/","article_modified_time":"2026-03-02T11:02:38+00:00","og_image":[{"width":1920,"height":2560,"url":"https:\/\/muchogusto.nl\/wp-content\/uploads\/2025\/10\/S52BUS056-1-scaled.jpg","type":"image\/jpeg"}],"twitter_card":"summary_large_image","twitter_misc":{"Est. reading time":"2 minutes"},"schema":{"@context":"https:\/\/schema.org","@graph":[{"@type":"WebPage","@id":"https:\/\/muchogusto.nl\/de\/produkt\/mucho-gusto-schal-burano-small-pastel-harmony\/","url":"https:\/\/muchogusto.nl\/de\/produkt\/mucho-gusto-schal-burano-small-pastel-harmony\/","name":"MUCHO GUSTO\u00ae Schal Burano Small Pastel Harmony - Mucho Gusto","isPartOf":{"@id":"https:\/\/muchogusto.nl\/#website"},"primaryImageOfPage":{"@id":"https:\/\/muchogusto.nl\/de\/produkt\/mucho-gusto-schal-burano-small-pastel-harmony\/#primaryimage"},"image":{"@id":"https:\/\/muchogusto.nl\/de\/produkt\/mucho-gusto-schal-burano-small-pastel-harmony\/#primaryimage"},"thumbnailUrl":"https:\/\/muchogusto.nl\/wp-content\/uploads\/2025\/10\/S52BUS056-1-scaled.jpg","datePublished":"2025-10-13T10:07:58+00:00","dateModified":"2026-03-02T11:02:38+00:00","description":"Entdecken Sie den MUCHO GUSTO\u00ae Schal Burano Small Pastel Harmony \u2014 ein 100% Seidenschal mit Pastellt\u00f6nen und feinen Kettendetails. Dutch Design.","breadcrumb":{"@id":"https:\/\/muchogusto.nl\/de\/produkt\/mucho-gusto-schal-burano-small-pastel-harmony\/#breadcrumb"},"inLanguage":"de-DE","potentialAction":[{"@type":"ReadAction","target":["https:\/\/muchogusto.nl\/de\/produkt\/mucho-gusto-schal-burano-small-pastel-harmony\/"]}]},{"@type":"ImageObject","inLanguage":"de-DE","@id":"https:\/\/muchogusto.nl\/de\/produkt\/mucho-gusto-schal-burano-small-pastel-harmony\/#primaryimage","url":"https:\/\/muchogusto.nl\/wp-content\/uploads\/2025\/10\/S52BUS056-1-scaled.jpg","contentUrl":"https:\/\/muchogusto.nl\/wp-content\/uploads\/2025\/10\/S52BUS056-1-scaled.jpg","width":1920,"height":2560,"caption":"MUCHO GUSTO\u00ae Scarf Burano Small Pastel Harmony"},{"@type":"BreadcrumbList","@id":"https:\/\/muchogusto.nl\/de\/produkt\/mucho-gusto-schal-burano-small-pastel-harmony\/#breadcrumb","itemListElement":[{"@type":"ListItem","position":1,"name":"Home","item":"https:\/\/muchogusto.nl\/de\/"},{"@type":"ListItem","position":2,"name":"Shop","item":"https:\/\/muchogusto.nl\/de\/shop-2\/"},{"@type":"ListItem","position":3,"name":"MUCHO GUSTO\u00ae Schal Burano Small Pastel Harmony"}]},{"@type":"WebSite","@id":"https:\/\/muchogusto.nl\/#website","url":"https:\/\/muchogusto.nl\/","name":"muchogusto.nl","description":"","publisher":{"@id":"https:\/\/muchogusto.nl\/#organization"},"potentialAction":[{"@type":"SearchAction","target":{"@type":"EntryPoint","urlTemplate":"https:\/\/muchogusto.nl\/?s={search_term_string}"},"query-input":{"@type":"PropertyValueSpecification","valueRequired":true,"valueName":"search_term_string"}}],"inLanguage":"de-DE"},{"@type":"Organization","@id":"https:\/\/muchogusto.nl\/#organization","name":"Mucho Gusto","url":"https:\/\/muchogusto.nl\/","logo":{"@type":"ImageObject","inLanguage":"de-DE","@id":"https:\/\/muchogusto.nl\/#\/schema\/logo\/image\/","url":"https:\/\/muchogusto.nl\/wp-content\/uploads\/2022\/08\/logo_header.svg","contentUrl":"https:\/\/muchogusto.nl\/wp-content\/uploads\/2022\/08\/logo_header.svg","caption":"Mucho Gusto"},"image":{"@id":"https:\/\/muchogusto.nl\/#\/schema\/logo\/image\/"},"sameAs":["https:\/\/www.facebook.com\/muchogusto.nl\/","https:\/\/www.instagram.com\/muchogusto.nl\/"]}]}},"_links":{"self":[{"href":"https:\/\/muchogusto.nl\/de\/wp-json\/wp\/v2\/product\/51057","targetHints":{"allow":["GET"]}}],"collection":[{"href":"https:\/\/muchogusto.nl\/de\/wp-json\/wp\/v2\/product"}],"about":[{"href":"https:\/\/muchogusto.nl\/de\/wp-json\/wp\/v2\/types\/product"}],"replies":[{"embeddable":true,"href":"https:\/\/muchogusto.nl\/de\/wp-json\/wp\/v2\/comments?post=51057"}],"wp:featuredmedia":[{"embeddable":true,"href":"https:\/\/muchogusto.nl\/de\/wp-json\/wp\/v2\/media\/51047"}],"wp:attachment":[{"href":"https:\/\/muchogusto.nl\/de\/wp-json\/wp\/v2\/media?parent=51057"}],"wp:term":[{"taxonomy":"product_brand","embeddable":true,"href":"https:\/\/muchogusto.nl\/de\/wp-json\/wp\/v2\/product_brand?post=51057"},{"taxonomy":"product_cat","embeddable":true,"href":"https:\/\/muchogusto.nl\/de\/wp-json\/wp\/v2\/product_cat?post=51057"},{"taxonomy":"product_tag","embeddable":true,"href":"https:\/\/muchogusto.nl\/de\/wp-json\/wp\/v2\/product_tag?post=51057"}],"curies":[{"name":"wp","href":"https:\/\/api.w.org\/{rel}","templated":true}]}}