{"id":50977,"date":"2025-10-13T10:50:47","date_gmt":"2025-10-13T08:50:47","guid":{"rendered":"https:\/\/muchogusto.nl\/?post_type=product&#038;p=50977"},"modified":"2026-03-02T12:02:38","modified_gmt":"2026-03-02T11:02:38","slug":"mucho-gusto-blouse-livorno-circle-chain-patchwork","status":"publish","type":"product","link":"https:\/\/muchogusto.nl\/de\/produkt\/mucho-gusto-blouse-livorno-circle-chain-patchwork\/","title":{"rendered":"MUCHO GUSTO\u00ae Blouse Livorno Circle Chain Patchwork"},"content":{"rendered":"<h3>DETAILS ZUM PRODUKT<\/h3>\n<p data-start=\"1792\" data-end=\"1845\"><strong>MUCHO GUSTO\u00ae Blouse Livorno Circle Chain Patchwork<\/strong><\/p>\n<p data-start=\"1847\" data-end=\"2230\">Erleben Sie zeitlose Eleganz mit der MUCHO GUSTO\u00ae Blouse Livorno Circle Chain Patchwork \u2014 eine luxuri\u00f6se Seidenbluse, die jedem Outfit Raffinesse verleiht. Gefertigt aus 97% Seide und 3% Elasthan, vereint sie Komfort und Eleganz. Der tiefblaue Hintergrund ist mit goldenen Kettenmustern und geometrischen Akzenten verziert, die einen modernen und zugleich klassischen Look schaffen.<\/p>\n<p data-start=\"2232\" data-end=\"2475\">Diese Bluse l\u00e4sst sich vielseitig kombinieren \u2013 l\u00e4ssig zu Jeans oder elegant zu einer Hose. Der weiche Seidenstoff f\u00e4llt flie\u00dfend und sorgt f\u00fcr eine feminine Silhouette. Ideal f\u00fcr den Alltag und den Abend, bringt sie Glanz in jede Garderobe.<\/p>\n<p data-start=\"2477\" data-end=\"2719\"><strong data-start=\"2477\" data-end=\"2493\">Dutch Design<\/strong><br data-start=\"2493\" data-end=\"2496\" \/><strong data-start=\"2496\" data-end=\"2509\">Material:<\/strong> 97% Seide, 3% Elasthan<br data-start=\"2532\" data-end=\"2535\" \/><strong data-start=\"2535\" data-end=\"2545\">L\u00e4nge:<\/strong> 68 cm<br data-start=\"2551\" data-end=\"2554\" \/><strong data-start=\"2554\" data-end=\"2567\">Passform:<\/strong> Lockerer Schnitt mit leichtem Glanz<br data-start=\"2603\" data-end=\"2606\" \/><strong data-start=\"2606\" data-end=\"2617\">Design:<\/strong> Circle-Chain-Patchwork in Marineblau und Goldt\u00f6nen<br data-start=\"2668\" data-end=\"2671\" \/><strong data-start=\"2671\" data-end=\"2687\">Farbpalette:<\/strong> Midnight Blue, Gold, Hellblau<\/p>\n<h3>PASSENDE ARTIKEL<\/h3>\n<p class=\"p2\"><span class=\"s1\">Vervollst\u00e4ndigen Sie Ihren Look mit einem passenden\u00a0<a href=\"https:\/\/muchogusto.nl\/de\/schals\/\"><span class=\"s2\">Schal<\/span><\/a>.<br \/>\n<\/span><span class=\"s1\">M\u00f6chten Sie mehr Blusen sehen? Dann schauen Sie sich unsere\u00a0<a href=\"https:\/\/muchogusto.nl\/de\/blusen\/\"><span class=\"s2\">Bekleidungsseite<\/span><\/a>\u00a0an.<br \/>\n<\/span><span class=\"s1\">M\u00f6chten Sie mehr Inspiration? Besuchen Sie unsere\u00a0<a href=\"https:\/\/www.instagram.com\/muchogusto.nl\/\"><span class=\"s2\">Instagram<\/span><\/a>-Seite.\u00a0<\/span><\/p>\n<h3>BRAUCHEN SIE HILFE?<\/h3>\n<p>Wenn Sie Fragen zu diesem Artikel oder der Gr\u00f6\u00dfe haben, senden Sie eine E-Mail an unseren Kundenservice unter<a href=\"http:\/\/muchogusto.nl\/de\/\"><span class=\"s2\">web@muchogusto.nl.<\/span><\/a><\/p>\n<h3>GR\u00d6SSENTABELLEN<\/h3>\n<p>Unsere Gr\u00f6\u00dfen sind in europ\u00e4ischen Gr\u00f6\u00dfen angegeben. Sie k\u00f6nnen diese Gr\u00f6\u00dfen anhand der Tabellen\u00a0<a href=\"https:\/\/muchogusto.nl\/de\/grossentabellen\/\">auf dieser Seite<\/a>\u00a0leicht umrechnen. Die Passform kann je nach Stil oder pers\u00f6nlicher Vorliebe variieren.<\/p>\n","protected":false},"excerpt":{"rendered":"<p>DETAILS ZUM PRODUKT MUCHO GUSTO\u00ae Blouse Livorno Circle Chain Patchwork Erleben Sie zeitlose Eleganz mit der MUCHO GUSTO\u00ae Blouse Livorno Circle Chain Patchwork \u2014 eine luxuri\u00f6se Seidenbluse, die jedem Outfit Raffinesse verleiht. Gefertigt aus 97% Seide und 3% Elasthan, vereint sie Komfort und Eleganz. Der tiefblaue Hintergrund ist mit goldenen Kettenmustern und geometrischen Akzenten verziert, [&hellip;]<\/p>\n","protected":false},"featured_media":50779,"comment_status":"open","ping_status":"closed","template":"","meta":{"_acf_changed":false,"inline_featured_image":false,"navigation_state":false,"_genesis_hide_title":false,"_genesis_hide_breadcrumbs":false,"_genesis_hide_singular_image":false,"_genesis_hide_footer_widgets":false,"_genesis_custom_body_class":"","_genesis_custom_post_class":"","_genesis_layout":""},"product_brand":[],"product_cat":[71,69],"product_tag":[],"class_list":{"0":"post-50977","1":"product","2":"type-product","3":"status-publish","4":"has-post-thumbnail","6":"product_cat-blusen","7":"product_cat-kleidung","8":"entry","10":"first","11":"instock","12":"sale","13":"taxable","14":"shipping-taxable","15":"purchasable","16":"product-type-variable"},"acf":[],"yoast_head":"<!-- This site is optimized with the Yoast SEO Premium plugin v27.2 (Yoast SEO v27.2) - https:\/\/yoast.com\/product\/yoast-seo-premium-wordpress\/ -->\n<title>MUCHO GUSTO\u00ae Blouse Livorno Circle Chain Patchwork<\/title>\n<meta name=\"description\" content=\"Entdecken Sie die MUCHO GUSTO\u00ae Bluse Livorno Circle Chain Patchwork \u2013 eine 97% Seidenbluse mit goldenen Kettenmustern auf Marineblau. Dutch Design trifft Eleganz.\" \/>\n<meta name=\"robots\" content=\"index, follow, max-snippet:-1, max-image-preview:large, max-video-preview:-1\" \/>\n<link rel=\"canonical\" href=\"https:\/\/muchogusto.nl\/produkt\/mucho-gusto-blouse-livorno-circle-chain-patchwork\/\" \/>\n<meta property=\"og:locale\" content=\"de_DE\" \/>\n<meta property=\"og:type\" content=\"article\" \/>\n<meta property=\"og:title\" content=\"MUCHO GUSTO\u00ae Blouse Livorno Circle Chain Patchwork\" \/>\n<meta property=\"og:description\" content=\"Entdecken Sie die MUCHO GUSTO\u00ae Bluse Livorno Circle Chain Patchwork \u2013 eine 97% Seidenbluse mit goldenen Kettenmustern auf Marineblau. Dutch Design trifft Eleganz.\" \/>\n<meta property=\"og:url\" content=\"https:\/\/muchogusto.nl\/produkt\/mucho-gusto-blouse-livorno-circle-chain-patchwork\/\" \/>\n<meta property=\"og:site_name\" content=\"Mucho Gusto\" \/>\n<meta property=\"article:publisher\" content=\"https:\/\/www.facebook.com\/muchogusto.nl\/\" \/>\n<meta property=\"article:modified_time\" content=\"2026-03-02T11:02:38+00:00\" \/>\n<meta property=\"og:image\" content=\"http:\/\/muchogusto.nl\/wp-content\/uploads\/2025\/10\/C52LIV030-scaled.jpg\" \/>\n\t<meta property=\"og:image:width\" content=\"1920\" \/>\n\t<meta property=\"og:image:height\" content=\"2560\" \/>\n\t<meta property=\"og:image:type\" content=\"image\/jpeg\" \/>\n<meta name=\"twitter:card\" content=\"summary_large_image\" \/>\n<meta name=\"twitter:label1\" content=\"Est. reading time\" \/>\n\t<meta name=\"twitter:data1\" content=\"2 minutes\" \/>\n<script type=\"application\/ld+json\" class=\"yoast-schema-graph\">{\"@context\":\"https:\/\/schema.org\",\"@graph\":[{\"@type\":\"WebPage\",\"@id\":\"https:\/\/muchogusto.nl\/produkt\/mucho-gusto-blouse-livorno-circle-chain-patchwork\/\",\"url\":\"https:\/\/muchogusto.nl\/produkt\/mucho-gusto-blouse-livorno-circle-chain-patchwork\/\",\"name\":\"MUCHO GUSTO\u00ae Blouse Livorno Circle Chain Patchwork\",\"isPartOf\":{\"@id\":\"https:\/\/muchogusto.nl\/#website\"},\"primaryImageOfPage\":{\"@id\":\"https:\/\/muchogusto.nl\/produkt\/mucho-gusto-blouse-livorno-circle-chain-patchwork\/#primaryimage\"},\"image\":{\"@id\":\"https:\/\/muchogusto.nl\/produkt\/mucho-gusto-blouse-livorno-circle-chain-patchwork\/#primaryimage\"},\"thumbnailUrl\":\"https:\/\/muchogusto.nl\/wp-content\/uploads\/2025\/10\/C52LIV030-scaled.jpg\",\"datePublished\":\"2025-10-13T08:50:47+00:00\",\"dateModified\":\"2026-03-02T11:02:38+00:00\",\"description\":\"Entdecken Sie die MUCHO GUSTO\u00ae Bluse Livorno Circle Chain Patchwork \u2013 eine 97% Seidenbluse mit goldenen Kettenmustern auf Marineblau. Dutch Design trifft Eleganz.\",\"breadcrumb\":{\"@id\":\"https:\/\/muchogusto.nl\/produkt\/mucho-gusto-blouse-livorno-circle-chain-patchwork\/#breadcrumb\"},\"inLanguage\":\"de-DE\",\"potentialAction\":[{\"@type\":\"ReadAction\",\"target\":[\"https:\/\/muchogusto.nl\/produkt\/mucho-gusto-blouse-livorno-circle-chain-patchwork\/\"]}]},{\"@type\":\"ImageObject\",\"inLanguage\":\"de-DE\",\"@id\":\"https:\/\/muchogusto.nl\/produkt\/mucho-gusto-blouse-livorno-circle-chain-patchwork\/#primaryimage\",\"url\":\"https:\/\/muchogusto.nl\/wp-content\/uploads\/2025\/10\/C52LIV030-scaled.jpg\",\"contentUrl\":\"https:\/\/muchogusto.nl\/wp-content\/uploads\/2025\/10\/C52LIV030-scaled.jpg\",\"width\":1920,\"height\":2560,\"caption\":\"MUCHO GUSTO\u00ae Blouse Livorno Circle Chain Patchwork\"},{\"@type\":\"BreadcrumbList\",\"@id\":\"https:\/\/muchogusto.nl\/produkt\/mucho-gusto-blouse-livorno-circle-chain-patchwork\/#breadcrumb\",\"itemListElement\":[{\"@type\":\"ListItem\",\"position\":1,\"name\":\"Home\",\"item\":\"https:\/\/muchogusto.nl\/de\/\"},{\"@type\":\"ListItem\",\"position\":2,\"name\":\"Shop\",\"item\":\"https:\/\/muchogusto.nl\/de\/shop-2\/\"},{\"@type\":\"ListItem\",\"position\":3,\"name\":\"MUCHO GUSTO\u00ae Blouse Livorno Circle Chain Patchwork\"}]},{\"@type\":\"WebSite\",\"@id\":\"https:\/\/muchogusto.nl\/#website\",\"url\":\"https:\/\/muchogusto.nl\/\",\"name\":\"muchogusto.nl\",\"description\":\"\",\"publisher\":{\"@id\":\"https:\/\/muchogusto.nl\/#organization\"},\"potentialAction\":[{\"@type\":\"SearchAction\",\"target\":{\"@type\":\"EntryPoint\",\"urlTemplate\":\"https:\/\/muchogusto.nl\/?s={search_term_string}\"},\"query-input\":{\"@type\":\"PropertyValueSpecification\",\"valueRequired\":true,\"valueName\":\"search_term_string\"}}],\"inLanguage\":\"de-DE\"},{\"@type\":\"Organization\",\"@id\":\"https:\/\/muchogusto.nl\/#organization\",\"name\":\"Mucho Gusto\",\"url\":\"https:\/\/muchogusto.nl\/\",\"logo\":{\"@type\":\"ImageObject\",\"inLanguage\":\"de-DE\",\"@id\":\"https:\/\/muchogusto.nl\/#\/schema\/logo\/image\/\",\"url\":\"https:\/\/muchogusto.nl\/wp-content\/uploads\/2022\/08\/logo_header.svg\",\"contentUrl\":\"https:\/\/muchogusto.nl\/wp-content\/uploads\/2022\/08\/logo_header.svg\",\"caption\":\"Mucho Gusto\"},\"image\":{\"@id\":\"https:\/\/muchogusto.nl\/#\/schema\/logo\/image\/\"},\"sameAs\":[\"https:\/\/www.facebook.com\/muchogusto.nl\/\",\"https:\/\/www.instagram.com\/muchogusto.nl\/\"]}]}<\/script>\n<!-- \/ Yoast SEO Premium plugin. -->","yoast_head_json":{"title":"MUCHO GUSTO\u00ae Blouse Livorno Circle Chain Patchwork","description":"Entdecken Sie die MUCHO GUSTO\u00ae Bluse Livorno Circle Chain Patchwork \u2013 eine 97% Seidenbluse mit goldenen Kettenmustern auf Marineblau. Dutch Design trifft Eleganz.","robots":{"index":"index","follow":"follow","max-snippet":"max-snippet:-1","max-image-preview":"max-image-preview:large","max-video-preview":"max-video-preview:-1"},"canonical":"https:\/\/muchogusto.nl\/produkt\/mucho-gusto-blouse-livorno-circle-chain-patchwork\/","og_locale":"de_DE","og_type":"article","og_title":"MUCHO GUSTO\u00ae Blouse Livorno Circle Chain Patchwork","og_description":"Entdecken Sie die MUCHO GUSTO\u00ae Bluse Livorno Circle Chain Patchwork \u2013 eine 97% Seidenbluse mit goldenen Kettenmustern auf Marineblau. Dutch Design trifft Eleganz.","og_url":"https:\/\/muchogusto.nl\/produkt\/mucho-gusto-blouse-livorno-circle-chain-patchwork\/","og_site_name":"Mucho Gusto","article_publisher":"https:\/\/www.facebook.com\/muchogusto.nl\/","article_modified_time":"2026-03-02T11:02:38+00:00","og_image":[{"width":1920,"height":2560,"url":"http:\/\/muchogusto.nl\/wp-content\/uploads\/2025\/10\/C52LIV030-scaled.jpg","type":"image\/jpeg"}],"twitter_card":"summary_large_image","twitter_misc":{"Est. reading time":"2 minutes"},"schema":{"@context":"https:\/\/schema.org","@graph":[{"@type":"WebPage","@id":"https:\/\/muchogusto.nl\/produkt\/mucho-gusto-blouse-livorno-circle-chain-patchwork\/","url":"https:\/\/muchogusto.nl\/produkt\/mucho-gusto-blouse-livorno-circle-chain-patchwork\/","name":"MUCHO GUSTO\u00ae Blouse Livorno Circle Chain Patchwork","isPartOf":{"@id":"https:\/\/muchogusto.nl\/#website"},"primaryImageOfPage":{"@id":"https:\/\/muchogusto.nl\/produkt\/mucho-gusto-blouse-livorno-circle-chain-patchwork\/#primaryimage"},"image":{"@id":"https:\/\/muchogusto.nl\/produkt\/mucho-gusto-blouse-livorno-circle-chain-patchwork\/#primaryimage"},"thumbnailUrl":"https:\/\/muchogusto.nl\/wp-content\/uploads\/2025\/10\/C52LIV030-scaled.jpg","datePublished":"2025-10-13T08:50:47+00:00","dateModified":"2026-03-02T11:02:38+00:00","description":"Entdecken Sie die MUCHO GUSTO\u00ae Bluse Livorno Circle Chain Patchwork \u2013 eine 97% Seidenbluse mit goldenen Kettenmustern auf Marineblau. Dutch Design trifft Eleganz.","breadcrumb":{"@id":"https:\/\/muchogusto.nl\/produkt\/mucho-gusto-blouse-livorno-circle-chain-patchwork\/#breadcrumb"},"inLanguage":"de-DE","potentialAction":[{"@type":"ReadAction","target":["https:\/\/muchogusto.nl\/produkt\/mucho-gusto-blouse-livorno-circle-chain-patchwork\/"]}]},{"@type":"ImageObject","inLanguage":"de-DE","@id":"https:\/\/muchogusto.nl\/produkt\/mucho-gusto-blouse-livorno-circle-chain-patchwork\/#primaryimage","url":"https:\/\/muchogusto.nl\/wp-content\/uploads\/2025\/10\/C52LIV030-scaled.jpg","contentUrl":"https:\/\/muchogusto.nl\/wp-content\/uploads\/2025\/10\/C52LIV030-scaled.jpg","width":1920,"height":2560,"caption":"MUCHO GUSTO\u00ae Blouse Livorno Circle Chain Patchwork"},{"@type":"BreadcrumbList","@id":"https:\/\/muchogusto.nl\/produkt\/mucho-gusto-blouse-livorno-circle-chain-patchwork\/#breadcrumb","itemListElement":[{"@type":"ListItem","position":1,"name":"Home","item":"https:\/\/muchogusto.nl\/de\/"},{"@type":"ListItem","position":2,"name":"Shop","item":"https:\/\/muchogusto.nl\/de\/shop-2\/"},{"@type":"ListItem","position":3,"name":"MUCHO GUSTO\u00ae Blouse Livorno Circle Chain Patchwork"}]},{"@type":"WebSite","@id":"https:\/\/muchogusto.nl\/#website","url":"https:\/\/muchogusto.nl\/","name":"muchogusto.nl","description":"","publisher":{"@id":"https:\/\/muchogusto.nl\/#organization"},"potentialAction":[{"@type":"SearchAction","target":{"@type":"EntryPoint","urlTemplate":"https:\/\/muchogusto.nl\/?s={search_term_string}"},"query-input":{"@type":"PropertyValueSpecification","valueRequired":true,"valueName":"search_term_string"}}],"inLanguage":"de-DE"},{"@type":"Organization","@id":"https:\/\/muchogusto.nl\/#organization","name":"Mucho Gusto","url":"https:\/\/muchogusto.nl\/","logo":{"@type":"ImageObject","inLanguage":"de-DE","@id":"https:\/\/muchogusto.nl\/#\/schema\/logo\/image\/","url":"https:\/\/muchogusto.nl\/wp-content\/uploads\/2022\/08\/logo_header.svg","contentUrl":"https:\/\/muchogusto.nl\/wp-content\/uploads\/2022\/08\/logo_header.svg","caption":"Mucho Gusto"},"image":{"@id":"https:\/\/muchogusto.nl\/#\/schema\/logo\/image\/"},"sameAs":["https:\/\/www.facebook.com\/muchogusto.nl\/","https:\/\/www.instagram.com\/muchogusto.nl\/"]}]}},"_links":{"self":[{"href":"https:\/\/muchogusto.nl\/de\/wp-json\/wp\/v2\/product\/50977","targetHints":{"allow":["GET"]}}],"collection":[{"href":"https:\/\/muchogusto.nl\/de\/wp-json\/wp\/v2\/product"}],"about":[{"href":"https:\/\/muchogusto.nl\/de\/wp-json\/wp\/v2\/types\/product"}],"replies":[{"embeddable":true,"href":"https:\/\/muchogusto.nl\/de\/wp-json\/wp\/v2\/comments?post=50977"}],"wp:featuredmedia":[{"embeddable":true,"href":"https:\/\/muchogusto.nl\/de\/wp-json\/wp\/v2\/media\/50779"}],"wp:attachment":[{"href":"https:\/\/muchogusto.nl\/de\/wp-json\/wp\/v2\/media?parent=50977"}],"wp:term":[{"taxonomy":"product_brand","embeddable":true,"href":"https:\/\/muchogusto.nl\/de\/wp-json\/wp\/v2\/product_brand?post=50977"},{"taxonomy":"product_cat","embeddable":true,"href":"https:\/\/muchogusto.nl\/de\/wp-json\/wp\/v2\/product_cat?post=50977"},{"taxonomy":"product_tag","embeddable":true,"href":"https:\/\/muchogusto.nl\/de\/wp-json\/wp\/v2\/product_tag?post=50977"}],"curies":[{"name":"wp","href":"https:\/\/api.w.org\/{rel}","templated":true}]}}