{"id":50941,"date":"2025-10-13T10:20:40","date_gmt":"2025-10-13T08:20:40","guid":{"rendered":"https:\/\/muchogusto.nl\/?post_type=product&#038;p=50941"},"modified":"2026-03-02T12:02:38","modified_gmt":"2026-03-02T11:02:38","slug":"mucho-gusto-dress-helsinki-kreis-chain-patchwork","status":"publish","type":"product","link":"https:\/\/muchogusto.nl\/de\/produkt\/mucho-gusto-dress-helsinki-kreis-chain-patchwork\/","title":{"rendered":"MUCHO GUSTO\u00ae Dress Helsinki Kreis Chain Patchwork"},"content":{"rendered":"<h3 data-start=\"1852\" data-end=\"1877\">DETAILS ZUM PRODUKT<\/h3>\n<p data-start=\"1879\" data-end=\"1935\"><strong data-start=\"1879\" data-end=\"1933\">MUCHO GUSTO\u00ae Dress Helsinki Kreis Chain Patchwork<\/strong><\/p>\n<p data-start=\"1937\" data-end=\"2305\">Tauchen Sie ein in elegante Raffinesse mit dem MUCHO GUSTO\u00ae Kleid Helsinki Kreis Chain Patchwork \u2014 ein luxuri\u00f6ses Seidenmischkleid, das Stil und Komfort vereint. Gefertigt aus 97% Seide und 3% Elasthan f\u00fcr einen sanften Glanz und eine flie\u00dfende Passform. Das Ketten- und Kreisdesign in K\u00f6nigsblau und Gold verleiht dem Kleid einen exklusiven Look mit moderner Note.<\/p>\n<p data-start=\"2307\" data-end=\"2618\">Der Bindeg\u00fcrtel betont die Taille, w\u00e4hrend die Midi-L\u00e4nge f\u00fcr eine feminine Silhouette sorgt. Ob f\u00fcr besondere Anl\u00e4sse oder stilvolle Alltagsmomente \u2013 dieses Kleid ist ein echtes Statement. Tragen Sie es mit Absatzschuhen f\u00fcr einen eleganten Auftritt oder offen als langen Mantel f\u00fcr einen modernen Stilbruch.<\/p>\n<p data-start=\"2620\" data-end=\"2811\">Jedes MUCHO GUSTO\u00ae Design verk\u00f6rpert Dutch Design in seiner sch\u00f6nsten Form \u2013 zeitlos, edel und selbstbewusst. Der luxuri\u00f6se Stoff f\u00e4llt geschmeidig und sorgt f\u00fcr ein angenehmes Tragegef\u00fchl.<\/p>\n<p data-start=\"2813\" data-end=\"3031\"><strong data-start=\"2813\" data-end=\"2829\">Dutch Design<\/strong><br data-start=\"2829\" data-end=\"2832\" \/><strong data-start=\"2832\" data-end=\"2845\">Material:<\/strong> 97% Seide, 3% Elasthan<br data-start=\"2868\" data-end=\"2871\" \/><strong data-start=\"2871\" data-end=\"2881\">L\u00e4nge:<\/strong> 130 cm<br data-start=\"2888\" data-end=\"2891\" \/><strong data-start=\"2891\" data-end=\"2900\">Form:<\/strong> Midi, mit Bindeg\u00fcrtel<br data-start=\"2922\" data-end=\"2925\" \/><strong data-start=\"2925\" data-end=\"2936\">Design:<\/strong> Kreis- und Kettenmuster auf k\u00f6nigsblauer Basis<br data-start=\"2983\" data-end=\"2986\" \/><strong data-start=\"2986\" data-end=\"3002\">Farbpalette:<\/strong> K\u00f6nigsblau, Gold und Beige<\/p>\n<div class=\"summary\">\n<h3>PASSENDE ARTIKEL<\/h3>\n<p class=\"p2\"><span class=\"s1\">Vervollst\u00e4ndigen Sie Ihren Look mit einem passenden\u00a0<a href=\"https:\/\/muchogusto.nl\/de\/schals\/\"><span class=\"s2\">Schal<\/span><\/a>.<br \/>\n<\/span><span class=\"s1\">M\u00f6chten Sie mehr Blusen sehen? Dann schauen Sie sich unsere\u00a0<a href=\"https:\/\/muchogusto.nl\/de\/blusen\/\"><span class=\"s2\">Bekleidungsseite<\/span><\/a>\u00a0an.<br \/>\n<\/span><span class=\"s1\">M\u00f6chten Sie mehr Inspiration? Besuchen Sie unsere\u00a0<a href=\"https:\/\/www.instagram.com\/muchogusto.nl\/\"><span class=\"s2\">Instagram<\/span><\/a>-Seite.\u00a0<\/span><\/p>\n<h3>BRAUCHEN SIE HILFE?<\/h3>\n<p>Wenn Sie Fragen zu diesem Artikel oder der Gr\u00f6\u00dfe haben, senden Sie eine E-Mail an unseren Kundenservice unter<a href=\"http:\/\/muchogusto.nl\/de\/\"><span class=\"s2\">web@muchogusto.nl.<\/span><\/a><\/p>\n<h3>GR\u00d6SSENTABELLEN<\/h3>\n<p>Unsere Gr\u00f6\u00dfen sind in europ\u00e4ischen Gr\u00f6\u00dfen angegeben. Sie k\u00f6nnen diese Gr\u00f6\u00dfen anhand der Tabellen\u00a0<a href=\"https:\/\/muchogusto.nl\/de\/grossentabellen\/\">auf dieser Seite<\/a>\u00a0leicht umrechnen. Die Passform kann je nach Stil oder pers\u00f6nlicher Vorliebe variieren.<\/p>\n<\/div>\n","protected":false},"excerpt":{"rendered":"<p>DETAILS ZUM PRODUKT MUCHO GUSTO\u00ae Dress Helsinki Kreis Chain Patchwork Tauchen Sie ein in elegante Raffinesse mit dem MUCHO GUSTO\u00ae Kleid Helsinki Kreis Chain Patchwork \u2014 ein luxuri\u00f6ses Seidenmischkleid, das Stil und Komfort vereint. Gefertigt aus 97% Seide und 3% Elasthan f\u00fcr einen sanften Glanz und eine flie\u00dfende Passform. Das Ketten- und Kreisdesign in K\u00f6nigsblau [&hellip;]<\/p>\n","protected":false},"featured_media":50776,"comment_status":"open","ping_status":"closed","template":"","meta":{"_acf_changed":false,"inline_featured_image":false,"navigation_state":false,"_genesis_hide_title":false,"_genesis_hide_breadcrumbs":false,"_genesis_hide_singular_image":false,"_genesis_hide_footer_widgets":false,"_genesis_custom_body_class":"","_genesis_custom_post_class":"","_genesis_layout":""},"product_brand":[],"product_cat":[73,69,74],"product_tag":[],"class_list":{"0":"post-50941","1":"product","2":"type-product","3":"status-publish","4":"has-post-thumbnail","6":"product_cat-kleider","7":"product_cat-kleidung","8":"product_cat-lange-kleider","9":"entry","11":"first","12":"instock","13":"sale","14":"taxable","15":"shipping-taxable","16":"purchasable","17":"product-type-variable"},"acf":[],"yoast_head":"<!-- This site is optimized with the Yoast SEO Premium plugin v27.2 (Yoast SEO v27.2) - https:\/\/yoast.com\/product\/yoast-seo-premium-wordpress\/ -->\n<title>MUCHO GUSTO\u00ae Dress Helsinki Kreis Chain Patchwork<\/title>\n<meta name=\"description\" content=\"Entdecken Sie das MUCHO GUSTO\u00ae Dress Helsinki Kreis Chain Patchwork \u2013 ein Seiden-Midikleid mit blau-goldenem Kettenmuster. Dutch Design trifft Eleganz.\" \/>\n<meta name=\"robots\" content=\"index, follow, max-snippet:-1, max-image-preview:large, max-video-preview:-1\" \/>\n<link rel=\"canonical\" href=\"https:\/\/muchogusto.nl\/produkt\/mucho-gusto-dress-helsinki-circle-chain-patchwork\/\" \/>\n<meta property=\"og:locale\" content=\"de_DE\" \/>\n<meta property=\"og:type\" content=\"article\" \/>\n<meta property=\"og:title\" content=\"MUCHO GUSTO\u00ae Dress Helsinki Kreis Chain Patchwork\" \/>\n<meta property=\"og:description\" content=\"Entdecken Sie das MUCHO GUSTO\u00ae Dress Helsinki Kreis Chain Patchwork \u2013 ein Seiden-Midikleid mit blau-goldenem Kettenmuster. Dutch Design trifft Eleganz.\" \/>\n<meta property=\"og:url\" content=\"https:\/\/muchogusto.nl\/produkt\/mucho-gusto-dress-helsinki-circle-chain-patchwork\/\" \/>\n<meta property=\"og:site_name\" content=\"Mucho Gusto\" \/>\n<meta property=\"article:publisher\" content=\"https:\/\/www.facebook.com\/muchogusto.nl\/\" \/>\n<meta property=\"article:modified_time\" content=\"2026-03-02T11:02:38+00:00\" \/>\n<meta property=\"og:image\" content=\"http:\/\/muchogusto.nl\/wp-content\/uploads\/2025\/10\/C52HEL030-scaled.jpg\" \/>\n\t<meta property=\"og:image:width\" content=\"1920\" \/>\n\t<meta property=\"og:image:height\" content=\"2560\" \/>\n\t<meta property=\"og:image:type\" content=\"image\/jpeg\" \/>\n<meta name=\"twitter:card\" content=\"summary_large_image\" \/>\n<meta name=\"twitter:label1\" content=\"Est. reading time\" \/>\n\t<meta name=\"twitter:data1\" content=\"2 minutes\" \/>\n<script type=\"application\/ld+json\" class=\"yoast-schema-graph\">{\"@context\":\"https:\/\/schema.org\",\"@graph\":[{\"@type\":\"WebPage\",\"@id\":\"https:\/\/muchogusto.nl\/produkt\/mucho-gusto-dress-helsinki-circle-chain-patchwork\/\",\"url\":\"https:\/\/muchogusto.nl\/produkt\/mucho-gusto-dress-helsinki-circle-chain-patchwork\/\",\"name\":\"MUCHO GUSTO\u00ae Dress Helsinki Kreis Chain Patchwork\",\"isPartOf\":{\"@id\":\"https:\/\/muchogusto.nl\/#website\"},\"primaryImageOfPage\":{\"@id\":\"https:\/\/muchogusto.nl\/produkt\/mucho-gusto-dress-helsinki-circle-chain-patchwork\/#primaryimage\"},\"image\":{\"@id\":\"https:\/\/muchogusto.nl\/produkt\/mucho-gusto-dress-helsinki-circle-chain-patchwork\/#primaryimage\"},\"thumbnailUrl\":\"https:\/\/muchogusto.nl\/wp-content\/uploads\/2025\/10\/C52HEL030-scaled.jpg\",\"datePublished\":\"2025-10-13T08:20:40+00:00\",\"dateModified\":\"2026-03-02T11:02:38+00:00\",\"description\":\"Entdecken Sie das MUCHO GUSTO\u00ae Dress Helsinki Kreis Chain Patchwork \u2013 ein Seiden-Midikleid mit blau-goldenem Kettenmuster. Dutch Design trifft Eleganz.\",\"breadcrumb\":{\"@id\":\"https:\/\/muchogusto.nl\/produkt\/mucho-gusto-dress-helsinki-circle-chain-patchwork\/#breadcrumb\"},\"inLanguage\":\"de-DE\",\"potentialAction\":[{\"@type\":\"ReadAction\",\"target\":[\"https:\/\/muchogusto.nl\/produkt\/mucho-gusto-dress-helsinki-circle-chain-patchwork\/\"]}]},{\"@type\":\"ImageObject\",\"inLanguage\":\"de-DE\",\"@id\":\"https:\/\/muchogusto.nl\/produkt\/mucho-gusto-dress-helsinki-circle-chain-patchwork\/#primaryimage\",\"url\":\"https:\/\/muchogusto.nl\/wp-content\/uploads\/2025\/10\/C52HEL030-scaled.jpg\",\"contentUrl\":\"https:\/\/muchogusto.nl\/wp-content\/uploads\/2025\/10\/C52HEL030-scaled.jpg\",\"width\":1920,\"height\":2560,\"caption\":\"MUCHO GUSTO\u00ae Dress Helsinki Kreis Chain Patchwork\"},{\"@type\":\"BreadcrumbList\",\"@id\":\"https:\/\/muchogusto.nl\/produkt\/mucho-gusto-dress-helsinki-circle-chain-patchwork\/#breadcrumb\",\"itemListElement\":[{\"@type\":\"ListItem\",\"position\":1,\"name\":\"Home\",\"item\":\"https:\/\/muchogusto.nl\/de\/\"},{\"@type\":\"ListItem\",\"position\":2,\"name\":\"Shop\",\"item\":\"https:\/\/muchogusto.nl\/de\/shop-2\/\"},{\"@type\":\"ListItem\",\"position\":3,\"name\":\"MUCHO GUSTO\u00ae Dress Helsinki Kreis Chain Patchwork\"}]},{\"@type\":\"WebSite\",\"@id\":\"https:\/\/muchogusto.nl\/#website\",\"url\":\"https:\/\/muchogusto.nl\/\",\"name\":\"muchogusto.nl\",\"description\":\"\",\"publisher\":{\"@id\":\"https:\/\/muchogusto.nl\/#organization\"},\"potentialAction\":[{\"@type\":\"SearchAction\",\"target\":{\"@type\":\"EntryPoint\",\"urlTemplate\":\"https:\/\/muchogusto.nl\/?s={search_term_string}\"},\"query-input\":{\"@type\":\"PropertyValueSpecification\",\"valueRequired\":true,\"valueName\":\"search_term_string\"}}],\"inLanguage\":\"de-DE\"},{\"@type\":\"Organization\",\"@id\":\"https:\/\/muchogusto.nl\/#organization\",\"name\":\"Mucho Gusto\",\"url\":\"https:\/\/muchogusto.nl\/\",\"logo\":{\"@type\":\"ImageObject\",\"inLanguage\":\"de-DE\",\"@id\":\"https:\/\/muchogusto.nl\/#\/schema\/logo\/image\/\",\"url\":\"https:\/\/muchogusto.nl\/wp-content\/uploads\/2022\/08\/logo_header.svg\",\"contentUrl\":\"https:\/\/muchogusto.nl\/wp-content\/uploads\/2022\/08\/logo_header.svg\",\"caption\":\"Mucho Gusto\"},\"image\":{\"@id\":\"https:\/\/muchogusto.nl\/#\/schema\/logo\/image\/\"},\"sameAs\":[\"https:\/\/www.facebook.com\/muchogusto.nl\/\",\"https:\/\/www.instagram.com\/muchogusto.nl\/\"]}]}<\/script>\n<!-- \/ Yoast SEO Premium plugin. -->","yoast_head_json":{"title":"MUCHO GUSTO\u00ae Dress Helsinki Kreis Chain Patchwork","description":"Entdecken Sie das MUCHO GUSTO\u00ae Dress Helsinki Kreis Chain Patchwork \u2013 ein Seiden-Midikleid mit blau-goldenem Kettenmuster. Dutch Design trifft Eleganz.","robots":{"index":"index","follow":"follow","max-snippet":"max-snippet:-1","max-image-preview":"max-image-preview:large","max-video-preview":"max-video-preview:-1"},"canonical":"https:\/\/muchogusto.nl\/produkt\/mucho-gusto-dress-helsinki-circle-chain-patchwork\/","og_locale":"de_DE","og_type":"article","og_title":"MUCHO GUSTO\u00ae Dress Helsinki Kreis Chain Patchwork","og_description":"Entdecken Sie das MUCHO GUSTO\u00ae Dress Helsinki Kreis Chain Patchwork \u2013 ein Seiden-Midikleid mit blau-goldenem Kettenmuster. Dutch Design trifft Eleganz.","og_url":"https:\/\/muchogusto.nl\/produkt\/mucho-gusto-dress-helsinki-circle-chain-patchwork\/","og_site_name":"Mucho Gusto","article_publisher":"https:\/\/www.facebook.com\/muchogusto.nl\/","article_modified_time":"2026-03-02T11:02:38+00:00","og_image":[{"width":1920,"height":2560,"url":"http:\/\/muchogusto.nl\/wp-content\/uploads\/2025\/10\/C52HEL030-scaled.jpg","type":"image\/jpeg"}],"twitter_card":"summary_large_image","twitter_misc":{"Est. reading time":"2 minutes"},"schema":{"@context":"https:\/\/schema.org","@graph":[{"@type":"WebPage","@id":"https:\/\/muchogusto.nl\/produkt\/mucho-gusto-dress-helsinki-circle-chain-patchwork\/","url":"https:\/\/muchogusto.nl\/produkt\/mucho-gusto-dress-helsinki-circle-chain-patchwork\/","name":"MUCHO GUSTO\u00ae Dress Helsinki Kreis Chain Patchwork","isPartOf":{"@id":"https:\/\/muchogusto.nl\/#website"},"primaryImageOfPage":{"@id":"https:\/\/muchogusto.nl\/produkt\/mucho-gusto-dress-helsinki-circle-chain-patchwork\/#primaryimage"},"image":{"@id":"https:\/\/muchogusto.nl\/produkt\/mucho-gusto-dress-helsinki-circle-chain-patchwork\/#primaryimage"},"thumbnailUrl":"https:\/\/muchogusto.nl\/wp-content\/uploads\/2025\/10\/C52HEL030-scaled.jpg","datePublished":"2025-10-13T08:20:40+00:00","dateModified":"2026-03-02T11:02:38+00:00","description":"Entdecken Sie das MUCHO GUSTO\u00ae Dress Helsinki Kreis Chain Patchwork \u2013 ein Seiden-Midikleid mit blau-goldenem Kettenmuster. Dutch Design trifft Eleganz.","breadcrumb":{"@id":"https:\/\/muchogusto.nl\/produkt\/mucho-gusto-dress-helsinki-circle-chain-patchwork\/#breadcrumb"},"inLanguage":"de-DE","potentialAction":[{"@type":"ReadAction","target":["https:\/\/muchogusto.nl\/produkt\/mucho-gusto-dress-helsinki-circle-chain-patchwork\/"]}]},{"@type":"ImageObject","inLanguage":"de-DE","@id":"https:\/\/muchogusto.nl\/produkt\/mucho-gusto-dress-helsinki-circle-chain-patchwork\/#primaryimage","url":"https:\/\/muchogusto.nl\/wp-content\/uploads\/2025\/10\/C52HEL030-scaled.jpg","contentUrl":"https:\/\/muchogusto.nl\/wp-content\/uploads\/2025\/10\/C52HEL030-scaled.jpg","width":1920,"height":2560,"caption":"MUCHO GUSTO\u00ae Dress Helsinki Kreis Chain Patchwork"},{"@type":"BreadcrumbList","@id":"https:\/\/muchogusto.nl\/produkt\/mucho-gusto-dress-helsinki-circle-chain-patchwork\/#breadcrumb","itemListElement":[{"@type":"ListItem","position":1,"name":"Home","item":"https:\/\/muchogusto.nl\/de\/"},{"@type":"ListItem","position":2,"name":"Shop","item":"https:\/\/muchogusto.nl\/de\/shop-2\/"},{"@type":"ListItem","position":3,"name":"MUCHO GUSTO\u00ae Dress Helsinki Kreis Chain Patchwork"}]},{"@type":"WebSite","@id":"https:\/\/muchogusto.nl\/#website","url":"https:\/\/muchogusto.nl\/","name":"muchogusto.nl","description":"","publisher":{"@id":"https:\/\/muchogusto.nl\/#organization"},"potentialAction":[{"@type":"SearchAction","target":{"@type":"EntryPoint","urlTemplate":"https:\/\/muchogusto.nl\/?s={search_term_string}"},"query-input":{"@type":"PropertyValueSpecification","valueRequired":true,"valueName":"search_term_string"}}],"inLanguage":"de-DE"},{"@type":"Organization","@id":"https:\/\/muchogusto.nl\/#organization","name":"Mucho Gusto","url":"https:\/\/muchogusto.nl\/","logo":{"@type":"ImageObject","inLanguage":"de-DE","@id":"https:\/\/muchogusto.nl\/#\/schema\/logo\/image\/","url":"https:\/\/muchogusto.nl\/wp-content\/uploads\/2022\/08\/logo_header.svg","contentUrl":"https:\/\/muchogusto.nl\/wp-content\/uploads\/2022\/08\/logo_header.svg","caption":"Mucho Gusto"},"image":{"@id":"https:\/\/muchogusto.nl\/#\/schema\/logo\/image\/"},"sameAs":["https:\/\/www.facebook.com\/muchogusto.nl\/","https:\/\/www.instagram.com\/muchogusto.nl\/"]}]}},"_links":{"self":[{"href":"https:\/\/muchogusto.nl\/de\/wp-json\/wp\/v2\/product\/50941","targetHints":{"allow":["GET"]}}],"collection":[{"href":"https:\/\/muchogusto.nl\/de\/wp-json\/wp\/v2\/product"}],"about":[{"href":"https:\/\/muchogusto.nl\/de\/wp-json\/wp\/v2\/types\/product"}],"replies":[{"embeddable":true,"href":"https:\/\/muchogusto.nl\/de\/wp-json\/wp\/v2\/comments?post=50941"}],"wp:featuredmedia":[{"embeddable":true,"href":"https:\/\/muchogusto.nl\/de\/wp-json\/wp\/v2\/media\/50776"}],"wp:attachment":[{"href":"https:\/\/muchogusto.nl\/de\/wp-json\/wp\/v2\/media?parent=50941"}],"wp:term":[{"taxonomy":"product_brand","embeddable":true,"href":"https:\/\/muchogusto.nl\/de\/wp-json\/wp\/v2\/product_brand?post=50941"},{"taxonomy":"product_cat","embeddable":true,"href":"https:\/\/muchogusto.nl\/de\/wp-json\/wp\/v2\/product_cat?post=50941"},{"taxonomy":"product_tag","embeddable":true,"href":"https:\/\/muchogusto.nl\/de\/wp-json\/wp\/v2\/product_tag?post=50941"}],"curies":[{"name":"wp","href":"https:\/\/api.w.org\/{rel}","templated":true}]}}