{"id":50931,"date":"2025-10-13T10:15:41","date_gmt":"2025-10-13T08:15:41","guid":{"rendered":"https:\/\/muchogusto.nl\/product\/mucho-gusto-sjaal-wool-burgundy-chain-harmony\/"},"modified":"2026-03-02T12:02:38","modified_gmt":"2026-03-02T11:02:38","slug":"mucho-gusto-schal-wool-burgundy-chain-harmony","status":"publish","type":"product","link":"https:\/\/muchogusto.nl\/de\/produkt\/mucho-gusto-schal-wool-burgundy-chain-harmony\/","title":{"rendered":"MUCHO GUSTO\u00ae Schal Wool Burgundy Chain Harmony"},"content":{"rendered":"<h3 data-start=\"1655\" data-end=\"1680\">DETAILS ZUM PRODUKT<\/h3>\n<p data-start=\"1682\" data-end=\"1734\"><strong data-start=\"1682\" data-end=\"1732\">MUCHO GUSTO\u00ae Schal Wool Burgundy Chain Harmony<\/strong><\/p>\n<p data-start=\"1736\" data-end=\"2102\">Tauchen Sie ein in luxuri\u00f6se W\u00e4rme mit dem MUCHO GUSTO\u00ae Schal Wool Burgundy Chain Harmony \u2014 ein eleganter dreieckiger Schal aus 100% Wolle, der Komfort und Stil perfekt vereint. Das raffinierte Kettenmuster in satten Bordeaux- und Goldt\u00f6nen verleiht Ihrem Outfit einen Hauch von Glamour, w\u00e4hrend die weiche Textur und die Fransen einen femininen Akzent setzen.<\/p>\n<p data-start=\"2104\" data-end=\"2313\">Tragen Sie ihn leger \u00fcber den Schultern oder modisch um den Hals f\u00fcr einen stilvollen Auftritt. Dieser Designer-Schal erg\u00e4nzt m\u00fchelos M\u00e4ntel, Strickwaren und Blazer f\u00fcr einen eleganten Look bei jedem Anlass.<\/p>\n<p data-start=\"2315\" data-end=\"2532\"><strong data-start=\"2315\" data-end=\"2331\">Dutch Design<\/strong><br data-start=\"2331\" data-end=\"2334\" \/><strong data-start=\"2334\" data-end=\"2347\">Material:<\/strong> 100% Wolle<br data-start=\"2358\" data-end=\"2361\" \/><strong data-start=\"2361\" data-end=\"2370\">Ma\u00dfe:<\/strong> 130 x 80 x 80 cm<br data-start=\"2387\" data-end=\"2390\" \/><strong data-start=\"2390\" data-end=\"2399\">Form:<\/strong> Dreieckig<br data-start=\"2409\" data-end=\"2412\" \/><strong data-start=\"2412\" data-end=\"2423\">Design:<\/strong> Kettenmuster in Bordeaux-, Gold- und Beiget\u00f6nen<br data-start=\"2471\" data-end=\"2474\" \/><strong data-start=\"2474\" data-end=\"2490\">Farbpalette:<\/strong> Bordeaux, Gold, Beige und sanftes Braun<\/p>\n<p data-start=\"2534\" data-end=\"2849\"><strong data-start=\"2534\" data-end=\"2554\">PASSENDE ARTIKEL<\/strong><br data-start=\"2554\" data-end=\"2557\" \/>Kombinieren Sie Ihr Outfit mit einem unserer passenden <a class=\"decorated-link cursor-pointer\" target=\"_new\" rel=\"noopener\" data-start=\"2612\" data-end=\"2657\">Bekleidung<\/a>.<br data-start=\"2658\" data-end=\"2661\" \/>M\u00f6chten Sie weitere <a class=\"decorated-link cursor-pointer\" target=\"_new\" rel=\"noopener\" data-start=\"2681\" data-end=\"2719\">Schals<\/a> entdecken?<br data-start=\"2730\" data-end=\"2733\" \/>Oder suchen Sie nach mehr Inspiration? Besuchen Sie uns auf <a class=\"decorated-link\" href=\"https:\/\/www.instagram.com\/muchogusto.nl\/\" target=\"_new\" rel=\"noopener\" data-start=\"2793\" data-end=\"2846\">Instagram<\/a>.<\/p>\n<p data-start=\"2851\" data-end=\"3009\"><strong data-start=\"2851\" data-end=\"2874\">BRAUCHEN SIE HILFE?<\/strong><br data-start=\"2874\" data-end=\"2877\" \/>Wenn Sie Fragen zu diesem Artikel oder zur Gr\u00f6\u00dfe haben, wenden Sie sich bitte an unser Customer Care Team unter <a class=\"decorated-link cursor-pointer\" rel=\"noopener\" data-start=\"2989\" data-end=\"3006\">web@muchogusto.nl<\/a>.<\/p>\n","protected":false},"excerpt":{"rendered":"<p>DETAILS ZUM PRODUKT MUCHO GUSTO\u00ae Schal Wool Burgundy Chain Harmony Tauchen Sie ein in luxuri\u00f6se W\u00e4rme mit dem MUCHO GUSTO\u00ae Schal Wool Burgundy Chain Harmony \u2014 ein eleganter dreieckiger Schal aus 100% Wolle, der Komfort und Stil perfekt vereint. Das raffinierte Kettenmuster in satten Bordeaux- und Goldt\u00f6nen verleiht Ihrem Outfit einen Hauch von Glamour, w\u00e4hrend [&hellip;]<\/p>\n","protected":false},"featured_media":50919,"comment_status":"open","ping_status":"closed","template":"","meta":{"_acf_changed":false,"inline_featured_image":false,"navigation_state":false,"_genesis_hide_title":false,"_genesis_hide_breadcrumbs":false,"_genesis_hide_singular_image":false,"_genesis_hide_footer_widgets":false,"_genesis_custom_body_class":"","_genesis_custom_post_class":"","_genesis_layout":""},"product_brand":[],"product_cat":[87],"product_tag":[],"class_list":{"0":"post-50931","1":"product","2":"type-product","3":"status-publish","4":"has-post-thumbnail","6":"product_cat-schals","7":"entry","9":"first","10":"instock","11":"sale","12":"taxable","13":"shipping-taxable","14":"purchasable","15":"product-type-simple"},"acf":[],"yoast_head":"<!-- This site is optimized with the Yoast SEO Premium plugin v27.2 (Yoast SEO v27.2) - https:\/\/yoast.com\/product\/yoast-seo-premium-wordpress\/ -->\n<title>MUCHO GUSTO\u00ae Schal Wool Burgundy Chain Harmony - Mucho Gusto<\/title>\n<meta name=\"description\" content=\"Entdecken Sie den MUCHO GUSTO\u00ae Schal Wool Burgundy Chain Harmony \u2013 ein 100% Woll-Dreiecksschal mit Kettenmuster in satten Bordeaux-T\u00f6nen. Dutch Design trifft zeitlose Eleganz.\" \/>\n<meta name=\"robots\" content=\"index, follow, max-snippet:-1, max-image-preview:large, max-video-preview:-1\" \/>\n<link rel=\"canonical\" href=\"https:\/\/muchogusto.nl\/de\/produkt\/mucho-gusto-schal-wool-burgundy-chain-harmony\/\" \/>\n<meta property=\"og:locale\" content=\"de_DE\" \/>\n<meta property=\"og:type\" content=\"article\" \/>\n<meta property=\"og:title\" content=\"MUCHO GUSTO\u00ae Schal Wool Burgundy Chain Harmony\" \/>\n<meta property=\"og:description\" content=\"Entdecken Sie den MUCHO GUSTO\u00ae Schal Wool Burgundy Chain Harmony \u2013 ein 100% Woll-Dreiecksschal mit Kettenmuster in satten Bordeaux-T\u00f6nen. Dutch Design trifft zeitlose Eleganz.\" \/>\n<meta property=\"og:url\" content=\"https:\/\/muchogusto.nl\/de\/produkt\/mucho-gusto-schal-wool-burgundy-chain-harmony\/\" \/>\n<meta property=\"og:site_name\" content=\"Mucho Gusto\" \/>\n<meta property=\"article:publisher\" content=\"https:\/\/www.facebook.com\/muchogusto.nl\/\" \/>\n<meta property=\"article:modified_time\" content=\"2026-03-02T11:02:38+00:00\" \/>\n<meta property=\"og:image\" content=\"https:\/\/muchogusto.nl\/wp-content\/uploads\/2025\/10\/wool-scaled.jpg\" \/>\n\t<meta property=\"og:image:width\" content=\"1920\" \/>\n\t<meta property=\"og:image:height\" content=\"2560\" \/>\n\t<meta property=\"og:image:type\" content=\"image\/jpeg\" \/>\n<meta name=\"twitter:card\" content=\"summary_large_image\" \/>\n<meta name=\"twitter:label1\" content=\"Est. reading time\" \/>\n\t<meta name=\"twitter:data1\" content=\"1 minute\" \/>\n<script type=\"application\/ld+json\" class=\"yoast-schema-graph\">{\"@context\":\"https:\/\/schema.org\",\"@graph\":[{\"@type\":\"WebPage\",\"@id\":\"https:\/\/muchogusto.nl\/de\/produkt\/mucho-gusto-schal-wool-burgundy-chain-harmony\/\",\"url\":\"https:\/\/muchogusto.nl\/de\/produkt\/mucho-gusto-schal-wool-burgundy-chain-harmony\/\",\"name\":\"MUCHO GUSTO\u00ae Schal Wool Burgundy Chain Harmony - Mucho Gusto\",\"isPartOf\":{\"@id\":\"https:\/\/muchogusto.nl\/#website\"},\"primaryImageOfPage\":{\"@id\":\"https:\/\/muchogusto.nl\/de\/produkt\/mucho-gusto-schal-wool-burgundy-chain-harmony\/#primaryimage\"},\"image\":{\"@id\":\"https:\/\/muchogusto.nl\/de\/produkt\/mucho-gusto-schal-wool-burgundy-chain-harmony\/#primaryimage\"},\"thumbnailUrl\":\"https:\/\/muchogusto.nl\/wp-content\/uploads\/2025\/10\/wool-scaled.jpg\",\"datePublished\":\"2025-10-13T08:15:41+00:00\",\"dateModified\":\"2026-03-02T11:02:38+00:00\",\"description\":\"Entdecken Sie den MUCHO GUSTO\u00ae Schal Wool Burgundy Chain Harmony \u2013 ein 100% Woll-Dreiecksschal mit Kettenmuster in satten Bordeaux-T\u00f6nen. Dutch Design trifft zeitlose Eleganz.\",\"breadcrumb\":{\"@id\":\"https:\/\/muchogusto.nl\/de\/produkt\/mucho-gusto-schal-wool-burgundy-chain-harmony\/#breadcrumb\"},\"inLanguage\":\"de-DE\",\"potentialAction\":[{\"@type\":\"ReadAction\",\"target\":[\"https:\/\/muchogusto.nl\/de\/produkt\/mucho-gusto-schal-wool-burgundy-chain-harmony\/\"]}]},{\"@type\":\"ImageObject\",\"inLanguage\":\"de-DE\",\"@id\":\"https:\/\/muchogusto.nl\/de\/produkt\/mucho-gusto-schal-wool-burgundy-chain-harmony\/#primaryimage\",\"url\":\"https:\/\/muchogusto.nl\/wp-content\/uploads\/2025\/10\/wool-scaled.jpg\",\"contentUrl\":\"https:\/\/muchogusto.nl\/wp-content\/uploads\/2025\/10\/wool-scaled.jpg\",\"width\":1920,\"height\":2560,\"caption\":\"MUCHO GUSTO\u00ae Scarf Wool Burgundy Chain Harmony\"},{\"@type\":\"BreadcrumbList\",\"@id\":\"https:\/\/muchogusto.nl\/de\/produkt\/mucho-gusto-schal-wool-burgundy-chain-harmony\/#breadcrumb\",\"itemListElement\":[{\"@type\":\"ListItem\",\"position\":1,\"name\":\"Home\",\"item\":\"https:\/\/muchogusto.nl\/de\/\"},{\"@type\":\"ListItem\",\"position\":2,\"name\":\"Shop\",\"item\":\"https:\/\/muchogusto.nl\/de\/shop-2\/\"},{\"@type\":\"ListItem\",\"position\":3,\"name\":\"MUCHO GUSTO\u00ae Schal Wool Burgundy Chain Harmony\"}]},{\"@type\":\"WebSite\",\"@id\":\"https:\/\/muchogusto.nl\/#website\",\"url\":\"https:\/\/muchogusto.nl\/\",\"name\":\"muchogusto.nl\",\"description\":\"\",\"publisher\":{\"@id\":\"https:\/\/muchogusto.nl\/#organization\"},\"potentialAction\":[{\"@type\":\"SearchAction\",\"target\":{\"@type\":\"EntryPoint\",\"urlTemplate\":\"https:\/\/muchogusto.nl\/?s={search_term_string}\"},\"query-input\":{\"@type\":\"PropertyValueSpecification\",\"valueRequired\":true,\"valueName\":\"search_term_string\"}}],\"inLanguage\":\"de-DE\"},{\"@type\":\"Organization\",\"@id\":\"https:\/\/muchogusto.nl\/#organization\",\"name\":\"Mucho Gusto\",\"url\":\"https:\/\/muchogusto.nl\/\",\"logo\":{\"@type\":\"ImageObject\",\"inLanguage\":\"de-DE\",\"@id\":\"https:\/\/muchogusto.nl\/#\/schema\/logo\/image\/\",\"url\":\"https:\/\/muchogusto.nl\/wp-content\/uploads\/2022\/08\/logo_header.svg\",\"contentUrl\":\"https:\/\/muchogusto.nl\/wp-content\/uploads\/2022\/08\/logo_header.svg\",\"caption\":\"Mucho Gusto\"},\"image\":{\"@id\":\"https:\/\/muchogusto.nl\/#\/schema\/logo\/image\/\"},\"sameAs\":[\"https:\/\/www.facebook.com\/muchogusto.nl\/\",\"https:\/\/www.instagram.com\/muchogusto.nl\/\"]}]}<\/script>\n<!-- \/ Yoast SEO Premium plugin. -->","yoast_head_json":{"title":"MUCHO GUSTO\u00ae Schal Wool Burgundy Chain Harmony - Mucho Gusto","description":"Entdecken Sie den MUCHO GUSTO\u00ae Schal Wool Burgundy Chain Harmony \u2013 ein 100% Woll-Dreiecksschal mit Kettenmuster in satten Bordeaux-T\u00f6nen. Dutch Design trifft zeitlose Eleganz.","robots":{"index":"index","follow":"follow","max-snippet":"max-snippet:-1","max-image-preview":"max-image-preview:large","max-video-preview":"max-video-preview:-1"},"canonical":"https:\/\/muchogusto.nl\/de\/produkt\/mucho-gusto-schal-wool-burgundy-chain-harmony\/","og_locale":"de_DE","og_type":"article","og_title":"MUCHO GUSTO\u00ae Schal Wool Burgundy Chain Harmony","og_description":"Entdecken Sie den MUCHO GUSTO\u00ae Schal Wool Burgundy Chain Harmony \u2013 ein 100% Woll-Dreiecksschal mit Kettenmuster in satten Bordeaux-T\u00f6nen. Dutch Design trifft zeitlose Eleganz.","og_url":"https:\/\/muchogusto.nl\/de\/produkt\/mucho-gusto-schal-wool-burgundy-chain-harmony\/","og_site_name":"Mucho Gusto","article_publisher":"https:\/\/www.facebook.com\/muchogusto.nl\/","article_modified_time":"2026-03-02T11:02:38+00:00","og_image":[{"width":1920,"height":2560,"url":"https:\/\/muchogusto.nl\/wp-content\/uploads\/2025\/10\/wool-scaled.jpg","type":"image\/jpeg"}],"twitter_card":"summary_large_image","twitter_misc":{"Est. reading time":"1 minute"},"schema":{"@context":"https:\/\/schema.org","@graph":[{"@type":"WebPage","@id":"https:\/\/muchogusto.nl\/de\/produkt\/mucho-gusto-schal-wool-burgundy-chain-harmony\/","url":"https:\/\/muchogusto.nl\/de\/produkt\/mucho-gusto-schal-wool-burgundy-chain-harmony\/","name":"MUCHO GUSTO\u00ae Schal Wool Burgundy Chain Harmony - Mucho Gusto","isPartOf":{"@id":"https:\/\/muchogusto.nl\/#website"},"primaryImageOfPage":{"@id":"https:\/\/muchogusto.nl\/de\/produkt\/mucho-gusto-schal-wool-burgundy-chain-harmony\/#primaryimage"},"image":{"@id":"https:\/\/muchogusto.nl\/de\/produkt\/mucho-gusto-schal-wool-burgundy-chain-harmony\/#primaryimage"},"thumbnailUrl":"https:\/\/muchogusto.nl\/wp-content\/uploads\/2025\/10\/wool-scaled.jpg","datePublished":"2025-10-13T08:15:41+00:00","dateModified":"2026-03-02T11:02:38+00:00","description":"Entdecken Sie den MUCHO GUSTO\u00ae Schal Wool Burgundy Chain Harmony \u2013 ein 100% Woll-Dreiecksschal mit Kettenmuster in satten Bordeaux-T\u00f6nen. Dutch Design trifft zeitlose Eleganz.","breadcrumb":{"@id":"https:\/\/muchogusto.nl\/de\/produkt\/mucho-gusto-schal-wool-burgundy-chain-harmony\/#breadcrumb"},"inLanguage":"de-DE","potentialAction":[{"@type":"ReadAction","target":["https:\/\/muchogusto.nl\/de\/produkt\/mucho-gusto-schal-wool-burgundy-chain-harmony\/"]}]},{"@type":"ImageObject","inLanguage":"de-DE","@id":"https:\/\/muchogusto.nl\/de\/produkt\/mucho-gusto-schal-wool-burgundy-chain-harmony\/#primaryimage","url":"https:\/\/muchogusto.nl\/wp-content\/uploads\/2025\/10\/wool-scaled.jpg","contentUrl":"https:\/\/muchogusto.nl\/wp-content\/uploads\/2025\/10\/wool-scaled.jpg","width":1920,"height":2560,"caption":"MUCHO GUSTO\u00ae Scarf Wool Burgundy Chain Harmony"},{"@type":"BreadcrumbList","@id":"https:\/\/muchogusto.nl\/de\/produkt\/mucho-gusto-schal-wool-burgundy-chain-harmony\/#breadcrumb","itemListElement":[{"@type":"ListItem","position":1,"name":"Home","item":"https:\/\/muchogusto.nl\/de\/"},{"@type":"ListItem","position":2,"name":"Shop","item":"https:\/\/muchogusto.nl\/de\/shop-2\/"},{"@type":"ListItem","position":3,"name":"MUCHO GUSTO\u00ae Schal Wool Burgundy Chain Harmony"}]},{"@type":"WebSite","@id":"https:\/\/muchogusto.nl\/#website","url":"https:\/\/muchogusto.nl\/","name":"muchogusto.nl","description":"","publisher":{"@id":"https:\/\/muchogusto.nl\/#organization"},"potentialAction":[{"@type":"SearchAction","target":{"@type":"EntryPoint","urlTemplate":"https:\/\/muchogusto.nl\/?s={search_term_string}"},"query-input":{"@type":"PropertyValueSpecification","valueRequired":true,"valueName":"search_term_string"}}],"inLanguage":"de-DE"},{"@type":"Organization","@id":"https:\/\/muchogusto.nl\/#organization","name":"Mucho Gusto","url":"https:\/\/muchogusto.nl\/","logo":{"@type":"ImageObject","inLanguage":"de-DE","@id":"https:\/\/muchogusto.nl\/#\/schema\/logo\/image\/","url":"https:\/\/muchogusto.nl\/wp-content\/uploads\/2022\/08\/logo_header.svg","contentUrl":"https:\/\/muchogusto.nl\/wp-content\/uploads\/2022\/08\/logo_header.svg","caption":"Mucho Gusto"},"image":{"@id":"https:\/\/muchogusto.nl\/#\/schema\/logo\/image\/"},"sameAs":["https:\/\/www.facebook.com\/muchogusto.nl\/","https:\/\/www.instagram.com\/muchogusto.nl\/"]}]}},"_links":{"self":[{"href":"https:\/\/muchogusto.nl\/de\/wp-json\/wp\/v2\/product\/50931","targetHints":{"allow":["GET"]}}],"collection":[{"href":"https:\/\/muchogusto.nl\/de\/wp-json\/wp\/v2\/product"}],"about":[{"href":"https:\/\/muchogusto.nl\/de\/wp-json\/wp\/v2\/types\/product"}],"replies":[{"embeddable":true,"href":"https:\/\/muchogusto.nl\/de\/wp-json\/wp\/v2\/comments?post=50931"}],"wp:featuredmedia":[{"embeddable":true,"href":"https:\/\/muchogusto.nl\/de\/wp-json\/wp\/v2\/media\/50919"}],"wp:attachment":[{"href":"https:\/\/muchogusto.nl\/de\/wp-json\/wp\/v2\/media?parent=50931"}],"wp:term":[{"taxonomy":"product_brand","embeddable":true,"href":"https:\/\/muchogusto.nl\/de\/wp-json\/wp\/v2\/product_brand?post=50931"},{"taxonomy":"product_cat","embeddable":true,"href":"https:\/\/muchogusto.nl\/de\/wp-json\/wp\/v2\/product_cat?post=50931"},{"taxonomy":"product_tag","embeddable":true,"href":"https:\/\/muchogusto.nl\/de\/wp-json\/wp\/v2\/product_tag?post=50931"}],"curies":[{"name":"wp","href":"https:\/\/api.w.org\/{rel}","templated":true}]}}