{"id":50870,"date":"2025-10-10T12:58:39","date_gmt":"2025-10-10T10:58:39","guid":{"rendered":"https:\/\/muchogusto.nl\/product\/mucho-gusto-sjaal-kiev-silk-serenity\/"},"modified":"2026-03-02T12:02:38","modified_gmt":"2026-03-02T11:02:38","slug":"mucho-gusto-schal-kiev-silk-serenity","status":"publish","type":"product","link":"https:\/\/muchogusto.nl\/de\/produkt\/mucho-gusto-schal-kiev-silk-serenity\/","title":{"rendered":"MUCHO GUSTO\u00ae Schal Kiev Silk Serenity"},"content":{"rendered":"<h3 data-start=\"0\" data-end=\"25\">DETAILS ZUM PRODUKT<\/h3>\n<p data-start=\"27\" data-end=\"70\"><strong data-start=\"27\" data-end=\"68\">MUCHO GUSTO\u00ae Schal Kiev Silk Serenity<\/strong><\/p>\n<p data-start=\"72\" data-end=\"392\">Erleben Sie pure Raffinesse mit dem MUCHO GUSTO\u00ae Schal Kiev Silk Serenity \u2013 ein luxuri\u00f6ser Seidenschal, der Leichtigkeit und Eleganz perfekt vereint. Der sanfte Farbverlauf aus Blau-, Taupe- und Fliedert\u00f6nen harmoniert wunderbar mit dem zarten Paisley-Muster und verleiht dem Design eine ruhige, feminine Ausstrahlung.<\/p>\n<p data-start=\"394\" data-end=\"670\">Gefertigt aus 100% reiner Seide, f\u00fchlt sich dieser dreieckige Schal besonders weich und glatt auf der Haut an. Dank seines dezenten Glanzes und flie\u00dfenden Falls ist er das ideale Accessoire f\u00fcr elegante und legere Outfits \u2013 ein stilvolles Beispiel f\u00fcr modernes Dutch Design.<\/p>\n<p data-start=\"672\" data-end=\"831\"><strong data-start=\"672\" data-end=\"688\">Dutch Design<\/strong><br data-start=\"688\" data-end=\"691\" \/><strong data-start=\"691\" data-end=\"704\">Material:<\/strong> 100% Seide<br data-start=\"715\" data-end=\"718\" \/><strong data-start=\"718\" data-end=\"727\">Ma\u00dfe:<\/strong> 130 x 70 x 70 cm<br data-start=\"744\" data-end=\"747\" \/><strong data-start=\"747\" data-end=\"756\">Form:<\/strong> Dreieckig<br data-start=\"766\" data-end=\"769\" \/><strong data-start=\"769\" data-end=\"780\">Design:<\/strong> Paisley-Muster in Blau-, Taupe- und Fliedert\u00f6nen<\/p>\n<h3 data-start=\"833\" data-end=\"855\">PASSENDE ARTIKEL<\/h3>\n<p data-start=\"856\" data-end=\"1148\">Kombinieren Sie Ihr Outfit mit einem unserer passenden <a class=\"decorated-link\" href=\"https:\/\/muchogusto.nl\/clothing\/\" target=\"_new\" rel=\"noopener\" data-start=\"911\" data-end=\"956\">Bekleidung<\/a>.<br data-start=\"957\" data-end=\"960\" \/>M\u00f6chten Sie weitere <a class=\"decorated-link\" href=\"https:\/\/muchogusto.nl\/de\/schals\/\" target=\"_new\" rel=\"noopener\" data-start=\"980\" data-end=\"1018\">Schals<\/a> entdecken?<br data-start=\"1029\" data-end=\"1032\" \/>Oder suchen Sie nach mehr Inspiration? Besuchen Sie uns auf <a class=\"decorated-link\" href=\"https:\/\/www.instagram.com\/muchogusto.nl\/\" target=\"_new\" rel=\"noopener\" data-start=\"1092\" data-end=\"1145\">Instagram<\/a>.<\/p>\n<h3 data-start=\"1150\" data-end=\"1175\">BRAUCHEN SIE HILFE?<\/h3>\n<p data-start=\"1176\" data-end=\"1334\">Wenn Sie Fragen zu diesem Artikel oder zur Gr\u00f6\u00dfe haben, wenden Sie sich bitte an unser Customer Care Team via <a class=\"decorated-link cursor-pointer\" rel=\"noopener\" data-start=\"1286\" data-end=\"1331\">web@muchogusto.nl<\/a>.<\/p>\n","protected":false},"excerpt":{"rendered":"<p>DETAILS ZUM PRODUKT MUCHO GUSTO\u00ae Schal Kiev Silk Serenity Erleben Sie pure Raffinesse mit dem MUCHO GUSTO\u00ae Schal Kiev Silk Serenity \u2013 ein luxuri\u00f6ser Seidenschal, der Leichtigkeit und Eleganz perfekt vereint. Der sanfte Farbverlauf aus Blau-, Taupe- und Fliedert\u00f6nen harmoniert wunderbar mit dem zarten Paisley-Muster und verleiht dem Design eine ruhige, feminine Ausstrahlung. Gefertigt aus [&hellip;]<\/p>\n","protected":false},"featured_media":50864,"comment_status":"open","ping_status":"closed","template":"","meta":{"_acf_changed":false,"inline_featured_image":false,"navigation_state":false,"_genesis_hide_title":false,"_genesis_hide_breadcrumbs":false,"_genesis_hide_singular_image":false,"_genesis_hide_footer_widgets":false,"_genesis_custom_body_class":"","_genesis_custom_post_class":"","_genesis_layout":""},"product_brand":[],"product_cat":[87],"product_tag":[],"class_list":{"0":"post-50870","1":"product","2":"type-product","3":"status-publish","4":"has-post-thumbnail","6":"product_cat-schals","7":"entry","9":"first","10":"instock","11":"sale","12":"taxable","13":"shipping-taxable","14":"purchasable","15":"product-type-simple"},"acf":[],"yoast_head":"<!-- This site is optimized with the Yoast SEO Premium plugin v27.2 (Yoast SEO v27.2) - https:\/\/yoast.com\/product\/yoast-seo-premium-wordpress\/ -->\n<title>MUCHO GUSTO\u00ae Schal Kiev Silk Serenity - Mucho Gusto<\/title>\n<meta name=\"description\" content=\"Entdecken Sie den MUCHO GUSTO\u00ae Schal Kiev Silk Serenity \u2013 ein 100% Seidendreiecksschal mit Paisley-Muster in Blau, Taupe und Flieder. Dutch Design.\" \/>\n<meta name=\"robots\" content=\"index, follow, max-snippet:-1, max-image-preview:large, max-video-preview:-1\" \/>\n<link rel=\"canonical\" href=\"https:\/\/muchogusto.nl\/de\/produkt\/mucho-gusto-schal-kiev-silk-serenity\/\" \/>\n<meta property=\"og:locale\" content=\"de_DE\" \/>\n<meta property=\"og:type\" content=\"article\" \/>\n<meta property=\"og:title\" content=\"MUCHO GUSTO\u00ae Schal Kiev Silk Serenity\" \/>\n<meta property=\"og:description\" content=\"Entdecken Sie den MUCHO GUSTO\u00ae Schal Kiev Silk Serenity \u2013 ein 100% Seidendreiecksschal mit Paisley-Muster in Blau, Taupe und Flieder. Dutch Design.\" \/>\n<meta property=\"og:url\" content=\"https:\/\/muchogusto.nl\/de\/produkt\/mucho-gusto-schal-kiev-silk-serenity\/\" \/>\n<meta property=\"og:site_name\" content=\"Mucho Gusto\" \/>\n<meta property=\"article:publisher\" content=\"https:\/\/www.facebook.com\/muchogusto.nl\/\" \/>\n<meta property=\"article:modified_time\" content=\"2026-03-02T11:02:38+00:00\" \/>\n<meta property=\"og:image\" content=\"https:\/\/muchogusto.nl\/wp-content\/uploads\/2025\/10\/S52KIE007-scaled.jpg\" \/>\n\t<meta property=\"og:image:width\" content=\"1920\" \/>\n\t<meta property=\"og:image:height\" content=\"2560\" \/>\n\t<meta property=\"og:image:type\" content=\"image\/jpeg\" \/>\n<meta name=\"twitter:card\" content=\"summary_large_image\" \/>\n<meta name=\"twitter:label1\" content=\"Est. reading time\" \/>\n\t<meta name=\"twitter:data1\" content=\"1 minute\" \/>\n<script type=\"application\/ld+json\" class=\"yoast-schema-graph\">{\"@context\":\"https:\/\/schema.org\",\"@graph\":[{\"@type\":\"WebPage\",\"@id\":\"https:\/\/muchogusto.nl\/de\/produkt\/mucho-gusto-schal-kiev-silk-serenity\/\",\"url\":\"https:\/\/muchogusto.nl\/de\/produkt\/mucho-gusto-schal-kiev-silk-serenity\/\",\"name\":\"MUCHO GUSTO\u00ae Schal Kiev Silk Serenity - Mucho Gusto\",\"isPartOf\":{\"@id\":\"https:\/\/muchogusto.nl\/#website\"},\"primaryImageOfPage\":{\"@id\":\"https:\/\/muchogusto.nl\/de\/produkt\/mucho-gusto-schal-kiev-silk-serenity\/#primaryimage\"},\"image\":{\"@id\":\"https:\/\/muchogusto.nl\/de\/produkt\/mucho-gusto-schal-kiev-silk-serenity\/#primaryimage\"},\"thumbnailUrl\":\"https:\/\/muchogusto.nl\/wp-content\/uploads\/2025\/10\/S52KIE007-scaled.jpg\",\"datePublished\":\"2025-10-10T10:58:39+00:00\",\"dateModified\":\"2026-03-02T11:02:38+00:00\",\"description\":\"Entdecken Sie den MUCHO GUSTO\u00ae Schal Kiev Silk Serenity \u2013 ein 100% Seidendreiecksschal mit Paisley-Muster in Blau, Taupe und Flieder. Dutch Design.\",\"breadcrumb\":{\"@id\":\"https:\/\/muchogusto.nl\/de\/produkt\/mucho-gusto-schal-kiev-silk-serenity\/#breadcrumb\"},\"inLanguage\":\"de-DE\",\"potentialAction\":[{\"@type\":\"ReadAction\",\"target\":[\"https:\/\/muchogusto.nl\/de\/produkt\/mucho-gusto-schal-kiev-silk-serenity\/\"]}]},{\"@type\":\"ImageObject\",\"inLanguage\":\"de-DE\",\"@id\":\"https:\/\/muchogusto.nl\/de\/produkt\/mucho-gusto-schal-kiev-silk-serenity\/#primaryimage\",\"url\":\"https:\/\/muchogusto.nl\/wp-content\/uploads\/2025\/10\/S52KIE007-scaled.jpg\",\"contentUrl\":\"https:\/\/muchogusto.nl\/wp-content\/uploads\/2025\/10\/S52KIE007-scaled.jpg\",\"width\":1920,\"height\":2560,\"caption\":\"MUCHO GUSTO\u00ae Scarf Kiev Silk Serenity\"},{\"@type\":\"BreadcrumbList\",\"@id\":\"https:\/\/muchogusto.nl\/de\/produkt\/mucho-gusto-schal-kiev-silk-serenity\/#breadcrumb\",\"itemListElement\":[{\"@type\":\"ListItem\",\"position\":1,\"name\":\"Home\",\"item\":\"https:\/\/muchogusto.nl\/de\/\"},{\"@type\":\"ListItem\",\"position\":2,\"name\":\"Shop\",\"item\":\"https:\/\/muchogusto.nl\/de\/shop-2\/\"},{\"@type\":\"ListItem\",\"position\":3,\"name\":\"MUCHO GUSTO\u00ae Schal Kiev Silk Serenity\"}]},{\"@type\":\"WebSite\",\"@id\":\"https:\/\/muchogusto.nl\/#website\",\"url\":\"https:\/\/muchogusto.nl\/\",\"name\":\"muchogusto.nl\",\"description\":\"\",\"publisher\":{\"@id\":\"https:\/\/muchogusto.nl\/#organization\"},\"potentialAction\":[{\"@type\":\"SearchAction\",\"target\":{\"@type\":\"EntryPoint\",\"urlTemplate\":\"https:\/\/muchogusto.nl\/?s={search_term_string}\"},\"query-input\":{\"@type\":\"PropertyValueSpecification\",\"valueRequired\":true,\"valueName\":\"search_term_string\"}}],\"inLanguage\":\"de-DE\"},{\"@type\":\"Organization\",\"@id\":\"https:\/\/muchogusto.nl\/#organization\",\"name\":\"Mucho Gusto\",\"url\":\"https:\/\/muchogusto.nl\/\",\"logo\":{\"@type\":\"ImageObject\",\"inLanguage\":\"de-DE\",\"@id\":\"https:\/\/muchogusto.nl\/#\/schema\/logo\/image\/\",\"url\":\"https:\/\/muchogusto.nl\/wp-content\/uploads\/2022\/08\/logo_header.svg\",\"contentUrl\":\"https:\/\/muchogusto.nl\/wp-content\/uploads\/2022\/08\/logo_header.svg\",\"caption\":\"Mucho Gusto\"},\"image\":{\"@id\":\"https:\/\/muchogusto.nl\/#\/schema\/logo\/image\/\"},\"sameAs\":[\"https:\/\/www.facebook.com\/muchogusto.nl\/\",\"https:\/\/www.instagram.com\/muchogusto.nl\/\"]}]}<\/script>\n<!-- \/ Yoast SEO Premium plugin. -->","yoast_head_json":{"title":"MUCHO GUSTO\u00ae Schal Kiev Silk Serenity - Mucho Gusto","description":"Entdecken Sie den MUCHO GUSTO\u00ae Schal Kiev Silk Serenity \u2013 ein 100% Seidendreiecksschal mit Paisley-Muster in Blau, Taupe und Flieder. Dutch Design.","robots":{"index":"index","follow":"follow","max-snippet":"max-snippet:-1","max-image-preview":"max-image-preview:large","max-video-preview":"max-video-preview:-1"},"canonical":"https:\/\/muchogusto.nl\/de\/produkt\/mucho-gusto-schal-kiev-silk-serenity\/","og_locale":"de_DE","og_type":"article","og_title":"MUCHO GUSTO\u00ae Schal Kiev Silk Serenity","og_description":"Entdecken Sie den MUCHO GUSTO\u00ae Schal Kiev Silk Serenity \u2013 ein 100% Seidendreiecksschal mit Paisley-Muster in Blau, Taupe und Flieder. Dutch Design.","og_url":"https:\/\/muchogusto.nl\/de\/produkt\/mucho-gusto-schal-kiev-silk-serenity\/","og_site_name":"Mucho Gusto","article_publisher":"https:\/\/www.facebook.com\/muchogusto.nl\/","article_modified_time":"2026-03-02T11:02:38+00:00","og_image":[{"width":1920,"height":2560,"url":"https:\/\/muchogusto.nl\/wp-content\/uploads\/2025\/10\/S52KIE007-scaled.jpg","type":"image\/jpeg"}],"twitter_card":"summary_large_image","twitter_misc":{"Est. reading time":"1 minute"},"schema":{"@context":"https:\/\/schema.org","@graph":[{"@type":"WebPage","@id":"https:\/\/muchogusto.nl\/de\/produkt\/mucho-gusto-schal-kiev-silk-serenity\/","url":"https:\/\/muchogusto.nl\/de\/produkt\/mucho-gusto-schal-kiev-silk-serenity\/","name":"MUCHO GUSTO\u00ae Schal Kiev Silk Serenity - Mucho Gusto","isPartOf":{"@id":"https:\/\/muchogusto.nl\/#website"},"primaryImageOfPage":{"@id":"https:\/\/muchogusto.nl\/de\/produkt\/mucho-gusto-schal-kiev-silk-serenity\/#primaryimage"},"image":{"@id":"https:\/\/muchogusto.nl\/de\/produkt\/mucho-gusto-schal-kiev-silk-serenity\/#primaryimage"},"thumbnailUrl":"https:\/\/muchogusto.nl\/wp-content\/uploads\/2025\/10\/S52KIE007-scaled.jpg","datePublished":"2025-10-10T10:58:39+00:00","dateModified":"2026-03-02T11:02:38+00:00","description":"Entdecken Sie den MUCHO GUSTO\u00ae Schal Kiev Silk Serenity \u2013 ein 100% Seidendreiecksschal mit Paisley-Muster in Blau, Taupe und Flieder. Dutch Design.","breadcrumb":{"@id":"https:\/\/muchogusto.nl\/de\/produkt\/mucho-gusto-schal-kiev-silk-serenity\/#breadcrumb"},"inLanguage":"de-DE","potentialAction":[{"@type":"ReadAction","target":["https:\/\/muchogusto.nl\/de\/produkt\/mucho-gusto-schal-kiev-silk-serenity\/"]}]},{"@type":"ImageObject","inLanguage":"de-DE","@id":"https:\/\/muchogusto.nl\/de\/produkt\/mucho-gusto-schal-kiev-silk-serenity\/#primaryimage","url":"https:\/\/muchogusto.nl\/wp-content\/uploads\/2025\/10\/S52KIE007-scaled.jpg","contentUrl":"https:\/\/muchogusto.nl\/wp-content\/uploads\/2025\/10\/S52KIE007-scaled.jpg","width":1920,"height":2560,"caption":"MUCHO GUSTO\u00ae Scarf Kiev Silk Serenity"},{"@type":"BreadcrumbList","@id":"https:\/\/muchogusto.nl\/de\/produkt\/mucho-gusto-schal-kiev-silk-serenity\/#breadcrumb","itemListElement":[{"@type":"ListItem","position":1,"name":"Home","item":"https:\/\/muchogusto.nl\/de\/"},{"@type":"ListItem","position":2,"name":"Shop","item":"https:\/\/muchogusto.nl\/de\/shop-2\/"},{"@type":"ListItem","position":3,"name":"MUCHO GUSTO\u00ae Schal Kiev Silk Serenity"}]},{"@type":"WebSite","@id":"https:\/\/muchogusto.nl\/#website","url":"https:\/\/muchogusto.nl\/","name":"muchogusto.nl","description":"","publisher":{"@id":"https:\/\/muchogusto.nl\/#organization"},"potentialAction":[{"@type":"SearchAction","target":{"@type":"EntryPoint","urlTemplate":"https:\/\/muchogusto.nl\/?s={search_term_string}"},"query-input":{"@type":"PropertyValueSpecification","valueRequired":true,"valueName":"search_term_string"}}],"inLanguage":"de-DE"},{"@type":"Organization","@id":"https:\/\/muchogusto.nl\/#organization","name":"Mucho Gusto","url":"https:\/\/muchogusto.nl\/","logo":{"@type":"ImageObject","inLanguage":"de-DE","@id":"https:\/\/muchogusto.nl\/#\/schema\/logo\/image\/","url":"https:\/\/muchogusto.nl\/wp-content\/uploads\/2022\/08\/logo_header.svg","contentUrl":"https:\/\/muchogusto.nl\/wp-content\/uploads\/2022\/08\/logo_header.svg","caption":"Mucho Gusto"},"image":{"@id":"https:\/\/muchogusto.nl\/#\/schema\/logo\/image\/"},"sameAs":["https:\/\/www.facebook.com\/muchogusto.nl\/","https:\/\/www.instagram.com\/muchogusto.nl\/"]}]}},"_links":{"self":[{"href":"https:\/\/muchogusto.nl\/de\/wp-json\/wp\/v2\/product\/50870","targetHints":{"allow":["GET"]}}],"collection":[{"href":"https:\/\/muchogusto.nl\/de\/wp-json\/wp\/v2\/product"}],"about":[{"href":"https:\/\/muchogusto.nl\/de\/wp-json\/wp\/v2\/types\/product"}],"replies":[{"embeddable":true,"href":"https:\/\/muchogusto.nl\/de\/wp-json\/wp\/v2\/comments?post=50870"}],"wp:featuredmedia":[{"embeddable":true,"href":"https:\/\/muchogusto.nl\/de\/wp-json\/wp\/v2\/media\/50864"}],"wp:attachment":[{"href":"https:\/\/muchogusto.nl\/de\/wp-json\/wp\/v2\/media?parent=50870"}],"wp:term":[{"taxonomy":"product_brand","embeddable":true,"href":"https:\/\/muchogusto.nl\/de\/wp-json\/wp\/v2\/product_brand?post=50870"},{"taxonomy":"product_cat","embeddable":true,"href":"https:\/\/muchogusto.nl\/de\/wp-json\/wp\/v2\/product_cat?post=50870"},{"taxonomy":"product_tag","embeddable":true,"href":"https:\/\/muchogusto.nl\/de\/wp-json\/wp\/v2\/product_tag?post=50870"}],"curies":[{"name":"wp","href":"https:\/\/api.w.org\/{rel}","templated":true}]}}