{"id":50852,"date":"2025-10-10T12:25:58","date_gmt":"2025-10-10T10:25:58","guid":{"rendered":"https:\/\/muchogusto.nl\/?post_type=product&#038;p=50852"},"modified":"2026-03-02T12:02:38","modified_gmt":"2026-03-02T11:02:38","slug":"mucho-gusto-schal-kiev-soft-paisley-fringes","status":"publish","type":"product","link":"https:\/\/muchogusto.nl\/de\/produkt\/mucho-gusto-schal-kiev-soft-paisley-fringes\/","title":{"rendered":"MUCHO GUSTO\u00ae Schal Kiev Soft Paisley Fringes"},"content":{"rendered":"<h3 data-start=\"0\" data-end=\"25\">DETAILS ZUM PRODUKT<\/h3>\n<p data-start=\"27\" data-end=\"77\"><strong data-start=\"27\" data-end=\"75\">MUCHO GUSTO\u00ae Schal Kiev Soft Paisley Fringes<\/strong><\/p>\n<p data-start=\"79\" data-end=\"428\">Erleben Sie zeitlose Eleganz mit dem MUCHO GUSTO\u00ae Schal Kiev Soft Paisley Fringes \u2013 ein luxuri\u00f6ser Seidenschal, der Raffinesse und feminine Leichtigkeit vereint. Die sanften Blau- und Taupet\u00f6ne mit einem zarten Paisley-Muster verleihen dem Design eine edle, harmonische Ausstrahlung. Dezente Fransen entlang der R\u00e4nder runden den Look stilvoll ab.<\/p>\n<p data-start=\"430\" data-end=\"677\">Gefertigt aus 100% reiner Seide, f\u00e4llt dieser dreieckige Schal flie\u00dfend und f\u00fchlt sich angenehm weich und leicht auf der Haut an. Ob tags\u00fcber oder am Abend \u2013 ein elegantes Accessoire, das jedem Outfit einen Hauch von Dutch Design Luxus verleiht.<\/p>\n<p data-start=\"679\" data-end=\"840\"><strong data-start=\"679\" data-end=\"695\">Dutch Design<\/strong><br data-start=\"695\" data-end=\"698\" \/><strong data-start=\"698\" data-end=\"711\">Material:<\/strong> 100% Seide<br data-start=\"722\" data-end=\"725\" \/><strong data-start=\"725\" data-end=\"734\">Ma\u00dfe:<\/strong> 130 x 80 x 80 cm<br data-start=\"751\" data-end=\"754\" \/><strong data-start=\"754\" data-end=\"763\">Form:<\/strong> Dreieckig<br data-start=\"773\" data-end=\"776\" \/><strong data-start=\"776\" data-end=\"787\">Design:<\/strong> Paisley-Muster in Blau- und Taupet\u00f6nen mit Fransen<\/p>\n<h3 data-start=\"842\" data-end=\"864\">PASSENDE ARTIKEL<\/h3>\n<p data-start=\"865\" data-end=\"1157\">Kombinieren Sie Ihr Outfit mit einem unserer passenden <a class=\"decorated-link\" href=\"https:\/\/muchogusto.nl\/clothing\/\" target=\"_new\" rel=\"noopener\" data-start=\"920\" data-end=\"965\">Bekleidung<\/a>.<br data-start=\"966\" data-end=\"969\" \/>M\u00f6chten Sie weitere <a class=\"decorated-link\" href=\"https:\/\/muchogusto.nl\/scarfs\/\" target=\"_new\" rel=\"noopener\" data-start=\"989\" data-end=\"1027\">Schals<\/a> entdecken?<br data-start=\"1038\" data-end=\"1041\" \/>Oder suchen Sie nach mehr Inspiration? Besuchen Sie uns auf <a class=\"decorated-link\" href=\"https:\/\/www.instagram.com\/muchogusto.nl\/\" target=\"_new\" rel=\"noopener\" data-start=\"1101\" data-end=\"1154\">Instagram<\/a>.<\/p>\n<h3 data-start=\"1159\" data-end=\"1184\">BRAUCHEN SIE HILFE?<\/h3>\n<p data-start=\"1185\" data-end=\"1343\">Wenn Sie Fragen zu diesem Artikel oder zur Gr\u00f6\u00dfe haben, wenden Sie sich bitte an unser Customer Care Team via <a class=\"decorated-link cursor-pointer\" rel=\"noopener\" data-start=\"1295\" data-end=\"1340\">web@muchogusto.nl<\/a>.<\/p>\n","protected":false},"excerpt":{"rendered":"<p>DETAILS ZUM PRODUKT MUCHO GUSTO\u00ae Schal Kiev Soft Paisley Fringes Erleben Sie zeitlose Eleganz mit dem MUCHO GUSTO\u00ae Schal Kiev Soft Paisley Fringes \u2013 ein luxuri\u00f6ser Seidenschal, der Raffinesse und feminine Leichtigkeit vereint. Die sanften Blau- und Taupet\u00f6ne mit einem zarten Paisley-Muster verleihen dem Design eine edle, harmonische Ausstrahlung. Dezente Fransen entlang der R\u00e4nder runden [&hellip;]<\/p>\n","protected":false},"featured_media":50853,"comment_status":"open","ping_status":"closed","template":"","meta":{"_acf_changed":false,"inline_featured_image":false,"navigation_state":false,"_genesis_hide_title":false,"_genesis_hide_breadcrumbs":false,"_genesis_hide_singular_image":false,"_genesis_hide_footer_widgets":false,"_genesis_custom_body_class":"","_genesis_custom_post_class":"","_genesis_layout":""},"product_brand":[],"product_cat":[87],"product_tag":[],"class_list":{"0":"post-50852","1":"product","2":"type-product","3":"status-publish","4":"has-post-thumbnail","6":"product_cat-schals","7":"entry","9":"first","10":"instock","11":"sale","12":"taxable","13":"shipping-taxable","14":"purchasable","15":"product-type-simple"},"acf":[],"yoast_head":"<!-- This site is optimized with the Yoast SEO Premium plugin v27.2 (Yoast SEO v27.2) - https:\/\/yoast.com\/product\/yoast-seo-premium-wordpress\/ -->\n<title>MUCHO GUSTO\u00ae Schal Kiev Soft Paisley Fringes - Mucho Gusto<\/title>\n<meta name=\"description\" content=\"Entdecken Sie den MUCHO GUSTO\u00ae Schal Kiev Soft Paisley Fringes \u2013 ein 100% Seidendreiecksschal mit Paisley-Muster in Blau und Taupe. Dutch Design.\" \/>\n<meta name=\"robots\" content=\"index, follow, max-snippet:-1, max-image-preview:large, max-video-preview:-1\" \/>\n<link rel=\"canonical\" href=\"https:\/\/muchogusto.nl\/de\/produkt\/mucho-gusto-schal-kiev-soft-paisley-fringes\/\" \/>\n<meta property=\"og:locale\" content=\"de_DE\" \/>\n<meta property=\"og:type\" content=\"article\" \/>\n<meta property=\"og:title\" content=\"MUCHO GUSTO\u00ae Schal Kiev Soft Paisley Fringes\" \/>\n<meta property=\"og:description\" content=\"Entdecken Sie den MUCHO GUSTO\u00ae Schal Kiev Soft Paisley Fringes \u2013 ein 100% Seidendreiecksschal mit Paisley-Muster in Blau und Taupe. Dutch Design.\" \/>\n<meta property=\"og:url\" content=\"https:\/\/muchogusto.nl\/de\/produkt\/mucho-gusto-schal-kiev-soft-paisley-fringes\/\" \/>\n<meta property=\"og:site_name\" content=\"Mucho Gusto\" \/>\n<meta property=\"article:publisher\" content=\"https:\/\/www.facebook.com\/muchogusto.nl\/\" \/>\n<meta property=\"article:modified_time\" content=\"2026-03-02T11:02:38+00:00\" \/>\n<meta property=\"og:image\" content=\"http:\/\/muchogusto.nl\/wp-content\/uploads\/2025\/10\/S52KIV001-scaled.jpg\" \/>\n\t<meta property=\"og:image:width\" content=\"1920\" \/>\n\t<meta property=\"og:image:height\" content=\"2560\" \/>\n\t<meta property=\"og:image:type\" content=\"image\/jpeg\" \/>\n<meta name=\"twitter:card\" content=\"summary_large_image\" \/>\n<meta name=\"twitter:label1\" content=\"Est. reading time\" \/>\n\t<meta name=\"twitter:data1\" content=\"1 minute\" \/>\n<script type=\"application\/ld+json\" class=\"yoast-schema-graph\">{\"@context\":\"https:\/\/schema.org\",\"@graph\":[{\"@type\":\"WebPage\",\"@id\":\"https:\/\/muchogusto.nl\/de\/produkt\/mucho-gusto-schal-kiev-soft-paisley-fringes\/\",\"url\":\"https:\/\/muchogusto.nl\/de\/produkt\/mucho-gusto-schal-kiev-soft-paisley-fringes\/\",\"name\":\"MUCHO GUSTO\u00ae Schal Kiev Soft Paisley Fringes - Mucho Gusto\",\"isPartOf\":{\"@id\":\"https:\/\/muchogusto.nl\/#website\"},\"primaryImageOfPage\":{\"@id\":\"https:\/\/muchogusto.nl\/de\/produkt\/mucho-gusto-schal-kiev-soft-paisley-fringes\/#primaryimage\"},\"image\":{\"@id\":\"https:\/\/muchogusto.nl\/de\/produkt\/mucho-gusto-schal-kiev-soft-paisley-fringes\/#primaryimage\"},\"thumbnailUrl\":\"https:\/\/muchogusto.nl\/wp-content\/uploads\/2025\/10\/S52KIV001-scaled.jpg\",\"datePublished\":\"2025-10-10T10:25:58+00:00\",\"dateModified\":\"2026-03-02T11:02:38+00:00\",\"description\":\"Entdecken Sie den MUCHO GUSTO\u00ae Schal Kiev Soft Paisley Fringes \u2013 ein 100% Seidendreiecksschal mit Paisley-Muster in Blau und Taupe. Dutch Design.\",\"breadcrumb\":{\"@id\":\"https:\/\/muchogusto.nl\/de\/produkt\/mucho-gusto-schal-kiev-soft-paisley-fringes\/#breadcrumb\"},\"inLanguage\":\"de-DE\",\"potentialAction\":[{\"@type\":\"ReadAction\",\"target\":[\"https:\/\/muchogusto.nl\/de\/produkt\/mucho-gusto-schal-kiev-soft-paisley-fringes\/\"]}]},{\"@type\":\"ImageObject\",\"inLanguage\":\"de-DE\",\"@id\":\"https:\/\/muchogusto.nl\/de\/produkt\/mucho-gusto-schal-kiev-soft-paisley-fringes\/#primaryimage\",\"url\":\"https:\/\/muchogusto.nl\/wp-content\/uploads\/2025\/10\/S52KIV001-scaled.jpg\",\"contentUrl\":\"https:\/\/muchogusto.nl\/wp-content\/uploads\/2025\/10\/S52KIV001-scaled.jpg\",\"width\":1920,\"height\":2560,\"caption\":\"MUCHO GUSTO\u00ae Scarf Kiev Soft Paisley Fringes\"},{\"@type\":\"BreadcrumbList\",\"@id\":\"https:\/\/muchogusto.nl\/de\/produkt\/mucho-gusto-schal-kiev-soft-paisley-fringes\/#breadcrumb\",\"itemListElement\":[{\"@type\":\"ListItem\",\"position\":1,\"name\":\"Home\",\"item\":\"https:\/\/muchogusto.nl\/de\/\"},{\"@type\":\"ListItem\",\"position\":2,\"name\":\"Shop\",\"item\":\"https:\/\/muchogusto.nl\/de\/shop-2\/\"},{\"@type\":\"ListItem\",\"position\":3,\"name\":\"MUCHO GUSTO\u00ae Schal Kiev Soft Paisley Fringes\"}]},{\"@type\":\"WebSite\",\"@id\":\"https:\/\/muchogusto.nl\/#website\",\"url\":\"https:\/\/muchogusto.nl\/\",\"name\":\"muchogusto.nl\",\"description\":\"\",\"publisher\":{\"@id\":\"https:\/\/muchogusto.nl\/#organization\"},\"potentialAction\":[{\"@type\":\"SearchAction\",\"target\":{\"@type\":\"EntryPoint\",\"urlTemplate\":\"https:\/\/muchogusto.nl\/?s={search_term_string}\"},\"query-input\":{\"@type\":\"PropertyValueSpecification\",\"valueRequired\":true,\"valueName\":\"search_term_string\"}}],\"inLanguage\":\"de-DE\"},{\"@type\":\"Organization\",\"@id\":\"https:\/\/muchogusto.nl\/#organization\",\"name\":\"Mucho Gusto\",\"url\":\"https:\/\/muchogusto.nl\/\",\"logo\":{\"@type\":\"ImageObject\",\"inLanguage\":\"de-DE\",\"@id\":\"https:\/\/muchogusto.nl\/#\/schema\/logo\/image\/\",\"url\":\"https:\/\/muchogusto.nl\/wp-content\/uploads\/2022\/08\/logo_header.svg\",\"contentUrl\":\"https:\/\/muchogusto.nl\/wp-content\/uploads\/2022\/08\/logo_header.svg\",\"caption\":\"Mucho Gusto\"},\"image\":{\"@id\":\"https:\/\/muchogusto.nl\/#\/schema\/logo\/image\/\"},\"sameAs\":[\"https:\/\/www.facebook.com\/muchogusto.nl\/\",\"https:\/\/www.instagram.com\/muchogusto.nl\/\"]}]}<\/script>\n<!-- \/ Yoast SEO Premium plugin. -->","yoast_head_json":{"title":"MUCHO GUSTO\u00ae Schal Kiev Soft Paisley Fringes - Mucho Gusto","description":"Entdecken Sie den MUCHO GUSTO\u00ae Schal Kiev Soft Paisley Fringes \u2013 ein 100% Seidendreiecksschal mit Paisley-Muster in Blau und Taupe. Dutch Design.","robots":{"index":"index","follow":"follow","max-snippet":"max-snippet:-1","max-image-preview":"max-image-preview:large","max-video-preview":"max-video-preview:-1"},"canonical":"https:\/\/muchogusto.nl\/de\/produkt\/mucho-gusto-schal-kiev-soft-paisley-fringes\/","og_locale":"de_DE","og_type":"article","og_title":"MUCHO GUSTO\u00ae Schal Kiev Soft Paisley Fringes","og_description":"Entdecken Sie den MUCHO GUSTO\u00ae Schal Kiev Soft Paisley Fringes \u2013 ein 100% Seidendreiecksschal mit Paisley-Muster in Blau und Taupe. Dutch Design.","og_url":"https:\/\/muchogusto.nl\/de\/produkt\/mucho-gusto-schal-kiev-soft-paisley-fringes\/","og_site_name":"Mucho Gusto","article_publisher":"https:\/\/www.facebook.com\/muchogusto.nl\/","article_modified_time":"2026-03-02T11:02:38+00:00","og_image":[{"width":1920,"height":2560,"url":"http:\/\/muchogusto.nl\/wp-content\/uploads\/2025\/10\/S52KIV001-scaled.jpg","type":"image\/jpeg"}],"twitter_card":"summary_large_image","twitter_misc":{"Est. reading time":"1 minute"},"schema":{"@context":"https:\/\/schema.org","@graph":[{"@type":"WebPage","@id":"https:\/\/muchogusto.nl\/de\/produkt\/mucho-gusto-schal-kiev-soft-paisley-fringes\/","url":"https:\/\/muchogusto.nl\/de\/produkt\/mucho-gusto-schal-kiev-soft-paisley-fringes\/","name":"MUCHO GUSTO\u00ae Schal Kiev Soft Paisley Fringes - Mucho Gusto","isPartOf":{"@id":"https:\/\/muchogusto.nl\/#website"},"primaryImageOfPage":{"@id":"https:\/\/muchogusto.nl\/de\/produkt\/mucho-gusto-schal-kiev-soft-paisley-fringes\/#primaryimage"},"image":{"@id":"https:\/\/muchogusto.nl\/de\/produkt\/mucho-gusto-schal-kiev-soft-paisley-fringes\/#primaryimage"},"thumbnailUrl":"https:\/\/muchogusto.nl\/wp-content\/uploads\/2025\/10\/S52KIV001-scaled.jpg","datePublished":"2025-10-10T10:25:58+00:00","dateModified":"2026-03-02T11:02:38+00:00","description":"Entdecken Sie den MUCHO GUSTO\u00ae Schal Kiev Soft Paisley Fringes \u2013 ein 100% Seidendreiecksschal mit Paisley-Muster in Blau und Taupe. Dutch Design.","breadcrumb":{"@id":"https:\/\/muchogusto.nl\/de\/produkt\/mucho-gusto-schal-kiev-soft-paisley-fringes\/#breadcrumb"},"inLanguage":"de-DE","potentialAction":[{"@type":"ReadAction","target":["https:\/\/muchogusto.nl\/de\/produkt\/mucho-gusto-schal-kiev-soft-paisley-fringes\/"]}]},{"@type":"ImageObject","inLanguage":"de-DE","@id":"https:\/\/muchogusto.nl\/de\/produkt\/mucho-gusto-schal-kiev-soft-paisley-fringes\/#primaryimage","url":"https:\/\/muchogusto.nl\/wp-content\/uploads\/2025\/10\/S52KIV001-scaled.jpg","contentUrl":"https:\/\/muchogusto.nl\/wp-content\/uploads\/2025\/10\/S52KIV001-scaled.jpg","width":1920,"height":2560,"caption":"MUCHO GUSTO\u00ae Scarf Kiev Soft Paisley Fringes"},{"@type":"BreadcrumbList","@id":"https:\/\/muchogusto.nl\/de\/produkt\/mucho-gusto-schal-kiev-soft-paisley-fringes\/#breadcrumb","itemListElement":[{"@type":"ListItem","position":1,"name":"Home","item":"https:\/\/muchogusto.nl\/de\/"},{"@type":"ListItem","position":2,"name":"Shop","item":"https:\/\/muchogusto.nl\/de\/shop-2\/"},{"@type":"ListItem","position":3,"name":"MUCHO GUSTO\u00ae Schal Kiev Soft Paisley Fringes"}]},{"@type":"WebSite","@id":"https:\/\/muchogusto.nl\/#website","url":"https:\/\/muchogusto.nl\/","name":"muchogusto.nl","description":"","publisher":{"@id":"https:\/\/muchogusto.nl\/#organization"},"potentialAction":[{"@type":"SearchAction","target":{"@type":"EntryPoint","urlTemplate":"https:\/\/muchogusto.nl\/?s={search_term_string}"},"query-input":{"@type":"PropertyValueSpecification","valueRequired":true,"valueName":"search_term_string"}}],"inLanguage":"de-DE"},{"@type":"Organization","@id":"https:\/\/muchogusto.nl\/#organization","name":"Mucho Gusto","url":"https:\/\/muchogusto.nl\/","logo":{"@type":"ImageObject","inLanguage":"de-DE","@id":"https:\/\/muchogusto.nl\/#\/schema\/logo\/image\/","url":"https:\/\/muchogusto.nl\/wp-content\/uploads\/2022\/08\/logo_header.svg","contentUrl":"https:\/\/muchogusto.nl\/wp-content\/uploads\/2022\/08\/logo_header.svg","caption":"Mucho Gusto"},"image":{"@id":"https:\/\/muchogusto.nl\/#\/schema\/logo\/image\/"},"sameAs":["https:\/\/www.facebook.com\/muchogusto.nl\/","https:\/\/www.instagram.com\/muchogusto.nl\/"]}]}},"_links":{"self":[{"href":"https:\/\/muchogusto.nl\/de\/wp-json\/wp\/v2\/product\/50852","targetHints":{"allow":["GET"]}}],"collection":[{"href":"https:\/\/muchogusto.nl\/de\/wp-json\/wp\/v2\/product"}],"about":[{"href":"https:\/\/muchogusto.nl\/de\/wp-json\/wp\/v2\/types\/product"}],"replies":[{"embeddable":true,"href":"https:\/\/muchogusto.nl\/de\/wp-json\/wp\/v2\/comments?post=50852"}],"wp:featuredmedia":[{"embeddable":true,"href":"https:\/\/muchogusto.nl\/de\/wp-json\/wp\/v2\/media\/50853"}],"wp:attachment":[{"href":"https:\/\/muchogusto.nl\/de\/wp-json\/wp\/v2\/media?parent=50852"}],"wp:term":[{"taxonomy":"product_brand","embeddable":true,"href":"https:\/\/muchogusto.nl\/de\/wp-json\/wp\/v2\/product_brand?post=50852"},{"taxonomy":"product_cat","embeddable":true,"href":"https:\/\/muchogusto.nl\/de\/wp-json\/wp\/v2\/product_cat?post=50852"},{"taxonomy":"product_tag","embeddable":true,"href":"https:\/\/muchogusto.nl\/de\/wp-json\/wp\/v2\/product_tag?post=50852"}],"curies":[{"name":"wp","href":"https:\/\/api.w.org\/{rel}","templated":true}]}}