{"id":50851,"date":"2025-10-10T12:12:32","date_gmt":"2025-10-10T10:12:32","guid":{"rendered":"https:\/\/muchogusto.nl\/product\/mucho-gusto-sjaal-kiev-silk-harmony\/"},"modified":"2026-03-02T12:02:38","modified_gmt":"2026-03-02T11:02:38","slug":"mucho-gusto-schal-kiev-silk-harmony","status":"publish","type":"product","link":"https:\/\/muchogusto.nl\/de\/produkt\/mucho-gusto-schal-kiev-silk-harmony\/","title":{"rendered":"MUCHO GUSTO\u00ae Schal Kiev Silk Harmony"},"content":{"rendered":"<h3 data-start=\"1705\" data-end=\"1730\">DETAILS ZUM PRODUKT<\/h3>\n<p data-start=\"1732\" data-end=\"1774\"><strong data-start=\"1732\" data-end=\"1772\">MUCHO GUSTO\u00ae Schal Kiev Silk Harmony<\/strong><\/p>\n<p data-start=\"1776\" data-end=\"2074\">Erleben Sie pure Eleganz mit dem MUCHO GUSTO\u00ae Schal Kiev Silk Harmony \u2013 ein luxuri\u00f6ser Seidenschal, der kunstvolles Design mit zeitloser Raffinesse verbindet. Die tiefen Blaut\u00f6ne verschmelzen harmonisch mit sanftem Beige und leuchtenden Rott\u00f6nen und schaffen ein stilvolles, feminines Gesamtbild.<\/p>\n<p data-start=\"2076\" data-end=\"2355\">Hergestellt aus 100% reiner Seide, f\u00e4llt dieser dreieckige Schal flie\u00dfend und f\u00fchlt sich angenehm weich auf der Haut an. Seine glatte Struktur und die edle Farbkomposition machen ihn zu einem eleganten Accessoire f\u00fcr jeden Anlass \u2013 m\u00fchelos schick und unverkennbar Dutch Design.<\/p>\n<p data-start=\"2357\" data-end=\"2519\"><strong data-start=\"2357\" data-end=\"2373\">Dutch Design<\/strong><br data-start=\"2373\" data-end=\"2376\" \/><strong data-start=\"2376\" data-end=\"2389\">Material:<\/strong> 100% Seide<br data-start=\"2400\" data-end=\"2403\" \/><strong data-start=\"2403\" data-end=\"2412\">Ma\u00dfe:<\/strong> 130 x 70 x 70 cm<br data-start=\"2429\" data-end=\"2432\" \/><strong data-start=\"2432\" data-end=\"2441\">Form:<\/strong> Dreieckig<br data-start=\"2451\" data-end=\"2454\" \/><strong data-start=\"2454\" data-end=\"2465\">Design:<\/strong> K\u00fcnstlerisches Muster in Blau-, Rot- und Beiget\u00f6nen<\/p>\n<h3 data-start=\"2521\" data-end=\"2543\">PASSENDE ARTIKEL<\/h3>\n<p data-start=\"2544\" data-end=\"2836\">Kombinieren Sie Ihr Outfit mit einem unserer passenden <a class=\"decorated-link\" href=\"https:\/\/muchogusto.nl\/clothing\/\" target=\"_new\" rel=\"noopener\" data-start=\"2599\" data-end=\"2644\">Bekleidung<\/a>.<br data-start=\"2645\" data-end=\"2648\" \/>M\u00f6chten Sie weitere <a class=\"decorated-link\" href=\"https:\/\/muchogusto.nl\/de\/schals\/\" target=\"_new\" rel=\"noopener\" data-start=\"2668\" data-end=\"2706\">Schals<\/a> entdecken?<br data-start=\"2717\" data-end=\"2720\" \/>Oder suchen Sie nach mehr Inspiration? Besuchen Sie uns auf <a class=\"decorated-link\" href=\"https:\/\/www.instagram.com\/muchogusto.nl\/\" target=\"_new\" rel=\"noopener\" data-start=\"2780\" data-end=\"2833\">Instagram<\/a>.<\/p>\n<h3 data-start=\"2838\" data-end=\"2863\">BRAUCHEN SIE HILFE?<\/h3>\n<p data-start=\"2864\" data-end=\"3022\">Wenn Sie Fragen zu diesem Artikel oder zur Gr\u00f6\u00dfe haben, wenden Sie sich bitte an unser Customer Care Team via <a class=\"decorated-link cursor-pointer\" rel=\"noopener\" data-start=\"2974\" data-end=\"3019\">web@muchogusto.nl<\/a>.<\/p>\n","protected":false},"excerpt":{"rendered":"<p>DETAILS ZUM PRODUKT MUCHO GUSTO\u00ae Schal Kiev Silk Harmony Erleben Sie pure Eleganz mit dem MUCHO GUSTO\u00ae Schal Kiev Silk Harmony \u2013 ein luxuri\u00f6ser Seidenschal, der kunstvolles Design mit zeitloser Raffinesse verbindet. Die tiefen Blaut\u00f6ne verschmelzen harmonisch mit sanftem Beige und leuchtenden Rott\u00f6nen und schaffen ein stilvolles, feminines Gesamtbild. Hergestellt aus 100% reiner Seide, f\u00e4llt [&hellip;]<\/p>\n","protected":false},"featured_media":50846,"comment_status":"open","ping_status":"closed","template":"","meta":{"_acf_changed":false,"inline_featured_image":false,"navigation_state":false,"_genesis_hide_title":false,"_genesis_hide_breadcrumbs":false,"_genesis_hide_singular_image":false,"_genesis_hide_footer_widgets":false,"_genesis_custom_body_class":"","_genesis_custom_post_class":"","_genesis_layout":""},"product_brand":[],"product_cat":[87],"product_tag":[],"class_list":{"0":"post-50851","1":"product","2":"type-product","3":"status-publish","4":"has-post-thumbnail","6":"product_cat-schals","7":"entry","9":"first","10":"instock","11":"sale","12":"taxable","13":"shipping-taxable","14":"purchasable","15":"product-type-simple"},"acf":[],"yoast_head":"<!-- This site is optimized with the Yoast SEO Premium plugin v27.2 (Yoast SEO v27.2) - https:\/\/yoast.com\/product\/yoast-seo-premium-wordpress\/ -->\n<title>MUCHO GUSTO\u00ae Schal Kiev Silk Harmony - Mucho Gusto<\/title>\n<meta name=\"description\" content=\"Entdecken Sie den MUCHO GUSTO\u00ae Schal Kiev Silk Harmony \u2013 ein 100% Seidendreiecksschal mit k\u00fcnstlerischem Muster in Blau, Rot und Beige. Dutch Design.\" \/>\n<meta name=\"robots\" content=\"index, follow, max-snippet:-1, max-image-preview:large, max-video-preview:-1\" \/>\n<link rel=\"canonical\" href=\"https:\/\/muchogusto.nl\/de\/produkt\/mucho-gusto-schal-kiev-silk-harmony\/\" \/>\n<meta property=\"og:locale\" content=\"de_DE\" \/>\n<meta property=\"og:type\" content=\"article\" \/>\n<meta property=\"og:title\" content=\"MUCHO GUSTO\u00ae Schal Kiev Silk Harmony\" \/>\n<meta property=\"og:description\" content=\"Entdecken Sie den MUCHO GUSTO\u00ae Schal Kiev Silk Harmony \u2013 ein 100% Seidendreiecksschal mit k\u00fcnstlerischem Muster in Blau, Rot und Beige. Dutch Design.\" \/>\n<meta property=\"og:url\" content=\"https:\/\/muchogusto.nl\/de\/produkt\/mucho-gusto-schal-kiev-silk-harmony\/\" \/>\n<meta property=\"og:site_name\" content=\"Mucho Gusto\" \/>\n<meta property=\"article:publisher\" content=\"https:\/\/www.facebook.com\/muchogusto.nl\/\" \/>\n<meta property=\"article:modified_time\" content=\"2026-03-02T11:02:38+00:00\" \/>\n<meta property=\"og:image\" content=\"https:\/\/muchogusto.nl\/wp-content\/uploads\/2025\/10\/S52KIE008-scaled.jpg\" \/>\n\t<meta property=\"og:image:width\" content=\"1920\" \/>\n\t<meta property=\"og:image:height\" content=\"2560\" \/>\n\t<meta property=\"og:image:type\" content=\"image\/jpeg\" \/>\n<meta name=\"twitter:card\" content=\"summary_large_image\" \/>\n<meta name=\"twitter:label1\" content=\"Est. reading time\" \/>\n\t<meta name=\"twitter:data1\" content=\"1 minute\" \/>\n<script type=\"application\/ld+json\" class=\"yoast-schema-graph\">{\"@context\":\"https:\/\/schema.org\",\"@graph\":[{\"@type\":\"WebPage\",\"@id\":\"https:\/\/muchogusto.nl\/de\/produkt\/mucho-gusto-schal-kiev-silk-harmony\/\",\"url\":\"https:\/\/muchogusto.nl\/de\/produkt\/mucho-gusto-schal-kiev-silk-harmony\/\",\"name\":\"MUCHO GUSTO\u00ae Schal Kiev Silk Harmony - Mucho Gusto\",\"isPartOf\":{\"@id\":\"https:\/\/muchogusto.nl\/#website\"},\"primaryImageOfPage\":{\"@id\":\"https:\/\/muchogusto.nl\/de\/produkt\/mucho-gusto-schal-kiev-silk-harmony\/#primaryimage\"},\"image\":{\"@id\":\"https:\/\/muchogusto.nl\/de\/produkt\/mucho-gusto-schal-kiev-silk-harmony\/#primaryimage\"},\"thumbnailUrl\":\"https:\/\/muchogusto.nl\/wp-content\/uploads\/2025\/10\/S52KIE008-scaled.jpg\",\"datePublished\":\"2025-10-10T10:12:32+00:00\",\"dateModified\":\"2026-03-02T11:02:38+00:00\",\"description\":\"Entdecken Sie den MUCHO GUSTO\u00ae Schal Kiev Silk Harmony \u2013 ein 100% Seidendreiecksschal mit k\u00fcnstlerischem Muster in Blau, Rot und Beige. Dutch Design.\",\"breadcrumb\":{\"@id\":\"https:\/\/muchogusto.nl\/de\/produkt\/mucho-gusto-schal-kiev-silk-harmony\/#breadcrumb\"},\"inLanguage\":\"de-DE\",\"potentialAction\":[{\"@type\":\"ReadAction\",\"target\":[\"https:\/\/muchogusto.nl\/de\/produkt\/mucho-gusto-schal-kiev-silk-harmony\/\"]}]},{\"@type\":\"ImageObject\",\"inLanguage\":\"de-DE\",\"@id\":\"https:\/\/muchogusto.nl\/de\/produkt\/mucho-gusto-schal-kiev-silk-harmony\/#primaryimage\",\"url\":\"https:\/\/muchogusto.nl\/wp-content\/uploads\/2025\/10\/S52KIE008-scaled.jpg\",\"contentUrl\":\"https:\/\/muchogusto.nl\/wp-content\/uploads\/2025\/10\/S52KIE008-scaled.jpg\",\"width\":1920,\"height\":2560,\"caption\":\"MUCHO GUSTO\u00ae Scarf Kiev Silk Harmony\"},{\"@type\":\"BreadcrumbList\",\"@id\":\"https:\/\/muchogusto.nl\/de\/produkt\/mucho-gusto-schal-kiev-silk-harmony\/#breadcrumb\",\"itemListElement\":[{\"@type\":\"ListItem\",\"position\":1,\"name\":\"Home\",\"item\":\"https:\/\/muchogusto.nl\/de\/\"},{\"@type\":\"ListItem\",\"position\":2,\"name\":\"Shop\",\"item\":\"https:\/\/muchogusto.nl\/de\/shop-2\/\"},{\"@type\":\"ListItem\",\"position\":3,\"name\":\"MUCHO GUSTO\u00ae Schal Kiev Silk Harmony\"}]},{\"@type\":\"WebSite\",\"@id\":\"https:\/\/muchogusto.nl\/#website\",\"url\":\"https:\/\/muchogusto.nl\/\",\"name\":\"muchogusto.nl\",\"description\":\"\",\"publisher\":{\"@id\":\"https:\/\/muchogusto.nl\/#organization\"},\"potentialAction\":[{\"@type\":\"SearchAction\",\"target\":{\"@type\":\"EntryPoint\",\"urlTemplate\":\"https:\/\/muchogusto.nl\/?s={search_term_string}\"},\"query-input\":{\"@type\":\"PropertyValueSpecification\",\"valueRequired\":true,\"valueName\":\"search_term_string\"}}],\"inLanguage\":\"de-DE\"},{\"@type\":\"Organization\",\"@id\":\"https:\/\/muchogusto.nl\/#organization\",\"name\":\"Mucho Gusto\",\"url\":\"https:\/\/muchogusto.nl\/\",\"logo\":{\"@type\":\"ImageObject\",\"inLanguage\":\"de-DE\",\"@id\":\"https:\/\/muchogusto.nl\/#\/schema\/logo\/image\/\",\"url\":\"https:\/\/muchogusto.nl\/wp-content\/uploads\/2022\/08\/logo_header.svg\",\"contentUrl\":\"https:\/\/muchogusto.nl\/wp-content\/uploads\/2022\/08\/logo_header.svg\",\"caption\":\"Mucho Gusto\"},\"image\":{\"@id\":\"https:\/\/muchogusto.nl\/#\/schema\/logo\/image\/\"},\"sameAs\":[\"https:\/\/www.facebook.com\/muchogusto.nl\/\",\"https:\/\/www.instagram.com\/muchogusto.nl\/\"]}]}<\/script>\n<!-- \/ Yoast SEO Premium plugin. -->","yoast_head_json":{"title":"MUCHO GUSTO\u00ae Schal Kiev Silk Harmony - Mucho Gusto","description":"Entdecken Sie den MUCHO GUSTO\u00ae Schal Kiev Silk Harmony \u2013 ein 100% Seidendreiecksschal mit k\u00fcnstlerischem Muster in Blau, Rot und Beige. Dutch Design.","robots":{"index":"index","follow":"follow","max-snippet":"max-snippet:-1","max-image-preview":"max-image-preview:large","max-video-preview":"max-video-preview:-1"},"canonical":"https:\/\/muchogusto.nl\/de\/produkt\/mucho-gusto-schal-kiev-silk-harmony\/","og_locale":"de_DE","og_type":"article","og_title":"MUCHO GUSTO\u00ae Schal Kiev Silk Harmony","og_description":"Entdecken Sie den MUCHO GUSTO\u00ae Schal Kiev Silk Harmony \u2013 ein 100% Seidendreiecksschal mit k\u00fcnstlerischem Muster in Blau, Rot und Beige. Dutch Design.","og_url":"https:\/\/muchogusto.nl\/de\/produkt\/mucho-gusto-schal-kiev-silk-harmony\/","og_site_name":"Mucho Gusto","article_publisher":"https:\/\/www.facebook.com\/muchogusto.nl\/","article_modified_time":"2026-03-02T11:02:38+00:00","og_image":[{"width":1920,"height":2560,"url":"https:\/\/muchogusto.nl\/wp-content\/uploads\/2025\/10\/S52KIE008-scaled.jpg","type":"image\/jpeg"}],"twitter_card":"summary_large_image","twitter_misc":{"Est. reading time":"1 minute"},"schema":{"@context":"https:\/\/schema.org","@graph":[{"@type":"WebPage","@id":"https:\/\/muchogusto.nl\/de\/produkt\/mucho-gusto-schal-kiev-silk-harmony\/","url":"https:\/\/muchogusto.nl\/de\/produkt\/mucho-gusto-schal-kiev-silk-harmony\/","name":"MUCHO GUSTO\u00ae Schal Kiev Silk Harmony - Mucho Gusto","isPartOf":{"@id":"https:\/\/muchogusto.nl\/#website"},"primaryImageOfPage":{"@id":"https:\/\/muchogusto.nl\/de\/produkt\/mucho-gusto-schal-kiev-silk-harmony\/#primaryimage"},"image":{"@id":"https:\/\/muchogusto.nl\/de\/produkt\/mucho-gusto-schal-kiev-silk-harmony\/#primaryimage"},"thumbnailUrl":"https:\/\/muchogusto.nl\/wp-content\/uploads\/2025\/10\/S52KIE008-scaled.jpg","datePublished":"2025-10-10T10:12:32+00:00","dateModified":"2026-03-02T11:02:38+00:00","description":"Entdecken Sie den MUCHO GUSTO\u00ae Schal Kiev Silk Harmony \u2013 ein 100% Seidendreiecksschal mit k\u00fcnstlerischem Muster in Blau, Rot und Beige. Dutch Design.","breadcrumb":{"@id":"https:\/\/muchogusto.nl\/de\/produkt\/mucho-gusto-schal-kiev-silk-harmony\/#breadcrumb"},"inLanguage":"de-DE","potentialAction":[{"@type":"ReadAction","target":["https:\/\/muchogusto.nl\/de\/produkt\/mucho-gusto-schal-kiev-silk-harmony\/"]}]},{"@type":"ImageObject","inLanguage":"de-DE","@id":"https:\/\/muchogusto.nl\/de\/produkt\/mucho-gusto-schal-kiev-silk-harmony\/#primaryimage","url":"https:\/\/muchogusto.nl\/wp-content\/uploads\/2025\/10\/S52KIE008-scaled.jpg","contentUrl":"https:\/\/muchogusto.nl\/wp-content\/uploads\/2025\/10\/S52KIE008-scaled.jpg","width":1920,"height":2560,"caption":"MUCHO GUSTO\u00ae Scarf Kiev Silk Harmony"},{"@type":"BreadcrumbList","@id":"https:\/\/muchogusto.nl\/de\/produkt\/mucho-gusto-schal-kiev-silk-harmony\/#breadcrumb","itemListElement":[{"@type":"ListItem","position":1,"name":"Home","item":"https:\/\/muchogusto.nl\/de\/"},{"@type":"ListItem","position":2,"name":"Shop","item":"https:\/\/muchogusto.nl\/de\/shop-2\/"},{"@type":"ListItem","position":3,"name":"MUCHO GUSTO\u00ae Schal Kiev Silk Harmony"}]},{"@type":"WebSite","@id":"https:\/\/muchogusto.nl\/#website","url":"https:\/\/muchogusto.nl\/","name":"muchogusto.nl","description":"","publisher":{"@id":"https:\/\/muchogusto.nl\/#organization"},"potentialAction":[{"@type":"SearchAction","target":{"@type":"EntryPoint","urlTemplate":"https:\/\/muchogusto.nl\/?s={search_term_string}"},"query-input":{"@type":"PropertyValueSpecification","valueRequired":true,"valueName":"search_term_string"}}],"inLanguage":"de-DE"},{"@type":"Organization","@id":"https:\/\/muchogusto.nl\/#organization","name":"Mucho Gusto","url":"https:\/\/muchogusto.nl\/","logo":{"@type":"ImageObject","inLanguage":"de-DE","@id":"https:\/\/muchogusto.nl\/#\/schema\/logo\/image\/","url":"https:\/\/muchogusto.nl\/wp-content\/uploads\/2022\/08\/logo_header.svg","contentUrl":"https:\/\/muchogusto.nl\/wp-content\/uploads\/2022\/08\/logo_header.svg","caption":"Mucho Gusto"},"image":{"@id":"https:\/\/muchogusto.nl\/#\/schema\/logo\/image\/"},"sameAs":["https:\/\/www.facebook.com\/muchogusto.nl\/","https:\/\/www.instagram.com\/muchogusto.nl\/"]}]}},"_links":{"self":[{"href":"https:\/\/muchogusto.nl\/de\/wp-json\/wp\/v2\/product\/50851","targetHints":{"allow":["GET"]}}],"collection":[{"href":"https:\/\/muchogusto.nl\/de\/wp-json\/wp\/v2\/product"}],"about":[{"href":"https:\/\/muchogusto.nl\/de\/wp-json\/wp\/v2\/types\/product"}],"replies":[{"embeddable":true,"href":"https:\/\/muchogusto.nl\/de\/wp-json\/wp\/v2\/comments?post=50851"}],"wp:featuredmedia":[{"embeddable":true,"href":"https:\/\/muchogusto.nl\/de\/wp-json\/wp\/v2\/media\/50846"}],"wp:attachment":[{"href":"https:\/\/muchogusto.nl\/de\/wp-json\/wp\/v2\/media?parent=50851"}],"wp:term":[{"taxonomy":"product_brand","embeddable":true,"href":"https:\/\/muchogusto.nl\/de\/wp-json\/wp\/v2\/product_brand?post=50851"},{"taxonomy":"product_cat","embeddable":true,"href":"https:\/\/muchogusto.nl\/de\/wp-json\/wp\/v2\/product_cat?post=50851"},{"taxonomy":"product_tag","embeddable":true,"href":"https:\/\/muchogusto.nl\/de\/wp-json\/wp\/v2\/product_tag?post=50851"}],"curies":[{"name":"wp","href":"https:\/\/api.w.org\/{rel}","templated":true}]}}