{"id":50819,"date":"2025-10-10T10:30:29","date_gmt":"2025-10-10T08:30:29","guid":{"rendered":"https:\/\/muchogusto.nl\/product\/mucho-gusto-sjaal-san-francisco-feather-chic-fringes\/"},"modified":"2026-03-02T12:02:38","modified_gmt":"2026-03-02T11:02:38","slug":"mucho-gusto-schal-san-francisco-feather-chic-fringes","status":"publish","type":"product","link":"https:\/\/muchogusto.nl\/de\/produkt\/mucho-gusto-schal-san-francisco-feather-chic-fringes\/","title":{"rendered":"MUCHO GUSTO\u00ae Schal San Francisco Feather Chic Fringes"},"content":{"rendered":"<h3 data-start=\"173\" data-end=\"198\">DETAILS ZUM PRODUKT<\/h3>\n<p data-start=\"200\" data-end=\"259\"><strong data-start=\"200\" data-end=\"257\">MUCHO GUSTO\u00ae Schal San Francisco Feather Chic Fringes<\/strong><\/p>\n<p data-start=\"261\" data-end=\"547\">Entdecken Sie zeitlose Eleganz mit dem MUCHO GUSTO\u00ae Schal San Francisco Feather Chic Fringes \u2013 ein luxuri\u00f6ser dreieckiger Schal aus 100% Seide. Die raffinierte Kombination aus Marineblau, Rot und sanften Graut\u00f6nen verleiht jedem Outfit eine moderne und zugleich elegante Ausstrahlung.<\/p>\n<p data-start=\"549\" data-end=\"793\">Die feinen Fransen sorgen f\u00fcr einen verspielten, aber dennoch edlen Look, w\u00e4hrend der weiche Seidenstoff wundersch\u00f6n f\u00e4llt. Perfekt f\u00fcr jede Jahreszeit \u2013 dieser Schal verk\u00f6rpert feminine Leichtigkeit und Dutch Design in seiner sch\u00f6nsten Form.<\/p>\n<p data-start=\"795\" data-end=\"963\"><strong data-start=\"795\" data-end=\"811\">Dutch Design<\/strong><br data-start=\"811\" data-end=\"814\" \/><strong data-start=\"814\" data-end=\"827\">Material:<\/strong> 100% Silk<br data-start=\"837\" data-end=\"840\" \/><strong data-start=\"840\" data-end=\"856\">Abmessungen:<\/strong> 130 x 80 x 80 cm<br data-start=\"873\" data-end=\"876\" \/><strong data-start=\"876\" data-end=\"885\">Form:<\/strong> Dreieckig<br data-start=\"895\" data-end=\"898\" \/><strong data-start=\"898\" data-end=\"909\">Design:<\/strong> Abstraktes Muster in Blau, Rot und Grau mit Fransen<\/p>\n<h3 data-start=\"965\" data-end=\"987\">PASSENDE ARTIKEL<\/h3>\n<p data-start=\"988\" data-end=\"1280\">Kombinieren Sie Ihr Outfit mit einem unserer passenden <a class=\"decorated-link\" href=\"https:\/\/muchogusto.nl\/clothing\/\" target=\"_new\" rel=\"noopener\" data-start=\"1043\" data-end=\"1088\">Bekleidung<\/a>.<br data-start=\"1089\" data-end=\"1092\" \/>M\u00f6chten Sie weitere <a class=\"decorated-link\" href=\"https:\/\/muchogusto.nl\/de\/schals\/\" target=\"_new\" rel=\"noopener\" data-start=\"1112\" data-end=\"1150\">Schals<\/a> entdecken?<br data-start=\"1161\" data-end=\"1164\" \/>Oder suchen Sie nach mehr Inspiration? Besuchen Sie uns auf <a class=\"decorated-link\" href=\"https:\/\/www.instagram.com\/muchogusto.nl\/\" target=\"_new\" rel=\"noopener\" data-start=\"1224\" data-end=\"1277\">Instagram<\/a>.<\/p>\n<h3 data-start=\"1282\" data-end=\"1307\">BRAUCHEN SIE HILFE?<\/h3>\n<p data-start=\"1308\" data-end=\"1440\">Wenn Sie Fragen zu diesem Artikel oder zur Gr\u00f6\u00dfe haben, wenden Sie sich bitte an unser Customer Care Team unter <a class=\"decorated-link cursor-pointer\" rel=\"noopener\" data-start=\"1420\" data-end=\"1437\">web@muchogusto.nl<\/a>.<\/p>\n","protected":false},"excerpt":{"rendered":"<p>DETAILS ZUM PRODUKT MUCHO GUSTO\u00ae Schal San Francisco Feather Chic Fringes Entdecken Sie zeitlose Eleganz mit dem MUCHO GUSTO\u00ae Schal San Francisco Feather Chic Fringes \u2013 ein luxuri\u00f6ser dreieckiger Schal aus 100% Seide. Die raffinierte Kombination aus Marineblau, Rot und sanften Graut\u00f6nen verleiht jedem Outfit eine moderne und zugleich elegante Ausstrahlung. Die feinen Fransen sorgen [&hellip;]<\/p>\n","protected":false},"featured_media":50808,"comment_status":"open","ping_status":"closed","template":"","meta":{"_acf_changed":false,"inline_featured_image":false,"navigation_state":false,"_genesis_hide_title":false,"_genesis_hide_breadcrumbs":false,"_genesis_hide_singular_image":false,"_genesis_hide_footer_widgets":false,"_genesis_custom_body_class":"","_genesis_custom_post_class":"","_genesis_layout":""},"product_brand":[],"product_cat":[87],"product_tag":[],"class_list":{"0":"post-50819","1":"product","2":"type-product","3":"status-publish","4":"has-post-thumbnail","6":"product_cat-schals","7":"entry","9":"first","10":"instock","11":"sale","12":"taxable","13":"shipping-taxable","14":"purchasable","15":"product-type-simple"},"acf":[],"yoast_head":"<!-- This site is optimized with the Yoast SEO Premium plugin v27.2 (Yoast SEO v27.2) - https:\/\/yoast.com\/product\/yoast-seo-premium-wordpress\/ -->\n<title>MUCHO GUSTO\u00ae Schal San Francisco Feather Chic Fringes - Mucho Gusto<\/title>\n<meta name=\"description\" content=\"Entdecken Sie den MUCHO GUSTO\u00ae Schal San Francisco Feather Chic Fringes \u2013 ein 100% Seide dreieckiger Schal mit Fransen. Dutch Design.\" \/>\n<meta name=\"robots\" content=\"index, follow, max-snippet:-1, max-image-preview:large, max-video-preview:-1\" \/>\n<link rel=\"canonical\" href=\"https:\/\/muchogusto.nl\/de\/produkt\/mucho-gusto-schal-san-francisco-feather-chic-fringes\/\" \/>\n<meta property=\"og:locale\" content=\"de_DE\" \/>\n<meta property=\"og:type\" content=\"article\" \/>\n<meta property=\"og:title\" content=\"MUCHO GUSTO\u00ae Schal San Francisco Feather Chic Fringes\" \/>\n<meta property=\"og:description\" content=\"Entdecken Sie den MUCHO GUSTO\u00ae Schal San Francisco Feather Chic Fringes \u2013 ein 100% Seide dreieckiger Schal mit Fransen. Dutch Design.\" \/>\n<meta property=\"og:url\" content=\"https:\/\/muchogusto.nl\/de\/produkt\/mucho-gusto-schal-san-francisco-feather-chic-fringes\/\" \/>\n<meta property=\"og:site_name\" content=\"Mucho Gusto\" \/>\n<meta property=\"article:publisher\" content=\"https:\/\/www.facebook.com\/muchogusto.nl\/\" \/>\n<meta property=\"article:modified_time\" content=\"2026-03-02T11:02:38+00:00\" \/>\n<meta property=\"og:image\" content=\"https:\/\/muchogusto.nl\/wp-content\/uploads\/2025\/10\/Ontwerp-zonder-titel-5-scaled.jpg\" \/>\n\t<meta property=\"og:image:width\" content=\"1920\" \/>\n\t<meta property=\"og:image:height\" content=\"2560\" \/>\n\t<meta property=\"og:image:type\" content=\"image\/jpeg\" \/>\n<meta name=\"twitter:card\" content=\"summary_large_image\" \/>\n<meta name=\"twitter:label1\" content=\"Est. reading time\" \/>\n\t<meta name=\"twitter:data1\" content=\"1 minute\" \/>\n<script type=\"application\/ld+json\" class=\"yoast-schema-graph\">{\"@context\":\"https:\/\/schema.org\",\"@graph\":[{\"@type\":\"WebPage\",\"@id\":\"https:\/\/muchogusto.nl\/de\/produkt\/mucho-gusto-schal-san-francisco-feather-chic-fringes\/\",\"url\":\"https:\/\/muchogusto.nl\/de\/produkt\/mucho-gusto-schal-san-francisco-feather-chic-fringes\/\",\"name\":\"MUCHO GUSTO\u00ae Schal San Francisco Feather Chic Fringes - Mucho Gusto\",\"isPartOf\":{\"@id\":\"https:\/\/muchogusto.nl\/#website\"},\"primaryImageOfPage\":{\"@id\":\"https:\/\/muchogusto.nl\/de\/produkt\/mucho-gusto-schal-san-francisco-feather-chic-fringes\/#primaryimage\"},\"image\":{\"@id\":\"https:\/\/muchogusto.nl\/de\/produkt\/mucho-gusto-schal-san-francisco-feather-chic-fringes\/#primaryimage\"},\"thumbnailUrl\":\"https:\/\/muchogusto.nl\/wp-content\/uploads\/2025\/10\/Ontwerp-zonder-titel-5-scaled.jpg\",\"datePublished\":\"2025-10-10T08:30:29+00:00\",\"dateModified\":\"2026-03-02T11:02:38+00:00\",\"description\":\"Entdecken Sie den MUCHO GUSTO\u00ae Schal San Francisco Feather Chic Fringes \u2013 ein 100% Seide dreieckiger Schal mit Fransen. Dutch Design.\",\"breadcrumb\":{\"@id\":\"https:\/\/muchogusto.nl\/de\/produkt\/mucho-gusto-schal-san-francisco-feather-chic-fringes\/#breadcrumb\"},\"inLanguage\":\"de-DE\",\"potentialAction\":[{\"@type\":\"ReadAction\",\"target\":[\"https:\/\/muchogusto.nl\/de\/produkt\/mucho-gusto-schal-san-francisco-feather-chic-fringes\/\"]}]},{\"@type\":\"ImageObject\",\"inLanguage\":\"de-DE\",\"@id\":\"https:\/\/muchogusto.nl\/de\/produkt\/mucho-gusto-schal-san-francisco-feather-chic-fringes\/#primaryimage\",\"url\":\"https:\/\/muchogusto.nl\/wp-content\/uploads\/2025\/10\/Ontwerp-zonder-titel-5-scaled.jpg\",\"contentUrl\":\"https:\/\/muchogusto.nl\/wp-content\/uploads\/2025\/10\/Ontwerp-zonder-titel-5-scaled.jpg\",\"width\":1920,\"height\":2560,\"caption\":\"MUCHO GUSTO\u00ae Scarf San Francisco Feather Chic\"},{\"@type\":\"BreadcrumbList\",\"@id\":\"https:\/\/muchogusto.nl\/de\/produkt\/mucho-gusto-schal-san-francisco-feather-chic-fringes\/#breadcrumb\",\"itemListElement\":[{\"@type\":\"ListItem\",\"position\":1,\"name\":\"Home\",\"item\":\"https:\/\/muchogusto.nl\/de\/\"},{\"@type\":\"ListItem\",\"position\":2,\"name\":\"Shop\",\"item\":\"https:\/\/muchogusto.nl\/de\/shop-2\/\"},{\"@type\":\"ListItem\",\"position\":3,\"name\":\"MUCHO GUSTO\u00ae Schal San Francisco Feather Chic Fringes\"}]},{\"@type\":\"WebSite\",\"@id\":\"https:\/\/muchogusto.nl\/#website\",\"url\":\"https:\/\/muchogusto.nl\/\",\"name\":\"muchogusto.nl\",\"description\":\"\",\"publisher\":{\"@id\":\"https:\/\/muchogusto.nl\/#organization\"},\"potentialAction\":[{\"@type\":\"SearchAction\",\"target\":{\"@type\":\"EntryPoint\",\"urlTemplate\":\"https:\/\/muchogusto.nl\/?s={search_term_string}\"},\"query-input\":{\"@type\":\"PropertyValueSpecification\",\"valueRequired\":true,\"valueName\":\"search_term_string\"}}],\"inLanguage\":\"de-DE\"},{\"@type\":\"Organization\",\"@id\":\"https:\/\/muchogusto.nl\/#organization\",\"name\":\"Mucho Gusto\",\"url\":\"https:\/\/muchogusto.nl\/\",\"logo\":{\"@type\":\"ImageObject\",\"inLanguage\":\"de-DE\",\"@id\":\"https:\/\/muchogusto.nl\/#\/schema\/logo\/image\/\",\"url\":\"https:\/\/muchogusto.nl\/wp-content\/uploads\/2022\/08\/logo_header.svg\",\"contentUrl\":\"https:\/\/muchogusto.nl\/wp-content\/uploads\/2022\/08\/logo_header.svg\",\"caption\":\"Mucho Gusto\"},\"image\":{\"@id\":\"https:\/\/muchogusto.nl\/#\/schema\/logo\/image\/\"},\"sameAs\":[\"https:\/\/www.facebook.com\/muchogusto.nl\/\",\"https:\/\/www.instagram.com\/muchogusto.nl\/\"]}]}<\/script>\n<!-- \/ Yoast SEO Premium plugin. -->","yoast_head_json":{"title":"MUCHO GUSTO\u00ae Schal San Francisco Feather Chic Fringes - Mucho Gusto","description":"Entdecken Sie den MUCHO GUSTO\u00ae Schal San Francisco Feather Chic Fringes \u2013 ein 100% Seide dreieckiger Schal mit Fransen. Dutch Design.","robots":{"index":"index","follow":"follow","max-snippet":"max-snippet:-1","max-image-preview":"max-image-preview:large","max-video-preview":"max-video-preview:-1"},"canonical":"https:\/\/muchogusto.nl\/de\/produkt\/mucho-gusto-schal-san-francisco-feather-chic-fringes\/","og_locale":"de_DE","og_type":"article","og_title":"MUCHO GUSTO\u00ae Schal San Francisco Feather Chic Fringes","og_description":"Entdecken Sie den MUCHO GUSTO\u00ae Schal San Francisco Feather Chic Fringes \u2013 ein 100% Seide dreieckiger Schal mit Fransen. Dutch Design.","og_url":"https:\/\/muchogusto.nl\/de\/produkt\/mucho-gusto-schal-san-francisco-feather-chic-fringes\/","og_site_name":"Mucho Gusto","article_publisher":"https:\/\/www.facebook.com\/muchogusto.nl\/","article_modified_time":"2026-03-02T11:02:38+00:00","og_image":[{"width":1920,"height":2560,"url":"https:\/\/muchogusto.nl\/wp-content\/uploads\/2025\/10\/Ontwerp-zonder-titel-5-scaled.jpg","type":"image\/jpeg"}],"twitter_card":"summary_large_image","twitter_misc":{"Est. reading time":"1 minute"},"schema":{"@context":"https:\/\/schema.org","@graph":[{"@type":"WebPage","@id":"https:\/\/muchogusto.nl\/de\/produkt\/mucho-gusto-schal-san-francisco-feather-chic-fringes\/","url":"https:\/\/muchogusto.nl\/de\/produkt\/mucho-gusto-schal-san-francisco-feather-chic-fringes\/","name":"MUCHO GUSTO\u00ae Schal San Francisco Feather Chic Fringes - Mucho Gusto","isPartOf":{"@id":"https:\/\/muchogusto.nl\/#website"},"primaryImageOfPage":{"@id":"https:\/\/muchogusto.nl\/de\/produkt\/mucho-gusto-schal-san-francisco-feather-chic-fringes\/#primaryimage"},"image":{"@id":"https:\/\/muchogusto.nl\/de\/produkt\/mucho-gusto-schal-san-francisco-feather-chic-fringes\/#primaryimage"},"thumbnailUrl":"https:\/\/muchogusto.nl\/wp-content\/uploads\/2025\/10\/Ontwerp-zonder-titel-5-scaled.jpg","datePublished":"2025-10-10T08:30:29+00:00","dateModified":"2026-03-02T11:02:38+00:00","description":"Entdecken Sie den MUCHO GUSTO\u00ae Schal San Francisco Feather Chic Fringes \u2013 ein 100% Seide dreieckiger Schal mit Fransen. Dutch Design.","breadcrumb":{"@id":"https:\/\/muchogusto.nl\/de\/produkt\/mucho-gusto-schal-san-francisco-feather-chic-fringes\/#breadcrumb"},"inLanguage":"de-DE","potentialAction":[{"@type":"ReadAction","target":["https:\/\/muchogusto.nl\/de\/produkt\/mucho-gusto-schal-san-francisco-feather-chic-fringes\/"]}]},{"@type":"ImageObject","inLanguage":"de-DE","@id":"https:\/\/muchogusto.nl\/de\/produkt\/mucho-gusto-schal-san-francisco-feather-chic-fringes\/#primaryimage","url":"https:\/\/muchogusto.nl\/wp-content\/uploads\/2025\/10\/Ontwerp-zonder-titel-5-scaled.jpg","contentUrl":"https:\/\/muchogusto.nl\/wp-content\/uploads\/2025\/10\/Ontwerp-zonder-titel-5-scaled.jpg","width":1920,"height":2560,"caption":"MUCHO GUSTO\u00ae Scarf San Francisco Feather Chic"},{"@type":"BreadcrumbList","@id":"https:\/\/muchogusto.nl\/de\/produkt\/mucho-gusto-schal-san-francisco-feather-chic-fringes\/#breadcrumb","itemListElement":[{"@type":"ListItem","position":1,"name":"Home","item":"https:\/\/muchogusto.nl\/de\/"},{"@type":"ListItem","position":2,"name":"Shop","item":"https:\/\/muchogusto.nl\/de\/shop-2\/"},{"@type":"ListItem","position":3,"name":"MUCHO GUSTO\u00ae Schal San Francisco Feather Chic Fringes"}]},{"@type":"WebSite","@id":"https:\/\/muchogusto.nl\/#website","url":"https:\/\/muchogusto.nl\/","name":"muchogusto.nl","description":"","publisher":{"@id":"https:\/\/muchogusto.nl\/#organization"},"potentialAction":[{"@type":"SearchAction","target":{"@type":"EntryPoint","urlTemplate":"https:\/\/muchogusto.nl\/?s={search_term_string}"},"query-input":{"@type":"PropertyValueSpecification","valueRequired":true,"valueName":"search_term_string"}}],"inLanguage":"de-DE"},{"@type":"Organization","@id":"https:\/\/muchogusto.nl\/#organization","name":"Mucho Gusto","url":"https:\/\/muchogusto.nl\/","logo":{"@type":"ImageObject","inLanguage":"de-DE","@id":"https:\/\/muchogusto.nl\/#\/schema\/logo\/image\/","url":"https:\/\/muchogusto.nl\/wp-content\/uploads\/2022\/08\/logo_header.svg","contentUrl":"https:\/\/muchogusto.nl\/wp-content\/uploads\/2022\/08\/logo_header.svg","caption":"Mucho Gusto"},"image":{"@id":"https:\/\/muchogusto.nl\/#\/schema\/logo\/image\/"},"sameAs":["https:\/\/www.facebook.com\/muchogusto.nl\/","https:\/\/www.instagram.com\/muchogusto.nl\/"]}]}},"_links":{"self":[{"href":"https:\/\/muchogusto.nl\/de\/wp-json\/wp\/v2\/product\/50819","targetHints":{"allow":["GET"]}}],"collection":[{"href":"https:\/\/muchogusto.nl\/de\/wp-json\/wp\/v2\/product"}],"about":[{"href":"https:\/\/muchogusto.nl\/de\/wp-json\/wp\/v2\/types\/product"}],"replies":[{"embeddable":true,"href":"https:\/\/muchogusto.nl\/de\/wp-json\/wp\/v2\/comments?post=50819"}],"wp:featuredmedia":[{"embeddable":true,"href":"https:\/\/muchogusto.nl\/de\/wp-json\/wp\/v2\/media\/50808"}],"wp:attachment":[{"href":"https:\/\/muchogusto.nl\/de\/wp-json\/wp\/v2\/media?parent=50819"}],"wp:term":[{"taxonomy":"product_brand","embeddable":true,"href":"https:\/\/muchogusto.nl\/de\/wp-json\/wp\/v2\/product_brand?post=50819"},{"taxonomy":"product_cat","embeddable":true,"href":"https:\/\/muchogusto.nl\/de\/wp-json\/wp\/v2\/product_cat?post=50819"},{"taxonomy":"product_tag","embeddable":true,"href":"https:\/\/muchogusto.nl\/de\/wp-json\/wp\/v2\/product_tag?post=50819"}],"curies":[{"name":"wp","href":"https:\/\/api.w.org\/{rel}","templated":true}]}}