{"id":50734,"date":"2025-10-09T15:07:16","date_gmt":"2025-10-09T13:07:16","guid":{"rendered":"https:\/\/muchogusto.nl\/product\/mucho-gusto-sjaal-san-francisco-luxe-fringes\/"},"modified":"2026-03-02T12:02:38","modified_gmt":"2026-03-02T11:02:38","slug":"mucho-gusto-schal-san-francisco-luxe-fringes","status":"publish","type":"product","link":"https:\/\/muchogusto.nl\/de\/produkt\/mucho-gusto-schal-san-francisco-luxe-fringes\/","title":{"rendered":"MUCHO GUSTO\u00ae Schal San Francisco Luxe Fringes"},"content":{"rendered":"<p data-start=\"2067\" data-end=\"2116\"><strong data-start=\"2067\" data-end=\"2116\">MUCHO GUSTO\u00ae Schal San Francisco Luxe Fringes<\/strong><\/p>\n<p data-start=\"2118\" data-end=\"2285\">Erleben Sie moderne Eleganz mit dem MUCHO GUSTO\u00ae Schal San Francisco Luxe Fringes \u2013 ein luxuri\u00f6ses Accessoire, das Stil, Bewegung und zeitloses Dutch Design vereint.<\/p>\n<p data-start=\"2287\" data-end=\"2677\">Dieser wundersch\u00f6ne, dreieckige Schal zeigt ein feines Zusammenspiel aus geometrischen und abstrakten Mustern in tiefen T\u00f6nen von Blau, Braun und Sand. Die langen, hellbeigen Fransen verleihen dem Schal einen modernen und zugleich luxuri\u00f6sen Look. Au\u00dferdem besteht er aus 100% reiner Seide. Dadurch f\u00fchlt sich der Stoff weich an, f\u00e4llt leicht und verleiht jedem Outfit eine elegante Note.<\/p>\n<p data-start=\"2679\" data-end=\"2916\">Dank seiner handlichen Gr\u00f6\u00dfe l\u00e4sst sich der San Francisco Luxe Fringes Schal auf viele Arten tragen. So k\u00f6nnen Sie ihn locker um den Hals legen, elegant \u00fcber die Schultern drapieren oder als stilvolles Detail zu Ihrem Look kombinieren.<\/p>\n<p data-start=\"2918\" data-end=\"3058\">Leicht, edel und voller Charakter \u2013 der Schal San Francisco Luxe Fringes verk\u00f6rpert perfekt den femininen, modernen Stil von MUCHO GUSTO\u00ae.<\/p>\n<p data-start=\"3060\" data-end=\"3260\"><strong data-start=\"3060\" data-end=\"3076\">Dutch Design<\/strong><br data-start=\"3076\" data-end=\"3079\" \/><strong data-start=\"3079\" data-end=\"3092\">Material:<\/strong> 100% Seide<br data-start=\"3103\" data-end=\"3106\" \/><strong data-start=\"3106\" data-end=\"3115\">Ma\u00dfe:<\/strong> 130 x 80 x 80 cm<br data-start=\"3132\" data-end=\"3135\" \/><strong data-start=\"3135\" data-end=\"3144\">Form:<\/strong> Dreieckig<br data-start=\"3154\" data-end=\"3157\" \/><strong data-start=\"3157\" data-end=\"3168\">Design:<\/strong> Geometrisches und abstraktes Muster in Blau, Braun und Sand mit langen hellbeigen Fransen<\/p>\n<h3 data-start=\"3262\" data-end=\"3284\">PASSENDE ARTIKEL<\/h3>\n<p data-start=\"3286\" data-end=\"3578\">Kombinieren Sie Ihr Outfit mit einem unserer passenden <a class=\"decorated-link\" href=\"https:\/\/muchogusto.nl\/clothing\/\" target=\"_new\" rel=\"noopener\" data-start=\"3341\" data-end=\"3386\">Bekleidung<\/a>.<br data-start=\"3387\" data-end=\"3390\" \/>M\u00f6chten Sie weitere <a class=\"decorated-link\" href=\"https:\/\/muchogusto.nl\/de\/schals\/\" target=\"_new\" rel=\"noopener\" data-start=\"3410\" data-end=\"3448\">Schals<\/a> entdecken?<br data-start=\"3459\" data-end=\"3462\" \/>Oder suchen Sie nach mehr Inspiration? Besuchen Sie uns auf <a class=\"decorated-link\" href=\"https:\/\/www.instagram.com\/muchogusto.nl\/\" target=\"_new\" rel=\"noopener\" data-start=\"3522\" data-end=\"3575\">Instagram<\/a>.<\/p>\n<h3 data-start=\"3580\" data-end=\"3605\">BRAUCHEN SIE HILFE?<\/h3>\n<p data-start=\"3607\" data-end=\"3767\">Wenn Sie Fragen zu diesem Artikel oder zur Gr\u00f6\u00dfe haben, wenden Sie sich bitte an unser Customer Care Team unter <a class=\"decorated-link cursor-pointer\" rel=\"noopener\" data-start=\"3719\" data-end=\"3764\">web@muchogusto.nl<\/a>.<\/p>\n","protected":false},"excerpt":{"rendered":"<p>MUCHO GUSTO\u00ae Schal San Francisco Luxe Fringes Erleben Sie moderne Eleganz mit dem MUCHO GUSTO\u00ae Schal San Francisco Luxe Fringes \u2013 ein luxuri\u00f6ses Accessoire, das Stil, Bewegung und zeitloses Dutch Design vereint. Dieser wundersch\u00f6ne, dreieckige Schal zeigt ein feines Zusammenspiel aus geometrischen und abstrakten Mustern in tiefen T\u00f6nen von Blau, Braun und Sand. Die langen, [&hellip;]<\/p>\n","protected":false},"featured_media":50691,"comment_status":"open","ping_status":"closed","template":"","meta":{"_acf_changed":false,"inline_featured_image":false,"navigation_state":false,"_genesis_hide_title":false,"_genesis_hide_breadcrumbs":false,"_genesis_hide_singular_image":false,"_genesis_hide_footer_widgets":false,"_genesis_custom_body_class":"","_genesis_custom_post_class":"","_genesis_layout":""},"product_brand":[],"product_cat":[87],"product_tag":[],"class_list":{"0":"post-50734","1":"product","2":"type-product","3":"status-publish","4":"has-post-thumbnail","6":"product_cat-schals","7":"entry","9":"first","10":"instock","11":"sale","12":"taxable","13":"shipping-taxable","14":"purchasable","15":"product-type-simple"},"acf":[],"yoast_head":"<!-- This site is optimized with the Yoast SEO Premium plugin v27.2 (Yoast SEO v27.2) - https:\/\/yoast.com\/product\/yoast-seo-premium-wordpress\/ -->\n<title>MUCHO GUSTO\u00ae Schal San Francisco Luxe Fringes - Mucho Gusto<\/title>\n<meta name=\"description\" content=\"Entdecken Sie den MUCHO GUSTO\u00ae Schal San Francisco Luxe Fringes \u2013 ein dreieckiger Seidenschal mit geometrischem Muster und langen beigen Fransen. Dutch Design.\" \/>\n<meta name=\"robots\" content=\"index, follow, max-snippet:-1, max-image-preview:large, max-video-preview:-1\" \/>\n<link rel=\"canonical\" href=\"https:\/\/muchogusto.nl\/de\/produkt\/mucho-gusto-schal-san-francisco-luxe-fringes\/\" \/>\n<meta property=\"og:locale\" content=\"de_DE\" \/>\n<meta property=\"og:type\" content=\"article\" \/>\n<meta property=\"og:title\" content=\"MUCHO GUSTO\u00ae Schal San Francisco Luxe Fringes\" \/>\n<meta property=\"og:description\" content=\"Entdecken Sie den MUCHO GUSTO\u00ae Schal San Francisco Luxe Fringes \u2013 ein dreieckiger Seidenschal mit geometrischem Muster und langen beigen Fransen. Dutch Design.\" \/>\n<meta property=\"og:url\" content=\"https:\/\/muchogusto.nl\/de\/produkt\/mucho-gusto-schal-san-francisco-luxe-fringes\/\" \/>\n<meta property=\"og:site_name\" content=\"Mucho Gusto\" \/>\n<meta property=\"article:publisher\" content=\"https:\/\/www.facebook.com\/muchogusto.nl\/\" \/>\n<meta property=\"article:modified_time\" content=\"2026-03-02T11:02:38+00:00\" \/>\n<meta property=\"og:image\" content=\"https:\/\/muchogusto.nl\/wp-content\/uploads\/2025\/10\/MUCHO-GUSTO\u00ae--scaled.jpg\" \/>\n\t<meta property=\"og:image:width\" content=\"1920\" \/>\n\t<meta property=\"og:image:height\" content=\"2560\" \/>\n\t<meta property=\"og:image:type\" content=\"image\/jpeg\" \/>\n<meta name=\"twitter:card\" content=\"summary_large_image\" \/>\n<meta name=\"twitter:label1\" content=\"Est. reading time\" \/>\n\t<meta name=\"twitter:data1\" content=\"2 minutes\" \/>\n<script type=\"application\/ld+json\" class=\"yoast-schema-graph\">{\"@context\":\"https:\/\/schema.org\",\"@graph\":[{\"@type\":\"WebPage\",\"@id\":\"https:\/\/muchogusto.nl\/de\/produkt\/mucho-gusto-schal-san-francisco-luxe-fringes\/\",\"url\":\"https:\/\/muchogusto.nl\/de\/produkt\/mucho-gusto-schal-san-francisco-luxe-fringes\/\",\"name\":\"MUCHO GUSTO\u00ae Schal San Francisco Luxe Fringes - Mucho Gusto\",\"isPartOf\":{\"@id\":\"https:\/\/muchogusto.nl\/#website\"},\"primaryImageOfPage\":{\"@id\":\"https:\/\/muchogusto.nl\/de\/produkt\/mucho-gusto-schal-san-francisco-luxe-fringes\/#primaryimage\"},\"image\":{\"@id\":\"https:\/\/muchogusto.nl\/de\/produkt\/mucho-gusto-schal-san-francisco-luxe-fringes\/#primaryimage\"},\"thumbnailUrl\":\"https:\/\/muchogusto.nl\/wp-content\/uploads\/2025\/10\/MUCHO-GUSTO\u00ae--scaled.jpg\",\"datePublished\":\"2025-10-09T13:07:16+00:00\",\"dateModified\":\"2026-03-02T11:02:38+00:00\",\"description\":\"Entdecken Sie den MUCHO GUSTO\u00ae Schal San Francisco Luxe Fringes \u2013 ein dreieckiger Seidenschal mit geometrischem Muster und langen beigen Fransen. Dutch Design.\",\"breadcrumb\":{\"@id\":\"https:\/\/muchogusto.nl\/de\/produkt\/mucho-gusto-schal-san-francisco-luxe-fringes\/#breadcrumb\"},\"inLanguage\":\"de-DE\",\"potentialAction\":[{\"@type\":\"ReadAction\",\"target\":[\"https:\/\/muchogusto.nl\/de\/produkt\/mucho-gusto-schal-san-francisco-luxe-fringes\/\"]}]},{\"@type\":\"ImageObject\",\"inLanguage\":\"de-DE\",\"@id\":\"https:\/\/muchogusto.nl\/de\/produkt\/mucho-gusto-schal-san-francisco-luxe-fringes\/#primaryimage\",\"url\":\"https:\/\/muchogusto.nl\/wp-content\/uploads\/2025\/10\/MUCHO-GUSTO\u00ae--scaled.jpg\",\"contentUrl\":\"https:\/\/muchogusto.nl\/wp-content\/uploads\/2025\/10\/MUCHO-GUSTO\u00ae--scaled.jpg\",\"width\":1920,\"height\":2560},{\"@type\":\"BreadcrumbList\",\"@id\":\"https:\/\/muchogusto.nl\/de\/produkt\/mucho-gusto-schal-san-francisco-luxe-fringes\/#breadcrumb\",\"itemListElement\":[{\"@type\":\"ListItem\",\"position\":1,\"name\":\"Home\",\"item\":\"https:\/\/muchogusto.nl\/de\/\"},{\"@type\":\"ListItem\",\"position\":2,\"name\":\"Shop\",\"item\":\"https:\/\/muchogusto.nl\/de\/shop-2\/\"},{\"@type\":\"ListItem\",\"position\":3,\"name\":\"MUCHO GUSTO\u00ae Schal San Francisco Luxe Fringes\"}]},{\"@type\":\"WebSite\",\"@id\":\"https:\/\/muchogusto.nl\/#website\",\"url\":\"https:\/\/muchogusto.nl\/\",\"name\":\"muchogusto.nl\",\"description\":\"\",\"publisher\":{\"@id\":\"https:\/\/muchogusto.nl\/#organization\"},\"potentialAction\":[{\"@type\":\"SearchAction\",\"target\":{\"@type\":\"EntryPoint\",\"urlTemplate\":\"https:\/\/muchogusto.nl\/?s={search_term_string}\"},\"query-input\":{\"@type\":\"PropertyValueSpecification\",\"valueRequired\":true,\"valueName\":\"search_term_string\"}}],\"inLanguage\":\"de-DE\"},{\"@type\":\"Organization\",\"@id\":\"https:\/\/muchogusto.nl\/#organization\",\"name\":\"Mucho Gusto\",\"url\":\"https:\/\/muchogusto.nl\/\",\"logo\":{\"@type\":\"ImageObject\",\"inLanguage\":\"de-DE\",\"@id\":\"https:\/\/muchogusto.nl\/#\/schema\/logo\/image\/\",\"url\":\"https:\/\/muchogusto.nl\/wp-content\/uploads\/2022\/08\/logo_header.svg\",\"contentUrl\":\"https:\/\/muchogusto.nl\/wp-content\/uploads\/2022\/08\/logo_header.svg\",\"caption\":\"Mucho Gusto\"},\"image\":{\"@id\":\"https:\/\/muchogusto.nl\/#\/schema\/logo\/image\/\"},\"sameAs\":[\"https:\/\/www.facebook.com\/muchogusto.nl\/\",\"https:\/\/www.instagram.com\/muchogusto.nl\/\"]}]}<\/script>\n<!-- \/ Yoast SEO Premium plugin. -->","yoast_head_json":{"title":"MUCHO GUSTO\u00ae Schal San Francisco Luxe Fringes - Mucho Gusto","description":"Entdecken Sie den MUCHO GUSTO\u00ae Schal San Francisco Luxe Fringes \u2013 ein dreieckiger Seidenschal mit geometrischem Muster und langen beigen Fransen. Dutch Design.","robots":{"index":"index","follow":"follow","max-snippet":"max-snippet:-1","max-image-preview":"max-image-preview:large","max-video-preview":"max-video-preview:-1"},"canonical":"https:\/\/muchogusto.nl\/de\/produkt\/mucho-gusto-schal-san-francisco-luxe-fringes\/","og_locale":"de_DE","og_type":"article","og_title":"MUCHO GUSTO\u00ae Schal San Francisco Luxe Fringes","og_description":"Entdecken Sie den MUCHO GUSTO\u00ae Schal San Francisco Luxe Fringes \u2013 ein dreieckiger Seidenschal mit geometrischem Muster und langen beigen Fransen. Dutch Design.","og_url":"https:\/\/muchogusto.nl\/de\/produkt\/mucho-gusto-schal-san-francisco-luxe-fringes\/","og_site_name":"Mucho Gusto","article_publisher":"https:\/\/www.facebook.com\/muchogusto.nl\/","article_modified_time":"2026-03-02T11:02:38+00:00","og_image":[{"width":1920,"height":2560,"url":"https:\/\/muchogusto.nl\/wp-content\/uploads\/2025\/10\/MUCHO-GUSTO\u00ae--scaled.jpg","type":"image\/jpeg"}],"twitter_card":"summary_large_image","twitter_misc":{"Est. reading time":"2 minutes"},"schema":{"@context":"https:\/\/schema.org","@graph":[{"@type":"WebPage","@id":"https:\/\/muchogusto.nl\/de\/produkt\/mucho-gusto-schal-san-francisco-luxe-fringes\/","url":"https:\/\/muchogusto.nl\/de\/produkt\/mucho-gusto-schal-san-francisco-luxe-fringes\/","name":"MUCHO GUSTO\u00ae Schal San Francisco Luxe Fringes - Mucho Gusto","isPartOf":{"@id":"https:\/\/muchogusto.nl\/#website"},"primaryImageOfPage":{"@id":"https:\/\/muchogusto.nl\/de\/produkt\/mucho-gusto-schal-san-francisco-luxe-fringes\/#primaryimage"},"image":{"@id":"https:\/\/muchogusto.nl\/de\/produkt\/mucho-gusto-schal-san-francisco-luxe-fringes\/#primaryimage"},"thumbnailUrl":"https:\/\/muchogusto.nl\/wp-content\/uploads\/2025\/10\/MUCHO-GUSTO\u00ae--scaled.jpg","datePublished":"2025-10-09T13:07:16+00:00","dateModified":"2026-03-02T11:02:38+00:00","description":"Entdecken Sie den MUCHO GUSTO\u00ae Schal San Francisco Luxe Fringes \u2013 ein dreieckiger Seidenschal mit geometrischem Muster und langen beigen Fransen. Dutch Design.","breadcrumb":{"@id":"https:\/\/muchogusto.nl\/de\/produkt\/mucho-gusto-schal-san-francisco-luxe-fringes\/#breadcrumb"},"inLanguage":"de-DE","potentialAction":[{"@type":"ReadAction","target":["https:\/\/muchogusto.nl\/de\/produkt\/mucho-gusto-schal-san-francisco-luxe-fringes\/"]}]},{"@type":"ImageObject","inLanguage":"de-DE","@id":"https:\/\/muchogusto.nl\/de\/produkt\/mucho-gusto-schal-san-francisco-luxe-fringes\/#primaryimage","url":"https:\/\/muchogusto.nl\/wp-content\/uploads\/2025\/10\/MUCHO-GUSTO\u00ae--scaled.jpg","contentUrl":"https:\/\/muchogusto.nl\/wp-content\/uploads\/2025\/10\/MUCHO-GUSTO\u00ae--scaled.jpg","width":1920,"height":2560},{"@type":"BreadcrumbList","@id":"https:\/\/muchogusto.nl\/de\/produkt\/mucho-gusto-schal-san-francisco-luxe-fringes\/#breadcrumb","itemListElement":[{"@type":"ListItem","position":1,"name":"Home","item":"https:\/\/muchogusto.nl\/de\/"},{"@type":"ListItem","position":2,"name":"Shop","item":"https:\/\/muchogusto.nl\/de\/shop-2\/"},{"@type":"ListItem","position":3,"name":"MUCHO GUSTO\u00ae Schal San Francisco Luxe Fringes"}]},{"@type":"WebSite","@id":"https:\/\/muchogusto.nl\/#website","url":"https:\/\/muchogusto.nl\/","name":"muchogusto.nl","description":"","publisher":{"@id":"https:\/\/muchogusto.nl\/#organization"},"potentialAction":[{"@type":"SearchAction","target":{"@type":"EntryPoint","urlTemplate":"https:\/\/muchogusto.nl\/?s={search_term_string}"},"query-input":{"@type":"PropertyValueSpecification","valueRequired":true,"valueName":"search_term_string"}}],"inLanguage":"de-DE"},{"@type":"Organization","@id":"https:\/\/muchogusto.nl\/#organization","name":"Mucho Gusto","url":"https:\/\/muchogusto.nl\/","logo":{"@type":"ImageObject","inLanguage":"de-DE","@id":"https:\/\/muchogusto.nl\/#\/schema\/logo\/image\/","url":"https:\/\/muchogusto.nl\/wp-content\/uploads\/2022\/08\/logo_header.svg","contentUrl":"https:\/\/muchogusto.nl\/wp-content\/uploads\/2022\/08\/logo_header.svg","caption":"Mucho Gusto"},"image":{"@id":"https:\/\/muchogusto.nl\/#\/schema\/logo\/image\/"},"sameAs":["https:\/\/www.facebook.com\/muchogusto.nl\/","https:\/\/www.instagram.com\/muchogusto.nl\/"]}]}},"_links":{"self":[{"href":"https:\/\/muchogusto.nl\/de\/wp-json\/wp\/v2\/product\/50734","targetHints":{"allow":["GET"]}}],"collection":[{"href":"https:\/\/muchogusto.nl\/de\/wp-json\/wp\/v2\/product"}],"about":[{"href":"https:\/\/muchogusto.nl\/de\/wp-json\/wp\/v2\/types\/product"}],"replies":[{"embeddable":true,"href":"https:\/\/muchogusto.nl\/de\/wp-json\/wp\/v2\/comments?post=50734"}],"wp:featuredmedia":[{"embeddable":true,"href":"https:\/\/muchogusto.nl\/de\/wp-json\/wp\/v2\/media\/50691"}],"wp:attachment":[{"href":"https:\/\/muchogusto.nl\/de\/wp-json\/wp\/v2\/media?parent=50734"}],"wp:term":[{"taxonomy":"product_brand","embeddable":true,"href":"https:\/\/muchogusto.nl\/de\/wp-json\/wp\/v2\/product_brand?post=50734"},{"taxonomy":"product_cat","embeddable":true,"href":"https:\/\/muchogusto.nl\/de\/wp-json\/wp\/v2\/product_cat?post=50734"},{"taxonomy":"product_tag","embeddable":true,"href":"https:\/\/muchogusto.nl\/de\/wp-json\/wp\/v2\/product_tag?post=50734"}],"curies":[{"name":"wp","href":"https:\/\/api.w.org\/{rel}","templated":true}]}}