{"id":50698,"date":"2025-10-09T14:42:27","date_gmt":"2025-10-09T12:42:27","guid":{"rendered":"https:\/\/muchogusto.nl\/product\/mucho-gusto-scarf-burano-small-silver-grace\/"},"modified":"2026-03-02T12:02:38","modified_gmt":"2026-03-02T11:02:38","slug":"mucho-gusto-schal-burano-small-silver-grace","status":"publish","type":"product","link":"https:\/\/muchogusto.nl\/de\/produkt\/mucho-gusto-schal-burano-small-silver-grace\/","title":{"rendered":"MUCHO GUSTO\u00ae Schal Burano Small Silver Grace"},"content":{"rendered":"<h3 data-start=\"0\" data-end=\"25\">DETAILS ZUM PRODUKT<\/h3>\n<p data-start=\"27\" data-end=\"77\"><strong data-start=\"27\" data-end=\"75\">MUCHO GUSTO\u00ae Schal Burano Small Silver Grace<\/strong><\/p>\n<p data-start=\"79\" data-end=\"304\">Der MUCHO GUSTO Schal Burano Small Silver Grace steht f\u00fcr zeitlose Eleganz und dezente Raffinesse. Dieses luxuri\u00f6se Seidentuch wurde f\u00fcr Frauen entworfen, die klare Linien, Zur\u00fcckhaltung und stilvolle Schlichtheit sch\u00e4tzen.<\/p>\n<p data-start=\"306\" data-end=\"685\">Das quadratische Design zeigt ein feines Ornamentmuster, das in einer harmonischen Gitterstruktur angeordnet ist. Die Kombination aus sanften Grau- und Silbert\u00f6nen verleiht dem Schal Tiefe und Balance. Hergestellt aus 100% reiner Seide, f\u00fchlt sich der Stoff wunderbar weich auf der Haut an und besticht durch seinen nat\u00fcrlichen Glanz, der die feinen Details elegant hervorhebt.<\/p>\n<p data-start=\"687\" data-end=\"1109\">Der MUCHO GUSTO Schal Burano Small Silver Grace ist ein vielseitiges Accessoire, das sich m\u00fchelos in jeden Look integrieren l\u00e4sst. Tragen Sie ihn klassisch um den Hals, elegant im Haar oder stilvoll an einer Handtasche. Perfekt f\u00fcr jede Jahreszeit und jeden Anlass \u2013 von Business-Outfits bis hin zu legeren Freizeitlooks. Dieses Seidentuch verk\u00f6rpert die Essenz des Dutch Designs: minimalistisch, edel und zeitlos sch\u00f6n.<\/p>\n<p data-start=\"1111\" data-end=\"1329\"><strong data-start=\"1111\" data-end=\"1127\">Dutch Design<\/strong><br data-start=\"1127\" data-end=\"1130\" \/><strong data-start=\"1130\" data-end=\"1143\">Material:<\/strong> 100% Seide<br data-start=\"1154\" data-end=\"1157\" \/><strong data-start=\"1157\" data-end=\"1166\">Ma\u00dfe:<\/strong> 45 x 45 cm<br data-start=\"1183\" data-end=\"1186\" \/><strong data-start=\"1186\" data-end=\"1195\">Form:<\/strong> Quadratisch<br data-start=\"1207\" data-end=\"1210\" \/><strong data-start=\"1210\" data-end=\"1221\">Design:<\/strong> Ornamentmuster in Gitterform mit sanften Grau- und Silbert\u00f6nen<br data-start=\"1284\" data-end=\"1287\" \/><strong data-start=\"1287\" data-end=\"1303\">Farbpalette:<\/strong> Silber, Grau, Elfenbein<\/p>\n<h3 data-start=\"1331\" data-end=\"1353\">PASSENDE ARTIKEL<\/h3>\n<p data-start=\"1355\" data-end=\"1647\">Kombinieren Sie Ihr Outfit mit einem unserer passenden <a class=\"decorated-link\" href=\"https:\/\/muchogusto.nl\/clothing\/\" target=\"_new\" rel=\"noopener\" data-start=\"1410\" data-end=\"1455\">Bekleidung<\/a>.<br data-start=\"1456\" data-end=\"1459\" \/>M\u00f6chten Sie weitere <a class=\"decorated-link\" href=\"https:\/\/muchogusto.nl\/de\/schals\/\" target=\"_new\" rel=\"noopener\" data-start=\"1479\" data-end=\"1517\">T\u00fccher<\/a> entdecken?<br data-start=\"1528\" data-end=\"1531\" \/>Oder suchen Sie nach mehr Inspiration? Besuchen Sie uns auf <a class=\"decorated-link\" href=\"https:\/\/www.instagram.com\/muchogusto.nl\/\" target=\"_new\" rel=\"noopener\" data-start=\"1591\" data-end=\"1644\">Instagram<\/a>.<\/p>\n<h3 data-start=\"1649\" data-end=\"1674\">BRAUCHEN SIE HILFE?<\/h3>\n<p data-start=\"1676\" data-end=\"1836\">Wenn Sie Fragen zu diesem Artikel oder zur Gr\u00f6\u00dfe haben, wenden Sie sich bitte an unser Customer Care Team unter <a class=\"decorated-link cursor-pointer\" rel=\"noopener\" data-start=\"1788\" data-end=\"1833\">web@muchogusto.nl<\/a>.<\/p>\n","protected":false},"excerpt":{"rendered":"<p>DETAILS ZUM PRODUKT MUCHO GUSTO\u00ae Schal Burano Small Silver Grace Der MUCHO GUSTO Schal Burano Small Silver Grace steht f\u00fcr zeitlose Eleganz und dezente Raffinesse. Dieses luxuri\u00f6se Seidentuch wurde f\u00fcr Frauen entworfen, die klare Linien, Zur\u00fcckhaltung und stilvolle Schlichtheit sch\u00e4tzen. Das quadratische Design zeigt ein feines Ornamentmuster, das in einer harmonischen Gitterstruktur angeordnet ist. Die [&hellip;]<\/p>\n","protected":false},"featured_media":50690,"comment_status":"open","ping_status":"closed","template":"","meta":{"_acf_changed":false,"inline_featured_image":false,"navigation_state":false,"_genesis_hide_title":false,"_genesis_hide_breadcrumbs":false,"_genesis_hide_singular_image":false,"_genesis_hide_footer_widgets":false,"_genesis_custom_body_class":"","_genesis_custom_post_class":"","_genesis_layout":""},"product_brand":[],"product_cat":[87],"product_tag":[],"class_list":{"0":"post-50698","1":"product","2":"type-product","3":"status-publish","4":"has-post-thumbnail","6":"product_cat-schals","7":"entry","9":"first","10":"instock","11":"sale","12":"taxable","13":"shipping-taxable","14":"purchasable","15":"product-type-simple"},"acf":[],"yoast_head":"<!-- This site is optimized with the Yoast SEO Premium plugin v27.2 (Yoast SEO v27.2) - https:\/\/yoast.com\/product\/yoast-seo-premium-wordpress\/ -->\n<title>MUCHO GUSTO\u00ae Schal Burano Small Silver Grace - Mucho Gusto<\/title>\n<meta name=\"description\" content=\"MUCHO GUSTO Schal Burano \u2013 luxuri\u00f6ses 100% Seidentuch mit grauem und silbernem Ornamentmuster. Dutch Design.\" \/>\n<meta name=\"robots\" content=\"index, follow, max-snippet:-1, max-image-preview:large, max-video-preview:-1\" \/>\n<link rel=\"canonical\" href=\"https:\/\/muchogusto.nl\/de\/produkt\/mucho-gusto-schal-burano-small-silver-grace\/\" \/>\n<meta property=\"og:locale\" content=\"de_DE\" \/>\n<meta property=\"og:type\" content=\"article\" \/>\n<meta property=\"og:title\" content=\"MUCHO GUSTO\u00ae Schal Burano Small Silver Grace\" \/>\n<meta property=\"og:description\" content=\"MUCHO GUSTO Schal Burano \u2013 luxuri\u00f6ses 100% Seidentuch mit grauem und silbernem Ornamentmuster. Dutch Design.\" \/>\n<meta property=\"og:url\" content=\"https:\/\/muchogusto.nl\/de\/produkt\/mucho-gusto-schal-burano-small-silver-grace\/\" \/>\n<meta property=\"og:site_name\" content=\"Mucho Gusto\" \/>\n<meta property=\"article:publisher\" content=\"https:\/\/www.facebook.com\/muchogusto.nl\/\" \/>\n<meta property=\"article:modified_time\" content=\"2026-03-02T11:02:38+00:00\" \/>\n<meta property=\"og:image\" content=\"http:\/\/muchogusto.nl\/wp-content\/uploads\/2025\/10\/Ontwerp-zonder-titel-4-scaled.jpg\" \/>\n\t<meta property=\"og:image:width\" content=\"1920\" \/>\n\t<meta property=\"og:image:height\" content=\"2560\" \/>\n\t<meta property=\"og:image:type\" content=\"image\/jpeg\" \/>\n<meta name=\"twitter:card\" content=\"summary_large_image\" \/>\n<meta name=\"twitter:label1\" content=\"Est. reading time\" \/>\n\t<meta name=\"twitter:data1\" content=\"2 minutes\" \/>\n<script type=\"application\/ld+json\" class=\"yoast-schema-graph\">{\"@context\":\"https:\/\/schema.org\",\"@graph\":[{\"@type\":\"WebPage\",\"@id\":\"https:\/\/muchogusto.nl\/de\/produkt\/mucho-gusto-schal-burano-small-silver-grace\/\",\"url\":\"https:\/\/muchogusto.nl\/de\/produkt\/mucho-gusto-schal-burano-small-silver-grace\/\",\"name\":\"MUCHO GUSTO\u00ae Schal Burano Small Silver Grace - Mucho Gusto\",\"isPartOf\":{\"@id\":\"https:\/\/muchogusto.nl\/#website\"},\"primaryImageOfPage\":{\"@id\":\"https:\/\/muchogusto.nl\/de\/produkt\/mucho-gusto-schal-burano-small-silver-grace\/#primaryimage\"},\"image\":{\"@id\":\"https:\/\/muchogusto.nl\/de\/produkt\/mucho-gusto-schal-burano-small-silver-grace\/#primaryimage\"},\"thumbnailUrl\":\"https:\/\/muchogusto.nl\/wp-content\/uploads\/2025\/10\/Ontwerp-zonder-titel-4-scaled.jpg\",\"datePublished\":\"2025-10-09T12:42:27+00:00\",\"dateModified\":\"2026-03-02T11:02:38+00:00\",\"description\":\"MUCHO GUSTO Schal Burano \u2013 luxuri\u00f6ses 100% Seidentuch mit grauem und silbernem Ornamentmuster. Dutch Design.\",\"breadcrumb\":{\"@id\":\"https:\/\/muchogusto.nl\/de\/produkt\/mucho-gusto-schal-burano-small-silver-grace\/#breadcrumb\"},\"inLanguage\":\"de-DE\",\"potentialAction\":[{\"@type\":\"ReadAction\",\"target\":[\"https:\/\/muchogusto.nl\/de\/produkt\/mucho-gusto-schal-burano-small-silver-grace\/\"]}]},{\"@type\":\"ImageObject\",\"inLanguage\":\"de-DE\",\"@id\":\"https:\/\/muchogusto.nl\/de\/produkt\/mucho-gusto-schal-burano-small-silver-grace\/#primaryimage\",\"url\":\"https:\/\/muchogusto.nl\/wp-content\/uploads\/2025\/10\/Ontwerp-zonder-titel-4-scaled.jpg\",\"contentUrl\":\"https:\/\/muchogusto.nl\/wp-content\/uploads\/2025\/10\/Ontwerp-zonder-titel-4-scaled.jpg\",\"width\":1920,\"height\":2560,\"caption\":\"MUCHO GUSTO\u00ae Scarf Burano Small Silver Grace\"},{\"@type\":\"BreadcrumbList\",\"@id\":\"https:\/\/muchogusto.nl\/de\/produkt\/mucho-gusto-schal-burano-small-silver-grace\/#breadcrumb\",\"itemListElement\":[{\"@type\":\"ListItem\",\"position\":1,\"name\":\"Home\",\"item\":\"https:\/\/muchogusto.nl\/de\/\"},{\"@type\":\"ListItem\",\"position\":2,\"name\":\"Shop\",\"item\":\"https:\/\/muchogusto.nl\/de\/shop-2\/\"},{\"@type\":\"ListItem\",\"position\":3,\"name\":\"MUCHO GUSTO\u00ae Schal Burano Small Silver Grace\"}]},{\"@type\":\"WebSite\",\"@id\":\"https:\/\/muchogusto.nl\/#website\",\"url\":\"https:\/\/muchogusto.nl\/\",\"name\":\"muchogusto.nl\",\"description\":\"\",\"publisher\":{\"@id\":\"https:\/\/muchogusto.nl\/#organization\"},\"potentialAction\":[{\"@type\":\"SearchAction\",\"target\":{\"@type\":\"EntryPoint\",\"urlTemplate\":\"https:\/\/muchogusto.nl\/?s={search_term_string}\"},\"query-input\":{\"@type\":\"PropertyValueSpecification\",\"valueRequired\":true,\"valueName\":\"search_term_string\"}}],\"inLanguage\":\"de-DE\"},{\"@type\":\"Organization\",\"@id\":\"https:\/\/muchogusto.nl\/#organization\",\"name\":\"Mucho Gusto\",\"url\":\"https:\/\/muchogusto.nl\/\",\"logo\":{\"@type\":\"ImageObject\",\"inLanguage\":\"de-DE\",\"@id\":\"https:\/\/muchogusto.nl\/#\/schema\/logo\/image\/\",\"url\":\"https:\/\/muchogusto.nl\/wp-content\/uploads\/2022\/08\/logo_header.svg\",\"contentUrl\":\"https:\/\/muchogusto.nl\/wp-content\/uploads\/2022\/08\/logo_header.svg\",\"caption\":\"Mucho Gusto\"},\"image\":{\"@id\":\"https:\/\/muchogusto.nl\/#\/schema\/logo\/image\/\"},\"sameAs\":[\"https:\/\/www.facebook.com\/muchogusto.nl\/\",\"https:\/\/www.instagram.com\/muchogusto.nl\/\"]}]}<\/script>\n<!-- \/ Yoast SEO Premium plugin. -->","yoast_head_json":{"title":"MUCHO GUSTO\u00ae Schal Burano Small Silver Grace - Mucho Gusto","description":"MUCHO GUSTO Schal Burano \u2013 luxuri\u00f6ses 100% Seidentuch mit grauem und silbernem Ornamentmuster. Dutch Design.","robots":{"index":"index","follow":"follow","max-snippet":"max-snippet:-1","max-image-preview":"max-image-preview:large","max-video-preview":"max-video-preview:-1"},"canonical":"https:\/\/muchogusto.nl\/de\/produkt\/mucho-gusto-schal-burano-small-silver-grace\/","og_locale":"de_DE","og_type":"article","og_title":"MUCHO GUSTO\u00ae Schal Burano Small Silver Grace","og_description":"MUCHO GUSTO Schal Burano \u2013 luxuri\u00f6ses 100% Seidentuch mit grauem und silbernem Ornamentmuster. Dutch Design.","og_url":"https:\/\/muchogusto.nl\/de\/produkt\/mucho-gusto-schal-burano-small-silver-grace\/","og_site_name":"Mucho Gusto","article_publisher":"https:\/\/www.facebook.com\/muchogusto.nl\/","article_modified_time":"2026-03-02T11:02:38+00:00","og_image":[{"width":1920,"height":2560,"url":"http:\/\/muchogusto.nl\/wp-content\/uploads\/2025\/10\/Ontwerp-zonder-titel-4-scaled.jpg","type":"image\/jpeg"}],"twitter_card":"summary_large_image","twitter_misc":{"Est. reading time":"2 minutes"},"schema":{"@context":"https:\/\/schema.org","@graph":[{"@type":"WebPage","@id":"https:\/\/muchogusto.nl\/de\/produkt\/mucho-gusto-schal-burano-small-silver-grace\/","url":"https:\/\/muchogusto.nl\/de\/produkt\/mucho-gusto-schal-burano-small-silver-grace\/","name":"MUCHO GUSTO\u00ae Schal Burano Small Silver Grace - Mucho Gusto","isPartOf":{"@id":"https:\/\/muchogusto.nl\/#website"},"primaryImageOfPage":{"@id":"https:\/\/muchogusto.nl\/de\/produkt\/mucho-gusto-schal-burano-small-silver-grace\/#primaryimage"},"image":{"@id":"https:\/\/muchogusto.nl\/de\/produkt\/mucho-gusto-schal-burano-small-silver-grace\/#primaryimage"},"thumbnailUrl":"https:\/\/muchogusto.nl\/wp-content\/uploads\/2025\/10\/Ontwerp-zonder-titel-4-scaled.jpg","datePublished":"2025-10-09T12:42:27+00:00","dateModified":"2026-03-02T11:02:38+00:00","description":"MUCHO GUSTO Schal Burano \u2013 luxuri\u00f6ses 100% Seidentuch mit grauem und silbernem Ornamentmuster. Dutch Design.","breadcrumb":{"@id":"https:\/\/muchogusto.nl\/de\/produkt\/mucho-gusto-schal-burano-small-silver-grace\/#breadcrumb"},"inLanguage":"de-DE","potentialAction":[{"@type":"ReadAction","target":["https:\/\/muchogusto.nl\/de\/produkt\/mucho-gusto-schal-burano-small-silver-grace\/"]}]},{"@type":"ImageObject","inLanguage":"de-DE","@id":"https:\/\/muchogusto.nl\/de\/produkt\/mucho-gusto-schal-burano-small-silver-grace\/#primaryimage","url":"https:\/\/muchogusto.nl\/wp-content\/uploads\/2025\/10\/Ontwerp-zonder-titel-4-scaled.jpg","contentUrl":"https:\/\/muchogusto.nl\/wp-content\/uploads\/2025\/10\/Ontwerp-zonder-titel-4-scaled.jpg","width":1920,"height":2560,"caption":"MUCHO GUSTO\u00ae Scarf Burano Small Silver Grace"},{"@type":"BreadcrumbList","@id":"https:\/\/muchogusto.nl\/de\/produkt\/mucho-gusto-schal-burano-small-silver-grace\/#breadcrumb","itemListElement":[{"@type":"ListItem","position":1,"name":"Home","item":"https:\/\/muchogusto.nl\/de\/"},{"@type":"ListItem","position":2,"name":"Shop","item":"https:\/\/muchogusto.nl\/de\/shop-2\/"},{"@type":"ListItem","position":3,"name":"MUCHO GUSTO\u00ae Schal Burano Small Silver Grace"}]},{"@type":"WebSite","@id":"https:\/\/muchogusto.nl\/#website","url":"https:\/\/muchogusto.nl\/","name":"muchogusto.nl","description":"","publisher":{"@id":"https:\/\/muchogusto.nl\/#organization"},"potentialAction":[{"@type":"SearchAction","target":{"@type":"EntryPoint","urlTemplate":"https:\/\/muchogusto.nl\/?s={search_term_string}"},"query-input":{"@type":"PropertyValueSpecification","valueRequired":true,"valueName":"search_term_string"}}],"inLanguage":"de-DE"},{"@type":"Organization","@id":"https:\/\/muchogusto.nl\/#organization","name":"Mucho Gusto","url":"https:\/\/muchogusto.nl\/","logo":{"@type":"ImageObject","inLanguage":"de-DE","@id":"https:\/\/muchogusto.nl\/#\/schema\/logo\/image\/","url":"https:\/\/muchogusto.nl\/wp-content\/uploads\/2022\/08\/logo_header.svg","contentUrl":"https:\/\/muchogusto.nl\/wp-content\/uploads\/2022\/08\/logo_header.svg","caption":"Mucho Gusto"},"image":{"@id":"https:\/\/muchogusto.nl\/#\/schema\/logo\/image\/"},"sameAs":["https:\/\/www.facebook.com\/muchogusto.nl\/","https:\/\/www.instagram.com\/muchogusto.nl\/"]}]}},"_links":{"self":[{"href":"https:\/\/muchogusto.nl\/de\/wp-json\/wp\/v2\/product\/50698","targetHints":{"allow":["GET"]}}],"collection":[{"href":"https:\/\/muchogusto.nl\/de\/wp-json\/wp\/v2\/product"}],"about":[{"href":"https:\/\/muchogusto.nl\/de\/wp-json\/wp\/v2\/types\/product"}],"replies":[{"embeddable":true,"href":"https:\/\/muchogusto.nl\/de\/wp-json\/wp\/v2\/comments?post=50698"}],"wp:featuredmedia":[{"embeddable":true,"href":"https:\/\/muchogusto.nl\/de\/wp-json\/wp\/v2\/media\/50690"}],"wp:attachment":[{"href":"https:\/\/muchogusto.nl\/de\/wp-json\/wp\/v2\/media?parent=50698"}],"wp:term":[{"taxonomy":"product_brand","embeddable":true,"href":"https:\/\/muchogusto.nl\/de\/wp-json\/wp\/v2\/product_brand?post=50698"},{"taxonomy":"product_cat","embeddable":true,"href":"https:\/\/muchogusto.nl\/de\/wp-json\/wp\/v2\/product_cat?post=50698"},{"taxonomy":"product_tag","embeddable":true,"href":"https:\/\/muchogusto.nl\/de\/wp-json\/wp\/v2\/product_tag?post=50698"}],"curies":[{"name":"wp","href":"https:\/\/api.w.org\/{rel}","templated":true}]}}